{"id":8644,"date":"2024-12-16T15:56:00","date_gmt":"2024-12-16T15:56:00","guid":{"rendered":"https:\/\/p682793.webspaceconfig.de\/references\/"},"modified":"2025-03-21T20:03:53","modified_gmt":"2025-03-21T20:03:53","slug":"references","status":"publish","type":"page","link":"https:\/\/generalovernight.ch\/fr\/a-propos-de-nous\/references\/","title":{"rendered":"R\u00e9f\u00e9rences"},"content":{"rendered":"\t\t<div data-elementor-type=\"wp-page\" data-elementor-id=\"8644\" class=\"elementor elementor-8644 elementor-6625\" data-elementor-post-type=\"page\">\n\t\t\t\t<div class=\"elementor-element elementor-element-972e46d e-flex e-con-boxed e-con e-parent\" data-id=\"972e46d\" data-element_type=\"container\" data-e-type=\"container\" data-settings=\"{&quot;jet_parallax_layout_list&quot;:[]}\">\n\t\t\t\t\t<div class=\"e-con-inner\">\n\t\t\t\t<div class=\"elementor-element elementor-element-51569d9 elementor-widget elementor-widget-heading\" data-id=\"51569d9\" data-element_type=\"widget\" data-e-type=\"widget\" data-widget_type=\"heading.default\">\n\t\t\t\t<div class=\"elementor-widget-container\">\n\t\t\t\t\t<h1 class=\"elementor-heading-title elementor-size-default\">Une logistique sur mesure \u00e0 consulter.<br>Nos r\u00e9f\u00e9rences<\/h1>\t\t\t\t<\/div>\n\t\t\t\t<\/div>\n\t\t\t\t<div class=\"elementor-element elementor-element-d184942 elementor-widget elementor-widget-spacer\" data-id=\"d184942\" data-element_type=\"widget\" data-e-type=\"widget\" data-widget_type=\"spacer.default\">\n\t\t\t\t<div class=\"elementor-widget-container\">\n\t\t\t\t\t\t\t<div class=\"elementor-spacer\">\n\t\t\t<div class=\"elementor-spacer-inner\"><\/div>\n\t\t<\/div>\n\t\t\t\t\t\t<\/div>\n\t\t\t\t<\/div>\n\t\t\t\t<div class=\"elementor-element elementor-element-cabd589 elementor-widget elementor-widget-text-editor\" data-id=\"cabd589\" data-element_type=\"widget\" data-e-type=\"widget\" data-widget_type=\"text-editor.default\">\n\t\t\t\t<div class=\"elementor-widget-container\">\n\t\t\t\t\t\t\t\t\tDans la mission et la culture d&rsquo;entreprise de GO !, les clients occupent une place particuli\u00e8re. Apr\u00e8s tout, les exigences des clients en mati\u00e8re d&rsquo;exp\u00e9dition express et de nombreux services suppl\u00e9mentaires \u00e0 valeur ajout\u00e9e sont de plus en plus complexes &#8211; une cons\u00e9quence de la mondialisation et de la num\u00e9risation de ces derni\u00e8res ann\u00e9es. \t\t\t\t\t\t\t\t<\/div>\n\t\t\t\t<\/div>\n\t\t\t\t\t<\/div>\n\t\t\t\t<\/div>\n\t\t<div class=\"elementor-element elementor-element-14ec70e e-grid e-con-boxed e-con e-parent\" data-id=\"14ec70e\" data-element_type=\"container\" data-e-type=\"container\" data-settings=\"{&quot;jet_parallax_layout_list&quot;:[]}\">\n\t\t\t\t\t<div class=\"e-con-inner\">\n\t\t<div class=\"elementor-element elementor-element-d179494 e-con-full e-flex e-con e-child\" data-id=\"d179494\" data-element_type=\"container\" data-e-type=\"container\" data-settings=\"{&quot;jet_parallax_layout_list&quot;:[],&quot;background_background&quot;:&quot;classic&quot;}\">\n\t\t<div class=\"elementor-element elementor-element-d77f32c e-con-full e-flex e-con e-child\" data-id=\"d77f32c\" data-element_type=\"container\" data-e-type=\"container\" data-settings=\"{&quot;background_background&quot;:&quot;classic&quot;,&quot;jet_parallax_layout_list&quot;:[]}\">\n\t\t\t\t<div class=\"elementor-element elementor-element-a8b408a elementor-widget elementor-widget-text-editor\" data-id=\"a8b408a\" data-element_type=\"widget\" data-e-type=\"widget\" data-widget_type=\"text-editor.default\">\n\t\t\t\t<div class=\"elementor-widget-container\">\n\t\t\t\t\t\t\t\t\t<p>Pour obtenir un taux de satisfaction et de recommandation \u00e9lev\u00e9 et d\u00e9montrable et le maintenir, la proximit\u00e9, la comp\u00e9tence et la fiabilit\u00e9 sont essentielles. Pour ce faire, GO ! Express &amp; Logistics optimise en permanence les nombreux leviers de l&rsquo;ensemble de l&rsquo;entreprise.  <\/p><p>Chaque secteur de march\u00e9 se caract\u00e9rise par des exigences tr\u00e8s sp\u00e9cifiques en mati\u00e8re de transport et de logistique. C&rsquo;est pourquoi, en plus d&rsquo;un respect absolu des d\u00e9lais, d&rsquo;une s\u00e9curit\u00e9 maximale et d&rsquo;une disponibilit\u00e9 24 heures sur 24, nous proposons des solutions d&rsquo;exp\u00e9dition sur mesure pour de nombreux secteurs. Des solutions logistiques sur mesure pour des secteurs d&rsquo;activit\u00e9 qui vous procurent des avantages \u00e9vidents face \u00e0 la concurrence et accompagnent le d\u00e9veloppement de votre entreprise.  <\/p>\t\t\t\t\t\t\t\t<\/div>\n\t\t\t\t<\/div>\n\t\t\t\t<\/div>\n\t\t\t\t<\/div>\n\t\t\t\t<div class=\"elementor-element elementor-element-6166e47 elementor-widget elementor-widget-image\" data-id=\"6166e47\" data-element_type=\"widget\" data-e-type=\"widget\" data-widget_type=\"image.default\">\n\t\t\t\t<div class=\"elementor-widget-container\">\n\t\t\t\t\t\t\t\t\t\t\t\t\t\t\t<img fetchpriority=\"high\" decoding=\"async\" width=\"800\" height=\"534\" src=\"https:\/\/generalovernight.ch\/wp-content\/uploads\/2024\/12\/GO-Ueberland_Feld-Uebergabe-3-CH_haas2-1024x683.jpg\" class=\"attachment-large size-large wp-image-9113\" alt=\"\" srcset=\"https:\/\/generalovernight.ch\/wp-content\/uploads\/2024\/12\/GO-Ueberland_Feld-Uebergabe-3-CH_haas2-1024x683.jpg 1024w, https:\/\/generalovernight.ch\/wp-content\/uploads\/2024\/12\/GO-Ueberland_Feld-Uebergabe-3-CH_haas2-300x200.jpg 300w, https:\/\/generalovernight.ch\/wp-content\/uploads\/2024\/12\/GO-Ueberland_Feld-Uebergabe-3-CH_haas2-768x512.jpg 768w, https:\/\/generalovernight.ch\/wp-content\/uploads\/2024\/12\/GO-Ueberland_Feld-Uebergabe-3-CH_haas2-1536x1024.jpg 1536w, https:\/\/generalovernight.ch\/wp-content\/uploads\/2024\/12\/GO-Ueberland_Feld-Uebergabe-3-CH_haas2.jpg 1800w\" sizes=\"(max-width: 800px) 100vw, 800px\" \/>\t\t\t\t\t\t\t\t\t\t\t\t\t\t\t<\/div>\n\t\t\t\t<\/div>\n\t\t\t\t\t<\/div>\n\t\t\t\t<\/div>\n\t\t\t\t<\/div>\n\t\t","protected":false},"excerpt":{"rendered":"<p>Une logistique sur mesure \u00e0 consulter.Nos r\u00e9f\u00e9rences Dans la mission et la culture d&rsquo;entreprise de GO !, les clients occupent une place particuli\u00e8re. Apr\u00e8s tout, les exigences des clients en mati\u00e8re d&rsquo;exp\u00e9dition express et de nombreux services suppl\u00e9mentaires \u00e0 valeur ajout\u00e9e sont de plus en plus complexes &#8211; une cons\u00e9quence de la mondialisation et de [&hellip;]<\/p>\n","protected":false},"author":8,"featured_media":0,"parent":9496,"menu_order":0,"comment_status":"closed","ping_status":"closed","template":"","meta":{"_monsterinsights_skip_tracking":false,"_monsterinsights_sitenote_active":false,"_monsterinsights_sitenote_note":"","_monsterinsights_sitenote_category":0,"footnotes":""},"class_list":["post-8644","page","type-page","status-publish","hentry"],"yoast_head":"<!-- This site is optimized with the Yoast SEO plugin v27.2 - https:\/\/yoast.com\/product\/yoast-seo-wordpress\/ -->\n<title>R\u00e9f\u00e9rences - GO! Express &amp; Logistics<\/title>\n<meta name=\"robots\" content=\"index, follow, max-snippet:-1, max-image-preview:large, max-video-preview:-1\" \/>\n<link rel=\"canonical\" href=\"https:\/\/generalovernight.ch\/fr\/a-propos-de-nous\/references\/\" \/>\n<meta property=\"og:locale\" content=\"fr_FR\" \/>\n<meta property=\"og:type\" content=\"article\" \/>\n<meta property=\"og:title\" content=\"R\u00e9f\u00e9rences - GO! Express &amp; Logistics\" \/>\n<meta property=\"og:description\" content=\"Une logistique sur mesure \u00e0 consulter.Nos r\u00e9f\u00e9rences Dans la mission et la culture d&rsquo;entreprise de GO !, les clients occupent une place particuli\u00e8re. Apr\u00e8s tout, les exigences des clients en mati\u00e8re d&rsquo;exp\u00e9dition express et de nombreux services suppl\u00e9mentaires \u00e0 valeur ajout\u00e9e sont de plus en plus complexes &#8211; une cons\u00e9quence de la mondialisation et de [&hellip;]\" \/>\n<meta property=\"og:url\" content=\"https:\/\/generalovernight.ch\/fr\/a-propos-de-nous\/references\/\" \/>\n<meta property=\"og:site_name\" content=\"GO! Express &amp; Logistics\" \/>\n<meta property=\"article:modified_time\" content=\"2025-03-21T20:03:53+00:00\" \/>\n<meta property=\"og:image\" content=\"https:\/\/p682793.webspaceconfig.de\/wp-content\/uploads\/2024\/12\/GO-Ueberland_Feld-Uebergabe-3-CH_haas2-1024x683.jpg\" \/>\n<meta name=\"twitter:card\" content=\"summary_large_image\" \/>\n<meta name=\"twitter:label1\" content=\"Dur\u00e9e de lecture estim\u00e9e\" \/>\n\t<meta name=\"twitter:data1\" content=\"1 minute\" \/>\n<script type=\"application\/ld+json\" class=\"yoast-schema-graph\">{\"@context\":\"https:\/\/schema.org\",\"@graph\":[{\"@type\":\"WebPage\",\"@id\":\"https:\/\/generalovernight.ch\/fr\/a-propos-de-nous\/references\/\",\"url\":\"https:\/\/generalovernight.ch\/fr\/a-propos-de-nous\/references\/\",\"name\":\"R\u00e9f\u00e9rences - GO! Express &amp; Logistics\",\"isPartOf\":{\"@id\":\"https:\/\/generalovernight.ch\/fr\/#website\"},\"primaryImageOfPage\":{\"@id\":\"https:\/\/generalovernight.ch\/fr\/a-propos-de-nous\/references\/#primaryimage\"},\"image\":{\"@id\":\"https:\/\/generalovernight.ch\/fr\/a-propos-de-nous\/references\/#primaryimage\"},\"thumbnailUrl\":\"https:\/\/p682793.webspaceconfig.de\/wp-content\/uploads\/2024\/12\/GO-Ueberland_Feld-Uebergabe-3-CH_haas2-1024x683.jpg\",\"datePublished\":\"2024-12-16T15:56:00+00:00\",\"dateModified\":\"2025-03-21T20:03:53+00:00\",\"breadcrumb\":{\"@id\":\"https:\/\/generalovernight.ch\/fr\/a-propos-de-nous\/references\/#breadcrumb\"},\"inLanguage\":\"fr-FR\",\"potentialAction\":[{\"@type\":\"ReadAction\",\"target\":[\"https:\/\/generalovernight.ch\/fr\/a-propos-de-nous\/references\/\"]}]},{\"@type\":\"ImageObject\",\"inLanguage\":\"fr-FR\",\"@id\":\"https:\/\/generalovernight.ch\/fr\/a-propos-de-nous\/references\/#primaryimage\",\"url\":\"https:\/\/p682793.webspaceconfig.de\/wp-content\/uploads\/2024\/12\/GO-Ueberland_Feld-Uebergabe-3-CH_haas2-1024x683.jpg\",\"contentUrl\":\"https:\/\/p682793.webspaceconfig.de\/wp-content\/uploads\/2024\/12\/GO-Ueberland_Feld-Uebergabe-3-CH_haas2-1024x683.jpg\"},{\"@type\":\"BreadcrumbList\",\"@id\":\"https:\/\/generalovernight.ch\/fr\/a-propos-de-nous\/references\/#breadcrumb\",\"itemListElement\":[{\"@type\":\"ListItem\",\"position\":1,\"name\":\"Startseite\",\"item\":\"https:\/\/generalovernight.ch\/fr\/\"},{\"@type\":\"ListItem\",\"position\":2,\"name\":\"\u00c0 propos de nous\",\"item\":\"https:\/\/generalovernight.ch\/fr\/a-propos-de-nous\/\"},{\"@type\":\"ListItem\",\"position\":3,\"name\":\"R\u00e9f\u00e9rences\"}]},{\"@type\":\"WebSite\",\"@id\":\"https:\/\/generalovernight.ch\/fr\/#website\",\"url\":\"https:\/\/generalovernight.ch\/fr\/\",\"name\":\"GO! Express &amp; Logistics\",\"description\":\"\",\"potentialAction\":[{\"@type\":\"SearchAction\",\"target\":{\"@type\":\"EntryPoint\",\"urlTemplate\":\"https:\/\/generalovernight.ch\/fr\/?s={search_term_string}\"},\"query-input\":{\"@type\":\"PropertyValueSpecification\",\"valueRequired\":true,\"valueName\":\"search_term_string\"}}],\"inLanguage\":\"fr-FR\"}]}<\/script>\n<!-- \/ Yoast SEO plugin. -->","yoast_head_json":{"title":"R\u00e9f\u00e9rences - GO! Express &amp; Logistics","robots":{"index":"index","follow":"follow","max-snippet":"max-snippet:-1","max-image-preview":"max-image-preview:large","max-video-preview":"max-video-preview:-1"},"canonical":"https:\/\/generalovernight.ch\/fr\/a-propos-de-nous\/references\/","og_locale":"fr_FR","og_type":"article","og_title":"R\u00e9f\u00e9rences - GO! Express &amp; Logistics","og_description":"Une logistique sur mesure \u00e0 consulter.Nos r\u00e9f\u00e9rences Dans la mission et la culture d&rsquo;entreprise de GO !, les clients occupent une place particuli\u00e8re. Apr\u00e8s tout, les exigences des clients en mati\u00e8re d&rsquo;exp\u00e9dition express et de nombreux services suppl\u00e9mentaires \u00e0 valeur ajout\u00e9e sont de plus en plus complexes &#8211; une cons\u00e9quence de la mondialisation et de [&hellip;]","og_url":"https:\/\/generalovernight.ch\/fr\/a-propos-de-nous\/references\/","og_site_name":"GO! Express &amp; Logistics","article_modified_time":"2025-03-21T20:03:53+00:00","og_image":[{"url":"https:\/\/p682793.webspaceconfig.de\/wp-content\/uploads\/2024\/12\/GO-Ueberland_Feld-Uebergabe-3-CH_haas2-1024x683.jpg","type":"","width":"","height":""}],"twitter_card":"summary_large_image","twitter_misc":{"Dur\u00e9e de lecture estim\u00e9e":"1 minute"},"schema":{"@context":"https:\/\/schema.org","@graph":[{"@type":"WebPage","@id":"https:\/\/generalovernight.ch\/fr\/a-propos-de-nous\/references\/","url":"https:\/\/generalovernight.ch\/fr\/a-propos-de-nous\/references\/","name":"R\u00e9f\u00e9rences - GO! Express &amp; Logistics","isPartOf":{"@id":"https:\/\/generalovernight.ch\/fr\/#website"},"primaryImageOfPage":{"@id":"https:\/\/generalovernight.ch\/fr\/a-propos-de-nous\/references\/#primaryimage"},"image":{"@id":"https:\/\/generalovernight.ch\/fr\/a-propos-de-nous\/references\/#primaryimage"},"thumbnailUrl":"https:\/\/p682793.webspaceconfig.de\/wp-content\/uploads\/2024\/12\/GO-Ueberland_Feld-Uebergabe-3-CH_haas2-1024x683.jpg","datePublished":"2024-12-16T15:56:00+00:00","dateModified":"2025-03-21T20:03:53+00:00","breadcrumb":{"@id":"https:\/\/generalovernight.ch\/fr\/a-propos-de-nous\/references\/#breadcrumb"},"inLanguage":"fr-FR","potentialAction":[{"@type":"ReadAction","target":["https:\/\/generalovernight.ch\/fr\/a-propos-de-nous\/references\/"]}]},{"@type":"ImageObject","inLanguage":"fr-FR","@id":"https:\/\/generalovernight.ch\/fr\/a-propos-de-nous\/references\/#primaryimage","url":"https:\/\/p682793.webspaceconfig.de\/wp-content\/uploads\/2024\/12\/GO-Ueberland_Feld-Uebergabe-3-CH_haas2-1024x683.jpg","contentUrl":"https:\/\/p682793.webspaceconfig.de\/wp-content\/uploads\/2024\/12\/GO-Ueberland_Feld-Uebergabe-3-CH_haas2-1024x683.jpg"},{"@type":"BreadcrumbList","@id":"https:\/\/generalovernight.ch\/fr\/a-propos-de-nous\/references\/#breadcrumb","itemListElement":[{"@type":"ListItem","position":1,"name":"Startseite","item":"https:\/\/generalovernight.ch\/fr\/"},{"@type":"ListItem","position":2,"name":"\u00c0 propos de nous","item":"https:\/\/generalovernight.ch\/fr\/a-propos-de-nous\/"},{"@type":"ListItem","position":3,"name":"R\u00e9f\u00e9rences"}]},{"@type":"WebSite","@id":"https:\/\/generalovernight.ch\/fr\/#website","url":"https:\/\/generalovernight.ch\/fr\/","name":"GO! Express &amp; Logistics","description":"","potentialAction":[{"@type":"SearchAction","target":{"@type":"EntryPoint","urlTemplate":"https:\/\/generalovernight.ch\/fr\/?s={search_term_string}"},"query-input":{"@type":"PropertyValueSpecification","valueRequired":true,"valueName":"search_term_string"}}],"inLanguage":"fr-FR"}]}},"_links":{"self":[{"href":"https:\/\/generalovernight.ch\/fr\/wp-json\/wp\/v2\/pages\/8644","targetHints":{"allow":["GET"]}}],"collection":[{"href":"https:\/\/generalovernight.ch\/fr\/wp-json\/wp\/v2\/pages"}],"about":[{"href":"https:\/\/generalovernight.ch\/fr\/wp-json\/wp\/v2\/types\/page"}],"author":[{"embeddable":true,"href":"https:\/\/generalovernight.ch\/fr\/wp-json\/wp\/v2\/users\/8"}],"replies":[{"embeddable":true,"href":"https:\/\/generalovernight.ch\/fr\/wp-json\/wp\/v2\/comments?post=8644"}],"version-history":[{"count":2,"href":"https:\/\/generalovernight.ch\/fr\/wp-json\/wp\/v2\/pages\/8644\/revisions"}],"predecessor-version":[{"id":8648,"href":"https:\/\/generalovernight.ch\/fr\/wp-json\/wp\/v2\/pages\/8644\/revisions\/8648"}],"up":[{"embeddable":true,"href":"https:\/\/generalovernight.ch\/fr\/wp-json\/wp\/v2\/pages\/9496"}],"wp:attachment":[{"href":"https:\/\/generalovernight.ch\/fr\/wp-json\/wp\/v2\/media?parent=8644"}],"curies":[{"name":"wp","href":"https:\/\/api.w.org\/{rel}","templated":true}]}}