{"id":8655,"date":"2024-12-16T15:55:51","date_gmt":"2024-12-16T14:55:51","guid":{"rendered":"https:\/\/p682793.webspaceconfig.de\/supplement-carburant\/"},"modified":"2026-04-02T10:02:58","modified_gmt":"2026-04-02T08:02:58","slug":"supplement-carburant","status":"publish","type":"page","link":"https:\/\/generalovernight.ch\/fr\/supplement-carburant\/","title":{"rendered":"Suppl\u00e9ment carburant"},"content":{"rendered":"\t\t<div data-elementor-type=\"wp-page\" data-elementor-id=\"8655\" class=\"elementor elementor-8655 elementor-6624\" data-elementor-post-type=\"page\">\n\t\t\t\t<div class=\"elementor-element elementor-element-30ea95a e-grid e-con-boxed e-con e-parent\" data-id=\"30ea95a\" data-element_type=\"container\" data-e-type=\"container\" data-settings=\"{&quot;jet_parallax_layout_list&quot;:[]}\">\n\t\t\t\t\t<div class=\"e-con-inner\">\n\t\t<div class=\"elementor-element elementor-element-2447d56 e-con-full e-flex e-con e-child\" data-id=\"2447d56\" data-element_type=\"container\" data-e-type=\"container\" data-settings=\"{&quot;jet_parallax_layout_list&quot;:[],&quot;background_background&quot;:&quot;classic&quot;}\">\n\t\t<div class=\"elementor-element elementor-element-3e6db65 e-con-full e-flex e-con e-child\" data-id=\"3e6db65\" data-element_type=\"container\" data-e-type=\"container\" data-settings=\"{&quot;background_background&quot;:&quot;classic&quot;,&quot;jet_parallax_layout_list&quot;:[]}\">\n\t\t\t\t<div class=\"elementor-element elementor-element-5436aa9 elementor-widget elementor-widget-heading\" data-id=\"5436aa9\" data-element_type=\"widget\" data-e-type=\"widget\" data-widget_type=\"heading.default\">\n\t\t\t\t<div class=\"elementor-widget-container\">\n\t\t\t\t\t<h1 class=\"elementor-heading-title elementor-size-default\">Suppl\u00e9ment carburant<\/h1>\t\t\t\t<\/div>\n\t\t\t\t<\/div>\n\t\t\t\t<div class=\"elementor-element elementor-element-ce5f22a elementor-widget elementor-widget-heading\" data-id=\"ce5f22a\" data-element_type=\"widget\" data-e-type=\"widget\" data-widget_type=\"heading.default\">\n\t\t\t\t<div class=\"elementor-widget-container\">\n\t\t\t\t\t<h2 class=\"elementor-heading-title elementor-size-default\">La surcharge carburant nationale et internationale<\/h2>\t\t\t\t<\/div>\n\t\t\t\t<\/div>\n\t\t\t\t<div class=\"elementor-element elementor-element-ee9003f elementor-widget elementor-widget-text-editor\" data-id=\"ee9003f\" data-element_type=\"widget\" data-e-type=\"widget\" data-widget_type=\"text-editor.default\">\n\t\t\t\t<div class=\"elementor-widget-container\">\n\t\t\t\t\t\t\t\t\t<p>GO ! EXPRESS &amp; LOGISTICS applique des surcharges carburant calcul\u00e9es mensuellement sur la base du prix moyen du gazole et du k\u00e9ros\u00e8ne. Les ajustements respectifs de la surtaxe entrent en vigueur le premier jour de chaque mois.  <\/p>\t\t\t\t\t\t\t\t<\/div>\n\t\t\t\t<\/div>\n\t\t\t\t<div class=\"elementor-element elementor-element-1e89037 elementor-widget elementor-widget-heading\" data-id=\"1e89037\" data-element_type=\"widget\" data-e-type=\"widget\" data-widget_type=\"heading.default\">\n\t\t\t\t<div class=\"elementor-widget-container\">\n\t\t\t\t\t<h2 class=\"elementor-heading-title elementor-size-default\">Base de calcul de la surtaxe carburant nationale<\/h2>\t\t\t\t<\/div>\n\t\t\t\t<\/div>\n\t\t\t\t<div class=\"elementor-element elementor-element-89686a7 elementor-widget elementor-widget-text-editor\" data-id=\"89686a7\" data-element_type=\"widget\" data-e-type=\"widget\" data-widget_type=\"text-editor.default\">\n\t\t\t\t<div class=\"elementor-widget-container\">\n\t\t\t\t\t\t\t\t\t<p>Le calcul du&nbsp;<strong>nationale sur le carburant<\/strong> est bas\u00e9e sur le prix moyen mensuel d&rsquo;un litre de diesel, calcul\u00e9 par&nbsp;<strong><a href=\"http:\/\/www.astag.ch\/\">ASTAG<\/a><\/strong> est d\u00e9termin\u00e9e. La base de donn\u00e9es actuelle peut \u00eatre &nbsp;<strong><a href=\"https:\/\/www.astag.ch\/wissen\/betriebswirtschaft\/dieselpreise\/\">-&gt; ici<\/a> <\/strong>peut \u00eatre consult\u00e9.<\/p>\t\t\t\t\t\t\t\t<\/div>\n\t\t\t\t<\/div>\n\t\t\t\t<div class=\"elementor-element elementor-element-7cd9614 elementor-widget elementor-widget-heading\" data-id=\"7cd9614\" data-element_type=\"widget\" data-e-type=\"widget\" data-widget_type=\"heading.default\">\n\t\t\t\t<div class=\"elementor-widget-container\">\n\t\t\t\t\t<h2 class=\"elementor-heading-title elementor-size-default\">Calcul de la surcharge carburant internationale<\/h2>\t\t\t\t<\/div>\n\t\t\t\t<\/div>\n\t\t\t\t<div class=\"elementor-element elementor-element-1b29e70 elementor-widget elementor-widget-text-editor\" data-id=\"1b29e70\" data-element_type=\"widget\" data-e-type=\"widget\" data-widget_type=\"text-editor.default\">\n\t\t\t\t<div class=\"elementor-widget-container\">\n\t\t\t\t\t\t\t\t\t<p>Les prix du k\u00e9ros\u00e8ne sur le march\u00e9 spot de Rotterdam, publi\u00e9s par le minist\u00e8re am\u00e9ricain de l&rsquo;\u00c9nergie <strong><a href=\"http:\/\/www.eia.gov\/\">(U.S. Department of Energy), sont publi\u00e9s.<\/a><\/strong> sont utilis\u00e9s pour calculer la <strong>surcharge carburant internationale<\/strong>. La base de donn\u00e9es la plus r\u00e9cente est disponible sur<strong> <a href=\"http:\/\/www.eia.gov\/dnav\/pet\/pet_pri_spt_s1_m.htm\">-&gt; ici<\/a> <\/strong>peut \u00eatre consult\u00e9e. <\/p>\t\t\t\t\t\t\t\t<\/div>\n\t\t\t\t<\/div>\n\t\t\t\t<\/div>\n\t\t\t\t<\/div>\n\t\t\t\t<div class=\"elementor-element elementor-element-56bdb24 elementor-widget elementor-widget-image\" data-id=\"56bdb24\" data-element_type=\"widget\" data-e-type=\"widget\" data-widget_type=\"image.default\">\n\t\t\t\t<div class=\"elementor-widget-container\">\n\t\t\t\t\t\t\t\t\t\t\t\t\t\t\t<img fetchpriority=\"high\" decoding=\"async\" width=\"800\" height=\"566\" src=\"https:\/\/generalovernight.ch\/wp-content\/uploads\/2024\/12\/GO_Caddy_Urban_ZH-scaled-1-1024x724.jpg\" class=\"attachment-large size-large wp-image-8657\" alt=\"\" srcset=\"https:\/\/generalovernight.ch\/wp-content\/uploads\/2024\/12\/GO_Caddy_Urban_ZH-scaled-1-1024x724.jpg 1024w, https:\/\/generalovernight.ch\/wp-content\/uploads\/2024\/12\/GO_Caddy_Urban_ZH-scaled-1-300x212.jpg 300w, https:\/\/generalovernight.ch\/wp-content\/uploads\/2024\/12\/GO_Caddy_Urban_ZH-scaled-1-768x543.jpg 768w, https:\/\/generalovernight.ch\/wp-content\/uploads\/2024\/12\/GO_Caddy_Urban_ZH-scaled-1-1536x1086.jpg 1536w, https:\/\/generalovernight.ch\/wp-content\/uploads\/2024\/12\/GO_Caddy_Urban_ZH-scaled-1-2048x1448.jpg 2048w\" sizes=\"(max-width: 800px) 100vw, 800px\" \/>\t\t\t\t\t\t\t\t\t\t\t\t\t\t\t<\/div>\n\t\t\t\t<\/div>\n\t\t\t\t\t<\/div>\n\t\t\t\t<\/div>\n\t\t<div class=\"elementor-element elementor-element-edf251a e-grid e-con-boxed e-con e-parent\" data-id=\"edf251a\" data-element_type=\"container\" data-e-type=\"container\" data-settings=\"{&quot;jet_parallax_layout_list&quot;:[]}\">\n\t\t\t\t\t<div class=\"e-con-inner\">\n\t\t\t\t<div class=\"elementor-element elementor-element-4c4a2e9 elementor-widget elementor-widget-jet-table\" data-id=\"4c4a2e9\" data-element_type=\"widget\" data-e-type=\"widget\" data-widget_type=\"jet-table.default\">\n\t\t\t\t<div class=\"elementor-widget-container\">\n\t\t\t\t\t<div class=\"elementor-jet-table jet-elements\">\n\t\t<div class=\"jet-table-wrapper\">\n\t\t\t<table class=\"jet-table jet-table--fa5-compat\">\n\t\t\t\t<thead class=\"jet-table__head\"><tr class=\"jet-table__head-row\"><th class=\"jet-table__cell elementor-repeater-item-4698adb jet-table__head-cell\" scope=\"col\"><div class=\"jet-table__cell-inner\"><div class=\"jet-table__cell-content\"><div class=\"jet-table__cell-text\">Suppl\u00e9ment<\/div><\/div><\/div><\/th><th class=\"jet-table__cell elementor-repeater-item-7cfb8ee jet-table__head-cell\" scope=\"col\"><div class=\"jet-table__cell-inner\"><div class=\"jet-table__cell-content\"><div class=\"jet-table__cell-text\">valable \u00e0 partir de Avril 2026<\/div><\/div><\/div><\/th><\/tr><\/thead>\n\t\t\t\t\t\t\t\t<tbody class=\"jet-table__body\"><tr class=\"jet-table__body-row elementor-repeater-item-0143b95\"><td class=\"jet-table__cell elementor-repeater-item-82b00ea jet-table__body-cell\"><div class=\"jet-table__cell-inner\"><div class=\"jet-table__cell-content\"><div class=\"jet-table__cell-text\">3%<\/div><\/div><\/div><\/td><td class=\"jet-table__cell elementor-repeater-item-95ddc02 jet-table__body-cell\"><div class=\"jet-table__cell-inner\"><div class=\"jet-table__cell-content\"><div class=\"jet-table__cell-text\">National<\/div><\/div><\/div><\/td><\/tr><tr class=\"jet-table__body-row elementor-repeater-item-73b4061\"><td class=\"jet-table__cell elementor-repeater-item-6636096 jet-table__body-cell\"><div class=\"jet-table__cell-inner\"><div class=\"jet-table__cell-content\"><div class=\"jet-table__cell-text\">41%<\/div><\/div><\/div><\/td><td class=\"jet-table__cell elementor-repeater-item-41ccf6a jet-table__body-cell\"><div class=\"jet-table__cell-inner\"><div class=\"jet-table__cell-content\"><div class=\"jet-table__cell-text\">International<\/div><\/div><\/div><\/td><\/tr><\/tbody>\n\t\t\t<\/table>\n\t\t<\/div>\n\n\t\t<\/div>\t\t\t\t<\/div>\n\t\t\t\t<\/div>\n\t\t<div class=\"elementor-element elementor-element-5b2b144 e-con-full e-flex e-con e-child\" data-id=\"5b2b144\" data-element_type=\"container\" data-e-type=\"container\" data-settings=\"{&quot;jet_parallax_layout_list&quot;:[],&quot;background_background&quot;:&quot;classic&quot;}\">\n\t\t<div class=\"elementor-element elementor-element-4ec3cdf e-con-full e-flex e-con e-child\" data-id=\"4ec3cdf\" data-element_type=\"container\" data-e-type=\"container\" data-settings=\"{&quot;background_background&quot;:&quot;classic&quot;,&quot;jet_parallax_layout_list&quot;:[]}\">\n\t\t\t\t<div class=\"elementor-element elementor-element-70032e3 elementor-widget elementor-widget-heading\" data-id=\"70032e3\" data-element_type=\"widget\" data-e-type=\"widget\" data-widget_type=\"heading.default\">\n\t\t\t\t<div class=\"elementor-widget-container\">\n\t\t\t\t\t<h2 class=\"elementor-heading-title elementor-size-default\">Facturation<\/h2>\t\t\t\t<\/div>\n\t\t\t\t<\/div>\n\t\t\t\t<div class=\"elementor-element elementor-element-e91f297 elementor-widget elementor-widget-text-editor\" data-id=\"e91f297\" data-element_type=\"widget\" data-e-type=\"widget\" data-widget_type=\"text-editor.default\">\n\t\t\t\t<div class=\"elementor-widget-container\">\n\t\t\t\t\t\t\t\t\t<p>Le suppl\u00e9ment carburant s&rsquo;applique uniquement au montant net de l&rsquo;envoi. Le suppl\u00e9ment n&rsquo;est pas appliqu\u00e9 pour les services suppl\u00e9mentaires tels que les envois contre remboursement ou les accus\u00e9s de r\u00e9ception. Le suppl\u00e9ment est appliqu\u00e9 \u00e0 chaque envoi.  <\/p>\t\t\t\t\t\t\t\t<\/div>\n\t\t\t\t<\/div>\n\t\t\t\t<div class=\"elementor-element elementor-element-711c6bd elementor-widget elementor-widget-heading\" data-id=\"711c6bd\" data-element_type=\"widget\" data-e-type=\"widget\" data-widget_type=\"heading.default\">\n\t\t\t\t<div class=\"elementor-widget-container\">\n\t\t\t\t\t<h2 class=\"elementor-heading-title elementor-size-default\">Autres<\/h2>\t\t\t\t<\/div>\n\t\t\t\t<\/div>\n\t\t\t\t<div class=\"elementor-element elementor-element-0cec2d2 elementor-widget elementor-widget-text-editor\" data-id=\"0cec2d2\" data-element_type=\"widget\" data-e-type=\"widget\" data-widget_type=\"text-editor.default\">\n\t\t\t\t<div class=\"elementor-widget-container\">\n\t\t\t\t\t\t\t\t\t<div class=\"container neos-nodetypes-text\"><div class=\"container neos-nodetypes-text\"><p>GO ! EXPRESS &amp; LOGISTICS se r\u00e9serve le droit de modifier sans pr\u00e9avis la base de calcul de la surcharge carburant ainsi que le tableau des surcharges. Les suppl\u00e9ments carburant en vigueur sont r\u00e9guli\u00e8rement publi\u00e9s sur ce site.  <\/p><\/div><\/div>\t\t\t\t\t\t\t\t<\/div>\n\t\t\t\t<\/div>\n\t\t\t\t<\/div>\n\t\t\t\t<\/div>\n\t\t\t\t\t<\/div>\n\t\t\t\t<\/div>\n\t\t\t\t<\/div>\n\t\t","protected":false},"excerpt":{"rendered":"<p>Suppl\u00e9ment carburant La surcharge carburant nationale et internationale GO ! EXPRESS &amp; LOGISTICS applique des surcharges carburant calcul\u00e9es mensuellement sur la base du prix moyen du gazole et du k\u00e9ros\u00e8ne. Les ajustements respectifs de la surtaxe entrent en vigueur le premier jour de chaque mois. Base de calcul de la surtaxe carburant nationale Le calcul [&hellip;]<\/p>\n","protected":false},"author":8,"featured_media":0,"parent":0,"menu_order":0,"comment_status":"closed","ping_status":"closed","template":"","meta":{"_monsterinsights_skip_tracking":false,"_monsterinsights_sitenote_active":false,"_monsterinsights_sitenote_note":"","_monsterinsights_sitenote_category":0,"footnotes":""},"class_list":["post-8655","page","type-page","status-publish","hentry"],"yoast_head":"<!-- This site is optimized with the Yoast SEO plugin v27.2 - https:\/\/yoast.com\/product\/yoast-seo-wordpress\/ -->\n<title>Suppl\u00e9ment carburant - GO! Express &amp; Logistics<\/title>\n<meta name=\"robots\" content=\"index, follow, max-snippet:-1, max-image-preview:large, max-video-preview:-1\" \/>\n<link rel=\"canonical\" href=\"https:\/\/generalovernight.ch\/fr\/supplement-carburant\/\" \/>\n<meta property=\"og:locale\" content=\"fr_FR\" \/>\n<meta property=\"og:type\" content=\"article\" \/>\n<meta property=\"og:title\" content=\"Suppl\u00e9ment carburant - GO! Express &amp; Logistics\" \/>\n<meta property=\"og:description\" content=\"Suppl\u00e9ment carburant La surcharge carburant nationale et internationale GO ! EXPRESS &amp; LOGISTICS applique des surcharges carburant calcul\u00e9es mensuellement sur la base du prix moyen du gazole et du k\u00e9ros\u00e8ne. Les ajustements respectifs de la surtaxe entrent en vigueur le premier jour de chaque mois. Base de calcul de la surtaxe carburant nationale Le calcul [&hellip;]\" \/>\n<meta property=\"og:url\" content=\"https:\/\/generalovernight.ch\/fr\/supplement-carburant\/\" \/>\n<meta property=\"og:site_name\" content=\"GO! Express &amp; Logistics\" \/>\n<meta property=\"article:modified_time\" content=\"2026-04-02T08:02:58+00:00\" \/>\n<meta property=\"og:image\" content=\"https:\/\/generalovernight.ch\/wp-content\/uploads\/2024\/12\/GO_Caddy_Urban_ZH-scaled-1.jpg\" \/>\n\t<meta property=\"og:image:width\" content=\"2560\" \/>\n\t<meta property=\"og:image:height\" content=\"1810\" \/>\n\t<meta property=\"og:image:type\" content=\"image\/jpeg\" \/>\n<meta name=\"twitter:card\" content=\"summary_large_image\" \/>\n<meta name=\"twitter:label1\" content=\"Dur\u00e9e de lecture estim\u00e9e\" \/>\n\t<meta name=\"twitter:data1\" content=\"2 minutes\" \/>\n<script type=\"application\/ld+json\" class=\"yoast-schema-graph\">{\"@context\":\"https:\/\/schema.org\",\"@graph\":[{\"@type\":\"WebPage\",\"@id\":\"https:\/\/generalovernight.ch\/fr\/supplement-carburant\/\",\"url\":\"https:\/\/generalovernight.ch\/fr\/supplement-carburant\/\",\"name\":\"Suppl\u00e9ment carburant - GO! Express &amp; Logistics\",\"isPartOf\":{\"@id\":\"https:\/\/generalovernight.ch\/fr\/#website\"},\"primaryImageOfPage\":{\"@id\":\"https:\/\/generalovernight.ch\/fr\/supplement-carburant\/#primaryimage\"},\"image\":{\"@id\":\"https:\/\/generalovernight.ch\/fr\/supplement-carburant\/#primaryimage\"},\"thumbnailUrl\":\"https:\/\/generalovernight.ch\/wp-content\/uploads\/2024\/12\/GO_Caddy_Urban_ZH-scaled-1-1024x724.jpg\",\"datePublished\":\"2024-12-16T14:55:51+00:00\",\"dateModified\":\"2026-04-02T08:02:58+00:00\",\"breadcrumb\":{\"@id\":\"https:\/\/generalovernight.ch\/fr\/supplement-carburant\/#breadcrumb\"},\"inLanguage\":\"fr-FR\",\"potentialAction\":[{\"@type\":\"ReadAction\",\"target\":[\"https:\/\/generalovernight.ch\/fr\/supplement-carburant\/\"]}]},{\"@type\":\"ImageObject\",\"inLanguage\":\"fr-FR\",\"@id\":\"https:\/\/generalovernight.ch\/fr\/supplement-carburant\/#primaryimage\",\"url\":\"https:\/\/generalovernight.ch\/wp-content\/uploads\/2024\/12\/GO_Caddy_Urban_ZH-scaled-1-1024x724.jpg\",\"contentUrl\":\"https:\/\/generalovernight.ch\/wp-content\/uploads\/2024\/12\/GO_Caddy_Urban_ZH-scaled-1-1024x724.jpg\"},{\"@type\":\"BreadcrumbList\",\"@id\":\"https:\/\/generalovernight.ch\/fr\/supplement-carburant\/#breadcrumb\",\"itemListElement\":[{\"@type\":\"ListItem\",\"position\":1,\"name\":\"Startseite\",\"item\":\"https:\/\/generalovernight.ch\/fr\/\"},{\"@type\":\"ListItem\",\"position\":2,\"name\":\"Suppl\u00e9ment carburant\"}]},{\"@type\":\"WebSite\",\"@id\":\"https:\/\/generalovernight.ch\/fr\/#website\",\"url\":\"https:\/\/generalovernight.ch\/fr\/\",\"name\":\"GO! Express &amp; Logistics\",\"description\":\"\",\"potentialAction\":[{\"@type\":\"SearchAction\",\"target\":{\"@type\":\"EntryPoint\",\"urlTemplate\":\"https:\/\/generalovernight.ch\/fr\/?s={search_term_string}\"},\"query-input\":{\"@type\":\"PropertyValueSpecification\",\"valueRequired\":true,\"valueName\":\"search_term_string\"}}],\"inLanguage\":\"fr-FR\"}]}<\/script>\n<!-- \/ Yoast SEO plugin. -->","yoast_head_json":{"title":"Suppl\u00e9ment carburant - GO! Express &amp; Logistics","robots":{"index":"index","follow":"follow","max-snippet":"max-snippet:-1","max-image-preview":"max-image-preview:large","max-video-preview":"max-video-preview:-1"},"canonical":"https:\/\/generalovernight.ch\/fr\/supplement-carburant\/","og_locale":"fr_FR","og_type":"article","og_title":"Suppl\u00e9ment carburant - GO! Express &amp; Logistics","og_description":"Suppl\u00e9ment carburant La surcharge carburant nationale et internationale GO ! EXPRESS &amp; LOGISTICS applique des surcharges carburant calcul\u00e9es mensuellement sur la base du prix moyen du gazole et du k\u00e9ros\u00e8ne. Les ajustements respectifs de la surtaxe entrent en vigueur le premier jour de chaque mois. Base de calcul de la surtaxe carburant nationale Le calcul [&hellip;]","og_url":"https:\/\/generalovernight.ch\/fr\/supplement-carburant\/","og_site_name":"GO! Express &amp; Logistics","article_modified_time":"2026-04-02T08:02:58+00:00","og_image":[{"width":2560,"height":1810,"url":"https:\/\/generalovernight.ch\/wp-content\/uploads\/2024\/12\/GO_Caddy_Urban_ZH-scaled-1.jpg","type":"image\/jpeg"}],"twitter_card":"summary_large_image","twitter_misc":{"Dur\u00e9e de lecture estim\u00e9e":"2 minutes"},"schema":{"@context":"https:\/\/schema.org","@graph":[{"@type":"WebPage","@id":"https:\/\/generalovernight.ch\/fr\/supplement-carburant\/","url":"https:\/\/generalovernight.ch\/fr\/supplement-carburant\/","name":"Suppl\u00e9ment carburant - GO! Express &amp; Logistics","isPartOf":{"@id":"https:\/\/generalovernight.ch\/fr\/#website"},"primaryImageOfPage":{"@id":"https:\/\/generalovernight.ch\/fr\/supplement-carburant\/#primaryimage"},"image":{"@id":"https:\/\/generalovernight.ch\/fr\/supplement-carburant\/#primaryimage"},"thumbnailUrl":"https:\/\/generalovernight.ch\/wp-content\/uploads\/2024\/12\/GO_Caddy_Urban_ZH-scaled-1-1024x724.jpg","datePublished":"2024-12-16T14:55:51+00:00","dateModified":"2026-04-02T08:02:58+00:00","breadcrumb":{"@id":"https:\/\/generalovernight.ch\/fr\/supplement-carburant\/#breadcrumb"},"inLanguage":"fr-FR","potentialAction":[{"@type":"ReadAction","target":["https:\/\/generalovernight.ch\/fr\/supplement-carburant\/"]}]},{"@type":"ImageObject","inLanguage":"fr-FR","@id":"https:\/\/generalovernight.ch\/fr\/supplement-carburant\/#primaryimage","url":"https:\/\/generalovernight.ch\/wp-content\/uploads\/2024\/12\/GO_Caddy_Urban_ZH-scaled-1-1024x724.jpg","contentUrl":"https:\/\/generalovernight.ch\/wp-content\/uploads\/2024\/12\/GO_Caddy_Urban_ZH-scaled-1-1024x724.jpg"},{"@type":"BreadcrumbList","@id":"https:\/\/generalovernight.ch\/fr\/supplement-carburant\/#breadcrumb","itemListElement":[{"@type":"ListItem","position":1,"name":"Startseite","item":"https:\/\/generalovernight.ch\/fr\/"},{"@type":"ListItem","position":2,"name":"Suppl\u00e9ment carburant"}]},{"@type":"WebSite","@id":"https:\/\/generalovernight.ch\/fr\/#website","url":"https:\/\/generalovernight.ch\/fr\/","name":"GO! Express &amp; Logistics","description":"","potentialAction":[{"@type":"SearchAction","target":{"@type":"EntryPoint","urlTemplate":"https:\/\/generalovernight.ch\/fr\/?s={search_term_string}"},"query-input":{"@type":"PropertyValueSpecification","valueRequired":true,"valueName":"search_term_string"}}],"inLanguage":"fr-FR"}]}},"_links":{"self":[{"href":"https:\/\/generalovernight.ch\/fr\/wp-json\/wp\/v2\/pages\/8655","targetHints":{"allow":["GET"]}}],"collection":[{"href":"https:\/\/generalovernight.ch\/fr\/wp-json\/wp\/v2\/pages"}],"about":[{"href":"https:\/\/generalovernight.ch\/fr\/wp-json\/wp\/v2\/types\/page"}],"author":[{"embeddable":true,"href":"https:\/\/generalovernight.ch\/fr\/wp-json\/wp\/v2\/users\/8"}],"replies":[{"embeddable":true,"href":"https:\/\/generalovernight.ch\/fr\/wp-json\/wp\/v2\/comments?post=8655"}],"version-history":[{"count":19,"href":"https:\/\/generalovernight.ch\/fr\/wp-json\/wp\/v2\/pages\/8655\/revisions"}],"predecessor-version":[{"id":11383,"href":"https:\/\/generalovernight.ch\/fr\/wp-json\/wp\/v2\/pages\/8655\/revisions\/11383"}],"wp:attachment":[{"href":"https:\/\/generalovernight.ch\/fr\/wp-json\/wp\/v2\/media?parent=8655"}],"curies":[{"name":"wp","href":"https:\/\/api.w.org\/{rel}","templated":true}]}}