{"id":8662,"date":"2024-12-16T15:56:09","date_gmt":"2024-12-16T15:56:09","guid":{"rendered":"https:\/\/p682793.webspaceconfig.de\/mentions-legales\/"},"modified":"2025-03-21T20:03:28","modified_gmt":"2025-03-21T20:03:28","slug":"mentions-legales","status":"publish","type":"page","link":"https:\/\/generalovernight.ch\/fr\/mentions-legales\/","title":{"rendered":"Mentions l\u00e9gales"},"content":{"rendered":"\t\t<div data-elementor-type=\"wp-page\" data-elementor-id=\"8662\" class=\"elementor elementor-8662 elementor-6626\" data-elementor-post-type=\"page\">\n\t\t\t\t<div class=\"elementor-element elementor-element-ed8d161 e-flex e-con-boxed e-con e-parent\" data-id=\"ed8d161\" data-element_type=\"container\" data-e-type=\"container\" data-settings=\"{&quot;jet_parallax_layout_list&quot;:[]}\">\n\t\t\t\t\t<div class=\"e-con-inner\">\n\t\t\t\t<div class=\"elementor-element elementor-element-95ef4ca elementor-widget elementor-widget-heading\" data-id=\"95ef4ca\" data-element_type=\"widget\" data-e-type=\"widget\" data-widget_type=\"heading.default\">\n\t\t\t\t<div class=\"elementor-widget-container\">\n\t\t\t\t\t<h1 class=\"elementor-heading-title elementor-size-default\">Mentions l\u00e9gales<\/h1>\t\t\t\t<\/div>\n\t\t\t\t<\/div>\n\t\t\t\t<div class=\"elementor-element elementor-element-146261c elementor-widget elementor-widget-heading\" data-id=\"146261c\" data-element_type=\"widget\" data-e-type=\"widget\" data-widget_type=\"heading.default\">\n\t\t\t\t<div class=\"elementor-widget-container\">\n\t\t\t\t\t<h2 class=\"elementor-heading-title elementor-size-default\">GO ! EXPRESS &amp; LOGISTICS (SUISSE) AG <\/h2>\t\t\t\t<\/div>\n\t\t\t\t<\/div>\n\t\t\t\t<div class=\"elementor-element elementor-element-afe69da elementor-widget elementor-widget-text-editor\" data-id=\"afe69da\" data-element_type=\"widget\" data-e-type=\"widget\" data-widget_type=\"text-editor.default\">\n\t\t\t\t<div class=\"elementor-widget-container\">\n\t\t\t\t\t\t\t\t\t<p>Mise \u00e0 jour : d\u00e9cembre 2022<\/p>\t\t\t\t\t\t\t\t<\/div>\n\t\t\t\t<\/div>\n\t\t\t\t\t<\/div>\n\t\t\t\t<\/div>\n\t\t<div class=\"elementor-element elementor-element-b97c5ae e-flex e-con-boxed e-con e-parent\" data-id=\"b97c5ae\" data-element_type=\"container\" data-e-type=\"container\" data-settings=\"{&quot;jet_parallax_layout_list&quot;:[]}\">\n\t\t\t\t\t<div class=\"e-con-inner\">\n\t\t\t\t<div class=\"elementor-element elementor-element-ba6c042 li-pad elementor-widget elementor-widget-text-editor\" data-id=\"ba6c042\" data-element_type=\"widget\" data-e-type=\"widget\" data-widget_type=\"text-editor.default\">\n\t\t\t\t<div class=\"elementor-widget-container\">\n\t\t\t\t\t\t\t\t\t<div class=\"col-12 col-md-8\"><div class=\"neos-contentcollection\"><div class=\"container neos-nodetypes-text\"><div class=\"container neos-nodetypes-text\"><div class=\"container neos-nodetypes-text\"><p>Nous vous remercions de votre visite sur notre site Web ! Toutes les informations personnelles que vous fournissez en nous contactant sont trait\u00e9es de mani\u00e8re confidentielle et ne sont utilis\u00e9es que pour vous envoyer des informations sur les produits, vous fournir un service personnalis\u00e9 ou vous proposer des offres de service. Vos donn\u00e9es peuvent \u00eatre transmises aux partenaires de GO ! aux fins susmentionn\u00e9es.<br>Nous avons apport\u00e9 le plus grand soin \u00e0 la cr\u00e9ation de ce site Web. Malgr\u00e9 des recherches approfondies, nous ne pouvons pas garantir l&rsquo;absence totale d&rsquo;erreurs. GO ! d\u00e9cline toute responsabilit\u00e9 pour tout dommage r\u00e9sultant directement ou indirectement de l&rsquo;utilisation du site, \u00e0 moins que ce dommage ne soit d\u00fb \u00e0 une action intentionnelle de GO !     <\/p><p>Toutes les images, textes et autres informations pr\u00e9sent\u00e9s ici sont soumis au copyright de GO ! General Overnight Service (Deutschland) GmbH, de ses agences et de GO ! Express &amp; Logistics (Suisse) SA. Toute diffusion, reproduction, retransmission, stockage ou envoi est express\u00e9ment interdit sans autorisation \u00e9crite pr\u00e9alable.   <\/p><p>Les fichiers image, son et texte envoy\u00e9s deviennent la propri\u00e9t\u00e9 de GO ! Express &amp; Logistics (Suisse) SA et peuvent \u00eatre utilis\u00e9s librement par cette derni\u00e8re. L&rsquo;exp\u00e9diteur c\u00e8de \u00e0 GO ! les droits d&rsquo;utilisation du mat\u00e9riel qu&rsquo;il a mis \u00e0 disposition et d\u00e9clare que ce mat\u00e9riel est authentique, qu&rsquo;il lui appartient et qu&rsquo;il est librement disponible pour la m\u00e9diation et la publicit\u00e9. Il d\u00e9clare en outre qu&rsquo;il n&rsquo;existe pas de droits de tiers sur ceux-ci, sous quelque forme que ce soit. D\u00e8s \u00e0 pr\u00e9sent, le client d\u00e9gage GO ! de tout recours de tiers \u00e0 cet \u00e9gard.    <\/p><p>Vous trouverez parfois sur ces pages des liens vers d&rsquo;autres entreprises, administrations ou personnes priv\u00e9es, pour le contenu desquelles nous d\u00e9clinons toute responsabilit\u00e9. La responsabilit\u00e9 du contenu de ces pages incombe sans exception \u00e0 l&rsquo;exploitant du site Internet concern\u00e9. <\/p><p>Nous n&rsquo;avons pas donn\u00e9 d&rsquo;autorisation g\u00e9n\u00e9rale pour la cr\u00e9ation de liens vers l&rsquo;offre de GO ! Express &amp; Logistics (Suisse) SA \u00e0 partir d&rsquo;autres fournisseurs d&rsquo;acc\u00e8s Internet. Les exceptions sont les sites Internet avec des contenus directs et sp\u00e9cialis\u00e9s, dont nous demandons aux webmasters de nous informer bri\u00e8vement. Les fournisseurs d&rsquo;acc\u00e8s Internet dont le contenu est contraire aux bonnes m\u0153urs, punissable ou politique ont l&rsquo;interdiction g\u00e9n\u00e9rale de renvoyer ou de cr\u00e9er un lien vers nos pages sous peine de poursuites p\u00e9nales et civiles.   <\/p><\/div><\/div><\/div><\/div><\/div>\t\t\t\t\t\t\t\t<\/div>\n\t\t\t\t<\/div>\n\t\t\t\t\t<\/div>\n\t\t\t\t<\/div>\n\t\t<div class=\"elementor-element elementor-element-1b3ebb6 e-flex e-con-boxed e-con e-parent\" data-id=\"1b3ebb6\" data-element_type=\"container\" data-e-type=\"container\" data-settings=\"{&quot;jet_parallax_layout_list&quot;:[]}\">\n\t\t\t\t\t<div class=\"e-con-inner\">\n\t\t\t\t<div class=\"elementor-element elementor-element-1ec89f2 elementor-widget elementor-widget-heading\" data-id=\"1ec89f2\" data-element_type=\"widget\" data-e-type=\"widget\" data-widget_type=\"heading.default\">\n\t\t\t\t<div class=\"elementor-widget-container\">\n\t\t\t\t\t<h2 class=\"elementor-heading-title elementor-size-default\">Organe de conciliation pour les litiges entre les clients et les prestataires de services postaux<\/h2>\t\t\t\t<\/div>\n\t\t\t\t<\/div>\n\t\t\t\t\t<\/div>\n\t\t\t\t<\/div>\n\t\t<div class=\"elementor-element elementor-element-25b54f5 e-flex e-con-boxed e-con e-parent\" data-id=\"25b54f5\" data-element_type=\"container\" data-e-type=\"container\" data-settings=\"{&quot;jet_parallax_layout_list&quot;:[]}\">\n\t\t\t\t\t<div class=\"e-con-inner\">\n\t\t\t\t<div class=\"elementor-element elementor-element-048e405 elementor-widget elementor-widget-text-editor\" data-id=\"048e405\" data-element_type=\"widget\" data-e-type=\"widget\" data-widget_type=\"text-editor.default\">\n\t\t\t\t<div class=\"elementor-widget-container\">\n\t\t\t\t\t\t\t\t\t<div class=\"col-12 col-md-8\"><div class=\"neos-contentcollection\"><div class=\"container neos-nodetypes-text\"><div class=\"container neos-nodetypes-text\"><div class=\"container neos-nodetypes-text\"><p>Conform\u00e9ment \u00e0 l&rsquo;actuelle ordonnance sur la poste (OPO), chapitre 6 : Surveillance, section 4 : Organe de conciliation, art. 65 et suivants, nos clients peuvent s&rsquo;adresser \u00e0 l&rsquo;organe de conciliation de Postcom pour tout litige de droit civil (lien : <a href=\"http:\/\/www.admin.ch\/opc\/de\/classified-compilation\/20112357\/index.html\" target=\"_blank\" rel=\"noopener\">ordonnance sur la poste<\/a>).<\/p><p><a href=\"http:\/\/www.ombud-postcom.ch\/\" target=\"_blank\" rel=\"noopener\">Lien Postcom<\/a><\/p><\/div><\/div><\/div><\/div><\/div>\t\t\t\t\t\t\t\t<\/div>\n\t\t\t\t<\/div>\n\t\t\t\t\t<\/div>\n\t\t\t\t<\/div>\n\t\t\t\t<\/div>\n\t\t","protected":false},"excerpt":{"rendered":"<p>Mentions l\u00e9gales GO ! EXPRESS &amp; LOGISTICS (SUISSE) AG Mise \u00e0 jour : d\u00e9cembre 2022 Nous vous remercions de votre visite sur notre site Web ! Toutes les informations personnelles que vous fournissez en nous contactant sont trait\u00e9es de mani\u00e8re confidentielle et ne sont utilis\u00e9es que pour vous envoyer des informations sur les produits, vous [&hellip;]<\/p>\n","protected":false},"author":8,"featured_media":0,"parent":0,"menu_order":0,"comment_status":"closed","ping_status":"closed","template":"","meta":{"_monsterinsights_skip_tracking":false,"_monsterinsights_sitenote_active":false,"_monsterinsights_sitenote_note":"","_monsterinsights_sitenote_category":0,"footnotes":""},"class_list":["post-8662","page","type-page","status-publish","hentry"],"yoast_head":"<!-- This site is optimized with the Yoast SEO plugin v27.2 - https:\/\/yoast.com\/product\/yoast-seo-wordpress\/ -->\n<title>Mentions l\u00e9gales - GO! Express &amp; Logistics<\/title>\n<meta name=\"robots\" content=\"index, follow, max-snippet:-1, max-image-preview:large, max-video-preview:-1\" \/>\n<link rel=\"canonical\" href=\"https:\/\/generalovernight.ch\/fr\/mentions-legales\/\" \/>\n<meta property=\"og:locale\" content=\"fr_FR\" \/>\n<meta property=\"og:type\" content=\"article\" \/>\n<meta property=\"og:title\" content=\"Mentions l\u00e9gales - GO! Express &amp; Logistics\" \/>\n<meta property=\"og:description\" content=\"Mentions l\u00e9gales GO ! EXPRESS &amp; LOGISTICS (SUISSE) AG Mise \u00e0 jour : d\u00e9cembre 2022 Nous vous remercions de votre visite sur notre site Web ! Toutes les informations personnelles que vous fournissez en nous contactant sont trait\u00e9es de mani\u00e8re confidentielle et ne sont utilis\u00e9es que pour vous envoyer des informations sur les produits, vous [&hellip;]\" \/>\n<meta property=\"og:url\" content=\"https:\/\/generalovernight.ch\/fr\/mentions-legales\/\" \/>\n<meta property=\"og:site_name\" content=\"GO! Express &amp; Logistics\" \/>\n<meta property=\"article:modified_time\" content=\"2025-03-21T20:03:28+00:00\" \/>\n<meta name=\"twitter:card\" content=\"summary_large_image\" \/>\n<meta name=\"twitter:label1\" content=\"Dur\u00e9e de lecture estim\u00e9e\" \/>\n\t<meta name=\"twitter:data1\" content=\"2 minutes\" \/>\n<script type=\"application\/ld+json\" class=\"yoast-schema-graph\">{\"@context\":\"https:\/\/schema.org\",\"@graph\":[{\"@type\":\"WebPage\",\"@id\":\"https:\/\/generalovernight.ch\/fr\/mentions-legales\/\",\"url\":\"https:\/\/generalovernight.ch\/fr\/mentions-legales\/\",\"name\":\"Mentions l\u00e9gales - GO! Express &amp; Logistics\",\"isPartOf\":{\"@id\":\"https:\/\/generalovernight.ch\/fr\/#website\"},\"datePublished\":\"2024-12-16T15:56:09+00:00\",\"dateModified\":\"2025-03-21T20:03:28+00:00\",\"breadcrumb\":{\"@id\":\"https:\/\/generalovernight.ch\/fr\/mentions-legales\/#breadcrumb\"},\"inLanguage\":\"fr-FR\",\"potentialAction\":[{\"@type\":\"ReadAction\",\"target\":[\"https:\/\/generalovernight.ch\/fr\/mentions-legales\/\"]}]},{\"@type\":\"BreadcrumbList\",\"@id\":\"https:\/\/generalovernight.ch\/fr\/mentions-legales\/#breadcrumb\",\"itemListElement\":[{\"@type\":\"ListItem\",\"position\":1,\"name\":\"Startseite\",\"item\":\"https:\/\/generalovernight.ch\/fr\/\"},{\"@type\":\"ListItem\",\"position\":2,\"name\":\"Mentions l\u00e9gales\"}]},{\"@type\":\"WebSite\",\"@id\":\"https:\/\/generalovernight.ch\/fr\/#website\",\"url\":\"https:\/\/generalovernight.ch\/fr\/\",\"name\":\"GO! Express &amp; Logistics\",\"description\":\"\",\"potentialAction\":[{\"@type\":\"SearchAction\",\"target\":{\"@type\":\"EntryPoint\",\"urlTemplate\":\"https:\/\/generalovernight.ch\/fr\/?s={search_term_string}\"},\"query-input\":{\"@type\":\"PropertyValueSpecification\",\"valueRequired\":true,\"valueName\":\"search_term_string\"}}],\"inLanguage\":\"fr-FR\"}]}<\/script>\n<!-- \/ Yoast SEO plugin. -->","yoast_head_json":{"title":"Mentions l\u00e9gales - GO! Express &amp; Logistics","robots":{"index":"index","follow":"follow","max-snippet":"max-snippet:-1","max-image-preview":"max-image-preview:large","max-video-preview":"max-video-preview:-1"},"canonical":"https:\/\/generalovernight.ch\/fr\/mentions-legales\/","og_locale":"fr_FR","og_type":"article","og_title":"Mentions l\u00e9gales - GO! Express &amp; Logistics","og_description":"Mentions l\u00e9gales GO ! EXPRESS &amp; LOGISTICS (SUISSE) AG Mise \u00e0 jour : d\u00e9cembre 2022 Nous vous remercions de votre visite sur notre site Web ! Toutes les informations personnelles que vous fournissez en nous contactant sont trait\u00e9es de mani\u00e8re confidentielle et ne sont utilis\u00e9es que pour vous envoyer des informations sur les produits, vous [&hellip;]","og_url":"https:\/\/generalovernight.ch\/fr\/mentions-legales\/","og_site_name":"GO! Express &amp; Logistics","article_modified_time":"2025-03-21T20:03:28+00:00","twitter_card":"summary_large_image","twitter_misc":{"Dur\u00e9e de lecture estim\u00e9e":"2 minutes"},"schema":{"@context":"https:\/\/schema.org","@graph":[{"@type":"WebPage","@id":"https:\/\/generalovernight.ch\/fr\/mentions-legales\/","url":"https:\/\/generalovernight.ch\/fr\/mentions-legales\/","name":"Mentions l\u00e9gales - GO! Express &amp; Logistics","isPartOf":{"@id":"https:\/\/generalovernight.ch\/fr\/#website"},"datePublished":"2024-12-16T15:56:09+00:00","dateModified":"2025-03-21T20:03:28+00:00","breadcrumb":{"@id":"https:\/\/generalovernight.ch\/fr\/mentions-legales\/#breadcrumb"},"inLanguage":"fr-FR","potentialAction":[{"@type":"ReadAction","target":["https:\/\/generalovernight.ch\/fr\/mentions-legales\/"]}]},{"@type":"BreadcrumbList","@id":"https:\/\/generalovernight.ch\/fr\/mentions-legales\/#breadcrumb","itemListElement":[{"@type":"ListItem","position":1,"name":"Startseite","item":"https:\/\/generalovernight.ch\/fr\/"},{"@type":"ListItem","position":2,"name":"Mentions l\u00e9gales"}]},{"@type":"WebSite","@id":"https:\/\/generalovernight.ch\/fr\/#website","url":"https:\/\/generalovernight.ch\/fr\/","name":"GO! Express &amp; Logistics","description":"","potentialAction":[{"@type":"SearchAction","target":{"@type":"EntryPoint","urlTemplate":"https:\/\/generalovernight.ch\/fr\/?s={search_term_string}"},"query-input":{"@type":"PropertyValueSpecification","valueRequired":true,"valueName":"search_term_string"}}],"inLanguage":"fr-FR"}]}},"_links":{"self":[{"href":"https:\/\/generalovernight.ch\/fr\/wp-json\/wp\/v2\/pages\/8662","targetHints":{"allow":["GET"]}}],"collection":[{"href":"https:\/\/generalovernight.ch\/fr\/wp-json\/wp\/v2\/pages"}],"about":[{"href":"https:\/\/generalovernight.ch\/fr\/wp-json\/wp\/v2\/types\/page"}],"author":[{"embeddable":true,"href":"https:\/\/generalovernight.ch\/fr\/wp-json\/wp\/v2\/users\/8"}],"replies":[{"embeddable":true,"href":"https:\/\/generalovernight.ch\/fr\/wp-json\/wp\/v2\/comments?post=8662"}],"version-history":[{"count":2,"href":"https:\/\/generalovernight.ch\/fr\/wp-json\/wp\/v2\/pages\/8662\/revisions"}],"predecessor-version":[{"id":8667,"href":"https:\/\/generalovernight.ch\/fr\/wp-json\/wp\/v2\/pages\/8662\/revisions\/8667"}],"wp:attachment":[{"href":"https:\/\/generalovernight.ch\/fr\/wp-json\/wp\/v2\/media?parent=8662"}],"curies":[{"name":"wp","href":"https:\/\/api.w.org\/{rel}","templated":true}]}}