{"id":8735,"date":"2024-12-16T15:58:48","date_gmt":"2024-12-16T15:58:48","guid":{"rendered":"https:\/\/p682793.webspaceconfig.de\/inscription-au-portail-client\/"},"modified":"2025-03-21T20:02:58","modified_gmt":"2025-03-21T20:02:58","slug":"inscription-au-portail-client","status":"publish","type":"page","link":"https:\/\/generalovernight.ch\/fr\/inscription-au-portail-client\/","title":{"rendered":"Inscription au portail client"},"content":{"rendered":"\t\t<div data-elementor-type=\"wp-page\" data-elementor-id=\"8735\" class=\"elementor elementor-8735 elementor-6636\" data-elementor-post-type=\"page\">\n\t\t\t\t<div class=\"elementor-element elementor-element-68c85b3 e-flex e-con-boxed e-con e-parent\" data-id=\"68c85b3\" data-element_type=\"container\" data-e-type=\"container\" data-settings=\"{&quot;jet_parallax_layout_list&quot;:[]}\">\n\t\t\t\t\t<div class=\"e-con-inner\">\n\t\t\t\t<div class=\"elementor-element elementor-element-692ec2d elementor-widget elementor-widget-heading\" data-id=\"692ec2d\" data-element_type=\"widget\" data-e-type=\"widget\" data-widget_type=\"heading.default\">\n\t\t\t\t<div class=\"elementor-widget-container\">\n\t\t\t\t\t<h1 class=\"elementor-heading-title elementor-size-default\">Vous n'\u00eates pas encore inscrit sur notre portail client ?<\/h1>\t\t\t\t<\/div>\n\t\t\t\t<\/div>\n\t\t\t\t<div class=\"elementor-element elementor-element-4c6fbc9 elementor-widget elementor-widget-spacer\" data-id=\"4c6fbc9\" data-element_type=\"widget\" data-e-type=\"widget\" data-widget_type=\"spacer.default\">\n\t\t\t\t<div class=\"elementor-widget-container\">\n\t\t\t\t\t\t\t<div class=\"elementor-spacer\">\n\t\t\t<div class=\"elementor-spacer-inner\"><\/div>\n\t\t<\/div>\n\t\t\t\t\t\t<\/div>\n\t\t\t\t<\/div>\n\t\t\t\t<div class=\"elementor-element elementor-element-18a77e7 elementor-widget elementor-widget-text-editor\" data-id=\"18a77e7\" data-element_type=\"widget\" data-e-type=\"widget\" data-widget_type=\"text-editor.default\">\n\t\t\t\t<div class=\"elementor-widget-container\">\n\t\t\t\t\t\t\t\t\t<div class=\"col-12 col-md-8\"><div class=\"neos-contentcollection\"><div class=\"container neos-nodetypes-text\"><div class=\"container neos-nodetypes-text\"><div><p>Utilisez notre portail client GO ! pour la gestion de votre transport ! Il suffit de remplir le formulaire d&rsquo;enregistrement et de l&rsquo;envoyer. Vous recevrez imm\u00e9diatement vos donn\u00e9es de connexion individuelles par e-mail.   <\/p><\/div><\/div><\/div><\/div><\/div>\t\t\t\t\t\t\t\t<\/div>\n\t\t\t\t<\/div>\n\t\t\t\t\t<\/div>\n\t\t\t\t<\/div>\n\t\t<div class=\"elementor-element elementor-element-d0296cb e-grid e-con-boxed e-con e-parent\" data-id=\"d0296cb\" data-element_type=\"container\" data-e-type=\"container\" data-settings=\"{&quot;jet_parallax_layout_list&quot;:[],&quot;background_background&quot;:&quot;classic&quot;}\">\n\t\t\t\t\t<div class=\"e-con-inner\">\n\t\t<div class=\"elementor-element elementor-element-2677062 e-con-full e-flex e-con e-child\" data-id=\"2677062\" data-element_type=\"container\" data-e-type=\"container\" data-settings=\"{&quot;jet_parallax_layout_list&quot;:[]}\">\n\t\t\t\t<div class=\"elementor-element elementor-element-88f64b9 elementor-widget elementor-widget-heading\" data-id=\"88f64b9\" data-element_type=\"widget\" data-e-type=\"widget\" data-widget_type=\"heading.default\">\n\t\t\t\t<div class=\"elementor-widget-container\">\n\t\t\t\t\t<h2 class=\"elementor-heading-title elementor-size-default\">Inscrivez-vous ici<\/h2>\t\t\t\t<\/div>\n\t\t\t\t<\/div>\n\t\t\t\t<div class=\"elementor-element elementor-element-56f3d8c elementor-button-align-start elementor-widget elementor-widget-form\" data-id=\"56f3d8c\" data-element_type=\"widget\" data-e-type=\"widget\" data-settings=\"{&quot;step_next_label&quot;:&quot;Prochain&quot;,&quot;step_previous_label&quot;:&quot;Pr\\u00e9c\\u00e9dent&quot;,&quot;button_width&quot;:&quot;100&quot;,&quot;step_type&quot;:&quot;number_text&quot;,&quot;step_icon_shape&quot;:&quot;circle&quot;}\" data-widget_type=\"form.default\">\n\t\t\t\t<div class=\"elementor-widget-container\">\n\t\t\t\t\t\t\t<form class=\"elementor-form\" method=\"post\" name=\"Nouveau formulaire\" aria-label=\"Nouveau formulaire\">\n\t\t\t<input type=\"hidden\" name=\"post_id\" value=\"8735\"\/>\n\t\t\t<input type=\"hidden\" name=\"form_id\" value=\"56f3d8c\"\/>\n\t\t\t<input type=\"hidden\" name=\"referer_title\" value=\"Inscription au portail client - GO! Express &amp; Logistics\" \/>\n\n\t\t\t\t\t\t\t<input type=\"hidden\" name=\"queried_id\" value=\"8735\"\/>\n\t\t\t\n\t\t\t<div class=\"elementor-form-fields-wrapper elementor-labels-\">\n\t\t\t\t\t\t\t\t<div class=\"elementor-field-type-text elementor-field-group elementor-column elementor-field-group-field_2f092b9 elementor-col-100 elementor-field-required\">\n\t\t\t\t\t\t\t\t\t\t\t\t<label for=\"form-field-field_2f092b9\" class=\"elementor-field-label elementor-screen-only\">\n\t\t\t\t\t\t\t\tPr\u00e9nom\t\t\t\t\t\t\t<\/label>\n\t\t\t\t\t\t\t\t\t\t\t\t\t\t<input size=\"1\" type=\"text\" name=\"form_fields[field_2f092b9]\" id=\"form-field-field_2f092b9\" class=\"elementor-field elementor-size-lg  elementor-field-textual\" placeholder=\"Pr\u00e9nom\" required=\"required\">\n\t\t\t\t\t\t\t\t\t\t\t<\/div>\n\t\t\t\t\t\t\t\t<div class=\"elementor-field-type-text elementor-field-group elementor-column elementor-field-group-field_2df772e elementor-col-100 elementor-field-required\">\n\t\t\t\t\t\t\t\t\t\t\t\t<label for=\"form-field-field_2df772e\" class=\"elementor-field-label elementor-screen-only\">\n\t\t\t\t\t\t\t\tNom de famille\t\t\t\t\t\t\t<\/label>\n\t\t\t\t\t\t\t\t\t\t\t\t\t\t<input size=\"1\" type=\"text\" name=\"form_fields[field_2df772e]\" id=\"form-field-field_2df772e\" class=\"elementor-field elementor-size-lg  elementor-field-textual\" placeholder=\"Nom de famille\" required=\"required\">\n\t\t\t\t\t\t\t\t\t\t\t<\/div>\n\t\t\t\t\t\t\t\t<div class=\"elementor-field-type-number elementor-field-group elementor-column elementor-field-group-field_76c6ff2 elementor-col-100 elementor-field-required\">\n\t\t\t\t\t\t\t\t\t\t\t\t<label for=\"form-field-field_76c6ff2\" class=\"elementor-field-label elementor-screen-only\">\n\t\t\t\t\t\t\t\tT\u00e9l\u00e9phone\t\t\t\t\t\t\t<\/label>\n\t\t\t\t\t\t\t\t\t<input type=\"number\" name=\"form_fields[field_76c6ff2]\" id=\"form-field-field_76c6ff2\" class=\"elementor-field elementor-size-lg  elementor-field-textual\" placeholder=\"T\u00e9l\u00e9phone\" required=\"required\" min=\"\" max=\"\" >\n\t\t\t\t\t\t<\/div>\n\t\t\t\t\t\t\t\t<div class=\"elementor-field-type-email elementor-field-group elementor-column elementor-field-group-email elementor-col-100 elementor-field-required\">\n\t\t\t\t\t\t\t\t\t\t\t\t<label for=\"form-field-email\" class=\"elementor-field-label elementor-screen-only\">\n\t\t\t\t\t\t\t\tE-mail\t\t\t\t\t\t\t<\/label>\n\t\t\t\t\t\t\t\t\t\t\t\t\t\t<input size=\"1\" type=\"email\" name=\"form_fields[email]\" id=\"form-field-email\" class=\"elementor-field elementor-size-lg  elementor-field-textual\" placeholder=\"Adresse \u00e9lectronique\" required=\"required\">\n\t\t\t\t\t\t\t\t\t\t\t<\/div>\n\t\t\t\t\t\t\t\t<div class=\"elementor-field-type-email elementor-field-group elementor-column elementor-field-group-field_9ef330e elementor-col-100 elementor-field-required\">\n\t\t\t\t\t\t\t\t\t\t\t\t<label for=\"form-field-field_9ef330e\" class=\"elementor-field-label elementor-screen-only\">\n\t\t\t\t\t\t\t\tR\u00e9p\u00e9ter l'adresse e-mail\t\t\t\t\t\t\t<\/label>\n\t\t\t\t\t\t\t\t\t\t\t\t\t\t<input size=\"1\" type=\"email\" name=\"form_fields[field_9ef330e]\" id=\"form-field-field_9ef330e\" class=\"elementor-field elementor-size-lg  elementor-field-textual\" placeholder=\"R\u00e9p\u00e9ter l&#039;adresse e-mail\" required=\"required\">\n\t\t\t\t\t\t\t\t\t\t\t<\/div>\n\t\t\t\t\t\t\t\t<div class=\"elementor-field-type-acceptance elementor-field-group elementor-column elementor-field-group-field_e38008e elementor-col-100 elementor-field-required\">\n\t\t\t\t\t\t\t<div class=\"elementor-field-subgroup\">\n\t\t\t<span class=\"elementor-field-option\">\n\t\t\t\t<input type=\"checkbox\" name=\"form_fields[field_e38008e]\" id=\"form-field-field_e38008e\" class=\"elementor-field elementor-size-lg  elementor-acceptance-field\" required=\"required\">\n\t\t\t\t<label for=\"form-field-field_e38008e\">Veuillez consulter notre politique de confidentialit\u00e9*.<\/label>\t\t\t<\/span>\n\t\t<\/div>\n\t\t\t\t\t\t<\/div>\n\t\t\t\t\t\t\t\t<div class=\"elementor-field-type-recaptcha_v3 elementor-field-group elementor-column elementor-field-group-field_e05dc38 elementor-col-100 recaptcha_v3-bottomright\">\n\t\t\t\t\t<div class=\"elementor-field\" id=\"form-field-field_e05dc38\"><div class=\"elementor-g-recaptcha\" data-sitekey=\"6Lc6WK0pAAAAAHpFjNDS1RETEnf8ZYyr9pmJ7dba\" data-type=\"v3\" data-action=\"Form\" data-badge=\"bottomright\" data-size=\"invisible\"><\/div><\/div>\t\t\t\t<\/div>\n\t\t\t\t\t\t\t\t<div class=\"elementor-field-group elementor-column elementor-field-type-submit elementor-col-100 e-form__buttons\">\n\t\t\t\t\t<button class=\"elementor-button elementor-size-lg\" type=\"submit\">\n\t\t\t\t\t\t<span class=\"elementor-button-content-wrapper\">\n\t\t\t\t\t\t\t\t\t\t\t\t\t\t\t\t\t\t\t\t\t\t<span class=\"elementor-button-text\">S'inscrire maintenant<\/span>\n\t\t\t\t\t\t\t\t\t\t\t\t\t<\/span>\n\t\t\t\t\t<\/button>\n\t\t\t\t<\/div>\n\t\t\t<\/div>\n\t\t<\/form>\n\t\t\t\t\t\t<\/div>\n\t\t\t\t<\/div>\n\t\t\t\t<\/div>\n\t\t<div class=\"elementor-element elementor-element-e3cd1dd e-con-full e-flex e-con e-child\" data-id=\"e3cd1dd\" data-element_type=\"container\" data-e-type=\"container\" data-settings=\"{&quot;jet_parallax_layout_list&quot;:[]}\">\n\t\t\t\t<div class=\"elementor-element elementor-element-22a81b0 elementor-widget elementor-widget-heading\" data-id=\"22a81b0\" data-element_type=\"widget\" data-e-type=\"widget\" data-widget_type=\"heading.default\">\n\t\t\t\t<div class=\"elementor-widget-container\">\n\t\t\t\t\t<h2 class=\"elementor-heading-title elementor-size-default\">O\u00f9 puis-je obtenir un num\u00e9ro de client ?<\/h2>\t\t\t\t<\/div>\n\t\t\t\t<\/div>\n\t\t\t\t<div class=\"elementor-element elementor-element-3430ba0 elementor-widget elementor-widget-text-editor\" data-id=\"3430ba0\" data-element_type=\"widget\" data-e-type=\"widget\" data-widget_type=\"text-editor.default\">\n\t\t\t\t<div class=\"elementor-widget-container\">\n\t\t\t\t\t\t\t\t\t<div class=\"col-12 col-md-8\"><div class=\"neos-contentcollection\"><div class=\"container neos-nodetypes-text\"><div class=\"container neos-nodetypes-text\"><div><p>Utilisez notre portail client GO ! pour la gestion de votre transport ! Il suffit de remplir le formulaire d&rsquo;enregistrement et de l&rsquo;envoyer. Vous recevrez imm\u00e9diatement vos donn\u00e9es de connexion individuelles par e-mail.   <\/p><\/div><\/div><\/div><\/div><\/div>\t\t\t\t\t\t\t\t<\/div>\n\t\t\t\t<\/div>\n\t\t\t\t<div class=\"elementor-element elementor-element-b61fc3d elementor-widget elementor-widget-heading\" data-id=\"b61fc3d\" data-element_type=\"widget\" data-e-type=\"widget\" data-widget_type=\"heading.default\">\n\t\t\t\t<div class=\"elementor-widget-container\">\n\t\t\t\t\t<h2 class=\"elementor-heading-title elementor-size-default\">Vos avantages avec le portail GO ! Portail client <\/h2>\t\t\t\t<\/div>\n\t\t\t\t<\/div>\n\t\t\t\t<div class=\"elementor-element elementor-element-37e428d elementor-widget elementor-widget-text-editor\" data-id=\"37e428d\" data-element_type=\"widget\" data-e-type=\"widget\" data-widget_type=\"text-editor.default\">\n\t\t\t\t<div class=\"elementor-widget-container\">\n\t\t\t\t\t\t\t\t\t<div class=\"col-12 col-md-8\"><div class=\"neos-contentcollection\"><div class=\"container neos-nodetypes-text\"><div class=\"container neos-nodetypes-text\"><ul><li>Passer des ordres en ligne en toute simplicit\u00e9<\/li><li>G\u00e9rer les adresses<\/li><li>Impression de lettres de voiture et d&rsquo;\u00e9tiquettes \u00e0 code-barres<\/li><li>Utiliser l&rsquo;aper\u00e7u des envois avec les messages d&rsquo;\u00e9tat actuels<\/li><li>Acc\u00e9der au suivi des envois et voir l&rsquo;\u00e9tat actuel de l&rsquo;exp\u00e9dition<\/li><li>Utiliser des fonctions de recherche et de tri \u00e9tendues<\/li><li>Travailler avec des mod\u00e8les pratiques<\/li><li>Consulter l&rsquo;historique d\u00e9taill\u00e9 des commandes<\/li><li>Remplir les formulaires d&rsquo;exp\u00e9dition et de douane directement en ligne<\/li><\/ul><\/div><\/div><\/div><\/div>\t\t\t\t\t\t\t\t<\/div>\n\t\t\t\t<\/div>\n\t\t\t\t<\/div>\n\t\t\t\t\t<\/div>\n\t\t\t\t<\/div>\n\t\t\t\t<\/div>\n\t\t","protected":false},"excerpt":{"rendered":"<p>Vous n&rsquo;\u00eates pas encore inscrit sur notre portail client ? Utilisez notre portail client GO ! pour la gestion de votre transport ! Il suffit de remplir le formulaire d&rsquo;enregistrement et de l&rsquo;envoyer. Vous recevrez imm\u00e9diatement vos donn\u00e9es de connexion individuelles par e-mail. Inscrivez-vous ici O\u00f9 puis-je obtenir un num\u00e9ro de client ? Utilisez notre [&hellip;]<\/p>\n","protected":false},"author":8,"featured_media":0,"parent":0,"menu_order":0,"comment_status":"closed","ping_status":"closed","template":"","meta":{"_monsterinsights_skip_tracking":false,"_monsterinsights_sitenote_active":false,"_monsterinsights_sitenote_note":"","_monsterinsights_sitenote_category":0,"footnotes":""},"class_list":["post-8735","page","type-page","status-publish","hentry"],"yoast_head":"<!-- This site is optimized with the Yoast SEO plugin v27.2 - https:\/\/yoast.com\/product\/yoast-seo-wordpress\/ -->\n<title>Inscription au portail client - GO! Express &amp; Logistics<\/title>\n<meta name=\"robots\" content=\"index, follow, max-snippet:-1, max-image-preview:large, max-video-preview:-1\" \/>\n<link rel=\"canonical\" href=\"https:\/\/generalovernight.ch\/fr\/inscription-au-portail-client\/\" \/>\n<meta property=\"og:locale\" content=\"fr_FR\" \/>\n<meta property=\"og:type\" content=\"article\" \/>\n<meta property=\"og:title\" content=\"Inscription au portail client - GO! Express &amp; Logistics\" \/>\n<meta property=\"og:description\" content=\"Vous n&rsquo;\u00eates pas encore inscrit sur notre portail client ? Utilisez notre portail client GO ! pour la gestion de votre transport ! Il suffit de remplir le formulaire d&rsquo;enregistrement et de l&rsquo;envoyer. Vous recevrez imm\u00e9diatement vos donn\u00e9es de connexion individuelles par e-mail. Inscrivez-vous ici O\u00f9 puis-je obtenir un num\u00e9ro de client ? Utilisez notre [&hellip;]\" \/>\n<meta property=\"og:url\" content=\"https:\/\/generalovernight.ch\/fr\/inscription-au-portail-client\/\" \/>\n<meta property=\"og:site_name\" content=\"GO! Express &amp; Logistics\" \/>\n<meta property=\"article:modified_time\" content=\"2025-03-21T20:02:58+00:00\" \/>\n<meta name=\"twitter:card\" content=\"summary_large_image\" \/>\n<meta name=\"twitter:label1\" content=\"Dur\u00e9e de lecture estim\u00e9e\" \/>\n\t<meta name=\"twitter:data1\" content=\"1 minute\" \/>\n<script type=\"application\/ld+json\" class=\"yoast-schema-graph\">{\"@context\":\"https:\/\/schema.org\",\"@graph\":[{\"@type\":\"WebPage\",\"@id\":\"https:\/\/generalovernight.ch\/fr\/inscription-au-portail-client\/\",\"url\":\"https:\/\/generalovernight.ch\/fr\/inscription-au-portail-client\/\",\"name\":\"Inscription au portail client - GO! Express &amp; Logistics\",\"isPartOf\":{\"@id\":\"https:\/\/generalovernight.ch\/fr\/#website\"},\"datePublished\":\"2024-12-16T15:58:48+00:00\",\"dateModified\":\"2025-03-21T20:02:58+00:00\",\"breadcrumb\":{\"@id\":\"https:\/\/generalovernight.ch\/fr\/inscription-au-portail-client\/#breadcrumb\"},\"inLanguage\":\"fr-FR\",\"potentialAction\":[{\"@type\":\"ReadAction\",\"target\":[\"https:\/\/generalovernight.ch\/fr\/inscription-au-portail-client\/\"]}]},{\"@type\":\"BreadcrumbList\",\"@id\":\"https:\/\/generalovernight.ch\/fr\/inscription-au-portail-client\/#breadcrumb\",\"itemListElement\":[{\"@type\":\"ListItem\",\"position\":1,\"name\":\"Startseite\",\"item\":\"https:\/\/generalovernight.ch\/fr\/\"},{\"@type\":\"ListItem\",\"position\":2,\"name\":\"Inscription au portail client\"}]},{\"@type\":\"WebSite\",\"@id\":\"https:\/\/generalovernight.ch\/fr\/#website\",\"url\":\"https:\/\/generalovernight.ch\/fr\/\",\"name\":\"GO! Express &amp; Logistics\",\"description\":\"\",\"potentialAction\":[{\"@type\":\"SearchAction\",\"target\":{\"@type\":\"EntryPoint\",\"urlTemplate\":\"https:\/\/generalovernight.ch\/fr\/?s={search_term_string}\"},\"query-input\":{\"@type\":\"PropertyValueSpecification\",\"valueRequired\":true,\"valueName\":\"search_term_string\"}}],\"inLanguage\":\"fr-FR\"}]}<\/script>\n<!-- \/ Yoast SEO plugin. -->","yoast_head_json":{"title":"Inscription au portail client - GO! Express &amp; Logistics","robots":{"index":"index","follow":"follow","max-snippet":"max-snippet:-1","max-image-preview":"max-image-preview:large","max-video-preview":"max-video-preview:-1"},"canonical":"https:\/\/generalovernight.ch\/fr\/inscription-au-portail-client\/","og_locale":"fr_FR","og_type":"article","og_title":"Inscription au portail client - GO! Express &amp; Logistics","og_description":"Vous n&rsquo;\u00eates pas encore inscrit sur notre portail client ? Utilisez notre portail client GO ! pour la gestion de votre transport ! Il suffit de remplir le formulaire d&rsquo;enregistrement et de l&rsquo;envoyer. Vous recevrez imm\u00e9diatement vos donn\u00e9es de connexion individuelles par e-mail. Inscrivez-vous ici O\u00f9 puis-je obtenir un num\u00e9ro de client ? Utilisez notre [&hellip;]","og_url":"https:\/\/generalovernight.ch\/fr\/inscription-au-portail-client\/","og_site_name":"GO! Express &amp; Logistics","article_modified_time":"2025-03-21T20:02:58+00:00","twitter_card":"summary_large_image","twitter_misc":{"Dur\u00e9e de lecture estim\u00e9e":"1 minute"},"schema":{"@context":"https:\/\/schema.org","@graph":[{"@type":"WebPage","@id":"https:\/\/generalovernight.ch\/fr\/inscription-au-portail-client\/","url":"https:\/\/generalovernight.ch\/fr\/inscription-au-portail-client\/","name":"Inscription au portail client - GO! Express &amp; Logistics","isPartOf":{"@id":"https:\/\/generalovernight.ch\/fr\/#website"},"datePublished":"2024-12-16T15:58:48+00:00","dateModified":"2025-03-21T20:02:58+00:00","breadcrumb":{"@id":"https:\/\/generalovernight.ch\/fr\/inscription-au-portail-client\/#breadcrumb"},"inLanguage":"fr-FR","potentialAction":[{"@type":"ReadAction","target":["https:\/\/generalovernight.ch\/fr\/inscription-au-portail-client\/"]}]},{"@type":"BreadcrumbList","@id":"https:\/\/generalovernight.ch\/fr\/inscription-au-portail-client\/#breadcrumb","itemListElement":[{"@type":"ListItem","position":1,"name":"Startseite","item":"https:\/\/generalovernight.ch\/fr\/"},{"@type":"ListItem","position":2,"name":"Inscription au portail client"}]},{"@type":"WebSite","@id":"https:\/\/generalovernight.ch\/fr\/#website","url":"https:\/\/generalovernight.ch\/fr\/","name":"GO! Express &amp; Logistics","description":"","potentialAction":[{"@type":"SearchAction","target":{"@type":"EntryPoint","urlTemplate":"https:\/\/generalovernight.ch\/fr\/?s={search_term_string}"},"query-input":{"@type":"PropertyValueSpecification","valueRequired":true,"valueName":"search_term_string"}}],"inLanguage":"fr-FR"}]}},"_links":{"self":[{"href":"https:\/\/generalovernight.ch\/fr\/wp-json\/wp\/v2\/pages\/8735","targetHints":{"allow":["GET"]}}],"collection":[{"href":"https:\/\/generalovernight.ch\/fr\/wp-json\/wp\/v2\/pages"}],"about":[{"href":"https:\/\/generalovernight.ch\/fr\/wp-json\/wp\/v2\/types\/page"}],"author":[{"embeddable":true,"href":"https:\/\/generalovernight.ch\/fr\/wp-json\/wp\/v2\/users\/8"}],"replies":[{"embeddable":true,"href":"https:\/\/generalovernight.ch\/fr\/wp-json\/wp\/v2\/comments?post=8735"}],"version-history":[{"count":2,"href":"https:\/\/generalovernight.ch\/fr\/wp-json\/wp\/v2\/pages\/8735\/revisions"}],"predecessor-version":[{"id":8737,"href":"https:\/\/generalovernight.ch\/fr\/wp-json\/wp\/v2\/pages\/8735\/revisions\/8737"}],"wp:attachment":[{"href":"https:\/\/generalovernight.ch\/fr\/wp-json\/wp\/v2\/media?parent=8735"}],"curies":[{"name":"wp","href":"https:\/\/api.w.org\/{rel}","templated":true}]}}