{"id":8738,"date":"2024-12-16T15:59:18","date_gmt":"2024-12-16T15:59:18","guid":{"rendered":"https:\/\/p682793.webspaceconfig.de\/candidature-spontanee-chez-go\/"},"modified":"2025-03-21T20:02:53","modified_gmt":"2025-03-21T20:02:53","slug":"candidature-spontanee-chez-go","status":"publish","type":"page","link":"https:\/\/generalovernight.ch\/fr\/carriere\/candidature-spontanee-chez-go\/","title":{"rendered":"Candidature spontan\u00e9e chez GO !"},"content":{"rendered":"<h1>Candidature spontan\u00e9e <br \/> chez GO !<\/h1>\n<p>Aucun poste ne correspond \u00e0 votre profil ? Envoyez tout simplement une candidature spontan\u00e9e \u00e0 GO ! Nous sommes toujours heureux de recevoir des candidatures spontan\u00e9es de la part de jeunes apprentis GO ! motiv\u00e9s.<\/p>\n<p>\t\t\t\t\t\t\t\t\t\t\t\t\t\t\t<img fetchpriority=\"high\" decoding=\"async\" width=\"800\" height=\"356\" src=\"https:\/\/p682793.webspaceconfig.de\/wp-content\/uploads\/2023\/01\/Initiativbewerbung-bei-GO_GO-Lager_Stationsansicht-2-1024x456.jpeg\" alt=\"\" srcset=\"https:\/\/p682793.webspaceconfig.de\/wp-content\/uploads\/2023\/01\/Initiativbewerbung-bei-GO_GO-Lager_Stationsansicht-2-1024x456.jpeg 1024w, https:\/\/p682793.webspaceconfig.de\/wp-content\/uploads\/2023\/01\/Initiativbewerbung-bei-GO_GO-Lager_Stationsansicht-2-300x134.jpeg 300w, https:\/\/p682793.webspaceconfig.de\/wp-content\/uploads\/2023\/01\/Initiativbewerbung-bei-GO_GO-Lager_Stationsansicht-2-768x342.jpeg 768w, https:\/\/p682793.webspaceconfig.de\/wp-content\/uploads\/2023\/01\/Initiativbewerbung-bei-GO_GO-Lager_Stationsansicht-2-1536x684.jpeg 1536w, https:\/\/p682793.webspaceconfig.de\/wp-content\/uploads\/2023\/01\/Initiativbewerbung-bei-GO_GO-Lager_Stationsansicht-2.jpeg 1800w\" sizes=\"(max-width: 800px) 100vw, 800px\" \/>\t\t\t\t\t\t\t\t\t\t\t\t\t\t\t<\/p>\n<p><strong>Veuillez s\u00e9lectionner le poste auquel vous souhaitez postuler chez nous :<\/strong><\/p>\n<h2>Candidature en tant que collaborateur (h\/f)<\/h2>\n<p>\t\tRejoignez l&rsquo;\u00e9quipe GO ! en Suisse. <\/p>\n<p>\t\t\t\t\t<a role=\"button\"><br \/>\n\t\t\t\t\t\t\t\t\tAcc\u00e9der au formulaire de candidature<br \/>\n\t\t\t\t\t<\/a><br \/>\n\t\t\t\t\t\t\t\t\t\t\t\t\t\t\t<img decoding=\"async\" width=\"800\" height=\"600\" src=\"https:\/\/p682793.webspaceconfig.de\/wp-content\/uploads\/2024\/12\/GO-Buero_Flur-5_900x601-801x601-1.jpg\" alt=\"\" srcset=\"https:\/\/p682793.webspaceconfig.de\/wp-content\/uploads\/2024\/12\/GO-Buero_Flur-5_900x601-801x601-1.jpg 801w, https:\/\/p682793.webspaceconfig.de\/wp-content\/uploads\/2024\/12\/GO-Buero_Flur-5_900x601-801x601-1-300x225.jpg 300w, https:\/\/p682793.webspaceconfig.de\/wp-content\/uploads\/2024\/12\/GO-Buero_Flur-5_900x601-801x601-1-768x576.jpg 768w\" sizes=\"(max-width: 800px) 100vw, 800px\" \/>\t\t\t\t\t\t\t\t\t\t\t\t\t\t\t<\/p>\n<h2>Candidature en tant que sous-traitant  <\/h2>\n<p>Devenez sous-traitant GO ! et conduisez pour les stations GO ! dans toute la Suisse. Livrez vos envois \u00e0 temps \u00e0 vos destinataires.   <\/p>\n<p>\t\t\t\t\t<a role=\"button\"><br \/>\n\t\t\t\t\t\t\t\t\tAcc\u00e9der au formulaire de candidature<br \/>\n\t\t\t\t\t<\/a><br \/>\n\t\t\t\t\t\t\t\t\t\t\t\t\t\t\t<img decoding=\"async\" width=\"800\" height=\"600\" src=\"https:\/\/p682793.webspaceconfig.de\/wp-content\/uploads\/2024\/12\/2020_GO-Stadt_Sprinter-mit-Kurier_w_2_900x601-801x601-1.jpg\" alt=\"\" srcset=\"https:\/\/p682793.webspaceconfig.de\/wp-content\/uploads\/2024\/12\/2020_GO-Stadt_Sprinter-mit-Kurier_w_2_900x601-801x601-1.jpg 801w, https:\/\/p682793.webspaceconfig.de\/wp-content\/uploads\/2024\/12\/2020_GO-Stadt_Sprinter-mit-Kurier_w_2_900x601-801x601-1-300x225.jpg 300w, https:\/\/p682793.webspaceconfig.de\/wp-content\/uploads\/2024\/12\/2020_GO-Stadt_Sprinter-mit-Kurier_w_2_900x601-801x601-1-768x576.jpg 768w\" sizes=\"(max-width: 800px) 100vw, 800px\" \/><\/p>\n","protected":false},"excerpt":{"rendered":"<p>Candidature spontan\u00e9e chez GO ! Aucun poste ne correspond \u00e0 votre profil ? Envoyez tout simplement une candidature spontan\u00e9e \u00e0 GO ! Nous sommes toujours heureux de recevoir des candidatures spontan\u00e9es de la part de jeunes apprentis GO ! motiv\u00e9s. Veuillez s\u00e9lectionner le poste auquel vous souhaitez postuler chez nous : Candidature en tant que [&hellip;]<\/p>\n","protected":false},"author":8,"featured_media":0,"parent":9083,"menu_order":0,"comment_status":"closed","ping_status":"closed","template":"","meta":{"_monsterinsights_skip_tracking":false,"_monsterinsights_sitenote_active":false,"_monsterinsights_sitenote_note":"","_monsterinsights_sitenote_category":0,"footnotes":""},"class_list":["post-8738","page","type-page","status-publish","hentry"],"yoast_head":"<!-- This site is optimized with the Yoast SEO plugin v27.2 - https:\/\/yoast.com\/product\/yoast-seo-wordpress\/ -->\n<title>Candidature spontan\u00e9e chez GO ! - GO! Express &amp; Logistics<\/title>\n<meta name=\"robots\" content=\"index, follow, max-snippet:-1, max-image-preview:large, max-video-preview:-1\" \/>\n<link rel=\"canonical\" href=\"https:\/\/generalovernight.ch\/fr\/carriere\/candidature-spontanee-chez-go\/\" \/>\n<meta property=\"og:locale\" content=\"fr_FR\" \/>\n<meta property=\"og:type\" content=\"article\" \/>\n<meta property=\"og:title\" content=\"Candidature spontan\u00e9e chez GO ! - GO! Express &amp; Logistics\" \/>\n<meta property=\"og:description\" content=\"Candidature spontan\u00e9e chez GO ! Aucun poste ne correspond \u00e0 votre profil ? Envoyez tout simplement une candidature spontan\u00e9e \u00e0 GO ! Nous sommes toujours heureux de recevoir des candidatures spontan\u00e9es de la part de jeunes apprentis GO ! motiv\u00e9s. Veuillez s\u00e9lectionner le poste auquel vous souhaitez postuler chez nous : Candidature en tant que [&hellip;]\" \/>\n<meta property=\"og:url\" content=\"https:\/\/generalovernight.ch\/fr\/carriere\/candidature-spontanee-chez-go\/\" \/>\n<meta property=\"og:site_name\" content=\"GO! Express &amp; Logistics\" \/>\n<meta property=\"article:modified_time\" content=\"2025-03-21T20:02:53+00:00\" \/>\n<meta property=\"og:image\" content=\"https:\/\/p682793.webspaceconfig.de\/wp-content\/uploads\/2023\/01\/Initiativbewerbung-bei-GO_GO-Lager_Stationsansicht-2-1024x456.jpeg\" \/>\n<meta name=\"twitter:card\" content=\"summary_large_image\" \/>\n<script type=\"application\/ld+json\" class=\"yoast-schema-graph\">{\"@context\":\"https:\/\/schema.org\",\"@graph\":[{\"@type\":\"WebPage\",\"@id\":\"https:\/\/generalovernight.ch\/fr\/carriere\/candidature-spontanee-chez-go\/\",\"url\":\"https:\/\/generalovernight.ch\/fr\/carriere\/candidature-spontanee-chez-go\/\",\"name\":\"Candidature spontan\u00e9e chez GO ! - GO! Express &amp; Logistics\",\"isPartOf\":{\"@id\":\"https:\/\/generalovernight.ch\/fr\/#website\"},\"primaryImageOfPage\":{\"@id\":\"https:\/\/generalovernight.ch\/fr\/carriere\/candidature-spontanee-chez-go\/#primaryimage\"},\"image\":{\"@id\":\"https:\/\/generalovernight.ch\/fr\/carriere\/candidature-spontanee-chez-go\/#primaryimage\"},\"thumbnailUrl\":\"https:\/\/p682793.webspaceconfig.de\/wp-content\/uploads\/2023\/01\/Initiativbewerbung-bei-GO_GO-Lager_Stationsansicht-2-1024x456.jpeg\",\"datePublished\":\"2024-12-16T15:59:18+00:00\",\"dateModified\":\"2025-03-21T20:02:53+00:00\",\"breadcrumb\":{\"@id\":\"https:\/\/generalovernight.ch\/fr\/carriere\/candidature-spontanee-chez-go\/#breadcrumb\"},\"inLanguage\":\"fr-FR\",\"potentialAction\":[{\"@type\":\"ReadAction\",\"target\":[\"https:\/\/generalovernight.ch\/fr\/carriere\/candidature-spontanee-chez-go\/\"]}]},{\"@type\":\"ImageObject\",\"inLanguage\":\"fr-FR\",\"@id\":\"https:\/\/generalovernight.ch\/fr\/carriere\/candidature-spontanee-chez-go\/#primaryimage\",\"url\":\"https:\/\/p682793.webspaceconfig.de\/wp-content\/uploads\/2023\/01\/Initiativbewerbung-bei-GO_GO-Lager_Stationsansicht-2-1024x456.jpeg\",\"contentUrl\":\"https:\/\/p682793.webspaceconfig.de\/wp-content\/uploads\/2023\/01\/Initiativbewerbung-bei-GO_GO-Lager_Stationsansicht-2-1024x456.jpeg\"},{\"@type\":\"BreadcrumbList\",\"@id\":\"https:\/\/generalovernight.ch\/fr\/carriere\/candidature-spontanee-chez-go\/#breadcrumb\",\"itemListElement\":[{\"@type\":\"ListItem\",\"position\":1,\"name\":\"Startseite\",\"item\":\"https:\/\/generalovernight.ch\/fr\/\"},{\"@type\":\"ListItem\",\"position\":2,\"name\":\"Carri\u00e8re\",\"item\":\"https:\/\/generalovernight.ch\/fr\/carriere\/\"},{\"@type\":\"ListItem\",\"position\":3,\"name\":\"Candidature spontan\u00e9e chez GO !\"}]},{\"@type\":\"WebSite\",\"@id\":\"https:\/\/generalovernight.ch\/fr\/#website\",\"url\":\"https:\/\/generalovernight.ch\/fr\/\",\"name\":\"GO! Express &amp; Logistics\",\"description\":\"\",\"potentialAction\":[{\"@type\":\"SearchAction\",\"target\":{\"@type\":\"EntryPoint\",\"urlTemplate\":\"https:\/\/generalovernight.ch\/fr\/?s={search_term_string}\"},\"query-input\":{\"@type\":\"PropertyValueSpecification\",\"valueRequired\":true,\"valueName\":\"search_term_string\"}}],\"inLanguage\":\"fr-FR\"}]}<\/script>\n<!-- \/ Yoast SEO plugin. -->","yoast_head_json":{"title":"Candidature spontan\u00e9e chez GO ! - GO! Express &amp; Logistics","robots":{"index":"index","follow":"follow","max-snippet":"max-snippet:-1","max-image-preview":"max-image-preview:large","max-video-preview":"max-video-preview:-1"},"canonical":"https:\/\/generalovernight.ch\/fr\/carriere\/candidature-spontanee-chez-go\/","og_locale":"fr_FR","og_type":"article","og_title":"Candidature spontan\u00e9e chez GO ! - GO! Express &amp; Logistics","og_description":"Candidature spontan\u00e9e chez GO ! Aucun poste ne correspond \u00e0 votre profil ? Envoyez tout simplement une candidature spontan\u00e9e \u00e0 GO ! Nous sommes toujours heureux de recevoir des candidatures spontan\u00e9es de la part de jeunes apprentis GO ! motiv\u00e9s. Veuillez s\u00e9lectionner le poste auquel vous souhaitez postuler chez nous : Candidature en tant que [&hellip;]","og_url":"https:\/\/generalovernight.ch\/fr\/carriere\/candidature-spontanee-chez-go\/","og_site_name":"GO! Express &amp; Logistics","article_modified_time":"2025-03-21T20:02:53+00:00","og_image":[{"url":"https:\/\/p682793.webspaceconfig.de\/wp-content\/uploads\/2023\/01\/Initiativbewerbung-bei-GO_GO-Lager_Stationsansicht-2-1024x456.jpeg","type":"","width":"","height":""}],"twitter_card":"summary_large_image","schema":{"@context":"https:\/\/schema.org","@graph":[{"@type":"WebPage","@id":"https:\/\/generalovernight.ch\/fr\/carriere\/candidature-spontanee-chez-go\/","url":"https:\/\/generalovernight.ch\/fr\/carriere\/candidature-spontanee-chez-go\/","name":"Candidature spontan\u00e9e chez GO ! - GO! Express &amp; Logistics","isPartOf":{"@id":"https:\/\/generalovernight.ch\/fr\/#website"},"primaryImageOfPage":{"@id":"https:\/\/generalovernight.ch\/fr\/carriere\/candidature-spontanee-chez-go\/#primaryimage"},"image":{"@id":"https:\/\/generalovernight.ch\/fr\/carriere\/candidature-spontanee-chez-go\/#primaryimage"},"thumbnailUrl":"https:\/\/p682793.webspaceconfig.de\/wp-content\/uploads\/2023\/01\/Initiativbewerbung-bei-GO_GO-Lager_Stationsansicht-2-1024x456.jpeg","datePublished":"2024-12-16T15:59:18+00:00","dateModified":"2025-03-21T20:02:53+00:00","breadcrumb":{"@id":"https:\/\/generalovernight.ch\/fr\/carriere\/candidature-spontanee-chez-go\/#breadcrumb"},"inLanguage":"fr-FR","potentialAction":[{"@type":"ReadAction","target":["https:\/\/generalovernight.ch\/fr\/carriere\/candidature-spontanee-chez-go\/"]}]},{"@type":"ImageObject","inLanguage":"fr-FR","@id":"https:\/\/generalovernight.ch\/fr\/carriere\/candidature-spontanee-chez-go\/#primaryimage","url":"https:\/\/p682793.webspaceconfig.de\/wp-content\/uploads\/2023\/01\/Initiativbewerbung-bei-GO_GO-Lager_Stationsansicht-2-1024x456.jpeg","contentUrl":"https:\/\/p682793.webspaceconfig.de\/wp-content\/uploads\/2023\/01\/Initiativbewerbung-bei-GO_GO-Lager_Stationsansicht-2-1024x456.jpeg"},{"@type":"BreadcrumbList","@id":"https:\/\/generalovernight.ch\/fr\/carriere\/candidature-spontanee-chez-go\/#breadcrumb","itemListElement":[{"@type":"ListItem","position":1,"name":"Startseite","item":"https:\/\/generalovernight.ch\/fr\/"},{"@type":"ListItem","position":2,"name":"Carri\u00e8re","item":"https:\/\/generalovernight.ch\/fr\/carriere\/"},{"@type":"ListItem","position":3,"name":"Candidature spontan\u00e9e chez GO !"}]},{"@type":"WebSite","@id":"https:\/\/generalovernight.ch\/fr\/#website","url":"https:\/\/generalovernight.ch\/fr\/","name":"GO! Express &amp; Logistics","description":"","potentialAction":[{"@type":"SearchAction","target":{"@type":"EntryPoint","urlTemplate":"https:\/\/generalovernight.ch\/fr\/?s={search_term_string}"},"query-input":{"@type":"PropertyValueSpecification","valueRequired":true,"valueName":"search_term_string"}}],"inLanguage":"fr-FR"}]}},"_links":{"self":[{"href":"https:\/\/generalovernight.ch\/fr\/wp-json\/wp\/v2\/pages\/8738","targetHints":{"allow":["GET"]}}],"collection":[{"href":"https:\/\/generalovernight.ch\/fr\/wp-json\/wp\/v2\/pages"}],"about":[{"href":"https:\/\/generalovernight.ch\/fr\/wp-json\/wp\/v2\/types\/page"}],"author":[{"embeddable":true,"href":"https:\/\/generalovernight.ch\/fr\/wp-json\/wp\/v2\/users\/8"}],"replies":[{"embeddable":true,"href":"https:\/\/generalovernight.ch\/fr\/wp-json\/wp\/v2\/comments?post=8738"}],"version-history":[{"count":2,"href":"https:\/\/generalovernight.ch\/fr\/wp-json\/wp\/v2\/pages\/8738\/revisions"}],"predecessor-version":[{"id":8744,"href":"https:\/\/generalovernight.ch\/fr\/wp-json\/wp\/v2\/pages\/8738\/revisions\/8744"}],"up":[{"embeddable":true,"href":"https:\/\/generalovernight.ch\/fr\/wp-json\/wp\/v2\/pages\/9083"}],"wp:attachment":[{"href":"https:\/\/generalovernight.ch\/fr\/wp-json\/wp\/v2\/media?parent=8738"}],"curies":[{"name":"wp","href":"https:\/\/api.w.org\/{rel}","templated":true}]}}