{"id":8791,"date":"2025-01-14T11:10:31","date_gmt":"2025-01-14T10:10:31","guid":{"rendered":"https:\/\/p682793.webspaceconfig.de\/demande-denvoi\/"},"modified":"2025-03-21T20:02:47","modified_gmt":"2025-03-21T20:02:47","slug":"demande-denvoi","status":"publish","type":"page","link":"https:\/\/generalovernight.ch\/fr\/demande-denvoi\/","title":{"rendered":"Demande d&rsquo;envoi"},"content":{"rendered":"\t\t<div data-elementor-type=\"wp-page\" data-elementor-id=\"8791\" class=\"elementor elementor-8791 elementor-8053\" data-elementor-post-type=\"page\">\n\t\t\t\t<div class=\"elementor-element elementor-element-281ee3d e-flex e-con-boxed e-con e-parent\" data-id=\"281ee3d\" data-element_type=\"container\" data-e-type=\"container\" data-settings=\"{&quot;jet_parallax_layout_list&quot;:[]}\">\n\t\t\t\t\t<div class=\"e-con-inner\">\n\t\t\t\t<div class=\"elementor-element elementor-element-d3b9995 elementor-widget elementor-widget-heading\" data-id=\"d3b9995\" data-element_type=\"widget\" data-e-type=\"widget\" data-widget_type=\"heading.default\">\n\t\t\t\t<div class=\"elementor-widget-container\">\n\t\t\t\t\t<h1 class=\"elementor-heading-title elementor-size-default\">Acc\u00e9dez rapidement \u00e0 votre propre envoi avec GO ! Demande d'envoi<\/h1>\t\t\t\t<\/div>\n\t\t\t\t<\/div>\n\t\t\t\t<div class=\"elementor-element elementor-element-40984b7 elementor-widget elementor-widget-spacer\" data-id=\"40984b7\" data-element_type=\"widget\" data-e-type=\"widget\" data-widget_type=\"spacer.default\">\n\t\t\t\t<div class=\"elementor-widget-container\">\n\t\t\t\t\t\t\t<div class=\"elementor-spacer\">\n\t\t\t<div class=\"elementor-spacer-inner\"><\/div>\n\t\t<\/div>\n\t\t\t\t\t\t<\/div>\n\t\t\t\t<\/div>\n\t\t\t\t<div class=\"elementor-element elementor-element-a570666 elementor-widget elementor-widget-text-editor\" data-id=\"a570666\" data-element_type=\"widget\" data-e-type=\"widget\" data-widget_type=\"text-editor.default\">\n\t\t\t\t<div class=\"elementor-widget-container\">\n\t\t\t\t\t\t\t\t\t<p>Vous n&rsquo;\u00eates pas encore client GO ! et vous n&rsquo;avez pas envie de faire de longues recherches pour trouver le bon produit ? Il vous suffit de nous faire part de vos besoins en mati\u00e8re d&rsquo;exp\u00e9dition et nous vous contacterons rapidement pour vous proposer une solution adapt\u00e9e.  <\/p>\t\t\t\t\t\t\t\t<\/div>\n\t\t\t\t<\/div>\n\t\t\t\t<div class=\"elementor-element elementor-element-12ac9d9 elementor-widget elementor-widget-spacer\" data-id=\"12ac9d9\" data-element_type=\"widget\" data-e-type=\"widget\" data-widget_type=\"spacer.default\">\n\t\t\t\t<div class=\"elementor-widget-container\">\n\t\t\t\t\t\t\t<div class=\"elementor-spacer\">\n\t\t\t<div class=\"elementor-spacer-inner\"><\/div>\n\t\t<\/div>\n\t\t\t\t\t\t<\/div>\n\t\t\t\t<\/div>\n\t\t\t\t<div class=\"elementor-element elementor-element-e1748d6 elementor-widget elementor-widget-heading\" data-id=\"e1748d6\" data-element_type=\"widget\" data-e-type=\"widget\" data-widget_type=\"heading.default\">\n\t\t\t\t<div class=\"elementor-widget-container\">\n\t\t\t\t\t<h2 class=\"elementor-heading-title elementor-size-default\">Donn\u00e9es d'envoi<\/h2>\t\t\t\t<\/div>\n\t\t\t\t<\/div>\n\t\t\t\t<div class=\"elementor-element elementor-element-5199946 elementor-widget elementor-widget-text-editor\" data-id=\"5199946\" data-element_type=\"widget\" data-e-type=\"widget\" data-widget_type=\"text-editor.default\">\n\t\t\t\t<div class=\"elementor-widget-container\">\n\t\t\t\t\t\t\t\t\t<p>Veuillez nous indiquer o\u00f9 vous souhaitez exp\u00e9dier et ce que vous souhaitez exp\u00e9dier.<\/p>\t\t\t\t\t\t\t\t<\/div>\n\t\t\t\t<\/div>\n\t\t\t\t<div class=\"elementor-element elementor-element-090ab66 elementor-widget elementor-widget-spacer\" data-id=\"090ab66\" data-element_type=\"widget\" data-e-type=\"widget\" data-widget_type=\"spacer.default\">\n\t\t\t\t<div class=\"elementor-widget-container\">\n\t\t\t\t\t\t\t<div class=\"elementor-spacer\">\n\t\t\t<div class=\"elementor-spacer-inner\"><\/div>\n\t\t<\/div>\n\t\t\t\t\t\t<\/div>\n\t\t\t\t<\/div>\n\t\t\t\t<div class=\"elementor-element elementor-element-5429be9 elementor-button-align-start elementor-widget elementor-widget-form\" data-id=\"5429be9\" data-element_type=\"widget\" data-e-type=\"widget\" data-settings=\"{&quot;step_next_label&quot;:&quot;Prochain&quot;,&quot;step_previous_label&quot;:&quot;Pr\\u00e9c\\u00e9dent&quot;,&quot;button_width&quot;:&quot;100&quot;,&quot;step_type&quot;:&quot;number_text&quot;,&quot;step_icon_shape&quot;:&quot;circle&quot;}\" data-widget_type=\"form.default\">\n\t\t\t\t<div class=\"elementor-widget-container\">\n\t\t\t\t\t\t\t<form class=\"elementor-form\" method=\"post\" name=\"Nouveau formulaire\" aria-label=\"Nouveau formulaire\">\n\t\t\t<input type=\"hidden\" name=\"post_id\" value=\"8791\"\/>\n\t\t\t<input type=\"hidden\" name=\"form_id\" value=\"5429be9\"\/>\n\t\t\t<input type=\"hidden\" name=\"referer_title\" value=\"Demande d&#039;envoi - GO! Express &amp; Logistics\" \/>\n\n\t\t\t\t\t\t\t<input type=\"hidden\" name=\"queried_id\" value=\"8791\"\/>\n\t\t\t\n\t\t\t<div class=\"elementor-form-fields-wrapper elementor-labels-\">\n\t\t\t\t\t\t\t\t<div class=\"elementor-field-type-html elementor-field-group elementor-column elementor-field-group-field_c0f2f9f elementor-col-100\">\n\t\t\t\t\t<b><b>O\u00f9 souhaitez-vous exp\u00e9dier* ?<\/b><\/b> Choix multiple possible\t\t\t\t<\/div>\n\t\t\t\t\t\t\t\t<div class=\"elementor-field-type-checkbox elementor-field-group elementor-column elementor-field-group-field_93a0400 elementor-col-100\">\n\t\t\t\t\t\t\t\t\t\t\t\t<label for=\"form-field-field_93a0400\" class=\"elementor-field-label elementor-screen-only\">\n\t\t\t\t\t\t\t\tO\u00f9 aller\t\t\t\t\t\t\t<\/label>\n\t\t\t\t\t\t<div class=\"elementor-field-subgroup  elementor-subgroup-inline\"><span class=\"elementor-field-option\"><input type=\"checkbox\" value=\"R\u00e9gional\" id=\"form-field-field_93a0400-0\" name=\"form_fields[field_93a0400][]\"> <label for=\"form-field-field_93a0400-0\">R\u00e9gional<\/label><\/span><span class=\"elementor-field-option\"><input type=\"checkbox\" value=\"National\" id=\"form-field-field_93a0400-1\" name=\"form_fields[field_93a0400][]\"> <label for=\"form-field-field_93a0400-1\">National<\/label><\/span><span class=\"elementor-field-option\"><input type=\"checkbox\" value=\"International\" id=\"form-field-field_93a0400-2\" name=\"form_fields[field_93a0400][]\"> <label for=\"form-field-field_93a0400-2\">International<\/label><\/span><\/div>\t\t\t\t<\/div>\n\t\t\t\t\t\t\t\t<div class=\"elementor-field-type-select elementor-field-group elementor-column elementor-field-group-was elementor-col-100\">\n\t\t\t\t\t\t\t\t\t\t\t\t<label for=\"form-field-was\" class=\"elementor-field-label elementor-screen-only\">\n\t\t\t\t\t\t\t\tCe que\t\t\t\t\t\t\t<\/label>\n\t\t\t\t\t\t\t\t<div class=\"elementor-field elementor-select-wrapper remove-before \">\n\t\t\t<div class=\"select-caret-down-wrapper\">\n\t\t\t\t<i aria-hidden=\"true\" class=\"eicon-caret-down\"><\/i>\t\t\t<\/div>\n\t\t\t<select name=\"form_fields[was]\" id=\"form-field-was\" class=\"elementor-field-textual elementor-size-lg\">\n\t\t\t\t\t\t\t\t\t<option value=\"Ce que vous souhaitez envoyer\">Ce que vous souhaitez envoyer<\/option>\n\t\t\t\t\t\t\t\t\t<option value=\"Document(s)\">Document(s)<\/option>\n\t\t\t\t\t\t\t\t\t<option value=\"Marchandise dangereuse\">Marchandise dangereuse<\/option>\n\t\t\t\t\t\t\t\t\t<option value=\"Colis\">Colis<\/option>\n\t\t\t\t\t\t\t\t\t<option value=\"Envoi de plus de 50kg ou de plus de 2,70m si la dimension de la ceinture est sup\u00e9rieure \u00e0 5,00m\">Envoi de plus de 50kg ou de plus de 2,70m si la dimension de la ceinture est sup\u00e9rieure \u00e0 5,00m<\/option>\n\t\t\t\t\t\t\t<\/select>\n\t\t<\/div>\n\t\t\t\t\t\t<\/div>\n\t\t\t\t\t\t\t\t<div class=\"elementor-field-type-html elementor-field-group elementor-column elementor-field-group-wohin elementor-col-100\">\n\t\t\t\t\t<br><b><b>Veuillez indiquer vos coordonn\u00e9es afin que nous puissions vous contacter :<\/b><\/b>\t\t\t\t<\/div>\n\t\t\t\t\t\t\t\t<div class=\"elementor-field-type-text elementor-field-group elementor-column elementor-field-group-firma elementor-col-100\">\n\t\t\t\t\t\t\t\t\t\t\t\t<label for=\"form-field-firma\" class=\"elementor-field-label elementor-screen-only\">\n\t\t\t\t\t\t\t\tSoci\u00e9t\u00e9\t\t\t\t\t\t\t<\/label>\n\t\t\t\t\t\t\t\t\t\t\t\t\t\t<input size=\"1\" type=\"text\" name=\"form_fields[firma]\" id=\"form-field-firma\" class=\"elementor-field elementor-size-lg  elementor-field-textual\" placeholder=\"En tant que client, veuillez indiquer le nom de votre entreprise.\">\n\t\t\t\t\t\t\t\t\t\t\t<\/div>\n\t\t\t\t\t\t\t\t<div class=\"elementor-field-type-select elementor-field-group elementor-column elementor-field-group-anrede elementor-col-100 elementor-field-required\">\n\t\t\t\t\t\t\t\t\t\t\t\t<label for=\"form-field-anrede\" class=\"elementor-field-label elementor-screen-only\">\n\t\t\t\t\t\t\t\tTitre de civilit\u00e9\t\t\t\t\t\t\t<\/label>\n\t\t\t\t\t\t\t\t<div class=\"elementor-field elementor-select-wrapper remove-before \">\n\t\t\t<div class=\"select-caret-down-wrapper\">\n\t\t\t\t<i aria-hidden=\"true\" class=\"eicon-caret-down\"><\/i>\t\t\t<\/div>\n\t\t\t<select name=\"form_fields[anrede]\" id=\"form-field-anrede\" class=\"elementor-field-textual elementor-size-lg\" required=\"required\">\n\t\t\t\t\t\t\t\t\t<option value=\"\">S\u00e9lectionner la formule de politesse*<\/option>\n\t\t\t\t\t\t\t\t\t<option value=\"M.\">M.<\/option>\n\t\t\t\t\t\t\t\t\t<option value=\"Mme\">Mme<\/option>\n\t\t\t\t\t\t\t\t\t<option value=\"Divers\">Divers<\/option>\n\t\t\t\t\t\t\t<\/select>\n\t\t<\/div>\n\t\t\t\t\t\t<\/div>\n\t\t\t\t\t\t\t\t<div class=\"elementor-field-type-text elementor-field-group elementor-column elementor-field-group-name elementor-col-100 elementor-field-required\">\n\t\t\t\t\t\t\t\t\t\t\t\t<label for=\"form-field-name\" class=\"elementor-field-label elementor-screen-only\">\n\t\t\t\t\t\t\t\tNom\t\t\t\t\t\t\t<\/label>\n\t\t\t\t\t\t\t\t\t\t\t\t\t\t<input size=\"1\" type=\"text\" name=\"form_fields[name]\" id=\"form-field-name\" class=\"elementor-field elementor-size-lg  elementor-field-textual\" placeholder=\"Pr\u00e9nom et nom de famille\" required=\"required\">\n\t\t\t\t\t\t\t\t\t\t\t<\/div>\n\t\t\t\t\t\t\t\t<div class=\"elementor-field-type-text elementor-field-group elementor-column elementor-field-group-plz elementor-col-100 elementor-field-required\">\n\t\t\t\t\t\t\t\t\t\t\t\t<label for=\"form-field-plz\" class=\"elementor-field-label elementor-screen-only\">\n\t\t\t\t\t\t\t\tCODE POSTAL\t\t\t\t\t\t\t<\/label>\n\t\t\t\t\t\t\t\t\t\t\t\t\t\t<input size=\"1\" type=\"text\" name=\"form_fields[plz]\" id=\"form-field-plz\" class=\"elementor-field elementor-size-lg  elementor-field-textual\" placeholder=\"Votre code postal (n\u00e9cessaire pour d\u00e9terminer la station GO ! comp\u00e9tente)*.\" required=\"required\">\n\t\t\t\t\t\t\t\t\t\t\t<\/div>\n\t\t\t\t\t\t\t\t<div class=\"elementor-field-type-text elementor-field-group elementor-column elementor-field-group-mail elementor-col-100 elementor-field-required\">\n\t\t\t\t\t\t\t\t\t\t\t\t<label for=\"form-field-mail\" class=\"elementor-field-label elementor-screen-only\">\n\t\t\t\t\t\t\t\tCourrier \u00e9lectronique\t\t\t\t\t\t\t<\/label>\n\t\t\t\t\t\t\t\t\t\t\t\t\t\t<input size=\"1\" type=\"text\" name=\"form_fields[mail]\" id=\"form-field-mail\" class=\"elementor-field elementor-size-lg  elementor-field-textual\" placeholder=\"E-mail (requis pour qu&#039;un membre du personnel puisse vous contacter)*.\" required=\"required\">\n\t\t\t\t\t\t\t\t\t\t\t<\/div>\n\t\t\t\t\t\t\t\t<div class=\"elementor-field-type-text elementor-field-group elementor-column elementor-field-group-telefon elementor-col-100 elementor-field-required\">\n\t\t\t\t\t\t\t\t\t\t\t\t<label for=\"form-field-telefon\" class=\"elementor-field-label elementor-screen-only\">\n\t\t\t\t\t\t\t\tT\u00e9l\u00e9phone\t\t\t\t\t\t\t<\/label>\n\t\t\t\t\t\t\t\t\t\t\t\t\t\t<input size=\"1\" type=\"text\" name=\"form_fields[telefon]\" id=\"form-field-telefon\" class=\"elementor-field elementor-size-lg  elementor-field-textual\" placeholder=\"Num\u00e9ro de t\u00e9l\u00e9phone (requis pour qu&#039;un membre du personnel puisse vous contacter)*.\" required=\"required\">\n\t\t\t\t\t\t\t\t\t\t\t<\/div>\n\t\t\t\t\t\t\t\t<div class=\"elementor-field-type-html elementor-field-group elementor-column elementor-field-group-field_54f4534 elementor-col-100\">\n\t\t\t\t\t* Champs obligatoires\t\t\t\t<\/div>\n\t\t\t\t\t\t\t\t<div class=\"elementor-field-type-html elementor-field-group elementor-column elementor-field-group-field_511baa8 elementor-col-100\">\n\t\t\t\t\tVeuillez consulter notre <a href=\"https:\/\/p682793.webspaceconfig.de\/datenschutz\/\" class=\"btn-dsgvo\">politique de confidentialit\u00e9<img decoding=\"async\" src=\"\/wp-content\/uploads\/2025\/01\/icon-arrow-top-right.png\" alt=\"Lien\" width=\"18px\" height=\"18px\"><\/a><br><br>\t\t\t\t<\/div>\n\t\t\t\t\t\t\t\t<div class=\"elementor-field-type-acceptance elementor-field-group elementor-column elementor-field-group-dsgvo elementor-col-100 elementor-field-required\">\n\t\t\t\t\t\t\t\t\t\t\t\t<label for=\"form-field-dsgvo\" class=\"elementor-field-label elementor-screen-only\">\n\t\t\t\t\t\t\t\tDsgvo\t\t\t\t\t\t\t<\/label>\n\t\t\t\t\t\t\t\t<div class=\"elementor-field-subgroup\">\n\t\t\t<span class=\"elementor-field-option\">\n\t\t\t\t<input type=\"checkbox\" name=\"form_fields[dsgvo]\" id=\"form-field-dsgvo\" class=\"elementor-field elementor-size-lg  elementor-acceptance-field\" required=\"required\">\n\t\t\t\t<label for=\"form-field-dsgvo\">J'accepte que mes donn\u00e9es personnelles soient trait\u00e9es conform\u00e9ment \u00e0 la d\u00e9claration de confidentialit\u00e9.*<br><br>Remarque : nous utilisons vos donn\u00e9es uniquement pour r\u00e9pondre \u00e0 votre demande et ne les transmettons jamais \u00e0 des tiers non autoris\u00e9s.<\/label>\t\t\t<\/span>\n\t\t<\/div>\n\t\t\t\t\t\t<\/div>\n\t\t\t\t\t\t\t\t<div class=\"elementor-field-type-acceptance elementor-field-group elementor-column elementor-field-group-field_c8a5fce elementor-col-100 elementor-field-required\">\n\t\t\t\t\t\t\t\t\t\t\t\t<label for=\"form-field-field_c8a5fce\" class=\"elementor-field-label elementor-screen-only\">\n\t\t\t\t\t\t\t\tDsgvo\t\t\t\t\t\t\t<\/label>\n\t\t\t\t\t\t\t\t<div class=\"elementor-field-subgroup\">\n\t\t\t<span class=\"elementor-field-option\">\n\t\t\t\t<input type=\"checkbox\" name=\"form_fields[field_c8a5fce]\" id=\"form-field-field_c8a5fce\" class=\"elementor-field elementor-size-lg  elementor-acceptance-field\" required=\"required\">\n\t\t\t\t<label for=\"form-field-field_c8a5fce\">Veuillez consulter notre politique de confidentialit\u00e9* <br>Vers la <a href=\"https:\/\/p682793.webspaceconfig.de\/datenschutz\/\" class=\"btn-dsgvo\">politique de confidentialit\u00e9<img decoding=\"async\" src=\"\/wp-content\/uploads\/2025\/01\/icon-arrow-top-right.png\" alt=\"Lien\" width=\"18px\" height=\"18px\"><\/a><\/label>\t\t\t<\/span>\n\t\t<\/div>\n\t\t\t\t\t\t<\/div>\n\t\t\t\t\t\t\t\t<div class=\"elementor-field-group elementor-column elementor-field-type-submit elementor-col-100 e-form__buttons\">\n\t\t\t\t\t<button class=\"elementor-button elementor-size-lg\" type=\"submit\">\n\t\t\t\t\t\t<span class=\"elementor-button-content-wrapper\">\n\t\t\t\t\t\t\t\t\t\t\t\t\t\t\t\t\t\t\t\t\t\t<span class=\"elementor-button-text\">Formulaire d'envoi<\/span>\n\t\t\t\t\t\t\t\t\t\t\t\t\t<\/span>\n\t\t\t\t\t<\/button>\n\t\t\t\t<\/div>\n\t\t\t<\/div>\n\t\t<\/form>\n\t\t\t\t\t\t<\/div>\n\t\t\t\t<\/div>\n\t\t\t\t\t<\/div>\n\t\t\t\t<\/div>\n\t\t\t\t<\/div>\n\t\t","protected":false},"excerpt":{"rendered":"<p>Acc\u00e9dez rapidement \u00e0 votre propre envoi avec GO ! Demande d&rsquo;envoi Vous n&rsquo;\u00eates pas encore client GO ! et vous n&rsquo;avez pas envie de faire de longues recherches pour trouver le bon produit ? Il vous suffit de nous faire part de vos besoins en mati\u00e8re d&rsquo;exp\u00e9dition et nous vous contacterons rapidement pour vous proposer [&hellip;]<\/p>\n","protected":false},"author":8,"featured_media":0,"parent":0,"menu_order":0,"comment_status":"closed","ping_status":"closed","template":"","meta":{"_monsterinsights_skip_tracking":false,"_monsterinsights_sitenote_active":false,"_monsterinsights_sitenote_note":"","_monsterinsights_sitenote_category":0,"footnotes":""},"class_list":["post-8791","page","type-page","status-publish","hentry"],"yoast_head":"<!-- This site is optimized with the Yoast SEO plugin v27.2 - https:\/\/yoast.com\/product\/yoast-seo-wordpress\/ -->\n<title>Demande d&#039;envoi - GO! Express &amp; Logistics<\/title>\n<meta name=\"robots\" content=\"index, follow, max-snippet:-1, max-image-preview:large, max-video-preview:-1\" \/>\n<link rel=\"canonical\" href=\"https:\/\/generalovernight.ch\/fr\/demande-denvoi\/\" \/>\n<meta property=\"og:locale\" content=\"fr_FR\" \/>\n<meta property=\"og:type\" content=\"article\" \/>\n<meta property=\"og:title\" content=\"Demande d&#039;envoi - GO! Express &amp; Logistics\" \/>\n<meta property=\"og:description\" content=\"Acc\u00e9dez rapidement \u00e0 votre propre envoi avec GO ! Demande d&rsquo;envoi Vous n&rsquo;\u00eates pas encore client GO ! et vous n&rsquo;avez pas envie de faire de longues recherches pour trouver le bon produit ? Il vous suffit de nous faire part de vos besoins en mati\u00e8re d&rsquo;exp\u00e9dition et nous vous contacterons rapidement pour vous proposer [&hellip;]\" \/>\n<meta property=\"og:url\" content=\"https:\/\/generalovernight.ch\/fr\/demande-denvoi\/\" \/>\n<meta property=\"og:site_name\" content=\"GO! Express &amp; Logistics\" \/>\n<meta property=\"article:modified_time\" content=\"2025-03-21T20:02:47+00:00\" \/>\n<meta name=\"twitter:card\" content=\"summary_large_image\" \/>\n<script type=\"application\/ld+json\" class=\"yoast-schema-graph\">{\"@context\":\"https:\/\/schema.org\",\"@graph\":[{\"@type\":\"WebPage\",\"@id\":\"https:\/\/generalovernight.ch\/fr\/demande-denvoi\/\",\"url\":\"https:\/\/generalovernight.ch\/fr\/demande-denvoi\/\",\"name\":\"Demande d'envoi - GO! Express &amp; Logistics\",\"isPartOf\":{\"@id\":\"https:\/\/generalovernight.ch\/fr\/#website\"},\"datePublished\":\"2025-01-14T10:10:31+00:00\",\"dateModified\":\"2025-03-21T20:02:47+00:00\",\"breadcrumb\":{\"@id\":\"https:\/\/generalovernight.ch\/fr\/demande-denvoi\/#breadcrumb\"},\"inLanguage\":\"fr-FR\",\"potentialAction\":[{\"@type\":\"ReadAction\",\"target\":[\"https:\/\/generalovernight.ch\/fr\/demande-denvoi\/\"]}]},{\"@type\":\"BreadcrumbList\",\"@id\":\"https:\/\/generalovernight.ch\/fr\/demande-denvoi\/#breadcrumb\",\"itemListElement\":[{\"@type\":\"ListItem\",\"position\":1,\"name\":\"Startseite\",\"item\":\"https:\/\/generalovernight.ch\/fr\/\"},{\"@type\":\"ListItem\",\"position\":2,\"name\":\"Demande d&rsquo;envoi\"}]},{\"@type\":\"WebSite\",\"@id\":\"https:\/\/generalovernight.ch\/fr\/#website\",\"url\":\"https:\/\/generalovernight.ch\/fr\/\",\"name\":\"GO! Express &amp; Logistics\",\"description\":\"\",\"potentialAction\":[{\"@type\":\"SearchAction\",\"target\":{\"@type\":\"EntryPoint\",\"urlTemplate\":\"https:\/\/generalovernight.ch\/fr\/?s={search_term_string}\"},\"query-input\":{\"@type\":\"PropertyValueSpecification\",\"valueRequired\":true,\"valueName\":\"search_term_string\"}}],\"inLanguage\":\"fr-FR\"}]}<\/script>\n<!-- \/ Yoast SEO plugin. -->","yoast_head_json":{"title":"Demande d'envoi - GO! Express &amp; Logistics","robots":{"index":"index","follow":"follow","max-snippet":"max-snippet:-1","max-image-preview":"max-image-preview:large","max-video-preview":"max-video-preview:-1"},"canonical":"https:\/\/generalovernight.ch\/fr\/demande-denvoi\/","og_locale":"fr_FR","og_type":"article","og_title":"Demande d'envoi - GO! Express &amp; Logistics","og_description":"Acc\u00e9dez rapidement \u00e0 votre propre envoi avec GO ! Demande d&rsquo;envoi Vous n&rsquo;\u00eates pas encore client GO ! et vous n&rsquo;avez pas envie de faire de longues recherches pour trouver le bon produit ? Il vous suffit de nous faire part de vos besoins en mati\u00e8re d&rsquo;exp\u00e9dition et nous vous contacterons rapidement pour vous proposer [&hellip;]","og_url":"https:\/\/generalovernight.ch\/fr\/demande-denvoi\/","og_site_name":"GO! Express &amp; Logistics","article_modified_time":"2025-03-21T20:02:47+00:00","twitter_card":"summary_large_image","schema":{"@context":"https:\/\/schema.org","@graph":[{"@type":"WebPage","@id":"https:\/\/generalovernight.ch\/fr\/demande-denvoi\/","url":"https:\/\/generalovernight.ch\/fr\/demande-denvoi\/","name":"Demande d'envoi - GO! Express &amp; Logistics","isPartOf":{"@id":"https:\/\/generalovernight.ch\/fr\/#website"},"datePublished":"2025-01-14T10:10:31+00:00","dateModified":"2025-03-21T20:02:47+00:00","breadcrumb":{"@id":"https:\/\/generalovernight.ch\/fr\/demande-denvoi\/#breadcrumb"},"inLanguage":"fr-FR","potentialAction":[{"@type":"ReadAction","target":["https:\/\/generalovernight.ch\/fr\/demande-denvoi\/"]}]},{"@type":"BreadcrumbList","@id":"https:\/\/generalovernight.ch\/fr\/demande-denvoi\/#breadcrumb","itemListElement":[{"@type":"ListItem","position":1,"name":"Startseite","item":"https:\/\/generalovernight.ch\/fr\/"},{"@type":"ListItem","position":2,"name":"Demande d&rsquo;envoi"}]},{"@type":"WebSite","@id":"https:\/\/generalovernight.ch\/fr\/#website","url":"https:\/\/generalovernight.ch\/fr\/","name":"GO! Express &amp; Logistics","description":"","potentialAction":[{"@type":"SearchAction","target":{"@type":"EntryPoint","urlTemplate":"https:\/\/generalovernight.ch\/fr\/?s={search_term_string}"},"query-input":{"@type":"PropertyValueSpecification","valueRequired":true,"valueName":"search_term_string"}}],"inLanguage":"fr-FR"}]}},"_links":{"self":[{"href":"https:\/\/generalovernight.ch\/fr\/wp-json\/wp\/v2\/pages\/8791","targetHints":{"allow":["GET"]}}],"collection":[{"href":"https:\/\/generalovernight.ch\/fr\/wp-json\/wp\/v2\/pages"}],"about":[{"href":"https:\/\/generalovernight.ch\/fr\/wp-json\/wp\/v2\/types\/page"}],"author":[{"embeddable":true,"href":"https:\/\/generalovernight.ch\/fr\/wp-json\/wp\/v2\/users\/8"}],"replies":[{"embeddable":true,"href":"https:\/\/generalovernight.ch\/fr\/wp-json\/wp\/v2\/comments?post=8791"}],"version-history":[{"count":3,"href":"https:\/\/generalovernight.ch\/fr\/wp-json\/wp\/v2\/pages\/8791\/revisions"}],"predecessor-version":[{"id":9454,"href":"https:\/\/generalovernight.ch\/fr\/wp-json\/wp\/v2\/pages\/8791\/revisions\/9454"}],"wp:attachment":[{"href":"https:\/\/generalovernight.ch\/fr\/wp-json\/wp\/v2\/media?parent=8791"}],"curies":[{"name":"wp","href":"https:\/\/api.w.org\/{rel}","templated":true}]}}