{"id":8835,"date":"2024-12-16T14:05:18","date_gmt":"2024-12-16T14:05:18","guid":{"rendered":"https:\/\/p682793.webspaceconfig.de\/go-douanes\/"},"modified":"2025-03-17T12:14:53","modified_gmt":"2025-03-17T12:14:53","slug":"go-douanes","status":"publish","type":"page","link":"https:\/\/generalovernight.ch\/fr\/go-douanes\/","title":{"rendered":"GO ! Douanes"},"content":{"rendered":"\t\t<div data-elementor-type=\"wp-page\" data-elementor-id=\"8835\" class=\"elementor elementor-8835 elementor-6531\" data-elementor-post-type=\"page\">\n\t\t\t\t<div class=\"elementor-element elementor-element-67454ab e-flex e-con-boxed e-con e-parent\" data-id=\"67454ab\" data-element_type=\"container\" data-e-type=\"container\" data-settings=\"{&quot;jet_parallax_layout_list&quot;:[]}\">\n\t\t\t\t\t<div class=\"e-con-inner\">\n\t\t\t\t<div class=\"elementor-element elementor-element-699bd2e elementor-widget elementor-widget-heading\" data-id=\"699bd2e\" data-element_type=\"widget\" data-e-type=\"widget\" data-widget_type=\"heading.default\">\n\t\t\t\t<div class=\"elementor-widget-container\">\n\t\t\t\t\t<h1 class=\"elementor-heading-title elementor-size-default\">D\u00e9douanement ?<br>GO ! Douanes <\/h1>\t\t\t\t<\/div>\n\t\t\t\t<\/div>\n\t\t\t\t<div class=\"elementor-element elementor-element-710666f elementor-widget elementor-widget-spacer\" data-id=\"710666f\" data-element_type=\"widget\" data-e-type=\"widget\" data-widget_type=\"spacer.default\">\n\t\t\t\t<div class=\"elementor-widget-container\">\n\t\t\t\t\t\t\t<div class=\"elementor-spacer\">\n\t\t\t<div class=\"elementor-spacer-inner\"><\/div>\n\t\t<\/div>\n\t\t\t\t\t\t<\/div>\n\t\t\t\t<\/div>\n\t\t\t\t<div class=\"elementor-element elementor-element-a27ccd7 elementor-widget elementor-widget-text-editor\" data-id=\"a27ccd7\" data-element_type=\"widget\" data-e-type=\"widget\" data-widget_type=\"text-editor.default\">\n\t\t\t\t<div class=\"elementor-widget-container\">\n\t\t\t\t\t\t\t\t\t<p>Avec GO !, vous avez \u00e0 vos c\u00f4t\u00e9s un partenaire comp\u00e9tent, fort de plus de 20 ans d&rsquo;exp\u00e9rience, pour l&rsquo;envoi de vos envois internationaux.<\/p>\t\t\t\t\t\t\t\t<\/div>\n\t\t\t\t<\/div>\n\t\t\t\t\t<\/div>\n\t\t\t\t<\/div>\n\t\t<div class=\"elementor-element elementor-element-c64c055 e-grid e-con-boxed e-con e-parent\" data-id=\"c64c055\" data-element_type=\"container\" data-e-type=\"container\" data-settings=\"{&quot;jet_parallax_layout_list&quot;:[]}\">\n\t\t\t\t\t<div class=\"e-con-inner\">\n\t\t\t\t<div class=\"elementor-element elementor-element-570c567 elementor-widget elementor-widget-image\" data-id=\"570c567\" data-element_type=\"widget\" data-e-type=\"widget\" data-widget_type=\"image.default\">\n\t\t\t\t<div class=\"elementor-widget-container\">\n\t\t\t\t\t\t\t\t\t\t\t\t\t\t\t<img fetchpriority=\"high\" decoding=\"async\" width=\"800\" height=\"534\" src=\"https:\/\/generalovernight.ch\/wp-content\/uploads\/2024\/12\/2020_GO-Stadt_Sprinter_Innenstadt_Bruecke_-1-CH_haas-scaled-1-1024x683.jpg\" class=\"attachment-large size-large wp-image-8836\" alt=\"\" srcset=\"https:\/\/generalovernight.ch\/wp-content\/uploads\/2024\/12\/2020_GO-Stadt_Sprinter_Innenstadt_Bruecke_-1-CH_haas-scaled-1-1024x683.jpg 1024w, https:\/\/generalovernight.ch\/wp-content\/uploads\/2024\/12\/2020_GO-Stadt_Sprinter_Innenstadt_Bruecke_-1-CH_haas-scaled-1-300x200.jpg 300w, https:\/\/generalovernight.ch\/wp-content\/uploads\/2024\/12\/2020_GO-Stadt_Sprinter_Innenstadt_Bruecke_-1-CH_haas-scaled-1-768x512.jpg 768w, https:\/\/generalovernight.ch\/wp-content\/uploads\/2024\/12\/2020_GO-Stadt_Sprinter_Innenstadt_Bruecke_-1-CH_haas-scaled-1-1536x1025.jpg 1536w, https:\/\/generalovernight.ch\/wp-content\/uploads\/2024\/12\/2020_GO-Stadt_Sprinter_Innenstadt_Bruecke_-1-CH_haas-scaled-1-2048x1366.jpg 2048w\" sizes=\"(max-width: 800px) 100vw, 800px\" \/>\t\t\t\t\t\t\t\t\t\t\t\t\t\t\t<\/div>\n\t\t\t\t<\/div>\n\t\t<div class=\"elementor-element elementor-element-b12a3e4 e-con-full e-flex e-con e-child\" data-id=\"b12a3e4\" data-element_type=\"container\" data-e-type=\"container\" data-settings=\"{&quot;jet_parallax_layout_list&quot;:[],&quot;background_background&quot;:&quot;classic&quot;}\">\n\t\t<div class=\"elementor-element elementor-element-2449618 e-con-full e-flex e-con e-child\" data-id=\"2449618\" data-element_type=\"container\" data-e-type=\"container\" data-settings=\"{&quot;background_background&quot;:&quot;classic&quot;,&quot;jet_parallax_layout_list&quot;:[]}\">\n\t\t\t\t<div class=\"elementor-element elementor-element-0dacb93 elementor-widget elementor-widget-heading\" data-id=\"0dacb93\" data-element_type=\"widget\" data-e-type=\"widget\" data-widget_type=\"heading.default\">\n\t\t\t\t<div class=\"elementor-widget-container\">\n\t\t\t\t\t<h2 class=\"elementor-heading-title elementor-size-default\">Vos avantages<\/h2>\t\t\t\t<\/div>\n\t\t\t\t<\/div>\n\t\t\t\t<div class=\"elementor-element elementor-element-64b29c9 elementor-widget elementor-widget-text-editor\" data-id=\"64b29c9\" data-element_type=\"widget\" data-e-type=\"widget\" data-widget_type=\"text-editor.default\">\n\t\t\t\t<div class=\"elementor-widget-container\">\n\t\t\t\t\t\t\t\t\t<ul><li>un personnel qualifi\u00e9 avec des ann\u00e9es d&rsquo;exp\u00e9rience en Suisse<\/li><li>Infrastructure, processus et environnement informatique audit\u00e9s par l&rsquo;AEO<\/li><li>Processus certifi\u00e9 ISO<\/li><li>Agents de d\u00e9douanement en Allemagne avec si\u00e8ge local pour les questions de d\u00e9douanement sp\u00e9cifiques \u00e0 l&rsquo;UE<\/li><\/ul>\t\t\t\t\t\t\t\t<\/div>\n\t\t\t\t<\/div>\n\t\t<div class=\"elementor-element elementor-element-d531b17 e-con-full e-flex e-con e-child\" data-id=\"d531b17\" data-element_type=\"container\" data-e-type=\"container\" data-settings=\"{&quot;jet_parallax_layout_list&quot;:[]}\">\n\t\t\t\t<div class=\"elementor-element elementor-element-a071b62 elementor-widget elementor-widget-button\" data-id=\"a071b62\" data-element_type=\"widget\" data-e-type=\"widget\" data-widget_type=\"button.default\">\n\t\t\t\t<div class=\"elementor-widget-container\">\n\t\t\t\t\t\t\t\t\t<div class=\"elementor-button-wrapper\">\n\t\t\t\t\t<a class=\"elementor-button elementor-button-link elementor-size-sm\" href=\"tel:+41800859999\">\n\t\t\t\t\t\t<span class=\"elementor-button-content-wrapper\">\n\t\t\t\t\t\t<span class=\"elementor-button-icon\">\n\t\t\t\t<i aria-hidden=\"true\" class=\"icon icon-phone1\"><\/i>\t\t\t<\/span>\n\t\t\t\t\t\t\t\t\t<span class=\"elementor-button-text\">Appelez-nous<\/span>\n\t\t\t\t\t<\/span>\n\t\t\t\t\t<\/a>\n\t\t\t\t<\/div>\n\t\t\t\t\t\t\t\t<\/div>\n\t\t\t\t<\/div>\n\t\t\t\t<div class=\"elementor-element elementor-element-31fe1c8 elementor-widget elementor-widget-button\" data-id=\"31fe1c8\" data-element_type=\"widget\" data-e-type=\"widget\" data-widget_type=\"button.default\">\n\t\t\t\t<div class=\"elementor-widget-container\">\n\t\t\t\t\t\t\t\t\t<div class=\"elementor-button-wrapper\">\n\t\t\t\t\t<a class=\"elementor-button elementor-button-link elementor-size-sm\" href=\"https:\/\/p682793.webspaceconfig.de\/fr\/?page_id=8791\">\n\t\t\t\t\t\t<span class=\"elementor-button-content-wrapper\">\n\t\t\t\t\t\t<span class=\"elementor-button-icon\">\n\t\t\t\t<i aria-hidden=\"true\" class=\"far fa-envelope\"><\/i>\t\t\t<\/span>\n\t\t\t\t\t\t\t\t\t<span class=\"elementor-button-text\">Demande d'envoi<\/span>\n\t\t\t\t\t<\/span>\n\t\t\t\t\t<\/a>\n\t\t\t\t<\/div>\n\t\t\t\t\t\t\t\t<\/div>\n\t\t\t\t<\/div>\n\t\t\t\t<\/div>\n\t\t\t\t<\/div>\n\t\t\t\t<\/div>\n\t\t\t\t\t<\/div>\n\t\t\t\t<\/div>\n\t\t<div class=\"elementor-element elementor-element-5ff026e e-grid e-con-boxed e-con e-parent\" data-id=\"5ff026e\" data-element_type=\"container\" data-e-type=\"container\" data-settings=\"{&quot;jet_parallax_layout_list&quot;:[]}\">\n\t\t\t\t\t<div class=\"e-con-inner\">\n\t\t<div class=\"elementor-element elementor-element-82828d3 e-con-full e-flex e-con e-child\" data-id=\"82828d3\" data-element_type=\"container\" data-e-type=\"container\" data-settings=\"{&quot;jet_parallax_layout_list&quot;:[],&quot;background_background&quot;:&quot;classic&quot;}\">\n\t\t<div class=\"elementor-element elementor-element-4a3b951 e-con-full e-flex e-con e-child\" data-id=\"4a3b951\" data-element_type=\"container\" data-e-type=\"container\" data-settings=\"{&quot;background_background&quot;:&quot;classic&quot;,&quot;jet_parallax_layout_list&quot;:[]}\">\n\t\t\t\t<div class=\"elementor-element elementor-element-a06dcad elementor-widget elementor-widget-heading\" data-id=\"a06dcad\" data-element_type=\"widget\" data-e-type=\"widget\" data-widget_type=\"heading.default\">\n\t\t\t\t<div class=\"elementor-widget-container\">\n\t\t\t\t\t<h2 class=\"elementor-heading-title elementor-size-default\">Aper\u00e7u de nos services de messagerie<\/h2>\t\t\t\t<\/div>\n\t\t\t\t<\/div>\n\t\t\t\t<div class=\"elementor-element elementor-element-37e241b elementor-widget elementor-widget-text-editor\" data-id=\"37e241b\" data-element_type=\"widget\" data-e-type=\"widget\" data-widget_type=\"text-editor.default\">\n\t\t\t\t<div class=\"elementor-widget-container\">\n\t\t\t\t\t\t\t\t\tNos propres sp\u00e9cialistes du d\u00e9douanement, notre propre d\u00e9veloppement informatique et nos connexions d&rsquo;interface, processus automatis\u00e9s, certification OEA et Da\net Ea &#8211; tout d&rsquo;une seule source.\nNos interlocuteurs sont \u00e0 votre disposition \u00e0 tout moment pour vous conseiller et vous aider. Nos collaborateurs qualifi\u00e9s ont plus de 30 ans d&rsquo;exp\u00e9rience et notre service informatique compl\u00e8te et automatise ce concentr\u00e9 de connaissances au plus pr\u00e8s du client. \t\t\t\t\t\t\t\t<\/div>\n\t\t\t\t<\/div>\n\t\t\t\t<\/div>\n\t\t\t\t<\/div>\n\t\t\t\t<div class=\"elementor-element elementor-element-450bed2 elementor-widget elementor-widget-image\" data-id=\"450bed2\" data-element_type=\"widget\" data-e-type=\"widget\" data-widget_type=\"image.default\">\n\t\t\t\t<div class=\"elementor-widget-container\">\n\t\t\t\t\t\t\t\t\t\t\t\t\t\t\t<img decoding=\"async\" width=\"800\" height=\"322\" src=\"https:\/\/generalovernight.ch\/wp-content\/uploads\/2024\/12\/Startseite_unternehmen_2020_GO-Stadt_Sprinter_Innenstadt_Bruecke_-3-1024x412.jpg\" class=\"attachment-large size-large wp-image-8837\" alt=\"\" srcset=\"https:\/\/generalovernight.ch\/wp-content\/uploads\/2024\/12\/Startseite_unternehmen_2020_GO-Stadt_Sprinter_Innenstadt_Bruecke_-3-1024x412.jpg 1024w, https:\/\/generalovernight.ch\/wp-content\/uploads\/2024\/12\/Startseite_unternehmen_2020_GO-Stadt_Sprinter_Innenstadt_Bruecke_-3-300x121.jpg 300w, https:\/\/generalovernight.ch\/wp-content\/uploads\/2024\/12\/Startseite_unternehmen_2020_GO-Stadt_Sprinter_Innenstadt_Bruecke_-3-768x309.jpg 768w, https:\/\/generalovernight.ch\/wp-content\/uploads\/2024\/12\/Startseite_unternehmen_2020_GO-Stadt_Sprinter_Innenstadt_Bruecke_-3.jpg 1243w\" sizes=\"(max-width: 800px) 100vw, 800px\" \/>\t\t\t\t\t\t\t\t\t\t\t\t\t\t\t<\/div>\n\t\t\t\t<\/div>\n\t\t\t\t\t<\/div>\n\t\t\t\t<\/div>\n\t\t<div class=\"elementor-element elementor-element-43044cd e-con-full e-flex e-con e-parent\" data-id=\"43044cd\" data-element_type=\"container\" data-e-type=\"container\" data-settings=\"{&quot;jet_parallax_layout_list&quot;:[]}\">\n\t\t\t\t<div class=\"elementor-element elementor-element-b40c08e elementor-widget elementor-widget-template\" data-id=\"b40c08e\" data-element_type=\"widget\" data-e-type=\"widget\" data-widget_type=\"template.default\">\n\t\t\t\t<div class=\"elementor-widget-container\">\n\t\t\t\t\t\t\t<div class=\"elementor-template\">\n\t\t\t\t\t<div data-elementor-type=\"section\" data-elementor-id=\"9169\" class=\"elementor elementor-9169 elementor-6949 elementor-6949\" data-elementor-post-type=\"elementor_library\">\n\t\t\t<div class=\"elementor-element elementor-element-3de13da e-grid e-con-boxed e-con e-parent\" data-id=\"3de13da\" data-element_type=\"container\" data-e-type=\"container\" data-settings=\"{&quot;jet_parallax_layout_list&quot;:[]}\">\n\t\t\t\t\t<div class=\"e-con-inner\">\n\t\t<div class=\"elementor-element elementor-element-9e3810c e-con-full e-flex e-con e-child\" data-id=\"9e3810c\" data-element_type=\"container\" data-e-type=\"container\" data-settings=\"{&quot;background_background&quot;:&quot;classic&quot;,&quot;jet_parallax_layout_list&quot;:[]}\">\n\t\t\t\t<div class=\"elementor-element elementor-element-8057b84 elementor-widget elementor-widget-heading\" data-id=\"8057b84\" data-element_type=\"widget\" data-e-type=\"widget\" data-widget_type=\"heading.default\">\n\t\t\t\t<div class=\"elementor-widget-container\">\n\t\t\t\t\t<h2 class=\"elementor-heading-title elementor-size-default\">Vous \u00eates d\u00e9j\u00e0 client GO ! <\/h2>\t\t\t\t<\/div>\n\t\t\t\t<\/div>\n\t\t\t\t<div class=\"elementor-element elementor-element-b1fa535 elementor-widget elementor-widget-text-editor\" data-id=\"b1fa535\" data-element_type=\"widget\" data-e-type=\"widget\" data-widget_type=\"text-editor.default\">\n\t\t\t\t<div class=\"elementor-widget-container\">\n\t\t\t\t\t\t\t\t\t<p>Envoyer un colis maintenant :<\/p>\t\t\t\t\t\t\t\t<\/div>\n\t\t\t\t<\/div>\n\t\t\t\t<div class=\"elementor-element elementor-element-b3a7710 elementor-align-left elementor-widget elementor-widget-button\" data-id=\"b3a7710\" data-element_type=\"widget\" data-e-type=\"widget\" data-widget_type=\"button.default\">\n\t\t\t\t<div class=\"elementor-widget-container\">\n\t\t\t\t\t\t\t\t\t<div class=\"elementor-button-wrapper\">\n\t\t\t\t\t<a class=\"elementor-button elementor-button-link elementor-size-sm\" href=\"https:\/\/manage.1st-scan.net\/login\">\n\t\t\t\t\t\t<span class=\"elementor-button-content-wrapper\">\n\t\t\t\t\t\t<span class=\"elementor-button-icon\">\n\t\t\t\t<i aria-hidden=\"true\" class=\"icon icon-arrow-right\"><\/i>\t\t\t<\/span>\n\t\t\t\t\t\t\t\t\t<span class=\"elementor-button-text\">Vers le login<\/span>\n\t\t\t\t\t<\/span>\n\t\t\t\t\t<\/a>\n\t\t\t\t<\/div>\n\t\t\t\t\t\t\t\t<\/div>\n\t\t\t\t<\/div>\n\t\t\t\t<\/div>\n\t\t<div class=\"elementor-element elementor-element-858d6d0 e-con-full e-flex e-con e-child\" data-id=\"858d6d0\" data-element_type=\"container\" data-e-type=\"container\" data-settings=\"{&quot;background_background&quot;:&quot;classic&quot;,&quot;jet_parallax_layout_list&quot;:[]}\">\n\t\t\t\t<div class=\"elementor-element elementor-element-dbb029d elementor-widget elementor-widget-heading\" data-id=\"dbb029d\" data-element_type=\"widget\" data-e-type=\"widget\" data-widget_type=\"heading.default\">\n\t\t\t\t<div class=\"elementor-widget-container\">\n\t\t\t\t\t<h2 class=\"elementor-heading-title elementor-size-default\">Vous avez besoin d'aide ?<\/h2>\t\t\t\t<\/div>\n\t\t\t\t<\/div>\n\t\t\t\t<div class=\"elementor-element elementor-element-fd4db14 elementor-widget elementor-widget-text-editor\" data-id=\"fd4db14\" data-element_type=\"widget\" data-e-type=\"widget\" data-widget_type=\"text-editor.default\">\n\t\t\t\t<div class=\"elementor-widget-container\">\n\t\t\t\t\t\t\t\t\t<p>Pour des conseils personnalis\u00e9s, appelez le :<\/p>\t\t\t\t\t\t\t\t<\/div>\n\t\t\t\t<\/div>\n\t\t\t\t<div class=\"elementor-element elementor-element-7bb9beb elementor-align-left elementor-widget elementor-widget-button\" data-id=\"7bb9beb\" data-element_type=\"widget\" data-e-type=\"widget\" data-widget_type=\"button.default\">\n\t\t\t\t<div class=\"elementor-widget-container\">\n\t\t\t\t\t\t\t\t\t<div class=\"elementor-button-wrapper\">\n\t\t\t\t\t<a class=\"elementor-button elementor-button-link elementor-size-sm\" href=\"tel:+41800859999\">\n\t\t\t\t\t\t<span class=\"elementor-button-content-wrapper\">\n\t\t\t\t\t\t<span class=\"elementor-button-icon\">\n\t\t\t\t<i aria-hidden=\"true\" class=\"icon icon-phone1\"><\/i>\t\t\t<\/span>\n\t\t\t\t\t\t\t\t\t<span class=\"elementor-button-text\">0800 \/ 85 99 99<\/span>\n\t\t\t\t\t<\/span>\n\t\t\t\t\t<\/a>\n\t\t\t\t<\/div>\n\t\t\t\t\t\t\t\t<\/div>\n\t\t\t\t<\/div>\n\t\t\t\t<\/div>\n\t\t\t\t\t<\/div>\n\t\t\t\t<\/div>\n\t\t\t\t<\/div>\n\t\t\t\t<\/div>\n\t\t\t\t\t\t<\/div>\n\t\t\t\t<\/div>\n\t\t\t\t<\/div>\n\t\t\t\t<\/div>\n\t\t","protected":false},"excerpt":{"rendered":"<p>D\u00e9douanement ?GO ! Douanes Avec GO !, vous avez \u00e0 vos c\u00f4t\u00e9s un partenaire comp\u00e9tent, fort de plus de 20 ans d&rsquo;exp\u00e9rience, pour l&rsquo;envoi de vos envois internationaux. Vos avantages un personnel qualifi\u00e9 avec des ann\u00e9es d&rsquo;exp\u00e9rience en Suisse Infrastructure, processus et environnement informatique audit\u00e9s par l&rsquo;AEO Processus certifi\u00e9 ISO Agents de d\u00e9douanement en Allemagne [&hellip;]<\/p>\n","protected":false},"author":8,"featured_media":0,"parent":0,"menu_order":0,"comment_status":"closed","ping_status":"closed","template":"","meta":{"_monsterinsights_skip_tracking":false,"_monsterinsights_sitenote_active":false,"_monsterinsights_sitenote_note":"","_monsterinsights_sitenote_category":0,"footnotes":""},"class_list":["post-8835","page","type-page","status-publish","hentry"],"yoast_head":"<!-- This site is optimized with the Yoast SEO plugin v27.2 - https:\/\/yoast.com\/product\/yoast-seo-wordpress\/ -->\n<title>GO ! Douanes - GO! Express &amp; Logistics<\/title>\n<meta name=\"robots\" content=\"index, follow, max-snippet:-1, max-image-preview:large, max-video-preview:-1\" \/>\n<link rel=\"canonical\" href=\"https:\/\/generalovernight.ch\/fr\/go-douanes\/\" \/>\n<meta property=\"og:locale\" content=\"fr_FR\" \/>\n<meta property=\"og:type\" content=\"article\" \/>\n<meta property=\"og:title\" content=\"GO ! Douanes - GO! Express &amp; Logistics\" \/>\n<meta property=\"og:description\" content=\"D\u00e9douanement ?GO ! Douanes Avec GO !, vous avez \u00e0 vos c\u00f4t\u00e9s un partenaire comp\u00e9tent, fort de plus de 20 ans d&rsquo;exp\u00e9rience, pour l&rsquo;envoi de vos envois internationaux. Vos avantages un personnel qualifi\u00e9 avec des ann\u00e9es d&rsquo;exp\u00e9rience en Suisse Infrastructure, processus et environnement informatique audit\u00e9s par l&rsquo;AEO Processus certifi\u00e9 ISO Agents de d\u00e9douanement en Allemagne [&hellip;]\" \/>\n<meta property=\"og:url\" content=\"https:\/\/generalovernight.ch\/fr\/go-douanes\/\" \/>\n<meta property=\"og:site_name\" content=\"GO! Express &amp; Logistics\" \/>\n<meta property=\"article:modified_time\" content=\"2025-03-17T12:14:53+00:00\" \/>\n<meta property=\"og:image\" content=\"https:\/\/p682793.webspaceconfig.de\/wp-content\/uploads\/2024\/12\/2020_GO-Stadt_Sprinter_Innenstadt_Bruecke_-1-CH_haas-scaled-1-1024x683.jpg\" \/>\n<meta name=\"twitter:card\" content=\"summary_large_image\" \/>\n<meta name=\"twitter:label1\" content=\"Dur\u00e9e de lecture estim\u00e9e\" \/>\n\t<meta name=\"twitter:data1\" content=\"1 minute\" \/>\n<script type=\"application\/ld+json\" class=\"yoast-schema-graph\">{\"@context\":\"https:\/\/schema.org\",\"@graph\":[{\"@type\":\"WebPage\",\"@id\":\"https:\/\/generalovernight.ch\/fr\/go-douanes\/\",\"url\":\"https:\/\/generalovernight.ch\/fr\/go-douanes\/\",\"name\":\"GO ! Douanes - GO! Express &amp; Logistics\",\"isPartOf\":{\"@id\":\"https:\/\/generalovernight.ch\/fr\/#website\"},\"primaryImageOfPage\":{\"@id\":\"https:\/\/generalovernight.ch\/fr\/go-douanes\/#primaryimage\"},\"image\":{\"@id\":\"https:\/\/generalovernight.ch\/fr\/go-douanes\/#primaryimage\"},\"thumbnailUrl\":\"https:\/\/p682793.webspaceconfig.de\/wp-content\/uploads\/2024\/12\/2020_GO-Stadt_Sprinter_Innenstadt_Bruecke_-1-CH_haas-scaled-1-1024x683.jpg\",\"datePublished\":\"2024-12-16T14:05:18+00:00\",\"dateModified\":\"2025-03-17T12:14:53+00:00\",\"breadcrumb\":{\"@id\":\"https:\/\/generalovernight.ch\/fr\/go-douanes\/#breadcrumb\"},\"inLanguage\":\"fr-FR\",\"potentialAction\":[{\"@type\":\"ReadAction\",\"target\":[\"https:\/\/generalovernight.ch\/fr\/go-douanes\/\"]}]},{\"@type\":\"ImageObject\",\"inLanguage\":\"fr-FR\",\"@id\":\"https:\/\/generalovernight.ch\/fr\/go-douanes\/#primaryimage\",\"url\":\"https:\/\/p682793.webspaceconfig.de\/wp-content\/uploads\/2024\/12\/2020_GO-Stadt_Sprinter_Innenstadt_Bruecke_-1-CH_haas-scaled-1-1024x683.jpg\",\"contentUrl\":\"https:\/\/p682793.webspaceconfig.de\/wp-content\/uploads\/2024\/12\/2020_GO-Stadt_Sprinter_Innenstadt_Bruecke_-1-CH_haas-scaled-1-1024x683.jpg\"},{\"@type\":\"BreadcrumbList\",\"@id\":\"https:\/\/generalovernight.ch\/fr\/go-douanes\/#breadcrumb\",\"itemListElement\":[{\"@type\":\"ListItem\",\"position\":1,\"name\":\"Startseite\",\"item\":\"https:\/\/generalovernight.ch\/fr\/\"},{\"@type\":\"ListItem\",\"position\":2,\"name\":\"GO ! Douanes\"}]},{\"@type\":\"WebSite\",\"@id\":\"https:\/\/generalovernight.ch\/fr\/#website\",\"url\":\"https:\/\/generalovernight.ch\/fr\/\",\"name\":\"GO! Express &amp; Logistics\",\"description\":\"\",\"potentialAction\":[{\"@type\":\"SearchAction\",\"target\":{\"@type\":\"EntryPoint\",\"urlTemplate\":\"https:\/\/generalovernight.ch\/fr\/?s={search_term_string}\"},\"query-input\":{\"@type\":\"PropertyValueSpecification\",\"valueRequired\":true,\"valueName\":\"search_term_string\"}}],\"inLanguage\":\"fr-FR\"}]}<\/script>\n<!-- \/ Yoast SEO plugin. -->","yoast_head_json":{"title":"GO ! Douanes - GO! Express &amp; Logistics","robots":{"index":"index","follow":"follow","max-snippet":"max-snippet:-1","max-image-preview":"max-image-preview:large","max-video-preview":"max-video-preview:-1"},"canonical":"https:\/\/generalovernight.ch\/fr\/go-douanes\/","og_locale":"fr_FR","og_type":"article","og_title":"GO ! Douanes - GO! Express &amp; Logistics","og_description":"D\u00e9douanement ?GO ! Douanes Avec GO !, vous avez \u00e0 vos c\u00f4t\u00e9s un partenaire comp\u00e9tent, fort de plus de 20 ans d&rsquo;exp\u00e9rience, pour l&rsquo;envoi de vos envois internationaux. Vos avantages un personnel qualifi\u00e9 avec des ann\u00e9es d&rsquo;exp\u00e9rience en Suisse Infrastructure, processus et environnement informatique audit\u00e9s par l&rsquo;AEO Processus certifi\u00e9 ISO Agents de d\u00e9douanement en Allemagne [&hellip;]","og_url":"https:\/\/generalovernight.ch\/fr\/go-douanes\/","og_site_name":"GO! Express &amp; Logistics","article_modified_time":"2025-03-17T12:14:53+00:00","og_image":[{"url":"https:\/\/p682793.webspaceconfig.de\/wp-content\/uploads\/2024\/12\/2020_GO-Stadt_Sprinter_Innenstadt_Bruecke_-1-CH_haas-scaled-1-1024x683.jpg","type":"","width":"","height":""}],"twitter_card":"summary_large_image","twitter_misc":{"Dur\u00e9e de lecture estim\u00e9e":"1 minute"},"schema":{"@context":"https:\/\/schema.org","@graph":[{"@type":"WebPage","@id":"https:\/\/generalovernight.ch\/fr\/go-douanes\/","url":"https:\/\/generalovernight.ch\/fr\/go-douanes\/","name":"GO ! Douanes - GO! Express &amp; Logistics","isPartOf":{"@id":"https:\/\/generalovernight.ch\/fr\/#website"},"primaryImageOfPage":{"@id":"https:\/\/generalovernight.ch\/fr\/go-douanes\/#primaryimage"},"image":{"@id":"https:\/\/generalovernight.ch\/fr\/go-douanes\/#primaryimage"},"thumbnailUrl":"https:\/\/p682793.webspaceconfig.de\/wp-content\/uploads\/2024\/12\/2020_GO-Stadt_Sprinter_Innenstadt_Bruecke_-1-CH_haas-scaled-1-1024x683.jpg","datePublished":"2024-12-16T14:05:18+00:00","dateModified":"2025-03-17T12:14:53+00:00","breadcrumb":{"@id":"https:\/\/generalovernight.ch\/fr\/go-douanes\/#breadcrumb"},"inLanguage":"fr-FR","potentialAction":[{"@type":"ReadAction","target":["https:\/\/generalovernight.ch\/fr\/go-douanes\/"]}]},{"@type":"ImageObject","inLanguage":"fr-FR","@id":"https:\/\/generalovernight.ch\/fr\/go-douanes\/#primaryimage","url":"https:\/\/p682793.webspaceconfig.de\/wp-content\/uploads\/2024\/12\/2020_GO-Stadt_Sprinter_Innenstadt_Bruecke_-1-CH_haas-scaled-1-1024x683.jpg","contentUrl":"https:\/\/p682793.webspaceconfig.de\/wp-content\/uploads\/2024\/12\/2020_GO-Stadt_Sprinter_Innenstadt_Bruecke_-1-CH_haas-scaled-1-1024x683.jpg"},{"@type":"BreadcrumbList","@id":"https:\/\/generalovernight.ch\/fr\/go-douanes\/#breadcrumb","itemListElement":[{"@type":"ListItem","position":1,"name":"Startseite","item":"https:\/\/generalovernight.ch\/fr\/"},{"@type":"ListItem","position":2,"name":"GO ! Douanes"}]},{"@type":"WebSite","@id":"https:\/\/generalovernight.ch\/fr\/#website","url":"https:\/\/generalovernight.ch\/fr\/","name":"GO! Express &amp; Logistics","description":"","potentialAction":[{"@type":"SearchAction","target":{"@type":"EntryPoint","urlTemplate":"https:\/\/generalovernight.ch\/fr\/?s={search_term_string}"},"query-input":{"@type":"PropertyValueSpecification","valueRequired":true,"valueName":"search_term_string"}}],"inLanguage":"fr-FR"}]}},"_links":{"self":[{"href":"https:\/\/generalovernight.ch\/fr\/wp-json\/wp\/v2\/pages\/8835","targetHints":{"allow":["GET"]}}],"collection":[{"href":"https:\/\/generalovernight.ch\/fr\/wp-json\/wp\/v2\/pages"}],"about":[{"href":"https:\/\/generalovernight.ch\/fr\/wp-json\/wp\/v2\/types\/page"}],"author":[{"embeddable":true,"href":"https:\/\/generalovernight.ch\/fr\/wp-json\/wp\/v2\/users\/8"}],"replies":[{"embeddable":true,"href":"https:\/\/generalovernight.ch\/fr\/wp-json\/wp\/v2\/comments?post=8835"}],"version-history":[{"count":2,"href":"https:\/\/generalovernight.ch\/fr\/wp-json\/wp\/v2\/pages\/8835\/revisions"}],"predecessor-version":[{"id":8840,"href":"https:\/\/generalovernight.ch\/fr\/wp-json\/wp\/v2\/pages\/8835\/revisions\/8840"}],"wp:attachment":[{"href":"https:\/\/generalovernight.ch\/fr\/wp-json\/wp\/v2\/media?parent=8835"}],"curies":[{"name":"wp","href":"https:\/\/api.w.org\/{rel}","templated":true}]}}