{"id":8844,"date":"2024-12-16T15:55:30","date_gmt":"2024-12-16T15:55:30","guid":{"rendered":"https:\/\/p682793.webspaceconfig.de\/notre-reseau\/"},"modified":"2025-03-21T20:03:23","modified_gmt":"2025-03-21T20:03:23","slug":"notre-reseau","status":"publish","type":"page","link":"https:\/\/generalovernight.ch\/fr\/notre-reseau\/","title":{"rendered":"Notre r\u00e9seau"},"content":{"rendered":"\t\t<div data-elementor-type=\"wp-page\" data-elementor-id=\"8844\" class=\"elementor elementor-8844 elementor-6622\" data-elementor-post-type=\"page\">\n\t\t\t\t<div class=\"elementor-element elementor-element-29d1679 e-flex e-con-boxed e-con e-parent\" data-id=\"29d1679\" data-element_type=\"container\" data-e-type=\"container\" data-settings=\"{&quot;jet_parallax_layout_list&quot;:[]}\">\n\t\t\t\t\t<div class=\"e-con-inner\">\n\t\t\t\t<div class=\"elementor-element elementor-element-44eb7b2 elementor-widget elementor-widget-heading\" data-id=\"44eb7b2\" data-element_type=\"widget\" data-e-type=\"widget\" data-widget_type=\"heading.default\">\n\t\t\t\t<div class=\"elementor-widget-container\">\n\t\t\t\t\t<h1 class=\"elementor-heading-title elementor-size-default\">Notre r\u00e9seau<\/h1>\t\t\t\t<\/div>\n\t\t\t\t<\/div>\n\t\t\t\t<div class=\"elementor-element elementor-element-837b2bd elementor-widget elementor-widget-spacer\" data-id=\"837b2bd\" data-element_type=\"widget\" data-e-type=\"widget\" data-widget_type=\"spacer.default\">\n\t\t\t\t<div class=\"elementor-widget-container\">\n\t\t\t\t\t\t\t<div class=\"elementor-spacer\">\n\t\t\t<div class=\"elementor-spacer-inner\"><\/div>\n\t\t<\/div>\n\t\t\t\t\t\t<\/div>\n\t\t\t\t<\/div>\n\t\t\t\t<div class=\"elementor-element elementor-element-6676bf4 elementor-widget elementor-widget-text-editor\" data-id=\"6676bf4\" data-element_type=\"widget\" data-e-type=\"widget\" data-widget_type=\"text-editor.default\">\n\t\t\t\t<div class=\"elementor-widget-container\">\n\t\t\t\t\t\t\t\t\t<p>GO ! &#8211; c&rsquo;est aussi un engagement sans faille. Pour nos clients et notre entreprise. Notre d\u00e9veloppement est donc rapide : en 1984, nous avons d\u00e9marr\u00e9 sous le nom de \u00ab\u00a0Arbeitsgemeinschaft deutscher Kurierdienste\u00a0\u00bb. Une fondation de coursiers urbains exp\u00e9riment\u00e9s. Aujourd&rsquo;hui, nous avons franchi de nombreuses \u00e9tapes et sommes le plus grand prestataire europ\u00e9en de services de courrier express et de messagerie ind\u00e9pendant de tout groupe.     <\/p>\t\t\t\t\t\t\t\t<\/div>\n\t\t\t\t<\/div>\n\t\t\t\t\t<\/div>\n\t\t\t\t<\/div>\n\t\t<div class=\"elementor-element elementor-element-d42c84f e-grid e-con-boxed e-con e-parent\" data-id=\"d42c84f\" data-element_type=\"container\" data-e-type=\"container\" data-settings=\"{&quot;jet_parallax_layout_list&quot;:[]}\">\n\t\t\t\t\t<div class=\"e-con-inner\">\n\t\t\t\t<div class=\"elementor-element elementor-element-714cc2d elementor-widget elementor-widget-image\" data-id=\"714cc2d\" data-element_type=\"widget\" data-e-type=\"widget\" data-widget_type=\"image.default\">\n\t\t\t\t<div class=\"elementor-widget-container\">\n\t\t\t\t\t\t\t\t\t\t\t\t\t\t\t<img fetchpriority=\"high\" decoding=\"async\" width=\"800\" height=\"166\" src=\"https:\/\/generalovernight.ch\/wp-content\/uploads\/2023\/01\/GO-HUB_Innenhof-Nacht-1024x213.jpeg\" class=\"attachment-large size-large wp-image-4065\" alt=\"\" srcset=\"https:\/\/generalovernight.ch\/wp-content\/uploads\/2023\/01\/GO-HUB_Innenhof-Nacht-1024x213.jpeg 1024w, https:\/\/generalovernight.ch\/wp-content\/uploads\/2023\/01\/GO-HUB_Innenhof-Nacht-300x63.jpeg 300w, https:\/\/generalovernight.ch\/wp-content\/uploads\/2023\/01\/GO-HUB_Innenhof-Nacht-768x160.jpeg 768w, https:\/\/generalovernight.ch\/wp-content\/uploads\/2023\/01\/GO-HUB_Innenhof-Nacht-1536x320.jpeg 1536w, https:\/\/generalovernight.ch\/wp-content\/uploads\/2023\/01\/GO-HUB_Innenhof-Nacht.jpeg 1920w\" sizes=\"(max-width: 800px) 100vw, 800px\" \/>\t\t\t\t\t\t\t\t\t\t\t\t\t\t\t<\/div>\n\t\t\t\t<\/div>\n\t\t<div class=\"elementor-element elementor-element-d18e08e e-con-full e-flex e-con e-child\" data-id=\"d18e08e\" data-element_type=\"container\" data-e-type=\"container\" data-settings=\"{&quot;jet_parallax_layout_list&quot;:[],&quot;background_background&quot;:&quot;classic&quot;}\">\n\t\t<div class=\"elementor-element elementor-element-c56daac e-con-full e-flex e-con e-child\" data-id=\"c56daac\" data-element_type=\"container\" data-e-type=\"container\" data-settings=\"{&quot;background_background&quot;:&quot;classic&quot;,&quot;jet_parallax_layout_list&quot;:[]}\">\n\t\t\t\t<div class=\"elementor-element elementor-element-afd6697 elementor-widget elementor-widget-heading\" data-id=\"afd6697\" data-element_type=\"widget\" data-e-type=\"widget\" data-widget_type=\"heading.default\">\n\t\t\t\t<div class=\"elementor-widget-container\">\n\t\t\t\t\t<h2 class=\"elementor-heading-title elementor-size-default\">Faits et chiffres<\/h2>\t\t\t\t<\/div>\n\t\t\t\t<\/div>\n\t\t\t\t<div class=\"elementor-element elementor-element-5737d1b elementor-widget elementor-widget-text-editor\" data-id=\"5737d1b\" data-element_type=\"widget\" data-e-type=\"widget\" data-widget_type=\"text-editor.default\">\n\t\t\t\t<div class=\"elementor-widget-container\">\n\t\t\t\t\t\t\t\t\t<ul><li>plus de 7.600 m\u00b2 d&rsquo;espace de production et de stockage<\/li><li>127 portes, dont 10 portes pour camions<\/li><li>1.637 m\u00e8tres d&rsquo;installation de bande avec :<ul><li>68 toboggans<\/li><li>4 trieurs de chaussures<\/li><li>14 tapis de d\u00e9chargement t\u00e9lescopiques<\/li><\/ul><\/li><\/ul>\t\t\t\t\t\t\t\t<\/div>\n\t\t\t\t<\/div>\n\t\t\t\t<div class=\"elementor-element elementor-element-6f7f823 elementor-widget elementor-widget-text-editor\" data-id=\"6f7f823\" data-element_type=\"widget\" data-e-type=\"widget\" data-widget_type=\"text-editor.default\">\n\t\t\t\t<div class=\"elementor-widget-container\">\n\t\t\t\t\t\t\t\t\t<p>Nuit apr\u00e8s nuit : capacit\u00e9 de tri de 10.500 colis par heure sur un site de 30.000 m\u00b2. Pour des solutions logistiques hors_du_commun, \u00e0 la vitesse de l&rsquo;\u00e9clair. <\/p>\t\t\t\t\t\t\t\t<\/div>\n\t\t\t\t<\/div>\n\t\t<div class=\"elementor-element elementor-element-7cffefe e-con-full e-flex e-con e-child\" data-id=\"7cffefe\" data-element_type=\"container\" data-e-type=\"container\" data-settings=\"{&quot;jet_parallax_layout_list&quot;:[]}\">\n\t\t\t\t<div class=\"elementor-element elementor-element-6fb04e6 elementor-mobile-align-justify elementor-widget elementor-widget-button\" data-id=\"6fb04e6\" data-element_type=\"widget\" data-e-type=\"widget\" data-widget_type=\"button.default\">\n\t\t\t\t<div class=\"elementor-widget-container\">\n\t\t\t\t\t\t\t\t\t<div class=\"elementor-button-wrapper\">\n\t\t\t\t\t<a class=\"elementor-button elementor-button-link elementor-size-sm\" href=\"tel:+41800859999\">\n\t\t\t\t\t\t<span class=\"elementor-button-content-wrapper\">\n\t\t\t\t\t\t<span class=\"elementor-button-icon\">\n\t\t\t\t<i aria-hidden=\"true\" class=\"icon icon-phone1\"><\/i>\t\t\t<\/span>\n\t\t\t\t\t\t\t\t\t<span class=\"elementor-button-text\">Appelez-nous<\/span>\n\t\t\t\t\t<\/span>\n\t\t\t\t\t<\/a>\n\t\t\t\t<\/div>\n\t\t\t\t\t\t\t\t<\/div>\n\t\t\t\t<\/div>\n\t\t\t\t<div class=\"elementor-element elementor-element-3b9e205 elementor-mobile-align-justify elementor-widget elementor-widget-button\" data-id=\"3b9e205\" data-element_type=\"widget\" data-e-type=\"widget\" data-widget_type=\"button.default\">\n\t\t\t\t<div class=\"elementor-widget-container\">\n\t\t\t\t\t\t\t\t\t<div class=\"elementor-button-wrapper\">\n\t\t\t\t\t<a class=\"elementor-button elementor-button-link elementor-size-sm\" href=\"https:\/\/p682793.webspaceconfig.de\/fr\/?page_id=8791\">\n\t\t\t\t\t\t<span class=\"elementor-button-content-wrapper\">\n\t\t\t\t\t\t<span class=\"elementor-button-icon\">\n\t\t\t\t<i aria-hidden=\"true\" class=\"far fa-envelope\"><\/i>\t\t\t<\/span>\n\t\t\t\t\t\t\t\t\t<span class=\"elementor-button-text\">Demande d'envoi<\/span>\n\t\t\t\t\t<\/span>\n\t\t\t\t\t<\/a>\n\t\t\t\t<\/div>\n\t\t\t\t\t\t\t\t<\/div>\n\t\t\t\t<\/div>\n\t\t\t\t<\/div>\n\t\t\t\t<\/div>\n\t\t\t\t<\/div>\n\t\t\t\t\t<\/div>\n\t\t\t\t<\/div>\n\t\t<div class=\"elementor-element elementor-element-8c9fdaf e-grid e-con-boxed e-con e-parent\" data-id=\"8c9fdaf\" data-element_type=\"container\" data-e-type=\"container\" data-settings=\"{&quot;jet_parallax_layout_list&quot;:[]}\">\n\t\t\t\t\t<div class=\"e-con-inner\">\n\t\t<div class=\"elementor-element elementor-element-6d4797a e-con-full e-flex e-con e-child\" data-id=\"6d4797a\" data-element_type=\"container\" data-e-type=\"container\" data-settings=\"{&quot;jet_parallax_layout_list&quot;:[],&quot;background_background&quot;:&quot;classic&quot;}\">\n\t\t<div class=\"elementor-element elementor-element-2e6a0ce e-con-full e-flex e-con e-child\" data-id=\"2e6a0ce\" data-element_type=\"container\" data-e-type=\"container\" data-settings=\"{&quot;background_background&quot;:&quot;classic&quot;,&quot;jet_parallax_layout_list&quot;:[]}\">\n\t\t\t\t<div class=\"elementor-element elementor-element-868ceb8 elementor-widget elementor-widget-heading\" data-id=\"868ceb8\" data-element_type=\"widget\" data-e-type=\"widget\" data-widget_type=\"heading.default\">\n\t\t\t\t<div class=\"elementor-widget-container\">\n\t\t\t\t\t<h2 class=\"elementor-heading-title elementor-size-default\">Logistique de messagerie et de transport express de haut niveau  <\/h2>\t\t\t\t<\/div>\n\t\t\t\t<\/div>\n\t\t\t\t<div class=\"elementor-element elementor-element-798c97a elementor-widget elementor-widget-text-editor\" data-id=\"798c97a\" data-element_type=\"widget\" data-e-type=\"widget\" data-widget_type=\"text-editor.default\">\n\t\t\t\t<div class=\"elementor-widget-container\">\n\t\t\t\t\t\t\t\t\t<div class=\"container neos-nodetypes-text\"><div><p>C&rsquo;est en Hesse, \u00e0 Niederaula, que se trouve notre principale base de transbordement et donc le n\u0153ud central du syst\u00e8me GO ! En cons\u00e9quence, la surface est grande &#8211; plus de 7.600 m\u00b2 uniquement pour la logistique et la technique la plus moderne. Nous sommes donc parfaitement \u00e9quip\u00e9s pour r\u00e9pondre \u00e0 vos exigences.<br>Nous investissons en outre dans d&rsquo;autres sites et hubs r\u00e9gionaux. Ainsi, GO ! permet des trajets de transport courts et respectueux des ressources et des d\u00e9lais de traitement rapides.    <\/p><\/div><\/div><div class=\"container neos-nodetypes-text\"><div><p>Flexibilit\u00e9, qualit\u00e9, fiabilit\u00e9 et rentabilit\u00e9 : les quatre principes que nous concilions chaque jour. Pour ce faire, il est essentiel d&rsquo;optimiser la planification des lignes et du tri dans tous les HUBs ainsi que les ressources disponibles (capacit\u00e9s de transport et personnel). <\/p><p>Plus de 300 lignes desservent le r\u00e9seau \u00e9tendu de plus de 60 stations en Allemagne et d&rsquo;environ 40 autres stations dans les pays limitrophes. Pour nos clients, cela signifie un approvisionnement logistique dans des d\u00e9lais tr\u00e8s courts. <\/p><p>En Europe, GO ! est repr\u00e9sent\u00e9, outre l&rsquo;Allemagne, par ses propres soci\u00e9t\u00e9s nationales au Danemark, au Luxembourg, en Autriche, en Pologne, en R\u00e9publique tch\u00e8que, en Slovaquie et en Suisse. D&rsquo;autres pays limitrophes, dont la Belgique, l&rsquo;Angleterre, la France, les Pays-Bas, l&rsquo;Italie, la Slov\u00e9nie et la Hongrie, sont reli\u00e9s par des partenaires de coop\u00e9ration fixes. <\/p><\/div><\/div>\t\t\t\t\t\t\t\t<\/div>\n\t\t\t\t<\/div>\n\t\t\t\t<\/div>\n\t\t\t\t<\/div>\n\t\t\t\t<div class=\"elementor-element elementor-element-37d4d2b elementor-widget elementor-widget-image\" data-id=\"37d4d2b\" data-element_type=\"widget\" data-e-type=\"widget\" data-widget_type=\"image.default\">\n\t\t\t\t<div class=\"elementor-widget-container\">\n\t\t\t\t\t\t\t\t\t\t\t\t\t\t\t<img decoding=\"async\" width=\"800\" height=\"566\" src=\"https:\/\/generalovernight.ch\/wp-content\/uploads\/2024\/12\/GO_Crafter_Architektur_ZH-scaled-1-1024x724.jpg\" class=\"attachment-large size-large wp-image-8900\" alt=\"\" srcset=\"https:\/\/generalovernight.ch\/wp-content\/uploads\/2024\/12\/GO_Crafter_Architektur_ZH-scaled-1-1024x724.jpg 1024w, https:\/\/generalovernight.ch\/wp-content\/uploads\/2024\/12\/GO_Crafter_Architektur_ZH-scaled-1-300x212.jpg 300w, https:\/\/generalovernight.ch\/wp-content\/uploads\/2024\/12\/GO_Crafter_Architektur_ZH-scaled-1-768x543.jpg 768w, https:\/\/generalovernight.ch\/wp-content\/uploads\/2024\/12\/GO_Crafter_Architektur_ZH-scaled-1-1536x1086.jpg 1536w, https:\/\/generalovernight.ch\/wp-content\/uploads\/2024\/12\/GO_Crafter_Architektur_ZH-scaled-1-2048x1448.jpg 2048w\" sizes=\"(max-width: 800px) 100vw, 800px\" \/>\t\t\t\t\t\t\t\t\t\t\t\t\t\t\t<\/div>\n\t\t\t\t<\/div>\n\t\t\t\t\t<\/div>\n\t\t\t\t<\/div>\n\t\t\t\t<\/div>\n\t\t","protected":false},"excerpt":{"rendered":"<p>Notre r\u00e9seau GO ! &#8211; c&rsquo;est aussi un engagement sans faille. Pour nos clients et notre entreprise. Notre d\u00e9veloppement est donc rapide : en 1984, nous avons d\u00e9marr\u00e9 sous le nom de \u00ab\u00a0Arbeitsgemeinschaft deutscher Kurierdienste\u00a0\u00bb. Une fondation de coursiers urbains exp\u00e9riment\u00e9s. Aujourd&rsquo;hui, nous avons franchi de nombreuses \u00e9tapes et sommes le plus grand prestataire europ\u00e9en [&hellip;]<\/p>\n","protected":false},"author":8,"featured_media":0,"parent":0,"menu_order":0,"comment_status":"closed","ping_status":"closed","template":"","meta":{"_monsterinsights_skip_tracking":false,"_monsterinsights_sitenote_active":false,"_monsterinsights_sitenote_note":"","_monsterinsights_sitenote_category":0,"footnotes":""},"class_list":["post-8844","page","type-page","status-publish","hentry"],"yoast_head":"<!-- This site is optimized with the Yoast SEO plugin v27.2 - https:\/\/yoast.com\/product\/yoast-seo-wordpress\/ -->\n<title>Notre r\u00e9seau - GO! Express &amp; Logistics<\/title>\n<meta name=\"robots\" content=\"index, follow, max-snippet:-1, max-image-preview:large, max-video-preview:-1\" \/>\n<link rel=\"canonical\" href=\"https:\/\/generalovernight.ch\/fr\/notre-reseau\/\" \/>\n<meta property=\"og:locale\" content=\"fr_FR\" \/>\n<meta property=\"og:type\" content=\"article\" \/>\n<meta property=\"og:title\" content=\"Notre r\u00e9seau - GO! Express &amp; Logistics\" \/>\n<meta property=\"og:description\" content=\"Notre r\u00e9seau GO ! &#8211; c&rsquo;est aussi un engagement sans faille. Pour nos clients et notre entreprise. Notre d\u00e9veloppement est donc rapide : en 1984, nous avons d\u00e9marr\u00e9 sous le nom de \u00ab\u00a0Arbeitsgemeinschaft deutscher Kurierdienste\u00a0\u00bb. Une fondation de coursiers urbains exp\u00e9riment\u00e9s. Aujourd&rsquo;hui, nous avons franchi de nombreuses \u00e9tapes et sommes le plus grand prestataire europ\u00e9en [&hellip;]\" \/>\n<meta property=\"og:url\" content=\"https:\/\/generalovernight.ch\/fr\/notre-reseau\/\" \/>\n<meta property=\"og:site_name\" content=\"GO! Express &amp; Logistics\" \/>\n<meta property=\"article:modified_time\" content=\"2025-03-21T20:03:23+00:00\" \/>\n<meta property=\"og:image\" content=\"https:\/\/p682793.webspaceconfig.de\/wp-content\/uploads\/2023\/01\/GO-HUB_Innenhof-Nacht-1024x213.jpeg\" \/>\n<meta name=\"twitter:card\" content=\"summary_large_image\" \/>\n<meta name=\"twitter:label1\" content=\"Dur\u00e9e de lecture estim\u00e9e\" \/>\n\t<meta name=\"twitter:data1\" content=\"2 minutes\" \/>\n<script type=\"application\/ld+json\" class=\"yoast-schema-graph\">{\"@context\":\"https:\/\/schema.org\",\"@graph\":[{\"@type\":\"WebPage\",\"@id\":\"https:\/\/generalovernight.ch\/fr\/notre-reseau\/\",\"url\":\"https:\/\/generalovernight.ch\/fr\/notre-reseau\/\",\"name\":\"Notre r\u00e9seau - GO! Express &amp; Logistics\",\"isPartOf\":{\"@id\":\"https:\/\/generalovernight.ch\/fr\/#website\"},\"primaryImageOfPage\":{\"@id\":\"https:\/\/generalovernight.ch\/fr\/notre-reseau\/#primaryimage\"},\"image\":{\"@id\":\"https:\/\/generalovernight.ch\/fr\/notre-reseau\/#primaryimage\"},\"thumbnailUrl\":\"https:\/\/p682793.webspaceconfig.de\/wp-content\/uploads\/2023\/01\/GO-HUB_Innenhof-Nacht-1024x213.jpeg\",\"datePublished\":\"2024-12-16T15:55:30+00:00\",\"dateModified\":\"2025-03-21T20:03:23+00:00\",\"breadcrumb\":{\"@id\":\"https:\/\/generalovernight.ch\/fr\/notre-reseau\/#breadcrumb\"},\"inLanguage\":\"fr-FR\",\"potentialAction\":[{\"@type\":\"ReadAction\",\"target\":[\"https:\/\/generalovernight.ch\/fr\/notre-reseau\/\"]}]},{\"@type\":\"ImageObject\",\"inLanguage\":\"fr-FR\",\"@id\":\"https:\/\/generalovernight.ch\/fr\/notre-reseau\/#primaryimage\",\"url\":\"https:\/\/p682793.webspaceconfig.de\/wp-content\/uploads\/2023\/01\/GO-HUB_Innenhof-Nacht-1024x213.jpeg\",\"contentUrl\":\"https:\/\/p682793.webspaceconfig.de\/wp-content\/uploads\/2023\/01\/GO-HUB_Innenhof-Nacht-1024x213.jpeg\"},{\"@type\":\"BreadcrumbList\",\"@id\":\"https:\/\/generalovernight.ch\/fr\/notre-reseau\/#breadcrumb\",\"itemListElement\":[{\"@type\":\"ListItem\",\"position\":1,\"name\":\"Startseite\",\"item\":\"https:\/\/generalovernight.ch\/fr\/\"},{\"@type\":\"ListItem\",\"position\":2,\"name\":\"Notre r\u00e9seau\"}]},{\"@type\":\"WebSite\",\"@id\":\"https:\/\/generalovernight.ch\/fr\/#website\",\"url\":\"https:\/\/generalovernight.ch\/fr\/\",\"name\":\"GO! Express &amp; Logistics\",\"description\":\"\",\"potentialAction\":[{\"@type\":\"SearchAction\",\"target\":{\"@type\":\"EntryPoint\",\"urlTemplate\":\"https:\/\/generalovernight.ch\/fr\/?s={search_term_string}\"},\"query-input\":{\"@type\":\"PropertyValueSpecification\",\"valueRequired\":true,\"valueName\":\"search_term_string\"}}],\"inLanguage\":\"fr-FR\"}]}<\/script>\n<!-- \/ Yoast SEO plugin. -->","yoast_head_json":{"title":"Notre r\u00e9seau - GO! Express &amp; Logistics","robots":{"index":"index","follow":"follow","max-snippet":"max-snippet:-1","max-image-preview":"max-image-preview:large","max-video-preview":"max-video-preview:-1"},"canonical":"https:\/\/generalovernight.ch\/fr\/notre-reseau\/","og_locale":"fr_FR","og_type":"article","og_title":"Notre r\u00e9seau - GO! Express &amp; Logistics","og_description":"Notre r\u00e9seau GO ! &#8211; c&rsquo;est aussi un engagement sans faille. Pour nos clients et notre entreprise. Notre d\u00e9veloppement est donc rapide : en 1984, nous avons d\u00e9marr\u00e9 sous le nom de \u00ab\u00a0Arbeitsgemeinschaft deutscher Kurierdienste\u00a0\u00bb. Une fondation de coursiers urbains exp\u00e9riment\u00e9s. Aujourd&rsquo;hui, nous avons franchi de nombreuses \u00e9tapes et sommes le plus grand prestataire europ\u00e9en [&hellip;]","og_url":"https:\/\/generalovernight.ch\/fr\/notre-reseau\/","og_site_name":"GO! Express &amp; Logistics","article_modified_time":"2025-03-21T20:03:23+00:00","og_image":[{"url":"https:\/\/p682793.webspaceconfig.de\/wp-content\/uploads\/2023\/01\/GO-HUB_Innenhof-Nacht-1024x213.jpeg","type":"","width":"","height":""}],"twitter_card":"summary_large_image","twitter_misc":{"Dur\u00e9e de lecture estim\u00e9e":"2 minutes"},"schema":{"@context":"https:\/\/schema.org","@graph":[{"@type":"WebPage","@id":"https:\/\/generalovernight.ch\/fr\/notre-reseau\/","url":"https:\/\/generalovernight.ch\/fr\/notre-reseau\/","name":"Notre r\u00e9seau - GO! Express &amp; Logistics","isPartOf":{"@id":"https:\/\/generalovernight.ch\/fr\/#website"},"primaryImageOfPage":{"@id":"https:\/\/generalovernight.ch\/fr\/notre-reseau\/#primaryimage"},"image":{"@id":"https:\/\/generalovernight.ch\/fr\/notre-reseau\/#primaryimage"},"thumbnailUrl":"https:\/\/p682793.webspaceconfig.de\/wp-content\/uploads\/2023\/01\/GO-HUB_Innenhof-Nacht-1024x213.jpeg","datePublished":"2024-12-16T15:55:30+00:00","dateModified":"2025-03-21T20:03:23+00:00","breadcrumb":{"@id":"https:\/\/generalovernight.ch\/fr\/notre-reseau\/#breadcrumb"},"inLanguage":"fr-FR","potentialAction":[{"@type":"ReadAction","target":["https:\/\/generalovernight.ch\/fr\/notre-reseau\/"]}]},{"@type":"ImageObject","inLanguage":"fr-FR","@id":"https:\/\/generalovernight.ch\/fr\/notre-reseau\/#primaryimage","url":"https:\/\/p682793.webspaceconfig.de\/wp-content\/uploads\/2023\/01\/GO-HUB_Innenhof-Nacht-1024x213.jpeg","contentUrl":"https:\/\/p682793.webspaceconfig.de\/wp-content\/uploads\/2023\/01\/GO-HUB_Innenhof-Nacht-1024x213.jpeg"},{"@type":"BreadcrumbList","@id":"https:\/\/generalovernight.ch\/fr\/notre-reseau\/#breadcrumb","itemListElement":[{"@type":"ListItem","position":1,"name":"Startseite","item":"https:\/\/generalovernight.ch\/fr\/"},{"@type":"ListItem","position":2,"name":"Notre r\u00e9seau"}]},{"@type":"WebSite","@id":"https:\/\/generalovernight.ch\/fr\/#website","url":"https:\/\/generalovernight.ch\/fr\/","name":"GO! Express &amp; Logistics","description":"","potentialAction":[{"@type":"SearchAction","target":{"@type":"EntryPoint","urlTemplate":"https:\/\/generalovernight.ch\/fr\/?s={search_term_string}"},"query-input":{"@type":"PropertyValueSpecification","valueRequired":true,"valueName":"search_term_string"}}],"inLanguage":"fr-FR"}]}},"_links":{"self":[{"href":"https:\/\/generalovernight.ch\/fr\/wp-json\/wp\/v2\/pages\/8844","targetHints":{"allow":["GET"]}}],"collection":[{"href":"https:\/\/generalovernight.ch\/fr\/wp-json\/wp\/v2\/pages"}],"about":[{"href":"https:\/\/generalovernight.ch\/fr\/wp-json\/wp\/v2\/types\/page"}],"author":[{"embeddable":true,"href":"https:\/\/generalovernight.ch\/fr\/wp-json\/wp\/v2\/users\/8"}],"replies":[{"embeddable":true,"href":"https:\/\/generalovernight.ch\/fr\/wp-json\/wp\/v2\/comments?post=8844"}],"version-history":[{"count":2,"href":"https:\/\/generalovernight.ch\/fr\/wp-json\/wp\/v2\/pages\/8844\/revisions"}],"predecessor-version":[{"id":8846,"href":"https:\/\/generalovernight.ch\/fr\/wp-json\/wp\/v2\/pages\/8844\/revisions\/8846"}],"wp:attachment":[{"href":"https:\/\/generalovernight.ch\/fr\/wp-json\/wp\/v2\/media?parent=8844"}],"curies":[{"name":"wp","href":"https:\/\/api.w.org\/{rel}","templated":true}]}}