{"id":8863,"date":"2024-12-16T07:48:19","date_gmt":"2024-12-16T07:48:19","guid":{"rendered":"https:\/\/p682793.webspaceconfig.de\/go-service-fret\/"},"modified":"2025-03-17T12:15:13","modified_gmt":"2025-03-17T12:15:13","slug":"go-service-fret","status":"publish","type":"page","link":"https:\/\/generalovernight.ch\/fr\/produits\/go-solutions\/exigences-particulieres-en-matiere-dexpedition\/go-service-fret\/","title":{"rendered":"GO ! Service Fret"},"content":{"rendered":"\t\t<div data-elementor-type=\"wp-page\" data-elementor-id=\"8863\" class=\"elementor elementor-8863 elementor-6282\" data-elementor-post-type=\"page\">\n\t\t\t\t<div class=\"elementor-element elementor-element-69caa16 e-flex e-con-boxed e-con e-parent\" data-id=\"69caa16\" data-element_type=\"container\" data-e-type=\"container\" data-settings=\"{&quot;jet_parallax_layout_list&quot;:[]}\">\n\t\t\t\t\t<div class=\"e-con-inner\">\n\t\t\t\t<div class=\"elementor-element elementor-element-cd2f67b elementor-widget elementor-widget-heading\" data-id=\"cd2f67b\" data-element_type=\"widget\" data-e-type=\"widget\" data-widget_type=\"heading.default\">\n\t\t\t\t<div class=\"elementor-widget-container\">\n\t\t\t\t\t<h1 class=\"elementor-heading-title elementor-size-default\">Service de fret mais rapide ?<br>GO ! Service Fret <\/h1>\t\t\t\t<\/div>\n\t\t\t\t<\/div>\n\t\t\t\t<div class=\"elementor-element elementor-element-d0d61ae elementor-widget elementor-widget-spacer\" data-id=\"d0d61ae\" data-element_type=\"widget\" data-e-type=\"widget\" data-widget_type=\"spacer.default\">\n\t\t\t\t<div class=\"elementor-widget-container\">\n\t\t\t\t\t\t\t<div class=\"elementor-spacer\">\n\t\t\t<div class=\"elementor-spacer-inner\"><\/div>\n\t\t<\/div>\n\t\t\t\t\t\t<\/div>\n\t\t\t\t<\/div>\n\t\t\t\t<div class=\"elementor-element elementor-element-6dac02e elementor-widget elementor-widget-text-editor\" data-id=\"6dac02e\" data-element_type=\"widget\" data-e-type=\"widget\" data-widget_type=\"text-editor.default\">\n\t\t\t\t<div class=\"elementor-widget-container\">\n\t\t\t\t\t\t\t\t\t<p>Si le poids et la taille sont exceptionnels, le transport de votre envoi n&rsquo;est pas exclu pour autant.<\/p>\t\t\t\t\t\t\t\t<\/div>\n\t\t\t\t<\/div>\n\t\t\t\t\t<\/div>\n\t\t\t\t<\/div>\n\t\t<div class=\"elementor-element elementor-element-ad0ec6a e-grid e-con-boxed e-con e-parent\" data-id=\"ad0ec6a\" data-element_type=\"container\" data-e-type=\"container\" data-settings=\"{&quot;jet_parallax_layout_list&quot;:[]}\">\n\t\t\t\t\t<div class=\"e-con-inner\">\n\t\t\t\t<div class=\"elementor-element elementor-element-0c82fe6 elementor-widget elementor-widget-image\" data-id=\"0c82fe6\" data-element_type=\"widget\" data-e-type=\"widget\" data-widget_type=\"image.default\">\n\t\t\t\t<div class=\"elementor-widget-container\">\n\t\t\t\t\t\t\t\t\t\t\t\t\t\t\t<img fetchpriority=\"high\" decoding=\"async\" width=\"711\" height=\"400\" src=\"https:\/\/generalovernight.ch\/wp-content\/uploads\/2024\/12\/GO-freight2-rotated.jpg\" class=\"attachment-large size-large wp-image-8865\" alt=\"\" srcset=\"https:\/\/generalovernight.ch\/wp-content\/uploads\/2024\/12\/GO-freight2-rotated.jpg 711w, https:\/\/generalovernight.ch\/wp-content\/uploads\/2024\/12\/GO-freight2-300x169.jpg 300w\" sizes=\"(max-width: 711px) 100vw, 711px\" \/>\t\t\t\t\t\t\t\t\t\t\t\t\t\t\t<\/div>\n\t\t\t\t<\/div>\n\t\t<div class=\"elementor-element elementor-element-c1d0eac e-con-full e-flex e-con e-child\" data-id=\"c1d0eac\" data-element_type=\"container\" data-e-type=\"container\" data-settings=\"{&quot;jet_parallax_layout_list&quot;:[],&quot;background_background&quot;:&quot;classic&quot;}\">\n\t\t<div class=\"elementor-element elementor-element-5819172 e-con-full e-flex e-con e-child\" data-id=\"5819172\" data-element_type=\"container\" data-e-type=\"container\" data-settings=\"{&quot;background_background&quot;:&quot;classic&quot;,&quot;jet_parallax_layout_list&quot;:[]}\">\n\t\t\t\t<div class=\"elementor-element elementor-element-90d5721 elementor-widget elementor-widget-heading\" data-id=\"90d5721\" data-element_type=\"widget\" data-e-type=\"widget\" data-widget_type=\"heading.default\">\n\t\t\t\t<div class=\"elementor-widget-container\">\n\t\t\t\t\t<h2 class=\"elementor-heading-title elementor-size-default\">Notre gamme de services de fret<\/h2>\t\t\t\t<\/div>\n\t\t\t\t<\/div>\n\t\t\t\t<div class=\"elementor-element elementor-element-0886978 elementor-widget elementor-widget-text-editor\" data-id=\"0886978\" data-element_type=\"widget\" data-e-type=\"widget\" data-widget_type=\"text-editor.default\">\n\t\t\t\t<div class=\"elementor-widget-container\">\n\t\t\t\t\t\t\t\t\t<p>Sur demande individuelle, nous prenons en charge le service de fret national de marchandises palettis\u00e9es et de colis surdimensionn\u00e9s pour lesquels la livraison la plus rapide possible &#8211; par rapport aux marchandises d&rsquo;exp\u00e9dition classiques &#8211; est au premier plan. Nous \u00e9valuons ensemble la possibilit\u00e9 d&rsquo;un transport par le r\u00e9seau express de jour ou de nuit, ou nous vous proposons d&rsquo;autres possibilit\u00e9s de transport, par exemple un transport direct avec un v\u00e9hicule s\u00e9lectionn\u00e9. <\/p>\t\t\t\t\t\t\t\t<\/div>\n\t\t\t\t<\/div>\n\t\t<div class=\"elementor-element elementor-element-4026857 e-con-full e-flex e-con e-child\" data-id=\"4026857\" data-element_type=\"container\" data-e-type=\"container\" data-settings=\"{&quot;jet_parallax_layout_list&quot;:[]}\">\n\t\t\t\t<div class=\"elementor-element elementor-element-8786a07 elementor-mobile-align-justify elementor-widget elementor-widget-button\" data-id=\"8786a07\" data-element_type=\"widget\" data-e-type=\"widget\" data-widget_type=\"button.default\">\n\t\t\t\t<div class=\"elementor-widget-container\">\n\t\t\t\t\t\t\t\t\t<div class=\"elementor-button-wrapper\">\n\t\t\t\t\t<a class=\"elementor-button elementor-button-link elementor-size-sm\" href=\"tel:+41800599999\">\n\t\t\t\t\t\t<span class=\"elementor-button-content-wrapper\">\n\t\t\t\t\t\t<span class=\"elementor-button-icon\">\n\t\t\t\t<i aria-hidden=\"true\" class=\"icon icon-phone1\"><\/i>\t\t\t<\/span>\n\t\t\t\t\t\t\t\t\t<span class=\"elementor-button-text\">Appelez-nous<\/span>\n\t\t\t\t\t<\/span>\n\t\t\t\t\t<\/a>\n\t\t\t\t<\/div>\n\t\t\t\t\t\t\t\t<\/div>\n\t\t\t\t<\/div>\n\t\t\t\t<div class=\"elementor-element elementor-element-b42b70e elementor-mobile-align-justify elementor-widget elementor-widget-button\" data-id=\"b42b70e\" data-element_type=\"widget\" data-e-type=\"widget\" data-widget_type=\"button.default\">\n\t\t\t\t<div class=\"elementor-widget-container\">\n\t\t\t\t\t\t\t\t\t<div class=\"elementor-button-wrapper\">\n\t\t\t\t\t<a class=\"elementor-button elementor-button-link elementor-size-sm\" href=\"https:\/\/p682793.webspaceconfig.de\/fr\/?page_id=8791\">\n\t\t\t\t\t\t<span class=\"elementor-button-content-wrapper\">\n\t\t\t\t\t\t<span class=\"elementor-button-icon\">\n\t\t\t\t<i aria-hidden=\"true\" class=\"far fa-envelope\"><\/i>\t\t\t<\/span>\n\t\t\t\t\t\t\t\t\t<span class=\"elementor-button-text\">Demande d'envoi<\/span>\n\t\t\t\t\t<\/span>\n\t\t\t\t\t<\/a>\n\t\t\t\t<\/div>\n\t\t\t\t\t\t\t\t<\/div>\n\t\t\t\t<\/div>\n\t\t\t\t<\/div>\n\t\t\t\t<\/div>\n\t\t\t\t<\/div>\n\t\t\t\t\t<\/div>\n\t\t\t\t<\/div>\n\t\t<div class=\"elementor-element elementor-element-4c4b894 e-grid e-con-boxed e-con e-parent\" data-id=\"4c4b894\" data-element_type=\"container\" data-e-type=\"container\" data-settings=\"{&quot;jet_parallax_layout_list&quot;:[]}\">\n\t\t\t\t\t<div class=\"e-con-inner\">\n\t\t<div class=\"elementor-element elementor-element-183b568 e-con-full e-flex e-con e-child\" data-id=\"183b568\" data-element_type=\"container\" data-e-type=\"container\" data-settings=\"{&quot;jet_parallax_layout_list&quot;:[],&quot;background_background&quot;:&quot;classic&quot;}\">\n\t\t<div class=\"elementor-element elementor-element-ec3a67c e-con-full e-flex e-con e-child\" data-id=\"ec3a67c\" data-element_type=\"container\" data-e-type=\"container\" data-settings=\"{&quot;background_background&quot;:&quot;classic&quot;,&quot;jet_parallax_layout_list&quot;:[]}\">\n\t\t\t\t<div class=\"elementor-element elementor-element-05cb1de elementor-widget elementor-widget-heading\" data-id=\"05cb1de\" data-element_type=\"widget\" data-e-type=\"widget\" data-widget_type=\"heading.default\">\n\t\t\t\t<div class=\"elementor-widget-container\">\n\t\t\t\t\t<h2 class=\"elementor-heading-title elementor-size-default\">Avantages<\/h2>\t\t\t\t<\/div>\n\t\t\t\t<\/div>\n\t\t\t\t<div class=\"elementor-element elementor-element-ffee2a2 elementor-widget elementor-widget-text-editor\" data-id=\"ffee2a2\" data-element_type=\"widget\" data-e-type=\"widget\" data-widget_type=\"text-editor.default\">\n\t\t\t\t<div class=\"elementor-widget-container\">\n\t\t\t\t\t\t\t\t\t<ul><li>De porte \u00e0 porte &#8211; un seul fournisseur<\/li><li>Conseils sur les dur\u00e9es possibles, les conditions g\u00e9n\u00e9rales et les possibilit\u00e9s de transport<\/li><li>un traitement du transport le plus rapide possible, en particulier par rapport \u00e0 l&rsquo;activit\u00e9 de transport classique<\/li><li>dans le r\u00e9seau express, une s\u00e9curit\u00e9 maximale ainsi qu&rsquo;une manipulation soigneuse en raison du volume de transbordement relativement faible<\/li><li>informations continues au sein de la cha\u00eene de transport<\/li><\/ul>\t\t\t\t\t\t\t\t<\/div>\n\t\t\t\t<\/div>\n\t\t\t\t<\/div>\n\t\t\t\t<\/div>\n\t\t\t\t<div class=\"elementor-element elementor-element-1479501 elementor-widget elementor-widget-image\" data-id=\"1479501\" data-element_type=\"widget\" data-e-type=\"widget\" data-widget_type=\"image.default\">\n\t\t\t\t<div class=\"elementor-widget-container\">\n\t\t\t\t\t\t\t\t\t\t\t\t\t\t\t<img decoding=\"async\" width=\"800\" height=\"166\" src=\"https:\/\/generalovernight.ch\/wp-content\/uploads\/2023\/01\/GO-HUB_Innenhof-Nacht-1024x213.jpeg\" class=\"attachment-large size-large wp-image-4065\" alt=\"\" srcset=\"https:\/\/generalovernight.ch\/wp-content\/uploads\/2023\/01\/GO-HUB_Innenhof-Nacht-1024x213.jpeg 1024w, https:\/\/generalovernight.ch\/wp-content\/uploads\/2023\/01\/GO-HUB_Innenhof-Nacht-300x63.jpeg 300w, https:\/\/generalovernight.ch\/wp-content\/uploads\/2023\/01\/GO-HUB_Innenhof-Nacht-768x160.jpeg 768w, https:\/\/generalovernight.ch\/wp-content\/uploads\/2023\/01\/GO-HUB_Innenhof-Nacht-1536x320.jpeg 1536w, https:\/\/generalovernight.ch\/wp-content\/uploads\/2023\/01\/GO-HUB_Innenhof-Nacht.jpeg 1920w\" sizes=\"(max-width: 800px) 100vw, 800px\" \/>\t\t\t\t\t\t\t\t\t\t\t\t\t\t\t<\/div>\n\t\t\t\t<\/div>\n\t\t\t\t\t<\/div>\n\t\t\t\t<\/div>\n\t\t<div class=\"elementor-element elementor-element-a2d6a67 e-con-full e-flex e-con e-parent\" data-id=\"a2d6a67\" data-element_type=\"container\" data-e-type=\"container\" data-settings=\"{&quot;jet_parallax_layout_list&quot;:[]}\">\n\t\t\t\t<div class=\"elementor-element elementor-element-bad696e elementor-widget elementor-widget-template\" data-id=\"bad696e\" data-element_type=\"widget\" data-e-type=\"widget\" data-widget_type=\"template.default\">\n\t\t\t\t<div class=\"elementor-widget-container\">\n\t\t\t\t\t\t\t<div class=\"elementor-template\">\n\t\t\t\t\t<div data-elementor-type=\"section\" data-elementor-id=\"9169\" class=\"elementor elementor-9169 elementor-6949 elementor-6949\" data-elementor-post-type=\"elementor_library\">\n\t\t\t<div class=\"elementor-element elementor-element-3de13da e-grid e-con-boxed e-con e-parent\" data-id=\"3de13da\" data-element_type=\"container\" data-e-type=\"container\" data-settings=\"{&quot;jet_parallax_layout_list&quot;:[]}\">\n\t\t\t\t\t<div class=\"e-con-inner\">\n\t\t<div class=\"elementor-element elementor-element-9e3810c e-con-full e-flex e-con e-child\" data-id=\"9e3810c\" data-element_type=\"container\" data-e-type=\"container\" data-settings=\"{&quot;background_background&quot;:&quot;classic&quot;,&quot;jet_parallax_layout_list&quot;:[]}\">\n\t\t\t\t<div class=\"elementor-element elementor-element-8057b84 elementor-widget elementor-widget-heading\" data-id=\"8057b84\" data-element_type=\"widget\" data-e-type=\"widget\" data-widget_type=\"heading.default\">\n\t\t\t\t<div class=\"elementor-widget-container\">\n\t\t\t\t\t<h2 class=\"elementor-heading-title elementor-size-default\">Vous \u00eates d\u00e9j\u00e0 client GO ! <\/h2>\t\t\t\t<\/div>\n\t\t\t\t<\/div>\n\t\t\t\t<div class=\"elementor-element elementor-element-b1fa535 elementor-widget elementor-widget-text-editor\" data-id=\"b1fa535\" data-element_type=\"widget\" data-e-type=\"widget\" data-widget_type=\"text-editor.default\">\n\t\t\t\t<div class=\"elementor-widget-container\">\n\t\t\t\t\t\t\t\t\t<p>Envoyer un colis maintenant :<\/p>\t\t\t\t\t\t\t\t<\/div>\n\t\t\t\t<\/div>\n\t\t\t\t<div class=\"elementor-element elementor-element-b3a7710 elementor-align-left elementor-widget elementor-widget-button\" data-id=\"b3a7710\" data-element_type=\"widget\" data-e-type=\"widget\" data-widget_type=\"button.default\">\n\t\t\t\t<div class=\"elementor-widget-container\">\n\t\t\t\t\t\t\t\t\t<div class=\"elementor-button-wrapper\">\n\t\t\t\t\t<a class=\"elementor-button elementor-button-link elementor-size-sm\" href=\"https:\/\/manage.1st-scan.net\/login\">\n\t\t\t\t\t\t<span class=\"elementor-button-content-wrapper\">\n\t\t\t\t\t\t<span class=\"elementor-button-icon\">\n\t\t\t\t<i aria-hidden=\"true\" class=\"icon icon-arrow-right\"><\/i>\t\t\t<\/span>\n\t\t\t\t\t\t\t\t\t<span class=\"elementor-button-text\">Vers le login<\/span>\n\t\t\t\t\t<\/span>\n\t\t\t\t\t<\/a>\n\t\t\t\t<\/div>\n\t\t\t\t\t\t\t\t<\/div>\n\t\t\t\t<\/div>\n\t\t\t\t<\/div>\n\t\t<div class=\"elementor-element elementor-element-858d6d0 e-con-full e-flex e-con e-child\" data-id=\"858d6d0\" data-element_type=\"container\" data-e-type=\"container\" data-settings=\"{&quot;background_background&quot;:&quot;classic&quot;,&quot;jet_parallax_layout_list&quot;:[]}\">\n\t\t\t\t<div class=\"elementor-element elementor-element-dbb029d elementor-widget elementor-widget-heading\" data-id=\"dbb029d\" data-element_type=\"widget\" data-e-type=\"widget\" data-widget_type=\"heading.default\">\n\t\t\t\t<div class=\"elementor-widget-container\">\n\t\t\t\t\t<h2 class=\"elementor-heading-title elementor-size-default\">Vous avez besoin d'aide ?<\/h2>\t\t\t\t<\/div>\n\t\t\t\t<\/div>\n\t\t\t\t<div class=\"elementor-element elementor-element-fd4db14 elementor-widget elementor-widget-text-editor\" data-id=\"fd4db14\" data-element_type=\"widget\" data-e-type=\"widget\" data-widget_type=\"text-editor.default\">\n\t\t\t\t<div class=\"elementor-widget-container\">\n\t\t\t\t\t\t\t\t\t<p>Pour des conseils personnalis\u00e9s, appelez le :<\/p>\t\t\t\t\t\t\t\t<\/div>\n\t\t\t\t<\/div>\n\t\t\t\t<div class=\"elementor-element elementor-element-7bb9beb elementor-align-left elementor-widget elementor-widget-button\" data-id=\"7bb9beb\" data-element_type=\"widget\" data-e-type=\"widget\" data-widget_type=\"button.default\">\n\t\t\t\t<div class=\"elementor-widget-container\">\n\t\t\t\t\t\t\t\t\t<div class=\"elementor-button-wrapper\">\n\t\t\t\t\t<a class=\"elementor-button elementor-button-link elementor-size-sm\" href=\"tel:+41800859999\">\n\t\t\t\t\t\t<span class=\"elementor-button-content-wrapper\">\n\t\t\t\t\t\t<span class=\"elementor-button-icon\">\n\t\t\t\t<i aria-hidden=\"true\" class=\"icon icon-phone1\"><\/i>\t\t\t<\/span>\n\t\t\t\t\t\t\t\t\t<span class=\"elementor-button-text\">0800 \/ 85 99 99<\/span>\n\t\t\t\t\t<\/span>\n\t\t\t\t\t<\/a>\n\t\t\t\t<\/div>\n\t\t\t\t\t\t\t\t<\/div>\n\t\t\t\t<\/div>\n\t\t\t\t<\/div>\n\t\t\t\t\t<\/div>\n\t\t\t\t<\/div>\n\t\t\t\t<\/div>\n\t\t\t\t<\/div>\n\t\t\t\t\t\t<\/div>\n\t\t\t\t<\/div>\n\t\t\t\t<\/div>\n\t\t\t\t<\/div>\n\t\t","protected":false},"excerpt":{"rendered":"<p>Service de fret mais rapide ?GO ! Service Fret Si le poids et la taille sont exceptionnels, le transport de votre envoi n&rsquo;est pas exclu pour autant. Notre gamme de services de fret Sur demande individuelle, nous prenons en charge le service de fret national de marchandises palettis\u00e9es et de colis surdimensionn\u00e9s pour lesquels la [&hellip;]<\/p>\n","protected":false},"author":8,"featured_media":0,"parent":8896,"menu_order":0,"comment_status":"closed","ping_status":"closed","template":"","meta":{"_monsterinsights_skip_tracking":false,"_monsterinsights_sitenote_active":false,"_monsterinsights_sitenote_note":"","_monsterinsights_sitenote_category":0,"footnotes":""},"class_list":["post-8863","page","type-page","status-publish","hentry"],"yoast_head":"<!-- This site is optimized with the Yoast SEO plugin v27.2 - https:\/\/yoast.com\/product\/yoast-seo-wordpress\/ -->\n<title>GO ! Service Fret - GO! Express &amp; Logistics<\/title>\n<meta name=\"robots\" content=\"index, follow, max-snippet:-1, max-image-preview:large, max-video-preview:-1\" \/>\n<link rel=\"canonical\" href=\"https:\/\/generalovernight.ch\/fr\/produits\/go-solutions\/exigences-particulieres-en-matiere-dexpedition\/go-service-fret\/\" \/>\n<meta property=\"og:locale\" content=\"fr_FR\" \/>\n<meta property=\"og:type\" content=\"article\" \/>\n<meta property=\"og:title\" content=\"GO ! Service Fret - GO! Express &amp; Logistics\" \/>\n<meta property=\"og:description\" content=\"Service de fret mais rapide ?GO ! Service Fret Si le poids et la taille sont exceptionnels, le transport de votre envoi n&rsquo;est pas exclu pour autant. Notre gamme de services de fret Sur demande individuelle, nous prenons en charge le service de fret national de marchandises palettis\u00e9es et de colis surdimensionn\u00e9s pour lesquels la [&hellip;]\" \/>\n<meta property=\"og:url\" content=\"https:\/\/generalovernight.ch\/fr\/produits\/go-solutions\/exigences-particulieres-en-matiere-dexpedition\/go-service-fret\/\" \/>\n<meta property=\"og:site_name\" content=\"GO! Express &amp; Logistics\" \/>\n<meta property=\"article:modified_time\" content=\"2025-03-17T12:15:13+00:00\" \/>\n<meta property=\"og:image\" content=\"https:\/\/p682793.webspaceconfig.de\/wp-content\/uploads\/2024\/12\/GO-freight2-rotated.jpg\" \/>\n<meta name=\"twitter:card\" content=\"summary_large_image\" \/>\n<meta name=\"twitter:label1\" content=\"Dur\u00e9e de lecture estim\u00e9e\" \/>\n\t<meta name=\"twitter:data1\" content=\"1 minute\" \/>\n<script type=\"application\/ld+json\" class=\"yoast-schema-graph\">{\"@context\":\"https:\/\/schema.org\",\"@graph\":[{\"@type\":\"WebPage\",\"@id\":\"https:\/\/generalovernight.ch\/fr\/produits\/go-solutions\/exigences-particulieres-en-matiere-dexpedition\/go-service-fret\/\",\"url\":\"https:\/\/generalovernight.ch\/fr\/produits\/go-solutions\/exigences-particulieres-en-matiere-dexpedition\/go-service-fret\/\",\"name\":\"GO ! Service Fret - GO! Express &amp; Logistics\",\"isPartOf\":{\"@id\":\"https:\/\/generalovernight.ch\/fr\/#website\"},\"primaryImageOfPage\":{\"@id\":\"https:\/\/generalovernight.ch\/fr\/produits\/go-solutions\/exigences-particulieres-en-matiere-dexpedition\/go-service-fret\/#primaryimage\"},\"image\":{\"@id\":\"https:\/\/generalovernight.ch\/fr\/produits\/go-solutions\/exigences-particulieres-en-matiere-dexpedition\/go-service-fret\/#primaryimage\"},\"thumbnailUrl\":\"https:\/\/p682793.webspaceconfig.de\/wp-content\/uploads\/2024\/12\/GO-freight2-rotated.jpg\",\"datePublished\":\"2024-12-16T07:48:19+00:00\",\"dateModified\":\"2025-03-17T12:15:13+00:00\",\"breadcrumb\":{\"@id\":\"https:\/\/generalovernight.ch\/fr\/produits\/go-solutions\/exigences-particulieres-en-matiere-dexpedition\/go-service-fret\/#breadcrumb\"},\"inLanguage\":\"fr-FR\",\"potentialAction\":[{\"@type\":\"ReadAction\",\"target\":[\"https:\/\/generalovernight.ch\/fr\/produits\/go-solutions\/exigences-particulieres-en-matiere-dexpedition\/go-service-fret\/\"]}]},{\"@type\":\"ImageObject\",\"inLanguage\":\"fr-FR\",\"@id\":\"https:\/\/generalovernight.ch\/fr\/produits\/go-solutions\/exigences-particulieres-en-matiere-dexpedition\/go-service-fret\/#primaryimage\",\"url\":\"https:\/\/p682793.webspaceconfig.de\/wp-content\/uploads\/2024\/12\/GO-freight2-rotated.jpg\",\"contentUrl\":\"https:\/\/p682793.webspaceconfig.de\/wp-content\/uploads\/2024\/12\/GO-freight2-rotated.jpg\"},{\"@type\":\"BreadcrumbList\",\"@id\":\"https:\/\/generalovernight.ch\/fr\/produits\/go-solutions\/exigences-particulieres-en-matiere-dexpedition\/go-service-fret\/#breadcrumb\",\"itemListElement\":[{\"@type\":\"ListItem\",\"position\":1,\"name\":\"Startseite\",\"item\":\"https:\/\/generalovernight.ch\/fr\/\"},{\"@type\":\"ListItem\",\"position\":2,\"name\":\"Produits\",\"item\":\"https:\/\/generalovernight.ch\/fr\/produkte\/\"},{\"@type\":\"ListItem\",\"position\":3,\"name\":\"GO ! Solutions\",\"item\":\"https:\/\/generalovernight.ch\/fr\/produkte\/go-solutions\/\"},{\"@type\":\"ListItem\",\"position\":4,\"name\":\"Exigences particuli\u00e8res en mati\u00e8re d&#8217;exp\u00e9dition\",\"item\":\"https:\/\/generalovernight.ch\/fr\/produkte\/go-solutions\/besondere-versandanforderungen\/\"},{\"@type\":\"ListItem\",\"position\":5,\"name\":\"GO ! Service Fret\"}]},{\"@type\":\"WebSite\",\"@id\":\"https:\/\/generalovernight.ch\/fr\/#website\",\"url\":\"https:\/\/generalovernight.ch\/fr\/\",\"name\":\"GO! Express &amp; Logistics\",\"description\":\"\",\"potentialAction\":[{\"@type\":\"SearchAction\",\"target\":{\"@type\":\"EntryPoint\",\"urlTemplate\":\"https:\/\/generalovernight.ch\/fr\/?s={search_term_string}\"},\"query-input\":{\"@type\":\"PropertyValueSpecification\",\"valueRequired\":true,\"valueName\":\"search_term_string\"}}],\"inLanguage\":\"fr-FR\"}]}<\/script>\n<!-- \/ Yoast SEO plugin. -->","yoast_head_json":{"title":"GO ! Service Fret - GO! Express &amp; Logistics","robots":{"index":"index","follow":"follow","max-snippet":"max-snippet:-1","max-image-preview":"max-image-preview:large","max-video-preview":"max-video-preview:-1"},"canonical":"https:\/\/generalovernight.ch\/fr\/produits\/go-solutions\/exigences-particulieres-en-matiere-dexpedition\/go-service-fret\/","og_locale":"fr_FR","og_type":"article","og_title":"GO ! Service Fret - GO! Express &amp; Logistics","og_description":"Service de fret mais rapide ?GO ! Service Fret Si le poids et la taille sont exceptionnels, le transport de votre envoi n&rsquo;est pas exclu pour autant. Notre gamme de services de fret Sur demande individuelle, nous prenons en charge le service de fret national de marchandises palettis\u00e9es et de colis surdimensionn\u00e9s pour lesquels la [&hellip;]","og_url":"https:\/\/generalovernight.ch\/fr\/produits\/go-solutions\/exigences-particulieres-en-matiere-dexpedition\/go-service-fret\/","og_site_name":"GO! Express &amp; Logistics","article_modified_time":"2025-03-17T12:15:13+00:00","og_image":[{"url":"https:\/\/p682793.webspaceconfig.de\/wp-content\/uploads\/2024\/12\/GO-freight2-rotated.jpg","type":"","width":"","height":""}],"twitter_card":"summary_large_image","twitter_misc":{"Dur\u00e9e de lecture estim\u00e9e":"1 minute"},"schema":{"@context":"https:\/\/schema.org","@graph":[{"@type":"WebPage","@id":"https:\/\/generalovernight.ch\/fr\/produits\/go-solutions\/exigences-particulieres-en-matiere-dexpedition\/go-service-fret\/","url":"https:\/\/generalovernight.ch\/fr\/produits\/go-solutions\/exigences-particulieres-en-matiere-dexpedition\/go-service-fret\/","name":"GO ! Service Fret - GO! Express &amp; Logistics","isPartOf":{"@id":"https:\/\/generalovernight.ch\/fr\/#website"},"primaryImageOfPage":{"@id":"https:\/\/generalovernight.ch\/fr\/produits\/go-solutions\/exigences-particulieres-en-matiere-dexpedition\/go-service-fret\/#primaryimage"},"image":{"@id":"https:\/\/generalovernight.ch\/fr\/produits\/go-solutions\/exigences-particulieres-en-matiere-dexpedition\/go-service-fret\/#primaryimage"},"thumbnailUrl":"https:\/\/p682793.webspaceconfig.de\/wp-content\/uploads\/2024\/12\/GO-freight2-rotated.jpg","datePublished":"2024-12-16T07:48:19+00:00","dateModified":"2025-03-17T12:15:13+00:00","breadcrumb":{"@id":"https:\/\/generalovernight.ch\/fr\/produits\/go-solutions\/exigences-particulieres-en-matiere-dexpedition\/go-service-fret\/#breadcrumb"},"inLanguage":"fr-FR","potentialAction":[{"@type":"ReadAction","target":["https:\/\/generalovernight.ch\/fr\/produits\/go-solutions\/exigences-particulieres-en-matiere-dexpedition\/go-service-fret\/"]}]},{"@type":"ImageObject","inLanguage":"fr-FR","@id":"https:\/\/generalovernight.ch\/fr\/produits\/go-solutions\/exigences-particulieres-en-matiere-dexpedition\/go-service-fret\/#primaryimage","url":"https:\/\/p682793.webspaceconfig.de\/wp-content\/uploads\/2024\/12\/GO-freight2-rotated.jpg","contentUrl":"https:\/\/p682793.webspaceconfig.de\/wp-content\/uploads\/2024\/12\/GO-freight2-rotated.jpg"},{"@type":"BreadcrumbList","@id":"https:\/\/generalovernight.ch\/fr\/produits\/go-solutions\/exigences-particulieres-en-matiere-dexpedition\/go-service-fret\/#breadcrumb","itemListElement":[{"@type":"ListItem","position":1,"name":"Startseite","item":"https:\/\/generalovernight.ch\/fr\/"},{"@type":"ListItem","position":2,"name":"Produits","item":"https:\/\/generalovernight.ch\/fr\/produkte\/"},{"@type":"ListItem","position":3,"name":"GO ! Solutions","item":"https:\/\/generalovernight.ch\/fr\/produkte\/go-solutions\/"},{"@type":"ListItem","position":4,"name":"Exigences particuli\u00e8res en mati\u00e8re d&#8217;exp\u00e9dition","item":"https:\/\/generalovernight.ch\/fr\/produkte\/go-solutions\/besondere-versandanforderungen\/"},{"@type":"ListItem","position":5,"name":"GO ! Service Fret"}]},{"@type":"WebSite","@id":"https:\/\/generalovernight.ch\/fr\/#website","url":"https:\/\/generalovernight.ch\/fr\/","name":"GO! Express &amp; Logistics","description":"","potentialAction":[{"@type":"SearchAction","target":{"@type":"EntryPoint","urlTemplate":"https:\/\/generalovernight.ch\/fr\/?s={search_term_string}"},"query-input":{"@type":"PropertyValueSpecification","valueRequired":true,"valueName":"search_term_string"}}],"inLanguage":"fr-FR"}]}},"_links":{"self":[{"href":"https:\/\/generalovernight.ch\/fr\/wp-json\/wp\/v2\/pages\/8863","targetHints":{"allow":["GET"]}}],"collection":[{"href":"https:\/\/generalovernight.ch\/fr\/wp-json\/wp\/v2\/pages"}],"about":[{"href":"https:\/\/generalovernight.ch\/fr\/wp-json\/wp\/v2\/types\/page"}],"author":[{"embeddable":true,"href":"https:\/\/generalovernight.ch\/fr\/wp-json\/wp\/v2\/users\/8"}],"replies":[{"embeddable":true,"href":"https:\/\/generalovernight.ch\/fr\/wp-json\/wp\/v2\/comments?post=8863"}],"version-history":[{"count":3,"href":"https:\/\/generalovernight.ch\/fr\/wp-json\/wp\/v2\/pages\/8863\/revisions"}],"predecessor-version":[{"id":8877,"href":"https:\/\/generalovernight.ch\/fr\/wp-json\/wp\/v2\/pages\/8863\/revisions\/8877"}],"up":[{"embeddable":true,"href":"https:\/\/generalovernight.ch\/fr\/wp-json\/wp\/v2\/pages\/8896"}],"wp:attachment":[{"href":"https:\/\/generalovernight.ch\/fr\/wp-json\/wp\/v2\/media?parent=8863"}],"curies":[{"name":"wp","href":"https:\/\/api.w.org\/{rel}","templated":true}]}}