{"id":8871,"date":"2024-12-16T12:02:03","date_gmt":"2024-12-16T12:02:03","guid":{"rendered":"https:\/\/p682793.webspaceconfig.de\/espaces-de-travail\/"},"modified":"2025-03-17T12:15:54","modified_gmt":"2025-03-17T12:15:54","slug":"espaces-de-travail","status":"publish","type":"page","link":"https:\/\/generalovernight.ch\/fr\/carriere\/espaces-de-travail\/","title":{"rendered":"Espaces de travail"},"content":{"rendered":"\t\t<div data-elementor-type=\"wp-page\" data-elementor-id=\"8871\" class=\"elementor elementor-8871 elementor-6396\" data-elementor-post-type=\"page\">\n\t\t\t\t<div class=\"elementor-element elementor-element-af50f82 e-grid e-con-boxed e-con e-parent\" data-id=\"af50f82\" data-element_type=\"container\" data-e-type=\"container\" data-settings=\"{&quot;jet_parallax_layout_list&quot;:[]}\">\n\t\t\t\t\t<div class=\"e-con-inner\">\n\t\t<div class=\"elementor-element elementor-element-3f52549 e-con-full e-flex e-con e-child\" data-id=\"3f52549\" data-element_type=\"container\" data-e-type=\"container\" data-settings=\"{&quot;jet_parallax_layout_list&quot;:[],&quot;background_background&quot;:&quot;classic&quot;}\">\n\t\t<div class=\"elementor-element elementor-element-34a8efa e-con-full e-flex e-con e-child\" data-id=\"34a8efa\" data-element_type=\"container\" data-e-type=\"container\" data-settings=\"{&quot;background_background&quot;:&quot;classic&quot;,&quot;jet_parallax_layout_list&quot;:[]}\">\n\t\t\t\t<div class=\"elementor-element elementor-element-b98a0d6 elementor-widget elementor-widget-heading\" data-id=\"b98a0d6\" data-element_type=\"widget\" data-e-type=\"widget\" data-widget_type=\"heading.default\">\n\t\t\t\t<div class=\"elementor-widget-container\">\n\t\t\t\t\t<h1 class=\"elementor-heading-title elementor-size-default\">A l'ordre du jour : la diversit\u00e9.<\/h1>\t\t\t\t<\/div>\n\t\t\t\t<\/div>\n\t\t\t\t<div class=\"elementor-element elementor-element-c2d0869 elementor-widget elementor-widget-text-editor\" data-id=\"c2d0869\" data-element_type=\"widget\" data-e-type=\"widget\" data-widget_type=\"text-editor.default\">\n\t\t\t\t<div class=\"elementor-widget-container\">\n\t\t\t\t\t\t\t\t\t<p>GO ! propose une large gamme de services logistiques personnalisables. Cela signifie que le degr\u00e9 de standardisation de nos processus logistiques est fonction de leur capacit\u00e9 d&rsquo;int\u00e9gration dans les processus respectifs des clients. En d&rsquo;autres termes, cela signifie que nous sommes capables d&rsquo;offrir une large gamme de services : Nous produisons une offre vari\u00e9e en adaptant nos solutions logistiques aux besoins sp\u00e9cifiques de chaque client.  <\/p>\n<p>La diversit\u00e9 au sein de l&rsquo;entreprise est \u00e9galement un facteur important : chez GO !, les employ\u00e9s, les chauffeurs et les coursiers de tous \u00e2ges, de toutes origines et de tous sexes travaillent quotidiennement en \u00e9troite collaboration. Chacun apporte son expertise personnelle et ses propres id\u00e9es. Nous partageons tous la m\u00eame passion pour la logistique et l&rsquo;ambition de r\u00e9pondre aux demandes les plus inhabituelles. La diversit\u00e9 est donc un atout majeur pour la satisfaction des clients.   <\/p>\t\t\t\t\t\t\t\t<\/div>\n\t\t\t\t<\/div>\n\t\t<div class=\"elementor-element elementor-element-5ab62e4 e-con-full e-flex e-con e-child\" data-id=\"5ab62e4\" data-element_type=\"container\" data-e-type=\"container\" data-settings=\"{&quot;jet_parallax_layout_list&quot;:[]}\">\n\t\t\t\t<div class=\"elementor-element elementor-element-59f0658 elementor-widget elementor-widget-button\" data-id=\"59f0658\" data-element_type=\"widget\" data-e-type=\"widget\" data-widget_type=\"button.default\">\n\t\t\t\t<div class=\"elementor-widget-container\">\n\t\t\t\t\t\t\t\t\t<div class=\"elementor-button-wrapper\">\n\t\t\t\t\t<a class=\"elementor-button elementor-button-link elementor-size-sm\" href=\"https:\/\/generalovernight.ch\/fr\/carriere\/postes-a-pourvoir\/\">\n\t\t\t\t\t\t<span class=\"elementor-button-content-wrapper\">\n\t\t\t\t\t\t<span class=\"elementor-button-icon\">\n\t\t\t\t<i aria-hidden=\"true\" class=\"far fa-envelope\"><\/i>\t\t\t<\/span>\n\t\t\t\t\t\t\t\t\t<span class=\"elementor-button-text\">Cliquez ici pour postuler<\/span>\n\t\t\t\t\t<\/span>\n\t\t\t\t\t<\/a>\n\t\t\t\t<\/div>\n\t\t\t\t\t\t\t\t<\/div>\n\t\t\t\t<\/div>\n\t\t\t\t<\/div>\n\t\t\t\t<\/div>\n\t\t\t\t<\/div>\n\t\t\t\t<div class=\"elementor-element elementor-element-de73877 elementor-widget elementor-widget-image\" data-id=\"de73877\" data-element_type=\"widget\" data-e-type=\"widget\" data-widget_type=\"image.default\">\n\t\t\t\t<div class=\"elementor-widget-container\">\n\t\t\t\t\t\t\t\t\t\t\t\t\t\t\t<img fetchpriority=\"high\" decoding=\"async\" width=\"800\" height=\"340\" src=\"https:\/\/generalovernight.ch\/wp-content\/uploads\/2023\/01\/2020_Initiativbewerbung-Kurier_V2_GO-Stadt_Sprinter-mit-Kuriere-4-1896x805-1-1024x435.webp\" class=\"attachment-large size-large wp-image-4485\" alt=\"\" srcset=\"https:\/\/generalovernight.ch\/wp-content\/uploads\/2023\/01\/2020_Initiativbewerbung-Kurier_V2_GO-Stadt_Sprinter-mit-Kuriere-4-1896x805-1-1024x435.webp 1024w, https:\/\/generalovernight.ch\/wp-content\/uploads\/2023\/01\/2020_Initiativbewerbung-Kurier_V2_GO-Stadt_Sprinter-mit-Kuriere-4-1896x805-1-300x127.webp 300w, https:\/\/generalovernight.ch\/wp-content\/uploads\/2023\/01\/2020_Initiativbewerbung-Kurier_V2_GO-Stadt_Sprinter-mit-Kuriere-4-1896x805-1-768x326.webp 768w, https:\/\/generalovernight.ch\/wp-content\/uploads\/2023\/01\/2020_Initiativbewerbung-Kurier_V2_GO-Stadt_Sprinter-mit-Kuriere-4-1896x805-1-1536x652.webp 1536w, https:\/\/generalovernight.ch\/wp-content\/uploads\/2023\/01\/2020_Initiativbewerbung-Kurier_V2_GO-Stadt_Sprinter-mit-Kuriere-4-1896x805-1.webp 1896w\" sizes=\"(max-width: 800px) 100vw, 800px\" \/>\t\t\t\t\t\t\t\t\t\t\t\t\t\t\t<\/div>\n\t\t\t\t<\/div>\n\t\t\t\t\t<\/div>\n\t\t\t\t<\/div>\n\t\t<div class=\"elementor-element elementor-element-8f567ff e-flex e-con-boxed e-con e-parent\" data-id=\"8f567ff\" data-element_type=\"container\" data-e-type=\"container\" data-settings=\"{&quot;background_background&quot;:&quot;classic&quot;,&quot;jet_parallax_layout_list&quot;:[]}\">\n\t\t\t\t\t<div class=\"e-con-inner\">\n\t\t<div class=\"elementor-element elementor-element-b2e5abf e-grid e-con-boxed e-con e-child\" data-id=\"b2e5abf\" data-element_type=\"container\" data-e-type=\"container\" data-settings=\"{&quot;jet_parallax_layout_list&quot;:[],&quot;background_background&quot;:&quot;classic&quot;}\">\n\t\t\t\t\t<div class=\"e-con-inner\">\n\t\t\t\t<div class=\"elementor-element elementor-element-77f630b elementor-widget elementor-widget-image\" data-id=\"77f630b\" data-element_type=\"widget\" data-e-type=\"widget\" data-widget_type=\"image.default\">\n\t\t\t\t<div class=\"elementor-widget-container\">\n\t\t\t\t\t\t\t\t\t\t\t\t\t\t\t<img decoding=\"async\" width=\"563\" height=\"376\" src=\"https:\/\/generalovernight.ch\/wp-content\/uploads\/2024\/12\/2021_GO-Karriere_Arbeitsbereich_Qualitaetsmanagement.jpg\" class=\"attachment-large size-large wp-image-8874\" alt=\"\" srcset=\"https:\/\/generalovernight.ch\/wp-content\/uploads\/2024\/12\/2021_GO-Karriere_Arbeitsbereich_Qualitaetsmanagement.jpg 563w, https:\/\/generalovernight.ch\/wp-content\/uploads\/2024\/12\/2021_GO-Karriere_Arbeitsbereich_Qualitaetsmanagement-300x200.jpg 300w\" sizes=\"(max-width: 563px) 100vw, 563px\" \/>\t\t\t\t\t\t\t\t\t\t\t\t\t\t\t<\/div>\n\t\t\t\t<\/div>\n\t\t<div class=\"elementor-element elementor-element-d9136bc e-con-full e-flex e-con e-child\" data-id=\"d9136bc\" data-element_type=\"container\" data-e-type=\"container\" data-settings=\"{&quot;background_background&quot;:&quot;classic&quot;,&quot;jet_parallax_layout_list&quot;:[]}\">\n\t\t<div class=\"elementor-element elementor-element-4ba2c44 e-con-full e-flex e-con e-child\" data-id=\"4ba2c44\" data-element_type=\"container\" data-e-type=\"container\" data-settings=\"{&quot;background_background&quot;:&quot;classic&quot;,&quot;jet_parallax_layout_list&quot;:[]}\">\n\t\t\t\t<div class=\"elementor-element elementor-element-f1ea19c elementor-widget elementor-widget-heading\" data-id=\"f1ea19c\" data-element_type=\"widget\" data-e-type=\"widget\" data-widget_type=\"heading.default\">\n\t\t\t\t<div class=\"elementor-widget-container\">\n\t\t\t\t\t<span class=\"elementor-heading-title elementor-size-default\">Gestion de la qualit\u00e9 chez GO !<\/span>\t\t\t\t<\/div>\n\t\t\t\t<\/div>\n\t\t\t\t<div class=\"elementor-element elementor-element-8bf2de3 elementor-widget elementor-widget-heading\" data-id=\"8bf2de3\" data-element_type=\"widget\" data-e-type=\"widget\" data-widget_type=\"heading.default\">\n\t\t\t\t<div class=\"elementor-widget-container\">\n\t\t\t\t\t<h2 class=\"elementor-heading-title elementor-size-default\">Plus que la norme<\/h2>\t\t\t\t<\/div>\n\t\t\t\t<\/div>\n\t\t\t\t<div class=\"elementor-element elementor-element-a5fc76c elementor-widget elementor-widget-text-editor\" data-id=\"a5fc76c\" data-element_type=\"widget\" data-e-type=\"widget\" data-widget_type=\"text-editor.default\">\n\t\t\t\t<div class=\"elementor-widget-container\">\n\t\t\t\t\t\t\t\t\t<div class=\"col-12 col-md-6 col-lg-4 mb-5\"><div class=\"teaser teaser--33 teaser--has-image\"><div class=\"teaser__wrapper\"><div class=\"teaser__container\"><div class=\"teaser__text\"><p>Les exigences \u00e9lev\u00e9es en mati\u00e8re de qualit\u00e9 de notre service et de nos processus ne n\u00e9cessitent pas seulement un contr\u00f4le r\u00e9gulier. Notre service de gestion de la qualit\u00e9 cr\u00e9e \u00e9galement les conditions n\u00e9cessaires \u00e0 l&rsquo;am\u00e9lioration continue de notre syst\u00e8me de gestion int\u00e9gr\u00e9.   <\/p><\/div><\/div><\/div><\/div><\/div><div class=\"col-12 col-md-6 col-lg-4 mb-5\"><div class=\"teaser teaser--33 teaser--has-image\"><div class=\"teaser__wrapper\"><div class=\"teaser__image-container\"><picture><source srcset=\"https:\/\/www.general-overnight.com\/_Resources\/Persistent\/9\/a\/2\/9\/9a299ddeb4e187665a762ac87863083ce3b2e8d3\/2021_GO%21%20Karriere_Arbeitsbereich_IT-480x319.webp 480w, https:\/\/www.general-overnight.com\/_Resources\/Persistent\/6\/e\/3\/5\/6e35082a48620f26c3755c5b83e5bc95d30c6c0f\/2021_GO%21%20Karriere_Arbeitsbereich_IT-565x376.webp 992w, https:\/\/www.general-overnight.com\/_Resources\/Persistent\/6\/e\/3\/5\/6e35082a48620f26c3755c5b83e5bc95d30c6c0f\/2021_GO%21%20Karriere_Arbeitsbereich_IT-565x376.webp 1920w, https:\/\/www.general-overnight.com\/_Resources\/Persistent\/6\/e\/3\/5\/6e35082a48620f26c3755c5b83e5bc95d30c6c0f\/2021_GO%21%20Karriere_Arbeitsbereich_IT-565x376.webp 2560w\" type=\"image\/webp\" sizes=\"(max-width: 480px) 480px, (max-width: 992px) 992px, 100vw\"><\/source><source srcset=\"https:\/\/www.general-overnight.com\/media\/thumbnail\/6f21f463-0813-4d5a-a570-c01b200f48ce 480w, https:\/\/www.general-overnight.com\/_Resources\/Persistent\/6\/1\/b\/a\/61bae4b6170fcab5830c92e0109844fb99ff42f0\/2021_GO%21%20Karriere_Arbeitsbereich_IT-565x376.png 992w, https:\/\/www.general-overnight.com\/_Resources\/Persistent\/6\/1\/7\/f\/617f7395737a807b4408608778dc44fdf4012dfb\/2021_GO%21%20Karriere_Arbeitsbereich_IT-565x376.png 1920w, https:\/\/www.general-overnight.com\/_Resources\/Persistent\/6\/6\/4\/f\/664fc4e5e173dcedaf61db8dd9950a2fe4110ecf\/2021_GO%21%20Karriere_Arbeitsbereich_IT-565x376.png 2560w\" type=\"image\/png\" sizes=\"(max-width: 480px) 480px, (max-width: 992px) 992px, 100vw\"><\/source><\/picture><\/div><\/div><\/div><\/div>\t\t\t\t\t\t\t\t<\/div>\n\t\t\t\t<\/div>\n\t\t\t\t<\/div>\n\t\t\t\t<\/div>\n\t\t\t\t\t<\/div>\n\t\t\t\t<\/div>\n\t\t\t\t\t<\/div>\n\t\t\t\t<\/div>\n\t\t\t\t<\/div>\n\t\t","protected":false},"excerpt":{"rendered":"<p>A l&rsquo;ordre du jour : la diversit\u00e9. GO ! propose une large gamme de services logistiques personnalisables. Cela signifie que le degr\u00e9 de standardisation de nos processus logistiques est fonction de leur capacit\u00e9 d&rsquo;int\u00e9gration dans les processus respectifs des clients. En d&rsquo;autres termes, cela signifie que nous sommes capables d&rsquo;offrir une large gamme de services [&hellip;]<\/p>\n","protected":false},"author":8,"featured_media":0,"parent":9083,"menu_order":0,"comment_status":"closed","ping_status":"closed","template":"","meta":{"_monsterinsights_skip_tracking":false,"_monsterinsights_sitenote_active":false,"_monsterinsights_sitenote_note":"","_monsterinsights_sitenote_category":0,"footnotes":""},"class_list":["post-8871","page","type-page","status-publish","hentry"],"yoast_head":"<!-- This site is optimized with the Yoast SEO plugin v27.2 - https:\/\/yoast.com\/product\/yoast-seo-wordpress\/ -->\n<title>Espaces de travail - GO! Express &amp; Logistics<\/title>\n<meta name=\"robots\" content=\"index, follow, max-snippet:-1, max-image-preview:large, max-video-preview:-1\" \/>\n<link rel=\"canonical\" href=\"https:\/\/generalovernight.ch\/fr\/carriere\/espaces-de-travail\/\" \/>\n<meta property=\"og:locale\" content=\"fr_FR\" \/>\n<meta property=\"og:type\" content=\"article\" \/>\n<meta property=\"og:title\" content=\"Espaces de travail - GO! Express &amp; Logistics\" \/>\n<meta property=\"og:description\" content=\"A l&rsquo;ordre du jour : la diversit\u00e9. GO ! propose une large gamme de services logistiques personnalisables. Cela signifie que le degr\u00e9 de standardisation de nos processus logistiques est fonction de leur capacit\u00e9 d&rsquo;int\u00e9gration dans les processus respectifs des clients. En d&rsquo;autres termes, cela signifie que nous sommes capables d&rsquo;offrir une large gamme de services [&hellip;]\" \/>\n<meta property=\"og:url\" content=\"https:\/\/generalovernight.ch\/fr\/carriere\/espaces-de-travail\/\" \/>\n<meta property=\"og:site_name\" content=\"GO! Express &amp; Logistics\" \/>\n<meta property=\"article:modified_time\" content=\"2025-03-17T12:15:54+00:00\" \/>\n<meta property=\"og:image\" content=\"https:\/\/p682793.webspaceconfig.de\/wp-content\/uploads\/2023\/01\/2020_Initiativbewerbung-Kurier_V2_GO-Stadt_Sprinter-mit-Kuriere-4-1896x805-1-1024x435.webp\" \/>\n<meta name=\"twitter:card\" content=\"summary_large_image\" \/>\n<meta name=\"twitter:label1\" content=\"Dur\u00e9e de lecture estim\u00e9e\" \/>\n\t<meta name=\"twitter:data1\" content=\"1 minute\" \/>\n<script type=\"application\/ld+json\" class=\"yoast-schema-graph\">{\"@context\":\"https:\/\/schema.org\",\"@graph\":[{\"@type\":\"WebPage\",\"@id\":\"https:\/\/generalovernight.ch\/fr\/carriere\/espaces-de-travail\/\",\"url\":\"https:\/\/generalovernight.ch\/fr\/carriere\/espaces-de-travail\/\",\"name\":\"Espaces de travail - GO! Express &amp; Logistics\",\"isPartOf\":{\"@id\":\"https:\/\/generalovernight.ch\/fr\/#website\"},\"primaryImageOfPage\":{\"@id\":\"https:\/\/generalovernight.ch\/fr\/carriere\/espaces-de-travail\/#primaryimage\"},\"image\":{\"@id\":\"https:\/\/generalovernight.ch\/fr\/carriere\/espaces-de-travail\/#primaryimage\"},\"thumbnailUrl\":\"https:\/\/p682793.webspaceconfig.de\/wp-content\/uploads\/2023\/01\/2020_Initiativbewerbung-Kurier_V2_GO-Stadt_Sprinter-mit-Kuriere-4-1896x805-1-1024x435.webp\",\"datePublished\":\"2024-12-16T12:02:03+00:00\",\"dateModified\":\"2025-03-17T12:15:54+00:00\",\"breadcrumb\":{\"@id\":\"https:\/\/generalovernight.ch\/fr\/carriere\/espaces-de-travail\/#breadcrumb\"},\"inLanguage\":\"fr-FR\",\"potentialAction\":[{\"@type\":\"ReadAction\",\"target\":[\"https:\/\/generalovernight.ch\/fr\/carriere\/espaces-de-travail\/\"]}]},{\"@type\":\"ImageObject\",\"inLanguage\":\"fr-FR\",\"@id\":\"https:\/\/generalovernight.ch\/fr\/carriere\/espaces-de-travail\/#primaryimage\",\"url\":\"https:\/\/p682793.webspaceconfig.de\/wp-content\/uploads\/2023\/01\/2020_Initiativbewerbung-Kurier_V2_GO-Stadt_Sprinter-mit-Kuriere-4-1896x805-1-1024x435.webp\",\"contentUrl\":\"https:\/\/p682793.webspaceconfig.de\/wp-content\/uploads\/2023\/01\/2020_Initiativbewerbung-Kurier_V2_GO-Stadt_Sprinter-mit-Kuriere-4-1896x805-1-1024x435.webp\"},{\"@type\":\"BreadcrumbList\",\"@id\":\"https:\/\/generalovernight.ch\/fr\/carriere\/espaces-de-travail\/#breadcrumb\",\"itemListElement\":[{\"@type\":\"ListItem\",\"position\":1,\"name\":\"Startseite\",\"item\":\"https:\/\/generalovernight.ch\/fr\/\"},{\"@type\":\"ListItem\",\"position\":2,\"name\":\"Carri\u00e8re\",\"item\":\"https:\/\/generalovernight.ch\/fr\/carriere\/\"},{\"@type\":\"ListItem\",\"position\":3,\"name\":\"Espaces de travail\"}]},{\"@type\":\"WebSite\",\"@id\":\"https:\/\/generalovernight.ch\/fr\/#website\",\"url\":\"https:\/\/generalovernight.ch\/fr\/\",\"name\":\"GO! Express &amp; Logistics\",\"description\":\"\",\"potentialAction\":[{\"@type\":\"SearchAction\",\"target\":{\"@type\":\"EntryPoint\",\"urlTemplate\":\"https:\/\/generalovernight.ch\/fr\/?s={search_term_string}\"},\"query-input\":{\"@type\":\"PropertyValueSpecification\",\"valueRequired\":true,\"valueName\":\"search_term_string\"}}],\"inLanguage\":\"fr-FR\"}]}<\/script>\n<!-- \/ Yoast SEO plugin. -->","yoast_head_json":{"title":"Espaces de travail - GO! Express &amp; Logistics","robots":{"index":"index","follow":"follow","max-snippet":"max-snippet:-1","max-image-preview":"max-image-preview:large","max-video-preview":"max-video-preview:-1"},"canonical":"https:\/\/generalovernight.ch\/fr\/carriere\/espaces-de-travail\/","og_locale":"fr_FR","og_type":"article","og_title":"Espaces de travail - GO! Express &amp; Logistics","og_description":"A l&rsquo;ordre du jour : la diversit\u00e9. GO ! propose une large gamme de services logistiques personnalisables. Cela signifie que le degr\u00e9 de standardisation de nos processus logistiques est fonction de leur capacit\u00e9 d&rsquo;int\u00e9gration dans les processus respectifs des clients. En d&rsquo;autres termes, cela signifie que nous sommes capables d&rsquo;offrir une large gamme de services [&hellip;]","og_url":"https:\/\/generalovernight.ch\/fr\/carriere\/espaces-de-travail\/","og_site_name":"GO! Express &amp; Logistics","article_modified_time":"2025-03-17T12:15:54+00:00","og_image":[{"url":"https:\/\/p682793.webspaceconfig.de\/wp-content\/uploads\/2023\/01\/2020_Initiativbewerbung-Kurier_V2_GO-Stadt_Sprinter-mit-Kuriere-4-1896x805-1-1024x435.webp","type":"","width":"","height":""}],"twitter_card":"summary_large_image","twitter_misc":{"Dur\u00e9e de lecture estim\u00e9e":"1 minute"},"schema":{"@context":"https:\/\/schema.org","@graph":[{"@type":"WebPage","@id":"https:\/\/generalovernight.ch\/fr\/carriere\/espaces-de-travail\/","url":"https:\/\/generalovernight.ch\/fr\/carriere\/espaces-de-travail\/","name":"Espaces de travail - GO! Express &amp; Logistics","isPartOf":{"@id":"https:\/\/generalovernight.ch\/fr\/#website"},"primaryImageOfPage":{"@id":"https:\/\/generalovernight.ch\/fr\/carriere\/espaces-de-travail\/#primaryimage"},"image":{"@id":"https:\/\/generalovernight.ch\/fr\/carriere\/espaces-de-travail\/#primaryimage"},"thumbnailUrl":"https:\/\/p682793.webspaceconfig.de\/wp-content\/uploads\/2023\/01\/2020_Initiativbewerbung-Kurier_V2_GO-Stadt_Sprinter-mit-Kuriere-4-1896x805-1-1024x435.webp","datePublished":"2024-12-16T12:02:03+00:00","dateModified":"2025-03-17T12:15:54+00:00","breadcrumb":{"@id":"https:\/\/generalovernight.ch\/fr\/carriere\/espaces-de-travail\/#breadcrumb"},"inLanguage":"fr-FR","potentialAction":[{"@type":"ReadAction","target":["https:\/\/generalovernight.ch\/fr\/carriere\/espaces-de-travail\/"]}]},{"@type":"ImageObject","inLanguage":"fr-FR","@id":"https:\/\/generalovernight.ch\/fr\/carriere\/espaces-de-travail\/#primaryimage","url":"https:\/\/p682793.webspaceconfig.de\/wp-content\/uploads\/2023\/01\/2020_Initiativbewerbung-Kurier_V2_GO-Stadt_Sprinter-mit-Kuriere-4-1896x805-1-1024x435.webp","contentUrl":"https:\/\/p682793.webspaceconfig.de\/wp-content\/uploads\/2023\/01\/2020_Initiativbewerbung-Kurier_V2_GO-Stadt_Sprinter-mit-Kuriere-4-1896x805-1-1024x435.webp"},{"@type":"BreadcrumbList","@id":"https:\/\/generalovernight.ch\/fr\/carriere\/espaces-de-travail\/#breadcrumb","itemListElement":[{"@type":"ListItem","position":1,"name":"Startseite","item":"https:\/\/generalovernight.ch\/fr\/"},{"@type":"ListItem","position":2,"name":"Carri\u00e8re","item":"https:\/\/generalovernight.ch\/fr\/carriere\/"},{"@type":"ListItem","position":3,"name":"Espaces de travail"}]},{"@type":"WebSite","@id":"https:\/\/generalovernight.ch\/fr\/#website","url":"https:\/\/generalovernight.ch\/fr\/","name":"GO! Express &amp; Logistics","description":"","potentialAction":[{"@type":"SearchAction","target":{"@type":"EntryPoint","urlTemplate":"https:\/\/generalovernight.ch\/fr\/?s={search_term_string}"},"query-input":{"@type":"PropertyValueSpecification","valueRequired":true,"valueName":"search_term_string"}}],"inLanguage":"fr-FR"}]}},"_links":{"self":[{"href":"https:\/\/generalovernight.ch\/fr\/wp-json\/wp\/v2\/pages\/8871","targetHints":{"allow":["GET"]}}],"collection":[{"href":"https:\/\/generalovernight.ch\/fr\/wp-json\/wp\/v2\/pages"}],"about":[{"href":"https:\/\/generalovernight.ch\/fr\/wp-json\/wp\/v2\/types\/page"}],"author":[{"embeddable":true,"href":"https:\/\/generalovernight.ch\/fr\/wp-json\/wp\/v2\/users\/8"}],"replies":[{"embeddable":true,"href":"https:\/\/generalovernight.ch\/fr\/wp-json\/wp\/v2\/comments?post=8871"}],"version-history":[{"count":2,"href":"https:\/\/generalovernight.ch\/fr\/wp-json\/wp\/v2\/pages\/8871\/revisions"}],"predecessor-version":[{"id":8879,"href":"https:\/\/generalovernight.ch\/fr\/wp-json\/wp\/v2\/pages\/8871\/revisions\/8879"}],"up":[{"embeddable":true,"href":"https:\/\/generalovernight.ch\/fr\/wp-json\/wp\/v2\/pages\/9083"}],"wp:attachment":[{"href":"https:\/\/generalovernight.ch\/fr\/wp-json\/wp\/v2\/media?parent=8871"}],"curies":[{"name":"wp","href":"https:\/\/api.w.org\/{rel}","templated":true}]}}