{"id":8896,"date":"2024-12-16T12:02:26","date_gmt":"2024-12-16T12:02:26","guid":{"rendered":"https:\/\/p682793.webspaceconfig.de\/exigences-particulieres-en-matiere-dexpedition\/"},"modified":"2025-03-17T12:15:31","modified_gmt":"2025-03-17T12:15:31","slug":"exigences-particulieres-en-matiere-dexpedition","status":"publish","type":"page","link":"https:\/\/generalovernight.ch\/fr\/produits\/go-solutions\/exigences-particulieres-en-matiere-dexpedition\/","title":{"rendered":"Exigences particuli\u00e8res en mati\u00e8re d&rsquo;exp\u00e9dition"},"content":{"rendered":"\t\t<div data-elementor-type=\"wp-page\" data-elementor-id=\"8896\" class=\"elementor elementor-8896 elementor-6398\" data-elementor-post-type=\"page\">\n\t\t\t\t<div class=\"elementor-element elementor-element-7eeb32c e-flex e-con-boxed e-con e-parent\" data-id=\"7eeb32c\" data-element_type=\"container\" data-e-type=\"container\" data-settings=\"{&quot;jet_parallax_layout_list&quot;:[]}\">\n\t\t\t\t\t<div class=\"e-con-inner\">\n\t\t\t\t<div class=\"elementor-element elementor-element-d3a537f elementor-widget elementor-widget-heading\" data-id=\"d3a537f\" data-element_type=\"widget\" data-e-type=\"widget\" data-widget_type=\"heading.default\">\n\t\t\t\t<div class=\"elementor-widget-container\">\n\t\t\t\t\t<h1 class=\"elementor-heading-title elementor-size-default\">Des solutions logistiques exceptionnelles pour des besoins d'exp\u00e9dition sp\u00e9cifiques<\/h1>\t\t\t\t<\/div>\n\t\t\t\t<\/div>\n\t\t\t\t<div class=\"elementor-element elementor-element-9a528a6 elementor-widget elementor-widget-spacer\" data-id=\"9a528a6\" data-element_type=\"widget\" data-e-type=\"widget\" data-widget_type=\"spacer.default\">\n\t\t\t\t<div class=\"elementor-widget-container\">\n\t\t\t\t\t\t\t<div class=\"elementor-spacer\">\n\t\t\t<div class=\"elementor-spacer-inner\"><\/div>\n\t\t<\/div>\n\t\t\t\t\t\t<\/div>\n\t\t\t\t<\/div>\n\t\t\t\t<div class=\"elementor-element elementor-element-2812ccc elementor-widget elementor-widget-text-editor\" data-id=\"2812ccc\" data-element_type=\"widget\" data-e-type=\"widget\" data-widget_type=\"text-editor.default\">\n\t\t\t\t<div class=\"elementor-widget-container\">\n\t\t\t\t\t\t\t\t\t<p>Vous avez des marchandises \u00e0 exp\u00e9dier dont les dimensions sortent de l&rsquo;ordinaire ? Ou vous souhaitez que les envois de palettes soient livr\u00e9s la nuit ? Vous souhaitez all\u00e9ger la charge de travail de votre propre magasin et externaliser les exc\u00e9dents en temps voulu ? Chez GO !, nous vous proposons une large gamme de produits pour r\u00e9pondre \u00e0 vos besoins sp\u00e9cifiques en mati\u00e8re d&rsquo;exp\u00e9dition &#8211; du service de fret aux solutions logistiques hybrides, du service de bo\u00eetes postales \u00e0 la livraison consign\u00e9e.   <\/p>\t\t\t\t\t\t\t\t<\/div>\n\t\t\t\t<\/div>\n\t\t\t\t\t<\/div>\n\t\t\t\t<\/div>\n\t\t<div class=\"elementor-element elementor-element-f30c6b7 e-grid e-con-boxed e-con e-parent\" data-id=\"f30c6b7\" data-element_type=\"container\" data-e-type=\"container\" data-settings=\"{&quot;jet_parallax_layout_list&quot;:[]}\">\n\t\t\t\t\t<div class=\"e-con-inner\">\n\t\t<div class=\"elementor-element elementor-element-9a5da8e e-con-full e-flex e-con e-child\" data-id=\"9a5da8e\" data-element_type=\"container\" data-e-type=\"container\" data-settings=\"{&quot;jet_parallax_layout_list&quot;:[],&quot;background_background&quot;:&quot;classic&quot;}\">\n\t\t<div class=\"elementor-element elementor-element-e8777ed e-con-full e-flex e-con e-child\" data-id=\"e8777ed\" data-element_type=\"container\" data-e-type=\"container\" data-settings=\"{&quot;background_background&quot;:&quot;classic&quot;,&quot;jet_parallax_layout_list&quot;:[]}\">\n\t\t\t\t<div class=\"elementor-element elementor-element-b423278 elementor-widget elementor-widget-heading\" data-id=\"b423278\" data-element_type=\"widget\" data-e-type=\"widget\" data-widget_type=\"heading.default\">\n\t\t\t\t<div class=\"elementor-widget-container\">\n\t\t\t\t\t<h2 class=\"elementor-heading-title elementor-size-default\">Une solution adapt\u00e9e \u00e0 chaque cha\u00eene d'approvisionnement<\/h2>\t\t\t\t<\/div>\n\t\t\t\t<\/div>\n\t\t\t\t<div class=\"elementor-element elementor-element-3c9c68c elementor-widget elementor-widget-text-editor\" data-id=\"3c9c68c\" data-element_type=\"widget\" data-e-type=\"widget\" data-widget_type=\"text-editor.default\">\n\t\t\t\t<div class=\"elementor-widget-container\">\n\t\t\t\t\t\t\t\t\t<p>Tout ne va pas bien dans votre cha\u00eene logistique ? Si c&rsquo;est le cas, vous devriez examiner de plus pr\u00e8s nos solutions GO ! pour la cha\u00eene d&rsquo;approvisionnement et vous assurer un pr\u00e9cieux avantage concurrentiel. Car des processus plus efficaces sont payants.   <\/p>\t\t\t\t\t\t\t\t<\/div>\n\t\t\t\t<\/div>\n\t\t<div class=\"elementor-element elementor-element-c974651 e-con-full e-flex e-con e-child\" data-id=\"c974651\" data-element_type=\"container\" data-e-type=\"container\" data-settings=\"{&quot;jet_parallax_layout_list&quot;:[]}\">\n\t\t\t\t<div class=\"elementor-element elementor-element-9ea25e3 elementor-widget elementor-widget-button\" data-id=\"9ea25e3\" data-element_type=\"widget\" data-e-type=\"widget\" data-widget_type=\"button.default\">\n\t\t\t\t<div class=\"elementor-widget-container\">\n\t\t\t\t\t\t\t\t\t<div class=\"elementor-button-wrapper\">\n\t\t\t\t\t<a class=\"elementor-button elementor-button-link elementor-size-sm\" href=\"tel:+41800599999\">\n\t\t\t\t\t\t<span class=\"elementor-button-content-wrapper\">\n\t\t\t\t\t\t<span class=\"elementor-button-icon\">\n\t\t\t\t<i aria-hidden=\"true\" class=\"icon icon-phone1\"><\/i>\t\t\t<\/span>\n\t\t\t\t\t\t\t\t\t<span class=\"elementor-button-text\">Appelez-nous<\/span>\n\t\t\t\t\t<\/span>\n\t\t\t\t\t<\/a>\n\t\t\t\t<\/div>\n\t\t\t\t\t\t\t\t<\/div>\n\t\t\t\t<\/div>\n\t\t\t\t<div class=\"elementor-element elementor-element-6a60f47 elementor-widget elementor-widget-button\" data-id=\"6a60f47\" data-element_type=\"widget\" data-e-type=\"widget\" data-widget_type=\"button.default\">\n\t\t\t\t<div class=\"elementor-widget-container\">\n\t\t\t\t\t\t\t\t\t<div class=\"elementor-button-wrapper\">\n\t\t\t\t\t<a class=\"elementor-button elementor-button-link elementor-size-sm\" href=\"https:\/\/p682793.webspaceconfig.de\/fr\/?page_id=8791\">\n\t\t\t\t\t\t<span class=\"elementor-button-content-wrapper\">\n\t\t\t\t\t\t<span class=\"elementor-button-icon\">\n\t\t\t\t<i aria-hidden=\"true\" class=\"far fa-envelope\"><\/i>\t\t\t<\/span>\n\t\t\t\t\t\t\t\t\t<span class=\"elementor-button-text\">Demande d'envoi<\/span>\n\t\t\t\t\t<\/span>\n\t\t\t\t\t<\/a>\n\t\t\t\t<\/div>\n\t\t\t\t\t\t\t\t<\/div>\n\t\t\t\t<\/div>\n\t\t\t\t<\/div>\n\t\t\t\t<\/div>\n\t\t\t\t<\/div>\n\t\t\t\t<div class=\"elementor-element elementor-element-1e8bf31 elementor-widget elementor-widget-image\" data-id=\"1e8bf31\" data-element_type=\"widget\" data-e-type=\"widget\" data-widget_type=\"image.default\">\n\t\t\t\t<div class=\"elementor-widget-container\">\n\t\t\t\t\t\t\t\t\t\t\t\t\t\t\t<img fetchpriority=\"high\" decoding=\"async\" width=\"800\" height=\"313\" src=\"https:\/\/generalovernight.ch\/wp-content\/uploads\/2024\/12\/Kampagne_Dresden_2.jpg\" class=\"attachment-large size-large wp-image-8898\" alt=\"\" srcset=\"https:\/\/generalovernight.ch\/wp-content\/uploads\/2024\/12\/Kampagne_Dresden_2.jpg 1023w, https:\/\/generalovernight.ch\/wp-content\/uploads\/2024\/12\/Kampagne_Dresden_2-300x117.jpg 300w, https:\/\/generalovernight.ch\/wp-content\/uploads\/2024\/12\/Kampagne_Dresden_2-768x300.jpg 768w\" sizes=\"(max-width: 800px) 100vw, 800px\" \/>\t\t\t\t\t\t\t\t\t\t\t\t\t\t\t<\/div>\n\t\t\t\t<\/div>\n\t\t\t\t\t<\/div>\n\t\t\t\t<\/div>\n\t\t<div class=\"elementor-element elementor-element-900e37b e-grid e-con-boxed e-con e-parent\" data-id=\"900e37b\" data-element_type=\"container\" data-e-type=\"container\" data-settings=\"{&quot;jet_parallax_layout_list&quot;:[]}\">\n\t\t\t\t\t<div class=\"e-con-inner\">\n\t\t<div class=\"elementor-element elementor-element-3e5cb6e e-con-full e-flex e-con e-child\" data-id=\"3e5cb6e\" data-element_type=\"container\" data-e-type=\"container\" data-settings=\"{&quot;background_background&quot;:&quot;classic&quot;,&quot;jet_parallax_layout_list&quot;:[]}\">\n\t\t\t\t<div class=\"elementor-element elementor-element-5a5727e elementor-widget elementor-widget-heading\" data-id=\"5a5727e\" data-element_type=\"widget\" data-e-type=\"widget\" data-widget_type=\"heading.default\">\n\t\t\t\t<div class=\"elementor-widget-container\">\n\t\t\t\t\t<h2 class=\"elementor-heading-title elementor-size-default\">GO ! Service Fret   <br><br><\/h2>\t\t\t\t<\/div>\n\t\t\t\t<\/div>\n\t\t\t\t<div class=\"elementor-element elementor-element-0c6052d elementor-widget elementor-widget-text-editor\" data-id=\"0c6052d\" data-element_type=\"widget\" data-e-type=\"widget\" data-widget_type=\"text-editor.default\">\n\t\t\t\t<div class=\"elementor-widget-container\">\n\t\t\t\t\t\t\t\t\t<p>Sur demande individuelle, nous assurons le service de fret de marchandises palettis\u00e9es et de colis surdimensionn\u00e9s, pour lesquels la livraison la plus rapide possible &#8211; par rapport au transport classique &#8211; est primordiale.<\/p>\t\t\t\t\t\t\t\t<\/div>\n\t\t\t\t<\/div>\n\t\t\t\t<div class=\"elementor-element elementor-element-498a5c3 elementor-tablet-align-justify elementor-widget elementor-widget-button\" data-id=\"498a5c3\" data-element_type=\"widget\" data-e-type=\"widget\" data-widget_type=\"button.default\">\n\t\t\t\t<div class=\"elementor-widget-container\">\n\t\t\t\t\t\t\t\t\t<div class=\"elementor-button-wrapper\">\n\t\t\t\t\t<a class=\"elementor-button elementor-button-link elementor-size-sm\" href=\"https:\/\/generalovernight.ch\/fr\/produits\/go-solutions\/exigences-particulieres-en-matiere-dexpedition\/go-service-fret\/\">\n\t\t\t\t\t\t<span class=\"elementor-button-content-wrapper\">\n\t\t\t\t\t\t\t\t\t<span class=\"elementor-button-text\">GO ! Service Fret <\/span>\n\t\t\t\t\t<\/span>\n\t\t\t\t\t<\/a>\n\t\t\t\t<\/div>\n\t\t\t\t\t\t\t\t<\/div>\n\t\t\t\t<\/div>\n\t\t\t\t<\/div>\n\t\t<div class=\"elementor-element elementor-element-74ee966 e-con-full e-flex e-con e-child\" data-id=\"74ee966\" data-element_type=\"container\" data-e-type=\"container\" data-settings=\"{&quot;background_background&quot;:&quot;classic&quot;,&quot;jet_parallax_layout_list&quot;:[]}\">\n\t\t\t\t<div class=\"elementor-element elementor-element-5ce002c elementor-widget elementor-widget-heading\" data-id=\"5ce002c\" data-element_type=\"widget\" data-e-type=\"widget\" data-widget_type=\"heading.default\">\n\t\t\t\t<div class=\"elementor-widget-container\">\n\t\t\t\t\t<h2 class=\"elementor-heading-title elementor-size-default\">Collecte du courrier pour les entreprises ?  <br>GO ! Service de bo\u00eete postale <\/h2>\t\t\t\t<\/div>\n\t\t\t\t<\/div>\n\t\t\t\t<div class=\"elementor-element elementor-element-5e6fc0e elementor-widget elementor-widget-text-editor\" data-id=\"5e6fc0e\" data-element_type=\"widget\" data-e-type=\"widget\" data-widget_type=\"text-editor.default\">\n\t\t\t\t<div class=\"elementor-widget-container\">\n\t\t\t\t\t\t\t\t\t<p>GO ! vide r\u00e9guli\u00e8rement votre bo\u00eete aux lettres \u00e0 la date convenue et distribue votre courrier sans d\u00e9lai. Notre service de bo\u00eete postale vous \u00e9vite ainsi de longs d\u00e9placements et vous permet de vous consacrer pleinement \u00e0 votre activit\u00e9 principale. <\/p>\t\t\t\t\t\t\t\t<\/div>\n\t\t\t\t<\/div>\n\t\t\t\t<div class=\"elementor-element elementor-element-73ffb2e elementor-tablet-align-justify elementor-widget elementor-widget-button\" data-id=\"73ffb2e\" data-element_type=\"widget\" data-e-type=\"widget\" data-widget_type=\"button.default\">\n\t\t\t\t<div class=\"elementor-widget-container\">\n\t\t\t\t\t\t\t\t\t<div class=\"elementor-button-wrapper\">\n\t\t\t\t\t<a class=\"elementor-button elementor-button-link elementor-size-sm\" href=\"https:\/\/generalovernight.ch\/fr\/produits\/go-solutions\/exigences-particulieres-en-matiere-dexpedition\/go-service-de-boite-postale\/\">\n\t\t\t\t\t\t<span class=\"elementor-button-content-wrapper\">\n\t\t\t\t\t\t\t\t\t<span class=\"elementor-button-text\">GO ! Service de bo\u00eete postale <\/span>\n\t\t\t\t\t<\/span>\n\t\t\t\t\t<\/a>\n\t\t\t\t<\/div>\n\t\t\t\t\t\t\t\t<\/div>\n\t\t\t\t<\/div>\n\t\t\t\t<\/div>\n\t\t\t\t\t<\/div>\n\t\t\t\t<\/div>\n\t\t<div class=\"elementor-element elementor-element-207aaaf e-grid e-con-boxed e-con e-parent\" data-id=\"207aaaf\" data-element_type=\"container\" data-e-type=\"container\" data-settings=\"{&quot;jet_parallax_layout_list&quot;:[]}\">\n\t\t\t\t\t<div class=\"e-con-inner\">\n\t\t\t\t<div class=\"elementor-element elementor-element-53eb111 elementor-widget elementor-widget-image\" data-id=\"53eb111\" data-element_type=\"widget\" data-e-type=\"widget\" data-widget_type=\"image.default\">\n\t\t\t\t<div class=\"elementor-widget-container\">\n\t\t\t\t\t\t\t\t\t\t\t\t\t\t\t<img decoding=\"async\" width=\"800\" height=\"566\" src=\"https:\/\/generalovernight.ch\/wp-content\/uploads\/2024\/12\/GO_Crafter_Architektur_ZH-scaled-1-1024x724.jpg\" class=\"attachment-large size-large wp-image-8900\" alt=\"\" srcset=\"https:\/\/generalovernight.ch\/wp-content\/uploads\/2024\/12\/GO_Crafter_Architektur_ZH-scaled-1-1024x724.jpg 1024w, https:\/\/generalovernight.ch\/wp-content\/uploads\/2024\/12\/GO_Crafter_Architektur_ZH-scaled-1-300x212.jpg 300w, https:\/\/generalovernight.ch\/wp-content\/uploads\/2024\/12\/GO_Crafter_Architektur_ZH-scaled-1-768x543.jpg 768w, https:\/\/generalovernight.ch\/wp-content\/uploads\/2024\/12\/GO_Crafter_Architektur_ZH-scaled-1-1536x1086.jpg 1536w, https:\/\/generalovernight.ch\/wp-content\/uploads\/2024\/12\/GO_Crafter_Architektur_ZH-scaled-1-2048x1448.jpg 2048w\" sizes=\"(max-width: 800px) 100vw, 800px\" \/>\t\t\t\t\t\t\t\t\t\t\t\t\t\t\t<\/div>\n\t\t\t\t<\/div>\n\t\t<div class=\"elementor-element elementor-element-25a196a e-con-full e-flex e-con e-child\" data-id=\"25a196a\" data-element_type=\"container\" data-e-type=\"container\" data-settings=\"{&quot;jet_parallax_layout_list&quot;:[],&quot;background_background&quot;:&quot;classic&quot;}\">\n\t\t<div class=\"elementor-element elementor-element-35c7aa8 e-con-full e-flex e-con e-child\" data-id=\"35c7aa8\" data-element_type=\"container\" data-e-type=\"container\" data-settings=\"{&quot;background_background&quot;:&quot;classic&quot;,&quot;jet_parallax_layout_list&quot;:[]}\">\n\t\t\t\t<div class=\"elementor-element elementor-element-5280868 elementor-widget elementor-widget-heading\" data-id=\"5280868\" data-element_type=\"widget\" data-e-type=\"widget\" data-widget_type=\"heading.default\">\n\t\t\t\t<div class=\"elementor-widget-container\">\n\t\t\t\t\t<h2 class=\"elementor-heading-title elementor-size-default\">Services sp\u00e9ciaux<\/h2>\t\t\t\t<\/div>\n\t\t\t\t<\/div>\n\t\t\t\t<div class=\"elementor-element elementor-element-2fd0c69 elementor-widget elementor-widget-text-editor\" data-id=\"2fd0c69\" data-element_type=\"widget\" data-e-type=\"widget\" data-widget_type=\"text-editor.default\">\n\t\t\t\t<div class=\"elementor-widget-container\">\n\t\t\t\t\t\t\t\t\t<ul><li style=\"font-weight: 400;\" aria-level=\"1\"><span style=\"font-weight: 400;\">Fret a\u00e9rien<\/span><\/li><li style=\"font-weight: 400;\" aria-level=\"1\"><span style=\"font-weight: 400;\">\u00c0 bord<\/span><\/li><li style=\"font-weight: 400;\" aria-level=\"1\"><span style=\"font-weight: 400;\">Externaliser le service international (PU, douane, livraison)<\/span><\/li><\/ul>\t\t\t\t\t\t\t\t<\/div>\n\t\t\t\t<\/div>\n\t\t\t\t<\/div>\n\t\t\t\t<\/div>\n\t\t\t\t\t<\/div>\n\t\t\t\t<\/div>\n\t\t\t\t<\/div>\n\t\t","protected":false},"excerpt":{"rendered":"<p>Des solutions logistiques exceptionnelles pour des besoins d&rsquo;exp\u00e9dition sp\u00e9cifiques Vous avez des marchandises \u00e0 exp\u00e9dier dont les dimensions sortent de l&rsquo;ordinaire ? Ou vous souhaitez que les envois de palettes soient livr\u00e9s la nuit ? Vous souhaitez all\u00e9ger la charge de travail de votre propre magasin et externaliser les exc\u00e9dents en temps voulu ? Chez [&hellip;]<\/p>\n","protected":false},"author":8,"featured_media":0,"parent":9017,"menu_order":0,"comment_status":"closed","ping_status":"closed","template":"","meta":{"_monsterinsights_skip_tracking":false,"_monsterinsights_sitenote_active":false,"_monsterinsights_sitenote_note":"","_monsterinsights_sitenote_category":0,"footnotes":""},"class_list":["post-8896","page","type-page","status-publish","hentry"],"yoast_head":"<!-- This site is optimized with the Yoast SEO plugin v27.2 - https:\/\/yoast.com\/product\/yoast-seo-wordpress\/ -->\n<title>Exigences particuli\u00e8res en mati\u00e8re d&#039;exp\u00e9dition - GO! Express &amp; Logistics<\/title>\n<meta name=\"robots\" content=\"index, follow, max-snippet:-1, max-image-preview:large, max-video-preview:-1\" \/>\n<link rel=\"canonical\" href=\"https:\/\/generalovernight.ch\/fr\/produits\/go-solutions\/exigences-particulieres-en-matiere-dexpedition\/\" \/>\n<meta property=\"og:locale\" content=\"fr_FR\" \/>\n<meta property=\"og:type\" content=\"article\" \/>\n<meta property=\"og:title\" content=\"Exigences particuli\u00e8res en mati\u00e8re d&#039;exp\u00e9dition - GO! Express &amp; Logistics\" \/>\n<meta property=\"og:description\" content=\"Des solutions logistiques exceptionnelles pour des besoins d&rsquo;exp\u00e9dition sp\u00e9cifiques Vous avez des marchandises \u00e0 exp\u00e9dier dont les dimensions sortent de l&rsquo;ordinaire ? Ou vous souhaitez que les envois de palettes soient livr\u00e9s la nuit ? Vous souhaitez all\u00e9ger la charge de travail de votre propre magasin et externaliser les exc\u00e9dents en temps voulu ? Chez [&hellip;]\" \/>\n<meta property=\"og:url\" content=\"https:\/\/generalovernight.ch\/fr\/produits\/go-solutions\/exigences-particulieres-en-matiere-dexpedition\/\" \/>\n<meta property=\"og:site_name\" content=\"GO! Express &amp; Logistics\" \/>\n<meta property=\"article:modified_time\" content=\"2025-03-17T12:15:31+00:00\" \/>\n<meta property=\"og:image\" content=\"https:\/\/p682793.webspaceconfig.de\/wp-content\/uploads\/2024\/12\/Kampagne_Dresden_2.jpg\" \/>\n<meta name=\"twitter:card\" content=\"summary_large_image\" \/>\n<meta name=\"twitter:label1\" content=\"Dur\u00e9e de lecture estim\u00e9e\" \/>\n\t<meta name=\"twitter:data1\" content=\"1 minute\" \/>\n<script type=\"application\/ld+json\" class=\"yoast-schema-graph\">{\"@context\":\"https:\/\/schema.org\",\"@graph\":[{\"@type\":\"WebPage\",\"@id\":\"https:\/\/generalovernight.ch\/fr\/produits\/go-solutions\/exigences-particulieres-en-matiere-dexpedition\/\",\"url\":\"https:\/\/generalovernight.ch\/fr\/produits\/go-solutions\/exigences-particulieres-en-matiere-dexpedition\/\",\"name\":\"Exigences particuli\u00e8res en mati\u00e8re d'exp\u00e9dition - GO! Express &amp; Logistics\",\"isPartOf\":{\"@id\":\"https:\/\/generalovernight.ch\/fr\/#website\"},\"primaryImageOfPage\":{\"@id\":\"https:\/\/generalovernight.ch\/fr\/produits\/go-solutions\/exigences-particulieres-en-matiere-dexpedition\/#primaryimage\"},\"image\":{\"@id\":\"https:\/\/generalovernight.ch\/fr\/produits\/go-solutions\/exigences-particulieres-en-matiere-dexpedition\/#primaryimage\"},\"thumbnailUrl\":\"https:\/\/p682793.webspaceconfig.de\/wp-content\/uploads\/2024\/12\/Kampagne_Dresden_2.jpg\",\"datePublished\":\"2024-12-16T12:02:26+00:00\",\"dateModified\":\"2025-03-17T12:15:31+00:00\",\"breadcrumb\":{\"@id\":\"https:\/\/generalovernight.ch\/fr\/produits\/go-solutions\/exigences-particulieres-en-matiere-dexpedition\/#breadcrumb\"},\"inLanguage\":\"fr-FR\",\"potentialAction\":[{\"@type\":\"ReadAction\",\"target\":[\"https:\/\/generalovernight.ch\/fr\/produits\/go-solutions\/exigences-particulieres-en-matiere-dexpedition\/\"]}]},{\"@type\":\"ImageObject\",\"inLanguage\":\"fr-FR\",\"@id\":\"https:\/\/generalovernight.ch\/fr\/produits\/go-solutions\/exigences-particulieres-en-matiere-dexpedition\/#primaryimage\",\"url\":\"https:\/\/p682793.webspaceconfig.de\/wp-content\/uploads\/2024\/12\/Kampagne_Dresden_2.jpg\",\"contentUrl\":\"https:\/\/p682793.webspaceconfig.de\/wp-content\/uploads\/2024\/12\/Kampagne_Dresden_2.jpg\"},{\"@type\":\"BreadcrumbList\",\"@id\":\"https:\/\/generalovernight.ch\/fr\/produits\/go-solutions\/exigences-particulieres-en-matiere-dexpedition\/#breadcrumb\",\"itemListElement\":[{\"@type\":\"ListItem\",\"position\":1,\"name\":\"Startseite\",\"item\":\"https:\/\/generalovernight.ch\/fr\/\"},{\"@type\":\"ListItem\",\"position\":2,\"name\":\"Produits\",\"item\":\"https:\/\/generalovernight.ch\/fr\/produkte\/\"},{\"@type\":\"ListItem\",\"position\":3,\"name\":\"GO ! Solutions\",\"item\":\"https:\/\/generalovernight.ch\/fr\/produkte\/go-solutions\/\"},{\"@type\":\"ListItem\",\"position\":4,\"name\":\"Exigences particuli\u00e8res en mati\u00e8re d&#8217;exp\u00e9dition\"}]},{\"@type\":\"WebSite\",\"@id\":\"https:\/\/generalovernight.ch\/fr\/#website\",\"url\":\"https:\/\/generalovernight.ch\/fr\/\",\"name\":\"GO! Express &amp; Logistics\",\"description\":\"\",\"potentialAction\":[{\"@type\":\"SearchAction\",\"target\":{\"@type\":\"EntryPoint\",\"urlTemplate\":\"https:\/\/generalovernight.ch\/fr\/?s={search_term_string}\"},\"query-input\":{\"@type\":\"PropertyValueSpecification\",\"valueRequired\":true,\"valueName\":\"search_term_string\"}}],\"inLanguage\":\"fr-FR\"}]}<\/script>\n<!-- \/ Yoast SEO plugin. -->","yoast_head_json":{"title":"Exigences particuli\u00e8res en mati\u00e8re d'exp\u00e9dition - GO! Express &amp; Logistics","robots":{"index":"index","follow":"follow","max-snippet":"max-snippet:-1","max-image-preview":"max-image-preview:large","max-video-preview":"max-video-preview:-1"},"canonical":"https:\/\/generalovernight.ch\/fr\/produits\/go-solutions\/exigences-particulieres-en-matiere-dexpedition\/","og_locale":"fr_FR","og_type":"article","og_title":"Exigences particuli\u00e8res en mati\u00e8re d'exp\u00e9dition - GO! Express &amp; Logistics","og_description":"Des solutions logistiques exceptionnelles pour des besoins d&rsquo;exp\u00e9dition sp\u00e9cifiques Vous avez des marchandises \u00e0 exp\u00e9dier dont les dimensions sortent de l&rsquo;ordinaire ? Ou vous souhaitez que les envois de palettes soient livr\u00e9s la nuit ? Vous souhaitez all\u00e9ger la charge de travail de votre propre magasin et externaliser les exc\u00e9dents en temps voulu ? Chez [&hellip;]","og_url":"https:\/\/generalovernight.ch\/fr\/produits\/go-solutions\/exigences-particulieres-en-matiere-dexpedition\/","og_site_name":"GO! Express &amp; Logistics","article_modified_time":"2025-03-17T12:15:31+00:00","og_image":[{"url":"https:\/\/p682793.webspaceconfig.de\/wp-content\/uploads\/2024\/12\/Kampagne_Dresden_2.jpg","type":"","width":"","height":""}],"twitter_card":"summary_large_image","twitter_misc":{"Dur\u00e9e de lecture estim\u00e9e":"1 minute"},"schema":{"@context":"https:\/\/schema.org","@graph":[{"@type":"WebPage","@id":"https:\/\/generalovernight.ch\/fr\/produits\/go-solutions\/exigences-particulieres-en-matiere-dexpedition\/","url":"https:\/\/generalovernight.ch\/fr\/produits\/go-solutions\/exigences-particulieres-en-matiere-dexpedition\/","name":"Exigences particuli\u00e8res en mati\u00e8re d'exp\u00e9dition - GO! Express &amp; Logistics","isPartOf":{"@id":"https:\/\/generalovernight.ch\/fr\/#website"},"primaryImageOfPage":{"@id":"https:\/\/generalovernight.ch\/fr\/produits\/go-solutions\/exigences-particulieres-en-matiere-dexpedition\/#primaryimage"},"image":{"@id":"https:\/\/generalovernight.ch\/fr\/produits\/go-solutions\/exigences-particulieres-en-matiere-dexpedition\/#primaryimage"},"thumbnailUrl":"https:\/\/p682793.webspaceconfig.de\/wp-content\/uploads\/2024\/12\/Kampagne_Dresden_2.jpg","datePublished":"2024-12-16T12:02:26+00:00","dateModified":"2025-03-17T12:15:31+00:00","breadcrumb":{"@id":"https:\/\/generalovernight.ch\/fr\/produits\/go-solutions\/exigences-particulieres-en-matiere-dexpedition\/#breadcrumb"},"inLanguage":"fr-FR","potentialAction":[{"@type":"ReadAction","target":["https:\/\/generalovernight.ch\/fr\/produits\/go-solutions\/exigences-particulieres-en-matiere-dexpedition\/"]}]},{"@type":"ImageObject","inLanguage":"fr-FR","@id":"https:\/\/generalovernight.ch\/fr\/produits\/go-solutions\/exigences-particulieres-en-matiere-dexpedition\/#primaryimage","url":"https:\/\/p682793.webspaceconfig.de\/wp-content\/uploads\/2024\/12\/Kampagne_Dresden_2.jpg","contentUrl":"https:\/\/p682793.webspaceconfig.de\/wp-content\/uploads\/2024\/12\/Kampagne_Dresden_2.jpg"},{"@type":"BreadcrumbList","@id":"https:\/\/generalovernight.ch\/fr\/produits\/go-solutions\/exigences-particulieres-en-matiere-dexpedition\/#breadcrumb","itemListElement":[{"@type":"ListItem","position":1,"name":"Startseite","item":"https:\/\/generalovernight.ch\/fr\/"},{"@type":"ListItem","position":2,"name":"Produits","item":"https:\/\/generalovernight.ch\/fr\/produkte\/"},{"@type":"ListItem","position":3,"name":"GO ! Solutions","item":"https:\/\/generalovernight.ch\/fr\/produkte\/go-solutions\/"},{"@type":"ListItem","position":4,"name":"Exigences particuli\u00e8res en mati\u00e8re d&#8217;exp\u00e9dition"}]},{"@type":"WebSite","@id":"https:\/\/generalovernight.ch\/fr\/#website","url":"https:\/\/generalovernight.ch\/fr\/","name":"GO! Express &amp; Logistics","description":"","potentialAction":[{"@type":"SearchAction","target":{"@type":"EntryPoint","urlTemplate":"https:\/\/generalovernight.ch\/fr\/?s={search_term_string}"},"query-input":{"@type":"PropertyValueSpecification","valueRequired":true,"valueName":"search_term_string"}}],"inLanguage":"fr-FR"}]}},"_links":{"self":[{"href":"https:\/\/generalovernight.ch\/fr\/wp-json\/wp\/v2\/pages\/8896","targetHints":{"allow":["GET"]}}],"collection":[{"href":"https:\/\/generalovernight.ch\/fr\/wp-json\/wp\/v2\/pages"}],"about":[{"href":"https:\/\/generalovernight.ch\/fr\/wp-json\/wp\/v2\/types\/page"}],"author":[{"embeddable":true,"href":"https:\/\/generalovernight.ch\/fr\/wp-json\/wp\/v2\/users\/8"}],"replies":[{"embeddable":true,"href":"https:\/\/generalovernight.ch\/fr\/wp-json\/wp\/v2\/comments?post=8896"}],"version-history":[{"count":2,"href":"https:\/\/generalovernight.ch\/fr\/wp-json\/wp\/v2\/pages\/8896\/revisions"}],"predecessor-version":[{"id":8903,"href":"https:\/\/generalovernight.ch\/fr\/wp-json\/wp\/v2\/pages\/8896\/revisions\/8903"}],"up":[{"embeddable":true,"href":"https:\/\/generalovernight.ch\/fr\/wp-json\/wp\/v2\/pages\/9017"}],"wp:attachment":[{"href":"https:\/\/generalovernight.ch\/fr\/wp-json\/wp\/v2\/media?parent=8896"}],"curies":[{"name":"wp","href":"https:\/\/api.w.org\/{rel}","templated":true}]}}