{"id":8904,"date":"2024-12-16T12:02:49","date_gmt":"2024-12-16T12:02:49","guid":{"rendered":"https:\/\/p682793.webspaceconfig.de\/solutions-sectorielles\/"},"modified":"2025-03-17T12:15:31","modified_gmt":"2025-03-17T12:15:31","slug":"solutions-sectorielles","status":"publish","type":"page","link":"https:\/\/generalovernight.ch\/fr\/produits\/go-solutions\/solutions-sectorielles\/","title":{"rendered":"Solutions sectorielles"},"content":{"rendered":"\t\t<div data-elementor-type=\"wp-page\" data-elementor-id=\"8904\" class=\"elementor elementor-8904 elementor-6400\" data-elementor-post-type=\"page\">\n\t\t\t\t<div class=\"elementor-element elementor-element-3e6c2bb e-flex e-con-boxed e-con e-parent\" data-id=\"3e6c2bb\" data-element_type=\"container\" data-e-type=\"container\" data-settings=\"{&quot;jet_parallax_layout_list&quot;:[]}\">\n\t\t\t\t\t<div class=\"e-con-inner\">\n\t\t\t\t<div class=\"elementor-element elementor-element-db620b6 elementor-widget elementor-widget-heading\" data-id=\"db620b6\" data-element_type=\"widget\" data-e-type=\"widget\" data-widget_type=\"heading.default\">\n\t\t\t\t<div class=\"elementor-widget-container\">\n\t\t\t\t\t<h1 class=\"elementor-heading-title elementor-size-default\">Secteur d'activit\u00e9 sp\u00e9cifique ?<br>GO ! Solutions sectorielles <\/h1>\t\t\t\t<\/div>\n\t\t\t\t<\/div>\n\t\t\t\t<div class=\"elementor-element elementor-element-3159eba elementor-widget elementor-widget-spacer\" data-id=\"3159eba\" data-element_type=\"widget\" data-e-type=\"widget\" data-widget_type=\"spacer.default\">\n\t\t\t\t<div class=\"elementor-widget-container\">\n\t\t\t\t\t\t\t<div class=\"elementor-spacer\">\n\t\t\t<div class=\"elementor-spacer-inner\"><\/div>\n\t\t<\/div>\n\t\t\t\t\t\t<\/div>\n\t\t\t\t<\/div>\n\t\t\t\t<div class=\"elementor-element elementor-element-45aa715 elementor-widget elementor-widget-text-editor\" data-id=\"45aa715\" data-element_type=\"widget\" data-e-type=\"widget\" data-widget_type=\"text-editor.default\">\n\t\t\t\t<div class=\"elementor-widget-container\">\n\t\t\t\t\t\t\t\t\t<p>Qu&rsquo;il s&rsquo;agisse de la logistique des pi\u00e8ces de rechange ou de la haute disponibilit\u00e9, de l&rsquo;envoi d&rsquo;\u00e9chantillons ou de la logistique d&rsquo;urgence, chaque secteur de march\u00e9 se caract\u00e9rise par des exigences sp\u00e9cifiques. C&rsquo;est pourquoi GO ! propose des solutions d&rsquo;exp\u00e9dition adapt\u00e9es \u00e0 de nombreux secteurs. Parmi elles, l&rsquo;automobile, l&rsquo;agriculture ou les soins de sant\u00e9. Nous trouverons la solution qui vous convient, adapt\u00e9e \u00e0 vos besoins, et qui vous donnera un avantage certain sur vos concurrents. N&rsquo;h\u00e9sitez pas \u00e0 nous contacter.    <\/p>\t\t\t\t\t\t\t\t<\/div>\n\t\t\t\t<\/div>\n\t\t\t\t\t<\/div>\n\t\t\t\t<\/div>\n\t\t<div class=\"elementor-element elementor-element-3a380c7 e-grid e-con-boxed e-con e-parent\" data-id=\"3a380c7\" data-element_type=\"container\" data-e-type=\"container\" data-settings=\"{&quot;jet_parallax_layout_list&quot;:[]}\">\n\t\t\t\t\t<div class=\"e-con-inner\">\n\t\t<div class=\"elementor-element elementor-element-0639791 e-con-full e-flex e-con e-child\" data-id=\"0639791\" data-element_type=\"container\" data-e-type=\"container\" data-settings=\"{&quot;background_background&quot;:&quot;classic&quot;,&quot;jet_parallax_layout_list&quot;:[]}\">\n\t\t\t\t<div class=\"elementor-element elementor-element-8eca616 elementor-widget elementor-widget-heading\" data-id=\"8eca616\" data-element_type=\"widget\" data-e-type=\"widget\" data-widget_type=\"heading.default\">\n\t\t\t\t<div class=\"elementor-widget-container\">\n\t\t\t\t\t<h2 class=\"elementor-heading-title elementor-size-default\">Automobile<\/h2>\t\t\t\t<\/div>\n\t\t\t\t<\/div>\n\t\t\t\t<div class=\"elementor-element elementor-element-eb4af2c elementor-widget elementor-widget-text-editor\" data-id=\"eb4af2c\" data-element_type=\"widget\" data-e-type=\"widget\" data-widget_type=\"text-editor.default\">\n\t\t\t\t<div class=\"elementor-widget-container\">\n\t\t\t\t\t\t\t\t\t<p>Nous vous fournissons, ainsi qu&rsquo;\u00e0 vos partenaires, les pi\u00e8ces de rechange dont vous avez un besoin urgent.<br>Car pour nous, la logistique des pi\u00e8ces de rechange n&rsquo;est pas qu&rsquo;un mot, c&rsquo;est une r\u00e9alit\u00e9 quotidienne. C&rsquo;est ainsi que nous \u00e9tablissons une cha\u00eene d&rsquo;approvisionnement sans faille. <\/p>\t\t\t\t\t\t\t\t<\/div>\n\t\t\t\t<\/div>\n\t\t\t\t<div class=\"elementor-element elementor-element-9bab8df elementor-tablet-align-justify elementor-widget elementor-widget-button\" data-id=\"9bab8df\" data-element_type=\"widget\" data-e-type=\"widget\" data-widget_type=\"button.default\">\n\t\t\t\t<div class=\"elementor-widget-container\">\n\t\t\t\t\t\t\t\t\t<div class=\"elementor-button-wrapper\">\n\t\t\t\t\t<a class=\"elementor-button elementor-button-link elementor-size-sm\" href=\"https:\/\/generalovernight.ch\/fr\/produits\/go-solutions\/solutions-sectorielles\/go-automotive\/\">\n\t\t\t\t\t\t<span class=\"elementor-button-content-wrapper\">\n\t\t\t\t\t\t\t\t\t<span class=\"elementor-button-text\">Logistique automobile<\/span>\n\t\t\t\t\t<\/span>\n\t\t\t\t\t<\/a>\n\t\t\t\t<\/div>\n\t\t\t\t\t\t\t\t<\/div>\n\t\t\t\t<\/div>\n\t\t\t\t<\/div>\n\t\t<div class=\"elementor-element elementor-element-9232efc e-con-full e-flex e-con e-child\" data-id=\"9232efc\" data-element_type=\"container\" data-e-type=\"container\" data-settings=\"{&quot;background_background&quot;:&quot;classic&quot;,&quot;jet_parallax_layout_list&quot;:[]}\">\n\t\t\t\t<div class=\"elementor-element elementor-element-a2820b5 elementor-widget elementor-widget-heading\" data-id=\"a2820b5\" data-element_type=\"widget\" data-e-type=\"widget\" data-widget_type=\"heading.default\">\n\t\t\t\t<div class=\"elementor-widget-container\">\n\t\t\t\t\t<h2 class=\"elementor-heading-title elementor-size-default\">Agriculture &amp; Communes<\/h2>\t\t\t\t<\/div>\n\t\t\t\t<\/div>\n\t\t\t\t<div class=\"elementor-element elementor-element-0a02807 elementor-widget elementor-widget-text-editor\" data-id=\"0a02807\" data-element_type=\"widget\" data-e-type=\"widget\" data-widget_type=\"text-editor.default\">\n\t\t\t\t<div class=\"elementor-widget-container\">\n\t\t\t\t\t\t\t\t\t<p>Pendant la saison, du printemps \u00e0 l&rsquo;automne, les semoirs et les moissonneuses ne connaissent ni fin de journ\u00e9e ni jours de repos. La m\u00e9t\u00e9o et la qualit\u00e9 du service font la diff\u00e9rence entre un succ\u00e8s florissant et une triste friche. <\/p>\t\t\t\t\t\t\t\t<\/div>\n\t\t\t\t<\/div>\n\t\t\t\t<div class=\"elementor-element elementor-element-a047861 elementor-tablet-align-justify elementor-widget elementor-widget-button\" data-id=\"a047861\" data-element_type=\"widget\" data-e-type=\"widget\" data-widget_type=\"button.default\">\n\t\t\t\t<div class=\"elementor-widget-container\">\n\t\t\t\t\t\t\t\t\t<div class=\"elementor-button-wrapper\">\n\t\t\t\t\t<a class=\"elementor-button elementor-button-link elementor-size-sm\" href=\"https:\/\/generalovernight.ch\/fr\/produits\/go-solutions\/solutions-sectorielles\/go-agriculture-communes\/\">\n\t\t\t\t\t\t<span class=\"elementor-button-content-wrapper\">\n\t\t\t\t\t\t\t\t\t<span class=\"elementor-button-text\">Agriculture-Logistique<\/span>\n\t\t\t\t\t<\/span>\n\t\t\t\t\t<\/a>\n\t\t\t\t<\/div>\n\t\t\t\t\t\t\t\t<\/div>\n\t\t\t\t<\/div>\n\t\t\t\t<\/div>\n\t\t<div class=\"elementor-element elementor-element-453b1dd e-con-full e-flex e-con e-child\" data-id=\"453b1dd\" data-element_type=\"container\" data-e-type=\"container\" data-settings=\"{&quot;background_background&quot;:&quot;classic&quot;,&quot;jet_parallax_layout_list&quot;:[]}\">\n\t\t\t\t<div class=\"elementor-element elementor-element-61f2850 elementor-widget elementor-widget-heading\" data-id=\"61f2850\" data-element_type=\"widget\" data-e-type=\"widget\" data-widget_type=\"heading.default\">\n\t\t\t\t<div class=\"elementor-widget-container\">\n\t\t\t\t\t<h2 class=\"elementor-heading-title elementor-size-default\">Soins de sant\u00e9<\/h2>\t\t\t\t<\/div>\n\t\t\t\t<\/div>\n\t\t\t\t<div class=\"elementor-element elementor-element-263f920 elementor-widget elementor-widget-text-editor\" data-id=\"263f920\" data-element_type=\"widget\" data-e-type=\"widget\" data-widget_type=\"text-editor.default\">\n\t\t\t\t<div class=\"elementor-widget-container\">\n\t\t\t\t\t\t\t\t\t<p>Nous vous offrons la plus grande s\u00e9curit\u00e9 de livraison possible pour l&rsquo;envoi de vos colis. Gr\u00e2ce \u00e0 des ann\u00e9es d&rsquo;exp\u00e9rience logistique dans le secteur des soins de sant\u00e9. Conforme au GDP et \u00e0 la norme DIN EN ISO 9001:2015.  <\/p>\t\t\t\t\t\t\t\t<\/div>\n\t\t\t\t<\/div>\n\t\t\t\t<div class=\"elementor-element elementor-element-093e4a9 elementor-tablet-align-justify elementor-widget elementor-widget-button\" data-id=\"093e4a9\" data-element_type=\"widget\" data-e-type=\"widget\" data-widget_type=\"button.default\">\n\t\t\t\t<div class=\"elementor-widget-container\">\n\t\t\t\t\t\t\t\t\t<div class=\"elementor-button-wrapper\">\n\t\t\t\t\t<a class=\"elementor-button elementor-button-link elementor-size-sm\" href=\"https:\/\/generalovernight.ch\/fr\/produits\/go-solutions\/solutions-sectorielles\/go-sciences-de-la-vie-et-technologies-medicales\/\">\n\t\t\t\t\t\t<span class=\"elementor-button-content-wrapper\">\n\t\t\t\t\t\t\t\t\t<span class=\"elementor-button-text\">Soins de sant\u00e9<\/span>\n\t\t\t\t\t<\/span>\n\t\t\t\t\t<\/a>\n\t\t\t\t<\/div>\n\t\t\t\t\t\t\t\t<\/div>\n\t\t\t\t<\/div>\n\t\t\t\t<\/div>\n\t\t\t\t\t<\/div>\n\t\t\t\t<\/div>\n\t\t<div class=\"elementor-element elementor-element-aee1649 e-con-full e-flex e-con e-parent\" data-id=\"aee1649\" data-element_type=\"container\" data-e-type=\"container\" data-settings=\"{&quot;jet_parallax_layout_list&quot;:[]}\">\n\t\t\t\t<div class=\"elementor-element elementor-element-b2d9025 elementor-widget elementor-widget-template\" data-id=\"b2d9025\" data-element_type=\"widget\" data-e-type=\"widget\" data-widget_type=\"template.default\">\n\t\t\t\t<div class=\"elementor-widget-container\">\n\t\t\t\t\t\t\t<div class=\"elementor-template\">\n\t\t\t\t\t<div data-elementor-type=\"section\" data-elementor-id=\"6747\" class=\"elementor elementor-6747\" data-elementor-post-type=\"elementor_library\">\n\t\t\t<div class=\"elementor-element elementor-element-f387d5f e-flex e-con-boxed e-con e-parent\" data-id=\"f387d5f\" data-element_type=\"container\" data-e-type=\"container\" data-settings=\"{&quot;background_background&quot;:&quot;classic&quot;,&quot;jet_parallax_layout_list&quot;:[]}\">\n\t\t\t\t\t<div class=\"e-con-inner\">\n\t\t<div class=\"elementor-element elementor-element-a8472b5 e-flex e-con-boxed e-con e-child\" data-id=\"a8472b5\" data-element_type=\"container\" data-e-type=\"container\" data-settings=\"{&quot;jet_parallax_layout_list&quot;:[],&quot;background_background&quot;:&quot;classic&quot;}\">\n\t\t\t\t\t<div class=\"e-con-inner\">\n\t\t<div class=\"elementor-element elementor-element-1d1b388 e-con-full blur e-flex e-con e-child\" data-id=\"1d1b388\" data-element_type=\"container\" data-e-type=\"container\" data-settings=\"{&quot;background_background&quot;:&quot;classic&quot;,&quot;jet_parallax_layout_list&quot;:[]}\">\n\t\t\t\t<div class=\"elementor-element elementor-element-c5a350e elementor-widget elementor-widget-heading\" data-id=\"c5a350e\" data-element_type=\"widget\" data-e-type=\"widget\" data-widget_type=\"heading.default\">\n\t\t\t\t<div class=\"elementor-widget-container\">\n\t\t\t\t\t<h2 class=\"elementor-heading-title elementor-size-default\">Versand ohne Kundenkonto<\/h2>\t\t\t\t<\/div>\n\t\t\t\t<\/div>\n\t\t\t\t<div class=\"elementor-element elementor-element-ca3fdc2 elementor-widget elementor-widget-text-editor\" data-id=\"ca3fdc2\" data-element_type=\"widget\" data-e-type=\"widget\" data-widget_type=\"text-editor.default\">\n\t\t\t\t<div class=\"elementor-widget-container\">\n\t\t\t\t\t\t\t\t\t<p>Sind Sie noch kein GO! Kunde, wollen aber unkompliziert eine Sendung beauftragen?\u00a0Dann stellen Sie hier mit nur wenigen Angaben eine unverbindliche Versandanfrage und wir melden uns bei Ihnen.<\/p>\t\t\t\t\t\t\t\t<\/div>\n\t\t\t\t<\/div>\n\t\t\t\t<div class=\"elementor-element elementor-element-8ee5bf0 elementor-widget elementor-widget-button\" data-id=\"8ee5bf0\" data-element_type=\"widget\" data-e-type=\"widget\" data-widget_type=\"button.default\">\n\t\t\t\t<div class=\"elementor-widget-container\">\n\t\t\t\t\t\t\t\t\t<div class=\"elementor-button-wrapper\">\n\t\t\t\t\t<a class=\"elementor-button elementor-button-link elementor-size-sm\" href=\"https:\/\/generalovernight.ch\/it\/richiesta-di-spedizione\/\">\n\t\t\t\t\t\t<span class=\"elementor-button-content-wrapper\">\n\t\t\t\t\t\t<span class=\"elementor-button-icon\">\n\t\t\t\t<i aria-hidden=\"true\" class=\" icon_mail_alt\"><\/i>\t\t\t<\/span>\n\t\t\t\t\t\t\t\t\t<span class=\"elementor-button-text\">Zur Versandanfrage <\/span>\n\t\t\t\t\t<\/span>\n\t\t\t\t\t<\/a>\n\t\t\t\t<\/div>\n\t\t\t\t\t\t\t\t<\/div>\n\t\t\t\t<\/div>\n\t\t\t\t<\/div>\n\t\t\t\t\t<\/div>\n\t\t\t\t<\/div>\n\t\t\t\t\t<\/div>\n\t\t\t\t<\/div>\n\t\t\t\t<\/div>\n\t\t\t\t<\/div>\n\t\t\t\t\t\t<\/div>\n\t\t\t\t<\/div>\n\t\t\t\t<\/div>\n\t\t\t\t<\/div>\n\t\t","protected":false},"excerpt":{"rendered":"<p>Secteur d&rsquo;activit\u00e9 sp\u00e9cifique ?GO ! Solutions sectorielles Qu&rsquo;il s&rsquo;agisse de la logistique des pi\u00e8ces de rechange ou de la haute disponibilit\u00e9, de l&rsquo;envoi d&rsquo;\u00e9chantillons ou de la logistique d&rsquo;urgence, chaque secteur de march\u00e9 se caract\u00e9rise par des exigences sp\u00e9cifiques. C&rsquo;est pourquoi GO ! propose des solutions d&rsquo;exp\u00e9dition adapt\u00e9es \u00e0 de nombreux secteurs. Parmi elles, l&rsquo;automobile, [&hellip;]<\/p>\n","protected":false},"author":8,"featured_media":0,"parent":9017,"menu_order":0,"comment_status":"closed","ping_status":"closed","template":"","meta":{"_monsterinsights_skip_tracking":false,"_monsterinsights_sitenote_active":false,"_monsterinsights_sitenote_note":"","_monsterinsights_sitenote_category":0,"footnotes":""},"class_list":["post-8904","page","type-page","status-publish","hentry"],"yoast_head":"<!-- This site is optimized with the Yoast SEO plugin v27.2 - https:\/\/yoast.com\/product\/yoast-seo-wordpress\/ -->\n<title>Solutions sectorielles - GO! Express &amp; Logistics<\/title>\n<meta name=\"robots\" content=\"index, follow, max-snippet:-1, max-image-preview:large, max-video-preview:-1\" \/>\n<link rel=\"canonical\" href=\"https:\/\/generalovernight.ch\/fr\/produits\/go-solutions\/solutions-sectorielles\/\" \/>\n<meta property=\"og:locale\" content=\"fr_FR\" \/>\n<meta property=\"og:type\" content=\"article\" \/>\n<meta property=\"og:title\" content=\"Solutions sectorielles - GO! Express &amp; Logistics\" \/>\n<meta property=\"og:description\" content=\"Secteur d&rsquo;activit\u00e9 sp\u00e9cifique ?GO ! Solutions sectorielles Qu&rsquo;il s&rsquo;agisse de la logistique des pi\u00e8ces de rechange ou de la haute disponibilit\u00e9, de l&rsquo;envoi d&rsquo;\u00e9chantillons ou de la logistique d&rsquo;urgence, chaque secteur de march\u00e9 se caract\u00e9rise par des exigences sp\u00e9cifiques. C&rsquo;est pourquoi GO ! propose des solutions d&rsquo;exp\u00e9dition adapt\u00e9es \u00e0 de nombreux secteurs. Parmi elles, l&rsquo;automobile, [&hellip;]\" \/>\n<meta property=\"og:url\" content=\"https:\/\/generalovernight.ch\/fr\/produits\/go-solutions\/solutions-sectorielles\/\" \/>\n<meta property=\"og:site_name\" content=\"GO! Express &amp; Logistics\" \/>\n<meta property=\"article:modified_time\" content=\"2025-03-17T12:15:31+00:00\" \/>\n<meta name=\"twitter:card\" content=\"summary_large_image\" \/>\n<meta name=\"twitter:label1\" content=\"Dur\u00e9e de lecture estim\u00e9e\" \/>\n\t<meta name=\"twitter:data1\" content=\"1 minute\" \/>\n<script type=\"application\/ld+json\" class=\"yoast-schema-graph\">{\"@context\":\"https:\/\/schema.org\",\"@graph\":[{\"@type\":\"WebPage\",\"@id\":\"https:\/\/generalovernight.ch\/fr\/produits\/go-solutions\/solutions-sectorielles\/\",\"url\":\"https:\/\/generalovernight.ch\/fr\/produits\/go-solutions\/solutions-sectorielles\/\",\"name\":\"Solutions sectorielles - GO! Express &amp; Logistics\",\"isPartOf\":{\"@id\":\"https:\/\/generalovernight.ch\/fr\/#website\"},\"datePublished\":\"2024-12-16T12:02:49+00:00\",\"dateModified\":\"2025-03-17T12:15:31+00:00\",\"breadcrumb\":{\"@id\":\"https:\/\/generalovernight.ch\/fr\/produits\/go-solutions\/solutions-sectorielles\/#breadcrumb\"},\"inLanguage\":\"fr-FR\",\"potentialAction\":[{\"@type\":\"ReadAction\",\"target\":[\"https:\/\/generalovernight.ch\/fr\/produits\/go-solutions\/solutions-sectorielles\/\"]}]},{\"@type\":\"BreadcrumbList\",\"@id\":\"https:\/\/generalovernight.ch\/fr\/produits\/go-solutions\/solutions-sectorielles\/#breadcrumb\",\"itemListElement\":[{\"@type\":\"ListItem\",\"position\":1,\"name\":\"Startseite\",\"item\":\"https:\/\/generalovernight.ch\/fr\/\"},{\"@type\":\"ListItem\",\"position\":2,\"name\":\"Produits\",\"item\":\"https:\/\/generalovernight.ch\/fr\/produkte\/\"},{\"@type\":\"ListItem\",\"position\":3,\"name\":\"GO ! Solutions\",\"item\":\"https:\/\/generalovernight.ch\/fr\/produkte\/go-solutions\/\"},{\"@type\":\"ListItem\",\"position\":4,\"name\":\"Solutions sectorielles\"}]},{\"@type\":\"WebSite\",\"@id\":\"https:\/\/generalovernight.ch\/fr\/#website\",\"url\":\"https:\/\/generalovernight.ch\/fr\/\",\"name\":\"GO! Express &amp; Logistics\",\"description\":\"\",\"potentialAction\":[{\"@type\":\"SearchAction\",\"target\":{\"@type\":\"EntryPoint\",\"urlTemplate\":\"https:\/\/generalovernight.ch\/fr\/?s={search_term_string}\"},\"query-input\":{\"@type\":\"PropertyValueSpecification\",\"valueRequired\":true,\"valueName\":\"search_term_string\"}}],\"inLanguage\":\"fr-FR\"}]}<\/script>\n<!-- \/ Yoast SEO plugin. -->","yoast_head_json":{"title":"Solutions sectorielles - GO! Express &amp; Logistics","robots":{"index":"index","follow":"follow","max-snippet":"max-snippet:-1","max-image-preview":"max-image-preview:large","max-video-preview":"max-video-preview:-1"},"canonical":"https:\/\/generalovernight.ch\/fr\/produits\/go-solutions\/solutions-sectorielles\/","og_locale":"fr_FR","og_type":"article","og_title":"Solutions sectorielles - GO! Express &amp; Logistics","og_description":"Secteur d&rsquo;activit\u00e9 sp\u00e9cifique ?GO ! Solutions sectorielles Qu&rsquo;il s&rsquo;agisse de la logistique des pi\u00e8ces de rechange ou de la haute disponibilit\u00e9, de l&rsquo;envoi d&rsquo;\u00e9chantillons ou de la logistique d&rsquo;urgence, chaque secteur de march\u00e9 se caract\u00e9rise par des exigences sp\u00e9cifiques. C&rsquo;est pourquoi GO ! propose des solutions d&rsquo;exp\u00e9dition adapt\u00e9es \u00e0 de nombreux secteurs. Parmi elles, l&rsquo;automobile, [&hellip;]","og_url":"https:\/\/generalovernight.ch\/fr\/produits\/go-solutions\/solutions-sectorielles\/","og_site_name":"GO! Express &amp; Logistics","article_modified_time":"2025-03-17T12:15:31+00:00","twitter_card":"summary_large_image","twitter_misc":{"Dur\u00e9e de lecture estim\u00e9e":"1 minute"},"schema":{"@context":"https:\/\/schema.org","@graph":[{"@type":"WebPage","@id":"https:\/\/generalovernight.ch\/fr\/produits\/go-solutions\/solutions-sectorielles\/","url":"https:\/\/generalovernight.ch\/fr\/produits\/go-solutions\/solutions-sectorielles\/","name":"Solutions sectorielles - GO! Express &amp; Logistics","isPartOf":{"@id":"https:\/\/generalovernight.ch\/fr\/#website"},"datePublished":"2024-12-16T12:02:49+00:00","dateModified":"2025-03-17T12:15:31+00:00","breadcrumb":{"@id":"https:\/\/generalovernight.ch\/fr\/produits\/go-solutions\/solutions-sectorielles\/#breadcrumb"},"inLanguage":"fr-FR","potentialAction":[{"@type":"ReadAction","target":["https:\/\/generalovernight.ch\/fr\/produits\/go-solutions\/solutions-sectorielles\/"]}]},{"@type":"BreadcrumbList","@id":"https:\/\/generalovernight.ch\/fr\/produits\/go-solutions\/solutions-sectorielles\/#breadcrumb","itemListElement":[{"@type":"ListItem","position":1,"name":"Startseite","item":"https:\/\/generalovernight.ch\/fr\/"},{"@type":"ListItem","position":2,"name":"Produits","item":"https:\/\/generalovernight.ch\/fr\/produkte\/"},{"@type":"ListItem","position":3,"name":"GO ! Solutions","item":"https:\/\/generalovernight.ch\/fr\/produkte\/go-solutions\/"},{"@type":"ListItem","position":4,"name":"Solutions sectorielles"}]},{"@type":"WebSite","@id":"https:\/\/generalovernight.ch\/fr\/#website","url":"https:\/\/generalovernight.ch\/fr\/","name":"GO! Express &amp; Logistics","description":"","potentialAction":[{"@type":"SearchAction","target":{"@type":"EntryPoint","urlTemplate":"https:\/\/generalovernight.ch\/fr\/?s={search_term_string}"},"query-input":{"@type":"PropertyValueSpecification","valueRequired":true,"valueName":"search_term_string"}}],"inLanguage":"fr-FR"}]}},"_links":{"self":[{"href":"https:\/\/generalovernight.ch\/fr\/wp-json\/wp\/v2\/pages\/8904","targetHints":{"allow":["GET"]}}],"collection":[{"href":"https:\/\/generalovernight.ch\/fr\/wp-json\/wp\/v2\/pages"}],"about":[{"href":"https:\/\/generalovernight.ch\/fr\/wp-json\/wp\/v2\/types\/page"}],"author":[{"embeddable":true,"href":"https:\/\/generalovernight.ch\/fr\/wp-json\/wp\/v2\/users\/8"}],"replies":[{"embeddable":true,"href":"https:\/\/generalovernight.ch\/fr\/wp-json\/wp\/v2\/comments?post=8904"}],"version-history":[{"count":2,"href":"https:\/\/generalovernight.ch\/fr\/wp-json\/wp\/v2\/pages\/8904\/revisions"}],"predecessor-version":[{"id":8908,"href":"https:\/\/generalovernight.ch\/fr\/wp-json\/wp\/v2\/pages\/8904\/revisions\/8908"}],"up":[{"embeddable":true,"href":"https:\/\/generalovernight.ch\/fr\/wp-json\/wp\/v2\/pages\/9017"}],"wp:attachment":[{"href":"https:\/\/generalovernight.ch\/fr\/wp-json\/wp\/v2\/media?parent=8904"}],"curies":[{"name":"wp","href":"https:\/\/api.w.org\/{rel}","templated":true}]}}