{"id":8919,"date":"2024-12-16T12:02:35","date_gmt":"2024-12-16T12:02:35","guid":{"rendered":"https:\/\/p682793.webspaceconfig.de\/contenu-particulier-des-envois\/"},"modified":"2025-03-17T12:15:31","modified_gmt":"2025-03-17T12:15:31","slug":"contenu-particulier-des-envois","status":"publish","type":"page","link":"https:\/\/generalovernight.ch\/fr\/produits\/go-solutions\/contenu-particulier-des-envois\/","title":{"rendered":"Contenu particulier des envois"},"content":{"rendered":"\t\t<div data-elementor-type=\"wp-page\" data-elementor-id=\"8919\" class=\"elementor elementor-8919 elementor-6399\" data-elementor-post-type=\"page\">\n\t\t\t\t<div class=\"elementor-element elementor-element-9a616aa e-flex e-con-boxed e-con e-parent\" data-id=\"9a616aa\" data-element_type=\"container\" data-e-type=\"container\" data-settings=\"{&quot;jet_parallax_layout_list&quot;:[]}\">\n\t\t\t\t\t<div class=\"e-con-inner\">\n\t\t\t\t<div class=\"elementor-element elementor-element-c97ab5f elementor-widget elementor-widget-heading\" data-id=\"c97ab5f\" data-element_type=\"widget\" data-e-type=\"widget\" data-widget_type=\"heading.default\">\n\t\t\t\t<div class=\"elementor-widget-container\">\n\t\t\t\t\t<h1 class=\"elementor-heading-title elementor-size-default\">Contenu particulier des envois<\/h1>\t\t\t\t<\/div>\n\t\t\t\t<\/div>\n\t\t\t\t<div class=\"elementor-element elementor-element-cbe7753 elementor-widget elementor-widget-spacer\" data-id=\"cbe7753\" data-element_type=\"widget\" data-e-type=\"widget\" data-widget_type=\"spacer.default\">\n\t\t\t\t<div class=\"elementor-widget-container\">\n\t\t\t\t\t\t\t<div class=\"elementor-spacer\">\n\t\t\t<div class=\"elementor-spacer-inner\"><\/div>\n\t\t<\/div>\n\t\t\t\t\t\t<\/div>\n\t\t\t\t<\/div>\n\t\t\t\t<div class=\"elementor-element elementor-element-98f8cb3 elementor-widget elementor-widget-text-editor\" data-id=\"98f8cb3\" data-element_type=\"widget\" data-e-type=\"widget\" data-widget_type=\"text-editor.default\">\n\t\t\t\t<div class=\"elementor-widget-container\">\n\t\t\t\t\t\t\t\t\t<p>Certains biens et marchandises n\u00e9cessitent non seulement une manipulation sensible et individuelle, mais sont \u00e9galement tr\u00e8s particuliers en eux-m\u00eames.<\/p>\t\t\t\t\t\t\t\t<\/div>\n\t\t\t\t<\/div>\n\t\t\t\t\t<\/div>\n\t\t\t\t<\/div>\n\t\t<div class=\"elementor-element elementor-element-71c4a93 e-grid e-con-boxed e-con e-parent\" data-id=\"71c4a93\" data-element_type=\"container\" data-e-type=\"container\" data-settings=\"{&quot;jet_parallax_layout_list&quot;:[]}\">\n\t\t\t\t\t<div class=\"e-con-inner\">\n\t\t\t\t<div class=\"elementor-element elementor-element-9f4f78a elementor-widget elementor-widget-image\" data-id=\"9f4f78a\" data-element_type=\"widget\" data-e-type=\"widget\" data-widget_type=\"image.default\">\n\t\t\t\t<div class=\"elementor-widget-container\">\n\t\t\t\t\t\t\t\t\t\t\t\t\t\t\t<img fetchpriority=\"high\" decoding=\"async\" width=\"400\" height=\"400\" src=\"https:\/\/generalovernight.ch\/wp-content\/uploads\/2025\/01\/GO-gefahrgut.jpg\" class=\"attachment-large size-large wp-image-8920\" alt=\"\" srcset=\"https:\/\/generalovernight.ch\/wp-content\/uploads\/2025\/01\/GO-gefahrgut.jpg 400w, https:\/\/generalovernight.ch\/wp-content\/uploads\/2025\/01\/GO-gefahrgut-300x300.jpg 300w, https:\/\/generalovernight.ch\/wp-content\/uploads\/2025\/01\/GO-gefahrgut-150x150.jpg 150w\" sizes=\"(max-width: 400px) 100vw, 400px\" \/>\t\t\t\t\t\t\t\t\t\t\t\t\t\t\t<\/div>\n\t\t\t\t<\/div>\n\t\t<div class=\"elementor-element elementor-element-788aaf2 e-con-full e-flex e-con e-child\" data-id=\"788aaf2\" data-element_type=\"container\" data-e-type=\"container\" data-settings=\"{&quot;jet_parallax_layout_list&quot;:[],&quot;background_background&quot;:&quot;classic&quot;}\">\n\t\t<div class=\"elementor-element elementor-element-247b1f8 e-con-full e-flex e-con e-child\" data-id=\"247b1f8\" data-element_type=\"container\" data-e-type=\"container\" data-settings=\"{&quot;background_background&quot;:&quot;classic&quot;,&quot;jet_parallax_layout_list&quot;:[]}\">\n\t\t\t\t<div class=\"elementor-element elementor-element-8d05f9a elementor-widget elementor-widget-heading\" data-id=\"8d05f9a\" data-element_type=\"widget\" data-e-type=\"widget\" data-widget_type=\"heading.default\">\n\t\t\t\t<div class=\"elementor-widget-container\">\n\t\t\t\t\t<h2 class=\"elementor-heading-title elementor-size-default\">Un soin maximal et une s\u00e9curit\u00e9 absolue<\/h2>\t\t\t\t<\/div>\n\t\t\t\t<\/div>\n\t\t\t\t<div class=\"elementor-element elementor-element-8de16a7 elementor-widget elementor-widget-button\" data-id=\"8de16a7\" data-element_type=\"widget\" data-e-type=\"widget\" data-widget_type=\"button.default\">\n\t\t\t\t<div class=\"elementor-widget-container\">\n\t\t\t\t\t\t\t\t\t<div class=\"elementor-button-wrapper\">\n\t\t\t\t\t<a class=\"elementor-button elementor-button-link elementor-size-sm\" href=\"https:\/\/generalovernight.ch\/fr\/produits\/go-solutions\/contenu-particulier-des-envois\/go-matieres-dangereuses\/\">\n\t\t\t\t\t\t<span class=\"elementor-button-content-wrapper\">\n\t\t\t\t\t\t\t\t\t<span class=\"elementor-button-text\">  GO ! Mati\u00e8res dangereuses <\/span>\n\t\t\t\t\t<\/span>\n\t\t\t\t\t<\/a>\n\t\t\t\t<\/div>\n\t\t\t\t\t\t\t\t<\/div>\n\t\t\t\t<\/div>\n\t\t\t\t<\/div>\n\t\t\t\t<\/div>\n\t\t\t\t\t<\/div>\n\t\t\t\t<\/div>\n\t\t<div class=\"elementor-element elementor-element-ddb2efe e-con-full e-flex e-con e-parent\" data-id=\"ddb2efe\" data-element_type=\"container\" data-e-type=\"container\" data-settings=\"{&quot;jet_parallax_layout_list&quot;:[]}\">\n\t\t\t\t<div class=\"elementor-element elementor-element-ed3f473 elementor-widget elementor-widget-template\" data-id=\"ed3f473\" data-element_type=\"widget\" data-e-type=\"widget\" data-widget_type=\"template.default\">\n\t\t\t\t<div class=\"elementor-widget-container\">\n\t\t\t\t\t\t\t<div class=\"elementor-template\">\n\t\t\t\t\t<div data-elementor-type=\"section\" data-elementor-id=\"6747\" class=\"elementor elementor-6747\" data-elementor-post-type=\"elementor_library\">\n\t\t\t<div class=\"elementor-element elementor-element-f387d5f e-flex e-con-boxed e-con e-parent\" data-id=\"f387d5f\" data-element_type=\"container\" data-e-type=\"container\" data-settings=\"{&quot;background_background&quot;:&quot;classic&quot;,&quot;jet_parallax_layout_list&quot;:[]}\">\n\t\t\t\t\t<div class=\"e-con-inner\">\n\t\t<div class=\"elementor-element elementor-element-a8472b5 e-flex e-con-boxed e-con e-child\" data-id=\"a8472b5\" data-element_type=\"container\" data-e-type=\"container\" data-settings=\"{&quot;jet_parallax_layout_list&quot;:[],&quot;background_background&quot;:&quot;classic&quot;}\">\n\t\t\t\t\t<div class=\"e-con-inner\">\n\t\t<div class=\"elementor-element elementor-element-1d1b388 e-con-full blur e-flex e-con e-child\" data-id=\"1d1b388\" data-element_type=\"container\" data-e-type=\"container\" data-settings=\"{&quot;background_background&quot;:&quot;classic&quot;,&quot;jet_parallax_layout_list&quot;:[]}\">\n\t\t\t\t<div class=\"elementor-element elementor-element-c5a350e elementor-widget elementor-widget-heading\" data-id=\"c5a350e\" data-element_type=\"widget\" data-e-type=\"widget\" data-widget_type=\"heading.default\">\n\t\t\t\t<div class=\"elementor-widget-container\">\n\t\t\t\t\t<h2 class=\"elementor-heading-title elementor-size-default\">Versand ohne Kundenkonto<\/h2>\t\t\t\t<\/div>\n\t\t\t\t<\/div>\n\t\t\t\t<div class=\"elementor-element elementor-element-ca3fdc2 elementor-widget elementor-widget-text-editor\" data-id=\"ca3fdc2\" data-element_type=\"widget\" data-e-type=\"widget\" data-widget_type=\"text-editor.default\">\n\t\t\t\t<div class=\"elementor-widget-container\">\n\t\t\t\t\t\t\t\t\t<p>Sind Sie noch kein GO! Kunde, wollen aber unkompliziert eine Sendung beauftragen?\u00a0Dann stellen Sie hier mit nur wenigen Angaben eine unverbindliche Versandanfrage und wir melden uns bei Ihnen.<\/p>\t\t\t\t\t\t\t\t<\/div>\n\t\t\t\t<\/div>\n\t\t\t\t<div class=\"elementor-element elementor-element-8ee5bf0 elementor-widget elementor-widget-button\" data-id=\"8ee5bf0\" data-element_type=\"widget\" data-e-type=\"widget\" data-widget_type=\"button.default\">\n\t\t\t\t<div class=\"elementor-widget-container\">\n\t\t\t\t\t\t\t\t\t<div class=\"elementor-button-wrapper\">\n\t\t\t\t\t<a class=\"elementor-button elementor-button-link elementor-size-sm\" href=\"https:\/\/generalovernight.ch\/it\/richiesta-di-spedizione\/\">\n\t\t\t\t\t\t<span class=\"elementor-button-content-wrapper\">\n\t\t\t\t\t\t<span class=\"elementor-button-icon\">\n\t\t\t\t<i aria-hidden=\"true\" class=\" icon_mail_alt\"><\/i>\t\t\t<\/span>\n\t\t\t\t\t\t\t\t\t<span class=\"elementor-button-text\">Zur Versandanfrage <\/span>\n\t\t\t\t\t<\/span>\n\t\t\t\t\t<\/a>\n\t\t\t\t<\/div>\n\t\t\t\t\t\t\t\t<\/div>\n\t\t\t\t<\/div>\n\t\t\t\t<\/div>\n\t\t\t\t\t<\/div>\n\t\t\t\t<\/div>\n\t\t\t\t\t<\/div>\n\t\t\t\t<\/div>\n\t\t\t\t<\/div>\n\t\t\t\t<\/div>\n\t\t\t\t\t\t<\/div>\n\t\t\t\t<\/div>\n\t\t\t\t<\/div>\n\t\t\t\t<\/div>\n\t\t","protected":false},"excerpt":{"rendered":"<p>Contenu particulier des envois Certains biens et marchandises n\u00e9cessitent non seulement une manipulation sensible et individuelle, mais sont \u00e9galement tr\u00e8s particuliers en eux-m\u00eames. Un soin maximal et une s\u00e9curit\u00e9 absolue GO ! Mati\u00e8res dangereuses<\/p>\n","protected":false},"author":8,"featured_media":0,"parent":9017,"menu_order":0,"comment_status":"closed","ping_status":"closed","template":"","meta":{"_monsterinsights_skip_tracking":false,"_monsterinsights_sitenote_active":false,"_monsterinsights_sitenote_note":"","_monsterinsights_sitenote_category":0,"footnotes":""},"class_list":["post-8919","page","type-page","status-publish","hentry"],"yoast_head":"<!-- This site is optimized with the Yoast SEO plugin v27.2 - https:\/\/yoast.com\/product\/yoast-seo-wordpress\/ -->\n<title>Contenu particulier des envois - GO! Express &amp; Logistics<\/title>\n<meta name=\"robots\" content=\"index, follow, max-snippet:-1, max-image-preview:large, max-video-preview:-1\" \/>\n<link rel=\"canonical\" href=\"https:\/\/generalovernight.ch\/fr\/produits\/go-solutions\/contenu-particulier-des-envois\/\" \/>\n<meta property=\"og:locale\" content=\"fr_FR\" \/>\n<meta property=\"og:type\" content=\"article\" \/>\n<meta property=\"og:title\" content=\"Contenu particulier des envois - GO! Express &amp; Logistics\" \/>\n<meta property=\"og:description\" content=\"Contenu particulier des envois Certains biens et marchandises n\u00e9cessitent non seulement une manipulation sensible et individuelle, mais sont \u00e9galement tr\u00e8s particuliers en eux-m\u00eames. Un soin maximal et une s\u00e9curit\u00e9 absolue GO ! Mati\u00e8res dangereuses\" \/>\n<meta property=\"og:url\" content=\"https:\/\/generalovernight.ch\/fr\/produits\/go-solutions\/contenu-particulier-des-envois\/\" \/>\n<meta property=\"og:site_name\" content=\"GO! Express &amp; Logistics\" \/>\n<meta property=\"article:modified_time\" content=\"2025-03-17T12:15:31+00:00\" \/>\n<meta property=\"og:image\" content=\"https:\/\/p682793.webspaceconfig.de\/wp-content\/uploads\/2025\/01\/GO-gefahrgut.jpg\" \/>\n<meta name=\"twitter:card\" content=\"summary_large_image\" \/>\n<script type=\"application\/ld+json\" class=\"yoast-schema-graph\">{\"@context\":\"https:\/\/schema.org\",\"@graph\":[{\"@type\":\"WebPage\",\"@id\":\"https:\/\/generalovernight.ch\/fr\/produits\/go-solutions\/contenu-particulier-des-envois\/\",\"url\":\"https:\/\/generalovernight.ch\/fr\/produits\/go-solutions\/contenu-particulier-des-envois\/\",\"name\":\"Contenu particulier des envois - GO! Express &amp; Logistics\",\"isPartOf\":{\"@id\":\"https:\/\/generalovernight.ch\/fr\/#website\"},\"primaryImageOfPage\":{\"@id\":\"https:\/\/generalovernight.ch\/fr\/produits\/go-solutions\/contenu-particulier-des-envois\/#primaryimage\"},\"image\":{\"@id\":\"https:\/\/generalovernight.ch\/fr\/produits\/go-solutions\/contenu-particulier-des-envois\/#primaryimage\"},\"thumbnailUrl\":\"https:\/\/p682793.webspaceconfig.de\/wp-content\/uploads\/2025\/01\/GO-gefahrgut.jpg\",\"datePublished\":\"2024-12-16T12:02:35+00:00\",\"dateModified\":\"2025-03-17T12:15:31+00:00\",\"breadcrumb\":{\"@id\":\"https:\/\/generalovernight.ch\/fr\/produits\/go-solutions\/contenu-particulier-des-envois\/#breadcrumb\"},\"inLanguage\":\"fr-FR\",\"potentialAction\":[{\"@type\":\"ReadAction\",\"target\":[\"https:\/\/generalovernight.ch\/fr\/produits\/go-solutions\/contenu-particulier-des-envois\/\"]}]},{\"@type\":\"ImageObject\",\"inLanguage\":\"fr-FR\",\"@id\":\"https:\/\/generalovernight.ch\/fr\/produits\/go-solutions\/contenu-particulier-des-envois\/#primaryimage\",\"url\":\"https:\/\/p682793.webspaceconfig.de\/wp-content\/uploads\/2025\/01\/GO-gefahrgut.jpg\",\"contentUrl\":\"https:\/\/p682793.webspaceconfig.de\/wp-content\/uploads\/2025\/01\/GO-gefahrgut.jpg\"},{\"@type\":\"BreadcrumbList\",\"@id\":\"https:\/\/generalovernight.ch\/fr\/produits\/go-solutions\/contenu-particulier-des-envois\/#breadcrumb\",\"itemListElement\":[{\"@type\":\"ListItem\",\"position\":1,\"name\":\"Startseite\",\"item\":\"https:\/\/generalovernight.ch\/fr\/\"},{\"@type\":\"ListItem\",\"position\":2,\"name\":\"Produits\",\"item\":\"https:\/\/generalovernight.ch\/fr\/produkte\/\"},{\"@type\":\"ListItem\",\"position\":3,\"name\":\"GO ! Solutions\",\"item\":\"https:\/\/generalovernight.ch\/fr\/produkte\/go-solutions\/\"},{\"@type\":\"ListItem\",\"position\":4,\"name\":\"Contenu particulier des envois\"}]},{\"@type\":\"WebSite\",\"@id\":\"https:\/\/generalovernight.ch\/fr\/#website\",\"url\":\"https:\/\/generalovernight.ch\/fr\/\",\"name\":\"GO! Express &amp; Logistics\",\"description\":\"\",\"potentialAction\":[{\"@type\":\"SearchAction\",\"target\":{\"@type\":\"EntryPoint\",\"urlTemplate\":\"https:\/\/generalovernight.ch\/fr\/?s={search_term_string}\"},\"query-input\":{\"@type\":\"PropertyValueSpecification\",\"valueRequired\":true,\"valueName\":\"search_term_string\"}}],\"inLanguage\":\"fr-FR\"}]}<\/script>\n<!-- \/ Yoast SEO plugin. -->","yoast_head_json":{"title":"Contenu particulier des envois - GO! Express &amp; Logistics","robots":{"index":"index","follow":"follow","max-snippet":"max-snippet:-1","max-image-preview":"max-image-preview:large","max-video-preview":"max-video-preview:-1"},"canonical":"https:\/\/generalovernight.ch\/fr\/produits\/go-solutions\/contenu-particulier-des-envois\/","og_locale":"fr_FR","og_type":"article","og_title":"Contenu particulier des envois - GO! Express &amp; Logistics","og_description":"Contenu particulier des envois Certains biens et marchandises n\u00e9cessitent non seulement une manipulation sensible et individuelle, mais sont \u00e9galement tr\u00e8s particuliers en eux-m\u00eames. Un soin maximal et une s\u00e9curit\u00e9 absolue GO ! Mati\u00e8res dangereuses","og_url":"https:\/\/generalovernight.ch\/fr\/produits\/go-solutions\/contenu-particulier-des-envois\/","og_site_name":"GO! Express &amp; Logistics","article_modified_time":"2025-03-17T12:15:31+00:00","og_image":[{"url":"https:\/\/p682793.webspaceconfig.de\/wp-content\/uploads\/2025\/01\/GO-gefahrgut.jpg","type":"","width":"","height":""}],"twitter_card":"summary_large_image","schema":{"@context":"https:\/\/schema.org","@graph":[{"@type":"WebPage","@id":"https:\/\/generalovernight.ch\/fr\/produits\/go-solutions\/contenu-particulier-des-envois\/","url":"https:\/\/generalovernight.ch\/fr\/produits\/go-solutions\/contenu-particulier-des-envois\/","name":"Contenu particulier des envois - GO! Express &amp; Logistics","isPartOf":{"@id":"https:\/\/generalovernight.ch\/fr\/#website"},"primaryImageOfPage":{"@id":"https:\/\/generalovernight.ch\/fr\/produits\/go-solutions\/contenu-particulier-des-envois\/#primaryimage"},"image":{"@id":"https:\/\/generalovernight.ch\/fr\/produits\/go-solutions\/contenu-particulier-des-envois\/#primaryimage"},"thumbnailUrl":"https:\/\/p682793.webspaceconfig.de\/wp-content\/uploads\/2025\/01\/GO-gefahrgut.jpg","datePublished":"2024-12-16T12:02:35+00:00","dateModified":"2025-03-17T12:15:31+00:00","breadcrumb":{"@id":"https:\/\/generalovernight.ch\/fr\/produits\/go-solutions\/contenu-particulier-des-envois\/#breadcrumb"},"inLanguage":"fr-FR","potentialAction":[{"@type":"ReadAction","target":["https:\/\/generalovernight.ch\/fr\/produits\/go-solutions\/contenu-particulier-des-envois\/"]}]},{"@type":"ImageObject","inLanguage":"fr-FR","@id":"https:\/\/generalovernight.ch\/fr\/produits\/go-solutions\/contenu-particulier-des-envois\/#primaryimage","url":"https:\/\/p682793.webspaceconfig.de\/wp-content\/uploads\/2025\/01\/GO-gefahrgut.jpg","contentUrl":"https:\/\/p682793.webspaceconfig.de\/wp-content\/uploads\/2025\/01\/GO-gefahrgut.jpg"},{"@type":"BreadcrumbList","@id":"https:\/\/generalovernight.ch\/fr\/produits\/go-solutions\/contenu-particulier-des-envois\/#breadcrumb","itemListElement":[{"@type":"ListItem","position":1,"name":"Startseite","item":"https:\/\/generalovernight.ch\/fr\/"},{"@type":"ListItem","position":2,"name":"Produits","item":"https:\/\/generalovernight.ch\/fr\/produkte\/"},{"@type":"ListItem","position":3,"name":"GO ! Solutions","item":"https:\/\/generalovernight.ch\/fr\/produkte\/go-solutions\/"},{"@type":"ListItem","position":4,"name":"Contenu particulier des envois"}]},{"@type":"WebSite","@id":"https:\/\/generalovernight.ch\/fr\/#website","url":"https:\/\/generalovernight.ch\/fr\/","name":"GO! Express &amp; Logistics","description":"","potentialAction":[{"@type":"SearchAction","target":{"@type":"EntryPoint","urlTemplate":"https:\/\/generalovernight.ch\/fr\/?s={search_term_string}"},"query-input":{"@type":"PropertyValueSpecification","valueRequired":true,"valueName":"search_term_string"}}],"inLanguage":"fr-FR"}]}},"_links":{"self":[{"href":"https:\/\/generalovernight.ch\/fr\/wp-json\/wp\/v2\/pages\/8919","targetHints":{"allow":["GET"]}}],"collection":[{"href":"https:\/\/generalovernight.ch\/fr\/wp-json\/wp\/v2\/pages"}],"about":[{"href":"https:\/\/generalovernight.ch\/fr\/wp-json\/wp\/v2\/types\/page"}],"author":[{"embeddable":true,"href":"https:\/\/generalovernight.ch\/fr\/wp-json\/wp\/v2\/users\/8"}],"replies":[{"embeddable":true,"href":"https:\/\/generalovernight.ch\/fr\/wp-json\/wp\/v2\/comments?post=8919"}],"version-history":[{"count":2,"href":"https:\/\/generalovernight.ch\/fr\/wp-json\/wp\/v2\/pages\/8919\/revisions"}],"predecessor-version":[{"id":8924,"href":"https:\/\/generalovernight.ch\/fr\/wp-json\/wp\/v2\/pages\/8919\/revisions\/8924"}],"up":[{"embeddable":true,"href":"https:\/\/generalovernight.ch\/fr\/wp-json\/wp\/v2\/pages\/9017"}],"wp:attachment":[{"href":"https:\/\/generalovernight.ch\/fr\/wp-json\/wp\/v2\/media?parent=8919"}],"curies":[{"name":"wp","href":"https:\/\/api.w.org\/{rel}","templated":true}]}}