{"id":8965,"date":"2024-12-16T13:54:51","date_gmt":"2024-12-16T13:54:51","guid":{"rendered":"https:\/\/p682793.webspaceconfig.de\/go-assurance\/"},"modified":"2025-03-17T12:15:28","modified_gmt":"2025-03-17T12:15:28","slug":"go-assurance","status":"publish","type":"page","link":"https:\/\/generalovernight.ch\/fr\/go-assurance\/","title":{"rendered":"GO ! Assurance"},"content":{"rendered":"\t\t<div data-elementor-type=\"wp-page\" data-elementor-id=\"8965\" class=\"elementor elementor-8965 elementor-6472\" data-elementor-post-type=\"page\">\n\t\t\t\t<div class=\"elementor-element elementor-element-52b045b e-flex e-con-boxed e-con e-parent\" data-id=\"52b045b\" data-element_type=\"container\" data-e-type=\"container\" data-settings=\"{&quot;jet_parallax_layout_list&quot;:[]}\">\n\t\t\t\t\t<div class=\"e-con-inner\">\n\t\t\t\t<div class=\"elementor-element elementor-element-cf17830 elementor-widget elementor-widget-heading\" data-id=\"cf17830\" data-element_type=\"widget\" data-e-type=\"widget\" data-widget_type=\"heading.default\">\n\t\t\t\t<div class=\"elementor-widget-container\">\n\t\t\t\t\t<h1 class=\"elementor-heading-title elementor-size-default\">Transports assur\u00e9s ?<br>GO ! Assurance ! <\/h1>\t\t\t\t<\/div>\n\t\t\t\t<\/div>\n\t\t\t\t<div class=\"elementor-element elementor-element-a01c227 elementor-widget elementor-widget-spacer\" data-id=\"a01c227\" data-element_type=\"widget\" data-e-type=\"widget\" data-widget_type=\"spacer.default\">\n\t\t\t\t<div class=\"elementor-widget-container\">\n\t\t\t\t\t\t\t<div class=\"elementor-spacer\">\n\t\t\t<div class=\"elementor-spacer-inner\"><\/div>\n\t\t<\/div>\n\t\t\t\t\t\t<\/div>\n\t\t\t\t<\/div>\n\t\t\t\t<div class=\"elementor-element elementor-element-52bdf47 elementor-widget elementor-widget-text-editor\" data-id=\"52bdf47\" data-element_type=\"widget\" data-e-type=\"widget\" data-widget_type=\"text-editor.default\">\n\t\t\t\t<div class=\"elementor-widget-container\">\n\t\t\t\t\t\t\t\t\t<p>En principe, vous pouvez assurer jusqu&rsquo;\u00e0 10 000 CHF par Colis. Mais il est possible d&rsquo;<span style=\"color: var( --e-global-color-text ); font-family: var( --e-global-typography-text-font-family ), Sans-serif; font-size: var( --e-global-typography-text-font-size ); font-weight: var( --e-global-typography-text-font-weight ); letter-spacing: 0px;\">aller plus loin !<\/span> <\/p>\t\t\t\t\t\t\t\t<\/div>\n\t\t\t\t<\/div>\n\t\t\t\t\t<\/div>\n\t\t\t\t<\/div>\n\t\t<div class=\"elementor-element elementor-element-cd21268 e-grid e-con-boxed e-con e-parent\" data-id=\"cd21268\" data-element_type=\"container\" data-e-type=\"container\" data-settings=\"{&quot;jet_parallax_layout_list&quot;:[]}\">\n\t\t\t\t\t<div class=\"e-con-inner\">\n\t\t\t\t<div class=\"elementor-element elementor-element-7975acd elementor-widget elementor-widget-image\" data-id=\"7975acd\" data-element_type=\"widget\" data-e-type=\"widget\" data-widget_type=\"image.default\">\n\t\t\t\t<div class=\"elementor-widget-container\">\n\t\t\t\t\t\t\t\t\t\t\t\t\t\t\t<img fetchpriority=\"high\" decoding=\"async\" width=\"730\" height=\"486\" src=\"https:\/\/generalovernight.ch\/wp-content\/uploads\/2024\/12\/GO-Caesar_Aussenbereich-2_web-730x486-1.webp\" class=\"attachment-large size-large wp-image-8966\" alt=\"\" srcset=\"https:\/\/generalovernight.ch\/wp-content\/uploads\/2024\/12\/GO-Caesar_Aussenbereich-2_web-730x486-1.webp 730w, https:\/\/generalovernight.ch\/wp-content\/uploads\/2024\/12\/GO-Caesar_Aussenbereich-2_web-730x486-1-300x200.webp 300w\" sizes=\"(max-width: 730px) 100vw, 730px\" \/>\t\t\t\t\t\t\t\t\t\t\t\t\t\t\t<\/div>\n\t\t\t\t<\/div>\n\t\t<div class=\"elementor-element elementor-element-8895ea7 e-con-full e-flex e-con e-child\" data-id=\"8895ea7\" data-element_type=\"container\" data-e-type=\"container\" data-settings=\"{&quot;jet_parallax_layout_list&quot;:[],&quot;background_background&quot;:&quot;classic&quot;}\">\n\t\t<div class=\"elementor-element elementor-element-50436d4 e-con-full e-flex e-con e-child\" data-id=\"50436d4\" data-element_type=\"container\" data-e-type=\"container\" data-settings=\"{&quot;background_background&quot;:&quot;classic&quot;,&quot;jet_parallax_layout_list&quot;:[]}\">\n\t\t\t\t<div class=\"elementor-element elementor-element-8f697ea elementor-widget elementor-widget-heading\" data-id=\"8f697ea\" data-element_type=\"widget\" data-e-type=\"widget\" data-widget_type=\"heading.default\">\n\t\t\t\t<div class=\"elementor-widget-container\">\n\t\t\t\t\t<h2 class=\"elementor-heading-title elementor-size-default\">Notre gamme de services en mati\u00e8re d'assurance\n<\/h2>\t\t\t\t<\/div>\n\t\t\t\t<\/div>\n\t\t\t\t<div class=\"elementor-element elementor-element-2e1e03e elementor-widget elementor-widget-text-editor\" data-id=\"2e1e03e\" data-element_type=\"widget\" data-e-type=\"widget\" data-widget_type=\"text-editor.default\">\n\t\t\t\t<div class=\"elementor-widget-container\">\n\t\t\t\t\t\t\t\t\t<p>Chaque envoi est en principe assur\u00e9 selon la CMR (\u00ab\u00a0Convention relative au contrat de transport international de marchandises par route\u00a0\u00bb). Vous avez toutefois la possibilit\u00e9 d&rsquo;assurer votre colis contre tous les risques. Il est ainsi possible d&rsquo;assurer un colis jusqu&rsquo;\u00e0 un montant maximal de 10 000 CHF ou des envois selon vos besoins jusqu&rsquo;\u00e0 100 000 CHF.    <\/p><p>D&rsquo;autres besoins ? Avec notre partenaire en assurance, la B\u00e2loise Assurance, tous les risques peuvent ainsi \u00eatre couverts de porte \u00e0 porte. <\/p>\t\t\t\t\t\t\t\t<\/div>\n\t\t\t\t<\/div>\n\t\t<div class=\"elementor-element elementor-element-e832789 e-con-full e-flex e-con e-child\" data-id=\"e832789\" data-element_type=\"container\" data-e-type=\"container\" data-settings=\"{&quot;jet_parallax_layout_list&quot;:[]}\">\n\t\t\t\t<div class=\"elementor-element elementor-element-96b5eaa elementor-mobile-align-justify elementor-widget elementor-widget-button\" data-id=\"96b5eaa\" data-element_type=\"widget\" data-e-type=\"widget\" data-widget_type=\"button.default\">\n\t\t\t\t<div class=\"elementor-widget-container\">\n\t\t\t\t\t\t\t\t\t<div class=\"elementor-button-wrapper\">\n\t\t\t\t\t<a class=\"elementor-button elementor-button-link elementor-size-sm\" href=\"tel:+41800599999\">\n\t\t\t\t\t\t<span class=\"elementor-button-content-wrapper\">\n\t\t\t\t\t\t<span class=\"elementor-button-icon\">\n\t\t\t\t<i aria-hidden=\"true\" class=\"icon icon-phone1\"><\/i>\t\t\t<\/span>\n\t\t\t\t\t\t\t\t\t<span class=\"elementor-button-text\">Appelez-nous<\/span>\n\t\t\t\t\t<\/span>\n\t\t\t\t\t<\/a>\n\t\t\t\t<\/div>\n\t\t\t\t\t\t\t\t<\/div>\n\t\t\t\t<\/div>\n\t\t\t\t<div class=\"elementor-element elementor-element-0f08a2e elementor-mobile-align-justify elementor-widget elementor-widget-button\" data-id=\"0f08a2e\" data-element_type=\"widget\" data-e-type=\"widget\" data-widget_type=\"button.default\">\n\t\t\t\t<div class=\"elementor-widget-container\">\n\t\t\t\t\t\t\t\t\t<div class=\"elementor-button-wrapper\">\n\t\t\t\t\t<a class=\"elementor-button elementor-button-link elementor-size-sm\" href=\"https:\/\/p682793.webspaceconfig.de\/fr\/?page_id=8791\">\n\t\t\t\t\t\t<span class=\"elementor-button-content-wrapper\">\n\t\t\t\t\t\t<span class=\"elementor-button-icon\">\n\t\t\t\t<i aria-hidden=\"true\" class=\"far fa-envelope\"><\/i>\t\t\t<\/span>\n\t\t\t\t\t\t\t\t\t<span class=\"elementor-button-text\">Demande d'envoi<\/span>\n\t\t\t\t\t<\/span>\n\t\t\t\t\t<\/a>\n\t\t\t\t<\/div>\n\t\t\t\t\t\t\t\t<\/div>\n\t\t\t\t<\/div>\n\t\t\t\t<\/div>\n\t\t\t\t<\/div>\n\t\t\t\t<\/div>\n\t\t\t\t\t<\/div>\n\t\t\t\t<\/div>\n\t\t<div class=\"elementor-element elementor-element-6da1165 e-grid e-con-boxed e-con e-parent\" data-id=\"6da1165\" data-element_type=\"container\" data-e-type=\"container\" data-settings=\"{&quot;jet_parallax_layout_list&quot;:[]}\">\n\t\t\t\t\t<div class=\"e-con-inner\">\n\t\t<div class=\"elementor-element elementor-element-bf65b89 e-con-full e-flex e-con e-child\" data-id=\"bf65b89\" data-element_type=\"container\" data-e-type=\"container\" data-settings=\"{&quot;jet_parallax_layout_list&quot;:[],&quot;background_background&quot;:&quot;classic&quot;}\">\n\t\t<div class=\"elementor-element elementor-element-aa15aaf e-con-full e-flex e-con e-child\" data-id=\"aa15aaf\" data-element_type=\"container\" data-e-type=\"container\" data-settings=\"{&quot;background_background&quot;:&quot;classic&quot;,&quot;jet_parallax_layout_list&quot;:[]}\">\n\t\t\t\t<div class=\"elementor-element elementor-element-5a4a2c9 elementor-widget elementor-widget-heading\" data-id=\"5a4a2c9\" data-element_type=\"widget\" data-e-type=\"widget\" data-widget_type=\"heading.default\">\n\t\t\t\t<div class=\"elementor-widget-container\">\n\t\t\t\t\t<h2 class=\"elementor-heading-title elementor-size-default\">Avantages<\/h2>\t\t\t\t<\/div>\n\t\t\t\t<\/div>\n\t\t\t\t<div class=\"elementor-element elementor-element-496cf77 elementor-widget elementor-widget-text-editor\" data-id=\"496cf77\" data-element_type=\"widget\" data-e-type=\"widget\" data-widget_type=\"text-editor.default\">\n\t\t\t\t<div class=\"elementor-widget-container\">\n\t\t\t\t\t\t\t\t\t<ul><li>Assurance ad hoc et r\u00e9servable \u00e0 la demande<\/li><li>Assurance \u00ab\u00a0marchandises\u00a0\u00bb contre tous les risques<\/li><li>Partenaire sp\u00e9cialis\u00e9 et de longue date<\/li><li>Pas de franchise<\/li><\/ul>\t\t\t\t\t\t\t\t<\/div>\n\t\t\t\t<\/div>\n\t\t\t\t<\/div>\n\t\t\t\t<\/div>\n\t\t\t\t<div class=\"elementor-element elementor-element-55a3ea8 elementor-widget elementor-widget-image\" data-id=\"55a3ea8\" data-element_type=\"widget\" data-e-type=\"widget\" data-widget_type=\"image.default\">\n\t\t\t\t<div class=\"elementor-widget-container\">\n\t\t\t\t\t\t\t\t\t\t\t\t\t\t\t<img decoding=\"async\" width=\"800\" height=\"368\" src=\"https:\/\/generalovernight.ch\/wp-content\/uploads\/2024\/01\/Circleg_Bild5-1024x471.jpg\" class=\"attachment-large size-large wp-image-5562\" alt=\"\" srcset=\"https:\/\/generalovernight.ch\/wp-content\/uploads\/2024\/01\/Circleg_Bild5-1024x471.jpg 1024w, https:\/\/generalovernight.ch\/wp-content\/uploads\/2024\/01\/Circleg_Bild5-300x138.jpg 300w, https:\/\/generalovernight.ch\/wp-content\/uploads\/2024\/01\/Circleg_Bild5-768x353.jpg 768w, https:\/\/generalovernight.ch\/wp-content\/uploads\/2024\/01\/Circleg_Bild5.jpg 1262w\" sizes=\"(max-width: 800px) 100vw, 800px\" \/>\t\t\t\t\t\t\t\t\t\t\t\t\t\t\t<\/div>\n\t\t\t\t<\/div>\n\t\t\t\t\t<\/div>\n\t\t\t\t<\/div>\n\t\t<div class=\"elementor-element elementor-element-2cbcbf0 e-con-full e-flex e-con e-parent\" data-id=\"2cbcbf0\" data-element_type=\"container\" data-e-type=\"container\" data-settings=\"{&quot;jet_parallax_layout_list&quot;:[]}\">\n\t\t\t\t<div class=\"elementor-element elementor-element-52e1dc8 elementor-widget elementor-widget-template\" data-id=\"52e1dc8\" data-element_type=\"widget\" data-e-type=\"widget\" data-widget_type=\"template.default\">\n\t\t\t\t<div class=\"elementor-widget-container\">\n\t\t\t\t\t\t\t<div class=\"elementor-template\">\n\t\t\t\t\t<div data-elementor-type=\"section\" data-elementor-id=\"9169\" class=\"elementor elementor-9169 elementor-6949 elementor-6949\" data-elementor-post-type=\"elementor_library\">\n\t\t\t<div class=\"elementor-element elementor-element-3de13da e-grid e-con-boxed e-con e-parent\" data-id=\"3de13da\" data-element_type=\"container\" data-e-type=\"container\" data-settings=\"{&quot;jet_parallax_layout_list&quot;:[]}\">\n\t\t\t\t\t<div class=\"e-con-inner\">\n\t\t<div class=\"elementor-element elementor-element-9e3810c e-con-full e-flex e-con e-child\" data-id=\"9e3810c\" data-element_type=\"container\" data-e-type=\"container\" data-settings=\"{&quot;background_background&quot;:&quot;classic&quot;,&quot;jet_parallax_layout_list&quot;:[]}\">\n\t\t\t\t<div class=\"elementor-element elementor-element-8057b84 elementor-widget elementor-widget-heading\" data-id=\"8057b84\" data-element_type=\"widget\" data-e-type=\"widget\" data-widget_type=\"heading.default\">\n\t\t\t\t<div class=\"elementor-widget-container\">\n\t\t\t\t\t<h2 class=\"elementor-heading-title elementor-size-default\">Vous \u00eates d\u00e9j\u00e0 client GO ! <\/h2>\t\t\t\t<\/div>\n\t\t\t\t<\/div>\n\t\t\t\t<div class=\"elementor-element elementor-element-b1fa535 elementor-widget elementor-widget-text-editor\" data-id=\"b1fa535\" data-element_type=\"widget\" data-e-type=\"widget\" data-widget_type=\"text-editor.default\">\n\t\t\t\t<div class=\"elementor-widget-container\">\n\t\t\t\t\t\t\t\t\t<p>Envoyer un colis maintenant :<\/p>\t\t\t\t\t\t\t\t<\/div>\n\t\t\t\t<\/div>\n\t\t\t\t<div class=\"elementor-element elementor-element-b3a7710 elementor-align-left elementor-widget elementor-widget-button\" data-id=\"b3a7710\" data-element_type=\"widget\" data-e-type=\"widget\" data-widget_type=\"button.default\">\n\t\t\t\t<div class=\"elementor-widget-container\">\n\t\t\t\t\t\t\t\t\t<div class=\"elementor-button-wrapper\">\n\t\t\t\t\t<a class=\"elementor-button elementor-button-link elementor-size-sm\" href=\"https:\/\/manage.1st-scan.net\/login\">\n\t\t\t\t\t\t<span class=\"elementor-button-content-wrapper\">\n\t\t\t\t\t\t<span class=\"elementor-button-icon\">\n\t\t\t\t<i aria-hidden=\"true\" class=\"icon icon-arrow-right\"><\/i>\t\t\t<\/span>\n\t\t\t\t\t\t\t\t\t<span class=\"elementor-button-text\">Vers le login<\/span>\n\t\t\t\t\t<\/span>\n\t\t\t\t\t<\/a>\n\t\t\t\t<\/div>\n\t\t\t\t\t\t\t\t<\/div>\n\t\t\t\t<\/div>\n\t\t\t\t<\/div>\n\t\t<div class=\"elementor-element elementor-element-858d6d0 e-con-full e-flex e-con e-child\" data-id=\"858d6d0\" data-element_type=\"container\" data-e-type=\"container\" data-settings=\"{&quot;background_background&quot;:&quot;classic&quot;,&quot;jet_parallax_layout_list&quot;:[]}\">\n\t\t\t\t<div class=\"elementor-element elementor-element-dbb029d elementor-widget elementor-widget-heading\" data-id=\"dbb029d\" data-element_type=\"widget\" data-e-type=\"widget\" data-widget_type=\"heading.default\">\n\t\t\t\t<div class=\"elementor-widget-container\">\n\t\t\t\t\t<h2 class=\"elementor-heading-title elementor-size-default\">Vous avez besoin d'aide ?<\/h2>\t\t\t\t<\/div>\n\t\t\t\t<\/div>\n\t\t\t\t<div class=\"elementor-element elementor-element-fd4db14 elementor-widget elementor-widget-text-editor\" data-id=\"fd4db14\" data-element_type=\"widget\" data-e-type=\"widget\" data-widget_type=\"text-editor.default\">\n\t\t\t\t<div class=\"elementor-widget-container\">\n\t\t\t\t\t\t\t\t\t<p>Pour des conseils personnalis\u00e9s, appelez le :<\/p>\t\t\t\t\t\t\t\t<\/div>\n\t\t\t\t<\/div>\n\t\t\t\t<div class=\"elementor-element elementor-element-7bb9beb elementor-align-left elementor-widget elementor-widget-button\" data-id=\"7bb9beb\" data-element_type=\"widget\" data-e-type=\"widget\" data-widget_type=\"button.default\">\n\t\t\t\t<div class=\"elementor-widget-container\">\n\t\t\t\t\t\t\t\t\t<div class=\"elementor-button-wrapper\">\n\t\t\t\t\t<a class=\"elementor-button elementor-button-link elementor-size-sm\" href=\"tel:+41800859999\">\n\t\t\t\t\t\t<span class=\"elementor-button-content-wrapper\">\n\t\t\t\t\t\t<span class=\"elementor-button-icon\">\n\t\t\t\t<i aria-hidden=\"true\" class=\"icon icon-phone1\"><\/i>\t\t\t<\/span>\n\t\t\t\t\t\t\t\t\t<span class=\"elementor-button-text\">0800 \/ 85 99 99<\/span>\n\t\t\t\t\t<\/span>\n\t\t\t\t\t<\/a>\n\t\t\t\t<\/div>\n\t\t\t\t\t\t\t\t<\/div>\n\t\t\t\t<\/div>\n\t\t\t\t<\/div>\n\t\t\t\t\t<\/div>\n\t\t\t\t<\/div>\n\t\t\t\t<\/div>\n\t\t\t\t<\/div>\n\t\t\t\t\t\t<\/div>\n\t\t\t\t<\/div>\n\t\t\t\t<\/div>\n\t\t\t\t<\/div>\n\t\t","protected":false},"excerpt":{"rendered":"<p>Transports assur\u00e9s ?GO ! Assurance ! En principe, vous pouvez assurer jusqu&rsquo;\u00e0 10 000 CHF par Colis. Mais il est possible d&rsquo;aller plus loin ! Notre gamme de services en mati\u00e8re d&rsquo;assurance Chaque envoi est en principe assur\u00e9 selon la CMR (\u00ab\u00a0Convention relative au contrat de transport international de marchandises par route\u00a0\u00bb). Vous avez toutefois [&hellip;]<\/p>\n","protected":false},"author":8,"featured_media":0,"parent":0,"menu_order":0,"comment_status":"closed","ping_status":"closed","template":"","meta":{"_monsterinsights_skip_tracking":false,"_monsterinsights_sitenote_active":false,"_monsterinsights_sitenote_note":"","_monsterinsights_sitenote_category":0,"footnotes":""},"class_list":["post-8965","page","type-page","status-publish","hentry"],"yoast_head":"<!-- This site is optimized with the Yoast SEO plugin v27.2 - https:\/\/yoast.com\/product\/yoast-seo-wordpress\/ -->\n<title>GO ! Assurance - GO! Express &amp; Logistics<\/title>\n<meta name=\"robots\" content=\"index, follow, max-snippet:-1, max-image-preview:large, max-video-preview:-1\" \/>\n<link rel=\"canonical\" href=\"https:\/\/generalovernight.ch\/fr\/go-assurance\/\" \/>\n<meta property=\"og:locale\" content=\"fr_FR\" \/>\n<meta property=\"og:type\" content=\"article\" \/>\n<meta property=\"og:title\" content=\"GO ! Assurance - GO! Express &amp; Logistics\" \/>\n<meta property=\"og:description\" content=\"Transports assur\u00e9s ?GO ! Assurance ! En principe, vous pouvez assurer jusqu&rsquo;\u00e0 10 000 CHF par Colis. Mais il est possible d&rsquo;aller plus loin ! Notre gamme de services en mati\u00e8re d&rsquo;assurance Chaque envoi est en principe assur\u00e9 selon la CMR (\u00ab\u00a0Convention relative au contrat de transport international de marchandises par route\u00a0\u00bb). Vous avez toutefois [&hellip;]\" \/>\n<meta property=\"og:url\" content=\"https:\/\/generalovernight.ch\/fr\/go-assurance\/\" \/>\n<meta property=\"og:site_name\" content=\"GO! Express &amp; Logistics\" \/>\n<meta property=\"article:modified_time\" content=\"2025-03-17T12:15:28+00:00\" \/>\n<meta property=\"og:image\" content=\"https:\/\/p682793.webspaceconfig.de\/wp-content\/uploads\/2024\/12\/GO-Caesar_Aussenbereich-2_web-730x486-1.webp\" \/>\n<meta name=\"twitter:card\" content=\"summary_large_image\" \/>\n<meta name=\"twitter:label1\" content=\"Dur\u00e9e de lecture estim\u00e9e\" \/>\n\t<meta name=\"twitter:data1\" content=\"1 minute\" \/>\n<script type=\"application\/ld+json\" class=\"yoast-schema-graph\">{\"@context\":\"https:\/\/schema.org\",\"@graph\":[{\"@type\":\"WebPage\",\"@id\":\"https:\/\/generalovernight.ch\/fr\/go-assurance\/\",\"url\":\"https:\/\/generalovernight.ch\/fr\/go-assurance\/\",\"name\":\"GO ! Assurance - GO! Express &amp; Logistics\",\"isPartOf\":{\"@id\":\"https:\/\/generalovernight.ch\/fr\/#website\"},\"primaryImageOfPage\":{\"@id\":\"https:\/\/generalovernight.ch\/fr\/go-assurance\/#primaryimage\"},\"image\":{\"@id\":\"https:\/\/generalovernight.ch\/fr\/go-assurance\/#primaryimage\"},\"thumbnailUrl\":\"https:\/\/p682793.webspaceconfig.de\/wp-content\/uploads\/2024\/12\/GO-Caesar_Aussenbereich-2_web-730x486-1.webp\",\"datePublished\":\"2024-12-16T13:54:51+00:00\",\"dateModified\":\"2025-03-17T12:15:28+00:00\",\"breadcrumb\":{\"@id\":\"https:\/\/generalovernight.ch\/fr\/go-assurance\/#breadcrumb\"},\"inLanguage\":\"fr-FR\",\"potentialAction\":[{\"@type\":\"ReadAction\",\"target\":[\"https:\/\/generalovernight.ch\/fr\/go-assurance\/\"]}]},{\"@type\":\"ImageObject\",\"inLanguage\":\"fr-FR\",\"@id\":\"https:\/\/generalovernight.ch\/fr\/go-assurance\/#primaryimage\",\"url\":\"https:\/\/p682793.webspaceconfig.de\/wp-content\/uploads\/2024\/12\/GO-Caesar_Aussenbereich-2_web-730x486-1.webp\",\"contentUrl\":\"https:\/\/p682793.webspaceconfig.de\/wp-content\/uploads\/2024\/12\/GO-Caesar_Aussenbereich-2_web-730x486-1.webp\"},{\"@type\":\"BreadcrumbList\",\"@id\":\"https:\/\/generalovernight.ch\/fr\/go-assurance\/#breadcrumb\",\"itemListElement\":[{\"@type\":\"ListItem\",\"position\":1,\"name\":\"Startseite\",\"item\":\"https:\/\/generalovernight.ch\/fr\/\"},{\"@type\":\"ListItem\",\"position\":2,\"name\":\"GO ! Assurance\"}]},{\"@type\":\"WebSite\",\"@id\":\"https:\/\/generalovernight.ch\/fr\/#website\",\"url\":\"https:\/\/generalovernight.ch\/fr\/\",\"name\":\"GO! Express &amp; Logistics\",\"description\":\"\",\"potentialAction\":[{\"@type\":\"SearchAction\",\"target\":{\"@type\":\"EntryPoint\",\"urlTemplate\":\"https:\/\/generalovernight.ch\/fr\/?s={search_term_string}\"},\"query-input\":{\"@type\":\"PropertyValueSpecification\",\"valueRequired\":true,\"valueName\":\"search_term_string\"}}],\"inLanguage\":\"fr-FR\"}]}<\/script>\n<!-- \/ Yoast SEO plugin. -->","yoast_head_json":{"title":"GO ! Assurance - GO! Express &amp; Logistics","robots":{"index":"index","follow":"follow","max-snippet":"max-snippet:-1","max-image-preview":"max-image-preview:large","max-video-preview":"max-video-preview:-1"},"canonical":"https:\/\/generalovernight.ch\/fr\/go-assurance\/","og_locale":"fr_FR","og_type":"article","og_title":"GO ! Assurance - GO! Express &amp; Logistics","og_description":"Transports assur\u00e9s ?GO ! Assurance ! En principe, vous pouvez assurer jusqu&rsquo;\u00e0 10 000 CHF par Colis. Mais il est possible d&rsquo;aller plus loin ! Notre gamme de services en mati\u00e8re d&rsquo;assurance Chaque envoi est en principe assur\u00e9 selon la CMR (\u00ab\u00a0Convention relative au contrat de transport international de marchandises par route\u00a0\u00bb). Vous avez toutefois [&hellip;]","og_url":"https:\/\/generalovernight.ch\/fr\/go-assurance\/","og_site_name":"GO! Express &amp; Logistics","article_modified_time":"2025-03-17T12:15:28+00:00","og_image":[{"url":"https:\/\/p682793.webspaceconfig.de\/wp-content\/uploads\/2024\/12\/GO-Caesar_Aussenbereich-2_web-730x486-1.webp","type":"","width":"","height":""}],"twitter_card":"summary_large_image","twitter_misc":{"Dur\u00e9e de lecture estim\u00e9e":"1 minute"},"schema":{"@context":"https:\/\/schema.org","@graph":[{"@type":"WebPage","@id":"https:\/\/generalovernight.ch\/fr\/go-assurance\/","url":"https:\/\/generalovernight.ch\/fr\/go-assurance\/","name":"GO ! Assurance - GO! Express &amp; Logistics","isPartOf":{"@id":"https:\/\/generalovernight.ch\/fr\/#website"},"primaryImageOfPage":{"@id":"https:\/\/generalovernight.ch\/fr\/go-assurance\/#primaryimage"},"image":{"@id":"https:\/\/generalovernight.ch\/fr\/go-assurance\/#primaryimage"},"thumbnailUrl":"https:\/\/p682793.webspaceconfig.de\/wp-content\/uploads\/2024\/12\/GO-Caesar_Aussenbereich-2_web-730x486-1.webp","datePublished":"2024-12-16T13:54:51+00:00","dateModified":"2025-03-17T12:15:28+00:00","breadcrumb":{"@id":"https:\/\/generalovernight.ch\/fr\/go-assurance\/#breadcrumb"},"inLanguage":"fr-FR","potentialAction":[{"@type":"ReadAction","target":["https:\/\/generalovernight.ch\/fr\/go-assurance\/"]}]},{"@type":"ImageObject","inLanguage":"fr-FR","@id":"https:\/\/generalovernight.ch\/fr\/go-assurance\/#primaryimage","url":"https:\/\/p682793.webspaceconfig.de\/wp-content\/uploads\/2024\/12\/GO-Caesar_Aussenbereich-2_web-730x486-1.webp","contentUrl":"https:\/\/p682793.webspaceconfig.de\/wp-content\/uploads\/2024\/12\/GO-Caesar_Aussenbereich-2_web-730x486-1.webp"},{"@type":"BreadcrumbList","@id":"https:\/\/generalovernight.ch\/fr\/go-assurance\/#breadcrumb","itemListElement":[{"@type":"ListItem","position":1,"name":"Startseite","item":"https:\/\/generalovernight.ch\/fr\/"},{"@type":"ListItem","position":2,"name":"GO ! Assurance"}]},{"@type":"WebSite","@id":"https:\/\/generalovernight.ch\/fr\/#website","url":"https:\/\/generalovernight.ch\/fr\/","name":"GO! Express &amp; Logistics","description":"","potentialAction":[{"@type":"SearchAction","target":{"@type":"EntryPoint","urlTemplate":"https:\/\/generalovernight.ch\/fr\/?s={search_term_string}"},"query-input":{"@type":"PropertyValueSpecification","valueRequired":true,"valueName":"search_term_string"}}],"inLanguage":"fr-FR"}]}},"_links":{"self":[{"href":"https:\/\/generalovernight.ch\/fr\/wp-json\/wp\/v2\/pages\/8965","targetHints":{"allow":["GET"]}}],"collection":[{"href":"https:\/\/generalovernight.ch\/fr\/wp-json\/wp\/v2\/pages"}],"about":[{"href":"https:\/\/generalovernight.ch\/fr\/wp-json\/wp\/v2\/types\/page"}],"author":[{"embeddable":true,"href":"https:\/\/generalovernight.ch\/fr\/wp-json\/wp\/v2\/users\/8"}],"replies":[{"embeddable":true,"href":"https:\/\/generalovernight.ch\/fr\/wp-json\/wp\/v2\/comments?post=8965"}],"version-history":[{"count":2,"href":"https:\/\/generalovernight.ch\/fr\/wp-json\/wp\/v2\/pages\/8965\/revisions"}],"predecessor-version":[{"id":8969,"href":"https:\/\/generalovernight.ch\/fr\/wp-json\/wp\/v2\/pages\/8965\/revisions\/8969"}],"wp:attachment":[{"href":"https:\/\/generalovernight.ch\/fr\/wp-json\/wp\/v2\/media?parent=8965"}],"curies":[{"name":"wp","href":"https:\/\/api.w.org\/{rel}","templated":true}]}}