{"id":8971,"date":"2024-12-16T13:58:52","date_gmt":"2024-12-16T13:58:52","guid":{"rendered":"https:\/\/p682793.webspaceconfig.de\/go-services-en-ligne\/"},"modified":"2025-03-17T12:15:28","modified_gmt":"2025-03-17T12:15:28","slug":"go-services-en-ligne","status":"publish","type":"page","link":"https:\/\/generalovernight.ch\/fr\/go-services-en-ligne\/","title":{"rendered":"GO ! Services en ligne"},"content":{"rendered":"\t\t<div data-elementor-type=\"wp-page\" data-elementor-id=\"8971\" class=\"elementor elementor-8971 elementor-6475\" data-elementor-post-type=\"page\">\n\t\t\t\t<div class=\"elementor-element elementor-element-fae0b5b e-flex e-con-boxed e-con e-parent\" data-id=\"fae0b5b\" data-element_type=\"container\" data-e-type=\"container\" data-settings=\"{&quot;jet_parallax_layout_list&quot;:[]}\">\n\t\t\t\t\t<div class=\"e-con-inner\">\n\t\t<div class=\"elementor-element elementor-element-b522074 e-con-full e-flex e-con e-child\" data-id=\"b522074\" data-element_type=\"container\" data-e-type=\"container\" data-settings=\"{&quot;jet_parallax_layout_list&quot;:[],&quot;background_background&quot;:&quot;classic&quot;}\">\n\t\t<div class=\"elementor-element elementor-element-62148e7 e-con-full e-flex e-con e-child\" data-id=\"62148e7\" data-element_type=\"container\" data-e-type=\"container\" data-settings=\"{&quot;background_background&quot;:&quot;classic&quot;,&quot;jet_parallax_layout_list&quot;:[]}\">\n\t\t\t\t<div class=\"elementor-element elementor-element-334683c elementor-widget elementor-widget-heading\" data-id=\"334683c\" data-element_type=\"widget\" data-e-type=\"widget\" data-widget_type=\"heading.default\">\n\t\t\t\t<div class=\"elementor-widget-container\">\n\t\t\t\t\t<h1 class=\"elementor-heading-title elementor-size-default\">GO ! Services en ligne <\/h1>\t\t\t\t<\/div>\n\t\t\t\t<\/div>\n\t\t\t\t<div class=\"elementor-element elementor-element-3ec6ecd elementor-widget elementor-widget-text-editor\" data-id=\"3ec6ecd\" data-element_type=\"widget\" data-e-type=\"widget\" data-widget_type=\"text-editor.default\">\n\t\t\t\t<div class=\"elementor-widget-container\">\n\t\t\t\t\t\t\t\t\t<div class=\"container\"><div class=\"row\"><div class=\"col-12\"><div class=\"neos-contentcollection\"><div class=\"introbox headline--black text--black\"><div class=\"introbox__inner\"><p class=\"introbox__text\">Des outils pratiques pour une gestion professionnelle des envois<\/p><\/div><\/div><\/div><\/div><\/div><\/div><div class=\"crossteaser-section__image-container\"><picture><source srcset=\"https:\/\/www.general-overnight.com\/_Resources\/Persistent\/7\/4\/b\/6\/74b653ee710d39864aa0f5555b5b9eab0fb22c0e\/Online_service_header-480x100.webp 480w, https:\/\/www.general-overnight.com\/_Resources\/Persistent\/a\/e\/d\/2\/aed280c495fabccea35293c8f5d622a5093d2906\/Online_service_header-992x207.webp 992w, https:\/\/www.general-overnight.com\/_Resources\/Persistent\/d\/0\/1\/b\/d01b70e4b4ca55a6cba0e8b507643bd7676bac8c\/Online_service_header-1920x400.webp 1920w, https:\/\/www.general-overnight.com\/_Resources\/Persistent\/d\/0\/1\/b\/d01b70e4b4ca55a6cba0e8b507643bd7676bac8c\/Online_service_header-1920x400.webp 2560w\" type=\"image\/webp\" sizes=\"(max-width: 480px) 480px, (max-width: 992px) 992px, 100vw\"><\/source><source srcset=\"https:\/\/www.general-overnight.com\/media\/thumbnail\/d53de619-a4c7-4762-a696-9eeb0ecbbd0c 480w, https:\/\/www.general-overnight.com\/_Resources\/Persistent\/d\/4\/3\/6\/d436794869f0f2ef13a42a13798852636cb00905\/Online_service_header-992x207.png 992w, https:\/\/www.general-overnight.com\/_Resources\/Persistent\/4\/b\/d\/4\/4bd4a9240aa405c723527f173a67d124a90e7813\/Online_service_header-1920x400.png 1920w, https:\/\/www.general-overnight.com\/_Resources\/Persistent\/1\/3\/6\/6\/136656303090ceb878328699738d4cd0541f4cf8\/Online_service_header-1920x400.png 2560w\" type=\"image\/png\" sizes=\"(max-width: 480px) 480px, (max-width: 992px) 992px, 100vw\"><\/source><\/picture><\/div>\t\t\t\t\t\t\t\t<\/div>\n\t\t\t\t<\/div>\n\t\t\t\t<\/div>\n\t\t\t\t<\/div>\n\t\t\t\t<div class=\"elementor-element elementor-element-efabdb9 elementor-widget__width-initial elementor-widget elementor-widget-image\" data-id=\"efabdb9\" data-element_type=\"widget\" data-e-type=\"widget\" data-widget_type=\"image.default\">\n\t\t\t\t<div class=\"elementor-widget-container\">\n\t\t\t\t\t\t\t\t\t\t\t\t\t\t\t<img fetchpriority=\"high\" decoding=\"async\" width=\"800\" height=\"166\" src=\"https:\/\/generalovernight.ch\/wp-content\/uploads\/2023\/01\/Online_service_header-1024x213.jpeg\" class=\"attachment-large size-large wp-image-4179\" alt=\"\" srcset=\"https:\/\/generalovernight.ch\/wp-content\/uploads\/2023\/01\/Online_service_header-1024x213.jpeg 1024w, https:\/\/generalovernight.ch\/wp-content\/uploads\/2023\/01\/Online_service_header-300x63.jpeg 300w, https:\/\/generalovernight.ch\/wp-content\/uploads\/2023\/01\/Online_service_header-768x160.jpeg 768w, https:\/\/generalovernight.ch\/wp-content\/uploads\/2023\/01\/Online_service_header-1536x320.jpeg 1536w, https:\/\/generalovernight.ch\/wp-content\/uploads\/2023\/01\/Online_service_header.jpeg 1920w\" sizes=\"(max-width: 800px) 100vw, 800px\" \/>\t\t\t\t\t\t\t\t\t\t\t\t\t\t\t<\/div>\n\t\t\t\t<\/div>\n\t\t\t\t\t<\/div>\n\t\t\t\t<\/div>\n\t\t<div class=\"elementor-element elementor-element-168bb73 e-grid e-con-boxed e-con e-parent\" data-id=\"168bb73\" data-element_type=\"container\" data-e-type=\"container\" data-settings=\"{&quot;jet_parallax_layout_list&quot;:[]}\">\n\t\t\t\t\t<div class=\"e-con-inner\">\n\t\t<div class=\"elementor-element elementor-element-f0269d9 e-con-full e-flex e-con e-child\" data-id=\"f0269d9\" data-element_type=\"container\" data-e-type=\"container\" data-settings=\"{&quot;background_background&quot;:&quot;classic&quot;,&quot;jet_parallax_layout_list&quot;:[]}\">\n\t\t\t\t<div class=\"elementor-element elementor-element-4162814 elementor-widget elementor-widget-heading\" data-id=\"4162814\" data-element_type=\"widget\" data-e-type=\"widget\" data-widget_type=\"heading.default\">\n\t\t\t\t<div class=\"elementor-widget-container\">\n\t\t\t\t\t<h2 class=\"elementor-heading-title elementor-size-default\">Portail client : <br>Order &amp; Track<\/h2>\t\t\t\t<\/div>\n\t\t\t\t<\/div>\n\t\t\t\t<div class=\"elementor-element elementor-element-5488a1f elementor-tablet-align-justify elementor-widget elementor-widget-button\" data-id=\"5488a1f\" data-element_type=\"widget\" data-e-type=\"widget\" data-widget_type=\"button.default\">\n\t\t\t\t<div class=\"elementor-widget-container\">\n\t\t\t\t\t\t\t\t\t<div class=\"elementor-button-wrapper\">\n\t\t\t\t\t<a class=\"elementor-button elementor-button-link elementor-size-sm\" href=\"https:\/\/generalovernight.ch\/fr\/ordre-et-suivi\/\">\n\t\t\t\t\t\t<span class=\"elementor-button-content-wrapper\">\n\t\t\t\t\t\t\t\t\t<span class=\"elementor-button-text\">Acc\u00e9der au portail client<\/span>\n\t\t\t\t\t<\/span>\n\t\t\t\t\t<\/a>\n\t\t\t\t<\/div>\n\t\t\t\t\t\t\t\t<\/div>\n\t\t\t\t<\/div>\n\t\t\t\t<\/div>\n\t\t<div class=\"elementor-element elementor-element-3e0e5b0 e-con-full e-flex e-con e-child\" data-id=\"3e0e5b0\" data-element_type=\"container\" data-e-type=\"container\" data-settings=\"{&quot;background_background&quot;:&quot;classic&quot;,&quot;jet_parallax_layout_list&quot;:[]}\">\n\t\t\t\t<div class=\"elementor-element elementor-element-0a4438c elementor-widget elementor-widget-heading\" data-id=\"0a4438c\" data-element_type=\"widget\" data-e-type=\"widget\" data-widget_type=\"heading.default\">\n\t\t\t\t<div class=\"elementor-widget-container\">\n\t\t\t\t\t<h2 class=\"elementor-heading-title elementor-size-default\">T\u00e9l\u00e9chargements  <br><br><\/h2>\t\t\t\t<\/div>\n\t\t\t\t<\/div>\n\t\t\t\t<div class=\"elementor-element elementor-element-6c5cfdf elementor-tablet-align-justify elementor-widget elementor-widget-button\" data-id=\"6c5cfdf\" data-element_type=\"widget\" data-e-type=\"widget\" data-widget_type=\"button.default\">\n\t\t\t\t<div class=\"elementor-widget-container\">\n\t\t\t\t\t\t\t\t\t<div class=\"elementor-button-wrapper\">\n\t\t\t\t\t<a class=\"elementor-button elementor-button-link elementor-size-sm\" href=\"https:\/\/generalovernight.ch\/fr\/telechargements\/\" target=\"_blank\">\n\t\t\t\t\t\t<span class=\"elementor-button-content-wrapper\">\n\t\t\t\t\t\t\t\t\t<span class=\"elementor-button-text\">Acc\u00e9der \u00e0 notre zone de t\u00e9l\u00e9chargement<\/span>\n\t\t\t\t\t<\/span>\n\t\t\t\t\t<\/a>\n\t\t\t\t<\/div>\n\t\t\t\t\t\t\t\t<\/div>\n\t\t\t\t<\/div>\n\t\t\t\t<\/div>\n\t\t<div class=\"elementor-element elementor-element-a79210a e-con-full e-flex e-con e-child\" data-id=\"a79210a\" data-element_type=\"container\" data-e-type=\"container\" data-settings=\"{&quot;background_background&quot;:&quot;classic&quot;,&quot;jet_parallax_layout_list&quot;:[]}\">\n\t\t\t\t<div class=\"elementor-element elementor-element-8325749 elementor-widget elementor-widget-heading\" data-id=\"8325749\" data-element_type=\"widget\" data-e-type=\"widget\" data-widget_type=\"heading.default\">\n\t\t\t\t<div class=\"elementor-widget-container\">\n\t\t\t\t\t<h2 class=\"elementor-heading-title elementor-size-default\">Contact<br><br><\/h2>\t\t\t\t<\/div>\n\t\t\t\t<\/div>\n\t\t\t\t<div class=\"elementor-element elementor-element-5e520a5 elementor-tablet-align-justify elementor-widget elementor-widget-button\" data-id=\"5e520a5\" data-element_type=\"widget\" data-e-type=\"widget\" data-widget_type=\"button.default\">\n\t\t\t\t<div class=\"elementor-widget-container\">\n\t\t\t\t\t\t\t\t\t<div class=\"elementor-button-wrapper\">\n\t\t\t\t\t<a class=\"elementor-button elementor-button-link elementor-size-sm\" href=\"https:\/\/generalovernight.ch\/fr\/contact\/\">\n\t\t\t\t\t\t<span class=\"elementor-button-content-wrapper\">\n\t\t\t\t\t\t\t\t\t<span class=\"elementor-button-text\">Vers votre contact personnel<\/span>\n\t\t\t\t\t<\/span>\n\t\t\t\t\t<\/a>\n\t\t\t\t<\/div>\n\t\t\t\t\t\t\t\t<\/div>\n\t\t\t\t<\/div>\n\t\t\t\t<\/div>\n\t\t<div class=\"elementor-element elementor-element-df988ee e-con-full e-flex e-con e-child\" data-id=\"df988ee\" data-element_type=\"container\" data-e-type=\"container\" data-settings=\"{&quot;background_background&quot;:&quot;classic&quot;,&quot;jet_parallax_layout_list&quot;:[]}\">\n\t\t\t\t<div class=\"elementor-element elementor-element-51bc9ba elementor-widget elementor-widget-heading\" data-id=\"51bc9ba\" data-element_type=\"widget\" data-e-type=\"widget\" data-widget_type=\"heading.default\">\n\t\t\t\t<div class=\"elementor-widget-container\">\n\t\t\t\t\t<h2 class=\"elementor-heading-title elementor-size-default\">Mat\u00e9riel d'exp\u00e9dition<\/h2>\t\t\t\t<\/div>\n\t\t\t\t<\/div>\n\t\t\t\t<div class=\"elementor-element elementor-element-9d1dd71 elementor-tablet-align-justify elementor-widget elementor-widget-button\" data-id=\"9d1dd71\" data-element_type=\"widget\" data-e-type=\"widget\" data-widget_type=\"button.default\">\n\t\t\t\t<div class=\"elementor-widget-container\">\n\t\t\t\t\t\t\t\t\t<div class=\"elementor-button-wrapper\">\n\t\t\t\t\t<a class=\"elementor-button elementor-button-link elementor-size-sm\" href=\"https:\/\/shop.general-overnight.ch\/\" target=\"_blank\">\n\t\t\t\t\t\t<span class=\"elementor-button-content-wrapper\">\n\t\t\t\t\t\t\t\t\t<span class=\"elementor-button-text\">Demander du mat\u00e9riel d'exp\u00e9dition<\/span>\n\t\t\t\t\t<\/span>\n\t\t\t\t\t<\/a>\n\t\t\t\t<\/div>\n\t\t\t\t\t\t\t\t<\/div>\n\t\t\t\t<\/div>\n\t\t\t\t<\/div>\n\t\t<div class=\"elementor-element elementor-element-b6c0ccd e-con-full e-flex e-con e-child\" data-id=\"b6c0ccd\" data-element_type=\"container\" data-e-type=\"container\" data-settings=\"{&quot;background_background&quot;:&quot;classic&quot;,&quot;jet_parallax_layout_list&quot;:[]}\">\n\t\t\t\t<div class=\"elementor-element elementor-element-d261e5f elementor-widget elementor-widget-heading\" data-id=\"d261e5f\" data-element_type=\"widget\" data-e-type=\"widget\" data-widget_type=\"heading.default\">\n\t\t\t\t<div class=\"elementor-widget-container\">\n\t\t\t\t\t<h2 class=\"elementor-heading-title elementor-size-default\">Mur d'actualit\u00e9s<\/h2>\t\t\t\t<\/div>\n\t\t\t\t<\/div>\n\t\t\t\t<div class=\"elementor-element elementor-element-fc003a5 elementor-tablet-align-justify elementor-widget elementor-widget-button\" data-id=\"fc003a5\" data-element_type=\"widget\" data-e-type=\"widget\" data-widget_type=\"button.default\">\n\t\t\t\t<div class=\"elementor-widget-container\">\n\t\t\t\t\t\t\t\t\t<div class=\"elementor-button-wrapper\">\n\t\t\t\t\t<a class=\"elementor-button elementor-button-link elementor-size-sm\" href=\"https:\/\/generalovernight.ch\/fr\/mur-dactualites\/\">\n\t\t\t\t\t\t<span class=\"elementor-button-content-wrapper\">\n\t\t\t\t\t\t\t\t\t<span class=\"elementor-button-text\">Voir nos actualit\u00e9s<\/span>\n\t\t\t\t\t<\/span>\n\t\t\t\t\t<\/a>\n\t\t\t\t<\/div>\n\t\t\t\t\t\t\t\t<\/div>\n\t\t\t\t<\/div>\n\t\t\t\t<\/div>\n\t\t<div class=\"elementor-element elementor-element-4fcec19 e-con-full e-flex e-con e-child\" data-id=\"4fcec19\" data-element_type=\"container\" data-e-type=\"container\" data-settings=\"{&quot;background_background&quot;:&quot;classic&quot;,&quot;jet_parallax_layout_list&quot;:[]}\">\n\t\t\t\t<div class=\"elementor-element elementor-element-ab83dd6 elementor-widget elementor-widget-heading\" data-id=\"ab83dd6\" data-element_type=\"widget\" data-e-type=\"widget\" data-widget_type=\"heading.default\">\n\t\t\t\t<div class=\"elementor-widget-container\">\n\t\t\t\t\t<h2 class=\"elementor-heading-title elementor-size-default\">Demande d'envoi<\/h2>\t\t\t\t<\/div>\n\t\t\t\t<\/div>\n\t\t\t\t<div class=\"elementor-element elementor-element-8483cec elementor-tablet-align-justify elementor-widget elementor-widget-button\" data-id=\"8483cec\" data-element_type=\"widget\" data-e-type=\"widget\" data-widget_type=\"button.default\">\n\t\t\t\t<div class=\"elementor-widget-container\">\n\t\t\t\t\t\t\t\t\t<div class=\"elementor-button-wrapper\">\n\t\t\t\t\t<a class=\"elementor-button elementor-button-link elementor-size-sm\" href=\"https:\/\/generalovernight.ch\/fr\/demande-denvoi\/\">\n\t\t\t\t\t\t<span class=\"elementor-button-content-wrapper\">\n\t\t\t\t\t\t\t\t\t<span class=\"elementor-button-text\">Vers la demande d'exp\u00e9dition GO ! <\/span>\n\t\t\t\t\t<\/span>\n\t\t\t\t\t<\/a>\n\t\t\t\t<\/div>\n\t\t\t\t\t\t\t\t<\/div>\n\t\t\t\t<\/div>\n\t\t\t\t<\/div>\n\t\t\t\t\t<\/div>\n\t\t\t\t<\/div>\n\t\t\t\t<\/div>\n\t\t","protected":false},"excerpt":{"rendered":"<p>GO ! Services en ligne Des outils pratiques pour une gestion professionnelle des envois Portail client : Order &amp; Track Acc\u00e9der au portail client T\u00e9l\u00e9chargements Acc\u00e9der \u00e0 notre zone de t\u00e9l\u00e9chargement Contact Vers votre contact personnel Mat\u00e9riel d&rsquo;exp\u00e9dition Demander du mat\u00e9riel d&rsquo;exp\u00e9dition Mur d&rsquo;actualit\u00e9s Voir nos actualit\u00e9s Demande d&rsquo;envoi Vers la demande d&rsquo;exp\u00e9dition GO !<\/p>\n","protected":false},"author":8,"featured_media":0,"parent":0,"menu_order":0,"comment_status":"closed","ping_status":"closed","template":"","meta":{"_monsterinsights_skip_tracking":false,"_monsterinsights_sitenote_active":false,"_monsterinsights_sitenote_note":"","_monsterinsights_sitenote_category":0,"footnotes":""},"class_list":["post-8971","page","type-page","status-publish","hentry"],"yoast_head":"<!-- This site is optimized with the Yoast SEO plugin v27.2 - https:\/\/yoast.com\/product\/yoast-seo-wordpress\/ -->\n<title>GO ! Services en ligne - GO! Express &amp; Logistics<\/title>\n<meta name=\"robots\" content=\"index, follow, max-snippet:-1, max-image-preview:large, max-video-preview:-1\" \/>\n<link rel=\"canonical\" href=\"https:\/\/generalovernight.ch\/fr\/go-services-en-ligne\/\" \/>\n<meta property=\"og:locale\" content=\"fr_FR\" \/>\n<meta property=\"og:type\" content=\"article\" \/>\n<meta property=\"og:title\" content=\"GO ! Services en ligne - GO! Express &amp; Logistics\" \/>\n<meta property=\"og:description\" content=\"GO ! Services en ligne Des outils pratiques pour une gestion professionnelle des envois Portail client : Order &amp; Track Acc\u00e9der au portail client T\u00e9l\u00e9chargements Acc\u00e9der \u00e0 notre zone de t\u00e9l\u00e9chargement Contact Vers votre contact personnel Mat\u00e9riel d&rsquo;exp\u00e9dition Demander du mat\u00e9riel d&rsquo;exp\u00e9dition Mur d&rsquo;actualit\u00e9s Voir nos actualit\u00e9s Demande d&rsquo;envoi Vers la demande d&rsquo;exp\u00e9dition GO !\" \/>\n<meta property=\"og:url\" content=\"https:\/\/generalovernight.ch\/fr\/go-services-en-ligne\/\" \/>\n<meta property=\"og:site_name\" content=\"GO! Express &amp; Logistics\" \/>\n<meta property=\"article:modified_time\" content=\"2025-03-17T12:15:28+00:00\" \/>\n<meta property=\"og:image\" content=\"https:\/\/p682793.webspaceconfig.de\/wp-content\/uploads\/2023\/01\/Online_service_header-1024x213.jpeg\" \/>\n<meta name=\"twitter:card\" content=\"summary_large_image\" \/>\n<script type=\"application\/ld+json\" class=\"yoast-schema-graph\">{\"@context\":\"https:\/\/schema.org\",\"@graph\":[{\"@type\":\"WebPage\",\"@id\":\"https:\/\/generalovernight.ch\/fr\/go-services-en-ligne\/\",\"url\":\"https:\/\/generalovernight.ch\/fr\/go-services-en-ligne\/\",\"name\":\"GO ! Services en ligne - GO! Express &amp; Logistics\",\"isPartOf\":{\"@id\":\"https:\/\/generalovernight.ch\/fr\/#website\"},\"primaryImageOfPage\":{\"@id\":\"https:\/\/generalovernight.ch\/fr\/go-services-en-ligne\/#primaryimage\"},\"image\":{\"@id\":\"https:\/\/generalovernight.ch\/fr\/go-services-en-ligne\/#primaryimage\"},\"thumbnailUrl\":\"https:\/\/p682793.webspaceconfig.de\/wp-content\/uploads\/2023\/01\/Online_service_header-1024x213.jpeg\",\"datePublished\":\"2024-12-16T13:58:52+00:00\",\"dateModified\":\"2025-03-17T12:15:28+00:00\",\"breadcrumb\":{\"@id\":\"https:\/\/generalovernight.ch\/fr\/go-services-en-ligne\/#breadcrumb\"},\"inLanguage\":\"fr-FR\",\"potentialAction\":[{\"@type\":\"ReadAction\",\"target\":[\"https:\/\/generalovernight.ch\/fr\/go-services-en-ligne\/\"]}]},{\"@type\":\"ImageObject\",\"inLanguage\":\"fr-FR\",\"@id\":\"https:\/\/generalovernight.ch\/fr\/go-services-en-ligne\/#primaryimage\",\"url\":\"https:\/\/p682793.webspaceconfig.de\/wp-content\/uploads\/2023\/01\/Online_service_header-1024x213.jpeg\",\"contentUrl\":\"https:\/\/p682793.webspaceconfig.de\/wp-content\/uploads\/2023\/01\/Online_service_header-1024x213.jpeg\"},{\"@type\":\"BreadcrumbList\",\"@id\":\"https:\/\/generalovernight.ch\/fr\/go-services-en-ligne\/#breadcrumb\",\"itemListElement\":[{\"@type\":\"ListItem\",\"position\":1,\"name\":\"Startseite\",\"item\":\"https:\/\/generalovernight.ch\/fr\/\"},{\"@type\":\"ListItem\",\"position\":2,\"name\":\"GO ! Services en ligne\"}]},{\"@type\":\"WebSite\",\"@id\":\"https:\/\/generalovernight.ch\/fr\/#website\",\"url\":\"https:\/\/generalovernight.ch\/fr\/\",\"name\":\"GO! Express &amp; Logistics\",\"description\":\"\",\"potentialAction\":[{\"@type\":\"SearchAction\",\"target\":{\"@type\":\"EntryPoint\",\"urlTemplate\":\"https:\/\/generalovernight.ch\/fr\/?s={search_term_string}\"},\"query-input\":{\"@type\":\"PropertyValueSpecification\",\"valueRequired\":true,\"valueName\":\"search_term_string\"}}],\"inLanguage\":\"fr-FR\"}]}<\/script>\n<!-- \/ Yoast SEO plugin. -->","yoast_head_json":{"title":"GO ! Services en ligne - GO! Express &amp; Logistics","robots":{"index":"index","follow":"follow","max-snippet":"max-snippet:-1","max-image-preview":"max-image-preview:large","max-video-preview":"max-video-preview:-1"},"canonical":"https:\/\/generalovernight.ch\/fr\/go-services-en-ligne\/","og_locale":"fr_FR","og_type":"article","og_title":"GO ! Services en ligne - GO! Express &amp; Logistics","og_description":"GO ! Services en ligne Des outils pratiques pour une gestion professionnelle des envois Portail client : Order &amp; Track Acc\u00e9der au portail client T\u00e9l\u00e9chargements Acc\u00e9der \u00e0 notre zone de t\u00e9l\u00e9chargement Contact Vers votre contact personnel Mat\u00e9riel d&rsquo;exp\u00e9dition Demander du mat\u00e9riel d&rsquo;exp\u00e9dition Mur d&rsquo;actualit\u00e9s Voir nos actualit\u00e9s Demande d&rsquo;envoi Vers la demande d&rsquo;exp\u00e9dition GO !","og_url":"https:\/\/generalovernight.ch\/fr\/go-services-en-ligne\/","og_site_name":"GO! Express &amp; Logistics","article_modified_time":"2025-03-17T12:15:28+00:00","og_image":[{"url":"https:\/\/p682793.webspaceconfig.de\/wp-content\/uploads\/2023\/01\/Online_service_header-1024x213.jpeg","type":"","width":"","height":""}],"twitter_card":"summary_large_image","schema":{"@context":"https:\/\/schema.org","@graph":[{"@type":"WebPage","@id":"https:\/\/generalovernight.ch\/fr\/go-services-en-ligne\/","url":"https:\/\/generalovernight.ch\/fr\/go-services-en-ligne\/","name":"GO ! Services en ligne - GO! Express &amp; Logistics","isPartOf":{"@id":"https:\/\/generalovernight.ch\/fr\/#website"},"primaryImageOfPage":{"@id":"https:\/\/generalovernight.ch\/fr\/go-services-en-ligne\/#primaryimage"},"image":{"@id":"https:\/\/generalovernight.ch\/fr\/go-services-en-ligne\/#primaryimage"},"thumbnailUrl":"https:\/\/p682793.webspaceconfig.de\/wp-content\/uploads\/2023\/01\/Online_service_header-1024x213.jpeg","datePublished":"2024-12-16T13:58:52+00:00","dateModified":"2025-03-17T12:15:28+00:00","breadcrumb":{"@id":"https:\/\/generalovernight.ch\/fr\/go-services-en-ligne\/#breadcrumb"},"inLanguage":"fr-FR","potentialAction":[{"@type":"ReadAction","target":["https:\/\/generalovernight.ch\/fr\/go-services-en-ligne\/"]}]},{"@type":"ImageObject","inLanguage":"fr-FR","@id":"https:\/\/generalovernight.ch\/fr\/go-services-en-ligne\/#primaryimage","url":"https:\/\/p682793.webspaceconfig.de\/wp-content\/uploads\/2023\/01\/Online_service_header-1024x213.jpeg","contentUrl":"https:\/\/p682793.webspaceconfig.de\/wp-content\/uploads\/2023\/01\/Online_service_header-1024x213.jpeg"},{"@type":"BreadcrumbList","@id":"https:\/\/generalovernight.ch\/fr\/go-services-en-ligne\/#breadcrumb","itemListElement":[{"@type":"ListItem","position":1,"name":"Startseite","item":"https:\/\/generalovernight.ch\/fr\/"},{"@type":"ListItem","position":2,"name":"GO ! Services en ligne"}]},{"@type":"WebSite","@id":"https:\/\/generalovernight.ch\/fr\/#website","url":"https:\/\/generalovernight.ch\/fr\/","name":"GO! Express &amp; Logistics","description":"","potentialAction":[{"@type":"SearchAction","target":{"@type":"EntryPoint","urlTemplate":"https:\/\/generalovernight.ch\/fr\/?s={search_term_string}"},"query-input":{"@type":"PropertyValueSpecification","valueRequired":true,"valueName":"search_term_string"}}],"inLanguage":"fr-FR"}]}},"_links":{"self":[{"href":"https:\/\/generalovernight.ch\/fr\/wp-json\/wp\/v2\/pages\/8971","targetHints":{"allow":["GET"]}}],"collection":[{"href":"https:\/\/generalovernight.ch\/fr\/wp-json\/wp\/v2\/pages"}],"about":[{"href":"https:\/\/generalovernight.ch\/fr\/wp-json\/wp\/v2\/types\/page"}],"author":[{"embeddable":true,"href":"https:\/\/generalovernight.ch\/fr\/wp-json\/wp\/v2\/users\/8"}],"replies":[{"embeddable":true,"href":"https:\/\/generalovernight.ch\/fr\/wp-json\/wp\/v2\/comments?post=8971"}],"version-history":[{"count":2,"href":"https:\/\/generalovernight.ch\/fr\/wp-json\/wp\/v2\/pages\/8971\/revisions"}],"predecessor-version":[{"id":8976,"href":"https:\/\/generalovernight.ch\/fr\/wp-json\/wp\/v2\/pages\/8971\/revisions\/8976"}],"wp:attachment":[{"href":"https:\/\/generalovernight.ch\/fr\/wp-json\/wp\/v2\/media?parent=8971"}],"curies":[{"name":"wp","href":"https:\/\/api.w.org\/{rel}","templated":true}]}}