{"id":8986,"date":"2024-12-16T13:58:20","date_gmt":"2024-12-16T13:58:20","guid":{"rendered":"https:\/\/p682793.webspaceconfig.de\/solutions-sectorielles\/go-sciences-de-la-vie-et-technologies-medicales\/"},"modified":"2025-03-17T12:15:28","modified_gmt":"2025-03-17T12:15:28","slug":"go-sciences-de-la-vie-et-technologies-medicales","status":"publish","type":"page","link":"https:\/\/generalovernight.ch\/fr\/produits\/go-solutions\/solutions-sectorielles\/go-sciences-de-la-vie-et-technologies-medicales\/","title":{"rendered":"GO ! Sciences de la vie et technologies m\u00e9dicales"},"content":{"rendered":"\t\t<div data-elementor-type=\"wp-page\" data-elementor-id=\"8986\" class=\"elementor elementor-8986 elementor-6473\" data-elementor-post-type=\"page\">\n\t\t\t\t<div class=\"elementor-element elementor-element-f5f3bff e-flex e-con-boxed e-con e-parent\" data-id=\"f5f3bff\" data-element_type=\"container\" data-e-type=\"container\" data-settings=\"{&quot;jet_parallax_layout_list&quot;:[]}\">\n\t\t\t\t\t<div class=\"e-con-inner\">\n\t\t\t\t<div class=\"elementor-element elementor-element-a818398 elementor-widget elementor-widget-heading\" data-id=\"a818398\" data-element_type=\"widget\" data-e-type=\"widget\" data-widget_type=\"heading.default\">\n\t\t\t\t<div class=\"elementor-widget-container\">\n\t\t\t\t\t<h1 class=\"elementor-heading-title elementor-size-default\">Logistique des sciences de la vie !?<br>GO ! Sciences de la vie et technologies m\u00e9dicales <\/h1>\t\t\t\t<\/div>\n\t\t\t\t<\/div>\n\t\t\t\t<div class=\"elementor-element elementor-element-0dbbfaa elementor-widget elementor-widget-spacer\" data-id=\"0dbbfaa\" data-element_type=\"widget\" data-e-type=\"widget\" data-widget_type=\"spacer.default\">\n\t\t\t\t<div class=\"elementor-widget-container\">\n\t\t\t\t\t\t\t<div class=\"elementor-spacer\">\n\t\t\t<div class=\"elementor-spacer-inner\"><\/div>\n\t\t<\/div>\n\t\t\t\t\t\t<\/div>\n\t\t\t\t<\/div>\n\t\t\t\t<div class=\"elementor-element elementor-element-c78190c elementor-widget elementor-widget-text-editor\" data-id=\"c78190c\" data-element_type=\"widget\" data-e-type=\"widget\" data-widget_type=\"text-editor.default\">\n\t\t\t\t<div class=\"elementor-widget-container\">\n\t\t\t\t\t\t\t\t\t<p>La vie ne se d\u00e9roule pas toujours comme pr\u00e9vu. Lorsque chaque seconde compte, vous pouvez compter sur GO ! de jour comme de nuit. Nous transportons des livraisons tr\u00e8s sensibles avec pr\u00e9cision et dans les r\u00e8gles de l&rsquo;art, qu&rsquo;il s&rsquo;agisse d&rsquo;\u00e9chantillons diagnostiques, de produits biologiques ou m\u00e9dico-techniques. Que ce soit en avant ou en arri\u00e8re, de l&rsquo;h\u00f4pital au laboratoire ou du laboratoire au destinataire, nous connaissons chaque chemin et chaque temps.    <\/p>\t\t\t\t\t\t\t\t<\/div>\n\t\t\t\t<\/div>\n\t\t\t\t\t<\/div>\n\t\t\t\t<\/div>\n\t\t<div class=\"elementor-element elementor-element-d21197d e-grid e-con-boxed e-con e-parent\" data-id=\"d21197d\" data-element_type=\"container\" data-e-type=\"container\" data-settings=\"{&quot;jet_parallax_layout_list&quot;:[]}\">\n\t\t\t\t\t<div class=\"e-con-inner\">\n\t\t\t\t<div class=\"elementor-element elementor-element-ff1585a elementor-widget elementor-widget-image\" data-id=\"ff1585a\" data-element_type=\"widget\" data-e-type=\"widget\" data-widget_type=\"image.default\">\n\t\t\t\t<div class=\"elementor-widget-container\">\n\t\t\t\t\t\t\t\t\t\t\t\t\t\t\t<img fetchpriority=\"high\" decoding=\"async\" width=\"800\" height=\"534\" src=\"https:\/\/generalovernight.ch\/wp-content\/uploads\/2024\/12\/GO-Klinik_Empfang-Sendung-5_gruen_klein-1738x1159-2-1024x683.webp\" class=\"attachment-large size-large wp-image-8988\" alt=\"\" srcset=\"https:\/\/generalovernight.ch\/wp-content\/uploads\/2024\/12\/GO-Klinik_Empfang-Sendung-5_gruen_klein-1738x1159-2-1024x683.webp 1024w, https:\/\/generalovernight.ch\/wp-content\/uploads\/2024\/12\/GO-Klinik_Empfang-Sendung-5_gruen_klein-1738x1159-2-300x200.webp 300w, https:\/\/generalovernight.ch\/wp-content\/uploads\/2024\/12\/GO-Klinik_Empfang-Sendung-5_gruen_klein-1738x1159-2-768x512.webp 768w, https:\/\/generalovernight.ch\/wp-content\/uploads\/2024\/12\/GO-Klinik_Empfang-Sendung-5_gruen_klein-1738x1159-2-1536x1024.webp 1536w, https:\/\/generalovernight.ch\/wp-content\/uploads\/2024\/12\/GO-Klinik_Empfang-Sendung-5_gruen_klein-1738x1159-2.webp 1738w\" sizes=\"(max-width: 800px) 100vw, 800px\" \/>\t\t\t\t\t\t\t\t\t\t\t\t\t\t\t<\/div>\n\t\t\t\t<\/div>\n\t\t<div class=\"elementor-element elementor-element-5ba698e e-con-full e-flex e-con e-child\" data-id=\"5ba698e\" data-element_type=\"container\" data-e-type=\"container\" data-settings=\"{&quot;jet_parallax_layout_list&quot;:[],&quot;background_background&quot;:&quot;classic&quot;}\">\n\t\t<div class=\"elementor-element elementor-element-2a5db91 e-con-full e-flex e-con e-child\" data-id=\"2a5db91\" data-element_type=\"container\" data-e-type=\"container\" data-settings=\"{&quot;background_background&quot;:&quot;classic&quot;,&quot;jet_parallax_layout_list&quot;:[]}\">\n\t\t\t\t<div class=\"elementor-element elementor-element-884fc5f elementor-widget elementor-widget-heading\" data-id=\"884fc5f\" data-element_type=\"widget\" data-e-type=\"widget\" data-widget_type=\"heading.default\">\n\t\t\t\t<div class=\"elementor-widget-container\">\n\t\t\t\t\t<h2 class=\"elementor-heading-title elementor-size-default\">Notre gamme de services dans le domaine de la sant\u00e9<\/h2>\t\t\t\t<\/div>\n\t\t\t\t<\/div>\n\t\t\t\t<div class=\"elementor-element elementor-element-2bc4bce elementor-widget elementor-widget-text-editor\" data-id=\"2bc4bce\" data-element_type=\"widget\" data-e-type=\"widget\" data-widget_type=\"text-editor.default\">\n\t\t\t\t<div class=\"elementor-widget-container\">\n\t\t\t\t\t\t\t\t\t<ul><li>Livraison directement au lieu d&rsquo;utilisation : au laboratoire, \u00e0 l&rsquo;h\u00f4pital, au sas de la salle d&rsquo;op\u00e9ration, etc.<\/li><li>un soutien efficace des processus gr\u00e2ce \u00e0 des services personnalis\u00e9s pour les cabinets m\u00e9dicaux<\/li><li>une longue exp\u00e9rience dans la collecte et l&rsquo;envoi d&rsquo;\u00e9chantillons de diagnostic<\/li><li>nous sommes le seul r\u00e9seau suisse \u00e0 pouvoir vous proposer des enl\u00e8vements standardis\u00e9s au laboratoire central, et \u00e0 l&rsquo;h\u00f4pital le jour m\u00eame. La livraison s&rsquo;effectue la nuit m\u00eame ou dans les 24 heures ou sur rendez-vous au lieu d&rsquo;utilisation de votre choix. <\/li><li>Certificat de conformit\u00e9 GDP et gestion de la qualit\u00e9 selon la norme DIN EN ISO 9001:2015<\/li><li>un personnel sp\u00e9cialement form\u00e9 \u00e0 la fois au secteur pharmaceutique et au secteur des marchandises dangereuses (jusqu&rsquo;\u00e0 1000 points) selon ADR et IATA GDR<\/li><li>\u00c9change d&rsquo;\u00e9l\u00e9ments d&rsquo;appareils de remplacement et de lignes de remplacement<\/li><\/ul>\t\t\t\t\t\t\t\t<\/div>\n\t\t\t\t<\/div>\n\t\t\t\t<\/div>\n\t\t\t\t<\/div>\n\t\t\t\t\t<\/div>\n\t\t\t\t<\/div>\n\t\t<div class=\"elementor-element elementor-element-c7cc10c e-grid e-con-boxed e-con e-parent\" data-id=\"c7cc10c\" data-element_type=\"container\" data-e-type=\"container\" data-settings=\"{&quot;jet_parallax_layout_list&quot;:[]}\">\n\t\t\t\t\t<div class=\"e-con-inner\">\n\t\t<div class=\"elementor-element elementor-element-13b08c9 e-con-full e-flex e-con e-child\" data-id=\"13b08c9\" data-element_type=\"container\" data-e-type=\"container\" data-settings=\"{&quot;jet_parallax_layout_list&quot;:[],&quot;background_background&quot;:&quot;classic&quot;}\">\n\t\t<div class=\"elementor-element elementor-element-7650874 e-con-full e-flex e-con e-child\" data-id=\"7650874\" data-element_type=\"container\" data-e-type=\"container\" data-settings=\"{&quot;background_background&quot;:&quot;classic&quot;,&quot;jet_parallax_layout_list&quot;:[]}\">\n\t\t\t\t<div class=\"elementor-element elementor-element-d1008f6 elementor-widget elementor-widget-heading\" data-id=\"d1008f6\" data-element_type=\"widget\" data-e-type=\"widget\" data-widget_type=\"heading.default\">\n\t\t\t\t<div class=\"elementor-widget-container\">\n\t\t\t\t\t<h2 class=\"elementor-heading-title elementor-size-default\">Avantages<\/h2>\t\t\t\t<\/div>\n\t\t\t\t<\/div>\n\t\t\t\t<div class=\"elementor-element elementor-element-0839215 elementor-widget elementor-widget-text-editor\" data-id=\"0839215\" data-element_type=\"widget\" data-e-type=\"widget\" data-widget_type=\"text-editor.default\">\n\t\t\t\t<div class=\"elementor-widget-container\">\n\t\t\t\t\t\t\t\t\t<ul><li>R\u00e9duction des frais administratifs et de fonctionnement<\/li><li>Enl\u00e8vements et livraisons le jour m\u00eame (sameday)<\/li><li>Gestion des retours : r\u00e9duction du temps de rotation des produits r\u00e9utilisables, des conteneurs de transport et des dispositifs m\u00e9dicaux.<\/li><li>les normes de qualit\u00e9 et de s\u00e9curit\u00e9 les plus \u00e9lev\u00e9es, avec un taux de sinistres le plus faible possible<\/li><li>des concepts de tourn\u00e9es r\u00e9gionales et individuelles pour un d\u00e9placement r\u00e9gulier et r\u00e9current sur place<\/li><li>Conseil sur place par un interlocuteur personnel<\/li><li>les normes de qualit\u00e9 et de s\u00e9curit\u00e9 les plus \u00e9lev\u00e9es<\/li><li>Surveillance en direct bas\u00e9e sur le web &#8211; suivez votre envoi en direct \u00e0 l&rsquo;\u00e9cran<\/li><\/ul>\t\t\t\t\t\t\t\t<\/div>\n\t\t\t\t<\/div>\n\t\t<div class=\"elementor-element elementor-element-b4046fc e-con-full e-flex e-con e-child\" data-id=\"b4046fc\" data-element_type=\"container\" data-e-type=\"container\" data-settings=\"{&quot;jet_parallax_layout_list&quot;:[]}\">\n\t\t\t\t<div class=\"elementor-element elementor-element-2da2a68 elementor-mobile-align-justify elementor-widget elementor-widget-button\" data-id=\"2da2a68\" data-element_type=\"widget\" data-e-type=\"widget\" data-widget_type=\"button.default\">\n\t\t\t\t<div class=\"elementor-widget-container\">\n\t\t\t\t\t\t\t\t\t<div class=\"elementor-button-wrapper\">\n\t\t\t\t\t<a class=\"elementor-button elementor-button-link elementor-size-sm\" href=\"tel:+41800599999\">\n\t\t\t\t\t\t<span class=\"elementor-button-content-wrapper\">\n\t\t\t\t\t\t<span class=\"elementor-button-icon\">\n\t\t\t\t<i aria-hidden=\"true\" class=\"icon icon-phone1\"><\/i>\t\t\t<\/span>\n\t\t\t\t\t\t\t\t\t<span class=\"elementor-button-text\">Appelez-nous<\/span>\n\t\t\t\t\t<\/span>\n\t\t\t\t\t<\/a>\n\t\t\t\t<\/div>\n\t\t\t\t\t\t\t\t<\/div>\n\t\t\t\t<\/div>\n\t\t\t\t<div class=\"elementor-element elementor-element-e1bdc8f elementor-mobile-align-justify elementor-widget elementor-widget-button\" data-id=\"e1bdc8f\" data-element_type=\"widget\" data-e-type=\"widget\" data-widget_type=\"button.default\">\n\t\t\t\t<div class=\"elementor-widget-container\">\n\t\t\t\t\t\t\t\t\t<div class=\"elementor-button-wrapper\">\n\t\t\t\t\t<a class=\"elementor-button elementor-button-link elementor-size-sm\" href=\"https:\/\/p682793.webspaceconfig.de\/fr\/?page_id=8791\">\n\t\t\t\t\t\t<span class=\"elementor-button-content-wrapper\">\n\t\t\t\t\t\t<span class=\"elementor-button-icon\">\n\t\t\t\t<i aria-hidden=\"true\" class=\"far fa-envelope\"><\/i>\t\t\t<\/span>\n\t\t\t\t\t\t\t\t\t<span class=\"elementor-button-text\">Demande d'envoi<\/span>\n\t\t\t\t\t<\/span>\n\t\t\t\t\t<\/a>\n\t\t\t\t<\/div>\n\t\t\t\t\t\t\t\t<\/div>\n\t\t\t\t<\/div>\n\t\t\t\t<\/div>\n\t\t\t\t<\/div>\n\t\t\t\t<\/div>\n\t\t\t\t<div class=\"elementor-element elementor-element-f820804 elementor-widget elementor-widget-image\" data-id=\"f820804\" data-element_type=\"widget\" data-e-type=\"widget\" data-widget_type=\"image.default\">\n\t\t\t\t<div class=\"elementor-widget-container\">\n\t\t\t\t\t\t\t\t\t\t\t\t\t\t\t<img decoding=\"async\" width=\"600\" height=\"400\" src=\"https:\/\/generalovernight.ch\/wp-content\/uploads\/2024\/12\/GO-Klinik_Empfang-Sendung-19_klein.jpg\" class=\"attachment-large size-large wp-image-8987\" alt=\"\" srcset=\"https:\/\/generalovernight.ch\/wp-content\/uploads\/2024\/12\/GO-Klinik_Empfang-Sendung-19_klein.jpg 600w, https:\/\/generalovernight.ch\/wp-content\/uploads\/2024\/12\/GO-Klinik_Empfang-Sendung-19_klein-300x200.jpg 300w\" sizes=\"(max-width: 600px) 100vw, 600px\" \/>\t\t\t\t\t\t\t\t\t\t\t\t\t\t\t<\/div>\n\t\t\t\t<\/div>\n\t\t\t\t\t<\/div>\n\t\t\t\t<\/div>\n\t\t<div class=\"elementor-element elementor-element-d0689e2 e-flex e-con-boxed e-con e-parent\" data-id=\"d0689e2\" data-element_type=\"container\" data-e-type=\"container\" data-settings=\"{&quot;jet_parallax_layout_list&quot;:[]}\">\n\t\t\t\t\t<div class=\"e-con-inner\">\n\t\t\t\t<div class=\"elementor-element elementor-element-6f85bf8 elementor-widget elementor-widget-heading\" data-id=\"6f85bf8\" data-element_type=\"widget\" data-e-type=\"widget\" data-widget_type=\"heading.default\">\n\t\t\t\t<div class=\"elementor-widget-container\">\n\t\t\t\t\t<h2 class=\"elementor-heading-title elementor-size-default\">Une prise en charge et une d\u00e9charge sans faille.<\/h2>\t\t\t\t<\/div>\n\t\t\t\t<\/div>\n\t\t\t\t<div class=\"elementor-element elementor-element-ccd1288 elementor-widget elementor-widget-text-editor\" data-id=\"ccd1288\" data-element_type=\"widget\" data-e-type=\"widget\" data-widget_type=\"text-editor.default\">\n\t\t\t\t<div class=\"elementor-widget-container\">\n\t\t\t\t\t\t\t\t\t<p>Notre mission est de faire en sorte que les m\u00e9decins et le personnel m\u00e9dical puissent se concentrer sur leurs comp\u00e9tences. La logistique est une collaboration adapt\u00e9e aux exigences et aux besoins des h\u00f4pitaux, des cabinets m\u00e9dicaux et des fabricants. Nous \u00e9laborons ensemble des solutions pratiques qui s&rsquo;adaptent de mani\u00e8re optimale aux processus respectifs et garantissent que les produits et les m\u00e9dicaments n\u00e9cessaires \u00e0 la m\u00e9decine sont disponibles sur place dans les d\u00e9lais impartis.  <\/p><p><span style=\"color: var( --e-global-color-text ); font-family: var( --e-global-typography-text-font-family ), Sans-serif; font-size: var( --e-global-typography-text-font-size ); font-weight: var( --e-global-typography-text-font-weight ); text-align: var(--text-align); letter-spacing: 0px;\">Nous avons des dizaines d&rsquo;ann\u00e9es d&rsquo;exp\u00e9rience dans ce domaine, ainsi qu&rsquo;une gestion de la qualit\u00e9 certifi\u00e9e selon la norme DIN EN ISO 9001:2015 et une conformit\u00e9 GDP attest\u00e9e. Nous disposons d&rsquo;une expertise qui rend nos solutions aussi vari\u00e9es que pratiques. En voici quelques exemples : Logistique d&rsquo;urgence pour les appareils d&rsquo;imagerie diagnostique et les gilets de d\u00e9fibrillateur, service de mise en rayon de la nutrition ent\u00e9rale et des sondes ou mise \u00e0 disposition d&rsquo;instruments chirurgicaux, adapt\u00e9s \u00e0 la date de l&rsquo;op\u00e9ration et livr\u00e9s directement dans le sas op\u00e9ratoire. Nous fournissons toujours \u00e0 nos clients ce qui est essentiel : la plus grande fiabilit\u00e9 et la plus grande facilit\u00e9 possible.   <\/span><\/p><p><span style=\"color: var( --e-global-color-text ); font-family: var( --e-global-typography-text-font-family ), Sans-serif; font-size: var( --e-global-typography-text-font-size ); font-weight: var( --e-global-typography-text-font-weight ); text-align: var(--text-align); letter-spacing: 0px;\">Pour cela, plus de 1.400 employ\u00e9s et plus de 1.700 chauffeurs sont mobilis\u00e9s chaque jour pour transporter plus de 10 millions d&rsquo;envois (2023) par an.<\/span><\/p>\t\t\t\t\t\t\t\t<\/div>\n\t\t\t\t<\/div>\n\t\t\t\t\t<\/div>\n\t\t\t\t<\/div>\n\t\t\t\t<\/div>\n\t\t","protected":false},"excerpt":{"rendered":"<p>Logistique des sciences de la vie !?GO ! Sciences de la vie et technologies m\u00e9dicales La vie ne se d\u00e9roule pas toujours comme pr\u00e9vu. Lorsque chaque seconde compte, vous pouvez compter sur GO ! de jour comme de nuit. Nous transportons des livraisons tr\u00e8s sensibles avec pr\u00e9cision et dans les r\u00e8gles de l&rsquo;art, qu&rsquo;il s&rsquo;agisse [&hellip;]<\/p>\n","protected":false},"author":8,"featured_media":0,"parent":8904,"menu_order":0,"comment_status":"closed","ping_status":"closed","template":"","meta":{"_monsterinsights_skip_tracking":false,"_monsterinsights_sitenote_active":false,"_monsterinsights_sitenote_note":"","_monsterinsights_sitenote_category":0,"footnotes":""},"class_list":["post-8986","page","type-page","status-publish","hentry"],"yoast_head":"<!-- This site is optimized with the Yoast SEO plugin v27.2 - https:\/\/yoast.com\/product\/yoast-seo-wordpress\/ -->\n<title>GO ! Sciences de la vie et technologies m\u00e9dicales - GO! Express &amp; Logistics<\/title>\n<meta name=\"robots\" content=\"index, follow, max-snippet:-1, max-image-preview:large, max-video-preview:-1\" \/>\n<link rel=\"canonical\" href=\"https:\/\/generalovernight.ch\/fr\/produits\/go-solutions\/solutions-sectorielles\/go-sciences-de-la-vie-et-technologies-medicales\/\" \/>\n<meta property=\"og:locale\" content=\"fr_FR\" \/>\n<meta property=\"og:type\" content=\"article\" \/>\n<meta property=\"og:title\" content=\"GO ! Sciences de la vie et technologies m\u00e9dicales - GO! Express &amp; Logistics\" \/>\n<meta property=\"og:description\" content=\"Logistique des sciences de la vie !?GO ! Sciences de la vie et technologies m\u00e9dicales La vie ne se d\u00e9roule pas toujours comme pr\u00e9vu. Lorsque chaque seconde compte, vous pouvez compter sur GO ! de jour comme de nuit. Nous transportons des livraisons tr\u00e8s sensibles avec pr\u00e9cision et dans les r\u00e8gles de l&rsquo;art, qu&rsquo;il s&rsquo;agisse [&hellip;]\" \/>\n<meta property=\"og:url\" content=\"https:\/\/generalovernight.ch\/fr\/produits\/go-solutions\/solutions-sectorielles\/go-sciences-de-la-vie-et-technologies-medicales\/\" \/>\n<meta property=\"og:site_name\" content=\"GO! Express &amp; Logistics\" \/>\n<meta property=\"article:modified_time\" content=\"2025-03-17T12:15:28+00:00\" \/>\n<meta property=\"og:image\" content=\"https:\/\/p682793.webspaceconfig.de\/wp-content\/uploads\/2024\/12\/GO-Klinik_Empfang-Sendung-5_gruen_klein-1738x1159-2-1024x683.webp\" \/>\n<meta name=\"twitter:card\" content=\"summary_large_image\" \/>\n<meta name=\"twitter:label1\" content=\"Dur\u00e9e de lecture estim\u00e9e\" \/>\n\t<meta name=\"twitter:data1\" content=\"3 minutes\" \/>\n<script type=\"application\/ld+json\" class=\"yoast-schema-graph\">{\"@context\":\"https:\/\/schema.org\",\"@graph\":[{\"@type\":\"WebPage\",\"@id\":\"https:\/\/generalovernight.ch\/fr\/produits\/go-solutions\/solutions-sectorielles\/go-sciences-de-la-vie-et-technologies-medicales\/\",\"url\":\"https:\/\/generalovernight.ch\/fr\/produits\/go-solutions\/solutions-sectorielles\/go-sciences-de-la-vie-et-technologies-medicales\/\",\"name\":\"GO ! Sciences de la vie et technologies m\u00e9dicales - GO! Express &amp; Logistics\",\"isPartOf\":{\"@id\":\"https:\/\/generalovernight.ch\/fr\/#website\"},\"primaryImageOfPage\":{\"@id\":\"https:\/\/generalovernight.ch\/fr\/produits\/go-solutions\/solutions-sectorielles\/go-sciences-de-la-vie-et-technologies-medicales\/#primaryimage\"},\"image\":{\"@id\":\"https:\/\/generalovernight.ch\/fr\/produits\/go-solutions\/solutions-sectorielles\/go-sciences-de-la-vie-et-technologies-medicales\/#primaryimage\"},\"thumbnailUrl\":\"https:\/\/p682793.webspaceconfig.de\/wp-content\/uploads\/2024\/12\/GO-Klinik_Empfang-Sendung-5_gruen_klein-1738x1159-2-1024x683.webp\",\"datePublished\":\"2024-12-16T13:58:20+00:00\",\"dateModified\":\"2025-03-17T12:15:28+00:00\",\"breadcrumb\":{\"@id\":\"https:\/\/generalovernight.ch\/fr\/produits\/go-solutions\/solutions-sectorielles\/go-sciences-de-la-vie-et-technologies-medicales\/#breadcrumb\"},\"inLanguage\":\"fr-FR\",\"potentialAction\":[{\"@type\":\"ReadAction\",\"target\":[\"https:\/\/generalovernight.ch\/fr\/produits\/go-solutions\/solutions-sectorielles\/go-sciences-de-la-vie-et-technologies-medicales\/\"]}]},{\"@type\":\"ImageObject\",\"inLanguage\":\"fr-FR\",\"@id\":\"https:\/\/generalovernight.ch\/fr\/produits\/go-solutions\/solutions-sectorielles\/go-sciences-de-la-vie-et-technologies-medicales\/#primaryimage\",\"url\":\"https:\/\/p682793.webspaceconfig.de\/wp-content\/uploads\/2024\/12\/GO-Klinik_Empfang-Sendung-5_gruen_klein-1738x1159-2-1024x683.webp\",\"contentUrl\":\"https:\/\/p682793.webspaceconfig.de\/wp-content\/uploads\/2024\/12\/GO-Klinik_Empfang-Sendung-5_gruen_klein-1738x1159-2-1024x683.webp\"},{\"@type\":\"BreadcrumbList\",\"@id\":\"https:\/\/generalovernight.ch\/fr\/produits\/go-solutions\/solutions-sectorielles\/go-sciences-de-la-vie-et-technologies-medicales\/#breadcrumb\",\"itemListElement\":[{\"@type\":\"ListItem\",\"position\":1,\"name\":\"Startseite\",\"item\":\"https:\/\/generalovernight.ch\/fr\/\"},{\"@type\":\"ListItem\",\"position\":2,\"name\":\"Produits\",\"item\":\"https:\/\/generalovernight.ch\/fr\/produkte\/\"},{\"@type\":\"ListItem\",\"position\":3,\"name\":\"GO ! Solutions\",\"item\":\"https:\/\/generalovernight.ch\/fr\/produkte\/go-solutions\/\"},{\"@type\":\"ListItem\",\"position\":4,\"name\":\"Solutions sectorielles\",\"item\":\"https:\/\/generalovernight.ch\/fr\/produkte\/go-solutions\/branchenloesungen\/\"},{\"@type\":\"ListItem\",\"position\":5,\"name\":\"GO ! Sciences de la vie et technologies m\u00e9dicales\"}]},{\"@type\":\"WebSite\",\"@id\":\"https:\/\/generalovernight.ch\/fr\/#website\",\"url\":\"https:\/\/generalovernight.ch\/fr\/\",\"name\":\"GO! Express &amp; Logistics\",\"description\":\"\",\"potentialAction\":[{\"@type\":\"SearchAction\",\"target\":{\"@type\":\"EntryPoint\",\"urlTemplate\":\"https:\/\/generalovernight.ch\/fr\/?s={search_term_string}\"},\"query-input\":{\"@type\":\"PropertyValueSpecification\",\"valueRequired\":true,\"valueName\":\"search_term_string\"}}],\"inLanguage\":\"fr-FR\"}]}<\/script>\n<!-- \/ Yoast SEO plugin. -->","yoast_head_json":{"title":"GO ! Sciences de la vie et technologies m\u00e9dicales - GO! Express &amp; Logistics","robots":{"index":"index","follow":"follow","max-snippet":"max-snippet:-1","max-image-preview":"max-image-preview:large","max-video-preview":"max-video-preview:-1"},"canonical":"https:\/\/generalovernight.ch\/fr\/produits\/go-solutions\/solutions-sectorielles\/go-sciences-de-la-vie-et-technologies-medicales\/","og_locale":"fr_FR","og_type":"article","og_title":"GO ! Sciences de la vie et technologies m\u00e9dicales - GO! Express &amp; Logistics","og_description":"Logistique des sciences de la vie !?GO ! Sciences de la vie et technologies m\u00e9dicales La vie ne se d\u00e9roule pas toujours comme pr\u00e9vu. Lorsque chaque seconde compte, vous pouvez compter sur GO ! de jour comme de nuit. Nous transportons des livraisons tr\u00e8s sensibles avec pr\u00e9cision et dans les r\u00e8gles de l&rsquo;art, qu&rsquo;il s&rsquo;agisse [&hellip;]","og_url":"https:\/\/generalovernight.ch\/fr\/produits\/go-solutions\/solutions-sectorielles\/go-sciences-de-la-vie-et-technologies-medicales\/","og_site_name":"GO! Express &amp; Logistics","article_modified_time":"2025-03-17T12:15:28+00:00","og_image":[{"url":"https:\/\/p682793.webspaceconfig.de\/wp-content\/uploads\/2024\/12\/GO-Klinik_Empfang-Sendung-5_gruen_klein-1738x1159-2-1024x683.webp","type":"","width":"","height":""}],"twitter_card":"summary_large_image","twitter_misc":{"Dur\u00e9e de lecture estim\u00e9e":"3 minutes"},"schema":{"@context":"https:\/\/schema.org","@graph":[{"@type":"WebPage","@id":"https:\/\/generalovernight.ch\/fr\/produits\/go-solutions\/solutions-sectorielles\/go-sciences-de-la-vie-et-technologies-medicales\/","url":"https:\/\/generalovernight.ch\/fr\/produits\/go-solutions\/solutions-sectorielles\/go-sciences-de-la-vie-et-technologies-medicales\/","name":"GO ! Sciences de la vie et technologies m\u00e9dicales - GO! Express &amp; Logistics","isPartOf":{"@id":"https:\/\/generalovernight.ch\/fr\/#website"},"primaryImageOfPage":{"@id":"https:\/\/generalovernight.ch\/fr\/produits\/go-solutions\/solutions-sectorielles\/go-sciences-de-la-vie-et-technologies-medicales\/#primaryimage"},"image":{"@id":"https:\/\/generalovernight.ch\/fr\/produits\/go-solutions\/solutions-sectorielles\/go-sciences-de-la-vie-et-technologies-medicales\/#primaryimage"},"thumbnailUrl":"https:\/\/p682793.webspaceconfig.de\/wp-content\/uploads\/2024\/12\/GO-Klinik_Empfang-Sendung-5_gruen_klein-1738x1159-2-1024x683.webp","datePublished":"2024-12-16T13:58:20+00:00","dateModified":"2025-03-17T12:15:28+00:00","breadcrumb":{"@id":"https:\/\/generalovernight.ch\/fr\/produits\/go-solutions\/solutions-sectorielles\/go-sciences-de-la-vie-et-technologies-medicales\/#breadcrumb"},"inLanguage":"fr-FR","potentialAction":[{"@type":"ReadAction","target":["https:\/\/generalovernight.ch\/fr\/produits\/go-solutions\/solutions-sectorielles\/go-sciences-de-la-vie-et-technologies-medicales\/"]}]},{"@type":"ImageObject","inLanguage":"fr-FR","@id":"https:\/\/generalovernight.ch\/fr\/produits\/go-solutions\/solutions-sectorielles\/go-sciences-de-la-vie-et-technologies-medicales\/#primaryimage","url":"https:\/\/p682793.webspaceconfig.de\/wp-content\/uploads\/2024\/12\/GO-Klinik_Empfang-Sendung-5_gruen_klein-1738x1159-2-1024x683.webp","contentUrl":"https:\/\/p682793.webspaceconfig.de\/wp-content\/uploads\/2024\/12\/GO-Klinik_Empfang-Sendung-5_gruen_klein-1738x1159-2-1024x683.webp"},{"@type":"BreadcrumbList","@id":"https:\/\/generalovernight.ch\/fr\/produits\/go-solutions\/solutions-sectorielles\/go-sciences-de-la-vie-et-technologies-medicales\/#breadcrumb","itemListElement":[{"@type":"ListItem","position":1,"name":"Startseite","item":"https:\/\/generalovernight.ch\/fr\/"},{"@type":"ListItem","position":2,"name":"Produits","item":"https:\/\/generalovernight.ch\/fr\/produkte\/"},{"@type":"ListItem","position":3,"name":"GO ! Solutions","item":"https:\/\/generalovernight.ch\/fr\/produkte\/go-solutions\/"},{"@type":"ListItem","position":4,"name":"Solutions sectorielles","item":"https:\/\/generalovernight.ch\/fr\/produkte\/go-solutions\/branchenloesungen\/"},{"@type":"ListItem","position":5,"name":"GO ! Sciences de la vie et technologies m\u00e9dicales"}]},{"@type":"WebSite","@id":"https:\/\/generalovernight.ch\/fr\/#website","url":"https:\/\/generalovernight.ch\/fr\/","name":"GO! Express &amp; Logistics","description":"","potentialAction":[{"@type":"SearchAction","target":{"@type":"EntryPoint","urlTemplate":"https:\/\/generalovernight.ch\/fr\/?s={search_term_string}"},"query-input":{"@type":"PropertyValueSpecification","valueRequired":true,"valueName":"search_term_string"}}],"inLanguage":"fr-FR"}]}},"_links":{"self":[{"href":"https:\/\/generalovernight.ch\/fr\/wp-json\/wp\/v2\/pages\/8986","targetHints":{"allow":["GET"]}}],"collection":[{"href":"https:\/\/generalovernight.ch\/fr\/wp-json\/wp\/v2\/pages"}],"about":[{"href":"https:\/\/generalovernight.ch\/fr\/wp-json\/wp\/v2\/types\/page"}],"author":[{"embeddable":true,"href":"https:\/\/generalovernight.ch\/fr\/wp-json\/wp\/v2\/users\/8"}],"replies":[{"embeddable":true,"href":"https:\/\/generalovernight.ch\/fr\/wp-json\/wp\/v2\/comments?post=8986"}],"version-history":[{"count":2,"href":"https:\/\/generalovernight.ch\/fr\/wp-json\/wp\/v2\/pages\/8986\/revisions"}],"predecessor-version":[{"id":8993,"href":"https:\/\/generalovernight.ch\/fr\/wp-json\/wp\/v2\/pages\/8986\/revisions\/8993"}],"up":[{"embeddable":true,"href":"https:\/\/generalovernight.ch\/fr\/wp-json\/wp\/v2\/pages\/8904"}],"wp:attachment":[{"href":"https:\/\/generalovernight.ch\/fr\/wp-json\/wp\/v2\/media?parent=8986"}],"curies":[{"name":"wp","href":"https:\/\/api.w.org\/{rel}","templated":true}]}}