{"id":9000,"date":"2024-12-16T13:59:17","date_gmt":"2024-12-16T13:59:17","guid":{"rendered":"https:\/\/p682793.webspaceconfig.de\/go-pick-up\/"},"modified":"2025-03-17T12:15:28","modified_gmt":"2025-03-17T12:15:28","slug":"go-pick-up","status":"publish","type":"page","link":"https:\/\/generalovernight.ch\/fr\/go-pick-up\/","title":{"rendered":"GO ! Pick Up"},"content":{"rendered":"\t\t<div data-elementor-type=\"wp-page\" data-elementor-id=\"9000\" class=\"elementor elementor-9000 elementor-6477\" data-elementor-post-type=\"page\">\n\t\t\t\t<div class=\"elementor-element elementor-element-98b90dc e-flex e-con-boxed e-con e-parent\" data-id=\"98b90dc\" data-element_type=\"container\" data-e-type=\"container\" data-settings=\"{&quot;jet_parallax_layout_list&quot;:[]}\">\n\t\t\t\t\t<div class=\"e-con-inner\">\n\t\t\t\t<div class=\"elementor-element elementor-element-4d52254 elementor-widget elementor-widget-heading\" data-id=\"4d52254\" data-element_type=\"widget\" data-e-type=\"widget\" data-widget_type=\"heading.default\">\n\t\t\t\t<div class=\"elementor-widget-container\">\n\t\t\t\t\t<h1 class=\"elementor-heading-title elementor-size-default\">La collecte la plus rapide sur l'ensemble du territoire\n? <br>GO ! Pick up <\/h1>\t\t\t\t<\/div>\n\t\t\t\t<\/div>\n\t\t\t\t<div class=\"elementor-element elementor-element-b276e2c elementor-widget elementor-widget-spacer\" data-id=\"b276e2c\" data-element_type=\"widget\" data-e-type=\"widget\" data-widget_type=\"spacer.default\">\n\t\t\t\t<div class=\"elementor-widget-container\">\n\t\t\t\t\t\t\t<div class=\"elementor-spacer\">\n\t\t\t<div class=\"elementor-spacer-inner\"><\/div>\n\t\t<\/div>\n\t\t\t\t\t\t<\/div>\n\t\t\t\t<\/div>\n\t\t\t\t<div class=\"elementor-element elementor-element-6445f33 elementor-widget elementor-widget-text-editor\" data-id=\"6445f33\" data-element_type=\"widget\" data-e-type=\"widget\" data-widget_type=\"text-editor.default\">\n\t\t\t\t<div class=\"elementor-widget-container\">\n\t\t\t\t\t\t\t\t\t<p>L&rsquo;enl\u00e8vement classique fonctionne selon le principe suivant : inscrit aujourd&rsquo;hui, enlev\u00e9 demain, transbord\u00e9 apr\u00e8s-demain et chez vous apr\u00e8s-demain. \u00ab\u00a0Tout_extraordinaire\u00a0\u00bb chez GO !, le seul syst\u00e8me \u00ab\u00a0Sameday Pick up\u00a0\u00bb de Suisse ! <\/p>\t\t\t\t\t\t\t\t<\/div>\n\t\t\t\t<\/div>\n\t\t\t\t\t<\/div>\n\t\t\t\t<\/div>\n\t\t<div class=\"elementor-element elementor-element-d008d5a e-grid e-con-boxed e-con e-parent\" data-id=\"d008d5a\" data-element_type=\"container\" data-e-type=\"container\" data-settings=\"{&quot;jet_parallax_layout_list&quot;:[]}\">\n\t\t\t\t\t<div class=\"e-con-inner\">\n\t\t\t\t<div class=\"elementor-element elementor-element-a80aaa3 elementor-widget elementor-widget-image\" data-id=\"a80aaa3\" data-element_type=\"widget\" data-e-type=\"widget\" data-widget_type=\"image.default\">\n\t\t\t\t<div class=\"elementor-widget-container\">\n\t\t\t\t\t\t\t\t\t\t\t\t\t\t\t<img fetchpriority=\"high\" decoding=\"async\" width=\"480\" height=\"320\" src=\"https:\/\/generalovernight.ch\/wp-content\/uploads\/2023\/01\/2020_GO-Stadt_Sprinter-mit-Kuriere-4-480x320-1.jpeg\" class=\"attachment-large size-large wp-image-4389\" alt=\"\" srcset=\"https:\/\/generalovernight.ch\/wp-content\/uploads\/2023\/01\/2020_GO-Stadt_Sprinter-mit-Kuriere-4-480x320-1.jpeg 480w, https:\/\/generalovernight.ch\/wp-content\/uploads\/2023\/01\/2020_GO-Stadt_Sprinter-mit-Kuriere-4-480x320-1-300x200.jpeg 300w\" sizes=\"(max-width: 480px) 100vw, 480px\" \/>\t\t\t\t\t\t\t\t\t\t\t\t\t\t\t<\/div>\n\t\t\t\t<\/div>\n\t\t<div class=\"elementor-element elementor-element-f537791 e-con-full e-flex e-con e-child\" data-id=\"f537791\" data-element_type=\"container\" data-e-type=\"container\" data-settings=\"{&quot;jet_parallax_layout_list&quot;:[],&quot;background_background&quot;:&quot;classic&quot;}\">\n\t\t<div class=\"elementor-element elementor-element-0564bcb e-con-full e-flex e-con e-child\" data-id=\"0564bcb\" data-element_type=\"container\" data-e-type=\"container\" data-settings=\"{&quot;background_background&quot;:&quot;classic&quot;,&quot;jet_parallax_layout_list&quot;:[]}\">\n\t\t\t\t<div class=\"elementor-element elementor-element-7fb0711 elementor-widget elementor-widget-heading\" data-id=\"7fb0711\" data-element_type=\"widget\" data-e-type=\"widget\" data-widget_type=\"heading.default\">\n\t\t\t\t<div class=\"elementor-widget-container\">\n\t\t\t\t\t<h2 class=\"elementor-heading-title elementor-size-default\">Notre gamme de services nationaux dans le domaine\nEnl\u00e8vement et Pick Up<\/h2>\t\t\t\t<\/div>\n\t\t\t\t<\/div>\n\t\t\t\t<div class=\"elementor-element elementor-element-8e76c5e elementor-widget elementor-widget-text-editor\" data-id=\"8e76c5e\" data-element_type=\"widget\" data-e-type=\"widget\" data-widget_type=\"text-editor.default\">\n\t\t\t\t<div class=\"elementor-widget-container\">\n\t\t\t\t\t\t\t\t\t<p>Dans de nombreuses solutions de transport traditionnelles, un enl\u00e8vement est command\u00e9 aujourd&rsquo;hui, puis ex\u00e9cut\u00e9 demain, transbord\u00e9 le lendemain et renvoy\u00e9 le surlendemain seulement. De ce point de vue, un client attend 4 \u00e0 5 jours entre la commande et la livraison. Pour les produits urgents ou \u00e0 forte intensit\u00e9 de capital, cette situation est \u00e9conomiquement d\u00e9savantageuse et constitue \u00e9galement une question de qualit\u00e9 de service et de satisfaction du client.  <\/p><p>Si vous commandez un enl\u00e8vement aujourd&rsquo;hui chez GO !, les marchandises dont vous avez besoin seront enlev\u00e9es aujourd&rsquo;hui, selon la r\u00e9gion, et livr\u00e9es aujourd&rsquo;hui ou demain dans le meilleur des cas. Exactement, vous avez bien compt\u00e9 &#8211; dans l&rsquo;id\u00e9al, moins d&rsquo;un jour entier entre la commande et la livraison. C&rsquo;est un service de qualit\u00e9, mais il y a encore mieux ! Les enl\u00e8vements peuvent \u00eatre acc\u00e9l\u00e9r\u00e9s et effectu\u00e9s tard le soir ou m\u00eame la nuit. Ainsi, les marchandises peuvent \u00eatre disponibles t\u00f4t le matin. Incroyable, mais vrai ! Selon les exigences du client, GO ! livre les marchandises jusqu&rsquo;\u00e0 7h00, 13h30, 15h30 ou 18h00. Et les enl\u00e8vements pour les envois \u00e0 l&rsquo;\u00e9tranger en font naturellement partie &#8211; si vous le souhaitez, y compris le d\u00e9douanement express ! L\u00e0 encore, nous atteignons des sommets en Europe en termes de qualit\u00e9 et de rapidit\u00e9 !        <\/p>\t\t\t\t\t\t\t\t<\/div>\n\t\t\t\t<\/div>\n\t\t<div class=\"elementor-element elementor-element-ac7b60b e-con-full e-flex e-con e-child\" data-id=\"ac7b60b\" data-element_type=\"container\" data-e-type=\"container\" data-settings=\"{&quot;jet_parallax_layout_list&quot;:[]}\">\n\t\t\t\t<div class=\"elementor-element elementor-element-366e5e2 elementor-mobile-align-justify elementor-widget elementor-widget-button\" data-id=\"366e5e2\" data-element_type=\"widget\" data-e-type=\"widget\" data-widget_type=\"button.default\">\n\t\t\t\t<div class=\"elementor-widget-container\">\n\t\t\t\t\t\t\t\t\t<div class=\"elementor-button-wrapper\">\n\t\t\t\t\t<a class=\"elementor-button elementor-button-link elementor-size-sm\" href=\"tel:+41800599999\">\n\t\t\t\t\t\t<span class=\"elementor-button-content-wrapper\">\n\t\t\t\t\t\t<span class=\"elementor-button-icon\">\n\t\t\t\t<i aria-hidden=\"true\" class=\"icon icon-phone1\"><\/i>\t\t\t<\/span>\n\t\t\t\t\t\t\t\t\t<span class=\"elementor-button-text\">Appelez-nous<\/span>\n\t\t\t\t\t<\/span>\n\t\t\t\t\t<\/a>\n\t\t\t\t<\/div>\n\t\t\t\t\t\t\t\t<\/div>\n\t\t\t\t<\/div>\n\t\t\t\t<div class=\"elementor-element elementor-element-4c13dba elementor-mobile-align-justify elementor-widget elementor-widget-button\" data-id=\"4c13dba\" data-element_type=\"widget\" data-e-type=\"widget\" data-widget_type=\"button.default\">\n\t\t\t\t<div class=\"elementor-widget-container\">\n\t\t\t\t\t\t\t\t\t<div class=\"elementor-button-wrapper\">\n\t\t\t\t\t<a class=\"elementor-button elementor-button-link elementor-size-sm\" href=\"https:\/\/p682793.webspaceconfig.de\/fr\/?page_id=8791\">\n\t\t\t\t\t\t<span class=\"elementor-button-content-wrapper\">\n\t\t\t\t\t\t<span class=\"elementor-button-icon\">\n\t\t\t\t<i aria-hidden=\"true\" class=\"far fa-envelope\"><\/i>\t\t\t<\/span>\n\t\t\t\t\t\t\t\t\t<span class=\"elementor-button-text\">Demande d'envoi<\/span>\n\t\t\t\t\t<\/span>\n\t\t\t\t\t<\/a>\n\t\t\t\t<\/div>\n\t\t\t\t\t\t\t\t<\/div>\n\t\t\t\t<\/div>\n\t\t\t\t<\/div>\n\t\t\t\t<\/div>\n\t\t\t\t<\/div>\n\t\t\t\t\t<\/div>\n\t\t\t\t<\/div>\n\t\t<div class=\"elementor-element elementor-element-3db7bdc e-grid e-con-boxed e-con e-parent\" data-id=\"3db7bdc\" data-element_type=\"container\" data-e-type=\"container\" data-settings=\"{&quot;jet_parallax_layout_list&quot;:[]}\">\n\t\t\t\t\t<div class=\"e-con-inner\">\n\t\t<div class=\"elementor-element elementor-element-0399228 e-con-full e-flex e-con e-child\" data-id=\"0399228\" data-element_type=\"container\" data-e-type=\"container\" data-settings=\"{&quot;jet_parallax_layout_list&quot;:[],&quot;background_background&quot;:&quot;classic&quot;}\">\n\t\t<div class=\"elementor-element elementor-element-658df4b e-con-full e-flex e-con e-child\" data-id=\"658df4b\" data-element_type=\"container\" data-e-type=\"container\" data-settings=\"{&quot;background_background&quot;:&quot;classic&quot;,&quot;jet_parallax_layout_list&quot;:[]}\">\n\t\t\t\t<div class=\"elementor-element elementor-element-5deb3e7 elementor-widget elementor-widget-heading\" data-id=\"5deb3e7\" data-element_type=\"widget\" data-e-type=\"widget\" data-widget_type=\"heading.default\">\n\t\t\t\t<div class=\"elementor-widget-container\">\n\t\t\t\t\t<h2 class=\"elementor-heading-title elementor-size-default\">Avantages<\/h2>\t\t\t\t<\/div>\n\t\t\t\t<\/div>\n\t\t\t\t<div class=\"elementor-element elementor-element-e56ea7b elementor-widget elementor-widget-text-editor\" data-id=\"e56ea7b\" data-element_type=\"widget\" data-e-type=\"widget\" data-widget_type=\"text-editor.default\">\n\t\t\t\t<div class=\"elementor-widget-container\">\n\t\t\t\t\t\t\t\t\t<ul><li>Temps de r\u00e9ponse rapide<\/li><li>Logistique \u00e0 grande vitesse<\/li><li>Temps de service personnalisable<\/li><li>Processus contr\u00f4lable et tra\u00e7abilit\u00e9<\/li><li>Acc\u00e9l\u00e9ration des commandes internationales<\/li><\/ul>\t\t\t\t\t\t\t\t<\/div>\n\t\t\t\t<\/div>\n\t\t\t\t<\/div>\n\t\t\t\t<\/div>\n\t\t\t\t<div class=\"elementor-element elementor-element-d50696d elementor-widget elementor-widget-image\" data-id=\"d50696d\" data-element_type=\"widget\" data-e-type=\"widget\" data-widget_type=\"image.default\">\n\t\t\t\t<div class=\"elementor-widget-container\">\n\t\t\t\t\t\t\t\t\t\t\t\t\t\t\t<img decoding=\"async\" width=\"800\" height=\"534\" src=\"https:\/\/generalovernight.ch\/wp-content\/uploads\/2023\/01\/2020_GO-Stadt_Sprinter-mit-Kuriere-6_Wirtschaftsmeldung-1024x683.jpeg\" class=\"attachment-large size-large wp-image-4335\" alt=\"\" srcset=\"https:\/\/generalovernight.ch\/wp-content\/uploads\/2023\/01\/2020_GO-Stadt_Sprinter-mit-Kuriere-6_Wirtschaftsmeldung-1024x683.jpeg 1024w, https:\/\/generalovernight.ch\/wp-content\/uploads\/2023\/01\/2020_GO-Stadt_Sprinter-mit-Kuriere-6_Wirtschaftsmeldung-300x200.jpeg 300w, https:\/\/generalovernight.ch\/wp-content\/uploads\/2023\/01\/2020_GO-Stadt_Sprinter-mit-Kuriere-6_Wirtschaftsmeldung-768x512.jpeg 768w, https:\/\/generalovernight.ch\/wp-content\/uploads\/2023\/01\/2020_GO-Stadt_Sprinter-mit-Kuriere-6_Wirtschaftsmeldung-1536x1025.jpeg 1536w, https:\/\/generalovernight.ch\/wp-content\/uploads\/2023\/01\/2020_GO-Stadt_Sprinter-mit-Kuriere-6_Wirtschaftsmeldung-2048x1367.jpeg 2048w\" sizes=\"(max-width: 800px) 100vw, 800px\" \/>\t\t\t\t\t\t\t\t\t\t\t\t\t\t\t<\/div>\n\t\t\t\t<\/div>\n\t\t\t\t\t<\/div>\n\t\t\t\t<\/div>\n\t\t<div class=\"elementor-element elementor-element-98132b3 e-con-full e-flex e-con e-parent\" data-id=\"98132b3\" data-element_type=\"container\" data-e-type=\"container\" data-settings=\"{&quot;jet_parallax_layout_list&quot;:[]}\">\n\t\t\t\t<div class=\"elementor-element elementor-element-7d4c30b elementor-widget elementor-widget-template\" data-id=\"7d4c30b\" data-element_type=\"widget\" data-e-type=\"widget\" data-widget_type=\"template.default\">\n\t\t\t\t<div class=\"elementor-widget-container\">\n\t\t\t\t\t\t\t<div class=\"elementor-template\">\n\t\t\t\t\t<div data-elementor-type=\"section\" data-elementor-id=\"9169\" class=\"elementor elementor-9169 elementor-6949 elementor-6949\" data-elementor-post-type=\"elementor_library\">\n\t\t\t<div class=\"elementor-element elementor-element-3de13da e-grid e-con-boxed e-con e-parent\" data-id=\"3de13da\" data-element_type=\"container\" data-e-type=\"container\" data-settings=\"{&quot;jet_parallax_layout_list&quot;:[]}\">\n\t\t\t\t\t<div class=\"e-con-inner\">\n\t\t<div class=\"elementor-element elementor-element-9e3810c e-con-full e-flex e-con e-child\" data-id=\"9e3810c\" data-element_type=\"container\" data-e-type=\"container\" data-settings=\"{&quot;background_background&quot;:&quot;classic&quot;,&quot;jet_parallax_layout_list&quot;:[]}\">\n\t\t\t\t<div class=\"elementor-element elementor-element-8057b84 elementor-widget elementor-widget-heading\" data-id=\"8057b84\" data-element_type=\"widget\" data-e-type=\"widget\" data-widget_type=\"heading.default\">\n\t\t\t\t<div class=\"elementor-widget-container\">\n\t\t\t\t\t<h2 class=\"elementor-heading-title elementor-size-default\">Vous \u00eates d\u00e9j\u00e0 client GO ! <\/h2>\t\t\t\t<\/div>\n\t\t\t\t<\/div>\n\t\t\t\t<div class=\"elementor-element elementor-element-b1fa535 elementor-widget elementor-widget-text-editor\" data-id=\"b1fa535\" data-element_type=\"widget\" data-e-type=\"widget\" data-widget_type=\"text-editor.default\">\n\t\t\t\t<div class=\"elementor-widget-container\">\n\t\t\t\t\t\t\t\t\t<p>Envoyer un colis maintenant :<\/p>\t\t\t\t\t\t\t\t<\/div>\n\t\t\t\t<\/div>\n\t\t\t\t<div class=\"elementor-element elementor-element-b3a7710 elementor-align-left elementor-widget elementor-widget-button\" data-id=\"b3a7710\" data-element_type=\"widget\" data-e-type=\"widget\" data-widget_type=\"button.default\">\n\t\t\t\t<div class=\"elementor-widget-container\">\n\t\t\t\t\t\t\t\t\t<div class=\"elementor-button-wrapper\">\n\t\t\t\t\t<a class=\"elementor-button elementor-button-link elementor-size-sm\" href=\"https:\/\/manage.1st-scan.net\/login\">\n\t\t\t\t\t\t<span class=\"elementor-button-content-wrapper\">\n\t\t\t\t\t\t<span class=\"elementor-button-icon\">\n\t\t\t\t<i aria-hidden=\"true\" class=\"icon icon-arrow-right\"><\/i>\t\t\t<\/span>\n\t\t\t\t\t\t\t\t\t<span class=\"elementor-button-text\">Vers le login<\/span>\n\t\t\t\t\t<\/span>\n\t\t\t\t\t<\/a>\n\t\t\t\t<\/div>\n\t\t\t\t\t\t\t\t<\/div>\n\t\t\t\t<\/div>\n\t\t\t\t<\/div>\n\t\t<div class=\"elementor-element elementor-element-858d6d0 e-con-full e-flex e-con e-child\" data-id=\"858d6d0\" data-element_type=\"container\" data-e-type=\"container\" data-settings=\"{&quot;background_background&quot;:&quot;classic&quot;,&quot;jet_parallax_layout_list&quot;:[]}\">\n\t\t\t\t<div class=\"elementor-element elementor-element-dbb029d elementor-widget elementor-widget-heading\" data-id=\"dbb029d\" data-element_type=\"widget\" data-e-type=\"widget\" data-widget_type=\"heading.default\">\n\t\t\t\t<div class=\"elementor-widget-container\">\n\t\t\t\t\t<h2 class=\"elementor-heading-title elementor-size-default\">Vous avez besoin d'aide ?<\/h2>\t\t\t\t<\/div>\n\t\t\t\t<\/div>\n\t\t\t\t<div class=\"elementor-element elementor-element-fd4db14 elementor-widget elementor-widget-text-editor\" data-id=\"fd4db14\" data-element_type=\"widget\" data-e-type=\"widget\" data-widget_type=\"text-editor.default\">\n\t\t\t\t<div class=\"elementor-widget-container\">\n\t\t\t\t\t\t\t\t\t<p>Pour des conseils personnalis\u00e9s, appelez le :<\/p>\t\t\t\t\t\t\t\t<\/div>\n\t\t\t\t<\/div>\n\t\t\t\t<div class=\"elementor-element elementor-element-7bb9beb elementor-align-left elementor-widget elementor-widget-button\" data-id=\"7bb9beb\" data-element_type=\"widget\" data-e-type=\"widget\" data-widget_type=\"button.default\">\n\t\t\t\t<div class=\"elementor-widget-container\">\n\t\t\t\t\t\t\t\t\t<div class=\"elementor-button-wrapper\">\n\t\t\t\t\t<a class=\"elementor-button elementor-button-link elementor-size-sm\" href=\"tel:+41800859999\">\n\t\t\t\t\t\t<span class=\"elementor-button-content-wrapper\">\n\t\t\t\t\t\t<span class=\"elementor-button-icon\">\n\t\t\t\t<i aria-hidden=\"true\" class=\"icon icon-phone1\"><\/i>\t\t\t<\/span>\n\t\t\t\t\t\t\t\t\t<span class=\"elementor-button-text\">0800 \/ 85 99 99<\/span>\n\t\t\t\t\t<\/span>\n\t\t\t\t\t<\/a>\n\t\t\t\t<\/div>\n\t\t\t\t\t\t\t\t<\/div>\n\t\t\t\t<\/div>\n\t\t\t\t<\/div>\n\t\t\t\t\t<\/div>\n\t\t\t\t<\/div>\n\t\t\t\t<\/div>\n\t\t\t\t<\/div>\n\t\t\t\t\t\t<\/div>\n\t\t\t\t<\/div>\n\t\t\t\t<\/div>\n\t\t\t\t<\/div>\n\t\t","protected":false},"excerpt":{"rendered":"<p>La collecte la plus rapide sur l&rsquo;ensemble du territoire ? GO ! Pick up L&rsquo;enl\u00e8vement classique fonctionne selon le principe suivant : inscrit aujourd&rsquo;hui, enlev\u00e9 demain, transbord\u00e9 apr\u00e8s-demain et chez vous apr\u00e8s-demain. \u00ab\u00a0Tout_extraordinaire\u00a0\u00bb chez GO !, le seul syst\u00e8me \u00ab\u00a0Sameday Pick up\u00a0\u00bb de Suisse ! Notre gamme de services nationaux dans le domaine Enl\u00e8vement et [&hellip;]<\/p>\n","protected":false},"author":8,"featured_media":0,"parent":0,"menu_order":0,"comment_status":"closed","ping_status":"closed","template":"","meta":{"_monsterinsights_skip_tracking":false,"_monsterinsights_sitenote_active":false,"_monsterinsights_sitenote_note":"","_monsterinsights_sitenote_category":0,"footnotes":""},"class_list":["post-9000","page","type-page","status-publish","hentry"],"yoast_head":"<!-- This site is optimized with the Yoast SEO plugin v27.2 - https:\/\/yoast.com\/product\/yoast-seo-wordpress\/ -->\n<title>GO ! Pick Up - GO! Express &amp; Logistics<\/title>\n<meta name=\"robots\" content=\"index, follow, max-snippet:-1, max-image-preview:large, max-video-preview:-1\" \/>\n<link rel=\"canonical\" href=\"https:\/\/generalovernight.ch\/fr\/go-pick-up\/\" \/>\n<meta property=\"og:locale\" content=\"fr_FR\" \/>\n<meta property=\"og:type\" content=\"article\" \/>\n<meta property=\"og:title\" content=\"GO ! Pick Up - GO! Express &amp; Logistics\" \/>\n<meta property=\"og:description\" content=\"La collecte la plus rapide sur l&rsquo;ensemble du territoire ? GO ! Pick up L&rsquo;enl\u00e8vement classique fonctionne selon le principe suivant : inscrit aujourd&rsquo;hui, enlev\u00e9 demain, transbord\u00e9 apr\u00e8s-demain et chez vous apr\u00e8s-demain. \u00ab\u00a0Tout_extraordinaire\u00a0\u00bb chez GO !, le seul syst\u00e8me \u00ab\u00a0Sameday Pick up\u00a0\u00bb de Suisse ! Notre gamme de services nationaux dans le domaine Enl\u00e8vement et [&hellip;]\" \/>\n<meta property=\"og:url\" content=\"https:\/\/generalovernight.ch\/fr\/go-pick-up\/\" \/>\n<meta property=\"og:site_name\" content=\"GO! Express &amp; Logistics\" \/>\n<meta property=\"article:modified_time\" content=\"2025-03-17T12:15:28+00:00\" \/>\n<meta property=\"og:image\" content=\"https:\/\/p682793.webspaceconfig.de\/wp-content\/uploads\/2023\/01\/2020_GO-Stadt_Sprinter-mit-Kuriere-4-480x320-1.jpeg\" \/>\n<meta name=\"twitter:card\" content=\"summary_large_image\" \/>\n<meta name=\"twitter:label1\" content=\"Dur\u00e9e de lecture estim\u00e9e\" \/>\n\t<meta name=\"twitter:data1\" content=\"2 minutes\" \/>\n<script type=\"application\/ld+json\" class=\"yoast-schema-graph\">{\"@context\":\"https:\/\/schema.org\",\"@graph\":[{\"@type\":\"WebPage\",\"@id\":\"https:\/\/generalovernight.ch\/fr\/go-pick-up\/\",\"url\":\"https:\/\/generalovernight.ch\/fr\/go-pick-up\/\",\"name\":\"GO ! Pick Up - GO! Express &amp; Logistics\",\"isPartOf\":{\"@id\":\"https:\/\/generalovernight.ch\/fr\/#website\"},\"primaryImageOfPage\":{\"@id\":\"https:\/\/generalovernight.ch\/fr\/go-pick-up\/#primaryimage\"},\"image\":{\"@id\":\"https:\/\/generalovernight.ch\/fr\/go-pick-up\/#primaryimage\"},\"thumbnailUrl\":\"https:\/\/p682793.webspaceconfig.de\/wp-content\/uploads\/2023\/01\/2020_GO-Stadt_Sprinter-mit-Kuriere-4-480x320-1.jpeg\",\"datePublished\":\"2024-12-16T13:59:17+00:00\",\"dateModified\":\"2025-03-17T12:15:28+00:00\",\"breadcrumb\":{\"@id\":\"https:\/\/generalovernight.ch\/fr\/go-pick-up\/#breadcrumb\"},\"inLanguage\":\"fr-FR\",\"potentialAction\":[{\"@type\":\"ReadAction\",\"target\":[\"https:\/\/generalovernight.ch\/fr\/go-pick-up\/\"]}]},{\"@type\":\"ImageObject\",\"inLanguage\":\"fr-FR\",\"@id\":\"https:\/\/generalovernight.ch\/fr\/go-pick-up\/#primaryimage\",\"url\":\"https:\/\/p682793.webspaceconfig.de\/wp-content\/uploads\/2023\/01\/2020_GO-Stadt_Sprinter-mit-Kuriere-4-480x320-1.jpeg\",\"contentUrl\":\"https:\/\/p682793.webspaceconfig.de\/wp-content\/uploads\/2023\/01\/2020_GO-Stadt_Sprinter-mit-Kuriere-4-480x320-1.jpeg\"},{\"@type\":\"BreadcrumbList\",\"@id\":\"https:\/\/generalovernight.ch\/fr\/go-pick-up\/#breadcrumb\",\"itemListElement\":[{\"@type\":\"ListItem\",\"position\":1,\"name\":\"Startseite\",\"item\":\"https:\/\/generalovernight.ch\/fr\/\"},{\"@type\":\"ListItem\",\"position\":2,\"name\":\"GO ! Pick Up\"}]},{\"@type\":\"WebSite\",\"@id\":\"https:\/\/generalovernight.ch\/fr\/#website\",\"url\":\"https:\/\/generalovernight.ch\/fr\/\",\"name\":\"GO! Express &amp; Logistics\",\"description\":\"\",\"potentialAction\":[{\"@type\":\"SearchAction\",\"target\":{\"@type\":\"EntryPoint\",\"urlTemplate\":\"https:\/\/generalovernight.ch\/fr\/?s={search_term_string}\"},\"query-input\":{\"@type\":\"PropertyValueSpecification\",\"valueRequired\":true,\"valueName\":\"search_term_string\"}}],\"inLanguage\":\"fr-FR\"}]}<\/script>\n<!-- \/ Yoast SEO plugin. -->","yoast_head_json":{"title":"GO ! Pick Up - GO! Express &amp; Logistics","robots":{"index":"index","follow":"follow","max-snippet":"max-snippet:-1","max-image-preview":"max-image-preview:large","max-video-preview":"max-video-preview:-1"},"canonical":"https:\/\/generalovernight.ch\/fr\/go-pick-up\/","og_locale":"fr_FR","og_type":"article","og_title":"GO ! Pick Up - GO! Express &amp; Logistics","og_description":"La collecte la plus rapide sur l&rsquo;ensemble du territoire ? GO ! Pick up L&rsquo;enl\u00e8vement classique fonctionne selon le principe suivant : inscrit aujourd&rsquo;hui, enlev\u00e9 demain, transbord\u00e9 apr\u00e8s-demain et chez vous apr\u00e8s-demain. \u00ab\u00a0Tout_extraordinaire\u00a0\u00bb chez GO !, le seul syst\u00e8me \u00ab\u00a0Sameday Pick up\u00a0\u00bb de Suisse ! Notre gamme de services nationaux dans le domaine Enl\u00e8vement et [&hellip;]","og_url":"https:\/\/generalovernight.ch\/fr\/go-pick-up\/","og_site_name":"GO! Express &amp; Logistics","article_modified_time":"2025-03-17T12:15:28+00:00","og_image":[{"url":"https:\/\/p682793.webspaceconfig.de\/wp-content\/uploads\/2023\/01\/2020_GO-Stadt_Sprinter-mit-Kuriere-4-480x320-1.jpeg","type":"","width":"","height":""}],"twitter_card":"summary_large_image","twitter_misc":{"Dur\u00e9e de lecture estim\u00e9e":"2 minutes"},"schema":{"@context":"https:\/\/schema.org","@graph":[{"@type":"WebPage","@id":"https:\/\/generalovernight.ch\/fr\/go-pick-up\/","url":"https:\/\/generalovernight.ch\/fr\/go-pick-up\/","name":"GO ! Pick Up - GO! Express &amp; Logistics","isPartOf":{"@id":"https:\/\/generalovernight.ch\/fr\/#website"},"primaryImageOfPage":{"@id":"https:\/\/generalovernight.ch\/fr\/go-pick-up\/#primaryimage"},"image":{"@id":"https:\/\/generalovernight.ch\/fr\/go-pick-up\/#primaryimage"},"thumbnailUrl":"https:\/\/p682793.webspaceconfig.de\/wp-content\/uploads\/2023\/01\/2020_GO-Stadt_Sprinter-mit-Kuriere-4-480x320-1.jpeg","datePublished":"2024-12-16T13:59:17+00:00","dateModified":"2025-03-17T12:15:28+00:00","breadcrumb":{"@id":"https:\/\/generalovernight.ch\/fr\/go-pick-up\/#breadcrumb"},"inLanguage":"fr-FR","potentialAction":[{"@type":"ReadAction","target":["https:\/\/generalovernight.ch\/fr\/go-pick-up\/"]}]},{"@type":"ImageObject","inLanguage":"fr-FR","@id":"https:\/\/generalovernight.ch\/fr\/go-pick-up\/#primaryimage","url":"https:\/\/p682793.webspaceconfig.de\/wp-content\/uploads\/2023\/01\/2020_GO-Stadt_Sprinter-mit-Kuriere-4-480x320-1.jpeg","contentUrl":"https:\/\/p682793.webspaceconfig.de\/wp-content\/uploads\/2023\/01\/2020_GO-Stadt_Sprinter-mit-Kuriere-4-480x320-1.jpeg"},{"@type":"BreadcrumbList","@id":"https:\/\/generalovernight.ch\/fr\/go-pick-up\/#breadcrumb","itemListElement":[{"@type":"ListItem","position":1,"name":"Startseite","item":"https:\/\/generalovernight.ch\/fr\/"},{"@type":"ListItem","position":2,"name":"GO ! Pick Up"}]},{"@type":"WebSite","@id":"https:\/\/generalovernight.ch\/fr\/#website","url":"https:\/\/generalovernight.ch\/fr\/","name":"GO! Express &amp; Logistics","description":"","potentialAction":[{"@type":"SearchAction","target":{"@type":"EntryPoint","urlTemplate":"https:\/\/generalovernight.ch\/fr\/?s={search_term_string}"},"query-input":{"@type":"PropertyValueSpecification","valueRequired":true,"valueName":"search_term_string"}}],"inLanguage":"fr-FR"}]}},"_links":{"self":[{"href":"https:\/\/generalovernight.ch\/fr\/wp-json\/wp\/v2\/pages\/9000","targetHints":{"allow":["GET"]}}],"collection":[{"href":"https:\/\/generalovernight.ch\/fr\/wp-json\/wp\/v2\/pages"}],"about":[{"href":"https:\/\/generalovernight.ch\/fr\/wp-json\/wp\/v2\/types\/page"}],"author":[{"embeddable":true,"href":"https:\/\/generalovernight.ch\/fr\/wp-json\/wp\/v2\/users\/8"}],"replies":[{"embeddable":true,"href":"https:\/\/generalovernight.ch\/fr\/wp-json\/wp\/v2\/comments?post=9000"}],"version-history":[{"count":2,"href":"https:\/\/generalovernight.ch\/fr\/wp-json\/wp\/v2\/pages\/9000\/revisions"}],"predecessor-version":[{"id":9003,"href":"https:\/\/generalovernight.ch\/fr\/wp-json\/wp\/v2\/pages\/9000\/revisions\/9003"}],"wp:attachment":[{"href":"https:\/\/generalovernight.ch\/fr\/wp-json\/wp\/v2\/media?parent=9000"}],"curies":[{"name":"wp","href":"https:\/\/api.w.org\/{rel}","templated":true}]}}