{"id":9004,"date":"2024-12-16T14:02:36","date_gmt":"2024-12-16T14:02:36","guid":{"rendered":"https:\/\/p682793.webspaceconfig.de\/go-retours\/"},"modified":"2025-03-17T12:15:33","modified_gmt":"2025-03-17T12:15:33","slug":"go-retours","status":"publish","type":"page","link":"https:\/\/generalovernight.ch\/fr\/go-retours\/","title":{"rendered":"GO ! Retours"},"content":{"rendered":"\t\t<div data-elementor-type=\"wp-page\" data-elementor-id=\"9004\" class=\"elementor elementor-9004 elementor-6480\" data-elementor-post-type=\"page\">\n\t\t\t\t<div class=\"elementor-element elementor-element-92f4740 e-flex e-con-boxed e-con e-parent\" data-id=\"92f4740\" data-element_type=\"container\" data-e-type=\"container\" data-settings=\"{&quot;jet_parallax_layout_list&quot;:[]}\">\n\t\t\t\t\t<div class=\"e-con-inner\">\n\t\t\t\t<div class=\"elementor-element elementor-element-51fa2b5 elementor-widget elementor-widget-heading\" data-id=\"51fa2b5\" data-element_type=\"widget\" data-e-type=\"widget\" data-widget_type=\"heading.default\">\n\t\t\t\t<div class=\"elementor-widget-container\">\n\t\t\t\t\t<h1 class=\"elementor-heading-title elementor-size-default\">Meilleure qualit\u00e9 de retour ?<br>GO ! Retours <\/h1>\t\t\t\t<\/div>\n\t\t\t\t<\/div>\n\t\t\t\t<div class=\"elementor-element elementor-element-3c36fbf elementor-widget elementor-widget-spacer\" data-id=\"3c36fbf\" data-element_type=\"widget\" data-e-type=\"widget\" data-widget_type=\"spacer.default\">\n\t\t\t\t<div class=\"elementor-widget-container\">\n\t\t\t\t\t\t\t<div class=\"elementor-spacer\">\n\t\t\t<div class=\"elementor-spacer-inner\"><\/div>\n\t\t<\/div>\n\t\t\t\t\t\t<\/div>\n\t\t\t\t<\/div>\n\t\t\t\t<div class=\"elementor-element elementor-element-e6cd1f1 elementor-widget elementor-widget-text-editor\" data-id=\"e6cd1f1\" data-element_type=\"widget\" data-e-type=\"widget\" data-widget_type=\"text-editor.default\">\n\t\t\t\t<div class=\"elementor-widget-container\">\n\t\t\t\t\t\t\t\t\t<p>Les retours qui \u00e9chappent \u00e0 tout contr\u00f4le parce qu&rsquo;ils ne sont pas contr\u00f4lables, c&rsquo;est du pass\u00e9. Avec notre service \u00ab\u00a0Retours\u00a0\u00bb, nous sommes transparents sur ce qu&rsquo;un client retourne, quand, o\u00f9 et dans quel d\u00e9lai. <\/p>\t\t\t\t\t\t\t\t<\/div>\n\t\t\t\t<\/div>\n\t\t\t\t\t<\/div>\n\t\t\t\t<\/div>\n\t\t<div class=\"elementor-element elementor-element-d968b8e e-grid e-con-boxed e-con e-parent\" data-id=\"d968b8e\" data-element_type=\"container\" data-e-type=\"container\" data-settings=\"{&quot;jet_parallax_layout_list&quot;:[]}\">\n\t\t\t\t\t<div class=\"e-con-inner\">\n\t\t\t\t<div class=\"elementor-element elementor-element-3f2f6f5 elementor-widget elementor-widget-image\" data-id=\"3f2f6f5\" data-element_type=\"widget\" data-e-type=\"widget\" data-widget_type=\"image.default\">\n\t\t\t\t<div class=\"elementor-widget-container\">\n\t\t\t\t\t\t\t\t\t\t\t\t\t\t\t<img fetchpriority=\"high\" decoding=\"async\" width=\"800\" height=\"534\" src=\"https:\/\/generalovernight.ch\/wp-content\/uploads\/2024\/12\/2020_GO-Stadt_Sprinter_Innenstadt_Bruecke_-1-CH_haas-scaled-1-1024x683.jpg\" class=\"attachment-large size-large wp-image-8836\" alt=\"\" srcset=\"https:\/\/generalovernight.ch\/wp-content\/uploads\/2024\/12\/2020_GO-Stadt_Sprinter_Innenstadt_Bruecke_-1-CH_haas-scaled-1-1024x683.jpg 1024w, https:\/\/generalovernight.ch\/wp-content\/uploads\/2024\/12\/2020_GO-Stadt_Sprinter_Innenstadt_Bruecke_-1-CH_haas-scaled-1-300x200.jpg 300w, https:\/\/generalovernight.ch\/wp-content\/uploads\/2024\/12\/2020_GO-Stadt_Sprinter_Innenstadt_Bruecke_-1-CH_haas-scaled-1-768x512.jpg 768w, https:\/\/generalovernight.ch\/wp-content\/uploads\/2024\/12\/2020_GO-Stadt_Sprinter_Innenstadt_Bruecke_-1-CH_haas-scaled-1-1536x1025.jpg 1536w, https:\/\/generalovernight.ch\/wp-content\/uploads\/2024\/12\/2020_GO-Stadt_Sprinter_Innenstadt_Bruecke_-1-CH_haas-scaled-1-2048x1366.jpg 2048w\" sizes=\"(max-width: 800px) 100vw, 800px\" \/>\t\t\t\t\t\t\t\t\t\t\t\t\t\t\t<\/div>\n\t\t\t\t<\/div>\n\t\t<div class=\"elementor-element elementor-element-793d813 e-con-full e-flex e-con e-child\" data-id=\"793d813\" data-element_type=\"container\" data-e-type=\"container\" data-settings=\"{&quot;jet_parallax_layout_list&quot;:[],&quot;background_background&quot;:&quot;classic&quot;}\">\n\t\t<div class=\"elementor-element elementor-element-9f9d67b e-con-full e-flex e-con e-child\" data-id=\"9f9d67b\" data-element_type=\"container\" data-e-type=\"container\" data-settings=\"{&quot;background_background&quot;:&quot;classic&quot;,&quot;jet_parallax_layout_list&quot;:[]}\">\n\t\t\t\t<div class=\"elementor-element elementor-element-9b2748f elementor-widget elementor-widget-heading\" data-id=\"9b2748f\" data-element_type=\"widget\" data-e-type=\"widget\" data-widget_type=\"heading.default\">\n\t\t\t\t<div class=\"elementor-widget-container\">\n\t\t\t\t\t<h2 class=\"elementor-heading-title elementor-size-default\">Notre gamme de services dans le domaine des retours\n<\/h2>\t\t\t\t<\/div>\n\t\t\t\t<\/div>\n\t\t\t\t<div class=\"elementor-element elementor-element-886bbf1 elementor-widget elementor-widget-text-editor\" data-id=\"886bbf1\" data-element_type=\"widget\" data-e-type=\"widget\" data-widget_type=\"text-editor.default\">\n\t\t\t\t<div class=\"elementor-widget-container\">\n\t\t\t\t\t\t\t\t\t<p>Livraison d&rsquo;un mauvais colis ? Cas de garantie qui doit \u00eatre retir\u00e9 ? Marchandise command\u00e9e en trop qui doit \u00eatre renvoy\u00e9e ? Des marchandises qui ont \u00e9t\u00e9 livr\u00e9es pour examen ou \u00e9chantillonnage et qui doivent maintenant \u00eatre retourn\u00e9es ? Bien entendu, GO ! vous propose une formule compl\u00e8te \u00ab\u00a0sans souci\u00a0\u00bb. De la saisie des retours via Internet \u00e0 la gestion des emballages, tout est possible. Ainsi, les retours non tra\u00e7ables et non contr\u00f4lables appartiennent au pass\u00e9. Le client saisit un retour et imprime un bon de livraison avec un code QR. En m\u00eame temps, les donn\u00e9es peuvent \u00eatre r\u00e9cup\u00e9r\u00e9es via API, e-mail, fichier de donn\u00e9es, etc. Nous scannons l&rsquo;envoi sur le \u00ab\u00a0chemin du retour\u00a0\u00bb \u00e0 diff\u00e9rentes interfaces. Le donneur d&rsquo;ordre sait ainsi ce qui a \u00e9t\u00e9 envoy\u00e9, quand, par qui et comment. Cela permet entre autres d&rsquo;anticiper la r\u00e9servation de l&rsquo;entrep\u00f4t pour la disponibilit\u00e9.            <\/p>\t\t\t\t\t\t\t\t<\/div>\n\t\t\t\t<\/div>\n\t\t<div class=\"elementor-element elementor-element-9d08df1 e-con-full e-flex e-con e-child\" data-id=\"9d08df1\" data-element_type=\"container\" data-e-type=\"container\" data-settings=\"{&quot;jet_parallax_layout_list&quot;:[]}\">\n\t\t\t\t<div class=\"elementor-element elementor-element-7ed026d elementor-mobile-align-justify elementor-widget elementor-widget-button\" data-id=\"7ed026d\" data-element_type=\"widget\" data-e-type=\"widget\" data-widget_type=\"button.default\">\n\t\t\t\t<div class=\"elementor-widget-container\">\n\t\t\t\t\t\t\t\t\t<div class=\"elementor-button-wrapper\">\n\t\t\t\t\t<a class=\"elementor-button elementor-button-link elementor-size-sm\" href=\"tel:+41800599999\">\n\t\t\t\t\t\t<span class=\"elementor-button-content-wrapper\">\n\t\t\t\t\t\t<span class=\"elementor-button-icon\">\n\t\t\t\t<i aria-hidden=\"true\" class=\"icon icon-phone1\"><\/i>\t\t\t<\/span>\n\t\t\t\t\t\t\t\t\t<span class=\"elementor-button-text\">Appelez-nous<\/span>\n\t\t\t\t\t<\/span>\n\t\t\t\t\t<\/a>\n\t\t\t\t<\/div>\n\t\t\t\t\t\t\t\t<\/div>\n\t\t\t\t<\/div>\n\t\t\t\t<div class=\"elementor-element elementor-element-0e05afd elementor-mobile-align-justify elementor-widget elementor-widget-button\" data-id=\"0e05afd\" data-element_type=\"widget\" data-e-type=\"widget\" data-widget_type=\"button.default\">\n\t\t\t\t<div class=\"elementor-widget-container\">\n\t\t\t\t\t\t\t\t\t<div class=\"elementor-button-wrapper\">\n\t\t\t\t\t<a class=\"elementor-button elementor-button-link elementor-size-sm\" href=\"https:\/\/p682793.webspaceconfig.de\/fr\/?page_id=8791\">\n\t\t\t\t\t\t<span class=\"elementor-button-content-wrapper\">\n\t\t\t\t\t\t<span class=\"elementor-button-icon\">\n\t\t\t\t<i aria-hidden=\"true\" class=\"far fa-envelope\"><\/i>\t\t\t<\/span>\n\t\t\t\t\t\t\t\t\t<span class=\"elementor-button-text\">Demande d'envoi<\/span>\n\t\t\t\t\t<\/span>\n\t\t\t\t\t<\/a>\n\t\t\t\t<\/div>\n\t\t\t\t\t\t\t\t<\/div>\n\t\t\t\t<\/div>\n\t\t\t\t<\/div>\n\t\t\t\t<\/div>\n\t\t\t\t<\/div>\n\t\t\t\t\t<\/div>\n\t\t\t\t<\/div>\n\t\t<div class=\"elementor-element elementor-element-54ba567 e-grid e-con-boxed e-con e-parent\" data-id=\"54ba567\" data-element_type=\"container\" data-e-type=\"container\" data-settings=\"{&quot;jet_parallax_layout_list&quot;:[]}\">\n\t\t\t\t\t<div class=\"e-con-inner\">\n\t\t<div class=\"elementor-element elementor-element-414ee76 e-con-full e-flex e-con e-child\" data-id=\"414ee76\" data-element_type=\"container\" data-e-type=\"container\" data-settings=\"{&quot;jet_parallax_layout_list&quot;:[],&quot;background_background&quot;:&quot;classic&quot;}\">\n\t\t<div class=\"elementor-element elementor-element-964fdb0 e-con-full e-flex e-con e-child\" data-id=\"964fdb0\" data-element_type=\"container\" data-e-type=\"container\" data-settings=\"{&quot;background_background&quot;:&quot;classic&quot;,&quot;jet_parallax_layout_list&quot;:[]}\">\n\t\t\t\t<div class=\"elementor-element elementor-element-5365f50 elementor-widget elementor-widget-heading\" data-id=\"5365f50\" data-element_type=\"widget\" data-e-type=\"widget\" data-widget_type=\"heading.default\">\n\t\t\t\t<div class=\"elementor-widget-container\">\n\t\t\t\t\t<h2 class=\"elementor-heading-title elementor-size-default\">Avantages<\/h2>\t\t\t\t<\/div>\n\t\t\t\t<\/div>\n\t\t\t\t<div class=\"elementor-element elementor-element-0392538 elementor-widget elementor-widget-text-editor\" data-id=\"0392538\" data-element_type=\"widget\" data-e-type=\"widget\" data-widget_type=\"text-editor.default\">\n\t\t\t\t<div class=\"elementor-widget-container\">\n\t\t\t\t\t\t\t\t\t<ul><li>Tra\u00e7abilit\u00e9 des retours et des pick up bas\u00e9s sur les donn\u00e9es<\/li><li>Traitement centralis\u00e9 et consolidation des retours<\/li><li>Les retours qui sont charg\u00e9s \u00e0 l&rsquo;\u00e9tranger sont tri\u00e9s, contr\u00f4l\u00e9s, d\u00e9douan\u00e9s et exp\u00e9di\u00e9s selon la commande.<\/li><li>Retour g\u00e9r\u00e9 en fonction de la dur\u00e9e, de quotidienne \u00e0 mensuelle<\/li><li>pertes et diff\u00e9rences minimales gr\u00e2ce \u00e0 la transparence<\/li><\/ul>\t\t\t\t\t\t\t\t<\/div>\n\t\t\t\t<\/div>\n\t\t\t\t<\/div>\n\t\t\t\t<\/div>\n\t\t\t\t<div class=\"elementor-element elementor-element-215c06e elementor-widget elementor-widget-image\" data-id=\"215c06e\" data-element_type=\"widget\" data-e-type=\"widget\" data-widget_type=\"image.default\">\n\t\t\t\t<div class=\"elementor-widget-container\">\n\t\t\t\t\t\t\t\t\t\t\t\t\t\t\t<img decoding=\"async\" width=\"800\" height=\"322\" src=\"https:\/\/generalovernight.ch\/wp-content\/uploads\/2024\/12\/Startseite_unternehmen_2020_GO-Stadt_Sprinter_Innenstadt_Bruecke_-3-1024x412.jpg\" class=\"attachment-large size-large wp-image-8837\" alt=\"\" srcset=\"https:\/\/generalovernight.ch\/wp-content\/uploads\/2024\/12\/Startseite_unternehmen_2020_GO-Stadt_Sprinter_Innenstadt_Bruecke_-3-1024x412.jpg 1024w, https:\/\/generalovernight.ch\/wp-content\/uploads\/2024\/12\/Startseite_unternehmen_2020_GO-Stadt_Sprinter_Innenstadt_Bruecke_-3-300x121.jpg 300w, https:\/\/generalovernight.ch\/wp-content\/uploads\/2024\/12\/Startseite_unternehmen_2020_GO-Stadt_Sprinter_Innenstadt_Bruecke_-3-768x309.jpg 768w, https:\/\/generalovernight.ch\/wp-content\/uploads\/2024\/12\/Startseite_unternehmen_2020_GO-Stadt_Sprinter_Innenstadt_Bruecke_-3.jpg 1243w\" sizes=\"(max-width: 800px) 100vw, 800px\" \/>\t\t\t\t\t\t\t\t\t\t\t\t\t\t\t<\/div>\n\t\t\t\t<\/div>\n\t\t\t\t\t<\/div>\n\t\t\t\t<\/div>\n\t\t\t\t<\/div>\n\t\t","protected":false},"excerpt":{"rendered":"<p>Meilleure qualit\u00e9 de retour ?GO ! Retours Les retours qui \u00e9chappent \u00e0 tout contr\u00f4le parce qu&rsquo;ils ne sont pas contr\u00f4lables, c&rsquo;est du pass\u00e9. Avec notre service \u00ab\u00a0Retours\u00a0\u00bb, nous sommes transparents sur ce qu&rsquo;un client retourne, quand, o\u00f9 et dans quel d\u00e9lai. Notre gamme de services dans le domaine des retours Livraison d&rsquo;un mauvais colis ? [&hellip;]<\/p>\n","protected":false},"author":8,"featured_media":0,"parent":0,"menu_order":0,"comment_status":"closed","ping_status":"closed","template":"","meta":{"_monsterinsights_skip_tracking":false,"_monsterinsights_sitenote_active":false,"_monsterinsights_sitenote_note":"","_monsterinsights_sitenote_category":0,"footnotes":""},"class_list":["post-9004","page","type-page","status-publish","hentry"],"yoast_head":"<!-- This site is optimized with the Yoast SEO plugin v27.2 - https:\/\/yoast.com\/product\/yoast-seo-wordpress\/ -->\n<title>GO ! Retours - GO! Express &amp; Logistics<\/title>\n<meta name=\"robots\" content=\"index, follow, max-snippet:-1, max-image-preview:large, max-video-preview:-1\" \/>\n<link rel=\"canonical\" href=\"https:\/\/generalovernight.ch\/fr\/go-retours\/\" \/>\n<meta property=\"og:locale\" content=\"fr_FR\" \/>\n<meta property=\"og:type\" content=\"article\" \/>\n<meta property=\"og:title\" content=\"GO ! Retours - GO! Express &amp; Logistics\" \/>\n<meta property=\"og:description\" content=\"Meilleure qualit\u00e9 de retour ?GO ! Retours Les retours qui \u00e9chappent \u00e0 tout contr\u00f4le parce qu&rsquo;ils ne sont pas contr\u00f4lables, c&rsquo;est du pass\u00e9. Avec notre service \u00ab\u00a0Retours\u00a0\u00bb, nous sommes transparents sur ce qu&rsquo;un client retourne, quand, o\u00f9 et dans quel d\u00e9lai. Notre gamme de services dans le domaine des retours Livraison d&rsquo;un mauvais colis ? [&hellip;]\" \/>\n<meta property=\"og:url\" content=\"https:\/\/generalovernight.ch\/fr\/go-retours\/\" \/>\n<meta property=\"og:site_name\" content=\"GO! Express &amp; Logistics\" \/>\n<meta property=\"article:modified_time\" content=\"2025-03-17T12:15:33+00:00\" \/>\n<meta property=\"og:image\" content=\"https:\/\/p682793.webspaceconfig.de\/wp-content\/uploads\/2024\/12\/2020_GO-Stadt_Sprinter_Innenstadt_Bruecke_-1-CH_haas-scaled-1-1024x683.jpg\" \/>\n<meta name=\"twitter:card\" content=\"summary_large_image\" \/>\n<meta name=\"twitter:label1\" content=\"Dur\u00e9e de lecture estim\u00e9e\" \/>\n\t<meta name=\"twitter:data1\" content=\"1 minute\" \/>\n<script type=\"application\/ld+json\" class=\"yoast-schema-graph\">{\"@context\":\"https:\/\/schema.org\",\"@graph\":[{\"@type\":\"WebPage\",\"@id\":\"https:\/\/generalovernight.ch\/fr\/go-retours\/\",\"url\":\"https:\/\/generalovernight.ch\/fr\/go-retours\/\",\"name\":\"GO ! Retours - GO! Express &amp; Logistics\",\"isPartOf\":{\"@id\":\"https:\/\/generalovernight.ch\/fr\/#website\"},\"primaryImageOfPage\":{\"@id\":\"https:\/\/generalovernight.ch\/fr\/go-retours\/#primaryimage\"},\"image\":{\"@id\":\"https:\/\/generalovernight.ch\/fr\/go-retours\/#primaryimage\"},\"thumbnailUrl\":\"https:\/\/p682793.webspaceconfig.de\/wp-content\/uploads\/2024\/12\/2020_GO-Stadt_Sprinter_Innenstadt_Bruecke_-1-CH_haas-scaled-1-1024x683.jpg\",\"datePublished\":\"2024-12-16T14:02:36+00:00\",\"dateModified\":\"2025-03-17T12:15:33+00:00\",\"breadcrumb\":{\"@id\":\"https:\/\/generalovernight.ch\/fr\/go-retours\/#breadcrumb\"},\"inLanguage\":\"fr-FR\",\"potentialAction\":[{\"@type\":\"ReadAction\",\"target\":[\"https:\/\/generalovernight.ch\/fr\/go-retours\/\"]}]},{\"@type\":\"ImageObject\",\"inLanguage\":\"fr-FR\",\"@id\":\"https:\/\/generalovernight.ch\/fr\/go-retours\/#primaryimage\",\"url\":\"https:\/\/p682793.webspaceconfig.de\/wp-content\/uploads\/2024\/12\/2020_GO-Stadt_Sprinter_Innenstadt_Bruecke_-1-CH_haas-scaled-1-1024x683.jpg\",\"contentUrl\":\"https:\/\/p682793.webspaceconfig.de\/wp-content\/uploads\/2024\/12\/2020_GO-Stadt_Sprinter_Innenstadt_Bruecke_-1-CH_haas-scaled-1-1024x683.jpg\"},{\"@type\":\"BreadcrumbList\",\"@id\":\"https:\/\/generalovernight.ch\/fr\/go-retours\/#breadcrumb\",\"itemListElement\":[{\"@type\":\"ListItem\",\"position\":1,\"name\":\"Startseite\",\"item\":\"https:\/\/generalovernight.ch\/fr\/\"},{\"@type\":\"ListItem\",\"position\":2,\"name\":\"GO ! Retours\"}]},{\"@type\":\"WebSite\",\"@id\":\"https:\/\/generalovernight.ch\/fr\/#website\",\"url\":\"https:\/\/generalovernight.ch\/fr\/\",\"name\":\"GO! Express &amp; Logistics\",\"description\":\"\",\"potentialAction\":[{\"@type\":\"SearchAction\",\"target\":{\"@type\":\"EntryPoint\",\"urlTemplate\":\"https:\/\/generalovernight.ch\/fr\/?s={search_term_string}\"},\"query-input\":{\"@type\":\"PropertyValueSpecification\",\"valueRequired\":true,\"valueName\":\"search_term_string\"}}],\"inLanguage\":\"fr-FR\"}]}<\/script>\n<!-- \/ Yoast SEO plugin. -->","yoast_head_json":{"title":"GO ! Retours - GO! Express &amp; Logistics","robots":{"index":"index","follow":"follow","max-snippet":"max-snippet:-1","max-image-preview":"max-image-preview:large","max-video-preview":"max-video-preview:-1"},"canonical":"https:\/\/generalovernight.ch\/fr\/go-retours\/","og_locale":"fr_FR","og_type":"article","og_title":"GO ! Retours - GO! Express &amp; Logistics","og_description":"Meilleure qualit\u00e9 de retour ?GO ! Retours Les retours qui \u00e9chappent \u00e0 tout contr\u00f4le parce qu&rsquo;ils ne sont pas contr\u00f4lables, c&rsquo;est du pass\u00e9. Avec notre service \u00ab\u00a0Retours\u00a0\u00bb, nous sommes transparents sur ce qu&rsquo;un client retourne, quand, o\u00f9 et dans quel d\u00e9lai. Notre gamme de services dans le domaine des retours Livraison d&rsquo;un mauvais colis ? [&hellip;]","og_url":"https:\/\/generalovernight.ch\/fr\/go-retours\/","og_site_name":"GO! Express &amp; Logistics","article_modified_time":"2025-03-17T12:15:33+00:00","og_image":[{"url":"https:\/\/p682793.webspaceconfig.de\/wp-content\/uploads\/2024\/12\/2020_GO-Stadt_Sprinter_Innenstadt_Bruecke_-1-CH_haas-scaled-1-1024x683.jpg","type":"","width":"","height":""}],"twitter_card":"summary_large_image","twitter_misc":{"Dur\u00e9e de lecture estim\u00e9e":"1 minute"},"schema":{"@context":"https:\/\/schema.org","@graph":[{"@type":"WebPage","@id":"https:\/\/generalovernight.ch\/fr\/go-retours\/","url":"https:\/\/generalovernight.ch\/fr\/go-retours\/","name":"GO ! Retours - GO! Express &amp; Logistics","isPartOf":{"@id":"https:\/\/generalovernight.ch\/fr\/#website"},"primaryImageOfPage":{"@id":"https:\/\/generalovernight.ch\/fr\/go-retours\/#primaryimage"},"image":{"@id":"https:\/\/generalovernight.ch\/fr\/go-retours\/#primaryimage"},"thumbnailUrl":"https:\/\/p682793.webspaceconfig.de\/wp-content\/uploads\/2024\/12\/2020_GO-Stadt_Sprinter_Innenstadt_Bruecke_-1-CH_haas-scaled-1-1024x683.jpg","datePublished":"2024-12-16T14:02:36+00:00","dateModified":"2025-03-17T12:15:33+00:00","breadcrumb":{"@id":"https:\/\/generalovernight.ch\/fr\/go-retours\/#breadcrumb"},"inLanguage":"fr-FR","potentialAction":[{"@type":"ReadAction","target":["https:\/\/generalovernight.ch\/fr\/go-retours\/"]}]},{"@type":"ImageObject","inLanguage":"fr-FR","@id":"https:\/\/generalovernight.ch\/fr\/go-retours\/#primaryimage","url":"https:\/\/p682793.webspaceconfig.de\/wp-content\/uploads\/2024\/12\/2020_GO-Stadt_Sprinter_Innenstadt_Bruecke_-1-CH_haas-scaled-1-1024x683.jpg","contentUrl":"https:\/\/p682793.webspaceconfig.de\/wp-content\/uploads\/2024\/12\/2020_GO-Stadt_Sprinter_Innenstadt_Bruecke_-1-CH_haas-scaled-1-1024x683.jpg"},{"@type":"BreadcrumbList","@id":"https:\/\/generalovernight.ch\/fr\/go-retours\/#breadcrumb","itemListElement":[{"@type":"ListItem","position":1,"name":"Startseite","item":"https:\/\/generalovernight.ch\/fr\/"},{"@type":"ListItem","position":2,"name":"GO ! Retours"}]},{"@type":"WebSite","@id":"https:\/\/generalovernight.ch\/fr\/#website","url":"https:\/\/generalovernight.ch\/fr\/","name":"GO! Express &amp; Logistics","description":"","potentialAction":[{"@type":"SearchAction","target":{"@type":"EntryPoint","urlTemplate":"https:\/\/generalovernight.ch\/fr\/?s={search_term_string}"},"query-input":{"@type":"PropertyValueSpecification","valueRequired":true,"valueName":"search_term_string"}}],"inLanguage":"fr-FR"}]}},"_links":{"self":[{"href":"https:\/\/generalovernight.ch\/fr\/wp-json\/wp\/v2\/pages\/9004","targetHints":{"allow":["GET"]}}],"collection":[{"href":"https:\/\/generalovernight.ch\/fr\/wp-json\/wp\/v2\/pages"}],"about":[{"href":"https:\/\/generalovernight.ch\/fr\/wp-json\/wp\/v2\/types\/page"}],"author":[{"embeddable":true,"href":"https:\/\/generalovernight.ch\/fr\/wp-json\/wp\/v2\/users\/8"}],"replies":[{"embeddable":true,"href":"https:\/\/generalovernight.ch\/fr\/wp-json\/wp\/v2\/comments?post=9004"}],"version-history":[{"count":3,"href":"https:\/\/generalovernight.ch\/fr\/wp-json\/wp\/v2\/pages\/9004\/revisions"}],"predecessor-version":[{"id":9013,"href":"https:\/\/generalovernight.ch\/fr\/wp-json\/wp\/v2\/pages\/9004\/revisions\/9013"}],"wp:attachment":[{"href":"https:\/\/generalovernight.ch\/fr\/wp-json\/wp\/v2\/media?parent=9004"}],"curies":[{"name":"wp","href":"https:\/\/api.w.org\/{rel}","templated":true}]}}