{"id":9055,"date":"2024-12-16T15:58:14","date_gmt":"2024-12-16T15:58:14","guid":{"rendered":"https:\/\/p682793.webspaceconfig.de\/reseau\/"},"modified":"2025-03-21T20:03:42","modified_gmt":"2025-03-21T20:03:42","slug":"reseau","status":"publish","type":"page","link":"https:\/\/generalovernight.ch\/fr\/reseau\/","title":{"rendered":"R\u00e9seau"},"content":{"rendered":"\t\t<div data-elementor-type=\"wp-page\" data-elementor-id=\"9055\" class=\"elementor elementor-9055 elementor-6633\" data-elementor-post-type=\"page\">\n\t\t\t\t<div class=\"elementor-element elementor-element-b63c29a e-flex e-con-boxed e-con e-parent\" data-id=\"b63c29a\" data-element_type=\"container\" data-e-type=\"container\" data-settings=\"{&quot;jet_parallax_layout_list&quot;:[]}\">\n\t\t\t\t\t<div class=\"e-con-inner\">\n\t\t\t\t<div class=\"elementor-element elementor-element-5e65679 elementor-widget elementor-widget-heading\" data-id=\"5e65679\" data-element_type=\"widget\" data-e-type=\"widget\" data-widget_type=\"heading.default\">\n\t\t\t\t<div class=\"elementor-widget-container\">\n\t\t\t\t\t<h1 class=\"elementor-heading-title elementor-size-default\">Courrier et\nService express au plus haut niveau ?<br>GO ! Express &amp; Logistics <\/h1>\t\t\t\t<\/div>\n\t\t\t\t<\/div>\n\t\t\t\t<div class=\"elementor-element elementor-element-686e010 elementor-widget elementor-widget-spacer\" data-id=\"686e010\" data-element_type=\"widget\" data-e-type=\"widget\" data-widget_type=\"spacer.default\">\n\t\t\t\t<div class=\"elementor-widget-container\">\n\t\t\t\t\t\t\t<div class=\"elementor-spacer\">\n\t\t\t<div class=\"elementor-spacer-inner\"><\/div>\n\t\t<\/div>\n\t\t\t\t\t\t<\/div>\n\t\t\t\t<\/div>\n\t\t\t\t<div class=\"elementor-element elementor-element-a9faa33 elementor-widget elementor-widget-text-editor\" data-id=\"a9faa33\" data-element_type=\"widget\" data-e-type=\"widget\" data-widget_type=\"text-editor.default\">\n\t\t\t\t<div class=\"elementor-widget-container\">\n\t\t\t\t\t\t\t\t\t<p>Lorsqu&rsquo;il s&rsquo;agit d&rsquo;envois sensibles au facteur temps, la fiabilit\u00e9 \u00e0 100 % est de mise. Avec GO ! Express &amp; Logistics, vous ne faites aucun compromis en mati\u00e8re de logistique du jour m\u00eame, d&rsquo;exp\u00e9dition et de livraison express et vous b\u00e9n\u00e9ficiez d&rsquo;une livraison en flux tendu extr\u00eamement fiable &#8211; au niveau r\u00e9gional, national et international. Qu&rsquo;il s&rsquo;agisse d&rsquo;exp\u00e9dier un gros colis ou d&rsquo;acheminer \u00e0 bon port un petit envoi important.   <\/p>\t\t\t\t\t\t\t\t<\/div>\n\t\t\t\t<\/div>\n\t\t\t\t<div class=\"elementor-element elementor-element-4a3ae09 elementor-widget elementor-widget-heading\" data-id=\"4a3ae09\" data-element_type=\"widget\" data-e-type=\"widget\" data-widget_type=\"heading.default\">\n\t\t\t\t<div class=\"elementor-widget-container\">\n\t\t\t\t\t<h2 class=\"elementor-heading-title elementor-size-default\">Ce qui fait que nous sommes tous extraordinaires.\n<\/h2>\t\t\t\t<\/div>\n\t\t\t\t<\/div>\n\t\t\t\t<div class=\"elementor-element elementor-element-1daa9ce elementor-widget elementor-widget-text-editor\" data-id=\"1daa9ce\" data-element_type=\"widget\" data-e-type=\"widget\" data-widget_type=\"text-editor.default\">\n\t\t\t\t<div class=\"elementor-widget-container\">\n\t\t\t\t\t\t\t\t\t<p>Nous sommes le leader en mati\u00e8re de qualit\u00e9 sur le march\u00e9 des services de courrier \u00e9lectronique et nous convainquons non seulement par un taux de performance \u00e9lev\u00e9, associ\u00e9 \u00e0 un faible taux de pertes et de dommages, mais aussi par une large gamme de services et une proximit\u00e9 particuli\u00e8re avec le client. Pour pouvoir tenir cette promesse de qualit\u00e9, notre action entrepreneuriale est guid\u00e9e par la devise : tout est extraordinaire. Notre longue exp\u00e9rience est un facteur important, mais ce qui nous rend vraiment extraordinaires par rapport \u00e0 la concurrence, c&rsquo;est la somme de nombreuses caract\u00e9ristiques uniques dans tous les domaines de l&rsquo;entreprise. Nous avons notamment install\u00e9 le premier r\u00e9seau SameDay \u00e0 horaire fixe et \u00e0 couverture compl\u00e8te en Suisse. 16 sites sont reli\u00e9s entre eux par des lignes r\u00e9guli\u00e8res en tant que plaques tournantes et plates-formes de cross-docking, de sorte que la Suisse peut \u00eatre livr\u00e9e jusqu&rsquo;\u00e0 quatre fois sur l&rsquo;ensemble du territoire.    <\/p>\t\t\t\t\t\t\t\t<\/div>\n\t\t\t\t<\/div>\n\t\t\t\t\t<\/div>\n\t\t\t\t<\/div>\n\t\t<div class=\"elementor-element elementor-element-0f8cd43 e-grid e-con-boxed e-con e-parent\" data-id=\"0f8cd43\" data-element_type=\"container\" data-e-type=\"container\" data-settings=\"{&quot;jet_parallax_layout_list&quot;:[]}\">\n\t\t\t\t\t<div class=\"e-con-inner\">\n\t\t<div class=\"elementor-element elementor-element-c4c44c1 e-con-full e-flex e-con e-child\" data-id=\"c4c44c1\" data-element_type=\"container\" data-e-type=\"container\" data-settings=\"{&quot;background_background&quot;:&quot;classic&quot;,&quot;jet_parallax_layout_list&quot;:[]}\">\n\t\t\t\t<div class=\"elementor-element elementor-element-b6bc12f elementor-widget elementor-widget-heading\" data-id=\"b6bc12f\" data-element_type=\"widget\" data-e-type=\"widget\" data-widget_type=\"heading.default\">\n\t\t\t\t<div class=\"elementor-widget-container\">\n\t\t\t\t\t<h2 class=\"elementor-heading-title elementor-size-default\">Flexibilit\u00e9<\/h2>\t\t\t\t<\/div>\n\t\t\t\t<\/div>\n\t\t\t\t<div class=\"elementor-element elementor-element-f706a70 elementor-widget elementor-widget-text-editor\" data-id=\"f706a70\" data-element_type=\"widget\" data-e-type=\"widget\" data-widget_type=\"text-editor.default\">\n\t\t\t\t<div class=\"elementor-widget-container\">\n\t\t\t\t\t\t\t\t\t<p>Nous agissons avec une grande flexibilit\u00e9. Nous, qui sommes nous-m\u00eames une PME, abordons les t\u00e2ches et les d\u00e9fis avec une grande compr\u00e9hension op\u00e9rationnelle. En tant que sp\u00e9cialistes, nous proposons des solutions adapt\u00e9es aux exigences \u00e9lev\u00e9es en mati\u00e8re de transport.  <\/p>\t\t\t\t\t\t\t\t<\/div>\n\t\t\t\t<\/div>\n\t\t\t\t<\/div>\n\t\t<div class=\"elementor-element elementor-element-d1816ce e-con-full e-flex e-con e-child\" data-id=\"d1816ce\" data-element_type=\"container\" data-e-type=\"container\" data-settings=\"{&quot;background_background&quot;:&quot;classic&quot;,&quot;jet_parallax_layout_list&quot;:[]}\">\n\t\t\t\t<div class=\"elementor-element elementor-element-1da8173 elementor-widget elementor-widget-heading\" data-id=\"1da8173\" data-element_type=\"widget\" data-e-type=\"widget\" data-widget_type=\"heading.default\">\n\t\t\t\t<div class=\"elementor-widget-container\">\n\t\t\t\t\t<h2 class=\"elementor-heading-title elementor-size-default\">Traitement ax\u00e9 sur le service et fid\u00e9lisation personnelle des clients<\/h2>\t\t\t\t<\/div>\n\t\t\t\t<\/div>\n\t\t\t\t<div class=\"elementor-element elementor-element-20afcdd elementor-widget elementor-widget-text-editor\" data-id=\"20afcdd\" data-element_type=\"widget\" data-e-type=\"widget\" data-widget_type=\"text-editor.default\">\n\t\t\t\t<div class=\"elementor-widget-container\">\n\t\t\t\t\t\t\t\t\t<p>Nous agissons avec une grande flexibilit\u00e9. Nous, qui sommes nous-m\u00eames une PME, abordons les t\u00e2ches et les d\u00e9fis avec une grande compr\u00e9hension op\u00e9rationnelle. En tant que sp\u00e9cialistes, nous proposons des solutions adapt\u00e9es aux exigences \u00e9lev\u00e9es en mati\u00e8re de transport.  <\/p>\t\t\t\t\t\t\t\t<\/div>\n\t\t\t\t<\/div>\n\t\t\t\t<\/div>\n\t\t\t\t\t<\/div>\n\t\t\t\t<\/div>\n\t\t<div class=\"elementor-element elementor-element-1d3ee4c e-grid e-con-boxed e-con e-parent\" data-id=\"1d3ee4c\" data-element_type=\"container\" data-e-type=\"container\" data-settings=\"{&quot;jet_parallax_layout_list&quot;:[]}\">\n\t\t\t\t\t<div class=\"e-con-inner\">\n\t\t<div class=\"elementor-element elementor-element-024f322 e-con-full e-flex e-con e-child\" data-id=\"024f322\" data-element_type=\"container\" data-e-type=\"container\" data-settings=\"{&quot;background_background&quot;:&quot;classic&quot;,&quot;jet_parallax_layout_list&quot;:[]}\">\n\t\t\t\t<div class=\"elementor-element elementor-element-46bcc6b elementor-widget elementor-widget-heading\" data-id=\"46bcc6b\" data-element_type=\"widget\" data-e-type=\"widget\" data-widget_type=\"heading.default\">\n\t\t\t\t<div class=\"elementor-widget-container\">\n\t\t\t\t\t<h2 class=\"elementor-heading-title elementor-size-default\">Une action ax\u00e9e sur les solutions et les besoins<\/h2>\t\t\t\t<\/div>\n\t\t\t\t<\/div>\n\t\t\t\t<div class=\"elementor-element elementor-element-f7e8cf6 elementor-widget elementor-widget-text-editor\" data-id=\"f7e8cf6\" data-element_type=\"widget\" data-e-type=\"widget\" data-widget_type=\"text-editor.default\">\n\t\t\t\t<div class=\"elementor-widget-container\">\n\t\t\t\t\t\t\t\t\t<p>Nous offrons le plus haut degr\u00e9 de personnalisation possible et d\u00e9veloppons des solutions logistiques sur mesure en collaboration avec nos clients. Pour ce faire, nous \u00e9coutons avant d&rsquo;agir afin de comprendre pleinement nos clients et leurs besoins. <\/p>\t\t\t\t\t\t\t\t<\/div>\n\t\t\t\t<\/div>\n\t\t\t\t<\/div>\n\t\t<div class=\"elementor-element elementor-element-94f55e4 e-con-full e-flex e-con e-child\" data-id=\"94f55e4\" data-element_type=\"container\" data-e-type=\"container\" data-settings=\"{&quot;background_background&quot;:&quot;classic&quot;,&quot;jet_parallax_layout_list&quot;:[]}\">\n\t\t\t\t<div class=\"elementor-element elementor-element-5d8c3c7 elementor-widget elementor-widget-heading\" data-id=\"5d8c3c7\" data-element_type=\"widget\" data-e-type=\"widget\" data-widget_type=\"heading.default\">\n\t\t\t\t<div class=\"elementor-widget-container\">\n\t\t\t\t\t<h2 class=\"elementor-heading-title elementor-size-default\">Une manutention particuli\u00e8re pour des envois particuliers<\/h2>\t\t\t\t<\/div>\n\t\t\t\t<\/div>\n\t\t\t\t<div class=\"elementor-element elementor-element-0904358 elementor-widget elementor-widget-text-editor\" data-id=\"0904358\" data-element_type=\"widget\" data-e-type=\"widget\" data-widget_type=\"text-editor.default\">\n\t\t\t\t<div class=\"elementor-widget-container\">\n\t\t\t\t\t\t\t\t\t<p>Nous intervenons l\u00e0 o\u00f9 d&rsquo;autres abandonnent, c&rsquo;est-\u00e0-dire lorsque les envois requi\u00e8rent une grande attention, par exemple en raison d&rsquo;un contenu d&rsquo;exp\u00e9dition particulier ou de conditions d&rsquo;enl\u00e8vement et de livraison complexes.<\/p>\t\t\t\t\t\t\t\t<\/div>\n\t\t\t\t<\/div>\n\t\t\t\t<\/div>\n\t\t\t\t\t<\/div>\n\t\t\t\t<\/div>\n\t\t<div class=\"elementor-element elementor-element-049968b e-grid e-con-boxed e-con e-parent\" data-id=\"049968b\" data-element_type=\"container\" data-e-type=\"container\" data-settings=\"{&quot;jet_parallax_layout_list&quot;:[]}\">\n\t\t\t\t\t<div class=\"e-con-inner\">\n\t\t<div class=\"elementor-element elementor-element-7c36045 e-con-full e-flex e-con e-child\" data-id=\"7c36045\" data-element_type=\"container\" data-e-type=\"container\" data-settings=\"{&quot;background_background&quot;:&quot;classic&quot;,&quot;jet_parallax_layout_list&quot;:[]}\">\n\t\t\t\t<div class=\"elementor-element elementor-element-b2e80f9 elementor-widget elementor-widget-heading\" data-id=\"b2e80f9\" data-element_type=\"widget\" data-e-type=\"widget\" data-widget_type=\"heading.default\">\n\t\t\t\t<div class=\"elementor-widget-container\">\n\t\t\t\t\t<h2 class=\"elementor-heading-title elementor-size-default\">Employ\u00e9s:internes et sous-traitants:internes<\/h2>\t\t\t\t<\/div>\n\t\t\t\t<\/div>\n\t\t\t\t<div class=\"elementor-element elementor-element-7368b17 elementor-widget elementor-widget-text-editor\" data-id=\"7368b17\" data-element_type=\"widget\" data-e-type=\"widget\" data-widget_type=\"text-editor.default\">\n\t\t\t\t<div class=\"elementor-widget-container\">\n\t\t\t\t\t\t\t\t\t<p>Nos employ\u00e9s s&rsquo;identifient fortement \u00e0 notre entreprise et \u00e0 nos valeurs. Gr\u00e2ce \u00e0 des formations compl\u00e8tes et \u00e0 des possibilit\u00e9s de perfectionnement, nos collaborateurs, nos sous-traitants et leurs chauffeurs sont \u00e0 la pointe des connaissances et suivent les exigences croissantes du secteur. <\/p>\t\t\t\t\t\t\t\t<\/div>\n\t\t\t\t<\/div>\n\t\t\t\t<\/div>\n\t\t<div class=\"elementor-element elementor-element-c3f6460 e-con-full e-flex e-con e-child\" data-id=\"c3f6460\" data-element_type=\"container\" data-e-type=\"container\" data-settings=\"{&quot;background_background&quot;:&quot;classic&quot;,&quot;jet_parallax_layout_list&quot;:[]}\">\n\t\t\t\t<div class=\"elementor-element elementor-element-b3c1220 elementor-widget elementor-widget-heading\" data-id=\"b3c1220\" data-element_type=\"widget\" data-e-type=\"widget\" data-widget_type=\"heading.default\">\n\t\t\t\t<div class=\"elementor-widget-container\">\n\t\t\t\t\t<h2 class=\"elementor-heading-title elementor-size-default\">Des performances de qualit\u00e9 particuli\u00e8rement \u00e9lev\u00e9es\n<\/h2>\t\t\t\t<\/div>\n\t\t\t\t<\/div>\n\t\t\t\t<div class=\"elementor-element elementor-element-73c2e00 elementor-widget elementor-widget-text-editor\" data-id=\"73c2e00\" data-element_type=\"widget\" data-e-type=\"widget\" data-widget_type=\"text-editor.default\">\n\t\t\t\t<div class=\"elementor-widget-container\">\n\t\t\t\t\t\t\t\t\t<div class=\"col-12 col-md-6 mb-5\"><div class=\"teaser teaser--50\"><div class=\"teaser__wrapper\"><div class=\"teaser__container\"><div class=\"teaser__text\"><p>Chaque jour, nous mettons tout en \u0153uvre pour tenir la promesse de qualit\u00e9 GO ! Avec succ\u00e8s : avec un taux de livraison de plus de 99,00% (2021) et un taux de sinistres de seulement 0,03% (2021), nous sommes nettement au-dessus de la concurrence.  <\/p><\/div><\/div><\/div><\/div><\/div>\t\t\t\t\t\t\t\t<\/div>\n\t\t\t\t<\/div>\n\t\t\t\t<\/div>\n\t\t\t\t\t<\/div>\n\t\t\t\t<\/div>\n\t\t<div class=\"elementor-element elementor-element-95788a7 e-grid e-con-boxed e-con e-parent\" data-id=\"95788a7\" data-element_type=\"container\" data-e-type=\"container\" data-settings=\"{&quot;jet_parallax_layout_list&quot;:[]}\">\n\t\t\t\t\t<div class=\"e-con-inner\">\n\t\t<div class=\"elementor-element elementor-element-97b245b e-con-full e-flex e-con e-child\" data-id=\"97b245b\" data-element_type=\"container\" data-e-type=\"container\" data-settings=\"{&quot;background_background&quot;:&quot;classic&quot;,&quot;jet_parallax_layout_list&quot;:[]}\">\n\t\t\t\t<div class=\"elementor-element elementor-element-6c3bb2d elementor-widget elementor-widget-heading\" data-id=\"6c3bb2d\" data-element_type=\"widget\" data-e-type=\"widget\" data-widget_type=\"heading.default\">\n\t\t\t\t<div class=\"elementor-widget-container\">\n\t\t\t\t\t<h2 class=\"elementor-heading-title elementor-size-default\">Nombreuses options de dates et d'horaires\n<\/h2>\t\t\t\t<\/div>\n\t\t\t\t<\/div>\n\t\t\t\t<div class=\"elementor-element elementor-element-e0290c3 elementor-widget elementor-widget-text-editor\" data-id=\"e0290c3\" data-element_type=\"widget\" data-e-type=\"widget\" data-widget_type=\"text-editor.default\">\n\t\t\t\t<div class=\"elementor-widget-container\">\n\t\t\t\t\t\t\t\t\t<div class=\"col-12 col-md-6 mb-5\"><div class=\"teaser teaser--50\"><div class=\"teaser__wrapper\"><div class=\"teaser__container\"><div class=\"teaser__text\">Les d\u00e9lais particuli\u00e8rement courts font partie de notre quotidien. Nous collectons les envois jusque tard dans la soir\u00e9e et pouvons les livrer d\u00e8s le lendemain matin. Ou, bien entendu, au moment pr\u00e9cis o\u00f9 le donneur d&rsquo;ordre et le destinataire le souhaitent, en fonction de leurs exigences respectives et de mani\u00e8re planifiable, jusqu&rsquo;\u00e0 des cr\u00e9neaux de 15 minutes.  <\/div><\/div><\/div><\/div><\/div><div class=\"col-12 col-md-6 mb-5\"><div class=\"teaser teaser--50\"><div class=\"teaser__wrapper\"><div class=\"teaser__container\"> <\/div><\/div><\/div><\/div>\t\t\t\t\t\t\t\t<\/div>\n\t\t\t\t<\/div>\n\t\t\t\t<\/div>\n\t\t<div class=\"elementor-element elementor-element-3049d57 e-con-full e-flex e-con e-child\" data-id=\"3049d57\" data-element_type=\"container\" data-e-type=\"container\" data-settings=\"{&quot;background_background&quot;:&quot;classic&quot;,&quot;jet_parallax_layout_list&quot;:[]}\">\n\t\t\t\t<div class=\"elementor-element elementor-element-da8d7c1 elementor-widget elementor-widget-heading\" data-id=\"da8d7c1\" data-element_type=\"widget\" data-e-type=\"widget\" data-widget_type=\"heading.default\">\n\t\t\t\t<div class=\"elementor-widget-container\">\n\t\t\t\t\t<h2 class=\"elementor-heading-title elementor-size-default\">Informations proactives sur le d\u00e9roulement du transport\n<\/h2>\t\t\t\t<\/div>\n\t\t\t\t<\/div>\n\t\t\t\t<div class=\"elementor-element elementor-element-61db9d1 elementor-widget elementor-widget-text-editor\" data-id=\"61db9d1\" data-element_type=\"widget\" data-e-type=\"widget\" data-widget_type=\"text-editor.default\">\n\t\t\t\t<div class=\"elementor-widget-container\">\n\t\t\t\t\t\t\t\t\t<div class=\"col-12 col-md-6 mb-5\"><div class=\"teaser teaser--50\"><div class=\"teaser__wrapper\"><div class=\"teaser__container\"><div class=\"teaser__text\"><div class=\"col-12 col-md-6 mb-5\"><div class=\"teaser teaser--50\"><div class=\"teaser__wrapper\"><div class=\"teaser__container\"><div class=\"teaser__text\"><section class=\"teaser-section\"><div class=\"container\"><div class=\"row\"><div class=\"row neos-contentcollection\"><div class=\"col-12 col-md-6 mb-5\"><div class=\"teaser teaser--50\"><div class=\"teaser__wrapper\"><div class=\"teaser__container\"><div class=\"teaser__text\">En cas de retard d&rsquo;exp\u00e9dition ou d&rsquo;absence d&rsquo;un destinataire, nous n&rsquo;attendons pas, mais informons imm\u00e9diatement le client. S&rsquo;il y a des diff\u00e9rences par rapport \u00e0 la commande initiale, nous trouvons des solutions en temps r\u00e9el. <\/div><\/div><\/div><\/div><\/div><\/div><\/div><\/div><\/section><div class=\"container\"><a class=\"download-item download-item--has-preview\" href=\"https:\/\/www.general-overnight.com\/_Resources\/Persistent\/1\/1\/2\/a\/112ad8cb7f83fed9e57939d23b3992e3aafc9f17\/2022_GO%21%20Infoblatt_USPs.pdf\" target=\"_blank\" rel=\"noopener\"><span class=\"download-item__wrapper\"><picture><source srcset=\"https:\/\/www.general-overnight.com\/_Resources\/Persistent\/3\/3\/0\/2\/3302cc8a2f24397b11c935cdc5f13a995ac0674f\/2022_GO%21%20Infoblatt_USPs.png\" type=\"image\/webp\" sizes=\"100vw\"><\/source><source srcset=\"https:\/\/www.general-overnight.com\/_Resources\/Persistent\/3\/3\/0\/2\/3302cc8a2f24397b11c935cdc5f13a995ac0674f\/2022_GO%21%20Infoblatt_USPs.png\" type=\"image\/png\" sizes=\"100vw\"><\/source><\/picture><\/span><\/a><\/div><\/div><\/div><\/div><\/div><\/div><\/div><\/div><\/div><\/div><\/div>\t\t\t\t\t\t\t\t<\/div>\n\t\t\t\t<\/div>\n\t\t\t\t<\/div>\n\t\t\t\t\t<\/div>\n\t\t\t\t<\/div>\n\t\t\t\t<\/div>\n\t\t","protected":false},"excerpt":{"rendered":"<p>Courrier et Service express au plus haut niveau ?GO ! Express &amp; Logistics Lorsqu&rsquo;il s&rsquo;agit d&rsquo;envois sensibles au facteur temps, la fiabilit\u00e9 \u00e0 100 % est de mise. Avec GO ! Express &amp; Logistics, vous ne faites aucun compromis en mati\u00e8re de logistique du jour m\u00eame, d&rsquo;exp\u00e9dition et de livraison express et vous b\u00e9n\u00e9ficiez d&rsquo;une [&hellip;]<\/p>\n","protected":false},"author":8,"featured_media":0,"parent":0,"menu_order":0,"comment_status":"closed","ping_status":"closed","template":"","meta":{"_monsterinsights_skip_tracking":false,"_monsterinsights_sitenote_active":false,"_monsterinsights_sitenote_note":"","_monsterinsights_sitenote_category":0,"footnotes":""},"class_list":["post-9055","page","type-page","status-publish","hentry"],"yoast_head":"<!-- This site is optimized with the Yoast SEO plugin v27.2 - https:\/\/yoast.com\/product\/yoast-seo-wordpress\/ -->\n<title>R\u00e9seau - GO! Express &amp; Logistics<\/title>\n<meta name=\"robots\" content=\"index, follow, max-snippet:-1, max-image-preview:large, max-video-preview:-1\" \/>\n<link rel=\"canonical\" href=\"https:\/\/generalovernight.ch\/fr\/reseau\/\" \/>\n<meta property=\"og:locale\" content=\"fr_FR\" \/>\n<meta property=\"og:type\" content=\"article\" \/>\n<meta property=\"og:title\" content=\"R\u00e9seau - GO! Express &amp; Logistics\" \/>\n<meta property=\"og:description\" content=\"Courrier et Service express au plus haut niveau ?GO ! Express &amp; Logistics Lorsqu&rsquo;il s&rsquo;agit d&rsquo;envois sensibles au facteur temps, la fiabilit\u00e9 \u00e0 100 % est de mise. Avec GO ! Express &amp; Logistics, vous ne faites aucun compromis en mati\u00e8re de logistique du jour m\u00eame, d&rsquo;exp\u00e9dition et de livraison express et vous b\u00e9n\u00e9ficiez d&rsquo;une [&hellip;]\" \/>\n<meta property=\"og:url\" content=\"https:\/\/generalovernight.ch\/fr\/reseau\/\" \/>\n<meta property=\"og:site_name\" content=\"GO! Express &amp; Logistics\" \/>\n<meta property=\"article:modified_time\" content=\"2025-03-21T20:03:42+00:00\" \/>\n<meta name=\"twitter:card\" content=\"summary_large_image\" \/>\n<meta name=\"twitter:label1\" content=\"Dur\u00e9e de lecture estim\u00e9e\" \/>\n\t<meta name=\"twitter:data1\" content=\"3 minutes\" \/>\n<script type=\"application\/ld+json\" class=\"yoast-schema-graph\">{\"@context\":\"https:\/\/schema.org\",\"@graph\":[{\"@type\":\"WebPage\",\"@id\":\"https:\/\/generalovernight.ch\/fr\/reseau\/\",\"url\":\"https:\/\/generalovernight.ch\/fr\/reseau\/\",\"name\":\"R\u00e9seau - GO! Express &amp; Logistics\",\"isPartOf\":{\"@id\":\"https:\/\/generalovernight.ch\/fr\/#website\"},\"datePublished\":\"2024-12-16T15:58:14+00:00\",\"dateModified\":\"2025-03-21T20:03:42+00:00\",\"breadcrumb\":{\"@id\":\"https:\/\/generalovernight.ch\/fr\/reseau\/#breadcrumb\"},\"inLanguage\":\"fr-FR\",\"potentialAction\":[{\"@type\":\"ReadAction\",\"target\":[\"https:\/\/generalovernight.ch\/fr\/reseau\/\"]}]},{\"@type\":\"BreadcrumbList\",\"@id\":\"https:\/\/generalovernight.ch\/fr\/reseau\/#breadcrumb\",\"itemListElement\":[{\"@type\":\"ListItem\",\"position\":1,\"name\":\"Startseite\",\"item\":\"https:\/\/generalovernight.ch\/fr\/\"},{\"@type\":\"ListItem\",\"position\":2,\"name\":\"R\u00e9seau\"}]},{\"@type\":\"WebSite\",\"@id\":\"https:\/\/generalovernight.ch\/fr\/#website\",\"url\":\"https:\/\/generalovernight.ch\/fr\/\",\"name\":\"GO! Express &amp; Logistics\",\"description\":\"\",\"potentialAction\":[{\"@type\":\"SearchAction\",\"target\":{\"@type\":\"EntryPoint\",\"urlTemplate\":\"https:\/\/generalovernight.ch\/fr\/?s={search_term_string}\"},\"query-input\":{\"@type\":\"PropertyValueSpecification\",\"valueRequired\":true,\"valueName\":\"search_term_string\"}}],\"inLanguage\":\"fr-FR\"}]}<\/script>\n<!-- \/ Yoast SEO plugin. -->","yoast_head_json":{"title":"R\u00e9seau - GO! Express &amp; Logistics","robots":{"index":"index","follow":"follow","max-snippet":"max-snippet:-1","max-image-preview":"max-image-preview:large","max-video-preview":"max-video-preview:-1"},"canonical":"https:\/\/generalovernight.ch\/fr\/reseau\/","og_locale":"fr_FR","og_type":"article","og_title":"R\u00e9seau - GO! Express &amp; Logistics","og_description":"Courrier et Service express au plus haut niveau ?GO ! Express &amp; Logistics Lorsqu&rsquo;il s&rsquo;agit d&rsquo;envois sensibles au facteur temps, la fiabilit\u00e9 \u00e0 100 % est de mise. Avec GO ! Express &amp; Logistics, vous ne faites aucun compromis en mati\u00e8re de logistique du jour m\u00eame, d&rsquo;exp\u00e9dition et de livraison express et vous b\u00e9n\u00e9ficiez d&rsquo;une [&hellip;]","og_url":"https:\/\/generalovernight.ch\/fr\/reseau\/","og_site_name":"GO! Express &amp; Logistics","article_modified_time":"2025-03-21T20:03:42+00:00","twitter_card":"summary_large_image","twitter_misc":{"Dur\u00e9e de lecture estim\u00e9e":"3 minutes"},"schema":{"@context":"https:\/\/schema.org","@graph":[{"@type":"WebPage","@id":"https:\/\/generalovernight.ch\/fr\/reseau\/","url":"https:\/\/generalovernight.ch\/fr\/reseau\/","name":"R\u00e9seau - GO! Express &amp; Logistics","isPartOf":{"@id":"https:\/\/generalovernight.ch\/fr\/#website"},"datePublished":"2024-12-16T15:58:14+00:00","dateModified":"2025-03-21T20:03:42+00:00","breadcrumb":{"@id":"https:\/\/generalovernight.ch\/fr\/reseau\/#breadcrumb"},"inLanguage":"fr-FR","potentialAction":[{"@type":"ReadAction","target":["https:\/\/generalovernight.ch\/fr\/reseau\/"]}]},{"@type":"BreadcrumbList","@id":"https:\/\/generalovernight.ch\/fr\/reseau\/#breadcrumb","itemListElement":[{"@type":"ListItem","position":1,"name":"Startseite","item":"https:\/\/generalovernight.ch\/fr\/"},{"@type":"ListItem","position":2,"name":"R\u00e9seau"}]},{"@type":"WebSite","@id":"https:\/\/generalovernight.ch\/fr\/#website","url":"https:\/\/generalovernight.ch\/fr\/","name":"GO! Express &amp; Logistics","description":"","potentialAction":[{"@type":"SearchAction","target":{"@type":"EntryPoint","urlTemplate":"https:\/\/generalovernight.ch\/fr\/?s={search_term_string}"},"query-input":{"@type":"PropertyValueSpecification","valueRequired":true,"valueName":"search_term_string"}}],"inLanguage":"fr-FR"}]}},"_links":{"self":[{"href":"https:\/\/generalovernight.ch\/fr\/wp-json\/wp\/v2\/pages\/9055","targetHints":{"allow":["GET"]}}],"collection":[{"href":"https:\/\/generalovernight.ch\/fr\/wp-json\/wp\/v2\/pages"}],"about":[{"href":"https:\/\/generalovernight.ch\/fr\/wp-json\/wp\/v2\/types\/page"}],"author":[{"embeddable":true,"href":"https:\/\/generalovernight.ch\/fr\/wp-json\/wp\/v2\/users\/8"}],"replies":[{"embeddable":true,"href":"https:\/\/generalovernight.ch\/fr\/wp-json\/wp\/v2\/comments?post=9055"}],"version-history":[{"count":2,"href":"https:\/\/generalovernight.ch\/fr\/wp-json\/wp\/v2\/pages\/9055\/revisions"}],"predecessor-version":[{"id":9059,"href":"https:\/\/generalovernight.ch\/fr\/wp-json\/wp\/v2\/pages\/9055\/revisions\/9059"}],"wp:attachment":[{"href":"https:\/\/generalovernight.ch\/fr\/wp-json\/wp\/v2\/media?parent=9055"}],"curies":[{"name":"wp","href":"https:\/\/api.w.org\/{rel}","templated":true}]}}