{"id":9089,"date":"2025-01-17T13:08:48","date_gmt":"2025-01-17T13:08:48","guid":{"rendered":"https:\/\/p682793.webspaceconfig.de\/produits\/"},"modified":"2025-03-21T20:02:45","modified_gmt":"2025-03-21T20:02:45","slug":"produits","status":"publish","type":"page","link":"https:\/\/generalovernight.ch\/fr\/produits\/","title":{"rendered":"Produits"},"content":{"rendered":"\t\t<div data-elementor-type=\"wp-page\" data-elementor-id=\"9089\" class=\"elementor elementor-9089 elementor-8435\" data-elementor-post-type=\"page\">\n\t\t\t\t<div class=\"elementor-element elementor-element-02c7340 e-grid e-con-boxed e-con e-parent\" data-id=\"02c7340\" data-element_type=\"container\" data-e-type=\"container\" data-settings=\"{&quot;jet_parallax_layout_list&quot;:[]}\">\n\t\t\t\t\t<div class=\"e-con-inner\">\n\t\t<div class=\"elementor-element elementor-element-d2bfff2 e-con-full e-flex e-con e-child\" data-id=\"d2bfff2\" data-element_type=\"container\" data-e-type=\"container\" data-settings=\"{&quot;jet_parallax_layout_list&quot;:[],&quot;background_background&quot;:&quot;classic&quot;}\">\n\t\t<div class=\"elementor-element elementor-element-ab1aac7 e-con-full e-flex e-con e-child\" data-id=\"ab1aac7\" data-element_type=\"container\" data-e-type=\"container\" data-settings=\"{&quot;background_background&quot;:&quot;classic&quot;,&quot;jet_parallax_layout_list&quot;:[]}\">\n\t\t\t\t<div class=\"elementor-element elementor-element-245ca0b produkte-hyphens  elementor-widget elementor-widget-heading\" data-id=\"245ca0b\" data-element_type=\"widget\" data-e-type=\"widget\" data-widget_type=\"heading.default\">\n\t\t\t\t<div class=\"elementor-widget-container\">\n\t\t\t\t\t<h1 class=\"elementor-heading-title elementor-size-default\">Service de messagerie, envoi express ou logistique sophistiqu\u00e9e ?  <\/h1>\t\t\t\t<\/div>\n\t\t\t\t<\/div>\n\t\t\t\t<div class=\"elementor-element elementor-element-3aa4a36 elementor-widget elementor-widget-text-editor\" data-id=\"3aa4a36\" data-element_type=\"widget\" data-e-type=\"widget\" data-widget_type=\"text-editor.default\">\n\t\t\t\t<div class=\"elementor-widget-container\">\n\t\t\t\t\t\t\t\t\t<p>Nous venons chercher vos envois chez vous jusqu&rsquo;au soir &#8211; selon la r\u00e9gion, m\u00eame jusqu&rsquo;\u00e0 18 heures, voire plus tard ou la nuit si vous le souhaitez -, nous les d\u00e9douanons et les livrons par le moyen le plus rapide.<\/p><p>Avec GO !, vous pouvez atteindre tous les centres \u00e9conomiques europ\u00e9ens en une nuit, la plupart des autres destinations en 48 heures et m\u00eame de nombreuses r\u00e9gions isol\u00e9es sont livr\u00e9es en 3-4 jours. Dans les pays partenaires o\u00f9 GO ! travaille sur place avec sa propre organisation, comme l&rsquo;Autriche, la R\u00e9publique tch\u00e8que, la Pologne, le Luxembourg, le Danemark, etc., vous pouvez profiter des nombreuses options de service de GO !, du service d&rsquo;enl\u00e8vement et du courrier \u00e0 bord au d\u00e9douanement complet.   <\/p>\t\t\t\t\t\t\t\t<\/div>\n\t\t\t\t<\/div>\n\t\t\t\t<\/div>\n\t\t\t\t<\/div>\n\t\t\t\t<div class=\"elementor-element elementor-element-4274719 elementor-widget elementor-widget-image\" data-id=\"4274719\" data-element_type=\"widget\" data-e-type=\"widget\" data-widget_type=\"image.default\">\n\t\t\t\t<div class=\"elementor-widget-container\">\n\t\t\t\t\t\t\t\t\t\t\t\t\t\t\t<img fetchpriority=\"high\" decoding=\"async\" width=\"700\" height=\"600\" src=\"https:\/\/generalovernight.ch\/wp-content\/uploads\/2025\/01\/2020_Produkte_GO-Stadt_Sprinter_Innenstadt_Bruecke_-6-700x600-1.jpg\" class=\"attachment-large size-large wp-image-9090\" alt=\"\" srcset=\"https:\/\/generalovernight.ch\/wp-content\/uploads\/2025\/01\/2020_Produkte_GO-Stadt_Sprinter_Innenstadt_Bruecke_-6-700x600-1.jpg 700w, https:\/\/generalovernight.ch\/wp-content\/uploads\/2025\/01\/2020_Produkte_GO-Stadt_Sprinter_Innenstadt_Bruecke_-6-700x600-1-300x257.jpg 300w\" sizes=\"(max-width: 700px) 100vw, 700px\" \/>\t\t\t\t\t\t\t\t\t\t\t\t\t\t\t<\/div>\n\t\t\t\t<\/div>\n\t\t\t\t\t<\/div>\n\t\t\t\t<\/div>\n\t\t<div class=\"elementor-element elementor-element-851c564 e-grid e-con-boxed e-con e-parent\" data-id=\"851c564\" data-element_type=\"container\" data-e-type=\"container\" data-settings=\"{&quot;jet_parallax_layout_list&quot;:[]}\">\n\t\t\t\t\t<div class=\"e-con-inner\">\n\t\t<div class=\"elementor-element elementor-element-a06dbdc e-con-full e-flex e-con e-child\" data-id=\"a06dbdc\" data-element_type=\"container\" data-e-type=\"container\" data-settings=\"{&quot;background_background&quot;:&quot;classic&quot;,&quot;jet_parallax_layout_list&quot;:[]}\">\n\t\t\t\t<div class=\"elementor-element elementor-element-d8e13ff elementor-widget elementor-widget-heading\" data-id=\"d8e13ff\" data-element_type=\"widget\" data-e-type=\"widget\" data-widget_type=\"heading.default\">\n\t\t\t\t<div class=\"elementor-widget-container\">\n\t\t\t\t\t<h2 class=\"elementor-heading-title elementor-size-default\">GO ! Courrier <\/h2>\t\t\t\t<\/div>\n\t\t\t\t<\/div>\n\t\t\t\t<div class=\"elementor-element elementor-element-851469f elementor-widget elementor-widget-text-editor\" data-id=\"851469f\" data-element_type=\"widget\" data-e-type=\"widget\" data-widget_type=\"text-editor.default\">\n\t\t\t\t<div class=\"elementor-widget-container\">\n\t\t\t\t\t\t\t\t\t<p>Profitez de la flexibilit\u00e9 des liaisons directes pour obtenir les meilleures solutions logistiques possibles qui vous conviennent dans le domaine du courrier. Bien entendu, avec le meilleur chemin de A \u00e0 B. <\/p>\t\t\t\t\t\t\t\t<\/div>\n\t\t\t\t<\/div>\n\t\t\t\t<div class=\"elementor-element elementor-element-7ca8924 elementor-tablet-align-justify elementor-widget elementor-widget-button\" data-id=\"7ca8924\" data-element_type=\"widget\" data-e-type=\"widget\" data-widget_type=\"button.default\">\n\t\t\t\t<div class=\"elementor-widget-container\">\n\t\t\t\t\t\t\t\t\t<div class=\"elementor-button-wrapper\">\n\t\t\t\t\t<a class=\"elementor-button elementor-button-link elementor-size-sm\" href=\"https:\/\/generalovernight.ch\/fr\/produits\/go-courrier\/\">\n\t\t\t\t\t\t<span class=\"elementor-button-content-wrapper\">\n\t\t\t\t\t\t\t\t\t<span class=\"elementor-button-text\">GO ! Courrier <\/span>\n\t\t\t\t\t<\/span>\n\t\t\t\t\t<\/a>\n\t\t\t\t<\/div>\n\t\t\t\t\t\t\t\t<\/div>\n\t\t\t\t<\/div>\n\t\t\t\t<\/div>\n\t\t<div class=\"elementor-element elementor-element-ed21b62 e-con-full e-flex e-con e-child\" data-id=\"ed21b62\" data-element_type=\"container\" data-e-type=\"container\" data-settings=\"{&quot;background_background&quot;:&quot;classic&quot;,&quot;jet_parallax_layout_list&quot;:[]}\">\n\t\t\t\t<div class=\"elementor-element elementor-element-d292a48 elementor-widget elementor-widget-heading\" data-id=\"d292a48\" data-element_type=\"widget\" data-e-type=\"widget\" data-widget_type=\"heading.default\">\n\t\t\t\t<div class=\"elementor-widget-container\">\n\t\t\t\t\t<h2 class=\"elementor-heading-title elementor-size-default\">GO ! Express <\/h2>\t\t\t\t<\/div>\n\t\t\t\t<\/div>\n\t\t\t\t<div class=\"elementor-element elementor-element-32f0301 elementor-widget elementor-widget-text-editor\" data-id=\"32f0301\" data-element_type=\"widget\" data-e-type=\"widget\" data-widget_type=\"text-editor.default\">\n\t\t\t\t<div class=\"elementor-widget-container\">\n\t\t\t\t\t\t\t\t\t<p>Avec le produit national Overnight et le produit international Worldwide, vous disposez de l&rsquo;optimum en mati\u00e8re d&rsquo;exp\u00e9dition express.<\/p>\t\t\t\t\t\t\t\t<\/div>\n\t\t\t\t<\/div>\n\t\t\t\t<div class=\"elementor-element elementor-element-3bf37fb elementor-tablet-align-justify elementor-widget elementor-widget-button\" data-id=\"3bf37fb\" data-element_type=\"widget\" data-e-type=\"widget\" data-widget_type=\"button.default\">\n\t\t\t\t<div class=\"elementor-widget-container\">\n\t\t\t\t\t\t\t\t\t<div class=\"elementor-button-wrapper\">\n\t\t\t\t\t<a class=\"elementor-button elementor-button-link elementor-size-sm\" href=\"https:\/\/generalovernight.ch\/fr\/produits\/go-express\/\">\n\t\t\t\t\t\t<span class=\"elementor-button-content-wrapper\">\n\t\t\t\t\t\t\t\t\t<span class=\"elementor-button-text\">GO ! Express <\/span>\n\t\t\t\t\t<\/span>\n\t\t\t\t\t<\/a>\n\t\t\t\t<\/div>\n\t\t\t\t\t\t\t\t<\/div>\n\t\t\t\t<\/div>\n\t\t\t\t<\/div>\n\t\t<div class=\"elementor-element elementor-element-1bf58a2 e-con-full e-flex e-con e-child\" data-id=\"1bf58a2\" data-element_type=\"container\" data-e-type=\"container\" data-settings=\"{&quot;background_background&quot;:&quot;classic&quot;,&quot;jet_parallax_layout_list&quot;:[]}\">\n\t\t\t\t<div class=\"elementor-element elementor-element-a97dab1 elementor-widget elementor-widget-heading\" data-id=\"a97dab1\" data-element_type=\"widget\" data-e-type=\"widget\" data-widget_type=\"heading.default\">\n\t\t\t\t<div class=\"elementor-widget-container\">\n\t\t\t\t\t<h2 class=\"elementor-heading-title elementor-size-default\">GO ! Solutions <\/h2>\t\t\t\t<\/div>\n\t\t\t\t<\/div>\n\t\t\t\t<div class=\"elementor-element elementor-element-c14314e elementor-widget elementor-widget-text-editor\" data-id=\"c14314e\" data-element_type=\"widget\" data-e-type=\"widget\" data-widget_type=\"text-editor.default\">\n\t\t\t\t<div class=\"elementor-widget-container\">\n\t\t\t\t\t\t\t\t\t<p>Trouvez des solutions logistiques modernes pour votre activit\u00e9 B2B. Que ce soit pour les contenus d&rsquo;exp\u00e9dition de la logistique pharmaceutique, de la technique m\u00e9dicale ou des marchandises dangereuses. <\/p>\t\t\t\t\t\t\t\t<\/div>\n\t\t\t\t<\/div>\n\t\t\t\t<div class=\"elementor-element elementor-element-987c7de elementor-tablet-align-justify elementor-widget elementor-widget-button\" data-id=\"987c7de\" data-element_type=\"widget\" data-e-type=\"widget\" data-widget_type=\"button.default\">\n\t\t\t\t<div class=\"elementor-widget-container\">\n\t\t\t\t\t\t\t\t\t<div class=\"elementor-button-wrapper\">\n\t\t\t\t\t<a class=\"elementor-button elementor-button-link elementor-size-sm\" href=\"https:\/\/generalovernight.ch\/fr\/produits\/go-solutions\/\">\n\t\t\t\t\t\t<span class=\"elementor-button-content-wrapper\">\n\t\t\t\t\t\t\t\t\t<span class=\"elementor-button-text\">GO ! Solutions <\/span>\n\t\t\t\t\t<\/span>\n\t\t\t\t\t<\/a>\n\t\t\t\t<\/div>\n\t\t\t\t\t\t\t\t<\/div>\n\t\t\t\t<\/div>\n\t\t\t\t<\/div>\n\t\t<div class=\"elementor-element elementor-element-69e09c7 e-con-full e-flex e-con e-child\" data-id=\"69e09c7\" data-element_type=\"container\" data-e-type=\"container\" data-settings=\"{&quot;background_background&quot;:&quot;classic&quot;,&quot;jet_parallax_layout_list&quot;:[]}\">\n\t\t\t\t<div class=\"elementor-element elementor-element-df02f4f elementor-widget elementor-widget-heading\" data-id=\"df02f4f\" data-element_type=\"widget\" data-e-type=\"widget\" data-widget_type=\"heading.default\">\n\t\t\t\t<div class=\"elementor-widget-container\">\n\t\t\t\t\t<h2 class=\"elementor-heading-title elementor-size-default\">GO ! Services \u00e0 valeur ajout\u00e9e <\/h2>\t\t\t\t<\/div>\n\t\t\t\t<\/div>\n\t\t\t\t<div class=\"elementor-element elementor-element-e3b02ea elementor-widget elementor-widget-text-editor\" data-id=\"e3b02ea\" data-element_type=\"widget\" data-e-type=\"widget\" data-widget_type=\"text-editor.default\">\n\t\t\t\t<div class=\"elementor-widget-container\">\n\t\t\t\t\t\t\t\t\t<p>Tous vos souhaits sont exauc\u00e9s. Profitez de nombreux services suppl\u00e9mentaires individuels pour tous les groupes de produits, qui constituent une valeur ajout\u00e9e d\u00e9cisive. <\/p>\t\t\t\t\t\t\t\t<\/div>\n\t\t\t\t<\/div>\n\t\t\t\t<div class=\"elementor-element elementor-element-02aad67 elementor-tablet-align-justify elementor-widget elementor-widget-button\" data-id=\"02aad67\" data-element_type=\"widget\" data-e-type=\"widget\" data-widget_type=\"button.default\">\n\t\t\t\t<div class=\"elementor-widget-container\">\n\t\t\t\t\t\t\t\t\t<div class=\"elementor-button-wrapper\">\n\t\t\t\t\t<a class=\"elementor-button elementor-button-link elementor-size-sm\" href=\"https:\/\/generalovernight.ch\/produkte\/go-value-added-services\/\">\n\t\t\t\t\t\t<span class=\"elementor-button-content-wrapper\">\n\t\t\t\t\t\t\t\t\t<span class=\"elementor-button-text\">GO ! Services \u00e0 valeur ajout\u00e9e <\/span>\n\t\t\t\t\t<\/span>\n\t\t\t\t\t<\/a>\n\t\t\t\t<\/div>\n\t\t\t\t\t\t\t\t<\/div>\n\t\t\t\t<\/div>\n\t\t\t\t<\/div>\n\t\t\t\t\t<\/div>\n\t\t\t\t<\/div>\n\t\t\t\t<\/div>\n\t\t","protected":false},"excerpt":{"rendered":"<p>Service de messagerie, envoi express ou logistique sophistiqu\u00e9e ? Nous venons chercher vos envois chez vous jusqu&rsquo;au soir &#8211; selon la r\u00e9gion, m\u00eame jusqu&rsquo;\u00e0 18 heures, voire plus tard ou la nuit si vous le souhaitez -, nous les d\u00e9douanons et les livrons par le moyen le plus rapide. Avec GO !, vous pouvez atteindre [&hellip;]<\/p>\n","protected":false},"author":8,"featured_media":0,"parent":0,"menu_order":0,"comment_status":"closed","ping_status":"closed","template":"","meta":{"_monsterinsights_skip_tracking":false,"_monsterinsights_sitenote_active":false,"_monsterinsights_sitenote_note":"","_monsterinsights_sitenote_category":0,"footnotes":""},"class_list":["post-9089","page","type-page","status-publish","hentry"],"yoast_head":"<!-- This site is optimized with the Yoast SEO plugin v27.2 - https:\/\/yoast.com\/product\/yoast-seo-wordpress\/ -->\n<title>Produits - GO! Express &amp; Logistics<\/title>\n<meta name=\"robots\" content=\"index, follow, max-snippet:-1, max-image-preview:large, max-video-preview:-1\" \/>\n<link rel=\"canonical\" href=\"https:\/\/generalovernight.ch\/fr\/produits\/\" \/>\n<meta property=\"og:locale\" content=\"fr_FR\" \/>\n<meta property=\"og:type\" content=\"article\" \/>\n<meta property=\"og:title\" content=\"Produits - GO! Express &amp; Logistics\" \/>\n<meta property=\"og:description\" content=\"Service de messagerie, envoi express ou logistique sophistiqu\u00e9e ? Nous venons chercher vos envois chez vous jusqu&rsquo;au soir &#8211; selon la r\u00e9gion, m\u00eame jusqu&rsquo;\u00e0 18 heures, voire plus tard ou la nuit si vous le souhaitez -, nous les d\u00e9douanons et les livrons par le moyen le plus rapide. Avec GO !, vous pouvez atteindre [&hellip;]\" \/>\n<meta property=\"og:url\" content=\"https:\/\/generalovernight.ch\/fr\/produits\/\" \/>\n<meta property=\"og:site_name\" content=\"GO! Express &amp; Logistics\" \/>\n<meta property=\"article:modified_time\" content=\"2025-03-21T20:02:45+00:00\" \/>\n<meta property=\"og:image\" content=\"https:\/\/p682793.webspaceconfig.de\/wp-content\/uploads\/2025\/01\/2020_Produkte_GO-Stadt_Sprinter_Innenstadt_Bruecke_-6-700x600-1.jpg\" \/>\n<meta name=\"twitter:card\" content=\"summary_large_image\" \/>\n<meta name=\"twitter:label1\" content=\"Dur\u00e9e de lecture estim\u00e9e\" \/>\n\t<meta name=\"twitter:data1\" content=\"1 minute\" \/>\n<script type=\"application\/ld+json\" class=\"yoast-schema-graph\">{\"@context\":\"https:\/\/schema.org\",\"@graph\":[{\"@type\":\"WebPage\",\"@id\":\"https:\/\/generalovernight.ch\/fr\/produits\/\",\"url\":\"https:\/\/generalovernight.ch\/fr\/produits\/\",\"name\":\"Produits - GO! Express &amp; Logistics\",\"isPartOf\":{\"@id\":\"https:\/\/generalovernight.ch\/fr\/#website\"},\"primaryImageOfPage\":{\"@id\":\"https:\/\/generalovernight.ch\/fr\/produits\/#primaryimage\"},\"image\":{\"@id\":\"https:\/\/generalovernight.ch\/fr\/produits\/#primaryimage\"},\"thumbnailUrl\":\"https:\/\/p682793.webspaceconfig.de\/wp-content\/uploads\/2025\/01\/2020_Produkte_GO-Stadt_Sprinter_Innenstadt_Bruecke_-6-700x600-1.jpg\",\"datePublished\":\"2025-01-17T13:08:48+00:00\",\"dateModified\":\"2025-03-21T20:02:45+00:00\",\"breadcrumb\":{\"@id\":\"https:\/\/generalovernight.ch\/fr\/produits\/#breadcrumb\"},\"inLanguage\":\"fr-FR\",\"potentialAction\":[{\"@type\":\"ReadAction\",\"target\":[\"https:\/\/generalovernight.ch\/fr\/produits\/\"]}]},{\"@type\":\"ImageObject\",\"inLanguage\":\"fr-FR\",\"@id\":\"https:\/\/generalovernight.ch\/fr\/produits\/#primaryimage\",\"url\":\"https:\/\/p682793.webspaceconfig.de\/wp-content\/uploads\/2025\/01\/2020_Produkte_GO-Stadt_Sprinter_Innenstadt_Bruecke_-6-700x600-1.jpg\",\"contentUrl\":\"https:\/\/p682793.webspaceconfig.de\/wp-content\/uploads\/2025\/01\/2020_Produkte_GO-Stadt_Sprinter_Innenstadt_Bruecke_-6-700x600-1.jpg\"},{\"@type\":\"BreadcrumbList\",\"@id\":\"https:\/\/generalovernight.ch\/fr\/produits\/#breadcrumb\",\"itemListElement\":[{\"@type\":\"ListItem\",\"position\":1,\"name\":\"Startseite\",\"item\":\"https:\/\/generalovernight.ch\/fr\/\"},{\"@type\":\"ListItem\",\"position\":2,\"name\":\"Produits\"}]},{\"@type\":\"WebSite\",\"@id\":\"https:\/\/generalovernight.ch\/fr\/#website\",\"url\":\"https:\/\/generalovernight.ch\/fr\/\",\"name\":\"GO! Express &amp; Logistics\",\"description\":\"\",\"potentialAction\":[{\"@type\":\"SearchAction\",\"target\":{\"@type\":\"EntryPoint\",\"urlTemplate\":\"https:\/\/generalovernight.ch\/fr\/?s={search_term_string}\"},\"query-input\":{\"@type\":\"PropertyValueSpecification\",\"valueRequired\":true,\"valueName\":\"search_term_string\"}}],\"inLanguage\":\"fr-FR\"}]}<\/script>\n<!-- \/ Yoast SEO plugin. -->","yoast_head_json":{"title":"Produits - GO! Express &amp; Logistics","robots":{"index":"index","follow":"follow","max-snippet":"max-snippet:-1","max-image-preview":"max-image-preview:large","max-video-preview":"max-video-preview:-1"},"canonical":"https:\/\/generalovernight.ch\/fr\/produits\/","og_locale":"fr_FR","og_type":"article","og_title":"Produits - GO! Express &amp; Logistics","og_description":"Service de messagerie, envoi express ou logistique sophistiqu\u00e9e ? Nous venons chercher vos envois chez vous jusqu&rsquo;au soir &#8211; selon la r\u00e9gion, m\u00eame jusqu&rsquo;\u00e0 18 heures, voire plus tard ou la nuit si vous le souhaitez -, nous les d\u00e9douanons et les livrons par le moyen le plus rapide. Avec GO !, vous pouvez atteindre [&hellip;]","og_url":"https:\/\/generalovernight.ch\/fr\/produits\/","og_site_name":"GO! Express &amp; Logistics","article_modified_time":"2025-03-21T20:02:45+00:00","og_image":[{"url":"https:\/\/p682793.webspaceconfig.de\/wp-content\/uploads\/2025\/01\/2020_Produkte_GO-Stadt_Sprinter_Innenstadt_Bruecke_-6-700x600-1.jpg","type":"","width":"","height":""}],"twitter_card":"summary_large_image","twitter_misc":{"Dur\u00e9e de lecture estim\u00e9e":"1 minute"},"schema":{"@context":"https:\/\/schema.org","@graph":[{"@type":"WebPage","@id":"https:\/\/generalovernight.ch\/fr\/produits\/","url":"https:\/\/generalovernight.ch\/fr\/produits\/","name":"Produits - GO! Express &amp; Logistics","isPartOf":{"@id":"https:\/\/generalovernight.ch\/fr\/#website"},"primaryImageOfPage":{"@id":"https:\/\/generalovernight.ch\/fr\/produits\/#primaryimage"},"image":{"@id":"https:\/\/generalovernight.ch\/fr\/produits\/#primaryimage"},"thumbnailUrl":"https:\/\/p682793.webspaceconfig.de\/wp-content\/uploads\/2025\/01\/2020_Produkte_GO-Stadt_Sprinter_Innenstadt_Bruecke_-6-700x600-1.jpg","datePublished":"2025-01-17T13:08:48+00:00","dateModified":"2025-03-21T20:02:45+00:00","breadcrumb":{"@id":"https:\/\/generalovernight.ch\/fr\/produits\/#breadcrumb"},"inLanguage":"fr-FR","potentialAction":[{"@type":"ReadAction","target":["https:\/\/generalovernight.ch\/fr\/produits\/"]}]},{"@type":"ImageObject","inLanguage":"fr-FR","@id":"https:\/\/generalovernight.ch\/fr\/produits\/#primaryimage","url":"https:\/\/p682793.webspaceconfig.de\/wp-content\/uploads\/2025\/01\/2020_Produkte_GO-Stadt_Sprinter_Innenstadt_Bruecke_-6-700x600-1.jpg","contentUrl":"https:\/\/p682793.webspaceconfig.de\/wp-content\/uploads\/2025\/01\/2020_Produkte_GO-Stadt_Sprinter_Innenstadt_Bruecke_-6-700x600-1.jpg"},{"@type":"BreadcrumbList","@id":"https:\/\/generalovernight.ch\/fr\/produits\/#breadcrumb","itemListElement":[{"@type":"ListItem","position":1,"name":"Startseite","item":"https:\/\/generalovernight.ch\/fr\/"},{"@type":"ListItem","position":2,"name":"Produits"}]},{"@type":"WebSite","@id":"https:\/\/generalovernight.ch\/fr\/#website","url":"https:\/\/generalovernight.ch\/fr\/","name":"GO! Express &amp; Logistics","description":"","potentialAction":[{"@type":"SearchAction","target":{"@type":"EntryPoint","urlTemplate":"https:\/\/generalovernight.ch\/fr\/?s={search_term_string}"},"query-input":{"@type":"PropertyValueSpecification","valueRequired":true,"valueName":"search_term_string"}}],"inLanguage":"fr-FR"}]}},"_links":{"self":[{"href":"https:\/\/generalovernight.ch\/fr\/wp-json\/wp\/v2\/pages\/9089","targetHints":{"allow":["GET"]}}],"collection":[{"href":"https:\/\/generalovernight.ch\/fr\/wp-json\/wp\/v2\/pages"}],"about":[{"href":"https:\/\/generalovernight.ch\/fr\/wp-json\/wp\/v2\/types\/page"}],"author":[{"embeddable":true,"href":"https:\/\/generalovernight.ch\/fr\/wp-json\/wp\/v2\/users\/8"}],"replies":[{"embeddable":true,"href":"https:\/\/generalovernight.ch\/fr\/wp-json\/wp\/v2\/comments?post=9089"}],"version-history":[{"count":2,"href":"https:\/\/generalovernight.ch\/fr\/wp-json\/wp\/v2\/pages\/9089\/revisions"}],"predecessor-version":[{"id":9093,"href":"https:\/\/generalovernight.ch\/fr\/wp-json\/wp\/v2\/pages\/9089\/revisions\/9093"}],"wp:attachment":[{"href":"https:\/\/generalovernight.ch\/fr\/wp-json\/wp\/v2\/media?parent=9089"}],"curies":[{"name":"wp","href":"https:\/\/api.w.org\/{rel}","templated":true}]}}