{"id":9136,"date":"2024-12-16T07:48:10","date_gmt":"2024-12-16T07:48:10","guid":{"rendered":"https:\/\/p682793.webspaceconfig.de\/produits\/go-solutions\/solutions-sectorielles\/go-automotive\/"},"modified":"2025-03-17T12:16:02","modified_gmt":"2025-03-17T12:16:02","slug":"go-automotive","status":"publish","type":"page","link":"https:\/\/generalovernight.ch\/fr\/produits\/go-solutions\/solutions-sectorielles\/go-automotive\/","title":{"rendered":"GO ! Automotive"},"content":{"rendered":"\t\t<div data-elementor-type=\"wp-page\" data-elementor-id=\"9136\" class=\"elementor elementor-9136 elementor-6277\" data-elementor-post-type=\"page\">\n\t\t\t\t<div class=\"elementor-element elementor-element-9c25c17 e-flex e-con-boxed e-con e-parent\" data-id=\"9c25c17\" data-element_type=\"container\" data-e-type=\"container\" data-settings=\"{&quot;jet_parallax_layout_list&quot;:[]}\">\n\t\t\t\t\t<div class=\"e-con-inner\">\n\t\t\t\t<div class=\"elementor-element elementor-element-6a085d7 elementor-widget elementor-widget-heading\" data-id=\"6a085d7\" data-element_type=\"widget\" data-e-type=\"widget\" data-widget_type=\"heading.default\">\n\t\t\t\t<div class=\"elementor-widget-container\">\n\t\t\t\t\t<h1 class=\"elementor-heading-title elementor-size-default\">Logistique des pi\u00e8ces d\u00e9tach\u00e9es !?  <br>GO ! Automotive   <\/h1>\t\t\t\t<\/div>\n\t\t\t\t<\/div>\n\t\t\t\t<div class=\"elementor-element elementor-element-6e51893 elementor-widget elementor-widget-spacer\" data-id=\"6e51893\" data-element_type=\"widget\" data-e-type=\"widget\" data-widget_type=\"spacer.default\">\n\t\t\t\t<div class=\"elementor-widget-container\">\n\t\t\t\t\t\t\t<div class=\"elementor-spacer\">\n\t\t\t<div class=\"elementor-spacer-inner\"><\/div>\n\t\t<\/div>\n\t\t\t\t\t\t<\/div>\n\t\t\t\t<\/div>\n\t\t\t\t<div class=\"elementor-element elementor-element-23d0564 elementor-widget elementor-widget-text-editor\" data-id=\"23d0564\" data-element_type=\"widget\" data-e-type=\"widget\" data-widget_type=\"text-editor.default\">\n\t\t\t\t<div class=\"elementor-widget-container\">\n\t\t\t\t\t\t\t\t\t<p>Pour nous, la logistique des pi\u00e8ces d\u00e9tach\u00e9es n&rsquo;est pas qu&rsquo;un mot, c&rsquo;est une r\u00e9alit\u00e9 quotidienne. 365 jours par an, 7 jours par semaine, 24 heures par jour. R\u00e9activit\u00e9, pr\u00e9cision et qualit\u00e9 de service qui font toute la diff\u00e9rence.  <\/p>\t\t\t\t\t\t\t\t<\/div>\n\t\t\t\t<\/div>\n\t\t\t\t\t<\/div>\n\t\t\t\t<\/div>\n\t\t<div class=\"elementor-element elementor-element-b321273 e-grid e-con-boxed e-con e-parent\" data-id=\"b321273\" data-element_type=\"container\" data-e-type=\"container\" data-settings=\"{&quot;jet_parallax_layout_list&quot;:[]}\">\n\t\t\t\t\t<div class=\"e-con-inner\">\n\t\t\t\t<div class=\"elementor-element elementor-element-f7581a9 elementor-widget elementor-widget-image\" data-id=\"f7581a9\" data-element_type=\"widget\" data-e-type=\"widget\" data-widget_type=\"image.default\">\n\t\t\t\t<div class=\"elementor-widget-container\">\n\t\t\t\t\t\t\t\t\t\t\t\t\t\t\t<img fetchpriority=\"high\" decoding=\"async\" width=\"800\" height=\"313\" src=\"https:\/\/generalovernight.ch\/wp-content\/uploads\/2024\/12\/Kampagne_Dresden_2.jpg\" class=\"attachment-large size-large wp-image-8898\" alt=\"\" srcset=\"https:\/\/generalovernight.ch\/wp-content\/uploads\/2024\/12\/Kampagne_Dresden_2.jpg 1023w, https:\/\/generalovernight.ch\/wp-content\/uploads\/2024\/12\/Kampagne_Dresden_2-300x117.jpg 300w, https:\/\/generalovernight.ch\/wp-content\/uploads\/2024\/12\/Kampagne_Dresden_2-768x300.jpg 768w\" sizes=\"(max-width: 800px) 100vw, 800px\" \/>\t\t\t\t\t\t\t\t\t\t\t\t\t\t\t<\/div>\n\t\t\t\t<\/div>\n\t\t<div class=\"elementor-element elementor-element-7774f26 e-con-full e-flex e-con e-child\" data-id=\"7774f26\" data-element_type=\"container\" data-e-type=\"container\" data-settings=\"{&quot;jet_parallax_layout_list&quot;:[],&quot;background_background&quot;:&quot;classic&quot;}\">\n\t\t<div class=\"elementor-element elementor-element-d8ec36b e-con-full e-flex e-con e-child\" data-id=\"d8ec36b\" data-element_type=\"container\" data-e-type=\"container\" data-settings=\"{&quot;background_background&quot;:&quot;classic&quot;,&quot;jet_parallax_layout_list&quot;:[]}\">\n\t\t\t\t<div class=\"elementor-element elementor-element-2d656d0 elementor-widget elementor-widget-heading\" data-id=\"2d656d0\" data-element_type=\"widget\" data-e-type=\"widget\" data-widget_type=\"heading.default\">\n\t\t\t\t<div class=\"elementor-widget-container\">\n\t\t\t\t\t<h2 class=\"elementor-heading-title elementor-size-default\">Notre gamme de services dans le domaine de l'automobile<\/h2>\t\t\t\t<\/div>\n\t\t\t\t<\/div>\n\t\t\t\t<div class=\"elementor-element elementor-element-df55725 elementor-widget elementor-widget-text-editor\" data-id=\"df55725\" data-element_type=\"widget\" data-e-type=\"widget\" data-widget_type=\"text-editor.default\">\n\t\t\t\t<div class=\"elementor-widget-container\">\n\t\t\t\t\t\t\t\t\t<ul><li>Fourniture de pi\u00e8ces de rechange \/ de service aux concessionnaires<ul><li>Carrosserie, pi\u00e8ces longues, batteries, pneus, jantes<\/li><\/ul><\/li><li>Solutions personnalis\u00e9es (\u00e9galement \u00e0 partir d&rsquo;entrep\u00f4ts internationaux avec d\u00e9douanement)<\/li><li>Same-Day &#8211; jusqu&rsquo;\u00e0 quatre livraisons &#8211; sur l&rsquo;ensemble du territoire<\/li><li>Lieu de d\u00e9p\u00f4t &#8211; Enl\u00e8vement et livraison<\/li><li>un service de retour et d&rsquo;enl\u00e8vement g\u00e9n\u00e9ralis\u00e9<\/li><li>Solutions de gestion des d\u00e9chets<\/li><\/ul>\t\t\t\t\t\t\t\t<\/div>\n\t\t\t\t<\/div>\n\t\t<div class=\"elementor-element elementor-element-9f127ad e-con-full e-flex e-con e-child\" data-id=\"9f127ad\" data-element_type=\"container\" data-e-type=\"container\" data-settings=\"{&quot;jet_parallax_layout_list&quot;:[]}\">\n\t\t\t\t<div class=\"elementor-element elementor-element-18488ab elementor-widget elementor-widget-button\" data-id=\"18488ab\" data-element_type=\"widget\" data-e-type=\"widget\" data-widget_type=\"button.default\">\n\t\t\t\t<div class=\"elementor-widget-container\">\n\t\t\t\t\t\t\t\t\t<div class=\"elementor-button-wrapper\">\n\t\t\t\t\t<a class=\"elementor-button elementor-button-link elementor-size-sm\" href=\"tel:+41800599999\">\n\t\t\t\t\t\t<span class=\"elementor-button-content-wrapper\">\n\t\t\t\t\t\t<span class=\"elementor-button-icon\">\n\t\t\t\t<i aria-hidden=\"true\" class=\"icon icon-phone1\"><\/i>\t\t\t<\/span>\n\t\t\t\t\t\t\t\t\t<span class=\"elementor-button-text\">Appelez-nous<\/span>\n\t\t\t\t\t<\/span>\n\t\t\t\t\t<\/a>\n\t\t\t\t<\/div>\n\t\t\t\t\t\t\t\t<\/div>\n\t\t\t\t<\/div>\n\t\t\t\t<div class=\"elementor-element elementor-element-a1edec4 elementor-widget elementor-widget-button\" data-id=\"a1edec4\" data-element_type=\"widget\" data-e-type=\"widget\" data-widget_type=\"button.default\">\n\t\t\t\t<div class=\"elementor-widget-container\">\n\t\t\t\t\t\t\t\t\t<div class=\"elementor-button-wrapper\">\n\t\t\t\t\t<a class=\"elementor-button elementor-button-link elementor-size-sm\" href=\"https:\/\/p682793.webspaceconfig.de\/fr\/?page_id=8791\">\n\t\t\t\t\t\t<span class=\"elementor-button-content-wrapper\">\n\t\t\t\t\t\t<span class=\"elementor-button-icon\">\n\t\t\t\t<i aria-hidden=\"true\" class=\"far fa-envelope\"><\/i>\t\t\t<\/span>\n\t\t\t\t\t\t\t\t\t<span class=\"elementor-button-text\">Demande d'envoi<\/span>\n\t\t\t\t\t<\/span>\n\t\t\t\t\t<\/a>\n\t\t\t\t<\/div>\n\t\t\t\t\t\t\t\t<\/div>\n\t\t\t\t<\/div>\n\t\t\t\t<\/div>\n\t\t\t\t<\/div>\n\t\t\t\t<\/div>\n\t\t\t\t\t<\/div>\n\t\t\t\t<\/div>\n\t\t<div class=\"elementor-element elementor-element-0f36c9e e-grid e-con-boxed e-con e-parent\" data-id=\"0f36c9e\" data-element_type=\"container\" data-e-type=\"container\" data-settings=\"{&quot;jet_parallax_layout_list&quot;:[]}\">\n\t\t\t\t\t<div class=\"e-con-inner\">\n\t\t<div class=\"elementor-element elementor-element-2fb280e e-con-full e-flex e-con e-child\" data-id=\"2fb280e\" data-element_type=\"container\" data-e-type=\"container\" data-settings=\"{&quot;jet_parallax_layout_list&quot;:[],&quot;background_background&quot;:&quot;classic&quot;}\">\n\t\t<div class=\"elementor-element elementor-element-911335d e-con-full e-flex e-con e-child\" data-id=\"911335d\" data-element_type=\"container\" data-e-type=\"container\" data-settings=\"{&quot;background_background&quot;:&quot;classic&quot;,&quot;jet_parallax_layout_list&quot;:[]}\">\n\t\t\t\t<div class=\"elementor-element elementor-element-ed6e72a elementor-widget elementor-widget-heading\" data-id=\"ed6e72a\" data-element_type=\"widget\" data-e-type=\"widget\" data-widget_type=\"heading.default\">\n\t\t\t\t<div class=\"elementor-widget-container\">\n\t\t\t\t\t<h2 class=\"elementor-heading-title elementor-size-default\">Vos avantages<\/h2>\t\t\t\t<\/div>\n\t\t\t\t<\/div>\n\t\t\t\t<div class=\"elementor-element elementor-element-726cba1 elementor-widget elementor-widget-text-editor\" data-id=\"726cba1\" data-element_type=\"widget\" data-e-type=\"widget\" data-widget_type=\"text-editor.default\">\n\t\t\t\t<div class=\"elementor-widget-container\">\n\t\t\t\t\t\t\t\t\t<ul><li>des d\u00e9lais courts et des livraisons ponctuelles \u00e0 la date convenue<\/li><li>une collecte flexible et une gestion diversifi\u00e9e des retours<\/li><li>de multiples options de livraison &#8211; de la livraison au d\u00e9p\u00f4t \u00e0 la livraison \u00e0 la demande<\/li><li>\u00c9conomie de ressources et d&rsquo;espace de stockage<\/li><li>Assurer une cha\u00eene d&rsquo;approvisionnement sans faille<\/li><li>planification, cr\u00e9ation et mise en \u0153uvre conjointes de concepts logistiques<\/li><li>Conseil sur place par un interlocuteur personnel<\/li><li>les normes de qualit\u00e9 et de s\u00e9curit\u00e9 les plus \u00e9lev\u00e9es<\/li><li>Informatique de bout en bout, de la commande \u00e0 la livraison, du lieu de remise \u00e0 la notification<\/li><\/ul>\t\t\t\t\t\t\t\t<\/div>\n\t\t\t\t<\/div>\n\t\t\t\t<\/div>\n\t\t\t\t<\/div>\n\t\t\t\t<div class=\"elementor-element elementor-element-534040f elementor-widget elementor-widget-image\" data-id=\"534040f\" data-element_type=\"widget\" data-e-type=\"widget\" data-widget_type=\"image.default\">\n\t\t\t\t<div class=\"elementor-widget-container\">\n\t\t\t\t\t\t\t\t\t\t\t\t\t\t\t<img decoding=\"async\" width=\"800\" height=\"322\" src=\"https:\/\/generalovernight.ch\/wp-content\/uploads\/2024\/12\/Startseite_unternehmen_2020_GO-Stadt_Sprinter_Innenstadt_Bruecke_-3-1024x412.jpg\" class=\"attachment-large size-large wp-image-8837\" alt=\"\" srcset=\"https:\/\/generalovernight.ch\/wp-content\/uploads\/2024\/12\/Startseite_unternehmen_2020_GO-Stadt_Sprinter_Innenstadt_Bruecke_-3-1024x412.jpg 1024w, https:\/\/generalovernight.ch\/wp-content\/uploads\/2024\/12\/Startseite_unternehmen_2020_GO-Stadt_Sprinter_Innenstadt_Bruecke_-3-300x121.jpg 300w, https:\/\/generalovernight.ch\/wp-content\/uploads\/2024\/12\/Startseite_unternehmen_2020_GO-Stadt_Sprinter_Innenstadt_Bruecke_-3-768x309.jpg 768w, https:\/\/generalovernight.ch\/wp-content\/uploads\/2024\/12\/Startseite_unternehmen_2020_GO-Stadt_Sprinter_Innenstadt_Bruecke_-3.jpg 1243w\" sizes=\"(max-width: 800px) 100vw, 800px\" \/>\t\t\t\t\t\t\t\t\t\t\t\t\t\t\t<\/div>\n\t\t\t\t<\/div>\n\t\t\t\t\t<\/div>\n\t\t\t\t<\/div>\n\t\t<div class=\"elementor-element elementor-element-e87dbfe e-con-full e-flex e-con e-parent\" data-id=\"e87dbfe\" data-element_type=\"container\" data-e-type=\"container\" data-settings=\"{&quot;jet_parallax_layout_list&quot;:[]}\">\n\t\t\t\t<div class=\"elementor-element elementor-element-8075dd1 elementor-widget elementor-widget-template\" data-id=\"8075dd1\" data-element_type=\"widget\" data-e-type=\"widget\" data-widget_type=\"template.default\">\n\t\t\t\t<div class=\"elementor-widget-container\">\n\t\t\t\t\t\t\t<div class=\"elementor-template\">\n\t\t\t\t\t<div data-elementor-type=\"section\" data-elementor-id=\"9169\" class=\"elementor elementor-9169 elementor-6949 elementor-6949\" data-elementor-post-type=\"elementor_library\">\n\t\t\t<div class=\"elementor-element elementor-element-3de13da e-grid e-con-boxed e-con e-parent\" data-id=\"3de13da\" data-element_type=\"container\" data-e-type=\"container\" data-settings=\"{&quot;jet_parallax_layout_list&quot;:[]}\">\n\t\t\t\t\t<div class=\"e-con-inner\">\n\t\t<div class=\"elementor-element elementor-element-9e3810c e-con-full e-flex e-con e-child\" data-id=\"9e3810c\" data-element_type=\"container\" data-e-type=\"container\" data-settings=\"{&quot;background_background&quot;:&quot;classic&quot;,&quot;jet_parallax_layout_list&quot;:[]}\">\n\t\t\t\t<div class=\"elementor-element elementor-element-8057b84 elementor-widget elementor-widget-heading\" data-id=\"8057b84\" data-element_type=\"widget\" data-e-type=\"widget\" data-widget_type=\"heading.default\">\n\t\t\t\t<div class=\"elementor-widget-container\">\n\t\t\t\t\t<h2 class=\"elementor-heading-title elementor-size-default\">Vous \u00eates d\u00e9j\u00e0 client GO ! <\/h2>\t\t\t\t<\/div>\n\t\t\t\t<\/div>\n\t\t\t\t<div class=\"elementor-element elementor-element-b1fa535 elementor-widget elementor-widget-text-editor\" data-id=\"b1fa535\" data-element_type=\"widget\" data-e-type=\"widget\" data-widget_type=\"text-editor.default\">\n\t\t\t\t<div class=\"elementor-widget-container\">\n\t\t\t\t\t\t\t\t\t<p>Envoyer un colis maintenant :<\/p>\t\t\t\t\t\t\t\t<\/div>\n\t\t\t\t<\/div>\n\t\t\t\t<div class=\"elementor-element elementor-element-b3a7710 elementor-align-left elementor-widget elementor-widget-button\" data-id=\"b3a7710\" data-element_type=\"widget\" data-e-type=\"widget\" data-widget_type=\"button.default\">\n\t\t\t\t<div class=\"elementor-widget-container\">\n\t\t\t\t\t\t\t\t\t<div class=\"elementor-button-wrapper\">\n\t\t\t\t\t<a class=\"elementor-button elementor-button-link elementor-size-sm\" href=\"https:\/\/manage.1st-scan.net\/login\">\n\t\t\t\t\t\t<span class=\"elementor-button-content-wrapper\">\n\t\t\t\t\t\t<span class=\"elementor-button-icon\">\n\t\t\t\t<i aria-hidden=\"true\" class=\"icon icon-arrow-right\"><\/i>\t\t\t<\/span>\n\t\t\t\t\t\t\t\t\t<span class=\"elementor-button-text\">Vers le login<\/span>\n\t\t\t\t\t<\/span>\n\t\t\t\t\t<\/a>\n\t\t\t\t<\/div>\n\t\t\t\t\t\t\t\t<\/div>\n\t\t\t\t<\/div>\n\t\t\t\t<\/div>\n\t\t<div class=\"elementor-element elementor-element-858d6d0 e-con-full e-flex e-con e-child\" data-id=\"858d6d0\" data-element_type=\"container\" data-e-type=\"container\" data-settings=\"{&quot;background_background&quot;:&quot;classic&quot;,&quot;jet_parallax_layout_list&quot;:[]}\">\n\t\t\t\t<div class=\"elementor-element elementor-element-dbb029d elementor-widget elementor-widget-heading\" data-id=\"dbb029d\" data-element_type=\"widget\" data-e-type=\"widget\" data-widget_type=\"heading.default\">\n\t\t\t\t<div class=\"elementor-widget-container\">\n\t\t\t\t\t<h2 class=\"elementor-heading-title elementor-size-default\">Vous avez besoin d'aide ?<\/h2>\t\t\t\t<\/div>\n\t\t\t\t<\/div>\n\t\t\t\t<div class=\"elementor-element elementor-element-fd4db14 elementor-widget elementor-widget-text-editor\" data-id=\"fd4db14\" data-element_type=\"widget\" data-e-type=\"widget\" data-widget_type=\"text-editor.default\">\n\t\t\t\t<div class=\"elementor-widget-container\">\n\t\t\t\t\t\t\t\t\t<p>Pour des conseils personnalis\u00e9s, appelez le :<\/p>\t\t\t\t\t\t\t\t<\/div>\n\t\t\t\t<\/div>\n\t\t\t\t<div class=\"elementor-element elementor-element-7bb9beb elementor-align-left elementor-widget elementor-widget-button\" data-id=\"7bb9beb\" data-element_type=\"widget\" data-e-type=\"widget\" data-widget_type=\"button.default\">\n\t\t\t\t<div class=\"elementor-widget-container\">\n\t\t\t\t\t\t\t\t\t<div class=\"elementor-button-wrapper\">\n\t\t\t\t\t<a class=\"elementor-button elementor-button-link elementor-size-sm\" href=\"tel:+41800859999\">\n\t\t\t\t\t\t<span class=\"elementor-button-content-wrapper\">\n\t\t\t\t\t\t<span class=\"elementor-button-icon\">\n\t\t\t\t<i aria-hidden=\"true\" class=\"icon icon-phone1\"><\/i>\t\t\t<\/span>\n\t\t\t\t\t\t\t\t\t<span class=\"elementor-button-text\">0800 \/ 85 99 99<\/span>\n\t\t\t\t\t<\/span>\n\t\t\t\t\t<\/a>\n\t\t\t\t<\/div>\n\t\t\t\t\t\t\t\t<\/div>\n\t\t\t\t<\/div>\n\t\t\t\t<\/div>\n\t\t\t\t\t<\/div>\n\t\t\t\t<\/div>\n\t\t\t\t<\/div>\n\t\t\t\t<\/div>\n\t\t\t\t\t\t<\/div>\n\t\t\t\t<\/div>\n\t\t\t\t<\/div>\n\t\t\t\t<\/div>\n\t\t","protected":false},"excerpt":{"rendered":"<p>Logistique des pi\u00e8ces d\u00e9tach\u00e9es !? GO ! Automotive Pour nous, la logistique des pi\u00e8ces d\u00e9tach\u00e9es n&rsquo;est pas qu&rsquo;un mot, c&rsquo;est une r\u00e9alit\u00e9 quotidienne. 365 jours par an, 7 jours par semaine, 24 heures par jour. R\u00e9activit\u00e9, pr\u00e9cision et qualit\u00e9 de service qui font toute la diff\u00e9rence. Notre gamme de services dans le domaine de l&rsquo;automobile [&hellip;]<\/p>\n","protected":false},"author":8,"featured_media":0,"parent":8904,"menu_order":0,"comment_status":"closed","ping_status":"closed","template":"","meta":{"_monsterinsights_skip_tracking":false,"_monsterinsights_sitenote_active":false,"_monsterinsights_sitenote_note":"","_monsterinsights_sitenote_category":0,"footnotes":""},"class_list":["post-9136","page","type-page","status-publish","hentry"],"yoast_head":"<!-- This site is optimized with the Yoast SEO plugin v27.2 - https:\/\/yoast.com\/product\/yoast-seo-wordpress\/ -->\n<title>GO ! Automotive - GO! Express &amp; Logistics<\/title>\n<meta name=\"robots\" content=\"index, follow, max-snippet:-1, max-image-preview:large, max-video-preview:-1\" \/>\n<link rel=\"canonical\" href=\"https:\/\/generalovernight.ch\/fr\/produits\/go-solutions\/solutions-sectorielles\/go-automotive\/\" \/>\n<meta property=\"og:locale\" content=\"fr_FR\" \/>\n<meta property=\"og:type\" content=\"article\" \/>\n<meta property=\"og:title\" content=\"GO ! Automotive - GO! Express &amp; Logistics\" \/>\n<meta property=\"og:description\" content=\"Logistique des pi\u00e8ces d\u00e9tach\u00e9es !? GO ! Automotive Pour nous, la logistique des pi\u00e8ces d\u00e9tach\u00e9es n&rsquo;est pas qu&rsquo;un mot, c&rsquo;est une r\u00e9alit\u00e9 quotidienne. 365 jours par an, 7 jours par semaine, 24 heures par jour. R\u00e9activit\u00e9, pr\u00e9cision et qualit\u00e9 de service qui font toute la diff\u00e9rence. Notre gamme de services dans le domaine de l&rsquo;automobile [&hellip;]\" \/>\n<meta property=\"og:url\" content=\"https:\/\/generalovernight.ch\/fr\/produits\/go-solutions\/solutions-sectorielles\/go-automotive\/\" \/>\n<meta property=\"og:site_name\" content=\"GO! Express &amp; Logistics\" \/>\n<meta property=\"article:modified_time\" content=\"2025-03-17T12:16:02+00:00\" \/>\n<meta property=\"og:image\" content=\"https:\/\/p682793.webspaceconfig.de\/wp-content\/uploads\/2024\/12\/Kampagne_Dresden_2.jpg\" \/>\n<meta name=\"twitter:card\" content=\"summary_large_image\" \/>\n<meta name=\"twitter:label1\" content=\"Dur\u00e9e de lecture estim\u00e9e\" \/>\n\t<meta name=\"twitter:data1\" content=\"1 minute\" \/>\n<script type=\"application\/ld+json\" class=\"yoast-schema-graph\">{\"@context\":\"https:\/\/schema.org\",\"@graph\":[{\"@type\":\"WebPage\",\"@id\":\"https:\/\/generalovernight.ch\/fr\/produits\/go-solutions\/solutions-sectorielles\/go-automotive\/\",\"url\":\"https:\/\/generalovernight.ch\/fr\/produits\/go-solutions\/solutions-sectorielles\/go-automotive\/\",\"name\":\"GO ! Automotive - GO! Express &amp; Logistics\",\"isPartOf\":{\"@id\":\"https:\/\/generalovernight.ch\/fr\/#website\"},\"primaryImageOfPage\":{\"@id\":\"https:\/\/generalovernight.ch\/fr\/produits\/go-solutions\/solutions-sectorielles\/go-automotive\/#primaryimage\"},\"image\":{\"@id\":\"https:\/\/generalovernight.ch\/fr\/produits\/go-solutions\/solutions-sectorielles\/go-automotive\/#primaryimage\"},\"thumbnailUrl\":\"https:\/\/p682793.webspaceconfig.de\/wp-content\/uploads\/2024\/12\/Kampagne_Dresden_2.jpg\",\"datePublished\":\"2024-12-16T07:48:10+00:00\",\"dateModified\":\"2025-03-17T12:16:02+00:00\",\"breadcrumb\":{\"@id\":\"https:\/\/generalovernight.ch\/fr\/produits\/go-solutions\/solutions-sectorielles\/go-automotive\/#breadcrumb\"},\"inLanguage\":\"fr-FR\",\"potentialAction\":[{\"@type\":\"ReadAction\",\"target\":[\"https:\/\/generalovernight.ch\/fr\/produits\/go-solutions\/solutions-sectorielles\/go-automotive\/\"]}]},{\"@type\":\"ImageObject\",\"inLanguage\":\"fr-FR\",\"@id\":\"https:\/\/generalovernight.ch\/fr\/produits\/go-solutions\/solutions-sectorielles\/go-automotive\/#primaryimage\",\"url\":\"https:\/\/p682793.webspaceconfig.de\/wp-content\/uploads\/2024\/12\/Kampagne_Dresden_2.jpg\",\"contentUrl\":\"https:\/\/p682793.webspaceconfig.de\/wp-content\/uploads\/2024\/12\/Kampagne_Dresden_2.jpg\"},{\"@type\":\"BreadcrumbList\",\"@id\":\"https:\/\/generalovernight.ch\/fr\/produits\/go-solutions\/solutions-sectorielles\/go-automotive\/#breadcrumb\",\"itemListElement\":[{\"@type\":\"ListItem\",\"position\":1,\"name\":\"Startseite\",\"item\":\"https:\/\/generalovernight.ch\/fr\/\"},{\"@type\":\"ListItem\",\"position\":2,\"name\":\"Produits\",\"item\":\"https:\/\/generalovernight.ch\/fr\/produkte\/\"},{\"@type\":\"ListItem\",\"position\":3,\"name\":\"GO ! Solutions\",\"item\":\"https:\/\/generalovernight.ch\/fr\/produkte\/go-solutions\/\"},{\"@type\":\"ListItem\",\"position\":4,\"name\":\"Solutions sectorielles\",\"item\":\"https:\/\/generalovernight.ch\/fr\/produkte\/go-solutions\/branchenloesungen\/\"},{\"@type\":\"ListItem\",\"position\":5,\"name\":\"GO ! Automotive\"}]},{\"@type\":\"WebSite\",\"@id\":\"https:\/\/generalovernight.ch\/fr\/#website\",\"url\":\"https:\/\/generalovernight.ch\/fr\/\",\"name\":\"GO! Express &amp; Logistics\",\"description\":\"\",\"potentialAction\":[{\"@type\":\"SearchAction\",\"target\":{\"@type\":\"EntryPoint\",\"urlTemplate\":\"https:\/\/generalovernight.ch\/fr\/?s={search_term_string}\"},\"query-input\":{\"@type\":\"PropertyValueSpecification\",\"valueRequired\":true,\"valueName\":\"search_term_string\"}}],\"inLanguage\":\"fr-FR\"}]}<\/script>\n<!-- \/ Yoast SEO plugin. -->","yoast_head_json":{"title":"GO ! Automotive - GO! Express &amp; Logistics","robots":{"index":"index","follow":"follow","max-snippet":"max-snippet:-1","max-image-preview":"max-image-preview:large","max-video-preview":"max-video-preview:-1"},"canonical":"https:\/\/generalovernight.ch\/fr\/produits\/go-solutions\/solutions-sectorielles\/go-automotive\/","og_locale":"fr_FR","og_type":"article","og_title":"GO ! Automotive - GO! Express &amp; Logistics","og_description":"Logistique des pi\u00e8ces d\u00e9tach\u00e9es !? GO ! Automotive Pour nous, la logistique des pi\u00e8ces d\u00e9tach\u00e9es n&rsquo;est pas qu&rsquo;un mot, c&rsquo;est une r\u00e9alit\u00e9 quotidienne. 365 jours par an, 7 jours par semaine, 24 heures par jour. R\u00e9activit\u00e9, pr\u00e9cision et qualit\u00e9 de service qui font toute la diff\u00e9rence. Notre gamme de services dans le domaine de l&rsquo;automobile [&hellip;]","og_url":"https:\/\/generalovernight.ch\/fr\/produits\/go-solutions\/solutions-sectorielles\/go-automotive\/","og_site_name":"GO! Express &amp; Logistics","article_modified_time":"2025-03-17T12:16:02+00:00","og_image":[{"url":"https:\/\/p682793.webspaceconfig.de\/wp-content\/uploads\/2024\/12\/Kampagne_Dresden_2.jpg","type":"","width":"","height":""}],"twitter_card":"summary_large_image","twitter_misc":{"Dur\u00e9e de lecture estim\u00e9e":"1 minute"},"schema":{"@context":"https:\/\/schema.org","@graph":[{"@type":"WebPage","@id":"https:\/\/generalovernight.ch\/fr\/produits\/go-solutions\/solutions-sectorielles\/go-automotive\/","url":"https:\/\/generalovernight.ch\/fr\/produits\/go-solutions\/solutions-sectorielles\/go-automotive\/","name":"GO ! Automotive - GO! Express &amp; Logistics","isPartOf":{"@id":"https:\/\/generalovernight.ch\/fr\/#website"},"primaryImageOfPage":{"@id":"https:\/\/generalovernight.ch\/fr\/produits\/go-solutions\/solutions-sectorielles\/go-automotive\/#primaryimage"},"image":{"@id":"https:\/\/generalovernight.ch\/fr\/produits\/go-solutions\/solutions-sectorielles\/go-automotive\/#primaryimage"},"thumbnailUrl":"https:\/\/p682793.webspaceconfig.de\/wp-content\/uploads\/2024\/12\/Kampagne_Dresden_2.jpg","datePublished":"2024-12-16T07:48:10+00:00","dateModified":"2025-03-17T12:16:02+00:00","breadcrumb":{"@id":"https:\/\/generalovernight.ch\/fr\/produits\/go-solutions\/solutions-sectorielles\/go-automotive\/#breadcrumb"},"inLanguage":"fr-FR","potentialAction":[{"@type":"ReadAction","target":["https:\/\/generalovernight.ch\/fr\/produits\/go-solutions\/solutions-sectorielles\/go-automotive\/"]}]},{"@type":"ImageObject","inLanguage":"fr-FR","@id":"https:\/\/generalovernight.ch\/fr\/produits\/go-solutions\/solutions-sectorielles\/go-automotive\/#primaryimage","url":"https:\/\/p682793.webspaceconfig.de\/wp-content\/uploads\/2024\/12\/Kampagne_Dresden_2.jpg","contentUrl":"https:\/\/p682793.webspaceconfig.de\/wp-content\/uploads\/2024\/12\/Kampagne_Dresden_2.jpg"},{"@type":"BreadcrumbList","@id":"https:\/\/generalovernight.ch\/fr\/produits\/go-solutions\/solutions-sectorielles\/go-automotive\/#breadcrumb","itemListElement":[{"@type":"ListItem","position":1,"name":"Startseite","item":"https:\/\/generalovernight.ch\/fr\/"},{"@type":"ListItem","position":2,"name":"Produits","item":"https:\/\/generalovernight.ch\/fr\/produkte\/"},{"@type":"ListItem","position":3,"name":"GO ! Solutions","item":"https:\/\/generalovernight.ch\/fr\/produkte\/go-solutions\/"},{"@type":"ListItem","position":4,"name":"Solutions sectorielles","item":"https:\/\/generalovernight.ch\/fr\/produkte\/go-solutions\/branchenloesungen\/"},{"@type":"ListItem","position":5,"name":"GO ! Automotive"}]},{"@type":"WebSite","@id":"https:\/\/generalovernight.ch\/fr\/#website","url":"https:\/\/generalovernight.ch\/fr\/","name":"GO! Express &amp; Logistics","description":"","potentialAction":[{"@type":"SearchAction","target":{"@type":"EntryPoint","urlTemplate":"https:\/\/generalovernight.ch\/fr\/?s={search_term_string}"},"query-input":{"@type":"PropertyValueSpecification","valueRequired":true,"valueName":"search_term_string"}}],"inLanguage":"fr-FR"}]}},"_links":{"self":[{"href":"https:\/\/generalovernight.ch\/fr\/wp-json\/wp\/v2\/pages\/9136","targetHints":{"allow":["GET"]}}],"collection":[{"href":"https:\/\/generalovernight.ch\/fr\/wp-json\/wp\/v2\/pages"}],"about":[{"href":"https:\/\/generalovernight.ch\/fr\/wp-json\/wp\/v2\/types\/page"}],"author":[{"embeddable":true,"href":"https:\/\/generalovernight.ch\/fr\/wp-json\/wp\/v2\/users\/8"}],"replies":[{"embeddable":true,"href":"https:\/\/generalovernight.ch\/fr\/wp-json\/wp\/v2\/comments?post=9136"}],"version-history":[{"count":2,"href":"https:\/\/generalovernight.ch\/fr\/wp-json\/wp\/v2\/pages\/9136\/revisions"}],"predecessor-version":[{"id":9140,"href":"https:\/\/generalovernight.ch\/fr\/wp-json\/wp\/v2\/pages\/9136\/revisions\/9140"}],"up":[{"embeddable":true,"href":"https:\/\/generalovernight.ch\/fr\/wp-json\/wp\/v2\/pages\/8904"}],"wp:attachment":[{"href":"https:\/\/generalovernight.ch\/fr\/wp-json\/wp\/v2\/media?parent=9136"}],"curies":[{"name":"wp","href":"https:\/\/api.w.org\/{rel}","templated":true}]}}