{"id":8656,"date":"2024-12-16T15:56:09","date_gmt":"2024-12-16T15:56:09","guid":{"rendered":"https:\/\/p682793.webspaceconfig.de\/informazioni-legali\/"},"modified":"2025-03-21T20:03:28","modified_gmt":"2025-03-21T20:03:28","slug":"informazioni-legali","status":"publish","type":"page","link":"https:\/\/generalovernight.ch\/it\/informazioni-legali\/","title":{"rendered":"Informazioni legali"},"content":{"rendered":"\t\t<div data-elementor-type=\"wp-page\" data-elementor-id=\"8656\" class=\"elementor elementor-8656 elementor-6626\" data-elementor-post-type=\"page\">\n\t\t\t\t<div class=\"elementor-element elementor-element-ed8d161 e-flex e-con-boxed e-con e-parent\" data-id=\"ed8d161\" data-element_type=\"container\" data-e-type=\"container\" data-settings=\"{&quot;jet_parallax_layout_list&quot;:[]}\">\n\t\t\t\t\t<div class=\"e-con-inner\">\n\t\t\t\t<div class=\"elementor-element elementor-element-95ef4ca elementor-widget elementor-widget-heading\" data-id=\"95ef4ca\" data-element_type=\"widget\" data-e-type=\"widget\" data-widget_type=\"heading.default\">\n\t\t\t\t<div class=\"elementor-widget-container\">\n\t\t\t\t\t<h1 class=\"elementor-heading-title elementor-size-default\">Informazioni legali<\/h1>\t\t\t\t<\/div>\n\t\t\t\t<\/div>\n\t\t\t\t<div class=\"elementor-element elementor-element-146261c elementor-widget elementor-widget-heading\" data-id=\"146261c\" data-element_type=\"widget\" data-e-type=\"widget\" data-widget_type=\"heading.default\">\n\t\t\t\t<div class=\"elementor-widget-container\">\n\t\t\t\t\t<h2 class=\"elementor-heading-title elementor-size-default\">GO! EXPRESS &amp; LOGISTICS (SVIZZERA) AG <\/h2>\t\t\t\t<\/div>\n\t\t\t\t<\/div>\n\t\t\t\t<div class=\"elementor-element elementor-element-afe69da elementor-widget elementor-widget-text-editor\" data-id=\"afe69da\" data-element_type=\"widget\" data-e-type=\"widget\" data-widget_type=\"text-editor.default\">\n\t\t\t\t<div class=\"elementor-widget-container\">\n\t\t\t\t\t\t\t\t\t<p>Stato: dicembre 2022<\/p>\t\t\t\t\t\t\t\t<\/div>\n\t\t\t\t<\/div>\n\t\t\t\t\t<\/div>\n\t\t\t\t<\/div>\n\t\t<div class=\"elementor-element elementor-element-b97c5ae e-flex e-con-boxed e-con e-parent\" data-id=\"b97c5ae\" data-element_type=\"container\" data-e-type=\"container\" data-settings=\"{&quot;jet_parallax_layout_list&quot;:[]}\">\n\t\t\t\t\t<div class=\"e-con-inner\">\n\t\t\t\t<div class=\"elementor-element elementor-element-ba6c042 li-pad elementor-widget elementor-widget-text-editor\" data-id=\"ba6c042\" data-element_type=\"widget\" data-e-type=\"widget\" data-widget_type=\"text-editor.default\">\n\t\t\t\t<div class=\"elementor-widget-container\">\n\t\t\t\t\t\t\t\t\t<div class=\"col-12 col-md-8\"><div class=\"neos-contentcollection\"><div class=\"container neos-nodetypes-text\"><div class=\"container neos-nodetypes-text\"><div class=\"container neos-nodetypes-text\"><p>Grazie per aver visitato il nostro sito web! Tutti i dati personali che ci fornisci quando ci contatti saranno trattati in modo confidenziale e saranno utilizzati solo per inviarti informazioni sui prodotti, fornirti assistenza personalizzata o presentare offerte di servizi. I tuoi dati potranno essere trasmessi ai partner del network GO! per i suddetti scopi.<br>Abbiamo redatto questo sito web per te con la massima cura possibile. Nonostante le nostre accurate ricerche, non possiamo garantire che sia assolutamente privo di errori. GO! esclude ogni responsabilit\u00e0 per qualsiasi danno derivante direttamente o indirettamente dall&#8217;uso del sito web, a meno che tale danno non sia attribuibile a dolo da parte di GO!     <\/p><p>Tutte le immagini, i testi e le altre informazioni qui riportate sono soggette al copyright di GO! General Overnight Service (Deutschland) GmbH, delle sue stazioni e di GO! Express &amp; Logistics (Svizzera) AG. \u00c8 espressamente vietata la distribuzione, la duplicazione, la riproduzione, l&#8217;inoltro, l&#8217;archiviazione o la trasmissione senza previa autorizzazione scritta.   <\/p><p>I file di immagini, suoni e testi inviati diventeranno propriet\u00e0 di GO! Express &amp; Logistics (Schweiz) AG e potranno essere utilizzati liberamente da quest&#8217;ultima. Il mittente cede a GO! i diritti di utilizzo del materiale da lui fornito e dichiara che questo \u00e8 autentico, appartiene alla sua persona ed \u00e8 liberamente disponibile per la mediazione e la pubblicit\u00e0. Dichiara inoltre che non esistono diritti di terzi in qualsiasi forma. Il cliente manleva GO! da qualsiasi rivendicazione di terzi a questo proposito.    <\/p><p>In alcuni punti di queste pagine troverai dei link ad altre aziende, autorit\u00e0 o privati per il cui contenuto non ci assumiamo alcuna responsabilit\u00e0. La responsabilit\u00e0 per il contenuto di queste pagine \u00e8 esclusivamente del gestore del rispettivo sito web. <\/p><p>Non \u00e8 stata concessa alcuna autorizzazione generale per i link al sito web di GO! Express &amp; Logistics (Schweiz) AG da altri provider Internet. Fanno eccezione i siti internet con contenuti diretti e specializzati, di cui chiediamo di informare i webmaster. Ai provider di Internet con contenuti immorali, criminali o politici \u00e8 generalmente vietato fare riferimento o collegarsi alle nostre pagine, pena l&#8217;avvio di procedimenti penali e civili.   <\/p><\/div><\/div><\/div><\/div><\/div>\t\t\t\t\t\t\t\t<\/div>\n\t\t\t\t<\/div>\n\t\t\t\t\t<\/div>\n\t\t\t\t<\/div>\n\t\t<div class=\"elementor-element elementor-element-1b3ebb6 e-flex e-con-boxed e-con e-parent\" data-id=\"1b3ebb6\" data-element_type=\"container\" data-e-type=\"container\" data-settings=\"{&quot;jet_parallax_layout_list&quot;:[]}\">\n\t\t\t\t\t<div class=\"e-con-inner\">\n\t\t\t\t<div class=\"elementor-element elementor-element-1ec89f2 elementor-widget elementor-widget-heading\" data-id=\"1ec89f2\" data-element_type=\"widget\" data-e-type=\"widget\" data-widget_type=\"heading.default\">\n\t\t\t\t<div class=\"elementor-widget-container\">\n\t\t\t\t\t<h2 class=\"elementor-heading-title elementor-size-default\">Centro di arbitrato per le controversie tra clienti e fornitori di servizi postali<\/h2>\t\t\t\t<\/div>\n\t\t\t\t<\/div>\n\t\t\t\t\t<\/div>\n\t\t\t\t<\/div>\n\t\t<div class=\"elementor-element elementor-element-25b54f5 e-flex e-con-boxed e-con e-parent\" data-id=\"25b54f5\" data-element_type=\"container\" data-e-type=\"container\" data-settings=\"{&quot;jet_parallax_layout_list&quot;:[]}\">\n\t\t\t\t\t<div class=\"e-con-inner\">\n\t\t\t\t<div class=\"elementor-element elementor-element-048e405 elementor-widget elementor-widget-text-editor\" data-id=\"048e405\" data-element_type=\"widget\" data-e-type=\"widget\" data-widget_type=\"text-editor.default\">\n\t\t\t\t<div class=\"elementor-widget-container\">\n\t\t\t\t\t\t\t\t\t<div class=\"col-12 col-md-8\"><div class=\"neos-contentcollection\"><div class=\"container neos-nodetypes-text\"><div class=\"container neos-nodetypes-text\"><div class=\"container neos-nodetypes-text\"><p>Ai sensi dell&#8217;attuale Ordinanza postale (PVG), Capitolo 6: Vigilanza, Sezione 4: Organo di conciliazione, Art. 65 e seguenti, l&#8217;organo di conciliazione Postcom \u00e8 a disposizione dei nostri clienti come punto di contatto per tutte le controversie di diritto civile (link: <a href=\"http:\/\/www.admin.ch\/opc\/de\/classified-compilation\/20112357\/index.html\" target=\"_blank\" rel=\"noopener\">Ordinanza postale<\/a>).<\/p><p><a href=\"http:\/\/www.ombud-postcom.ch\/\" target=\"_blank\" rel=\"noopener\">Link Postcom<\/a><\/p><\/div><\/div><\/div><\/div><\/div>\t\t\t\t\t\t\t\t<\/div>\n\t\t\t\t<\/div>\n\t\t\t\t\t<\/div>\n\t\t\t\t<\/div>\n\t\t\t\t<\/div>\n\t\t","protected":false},"excerpt":{"rendered":"<p>Informazioni legali GO! EXPRESS &amp; LOGISTICS (SVIZZERA) AG Stato: dicembre 2022 Grazie per aver visitato il nostro sito web! Tutti i dati personali che ci fornisci quando ci contatti saranno trattati in modo confidenziale e saranno utilizzati solo per inviarti informazioni sui prodotti, fornirti assistenza personalizzata o presentare offerte di servizi. I tuoi dati potranno [&hellip;]<\/p>\n","protected":false},"author":8,"featured_media":0,"parent":0,"menu_order":0,"comment_status":"closed","ping_status":"closed","template":"","meta":{"_monsterinsights_skip_tracking":false,"_monsterinsights_sitenote_active":false,"_monsterinsights_sitenote_note":"","_monsterinsights_sitenote_category":0,"footnotes":""},"class_list":["post-8656","page","type-page","status-publish","hentry"],"yoast_head":"<!-- This site is optimized with the Yoast SEO plugin v27.2 - https:\/\/yoast.com\/product\/yoast-seo-wordpress\/ -->\n<title>Informazioni legali - GO! Express &amp; Logistics<\/title>\n<meta name=\"robots\" content=\"index, follow, max-snippet:-1, max-image-preview:large, max-video-preview:-1\" \/>\n<link rel=\"canonical\" href=\"https:\/\/generalovernight.ch\/it\/informazioni-legali\/\" \/>\n<meta property=\"og:locale\" content=\"it_IT\" \/>\n<meta property=\"og:type\" content=\"article\" \/>\n<meta property=\"og:title\" content=\"Informazioni legali - GO! Express &amp; Logistics\" \/>\n<meta property=\"og:description\" content=\"Informazioni legali GO! EXPRESS &amp; LOGISTICS (SVIZZERA) AG Stato: dicembre 2022 Grazie per aver visitato il nostro sito web! Tutti i dati personali che ci fornisci quando ci contatti saranno trattati in modo confidenziale e saranno utilizzati solo per inviarti informazioni sui prodotti, fornirti assistenza personalizzata o presentare offerte di servizi. I tuoi dati potranno [&hellip;]\" \/>\n<meta property=\"og:url\" content=\"https:\/\/generalovernight.ch\/it\/informazioni-legali\/\" \/>\n<meta property=\"og:site_name\" content=\"GO! Express &amp; Logistics\" \/>\n<meta property=\"article:modified_time\" content=\"2025-03-21T20:03:28+00:00\" \/>\n<meta name=\"twitter:card\" content=\"summary_large_image\" \/>\n<meta name=\"twitter:label1\" content=\"Tempo di lettura stimato\" \/>\n\t<meta name=\"twitter:data1\" content=\"2 minuti\" \/>\n<script type=\"application\/ld+json\" class=\"yoast-schema-graph\">{\"@context\":\"https:\/\/schema.org\",\"@graph\":[{\"@type\":\"WebPage\",\"@id\":\"https:\/\/generalovernight.ch\/it\/informazioni-legali\/\",\"url\":\"https:\/\/generalovernight.ch\/it\/informazioni-legali\/\",\"name\":\"Informazioni legali - GO! Express &amp; Logistics\",\"isPartOf\":{\"@id\":\"https:\/\/generalovernight.ch\/it\/#website\"},\"datePublished\":\"2024-12-16T15:56:09+00:00\",\"dateModified\":\"2025-03-21T20:03:28+00:00\",\"breadcrumb\":{\"@id\":\"https:\/\/generalovernight.ch\/it\/informazioni-legali\/#breadcrumb\"},\"inLanguage\":\"it-IT\",\"potentialAction\":[{\"@type\":\"ReadAction\",\"target\":[\"https:\/\/generalovernight.ch\/it\/informazioni-legali\/\"]}]},{\"@type\":\"BreadcrumbList\",\"@id\":\"https:\/\/generalovernight.ch\/it\/informazioni-legali\/#breadcrumb\",\"itemListElement\":[{\"@type\":\"ListItem\",\"position\":1,\"name\":\"Startseite\",\"item\":\"https:\/\/generalovernight.ch\/it\/\"},{\"@type\":\"ListItem\",\"position\":2,\"name\":\"Informazioni legali\"}]},{\"@type\":\"WebSite\",\"@id\":\"https:\/\/generalovernight.ch\/it\/#website\",\"url\":\"https:\/\/generalovernight.ch\/it\/\",\"name\":\"GO! Express &amp; Logistics\",\"description\":\"\",\"potentialAction\":[{\"@type\":\"SearchAction\",\"target\":{\"@type\":\"EntryPoint\",\"urlTemplate\":\"https:\/\/generalovernight.ch\/it\/?s={search_term_string}\"},\"query-input\":{\"@type\":\"PropertyValueSpecification\",\"valueRequired\":true,\"valueName\":\"search_term_string\"}}],\"inLanguage\":\"it-IT\"}]}<\/script>\n<!-- \/ Yoast SEO plugin. -->","yoast_head_json":{"title":"Informazioni legali - GO! Express &amp; Logistics","robots":{"index":"index","follow":"follow","max-snippet":"max-snippet:-1","max-image-preview":"max-image-preview:large","max-video-preview":"max-video-preview:-1"},"canonical":"https:\/\/generalovernight.ch\/it\/informazioni-legali\/","og_locale":"it_IT","og_type":"article","og_title":"Informazioni legali - GO! Express &amp; Logistics","og_description":"Informazioni legali GO! EXPRESS &amp; LOGISTICS (SVIZZERA) AG Stato: dicembre 2022 Grazie per aver visitato il nostro sito web! Tutti i dati personali che ci fornisci quando ci contatti saranno trattati in modo confidenziale e saranno utilizzati solo per inviarti informazioni sui prodotti, fornirti assistenza personalizzata o presentare offerte di servizi. I tuoi dati potranno [&hellip;]","og_url":"https:\/\/generalovernight.ch\/it\/informazioni-legali\/","og_site_name":"GO! Express &amp; Logistics","article_modified_time":"2025-03-21T20:03:28+00:00","twitter_card":"summary_large_image","twitter_misc":{"Tempo di lettura stimato":"2 minuti"},"schema":{"@context":"https:\/\/schema.org","@graph":[{"@type":"WebPage","@id":"https:\/\/generalovernight.ch\/it\/informazioni-legali\/","url":"https:\/\/generalovernight.ch\/it\/informazioni-legali\/","name":"Informazioni legali - GO! Express &amp; Logistics","isPartOf":{"@id":"https:\/\/generalovernight.ch\/it\/#website"},"datePublished":"2024-12-16T15:56:09+00:00","dateModified":"2025-03-21T20:03:28+00:00","breadcrumb":{"@id":"https:\/\/generalovernight.ch\/it\/informazioni-legali\/#breadcrumb"},"inLanguage":"it-IT","potentialAction":[{"@type":"ReadAction","target":["https:\/\/generalovernight.ch\/it\/informazioni-legali\/"]}]},{"@type":"BreadcrumbList","@id":"https:\/\/generalovernight.ch\/it\/informazioni-legali\/#breadcrumb","itemListElement":[{"@type":"ListItem","position":1,"name":"Startseite","item":"https:\/\/generalovernight.ch\/it\/"},{"@type":"ListItem","position":2,"name":"Informazioni legali"}]},{"@type":"WebSite","@id":"https:\/\/generalovernight.ch\/it\/#website","url":"https:\/\/generalovernight.ch\/it\/","name":"GO! Express &amp; Logistics","description":"","potentialAction":[{"@type":"SearchAction","target":{"@type":"EntryPoint","urlTemplate":"https:\/\/generalovernight.ch\/it\/?s={search_term_string}"},"query-input":{"@type":"PropertyValueSpecification","valueRequired":true,"valueName":"search_term_string"}}],"inLanguage":"it-IT"}]}},"_links":{"self":[{"href":"https:\/\/generalovernight.ch\/it\/wp-json\/wp\/v2\/pages\/8656","targetHints":{"allow":["GET"]}}],"collection":[{"href":"https:\/\/generalovernight.ch\/it\/wp-json\/wp\/v2\/pages"}],"about":[{"href":"https:\/\/generalovernight.ch\/it\/wp-json\/wp\/v2\/types\/page"}],"author":[{"embeddable":true,"href":"https:\/\/generalovernight.ch\/it\/wp-json\/wp\/v2\/users\/8"}],"replies":[{"embeddable":true,"href":"https:\/\/generalovernight.ch\/it\/wp-json\/wp\/v2\/comments?post=8656"}],"version-history":[{"count":2,"href":"https:\/\/generalovernight.ch\/it\/wp-json\/wp\/v2\/pages\/8656\/revisions"}],"predecessor-version":[{"id":8660,"href":"https:\/\/generalovernight.ch\/it\/wp-json\/wp\/v2\/pages\/8656\/revisions\/8660"}],"wp:attachment":[{"href":"https:\/\/generalovernight.ch\/it\/wp-json\/wp\/v2\/media?parent=8656"}],"curies":[{"name":"wp","href":"https:\/\/api.w.org\/{rel}","templated":true}]}}