{"id":8720,"date":"2024-12-16T15:57:50","date_gmt":"2024-12-16T15:57:50","guid":{"rendered":"https:\/\/p682793.webspaceconfig.de\/offerte-di-lavoro\/"},"modified":"2025-03-21T20:03:36","modified_gmt":"2025-03-21T20:03:36","slug":"offerte-di-lavoro","status":"publish","type":"page","link":"https:\/\/generalovernight.ch\/it\/carriera\/offerte-di-lavoro\/","title":{"rendered":"Offerte di lavoro"},"content":{"rendered":"\t\t<div data-elementor-type=\"wp-page\" data-elementor-id=\"8720\" class=\"elementor elementor-8720 elementor-6631\" data-elementor-post-type=\"page\">\n\t\t\t\t<div class=\"elementor-element elementor-element-1d92b0f e-flex e-con-boxed e-con e-parent\" data-id=\"1d92b0f\" data-element_type=\"container\" data-e-type=\"container\" data-settings=\"{&quot;jet_parallax_layout_list&quot;:[]}\">\n\t\t\t\t\t<div class=\"e-con-inner\">\n\t\t\t\t<div class=\"elementor-element elementor-element-ec7085d elementor-widget elementor-widget-heading\" data-id=\"ec7085d\" data-element_type=\"widget\" data-e-type=\"widget\" data-widget_type=\"heading.default\">\n\t\t\t\t<div class=\"elementor-widget-container\">\n\t\t\t\t\t<h1 class=\"elementor-heading-title elementor-size-default\">Offerte di lavoro<\/h1>\t\t\t\t<\/div>\n\t\t\t\t<\/div>\n\t\t\t\t<div class=\"elementor-element elementor-element-7f2cf51 elementor-widget elementor-widget-spacer\" data-id=\"7f2cf51\" data-element_type=\"widget\" data-e-type=\"widget\" data-widget_type=\"spacer.default\">\n\t\t\t\t<div class=\"elementor-widget-container\">\n\t\t\t\t\t\t\t<div class=\"elementor-spacer\">\n\t\t\t<div class=\"elementor-spacer-inner\"><\/div>\n\t\t<\/div>\n\t\t\t\t\t\t<\/div>\n\t\t\t\t<\/div>\n\t\t\t\t<div class=\"elementor-element elementor-element-d6581e8 elementor-widget elementor-widget-text-editor\" data-id=\"d6581e8\" data-element_type=\"widget\" data-e-type=\"widget\" data-widget_type=\"text-editor.default\">\n\t\t\t\t<div class=\"elementor-widget-container\">\n\t\t\t\t\t\t\t\t\t<p>GO! Express &amp; Logistics (Schweiz) AG \u00e8 la sede della pi\u00f9 grande rete indipendente di corrieri ed espressi della Svizzera. GO! \u00e8 sinonimo di alta qualit\u00e0, affidabilit\u00e0 e orientamento al cliente. I nostri dipendenti danno vita a questi concetti ogni giorno, rendendoci un sistema espresso in espansione a livello internazionale. Per questo motivo siamo sempre alla ricerca di rinforzi in varie aree.   <\/p>\t\t\t\t\t\t\t\t<\/div>\n\t\t\t\t<\/div>\n\t\t\t\t\t<\/div>\n\t\t\t\t<\/div>\n\t\t<div class=\"elementor-element elementor-element-32d15b4 e-grid e-con-boxed e-con e-parent\" data-id=\"32d15b4\" data-element_type=\"container\" data-e-type=\"container\" data-settings=\"{&quot;jet_parallax_layout_list&quot;:[]}\">\n\t\t\t\t\t<div class=\"e-con-inner\">\n\t\t<div class=\"elementor-element elementor-element-e388812 e-con-full e-flex e-con e-child\" data-id=\"e388812\" data-element_type=\"container\" data-e-type=\"container\" data-settings=\"{&quot;background_background&quot;:&quot;classic&quot;,&quot;jet_parallax_layout_list&quot;:[]}\">\n\t\t\t\t<div class=\"elementor-element elementor-element-b4b830c elementor-widget elementor-widget-heading\" data-id=\"b4b830c\" data-element_type=\"widget\" data-e-type=\"widget\" data-widget_type=\"heading.default\">\n\t\t\t\t<div class=\"elementor-widget-container\">\n\t\t\t\t\t<h2 class=\"elementor-heading-title elementor-size-default\">Subappaltatore<\/h2>\t\t\t\t<\/div>\n\t\t\t\t<\/div>\n\t\t\t\t<div class=\"elementor-element elementor-element-bc6a3b1 elementor-tablet-align-justify elementor-widget elementor-widget-button\" data-id=\"bc6a3b1\" data-element_type=\"widget\" data-e-type=\"widget\" data-widget_type=\"button.default\">\n\t\t\t\t<div class=\"elementor-widget-container\">\n\t\t\t\t\t\t\t\t\t<div class=\"elementor-button-wrapper\">\n\t\t\t\t\t<a class=\"elementor-button elementor-button-link elementor-size-sm\" href=\"https:\/\/generalovernight.ch\/it\/?page_id=9037\">\n\t\t\t\t\t\t<span class=\"elementor-button-content-wrapper\">\n\t\t\t\t\t\t\t\t\t<span class=\"elementor-button-text\">Diventa un subappaltatore<\/span>\n\t\t\t\t\t<\/span>\n\t\t\t\t\t<\/a>\n\t\t\t\t<\/div>\n\t\t\t\t\t\t\t\t<\/div>\n\t\t\t\t<\/div>\n\t\t\t\t<div class=\"elementor-element elementor-element-a8f9e12 elementor-widget elementor-widget-image\" data-id=\"a8f9e12\" data-element_type=\"widget\" data-e-type=\"widget\" data-widget_type=\"image.default\">\n\t\t\t\t<div class=\"elementor-widget-container\">\n\t\t\t\t\t\t\t\t\t\t\t\t\t\t\t<img fetchpriority=\"high\" decoding=\"async\" width=\"800\" height=\"600\" src=\"https:\/\/generalovernight.ch\/wp-content\/uploads\/2024\/12\/2020_GO-Stadt_Sprinter-mit-Kurier_w_2_900x601-801x601-1.jpg\" class=\"attachment-large size-large wp-image-8771\" alt=\"\" srcset=\"https:\/\/generalovernight.ch\/wp-content\/uploads\/2024\/12\/2020_GO-Stadt_Sprinter-mit-Kurier_w_2_900x601-801x601-1.jpg 801w, https:\/\/generalovernight.ch\/wp-content\/uploads\/2024\/12\/2020_GO-Stadt_Sprinter-mit-Kurier_w_2_900x601-801x601-1-300x225.jpg 300w, https:\/\/generalovernight.ch\/wp-content\/uploads\/2024\/12\/2020_GO-Stadt_Sprinter-mit-Kurier_w_2_900x601-801x601-1-768x576.jpg 768w\" sizes=\"(max-width: 800px) 100vw, 800px\" \/>\t\t\t\t\t\t\t\t\t\t\t\t\t\t\t<\/div>\n\t\t\t\t<\/div>\n\t\t\t\t<\/div>\n\t\t<div class=\"elementor-element elementor-element-801b6f2 e-con-full e-flex e-con e-child\" data-id=\"801b6f2\" data-element_type=\"container\" data-e-type=\"container\" data-settings=\"{&quot;background_background&quot;:&quot;classic&quot;,&quot;jet_parallax_layout_list&quot;:[]}\">\n\t\t\t\t<div class=\"elementor-element elementor-element-a23ad71 elementor-widget elementor-widget-heading\" data-id=\"a23ad71\" data-element_type=\"widget\" data-e-type=\"widget\" data-widget_type=\"heading.default\">\n\t\t\t\t<div class=\"elementor-widget-container\">\n\t\t\t\t\t<h2 class=\"elementor-heading-title elementor-size-default\">Distribuzione<\/h2>\t\t\t\t<\/div>\n\t\t\t\t<\/div>\n\t\t\t\t<div class=\"elementor-element elementor-element-59df2d5 elementor-tablet-align-justify elementor-widget elementor-widget-button\" data-id=\"59df2d5\" data-element_type=\"widget\" data-e-type=\"widget\" data-widget_type=\"button.default\">\n\t\t\t\t<div class=\"elementor-widget-container\">\n\t\t\t\t\t\t\t\t\t<div class=\"elementor-button-wrapper\">\n\t\t\t\t\t<a class=\"elementor-button elementor-button-link elementor-size-sm\" href=\"https:\/\/generalovernight.ch\/it\/distribuzione\/\">\n\t\t\t\t\t\t<span class=\"elementor-button-content-wrapper\">\n\t\t\t\t\t\t\t\t\t<span class=\"elementor-button-text\">Ai posti vacanti<\/span>\n\t\t\t\t\t<\/span>\n\t\t\t\t\t<\/a>\n\t\t\t\t<\/div>\n\t\t\t\t\t\t\t\t<\/div>\n\t\t\t\t<\/div>\n\t\t\t\t<div class=\"elementor-element elementor-element-bb287d6 elementor-widget elementor-widget-image\" data-id=\"bb287d6\" data-element_type=\"widget\" data-e-type=\"widget\" data-widget_type=\"image.default\">\n\t\t\t\t<div class=\"elementor-widget-container\">\n\t\t\t\t\t\t\t\t\t\t\t\t\t\t\t<img decoding=\"async\" width=\"800\" height=\"246\" src=\"https:\/\/generalovernight.ch\/wp-content\/uploads\/2023\/01\/GO-karriere-vertrieb-1920x400-1-e1734510695274-1024x315.webp\" class=\"attachment-large size-large wp-image-4453\" alt=\"\" srcset=\"https:\/\/generalovernight.ch\/wp-content\/uploads\/2023\/01\/GO-karriere-vertrieb-1920x400-1-e1734510695274-1024x315.webp 1024w, https:\/\/generalovernight.ch\/wp-content\/uploads\/2023\/01\/GO-karriere-vertrieb-1920x400-1-e1734510695274-300x92.webp 300w, https:\/\/generalovernight.ch\/wp-content\/uploads\/2023\/01\/GO-karriere-vertrieb-1920x400-1-e1734510695274-768x236.webp 768w, https:\/\/generalovernight.ch\/wp-content\/uploads\/2023\/01\/GO-karriere-vertrieb-1920x400-1-e1734510695274.webp 1300w\" sizes=\"(max-width: 800px) 100vw, 800px\" \/>\t\t\t\t\t\t\t\t\t\t\t\t\t\t\t<\/div>\n\t\t\t\t<\/div>\n\t\t\t\t<\/div>\n\t\t<div class=\"elementor-element elementor-element-7ea5614 e-con-full e-flex e-con e-child\" data-id=\"7ea5614\" data-element_type=\"container\" data-e-type=\"container\" data-settings=\"{&quot;background_background&quot;:&quot;classic&quot;,&quot;jet_parallax_layout_list&quot;:[]}\">\n\t\t\t\t<div class=\"elementor-element elementor-element-e4615ca elementor-widget elementor-widget-heading\" data-id=\"e4615ca\" data-element_type=\"widget\" data-e-type=\"widget\" data-widget_type=\"heading.default\">\n\t\t\t\t<div class=\"elementor-widget-container\">\n\t\t\t\t\t<h2 class=\"elementor-heading-title elementor-size-default\">Operazioni<\/h2>\t\t\t\t<\/div>\n\t\t\t\t<\/div>\n\t\t\t\t<div class=\"elementor-element elementor-element-838b6c3 elementor-tablet-align-justify elementor-widget elementor-widget-button\" data-id=\"838b6c3\" data-element_type=\"widget\" data-e-type=\"widget\" data-widget_type=\"button.default\">\n\t\t\t\t<div class=\"elementor-widget-container\">\n\t\t\t\t\t\t\t\t\t<div class=\"elementor-button-wrapper\">\n\t\t\t\t\t<a class=\"elementor-button elementor-button-link elementor-size-sm\" href=\"https:\/\/generalovernight.ch\/it\/operazioni\/\">\n\t\t\t\t\t\t<span class=\"elementor-button-content-wrapper\">\n\t\t\t\t\t\t\t\t\t<span class=\"elementor-button-text\">Ai posti vacanti<\/span>\n\t\t\t\t\t<\/span>\n\t\t\t\t\t<\/a>\n\t\t\t\t<\/div>\n\t\t\t\t\t\t\t\t<\/div>\n\t\t\t\t<\/div>\n\t\t\t\t<div class=\"elementor-element elementor-element-6c6bf21 elementor-widget elementor-widget-image\" data-id=\"6c6bf21\" data-element_type=\"widget\" data-e-type=\"widget\" data-widget_type=\"image.default\">\n\t\t\t\t<div class=\"elementor-widget-container\">\n\t\t\t\t\t\t\t\t\t\t\t\t\t\t\t<img decoding=\"async\" width=\"800\" height=\"166\" src=\"https:\/\/generalovernight.ch\/wp-content\/uploads\/2023\/01\/GO-karriere-operations-1920x400-1-1024x213.webp\" class=\"attachment-large size-large wp-image-4462\" alt=\"\" srcset=\"https:\/\/generalovernight.ch\/wp-content\/uploads\/2023\/01\/GO-karriere-operations-1920x400-1-1024x213.webp 1024w, https:\/\/generalovernight.ch\/wp-content\/uploads\/2023\/01\/GO-karriere-operations-1920x400-1-300x63.webp 300w, https:\/\/generalovernight.ch\/wp-content\/uploads\/2023\/01\/GO-karriere-operations-1920x400-1-768x160.webp 768w, https:\/\/generalovernight.ch\/wp-content\/uploads\/2023\/01\/GO-karriere-operations-1920x400-1-1536x320.webp 1536w, https:\/\/generalovernight.ch\/wp-content\/uploads\/2023\/01\/GO-karriere-operations-1920x400-1.webp 1920w\" sizes=\"(max-width: 800px) 100vw, 800px\" \/>\t\t\t\t\t\t\t\t\t\t\t\t\t\t\t<\/div>\n\t\t\t\t<\/div>\n\t\t\t\t<\/div>\n\t\t<div class=\"elementor-element elementor-element-2a4ac2b e-con-full e-flex e-con e-child\" data-id=\"2a4ac2b\" data-element_type=\"container\" data-e-type=\"container\" data-settings=\"{&quot;background_background&quot;:&quot;classic&quot;,&quot;jet_parallax_layout_list&quot;:[]}\">\n\t\t\t\t<div class=\"elementor-element elementor-element-dbb667d elementor-widget elementor-widget-heading\" data-id=\"dbb667d\" data-element_type=\"widget\" data-e-type=\"widget\" data-widget_type=\"heading.default\">\n\t\t\t\t<div class=\"elementor-widget-container\">\n\t\t\t\t\t<h2 class=\"elementor-heading-title elementor-size-default\">Amministrazione<\/h2>\t\t\t\t<\/div>\n\t\t\t\t<\/div>\n\t\t\t\t<div class=\"elementor-element elementor-element-d0a6ce4 elementor-tablet-align-justify elementor-widget elementor-widget-button\" data-id=\"d0a6ce4\" data-element_type=\"widget\" data-e-type=\"widget\" data-widget_type=\"button.default\">\n\t\t\t\t<div class=\"elementor-widget-container\">\n\t\t\t\t\t\t\t\t\t<div class=\"elementor-button-wrapper\">\n\t\t\t\t\t<a class=\"elementor-button elementor-button-link elementor-size-sm\" href=\"https:\/\/generalovernight.ch\/it\/amministrazione\/\">\n\t\t\t\t\t\t<span class=\"elementor-button-content-wrapper\">\n\t\t\t\t\t\t\t\t\t<span class=\"elementor-button-text\">Ai posti vacanti<\/span>\n\t\t\t\t\t<\/span>\n\t\t\t\t\t<\/a>\n\t\t\t\t<\/div>\n\t\t\t\t\t\t\t\t<\/div>\n\t\t\t\t<\/div>\n\t\t\t\t<div class=\"elementor-element elementor-element-7af998e elementor-widget elementor-widget-image\" data-id=\"7af998e\" data-element_type=\"widget\" data-e-type=\"widget\" data-widget_type=\"image.default\">\n\t\t\t\t<div class=\"elementor-widget-container\">\n\t\t\t\t\t\t\t\t\t\t\t\t\t\t\t<img loading=\"lazy\" decoding=\"async\" width=\"300\" height=\"300\" src=\"https:\/\/generalovernight.ch\/wp-content\/uploads\/2023\/01\/karriere_verwaltung.jpeg\" class=\"attachment-large size-large wp-image-4372\" alt=\"\" srcset=\"https:\/\/generalovernight.ch\/wp-content\/uploads\/2023\/01\/karriere_verwaltung.jpeg 300w, https:\/\/generalovernight.ch\/wp-content\/uploads\/2023\/01\/karriere_verwaltung-150x150.jpeg 150w\" sizes=\"(max-width: 300px) 100vw, 300px\" \/>\t\t\t\t\t\t\t\t\t\t\t\t\t\t\t<\/div>\n\t\t\t\t<\/div>\n\t\t\t\t<\/div>\n\t\t\t\t\t<\/div>\n\t\t\t\t<\/div>\n\t\t<div class=\"elementor-element elementor-element-fd71266 e-flex e-con-boxed e-con e-parent\" data-id=\"fd71266\" data-element_type=\"container\" data-e-type=\"container\" data-settings=\"{&quot;jet_parallax_layout_list&quot;:[]}\">\n\t\t\t\t\t<div class=\"e-con-inner\">\n\t\t\t\t<div class=\"elementor-element elementor-element-ffffd36 elementor-widget elementor-widget-heading\" data-id=\"ffffd36\" data-element_type=\"widget\" data-e-type=\"widget\" data-widget_type=\"heading.default\">\n\t\t\t\t<div class=\"elementor-widget-container\">\n\t\t\t\t\t<h2 class=\"elementor-heading-title elementor-size-default\">Non c'\u00e8 lavoro disponibile?<\/h2>\t\t\t\t<\/div>\n\t\t\t\t<\/div>\n\t\t\t\t<div class=\"elementor-element elementor-element-1105413 elementor-widget elementor-widget-text-editor\" data-id=\"1105413\" data-element_type=\"widget\" data-e-type=\"widget\" data-widget_type=\"text-editor.default\">\n\t\t\t\t<div class=\"elementor-widget-container\">\n\t\t\t\t\t\t\t\t\t<p>Se vuoi comunque candidarti, utilizza il nostro <a href=\"https:\/\/p682793.webspaceconfig.de\/it\/?page_id=8769\">modulo di candidatura<\/a> <a href=\"https:\/\/p682793.webspaceconfig.de\/it\/?page_id=8754\">per i dipendenti<\/a> o il nostro modulo di candidatura speculativa.<\/p>\t\t\t\t\t\t\t\t<\/div>\n\t\t\t\t<\/div>\n\t\t\t\t\t<\/div>\n\t\t\t\t<\/div>\n\t\t\t\t<\/div>\n\t\t","protected":false},"excerpt":{"rendered":"<p>Offerte di lavoro GO! Express &amp; Logistics (Schweiz) AG \u00e8 la sede della pi\u00f9 grande rete indipendente di corrieri ed espressi della Svizzera. GO! \u00e8 sinonimo di alta qualit\u00e0, affidabilit\u00e0 e orientamento al cliente. I nostri dipendenti danno vita a questi concetti ogni giorno, rendendoci un sistema espresso in espansione a livello internazionale. Per questo [&hellip;]<\/p>\n","protected":false},"author":8,"featured_media":0,"parent":9077,"menu_order":0,"comment_status":"closed","ping_status":"closed","template":"","meta":{"_monsterinsights_skip_tracking":false,"_monsterinsights_sitenote_active":false,"_monsterinsights_sitenote_note":"","_monsterinsights_sitenote_category":0,"footnotes":""},"class_list":["post-8720","page","type-page","status-publish","hentry"],"yoast_head":"<!-- This site is optimized with the Yoast SEO plugin v27.2 - https:\/\/yoast.com\/product\/yoast-seo-wordpress\/ -->\n<title>Offerte di lavoro - GO! Express &amp; Logistics<\/title>\n<meta name=\"robots\" content=\"index, follow, max-snippet:-1, max-image-preview:large, max-video-preview:-1\" \/>\n<link rel=\"canonical\" href=\"https:\/\/generalovernight.ch\/it\/carriera\/offerte-di-lavoro\/\" \/>\n<meta property=\"og:locale\" content=\"it_IT\" \/>\n<meta property=\"og:type\" content=\"article\" \/>\n<meta property=\"og:title\" content=\"Offerte di lavoro - GO! Express &amp; Logistics\" \/>\n<meta property=\"og:description\" content=\"Offerte di lavoro GO! Express &amp; Logistics (Schweiz) AG \u00e8 la sede della pi\u00f9 grande rete indipendente di corrieri ed espressi della Svizzera. GO! \u00e8 sinonimo di alta qualit\u00e0, affidabilit\u00e0 e orientamento al cliente. I nostri dipendenti danno vita a questi concetti ogni giorno, rendendoci un sistema espresso in espansione a livello internazionale. Per questo [&hellip;]\" \/>\n<meta property=\"og:url\" content=\"https:\/\/generalovernight.ch\/it\/carriera\/offerte-di-lavoro\/\" \/>\n<meta property=\"og:site_name\" content=\"GO! Express &amp; Logistics\" \/>\n<meta property=\"article:modified_time\" content=\"2025-03-21T20:03:36+00:00\" \/>\n<meta property=\"og:image\" content=\"https:\/\/p682793.webspaceconfig.de\/wp-content\/uploads\/2024\/12\/2020_GO-Stadt_Sprinter-mit-Kurier_w_2_900x601-801x601-1.jpg\" \/>\n<meta name=\"twitter:card\" content=\"summary_large_image\" \/>\n<meta name=\"twitter:label1\" content=\"Tempo di lettura stimato\" \/>\n\t<meta name=\"twitter:data1\" content=\"1 minuto\" \/>\n<script type=\"application\/ld+json\" class=\"yoast-schema-graph\">{\"@context\":\"https:\/\/schema.org\",\"@graph\":[{\"@type\":\"WebPage\",\"@id\":\"https:\/\/generalovernight.ch\/it\/carriera\/offerte-di-lavoro\/\",\"url\":\"https:\/\/generalovernight.ch\/it\/carriera\/offerte-di-lavoro\/\",\"name\":\"Offerte di lavoro - GO! Express &amp; Logistics\",\"isPartOf\":{\"@id\":\"https:\/\/generalovernight.ch\/it\/#website\"},\"primaryImageOfPage\":{\"@id\":\"https:\/\/generalovernight.ch\/it\/carriera\/offerte-di-lavoro\/#primaryimage\"},\"image\":{\"@id\":\"https:\/\/generalovernight.ch\/it\/carriera\/offerte-di-lavoro\/#primaryimage\"},\"thumbnailUrl\":\"https:\/\/p682793.webspaceconfig.de\/wp-content\/uploads\/2024\/12\/2020_GO-Stadt_Sprinter-mit-Kurier_w_2_900x601-801x601-1.jpg\",\"datePublished\":\"2024-12-16T15:57:50+00:00\",\"dateModified\":\"2025-03-21T20:03:36+00:00\",\"breadcrumb\":{\"@id\":\"https:\/\/generalovernight.ch\/it\/carriera\/offerte-di-lavoro\/#breadcrumb\"},\"inLanguage\":\"it-IT\",\"potentialAction\":[{\"@type\":\"ReadAction\",\"target\":[\"https:\/\/generalovernight.ch\/it\/carriera\/offerte-di-lavoro\/\"]}]},{\"@type\":\"ImageObject\",\"inLanguage\":\"it-IT\",\"@id\":\"https:\/\/generalovernight.ch\/it\/carriera\/offerte-di-lavoro\/#primaryimage\",\"url\":\"https:\/\/p682793.webspaceconfig.de\/wp-content\/uploads\/2024\/12\/2020_GO-Stadt_Sprinter-mit-Kurier_w_2_900x601-801x601-1.jpg\",\"contentUrl\":\"https:\/\/p682793.webspaceconfig.de\/wp-content\/uploads\/2024\/12\/2020_GO-Stadt_Sprinter-mit-Kurier_w_2_900x601-801x601-1.jpg\"},{\"@type\":\"BreadcrumbList\",\"@id\":\"https:\/\/generalovernight.ch\/it\/carriera\/offerte-di-lavoro\/#breadcrumb\",\"itemListElement\":[{\"@type\":\"ListItem\",\"position\":1,\"name\":\"Startseite\",\"item\":\"https:\/\/generalovernight.ch\/it\/\"},{\"@type\":\"ListItem\",\"position\":2,\"name\":\"Carriera\",\"item\":\"https:\/\/generalovernight.ch\/it\/karriere\/\"},{\"@type\":\"ListItem\",\"position\":3,\"name\":\"Offerte di lavoro\"}]},{\"@type\":\"WebSite\",\"@id\":\"https:\/\/generalovernight.ch\/it\/#website\",\"url\":\"https:\/\/generalovernight.ch\/it\/\",\"name\":\"GO! Express &amp; Logistics\",\"description\":\"\",\"potentialAction\":[{\"@type\":\"SearchAction\",\"target\":{\"@type\":\"EntryPoint\",\"urlTemplate\":\"https:\/\/generalovernight.ch\/it\/?s={search_term_string}\"},\"query-input\":{\"@type\":\"PropertyValueSpecification\",\"valueRequired\":true,\"valueName\":\"search_term_string\"}}],\"inLanguage\":\"it-IT\"}]}<\/script>\n<!-- \/ Yoast SEO plugin. -->","yoast_head_json":{"title":"Offerte di lavoro - GO! Express &amp; Logistics","robots":{"index":"index","follow":"follow","max-snippet":"max-snippet:-1","max-image-preview":"max-image-preview:large","max-video-preview":"max-video-preview:-1"},"canonical":"https:\/\/generalovernight.ch\/it\/carriera\/offerte-di-lavoro\/","og_locale":"it_IT","og_type":"article","og_title":"Offerte di lavoro - GO! Express &amp; Logistics","og_description":"Offerte di lavoro GO! Express &amp; Logistics (Schweiz) AG \u00e8 la sede della pi\u00f9 grande rete indipendente di corrieri ed espressi della Svizzera. GO! \u00e8 sinonimo di alta qualit\u00e0, affidabilit\u00e0 e orientamento al cliente. I nostri dipendenti danno vita a questi concetti ogni giorno, rendendoci un sistema espresso in espansione a livello internazionale. Per questo [&hellip;]","og_url":"https:\/\/generalovernight.ch\/it\/carriera\/offerte-di-lavoro\/","og_site_name":"GO! Express &amp; Logistics","article_modified_time":"2025-03-21T20:03:36+00:00","og_image":[{"url":"https:\/\/p682793.webspaceconfig.de\/wp-content\/uploads\/2024\/12\/2020_GO-Stadt_Sprinter-mit-Kurier_w_2_900x601-801x601-1.jpg","type":"","width":"","height":""}],"twitter_card":"summary_large_image","twitter_misc":{"Tempo di lettura stimato":"1 minuto"},"schema":{"@context":"https:\/\/schema.org","@graph":[{"@type":"WebPage","@id":"https:\/\/generalovernight.ch\/it\/carriera\/offerte-di-lavoro\/","url":"https:\/\/generalovernight.ch\/it\/carriera\/offerte-di-lavoro\/","name":"Offerte di lavoro - GO! Express &amp; Logistics","isPartOf":{"@id":"https:\/\/generalovernight.ch\/it\/#website"},"primaryImageOfPage":{"@id":"https:\/\/generalovernight.ch\/it\/carriera\/offerte-di-lavoro\/#primaryimage"},"image":{"@id":"https:\/\/generalovernight.ch\/it\/carriera\/offerte-di-lavoro\/#primaryimage"},"thumbnailUrl":"https:\/\/p682793.webspaceconfig.de\/wp-content\/uploads\/2024\/12\/2020_GO-Stadt_Sprinter-mit-Kurier_w_2_900x601-801x601-1.jpg","datePublished":"2024-12-16T15:57:50+00:00","dateModified":"2025-03-21T20:03:36+00:00","breadcrumb":{"@id":"https:\/\/generalovernight.ch\/it\/carriera\/offerte-di-lavoro\/#breadcrumb"},"inLanguage":"it-IT","potentialAction":[{"@type":"ReadAction","target":["https:\/\/generalovernight.ch\/it\/carriera\/offerte-di-lavoro\/"]}]},{"@type":"ImageObject","inLanguage":"it-IT","@id":"https:\/\/generalovernight.ch\/it\/carriera\/offerte-di-lavoro\/#primaryimage","url":"https:\/\/p682793.webspaceconfig.de\/wp-content\/uploads\/2024\/12\/2020_GO-Stadt_Sprinter-mit-Kurier_w_2_900x601-801x601-1.jpg","contentUrl":"https:\/\/p682793.webspaceconfig.de\/wp-content\/uploads\/2024\/12\/2020_GO-Stadt_Sprinter-mit-Kurier_w_2_900x601-801x601-1.jpg"},{"@type":"BreadcrumbList","@id":"https:\/\/generalovernight.ch\/it\/carriera\/offerte-di-lavoro\/#breadcrumb","itemListElement":[{"@type":"ListItem","position":1,"name":"Startseite","item":"https:\/\/generalovernight.ch\/it\/"},{"@type":"ListItem","position":2,"name":"Carriera","item":"https:\/\/generalovernight.ch\/it\/karriere\/"},{"@type":"ListItem","position":3,"name":"Offerte di lavoro"}]},{"@type":"WebSite","@id":"https:\/\/generalovernight.ch\/it\/#website","url":"https:\/\/generalovernight.ch\/it\/","name":"GO! Express &amp; Logistics","description":"","potentialAction":[{"@type":"SearchAction","target":{"@type":"EntryPoint","urlTemplate":"https:\/\/generalovernight.ch\/it\/?s={search_term_string}"},"query-input":{"@type":"PropertyValueSpecification","valueRequired":true,"valueName":"search_term_string"}}],"inLanguage":"it-IT"}]}},"_links":{"self":[{"href":"https:\/\/generalovernight.ch\/it\/wp-json\/wp\/v2\/pages\/8720","targetHints":{"allow":["GET"]}}],"collection":[{"href":"https:\/\/generalovernight.ch\/it\/wp-json\/wp\/v2\/pages"}],"about":[{"href":"https:\/\/generalovernight.ch\/it\/wp-json\/wp\/v2\/types\/page"}],"author":[{"embeddable":true,"href":"https:\/\/generalovernight.ch\/it\/wp-json\/wp\/v2\/users\/8"}],"replies":[{"embeddable":true,"href":"https:\/\/generalovernight.ch\/it\/wp-json\/wp\/v2\/comments?post=8720"}],"version-history":[{"count":4,"href":"https:\/\/generalovernight.ch\/it\/wp-json\/wp\/v2\/pages\/8720\/revisions"}],"predecessor-version":[{"id":9477,"href":"https:\/\/generalovernight.ch\/it\/wp-json\/wp\/v2\/pages\/8720\/revisions\/9477"}],"up":[{"embeddable":true,"href":"https:\/\/generalovernight.ch\/it\/wp-json\/wp\/v2\/pages\/9077"}],"wp:attachment":[{"href":"https:\/\/generalovernight.ch\/it\/wp-json\/wp\/v2\/media?parent=8720"}],"curies":[{"name":"wp","href":"https:\/\/api.w.org\/{rel}","templated":true}]}}