{"id":8754,"date":"2024-12-16T15:59:28","date_gmt":"2024-12-16T15:59:28","guid":{"rendered":"https:\/\/p682793.webspaceconfig.de\/candidatura-non-richiesta-come-dipendente\/"},"modified":"2025-03-21T20:02:58","modified_gmt":"2025-03-21T20:02:58","slug":"candidatura-non-richiesta-come-dipendente","status":"publish","type":"page","link":"https:\/\/generalovernight.ch\/it\/carriera\/candidatura-non-richiesta-a-go\/candidatura-non-richiesta-come-dipendente\/","title":{"rendered":"Candidatura non richiesta come dipendente"},"content":{"rendered":"\t\t<div data-elementor-type=\"wp-page\" data-elementor-id=\"8754\" class=\"elementor elementor-8754 elementor-6640\" data-elementor-post-type=\"page\">\n\t\t\t\t<div class=\"elementor-element elementor-element-e92fbb2 e-flex e-con-boxed e-con e-parent\" data-id=\"e92fbb2\" data-element_type=\"container\" data-e-type=\"container\" data-settings=\"{&quot;jet_parallax_layout_list&quot;:[]}\">\n\t\t\t\t\t<div class=\"e-con-inner\">\n\t\t\t\t<div class=\"elementor-element elementor-element-41ded5f elementor-widget elementor-widget-heading\" data-id=\"41ded5f\" data-element_type=\"widget\" data-e-type=\"widget\" data-widget_type=\"heading.default\">\n\t\t\t\t<div class=\"elementor-widget-container\">\n\t\t\t\t\t<h1 class=\"elementor-heading-title elementor-size-default\">Entra a far parte del nostro team!<\/h1>\t\t\t\t<\/div>\n\t\t\t\t<\/div>\n\t\t\t\t<div class=\"elementor-element elementor-element-f8f28ea elementor-widget elementor-widget-spacer\" data-id=\"f8f28ea\" data-element_type=\"widget\" data-e-type=\"widget\" data-widget_type=\"spacer.default\">\n\t\t\t\t<div class=\"elementor-widget-container\">\n\t\t\t\t\t\t\t<div class=\"elementor-spacer\">\n\t\t\t<div class=\"elementor-spacer-inner\"><\/div>\n\t\t<\/div>\n\t\t\t\t\t\t<\/div>\n\t\t\t\t<\/div>\n\t\t\t\t<div class=\"elementor-element elementor-element-9eb7344 elementor-widget elementor-widget-text-editor\" data-id=\"9eb7344\" data-element_type=\"widget\" data-e-type=\"widget\" data-widget_type=\"text-editor.default\">\n\t\t\t\t<div class=\"elementor-widget-container\">\n\t\t\t\t\t\t\t\t\t<p>Quando una porta si chiude, se ne apre un&#8217;altra. La gestione della qualit\u00e0 di ti d\u00e0 il benvenuto. Basta candidarsi oggi stesso tramite il nostro portale di candidatura online nella sede che preferisci, ovunque in Germania. Da GO troverai il lavoro giusto per te! Non vediamo l&#8217;ora di sentirti.   <\/p>\t\t\t\t\t\t\t\t<\/div>\n\t\t\t\t<\/div>\n\t\t\t\t<div class=\"elementor-element elementor-element-88b339c elementor-widget elementor-widget-text-editor\" data-id=\"88b339c\" data-element_type=\"widget\" data-e-type=\"widget\" data-widget_type=\"text-editor.default\">\n\t\t\t\t<div class=\"elementor-widget-container\">\n\t\t\t\t\t\t\t\t\t<div class=\"col-12 col-md-8\"><div class=\"neos-contentcollection\"><div class=\"container neos-nodetypes-text\"><div><p>Compila il seguente modulo in ogni sua parte e poi clicca sul pulsante qui sotto.<\/p><\/div><p>Se desideri candidarti a una delle nostre <a href=\"https:\/\/p682793.webspaceconfig.de\/it\/carriera\/offerte-di-lavoro\/\">offerte di lavoro<\/a>, ti preghiamo di indicare il titolo del lavoro nella tua lettera di presentazione. In questo modo sar\u00e0 pi\u00f9 facile per noi assegnare la tua candidatura e potrai aspettarti una risposta pi\u00f9 rapida. Se desideri inviarci una candidatura spontanea, ti preghiamo di indicarlo. I campi contrassegnati con * sono obbligatori e devono essere compilati.   <\/p><p>Non vediamo l&#8217;ora di ricevere la tua candidatura. Ci vediamo presto nel team di GO! .  <\/p><\/div><\/div><\/div>\t\t\t\t\t\t\t\t<\/div>\n\t\t\t\t<\/div>\n\t\t\t\t\t<\/div>\n\t\t\t\t<\/div>\n\t\t<div class=\"elementor-element elementor-element-ea1cb39 e-flex e-con-boxed e-con e-parent\" data-id=\"ea1cb39\" data-element_type=\"container\" data-e-type=\"container\" data-settings=\"{&quot;jet_parallax_layout_list&quot;:[]}\">\n\t\t\t\t\t<div class=\"e-con-inner\">\n\t\t\t\t<div class=\"elementor-element elementor-element-34761b5 elementor-button-align-start elementor-widget elementor-widget-form\" data-id=\"34761b5\" data-element_type=\"widget\" data-e-type=\"widget\" data-settings=\"{&quot;step_next_label&quot;:&quot;Avanti&quot;,&quot;step_previous_label&quot;:&quot;Precedente&quot;,&quot;button_width&quot;:&quot;100&quot;,&quot;step_type&quot;:&quot;number_text&quot;,&quot;step_icon_shape&quot;:&quot;circle&quot;}\" data-widget_type=\"form.default\">\n\t\t\t\t<div class=\"elementor-widget-container\">\n\t\t\t\t\t\t\t<form class=\"elementor-form\" method=\"post\" name=\"Nuovo modulo\" aria-label=\"Nuovo modulo\">\n\t\t\t<input type=\"hidden\" name=\"post_id\" value=\"8754\"\/>\n\t\t\t<input type=\"hidden\" name=\"form_id\" value=\"34761b5\"\/>\n\t\t\t<input type=\"hidden\" name=\"referer_title\" value=\"Candidatura non richiesta come dipendente - GO! Express &amp; Logistics\" \/>\n\n\t\t\t\t\t\t\t<input type=\"hidden\" name=\"queried_id\" value=\"8754\"\/>\n\t\t\t\n\t\t\t<div class=\"elementor-form-fields-wrapper elementor-labels-\">\n\t\t\t\t\t\t\t\t<div class=\"elementor-field-type-select elementor-field-group elementor-column elementor-field-group-name elementor-col-100 elementor-field-required\">\n\t\t\t\t\t\t\t\t\t\t\t\t<label for=\"form-field-name\" class=\"elementor-field-label elementor-screen-only\">\n\t\t\t\t\t\t\t\tDove vorresti candidarti (seleziona la localit\u00e0):\t\t\t\t\t\t\t<\/label>\n\t\t\t\t\t\t\t\t<div class=\"elementor-field elementor-select-wrapper remove-before \">\n\t\t\t<div class=\"select-caret-down-wrapper\">\n\t\t\t\t<i aria-hidden=\"true\" class=\"eicon-caret-down\"><\/i>\t\t\t<\/div>\n\t\t\t<select name=\"form_fields[name]\" id=\"form-field-name\" class=\"elementor-field-textual elementor-size-lg\" required=\"required\">\n\t\t\t\t\t\t\t\t\t<option value=\"Winterthur\">Winterthur<\/option>\n\t\t\t\t\t\t\t\t\t<option value=\"Safenwil\">Safenwil<\/option>\n\t\t\t\t\t\t\t\t\t<option value=\"H\u00e4rkingen\">H\u00e4rkingen<\/option>\n\t\t\t\t\t\t\t\t\t<option value=\"Wolfwil\">Wolfwil<\/option>\n\t\t\t\t\t\t\t\t\t<option value=\"\"><\/option>\n\t\t\t\t\t\t\t<\/select>\n\t\t<\/div>\n\t\t\t\t\t\t<\/div>\n\t\t\t\t\t\t\t\t<div class=\"elementor-field-type-select elementor-field-group elementor-column elementor-field-group-field_5405a00 elementor-col-100 elementor-field-required\">\n\t\t\t\t\t\t\t\t\t\t\t\t<label for=\"form-field-field_5405a00\" class=\"elementor-field-label elementor-screen-only\">\n\t\t\t\t\t\t\t\tSaluto\t\t\t\t\t\t\t<\/label>\n\t\t\t\t\t\t\t\t<div class=\"elementor-field elementor-select-wrapper remove-before \">\n\t\t\t<div class=\"select-caret-down-wrapper\">\n\t\t\t\t<i aria-hidden=\"true\" class=\"eicon-caret-down\"><\/i>\t\t\t<\/div>\n\t\t\t<select name=\"form_fields[field_5405a00]\" id=\"form-field-field_5405a00\" class=\"elementor-field-textual elementor-size-lg\" required=\"required\">\n\t\t\t\t\t\t\t\t\t<option value=\"Mr\">Mr<\/option>\n\t\t\t\t\t\t\t\t\t<option value=\"Mrs\">Mrs<\/option>\n\t\t\t\t\t\t\t\t\t<option value=\"Divers\">Divers<\/option>\n\t\t\t\t\t\t\t<\/select>\n\t\t<\/div>\n\t\t\t\t\t\t<\/div>\n\t\t\t\t\t\t\t\t<div class=\"elementor-field-type-text elementor-field-group elementor-column elementor-field-group-field_2f092b9 elementor-col-50 elementor-field-required\">\n\t\t\t\t\t\t\t\t\t\t\t\t<label for=\"form-field-field_2f092b9\" class=\"elementor-field-label elementor-screen-only\">\n\t\t\t\t\t\t\t\tNome\t\t\t\t\t\t\t<\/label>\n\t\t\t\t\t\t\t\t\t\t\t\t\t\t<input size=\"1\" type=\"text\" name=\"form_fields[field_2f092b9]\" id=\"form-field-field_2f092b9\" class=\"elementor-field elementor-size-lg  elementor-field-textual\" placeholder=\"Nome\" required=\"required\">\n\t\t\t\t\t\t\t\t\t\t\t<\/div>\n\t\t\t\t\t\t\t\t<div class=\"elementor-field-type-text elementor-field-group elementor-column elementor-field-group-field_2df772e elementor-col-50 elementor-field-required\">\n\t\t\t\t\t\t\t\t\t\t\t\t<label for=\"form-field-field_2df772e\" class=\"elementor-field-label elementor-screen-only\">\n\t\t\t\t\t\t\t\tCognome\t\t\t\t\t\t\t<\/label>\n\t\t\t\t\t\t\t\t\t\t\t\t\t\t<input size=\"1\" type=\"text\" name=\"form_fields[field_2df772e]\" id=\"form-field-field_2df772e\" class=\"elementor-field elementor-size-lg  elementor-field-textual\" placeholder=\"Cognome\" required=\"required\">\n\t\t\t\t\t\t\t\t\t\t\t<\/div>\n\t\t\t\t\t\t\t\t<div class=\"elementor-field-type-number elementor-field-group elementor-column elementor-field-group-field_59d064c elementor-col-50 elementor-field-required\">\n\t\t\t\t\t\t\t\t\t\t\t\t<label for=\"form-field-field_59d064c\" class=\"elementor-field-label elementor-screen-only\">\n\t\t\t\t\t\t\t\tCodice postale\t\t\t\t\t\t\t<\/label>\n\t\t\t\t\t\t\t\t\t<input type=\"number\" name=\"form_fields[field_59d064c]\" id=\"form-field-field_59d064c\" class=\"elementor-field elementor-size-lg  elementor-field-textual\" placeholder=\"Codice postale\" required=\"required\" min=\"\" max=\"\" >\n\t\t\t\t\t\t<\/div>\n\t\t\t\t\t\t\t\t<div class=\"elementor-field-type-text elementor-field-group elementor-column elementor-field-group-field_3d3b0bd elementor-col-50 elementor-field-required\">\n\t\t\t\t\t\t\t\t\t\t\t\t<label for=\"form-field-field_3d3b0bd\" class=\"elementor-field-label elementor-screen-only\">\n\t\t\t\t\t\t\t\tLuogo\t\t\t\t\t\t\t<\/label>\n\t\t\t\t\t\t\t\t\t\t\t\t\t\t<input size=\"1\" type=\"text\" name=\"form_fields[field_3d3b0bd]\" id=\"form-field-field_3d3b0bd\" class=\"elementor-field elementor-size-lg  elementor-field-textual\" placeholder=\"Luogo\" required=\"required\">\n\t\t\t\t\t\t\t\t\t\t\t<\/div>\n\t\t\t\t\t\t\t\t<div class=\"elementor-field-type-number elementor-field-group elementor-column elementor-field-group-field_76c6ff2 elementor-col-100 elementor-field-required\">\n\t\t\t\t\t\t\t\t\t\t\t\t<label for=\"form-field-field_76c6ff2\" class=\"elementor-field-label elementor-screen-only\">\n\t\t\t\t\t\t\t\tTelefono\t\t\t\t\t\t\t<\/label>\n\t\t\t\t\t\t\t\t\t<input type=\"number\" name=\"form_fields[field_76c6ff2]\" id=\"form-field-field_76c6ff2\" class=\"elementor-field elementor-size-lg  elementor-field-textual\" placeholder=\"Telefono\" required=\"required\" min=\"\" max=\"\" >\n\t\t\t\t\t\t<\/div>\n\t\t\t\t\t\t\t\t<div class=\"elementor-field-type-email elementor-field-group elementor-column elementor-field-group-email elementor-col-100 elementor-field-required\">\n\t\t\t\t\t\t\t\t\t\t\t\t<label for=\"form-field-email\" class=\"elementor-field-label elementor-screen-only\">\n\t\t\t\t\t\t\t\te-mail\t\t\t\t\t\t\t<\/label>\n\t\t\t\t\t\t\t\t\t\t\t\t\t\t<input size=\"1\" type=\"email\" name=\"form_fields[email]\" id=\"form-field-email\" class=\"elementor-field elementor-size-lg  elementor-field-textual\" placeholder=\"e-mail\" required=\"required\">\n\t\t\t\t\t\t\t\t\t\t\t<\/div>\n\t\t\t\t\t\t\t\t<div class=\"elementor-field-type-text elementor-field-group elementor-column elementor-field-group-field_e2b205d elementor-col-100\">\n\t\t\t\t\t\t\t\t\t\t\t\t<label for=\"form-field-field_e2b205d\" class=\"elementor-field-label elementor-screen-only\">\n\t\t\t\t\t\t\t\tNazionalit\u00e0\t\t\t\t\t\t\t<\/label>\n\t\t\t\t\t\t\t\t\t\t\t\t\t\t<input size=\"1\" type=\"text\" name=\"form_fields[field_e2b205d]\" id=\"form-field-field_e2b205d\" class=\"elementor-field elementor-size-lg  elementor-field-textual\" placeholder=\"Nazionalit\u00e0\">\n\t\t\t\t\t\t\t\t\t\t\t<\/div>\n\t\t\t\t\t\t\t\t<div class=\"elementor-field-type-textarea elementor-field-group elementor-column elementor-field-group-message elementor-col-100\">\n\t\t\t\t\t\t\t\t\t\t\t\t<label for=\"form-field-message\" class=\"elementor-field-label elementor-screen-only\">\n\t\t\t\t\t\t\t\tLa tua richiesta\t\t\t\t\t\t\t<\/label>\n\t\t\t\t\t\t<textarea class=\"elementor-field-textual elementor-field  elementor-size-lg\" name=\"form_fields[message]\" id=\"form-field-message\" rows=\"4\" placeholder=\"Messaggio\"><\/textarea>\t\t\t\t<\/div>\n\t\t\t\t\t\t\t\t<div class=\"elementor-field-type-upload elementor-field-group elementor-column elementor-field-group-field_e38008e elementor-col-100\">\n\t\t\t\t\t\t\t\t\t\t\t\t<label for=\"form-field-field_e38008e\" class=\"elementor-field-label elementor-screen-only\">\n\t\t\t\t\t\t\t\tCarica i documenti\t\t\t\t\t\t\t<\/label>\n\t\t\t\t\t\t\t\t<input type=\"file\" name=\"form_fields[field_e38008e]\" id=\"form-field-field_e38008e\" class=\"elementor-field elementor-size-lg  elementor-upload-field\">\n\n\t\t\t\t\t\t<\/div>\n\t\t\t\t\t\t\t\t<div class=\"elementor-field-group elementor-column elementor-field-type-submit elementor-col-100 e-form__buttons\">\n\t\t\t\t\t<button class=\"elementor-button elementor-size-lg\" type=\"submit\">\n\t\t\t\t\t\t<span class=\"elementor-button-content-wrapper\">\n\t\t\t\t\t\t\t\t\t\t\t\t\t\t\t\t\t\t\t\t\t\t<span class=\"elementor-button-text\">Invia il modulo<\/span>\n\t\t\t\t\t\t\t\t\t\t\t\t\t<\/span>\n\t\t\t\t\t<\/button>\n\t\t\t\t<\/div>\n\t\t\t<\/div>\n\t\t<\/form>\n\t\t\t\t\t\t<\/div>\n\t\t\t\t<\/div>\n\t\t\t\t\t<\/div>\n\t\t\t\t<\/div>\n\t\t\t\t<\/div>\n\t\t","protected":false},"excerpt":{"rendered":"<p>Entra a far parte del nostro team! Quando una porta si chiude, se ne apre un&#8217;altra. La gestione della qualit\u00e0 di ti d\u00e0 il benvenuto. Basta candidarsi oggi stesso tramite il nostro portale di candidatura online nella sede che preferisci, ovunque in Germania. Da GO troverai il lavoro giusto per te! Non vediamo l&#8217;ora di [&hellip;]<\/p>\n","protected":false},"author":8,"featured_media":0,"parent":8769,"menu_order":0,"comment_status":"closed","ping_status":"closed","template":"","meta":{"_monsterinsights_skip_tracking":false,"_monsterinsights_sitenote_active":false,"_monsterinsights_sitenote_note":"","_monsterinsights_sitenote_category":0,"footnotes":""},"class_list":["post-8754","page","type-page","status-publish","hentry"],"yoast_head":"<!-- This site is optimized with the Yoast SEO plugin v27.2 - https:\/\/yoast.com\/product\/yoast-seo-wordpress\/ -->\n<title>Candidatura non richiesta come dipendente - GO! Express &amp; Logistics<\/title>\n<meta name=\"robots\" content=\"index, follow, max-snippet:-1, max-image-preview:large, max-video-preview:-1\" \/>\n<link rel=\"canonical\" href=\"https:\/\/generalovernight.ch\/it\/carriera\/candidatura-non-richiesta-a-go\/candidatura-non-richiesta-come-dipendente\/\" \/>\n<meta property=\"og:locale\" content=\"it_IT\" \/>\n<meta property=\"og:type\" content=\"article\" \/>\n<meta property=\"og:title\" content=\"Candidatura non richiesta come dipendente - GO! Express &amp; Logistics\" \/>\n<meta property=\"og:description\" content=\"Entra a far parte del nostro team! Quando una porta si chiude, se ne apre un&#8217;altra. La gestione della qualit\u00e0 di ti d\u00e0 il benvenuto. Basta candidarsi oggi stesso tramite il nostro portale di candidatura online nella sede che preferisci, ovunque in Germania. Da GO troverai il lavoro giusto per te! Non vediamo l&#8217;ora di [&hellip;]\" \/>\n<meta property=\"og:url\" content=\"https:\/\/generalovernight.ch\/it\/carriera\/candidatura-non-richiesta-a-go\/candidatura-non-richiesta-come-dipendente\/\" \/>\n<meta property=\"og:site_name\" content=\"GO! Express &amp; Logistics\" \/>\n<meta property=\"article:modified_time\" content=\"2025-03-21T20:02:58+00:00\" \/>\n<meta name=\"twitter:card\" content=\"summary_large_image\" \/>\n<meta name=\"twitter:label1\" content=\"Tempo di lettura stimato\" \/>\n\t<meta name=\"twitter:data1\" content=\"1 minuto\" \/>\n<script type=\"application\/ld+json\" class=\"yoast-schema-graph\">{\"@context\":\"https:\/\/schema.org\",\"@graph\":[{\"@type\":\"WebPage\",\"@id\":\"https:\/\/generalovernight.ch\/it\/carriera\/candidatura-non-richiesta-a-go\/candidatura-non-richiesta-come-dipendente\/\",\"url\":\"https:\/\/generalovernight.ch\/it\/carriera\/candidatura-non-richiesta-a-go\/candidatura-non-richiesta-come-dipendente\/\",\"name\":\"Candidatura non richiesta come dipendente - GO! Express &amp; Logistics\",\"isPartOf\":{\"@id\":\"https:\/\/generalovernight.ch\/it\/#website\"},\"datePublished\":\"2024-12-16T15:59:28+00:00\",\"dateModified\":\"2025-03-21T20:02:58+00:00\",\"breadcrumb\":{\"@id\":\"https:\/\/generalovernight.ch\/it\/carriera\/candidatura-non-richiesta-a-go\/candidatura-non-richiesta-come-dipendente\/#breadcrumb\"},\"inLanguage\":\"it-IT\",\"potentialAction\":[{\"@type\":\"ReadAction\",\"target\":[\"https:\/\/generalovernight.ch\/it\/carriera\/candidatura-non-richiesta-a-go\/candidatura-non-richiesta-come-dipendente\/\"]}]},{\"@type\":\"BreadcrumbList\",\"@id\":\"https:\/\/generalovernight.ch\/it\/carriera\/candidatura-non-richiesta-a-go\/candidatura-non-richiesta-come-dipendente\/#breadcrumb\",\"itemListElement\":[{\"@type\":\"ListItem\",\"position\":1,\"name\":\"Startseite\",\"item\":\"https:\/\/generalovernight.ch\/it\/\"},{\"@type\":\"ListItem\",\"position\":2,\"name\":\"Carriera\",\"item\":\"https:\/\/generalovernight.ch\/it\/karriere\/\"},{\"@type\":\"ListItem\",\"position\":3,\"name\":\"Candidatura non richiesta a GO!\",\"item\":\"https:\/\/generalovernight.ch\/it\/karriere\/initiativbewerbung-bei-go\/\"},{\"@type\":\"ListItem\",\"position\":4,\"name\":\"Candidatura non richiesta come dipendente\"}]},{\"@type\":\"WebSite\",\"@id\":\"https:\/\/generalovernight.ch\/it\/#website\",\"url\":\"https:\/\/generalovernight.ch\/it\/\",\"name\":\"GO! Express &amp; Logistics\",\"description\":\"\",\"potentialAction\":[{\"@type\":\"SearchAction\",\"target\":{\"@type\":\"EntryPoint\",\"urlTemplate\":\"https:\/\/generalovernight.ch\/it\/?s={search_term_string}\"},\"query-input\":{\"@type\":\"PropertyValueSpecification\",\"valueRequired\":true,\"valueName\":\"search_term_string\"}}],\"inLanguage\":\"it-IT\"}]}<\/script>\n<!-- \/ Yoast SEO plugin. -->","yoast_head_json":{"title":"Candidatura non richiesta come dipendente - GO! Express &amp; Logistics","robots":{"index":"index","follow":"follow","max-snippet":"max-snippet:-1","max-image-preview":"max-image-preview:large","max-video-preview":"max-video-preview:-1"},"canonical":"https:\/\/generalovernight.ch\/it\/carriera\/candidatura-non-richiesta-a-go\/candidatura-non-richiesta-come-dipendente\/","og_locale":"it_IT","og_type":"article","og_title":"Candidatura non richiesta come dipendente - GO! Express &amp; Logistics","og_description":"Entra a far parte del nostro team! Quando una porta si chiude, se ne apre un&#8217;altra. La gestione della qualit\u00e0 di ti d\u00e0 il benvenuto. Basta candidarsi oggi stesso tramite il nostro portale di candidatura online nella sede che preferisci, ovunque in Germania. Da GO troverai il lavoro giusto per te! Non vediamo l&#8217;ora di [&hellip;]","og_url":"https:\/\/generalovernight.ch\/it\/carriera\/candidatura-non-richiesta-a-go\/candidatura-non-richiesta-come-dipendente\/","og_site_name":"GO! Express &amp; Logistics","article_modified_time":"2025-03-21T20:02:58+00:00","twitter_card":"summary_large_image","twitter_misc":{"Tempo di lettura stimato":"1 minuto"},"schema":{"@context":"https:\/\/schema.org","@graph":[{"@type":"WebPage","@id":"https:\/\/generalovernight.ch\/it\/carriera\/candidatura-non-richiesta-a-go\/candidatura-non-richiesta-come-dipendente\/","url":"https:\/\/generalovernight.ch\/it\/carriera\/candidatura-non-richiesta-a-go\/candidatura-non-richiesta-come-dipendente\/","name":"Candidatura non richiesta come dipendente - GO! Express &amp; Logistics","isPartOf":{"@id":"https:\/\/generalovernight.ch\/it\/#website"},"datePublished":"2024-12-16T15:59:28+00:00","dateModified":"2025-03-21T20:02:58+00:00","breadcrumb":{"@id":"https:\/\/generalovernight.ch\/it\/carriera\/candidatura-non-richiesta-a-go\/candidatura-non-richiesta-come-dipendente\/#breadcrumb"},"inLanguage":"it-IT","potentialAction":[{"@type":"ReadAction","target":["https:\/\/generalovernight.ch\/it\/carriera\/candidatura-non-richiesta-a-go\/candidatura-non-richiesta-come-dipendente\/"]}]},{"@type":"BreadcrumbList","@id":"https:\/\/generalovernight.ch\/it\/carriera\/candidatura-non-richiesta-a-go\/candidatura-non-richiesta-come-dipendente\/#breadcrumb","itemListElement":[{"@type":"ListItem","position":1,"name":"Startseite","item":"https:\/\/generalovernight.ch\/it\/"},{"@type":"ListItem","position":2,"name":"Carriera","item":"https:\/\/generalovernight.ch\/it\/karriere\/"},{"@type":"ListItem","position":3,"name":"Candidatura non richiesta a GO!","item":"https:\/\/generalovernight.ch\/it\/karriere\/initiativbewerbung-bei-go\/"},{"@type":"ListItem","position":4,"name":"Candidatura non richiesta come dipendente"}]},{"@type":"WebSite","@id":"https:\/\/generalovernight.ch\/it\/#website","url":"https:\/\/generalovernight.ch\/it\/","name":"GO! Express &amp; Logistics","description":"","potentialAction":[{"@type":"SearchAction","target":{"@type":"EntryPoint","urlTemplate":"https:\/\/generalovernight.ch\/it\/?s={search_term_string}"},"query-input":{"@type":"PropertyValueSpecification","valueRequired":true,"valueName":"search_term_string"}}],"inLanguage":"it-IT"}]}},"_links":{"self":[{"href":"https:\/\/generalovernight.ch\/it\/wp-json\/wp\/v2\/pages\/8754","targetHints":{"allow":["GET"]}}],"collection":[{"href":"https:\/\/generalovernight.ch\/it\/wp-json\/wp\/v2\/pages"}],"about":[{"href":"https:\/\/generalovernight.ch\/it\/wp-json\/wp\/v2\/types\/page"}],"author":[{"embeddable":true,"href":"https:\/\/generalovernight.ch\/it\/wp-json\/wp\/v2\/users\/8"}],"replies":[{"embeddable":true,"href":"https:\/\/generalovernight.ch\/it\/wp-json\/wp\/v2\/comments?post=8754"}],"version-history":[{"count":3,"href":"https:\/\/generalovernight.ch\/it\/wp-json\/wp\/v2\/pages\/8754\/revisions"}],"predecessor-version":[{"id":9461,"href":"https:\/\/generalovernight.ch\/it\/wp-json\/wp\/v2\/pages\/8754\/revisions\/9461"}],"up":[{"embeddable":true,"href":"https:\/\/generalovernight.ch\/it\/wp-json\/wp\/v2\/pages\/8769"}],"wp:attachment":[{"href":"https:\/\/generalovernight.ch\/it\/wp-json\/wp\/v2\/media?parent=8754"}],"curies":[{"name":"wp","href":"https:\/\/api.w.org\/{rel}","templated":true}]}}