{"id":8841,"date":"2024-12-16T15:55:30","date_gmt":"2024-12-16T15:55:30","guid":{"rendered":"https:\/\/p682793.webspaceconfig.de\/la-nostra-rete\/"},"modified":"2025-03-21T20:03:23","modified_gmt":"2025-03-21T20:03:23","slug":"la-nostra-rete","status":"publish","type":"page","link":"https:\/\/generalovernight.ch\/it\/la-nostra-rete\/","title":{"rendered":"La nostra rete"},"content":{"rendered":"\t\t<div data-elementor-type=\"wp-page\" data-elementor-id=\"8841\" class=\"elementor elementor-8841 elementor-6622\" data-elementor-post-type=\"page\">\n\t\t\t\t<div class=\"elementor-element elementor-element-29d1679 e-flex e-con-boxed e-con e-parent\" data-id=\"29d1679\" data-element_type=\"container\" data-e-type=\"container\" data-settings=\"{&quot;jet_parallax_layout_list&quot;:[]}\">\n\t\t\t\t\t<div class=\"e-con-inner\">\n\t\t\t\t<div class=\"elementor-element elementor-element-44eb7b2 elementor-widget elementor-widget-heading\" data-id=\"44eb7b2\" data-element_type=\"widget\" data-e-type=\"widget\" data-widget_type=\"heading.default\">\n\t\t\t\t<div class=\"elementor-widget-container\">\n\t\t\t\t\t<h1 class=\"elementor-heading-title elementor-size-default\">La nostra rete<\/h1>\t\t\t\t<\/div>\n\t\t\t\t<\/div>\n\t\t\t\t<div class=\"elementor-element elementor-element-837b2bd elementor-widget elementor-widget-spacer\" data-id=\"837b2bd\" data-element_type=\"widget\" data-e-type=\"widget\" data-widget_type=\"spacer.default\">\n\t\t\t\t<div class=\"elementor-widget-container\">\n\t\t\t\t\t\t\t<div class=\"elementor-spacer\">\n\t\t\t<div class=\"elementor-spacer-inner\"><\/div>\n\t\t<\/div>\n\t\t\t\t\t\t<\/div>\n\t\t\t\t<\/div>\n\t\t\t\t<div class=\"elementor-element elementor-element-6676bf4 elementor-widget elementor-widget-text-editor\" data-id=\"6676bf4\" data-element_type=\"widget\" data-e-type=\"widget\" data-widget_type=\"text-editor.default\">\n\t\t\t\t<div class=\"elementor-widget-container\">\n\t\t\t\t\t\t\t\t\t<p>GO! &#8211; che significa anche un impegno inflessibile. Per i nostri clienti e per la nostra azienda. Il nostro sviluppo \u00e8 stato altrettanto rapido: abbiamo iniziato nel 1984 come &#8220;Arbeitsgemeinschaft deutscher Kurierdienste&#8221;. Una fondazione di corrieri urbani esperti. Oggi siamo un passo avanti e siamo il pi\u00f9 grande fornitore indipendente di servizi di corriere espresso in Europa.  <\/p>\t\t\t\t\t\t\t\t<\/div>\n\t\t\t\t<\/div>\n\t\t\t\t\t<\/div>\n\t\t\t\t<\/div>\n\t\t<div class=\"elementor-element elementor-element-d42c84f e-grid e-con-boxed e-con e-parent\" data-id=\"d42c84f\" data-element_type=\"container\" data-e-type=\"container\" data-settings=\"{&quot;jet_parallax_layout_list&quot;:[]}\">\n\t\t\t\t\t<div class=\"e-con-inner\">\n\t\t\t\t<div class=\"elementor-element elementor-element-714cc2d elementor-widget elementor-widget-image\" data-id=\"714cc2d\" data-element_type=\"widget\" data-e-type=\"widget\" data-widget_type=\"image.default\">\n\t\t\t\t<div class=\"elementor-widget-container\">\n\t\t\t\t\t\t\t\t\t\t\t\t\t\t\t<img fetchpriority=\"high\" decoding=\"async\" width=\"800\" height=\"166\" src=\"https:\/\/generalovernight.ch\/wp-content\/uploads\/2023\/01\/GO-HUB_Innenhof-Nacht-1024x213.jpeg\" class=\"attachment-large size-large wp-image-4066\" alt=\"\" srcset=\"https:\/\/generalovernight.ch\/wp-content\/uploads\/2023\/01\/GO-HUB_Innenhof-Nacht-1024x213.jpeg 1024w, https:\/\/generalovernight.ch\/wp-content\/uploads\/2023\/01\/GO-HUB_Innenhof-Nacht-300x63.jpeg 300w, https:\/\/generalovernight.ch\/wp-content\/uploads\/2023\/01\/GO-HUB_Innenhof-Nacht-768x160.jpeg 768w, https:\/\/generalovernight.ch\/wp-content\/uploads\/2023\/01\/GO-HUB_Innenhof-Nacht-1536x320.jpeg 1536w, https:\/\/generalovernight.ch\/wp-content\/uploads\/2023\/01\/GO-HUB_Innenhof-Nacht.jpeg 1920w\" sizes=\"(max-width: 800px) 100vw, 800px\" \/>\t\t\t\t\t\t\t\t\t\t\t\t\t\t\t<\/div>\n\t\t\t\t<\/div>\n\t\t<div class=\"elementor-element elementor-element-d18e08e e-con-full e-flex e-con e-child\" data-id=\"d18e08e\" data-element_type=\"container\" data-e-type=\"container\" data-settings=\"{&quot;jet_parallax_layout_list&quot;:[],&quot;background_background&quot;:&quot;classic&quot;}\">\n\t\t<div class=\"elementor-element elementor-element-c56daac e-con-full e-flex e-con e-child\" data-id=\"c56daac\" data-element_type=\"container\" data-e-type=\"container\" data-settings=\"{&quot;background_background&quot;:&quot;classic&quot;,&quot;jet_parallax_layout_list&quot;:[]}\">\n\t\t\t\t<div class=\"elementor-element elementor-element-afd6697 elementor-widget elementor-widget-heading\" data-id=\"afd6697\" data-element_type=\"widget\" data-e-type=\"widget\" data-widget_type=\"heading.default\">\n\t\t\t\t<div class=\"elementor-widget-container\">\n\t\t\t\t\t<h2 class=\"elementor-heading-title elementor-size-default\">Fatti e cifre<\/h2>\t\t\t\t<\/div>\n\t\t\t\t<\/div>\n\t\t\t\t<div class=\"elementor-element elementor-element-5737d1b elementor-widget elementor-widget-text-editor\" data-id=\"5737d1b\" data-element_type=\"widget\" data-e-type=\"widget\" data-widget_type=\"text-editor.default\">\n\t\t\t\t<div class=\"elementor-widget-container\">\n\t\t\t\t\t\t\t\t\t<ul><li>Pi\u00f9 di 7.600 m\u00b2 di spazio di produzione e magazzini<\/li><li>127 porte, tra cui 10 porte per camion<\/li><li>Sistema di trasporto da 1.637 metri con:<ul><li>68 Diapositive<\/li><li>4 selezionatori di scarpe<\/li><li>14 trasportatori telescopici di scarico<\/li><\/ul><\/li><\/ul>\t\t\t\t\t\t\t\t<\/div>\n\t\t\t\t<\/div>\n\t\t\t\t<div class=\"elementor-element elementor-element-6f7f823 elementor-widget elementor-widget-text-editor\" data-id=\"6f7f823\" data-element_type=\"widget\" data-e-type=\"widget\" data-widget_type=\"text-editor.default\">\n\t\t\t\t<div class=\"elementor-widget-container\">\n\t\t\t\t\t\t\t\t\t<p>Notte dopo notte: capacit\u00e0 di smistamento di 10.500 colli all&#8217;ora su un sito di 30.000 m\u00b2. Per soluzioni logistiche eccezionali e veloci. <\/p>\t\t\t\t\t\t\t\t<\/div>\n\t\t\t\t<\/div>\n\t\t<div class=\"elementor-element elementor-element-7cffefe e-con-full e-flex e-con e-child\" data-id=\"7cffefe\" data-element_type=\"container\" data-e-type=\"container\" data-settings=\"{&quot;jet_parallax_layout_list&quot;:[]}\">\n\t\t\t\t<div class=\"elementor-element elementor-element-6fb04e6 elementor-mobile-align-justify elementor-widget elementor-widget-button\" data-id=\"6fb04e6\" data-element_type=\"widget\" data-e-type=\"widget\" data-widget_type=\"button.default\">\n\t\t\t\t<div class=\"elementor-widget-container\">\n\t\t\t\t\t\t\t\t\t<div class=\"elementor-button-wrapper\">\n\t\t\t\t\t<a class=\"elementor-button elementor-button-link elementor-size-sm\" href=\"tel:+41800859999\">\n\t\t\t\t\t\t<span class=\"elementor-button-content-wrapper\">\n\t\t\t\t\t\t<span class=\"elementor-button-icon\">\n\t\t\t\t<i aria-hidden=\"true\" class=\"icon icon-phone1\"><\/i>\t\t\t<\/span>\n\t\t\t\t\t\t\t\t\t<span class=\"elementor-button-text\">Chiamaci<\/span>\n\t\t\t\t\t<\/span>\n\t\t\t\t\t<\/a>\n\t\t\t\t<\/div>\n\t\t\t\t\t\t\t\t<\/div>\n\t\t\t\t<\/div>\n\t\t\t\t<div class=\"elementor-element elementor-element-3b9e205 elementor-mobile-align-justify elementor-widget elementor-widget-button\" data-id=\"3b9e205\" data-element_type=\"widget\" data-e-type=\"widget\" data-widget_type=\"button.default\">\n\t\t\t\t<div class=\"elementor-widget-container\">\n\t\t\t\t\t\t\t\t\t<div class=\"elementor-button-wrapper\">\n\t\t\t\t\t<a class=\"elementor-button elementor-button-link elementor-size-sm\" href=\"https:\/\/p682793.webspaceconfig.de\/it\/?page_id=8783\">\n\t\t\t\t\t\t<span class=\"elementor-button-content-wrapper\">\n\t\t\t\t\t\t<span class=\"elementor-button-icon\">\n\t\t\t\t<i aria-hidden=\"true\" class=\"far fa-envelope\"><\/i>\t\t\t<\/span>\n\t\t\t\t\t\t\t\t\t<span class=\"elementor-button-text\">Richiesta di spedizione<\/span>\n\t\t\t\t\t<\/span>\n\t\t\t\t\t<\/a>\n\t\t\t\t<\/div>\n\t\t\t\t\t\t\t\t<\/div>\n\t\t\t\t<\/div>\n\t\t\t\t<\/div>\n\t\t\t\t<\/div>\n\t\t\t\t<\/div>\n\t\t\t\t\t<\/div>\n\t\t\t\t<\/div>\n\t\t<div class=\"elementor-element elementor-element-8c9fdaf e-grid e-con-boxed e-con e-parent\" data-id=\"8c9fdaf\" data-element_type=\"container\" data-e-type=\"container\" data-settings=\"{&quot;jet_parallax_layout_list&quot;:[]}\">\n\t\t\t\t\t<div class=\"e-con-inner\">\n\t\t<div class=\"elementor-element elementor-element-6d4797a e-con-full e-flex e-con e-child\" data-id=\"6d4797a\" data-element_type=\"container\" data-e-type=\"container\" data-settings=\"{&quot;jet_parallax_layout_list&quot;:[],&quot;background_background&quot;:&quot;classic&quot;}\">\n\t\t<div class=\"elementor-element elementor-element-2e6a0ce e-con-full e-flex e-con e-child\" data-id=\"2e6a0ce\" data-element_type=\"container\" data-e-type=\"container\" data-settings=\"{&quot;background_background&quot;:&quot;classic&quot;,&quot;jet_parallax_layout_list&quot;:[]}\">\n\t\t\t\t<div class=\"elementor-element elementor-element-868ceb8 elementor-widget elementor-widget-heading\" data-id=\"868ceb8\" data-element_type=\"widget\" data-e-type=\"widget\" data-widget_type=\"heading.default\">\n\t\t\t\t<div class=\"elementor-widget-container\">\n\t\t\t\t\t<h2 class=\"elementor-heading-title elementor-size-default\">Logistica dei corrieri e dei corrieri espressi ai massimi livelli  <\/h2>\t\t\t\t<\/div>\n\t\t\t\t<\/div>\n\t\t\t\t<div class=\"elementor-element elementor-element-798c97a elementor-widget elementor-widget-text-editor\" data-id=\"798c97a\" data-element_type=\"widget\" data-e-type=\"widget\" data-widget_type=\"text-editor.default\">\n\t\t\t\t<div class=\"elementor-widget-container\">\n\t\t\t\t\t\t\t\t\t<div class=\"container neos-nodetypes-text\"><div><p>Il nostro centro di trasbordo principale si trova a Niederaula, in Assia, ed \u00e8 quindi il fulcro centrale del sistema GO! Lo spazio a disposizione \u00e8 molto ampio: oltre 7.600 m\u00b2 solo per la logistica e la tecnologia all&#8217;avanguardia. Siamo quindi attrezzati al meglio per soddisfare le tue esigenze.<br>Stiamo inoltre investendo in altre sedi e HUB regionali. In questo modo, GO! consente di realizzare percorsi di trasporto brevi e a basso consumo di risorse e tempi di lavorazione rapidi.    <\/p><\/div><\/div><div class=\"container neos-nodetypes-text\"><div><p>Flessibilit\u00e0, qualit\u00e0, affidabilit\u00e0 ed economicit\u00e0: questi sono i quattro fattori chiave che armonizziamo ogni giorno. Per raggiungere questo obiettivo, \u00e8 importante ottimizzare la pianificazione delle linee e dello smistamento in tutti gli HUB e le risorse disponibili (capacit\u00e0 di trasporto e personale). <\/p><p>Oltre 300 linee riforniscono la rete nazionale di oltre 60 stazioni in Germania e altre 40 stazioni nei paesi limitrofi. Per i nostri clienti questo significa: fornitura logistica con tempi di transito molto brevi. <\/p><p>Investiamo continuamente nelle nostre infrastrutture per ottimizzare ulteriormente questo aspetto: in Europa, GO! \u00e8 rappresentata da societ\u00e0 nazionali in Danimarca, Lussemburgo, Austria, Polonia, Repubblica Ceca, Slovacchia e Svizzera, oltre che in Germania. Altri paesi limitrofi, tra cui Belgio, Inghilterra, Francia, Paesi Bassi, Italia, Slovenia e Ungheria, sono collegati tramite partner di cooperazione permanenti. <\/p><\/div><\/div>\t\t\t\t\t\t\t\t<\/div>\n\t\t\t\t<\/div>\n\t\t\t\t<\/div>\n\t\t\t\t<\/div>\n\t\t\t\t<div class=\"elementor-element elementor-element-37d4d2b elementor-widget elementor-widget-image\" data-id=\"37d4d2b\" data-element_type=\"widget\" data-e-type=\"widget\" data-widget_type=\"image.default\">\n\t\t\t\t<div class=\"elementor-widget-container\">\n\t\t\t\t\t\t\t\t\t\t\t\t\t\t\t<img decoding=\"async\" width=\"800\" height=\"566\" src=\"https:\/\/generalovernight.ch\/wp-content\/uploads\/2024\/12\/GO_Crafter_Architektur_ZH-scaled-1-1024x724.jpg\" class=\"attachment-large size-large wp-image-8890\" alt=\"\" srcset=\"https:\/\/generalovernight.ch\/wp-content\/uploads\/2024\/12\/GO_Crafter_Architektur_ZH-scaled-1-1024x724.jpg 1024w, https:\/\/generalovernight.ch\/wp-content\/uploads\/2024\/12\/GO_Crafter_Architektur_ZH-scaled-1-300x212.jpg 300w, https:\/\/generalovernight.ch\/wp-content\/uploads\/2024\/12\/GO_Crafter_Architektur_ZH-scaled-1-768x543.jpg 768w, https:\/\/generalovernight.ch\/wp-content\/uploads\/2024\/12\/GO_Crafter_Architektur_ZH-scaled-1-1536x1086.jpg 1536w, https:\/\/generalovernight.ch\/wp-content\/uploads\/2024\/12\/GO_Crafter_Architektur_ZH-scaled-1-2048x1448.jpg 2048w\" sizes=\"(max-width: 800px) 100vw, 800px\" \/>\t\t\t\t\t\t\t\t\t\t\t\t\t\t\t<\/div>\n\t\t\t\t<\/div>\n\t\t\t\t\t<\/div>\n\t\t\t\t<\/div>\n\t\t\t\t<\/div>\n\t\t","protected":false},"excerpt":{"rendered":"<p>La nostra rete GO! &#8211; che significa anche un impegno inflessibile. Per i nostri clienti e per la nostra azienda. Il nostro sviluppo \u00e8 stato altrettanto rapido: abbiamo iniziato nel 1984 come &#8220;Arbeitsgemeinschaft deutscher Kurierdienste&#8221;. Una fondazione di corrieri urbani esperti. Oggi siamo un passo avanti e siamo il pi\u00f9 grande fornitore indipendente di servizi [&hellip;]<\/p>\n","protected":false},"author":8,"featured_media":0,"parent":0,"menu_order":0,"comment_status":"closed","ping_status":"closed","template":"","meta":{"_monsterinsights_skip_tracking":false,"_monsterinsights_sitenote_active":false,"_monsterinsights_sitenote_note":"","_monsterinsights_sitenote_category":0,"footnotes":""},"class_list":["post-8841","page","type-page","status-publish","hentry"],"yoast_head":"<!-- This site is optimized with the Yoast SEO plugin v27.2 - https:\/\/yoast.com\/product\/yoast-seo-wordpress\/ -->\n<title>La nostra rete - GO! Express &amp; Logistics<\/title>\n<meta name=\"robots\" content=\"index, follow, max-snippet:-1, max-image-preview:large, max-video-preview:-1\" \/>\n<link rel=\"canonical\" href=\"https:\/\/generalovernight.ch\/it\/la-nostra-rete\/\" \/>\n<meta property=\"og:locale\" content=\"it_IT\" \/>\n<meta property=\"og:type\" content=\"article\" \/>\n<meta property=\"og:title\" content=\"La nostra rete - GO! Express &amp; Logistics\" \/>\n<meta property=\"og:description\" content=\"La nostra rete GO! &#8211; che significa anche un impegno inflessibile. Per i nostri clienti e per la nostra azienda. Il nostro sviluppo \u00e8 stato altrettanto rapido: abbiamo iniziato nel 1984 come &#8220;Arbeitsgemeinschaft deutscher Kurierdienste&#8221;. Una fondazione di corrieri urbani esperti. Oggi siamo un passo avanti e siamo il pi\u00f9 grande fornitore indipendente di servizi [&hellip;]\" \/>\n<meta property=\"og:url\" content=\"https:\/\/generalovernight.ch\/it\/la-nostra-rete\/\" \/>\n<meta property=\"og:site_name\" content=\"GO! Express &amp; Logistics\" \/>\n<meta property=\"article:modified_time\" content=\"2025-03-21T20:03:23+00:00\" \/>\n<meta property=\"og:image\" content=\"https:\/\/p682793.webspaceconfig.de\/wp-content\/uploads\/2023\/01\/GO-HUB_Innenhof-Nacht-1024x213.jpeg\" \/>\n<meta name=\"twitter:card\" content=\"summary_large_image\" \/>\n<meta name=\"twitter:label1\" content=\"Tempo di lettura stimato\" \/>\n\t<meta name=\"twitter:data1\" content=\"2 minuti\" \/>\n<script type=\"application\/ld+json\" class=\"yoast-schema-graph\">{\"@context\":\"https:\/\/schema.org\",\"@graph\":[{\"@type\":\"WebPage\",\"@id\":\"https:\/\/generalovernight.ch\/it\/la-nostra-rete\/\",\"url\":\"https:\/\/generalovernight.ch\/it\/la-nostra-rete\/\",\"name\":\"La nostra rete - GO! Express &amp; Logistics\",\"isPartOf\":{\"@id\":\"https:\/\/generalovernight.ch\/it\/#website\"},\"primaryImageOfPage\":{\"@id\":\"https:\/\/generalovernight.ch\/it\/la-nostra-rete\/#primaryimage\"},\"image\":{\"@id\":\"https:\/\/generalovernight.ch\/it\/la-nostra-rete\/#primaryimage\"},\"thumbnailUrl\":\"https:\/\/p682793.webspaceconfig.de\/wp-content\/uploads\/2023\/01\/GO-HUB_Innenhof-Nacht-1024x213.jpeg\",\"datePublished\":\"2024-12-16T15:55:30+00:00\",\"dateModified\":\"2025-03-21T20:03:23+00:00\",\"breadcrumb\":{\"@id\":\"https:\/\/generalovernight.ch\/it\/la-nostra-rete\/#breadcrumb\"},\"inLanguage\":\"it-IT\",\"potentialAction\":[{\"@type\":\"ReadAction\",\"target\":[\"https:\/\/generalovernight.ch\/it\/la-nostra-rete\/\"]}]},{\"@type\":\"ImageObject\",\"inLanguage\":\"it-IT\",\"@id\":\"https:\/\/generalovernight.ch\/it\/la-nostra-rete\/#primaryimage\",\"url\":\"https:\/\/p682793.webspaceconfig.de\/wp-content\/uploads\/2023\/01\/GO-HUB_Innenhof-Nacht-1024x213.jpeg\",\"contentUrl\":\"https:\/\/p682793.webspaceconfig.de\/wp-content\/uploads\/2023\/01\/GO-HUB_Innenhof-Nacht-1024x213.jpeg\"},{\"@type\":\"BreadcrumbList\",\"@id\":\"https:\/\/generalovernight.ch\/it\/la-nostra-rete\/#breadcrumb\",\"itemListElement\":[{\"@type\":\"ListItem\",\"position\":1,\"name\":\"Startseite\",\"item\":\"https:\/\/generalovernight.ch\/it\/\"},{\"@type\":\"ListItem\",\"position\":2,\"name\":\"La nostra rete\"}]},{\"@type\":\"WebSite\",\"@id\":\"https:\/\/generalovernight.ch\/it\/#website\",\"url\":\"https:\/\/generalovernight.ch\/it\/\",\"name\":\"GO! Express &amp; Logistics\",\"description\":\"\",\"potentialAction\":[{\"@type\":\"SearchAction\",\"target\":{\"@type\":\"EntryPoint\",\"urlTemplate\":\"https:\/\/generalovernight.ch\/it\/?s={search_term_string}\"},\"query-input\":{\"@type\":\"PropertyValueSpecification\",\"valueRequired\":true,\"valueName\":\"search_term_string\"}}],\"inLanguage\":\"it-IT\"}]}<\/script>\n<!-- \/ Yoast SEO plugin. -->","yoast_head_json":{"title":"La nostra rete - GO! Express &amp; Logistics","robots":{"index":"index","follow":"follow","max-snippet":"max-snippet:-1","max-image-preview":"max-image-preview:large","max-video-preview":"max-video-preview:-1"},"canonical":"https:\/\/generalovernight.ch\/it\/la-nostra-rete\/","og_locale":"it_IT","og_type":"article","og_title":"La nostra rete - GO! Express &amp; Logistics","og_description":"La nostra rete GO! &#8211; che significa anche un impegno inflessibile. Per i nostri clienti e per la nostra azienda. Il nostro sviluppo \u00e8 stato altrettanto rapido: abbiamo iniziato nel 1984 come &#8220;Arbeitsgemeinschaft deutscher Kurierdienste&#8221;. Una fondazione di corrieri urbani esperti. Oggi siamo un passo avanti e siamo il pi\u00f9 grande fornitore indipendente di servizi [&hellip;]","og_url":"https:\/\/generalovernight.ch\/it\/la-nostra-rete\/","og_site_name":"GO! Express &amp; Logistics","article_modified_time":"2025-03-21T20:03:23+00:00","og_image":[{"url":"https:\/\/p682793.webspaceconfig.de\/wp-content\/uploads\/2023\/01\/GO-HUB_Innenhof-Nacht-1024x213.jpeg","type":"","width":"","height":""}],"twitter_card":"summary_large_image","twitter_misc":{"Tempo di lettura stimato":"2 minuti"},"schema":{"@context":"https:\/\/schema.org","@graph":[{"@type":"WebPage","@id":"https:\/\/generalovernight.ch\/it\/la-nostra-rete\/","url":"https:\/\/generalovernight.ch\/it\/la-nostra-rete\/","name":"La nostra rete - GO! Express &amp; Logistics","isPartOf":{"@id":"https:\/\/generalovernight.ch\/it\/#website"},"primaryImageOfPage":{"@id":"https:\/\/generalovernight.ch\/it\/la-nostra-rete\/#primaryimage"},"image":{"@id":"https:\/\/generalovernight.ch\/it\/la-nostra-rete\/#primaryimage"},"thumbnailUrl":"https:\/\/p682793.webspaceconfig.de\/wp-content\/uploads\/2023\/01\/GO-HUB_Innenhof-Nacht-1024x213.jpeg","datePublished":"2024-12-16T15:55:30+00:00","dateModified":"2025-03-21T20:03:23+00:00","breadcrumb":{"@id":"https:\/\/generalovernight.ch\/it\/la-nostra-rete\/#breadcrumb"},"inLanguage":"it-IT","potentialAction":[{"@type":"ReadAction","target":["https:\/\/generalovernight.ch\/it\/la-nostra-rete\/"]}]},{"@type":"ImageObject","inLanguage":"it-IT","@id":"https:\/\/generalovernight.ch\/it\/la-nostra-rete\/#primaryimage","url":"https:\/\/p682793.webspaceconfig.de\/wp-content\/uploads\/2023\/01\/GO-HUB_Innenhof-Nacht-1024x213.jpeg","contentUrl":"https:\/\/p682793.webspaceconfig.de\/wp-content\/uploads\/2023\/01\/GO-HUB_Innenhof-Nacht-1024x213.jpeg"},{"@type":"BreadcrumbList","@id":"https:\/\/generalovernight.ch\/it\/la-nostra-rete\/#breadcrumb","itemListElement":[{"@type":"ListItem","position":1,"name":"Startseite","item":"https:\/\/generalovernight.ch\/it\/"},{"@type":"ListItem","position":2,"name":"La nostra rete"}]},{"@type":"WebSite","@id":"https:\/\/generalovernight.ch\/it\/#website","url":"https:\/\/generalovernight.ch\/it\/","name":"GO! Express &amp; Logistics","description":"","potentialAction":[{"@type":"SearchAction","target":{"@type":"EntryPoint","urlTemplate":"https:\/\/generalovernight.ch\/it\/?s={search_term_string}"},"query-input":{"@type":"PropertyValueSpecification","valueRequired":true,"valueName":"search_term_string"}}],"inLanguage":"it-IT"}]}},"_links":{"self":[{"href":"https:\/\/generalovernight.ch\/it\/wp-json\/wp\/v2\/pages\/8841","targetHints":{"allow":["GET"]}}],"collection":[{"href":"https:\/\/generalovernight.ch\/it\/wp-json\/wp\/v2\/pages"}],"about":[{"href":"https:\/\/generalovernight.ch\/it\/wp-json\/wp\/v2\/types\/page"}],"author":[{"embeddable":true,"href":"https:\/\/generalovernight.ch\/it\/wp-json\/wp\/v2\/users\/8"}],"replies":[{"embeddable":true,"href":"https:\/\/generalovernight.ch\/it\/wp-json\/wp\/v2\/comments?post=8841"}],"version-history":[{"count":4,"href":"https:\/\/generalovernight.ch\/it\/wp-json\/wp\/v2\/pages\/8841\/revisions"}],"predecessor-version":[{"id":9471,"href":"https:\/\/generalovernight.ch\/it\/wp-json\/wp\/v2\/pages\/8841\/revisions\/9471"}],"wp:attachment":[{"href":"https:\/\/generalovernight.ch\/it\/wp-json\/wp\/v2\/media?parent=8841"}],"curies":[{"name":"wp","href":"https:\/\/api.w.org\/{rel}","templated":true}]}}