{"id":8860,"date":"2024-12-16T12:02:03","date_gmt":"2024-12-16T12:02:03","guid":{"rendered":"https:\/\/p682793.webspaceconfig.de\/aree-di-lavoro\/"},"modified":"2025-03-17T12:15:51","modified_gmt":"2025-03-17T12:15:51","slug":"aree-di-lavoro","status":"publish","type":"page","link":"https:\/\/generalovernight.ch\/it\/carriera\/aree-di-lavoro\/","title":{"rendered":"Aree di lavoro"},"content":{"rendered":"\t\t<div data-elementor-type=\"wp-page\" data-elementor-id=\"8860\" class=\"elementor elementor-8860 elementor-6396\" data-elementor-post-type=\"page\">\n\t\t\t\t<div class=\"elementor-element elementor-element-af50f82 e-grid e-con-boxed e-con e-parent\" data-id=\"af50f82\" data-element_type=\"container\" data-e-type=\"container\" data-settings=\"{&quot;jet_parallax_layout_list&quot;:[]}\">\n\t\t\t\t\t<div class=\"e-con-inner\">\n\t\t<div class=\"elementor-element elementor-element-3f52549 e-con-full e-flex e-con e-child\" data-id=\"3f52549\" data-element_type=\"container\" data-e-type=\"container\" data-settings=\"{&quot;jet_parallax_layout_list&quot;:[],&quot;background_background&quot;:&quot;classic&quot;}\">\n\t\t<div class=\"elementor-element elementor-element-34a8efa e-con-full e-flex e-con e-child\" data-id=\"34a8efa\" data-element_type=\"container\" data-e-type=\"container\" data-settings=\"{&quot;background_background&quot;:&quot;classic&quot;,&quot;jet_parallax_layout_list&quot;:[]}\">\n\t\t\t\t<div class=\"elementor-element elementor-element-b98a0d6 elementor-widget elementor-widget-heading\" data-id=\"b98a0d6\" data-element_type=\"widget\" data-e-type=\"widget\" data-widget_type=\"heading.default\">\n\t\t\t\t<div class=\"elementor-widget-container\">\n\t\t\t\t\t<h1 class=\"elementor-heading-title elementor-size-default\">All'ordine del giorno: la diversit\u00e0.<\/h1>\t\t\t\t<\/div>\n\t\t\t\t<\/div>\n\t\t\t\t<div class=\"elementor-element elementor-element-c2d0869 elementor-widget elementor-widget-text-editor\" data-id=\"c2d0869\" data-element_type=\"widget\" data-e-type=\"widget\" data-widget_type=\"text-editor.default\">\n\t\t\t\t<div class=\"elementor-widget-container\">\n\t\t\t\t\t\t\t\t\t<p>GO! offre un&#8217;ampia gamma di servizi logistici personalizzabili. Ci\u00f2 significa che il grado di standardizzazione dei nostri processi logistici si basa sulla loro capacit\u00e0 di essere integrati nei processi dei clienti. In altre parole: Produciamo un&#8217;offerta diversificata adattando le nostre soluzioni logistiche alle esigenze dei clienti.  <\/p>\n<p>Ma anche la diversit\u00e0 all&#8217;interno dell&#8217;azienda \u00e8 un fattore importante: in GO! dipendenti, autisti e corrieri di ogni et\u00e0, provenienza e sesso lavorano a stretto contatto ogni giorno. Ognuno contribuisce con la propria esperienza personale e le proprie idee. Siamo tutti uniti dalla passione per la logistica e dall&#8217;ambizione di realizzare anche le richieste pi\u00f9 insolite. La diversit\u00e0 \u00e8 quindi una risorsa importante per la massima soddisfazione dei clienti.   <\/p>\t\t\t\t\t\t\t\t<\/div>\n\t\t\t\t<\/div>\n\t\t<div class=\"elementor-element elementor-element-5ab62e4 e-con-full e-flex e-con e-child\" data-id=\"5ab62e4\" data-element_type=\"container\" data-e-type=\"container\" data-settings=\"{&quot;jet_parallax_layout_list&quot;:[]}\">\n\t\t\t\t<div class=\"elementor-element elementor-element-59f0658 elementor-widget elementor-widget-button\" data-id=\"59f0658\" data-element_type=\"widget\" data-e-type=\"widget\" data-widget_type=\"button.default\">\n\t\t\t\t<div class=\"elementor-widget-container\">\n\t\t\t\t\t\t\t\t\t<div class=\"elementor-button-wrapper\">\n\t\t\t\t\t<a class=\"elementor-button elementor-button-link elementor-size-sm\" href=\"https:\/\/generalovernight.ch\/it\/carriera\/offerte-di-lavoro\/\">\n\t\t\t\t\t\t<span class=\"elementor-button-content-wrapper\">\n\t\t\t\t\t\t<span class=\"elementor-button-icon\">\n\t\t\t\t<i aria-hidden=\"true\" class=\"far fa-envelope\"><\/i>\t\t\t<\/span>\n\t\t\t\t\t\t\t\t\t<span class=\"elementor-button-text\">Ecco l'applicazione<\/span>\n\t\t\t\t\t<\/span>\n\t\t\t\t\t<\/a>\n\t\t\t\t<\/div>\n\t\t\t\t\t\t\t\t<\/div>\n\t\t\t\t<\/div>\n\t\t\t\t<\/div>\n\t\t\t\t<\/div>\n\t\t\t\t<\/div>\n\t\t\t\t<div class=\"elementor-element elementor-element-de73877 elementor-widget elementor-widget-image\" data-id=\"de73877\" data-element_type=\"widget\" data-e-type=\"widget\" data-widget_type=\"image.default\">\n\t\t\t\t<div class=\"elementor-widget-container\">\n\t\t\t\t\t\t\t\t\t\t\t\t\t\t\t<img fetchpriority=\"high\" decoding=\"async\" width=\"800\" height=\"340\" src=\"https:\/\/generalovernight.ch\/wp-content\/uploads\/2023\/01\/2020_Initiativbewerbung-Kurier_V2_GO-Stadt_Sprinter-mit-Kuriere-4-1896x805-1-1024x435.webp\" class=\"attachment-large size-large wp-image-4486\" alt=\"\" srcset=\"https:\/\/generalovernight.ch\/wp-content\/uploads\/2023\/01\/2020_Initiativbewerbung-Kurier_V2_GO-Stadt_Sprinter-mit-Kuriere-4-1896x805-1-1024x435.webp 1024w, https:\/\/generalovernight.ch\/wp-content\/uploads\/2023\/01\/2020_Initiativbewerbung-Kurier_V2_GO-Stadt_Sprinter-mit-Kuriere-4-1896x805-1-300x127.webp 300w, https:\/\/generalovernight.ch\/wp-content\/uploads\/2023\/01\/2020_Initiativbewerbung-Kurier_V2_GO-Stadt_Sprinter-mit-Kuriere-4-1896x805-1-768x326.webp 768w, https:\/\/generalovernight.ch\/wp-content\/uploads\/2023\/01\/2020_Initiativbewerbung-Kurier_V2_GO-Stadt_Sprinter-mit-Kuriere-4-1896x805-1-1536x652.webp 1536w, https:\/\/generalovernight.ch\/wp-content\/uploads\/2023\/01\/2020_Initiativbewerbung-Kurier_V2_GO-Stadt_Sprinter-mit-Kuriere-4-1896x805-1.webp 1896w\" sizes=\"(max-width: 800px) 100vw, 800px\" \/>\t\t\t\t\t\t\t\t\t\t\t\t\t\t\t<\/div>\n\t\t\t\t<\/div>\n\t\t\t\t\t<\/div>\n\t\t\t\t<\/div>\n\t\t<div class=\"elementor-element elementor-element-8f567ff e-flex e-con-boxed e-con e-parent\" data-id=\"8f567ff\" data-element_type=\"container\" data-e-type=\"container\" data-settings=\"{&quot;background_background&quot;:&quot;classic&quot;,&quot;jet_parallax_layout_list&quot;:[]}\">\n\t\t\t\t\t<div class=\"e-con-inner\">\n\t\t<div class=\"elementor-element elementor-element-b2e5abf e-grid e-con-boxed e-con e-child\" data-id=\"b2e5abf\" data-element_type=\"container\" data-e-type=\"container\" data-settings=\"{&quot;jet_parallax_layout_list&quot;:[],&quot;background_background&quot;:&quot;classic&quot;}\">\n\t\t\t\t\t<div class=\"e-con-inner\">\n\t\t\t\t<div class=\"elementor-element elementor-element-77f630b elementor-widget elementor-widget-image\" data-id=\"77f630b\" data-element_type=\"widget\" data-e-type=\"widget\" data-widget_type=\"image.default\">\n\t\t\t\t<div class=\"elementor-widget-container\">\n\t\t\t\t\t\t\t\t\t\t\t\t\t\t\t<img decoding=\"async\" width=\"563\" height=\"376\" src=\"https:\/\/generalovernight.ch\/wp-content\/uploads\/2024\/12\/2021_GO-Karriere_Arbeitsbereich_Qualitaetsmanagement.jpg\" class=\"attachment-large size-large wp-image-8861\" alt=\"\" srcset=\"https:\/\/generalovernight.ch\/wp-content\/uploads\/2024\/12\/2021_GO-Karriere_Arbeitsbereich_Qualitaetsmanagement.jpg 563w, https:\/\/generalovernight.ch\/wp-content\/uploads\/2024\/12\/2021_GO-Karriere_Arbeitsbereich_Qualitaetsmanagement-300x200.jpg 300w\" sizes=\"(max-width: 563px) 100vw, 563px\" \/>\t\t\t\t\t\t\t\t\t\t\t\t\t\t\t<\/div>\n\t\t\t\t<\/div>\n\t\t<div class=\"elementor-element elementor-element-d9136bc e-con-full e-flex e-con e-child\" data-id=\"d9136bc\" data-element_type=\"container\" data-e-type=\"container\" data-settings=\"{&quot;background_background&quot;:&quot;classic&quot;,&quot;jet_parallax_layout_list&quot;:[]}\">\n\t\t<div class=\"elementor-element elementor-element-4ba2c44 e-con-full e-flex e-con e-child\" data-id=\"4ba2c44\" data-element_type=\"container\" data-e-type=\"container\" data-settings=\"{&quot;background_background&quot;:&quot;classic&quot;,&quot;jet_parallax_layout_list&quot;:[]}\">\n\t\t\t\t<div class=\"elementor-element elementor-element-f1ea19c elementor-widget elementor-widget-heading\" data-id=\"f1ea19c\" data-element_type=\"widget\" data-e-type=\"widget\" data-widget_type=\"heading.default\">\n\t\t\t\t<div class=\"elementor-widget-container\">\n\t\t\t\t\t<span class=\"elementor-heading-title elementor-size-default\">La gestione della qualit\u00e0 di GO!<\/span>\t\t\t\t<\/div>\n\t\t\t\t<\/div>\n\t\t\t\t<div class=\"elementor-element elementor-element-8bf2de3 elementor-widget elementor-widget-heading\" data-id=\"8bf2de3\" data-element_type=\"widget\" data-e-type=\"widget\" data-widget_type=\"heading.default\">\n\t\t\t\t<div class=\"elementor-widget-container\">\n\t\t\t\t\t<h2 class=\"elementor-heading-title elementor-size-default\">Pi\u00f9 dello standard<\/h2>\t\t\t\t<\/div>\n\t\t\t\t<\/div>\n\t\t\t\t<div class=\"elementor-element elementor-element-a5fc76c elementor-widget elementor-widget-text-editor\" data-id=\"a5fc76c\" data-element_type=\"widget\" data-e-type=\"widget\" data-widget_type=\"text-editor.default\">\n\t\t\t\t<div class=\"elementor-widget-container\">\n\t\t\t\t\t\t\t\t\t<div class=\"col-12 col-md-6 col-lg-4 mb-5\"><div class=\"teaser teaser--33 teaser--has-image\"><div class=\"teaser__wrapper\"><div class=\"teaser__container\"><div class=\"teaser__text\"><p>Gli elevati standard di qualit\u00e0 dei nostri servizi e processi non richiedono solo un monitoraggio regolare. Il nostro dipartimento di gestione della qualit\u00e0 crea anche le condizioni per il miglioramento continuo del nostro sistema di gestione integrato.   <\/p><\/div><\/div><\/div><\/div><\/div><div class=\"col-12 col-md-6 col-lg-4 mb-5\"><div class=\"teaser teaser--33 teaser--has-image\"><div class=\"teaser__wrapper\"><div class=\"teaser__image-container\"><picture><source srcset=\"https:\/\/www.general-overnight.com\/_Resources\/Persistent\/9\/a\/2\/9\/9a299ddeb4e187665a762ac87863083ce3b2e8d3\/2021_GO%21%20Karriere_Arbeitsbereich_IT-480x319.webp 480w, https:\/\/www.general-overnight.com\/_Resources\/Persistent\/6\/e\/3\/5\/6e35082a48620f26c3755c5b83e5bc95d30c6c0f\/2021_GO%21%20Karriere_Arbeitsbereich_IT-565x376.webp 992w, https:\/\/www.general-overnight.com\/_Resources\/Persistent\/6\/e\/3\/5\/6e35082a48620f26c3755c5b83e5bc95d30c6c0f\/2021_GO%21%20Karriere_Arbeitsbereich_IT-565x376.webp 1920w, https:\/\/www.general-overnight.com\/_Resources\/Persistent\/6\/e\/3\/5\/6e35082a48620f26c3755c5b83e5bc95d30c6c0f\/2021_GO%21%20Karriere_Arbeitsbereich_IT-565x376.webp 2560w\" type=\"image\/webp\" sizes=\"(max-width: 480px) 480px, (max-width: 992px) 992px, 100vw\"><\/source><source srcset=\"https:\/\/www.general-overnight.com\/media\/thumbnail\/6f21f463-0813-4d5a-a570-c01b200f48ce 480w, https:\/\/www.general-overnight.com\/_Resources\/Persistent\/6\/1\/b\/a\/61bae4b6170fcab5830c92e0109844fb99ff42f0\/2021_GO%21%20Karriere_Arbeitsbereich_IT-565x376.png 992w, https:\/\/www.general-overnight.com\/_Resources\/Persistent\/6\/1\/7\/f\/617f7395737a807b4408608778dc44fdf4012dfb\/2021_GO%21%20Karriere_Arbeitsbereich_IT-565x376.png 1920w, https:\/\/www.general-overnight.com\/_Resources\/Persistent\/6\/6\/4\/f\/664fc4e5e173dcedaf61db8dd9950a2fe4110ecf\/2021_GO%21%20Karriere_Arbeitsbereich_IT-565x376.png 2560w\" type=\"image\/png\" sizes=\"(max-width: 480px) 480px, (max-width: 992px) 992px, 100vw\"><\/source><\/picture><\/div><\/div><\/div><\/div>\t\t\t\t\t\t\t\t<\/div>\n\t\t\t\t<\/div>\n\t\t\t\t<\/div>\n\t\t\t\t<\/div>\n\t\t\t\t\t<\/div>\n\t\t\t\t<\/div>\n\t\t\t\t\t<\/div>\n\t\t\t\t<\/div>\n\t\t\t\t<\/div>\n\t\t","protected":false},"excerpt":{"rendered":"<p>All&#8217;ordine del giorno: la diversit\u00e0. GO! offre un&#8217;ampia gamma di servizi logistici personalizzabili. Ci\u00f2 significa che il grado di standardizzazione dei nostri processi logistici si basa sulla loro capacit\u00e0 di essere integrati nei processi dei clienti. In altre parole: Produciamo un&#8217;offerta diversificata adattando le nostre soluzioni logistiche alle esigenze dei clienti. Ma anche la diversit\u00e0 [&hellip;]<\/p>\n","protected":false},"author":8,"featured_media":0,"parent":9077,"menu_order":0,"comment_status":"closed","ping_status":"closed","template":"","meta":{"_monsterinsights_skip_tracking":false,"_monsterinsights_sitenote_active":false,"_monsterinsights_sitenote_note":"","_monsterinsights_sitenote_category":0,"footnotes":""},"class_list":["post-8860","page","type-page","status-publish","hentry"],"yoast_head":"<!-- This site is optimized with the Yoast SEO plugin v27.2 - https:\/\/yoast.com\/product\/yoast-seo-wordpress\/ -->\n<title>Aree di lavoro - GO! Express &amp; Logistics<\/title>\n<meta name=\"robots\" content=\"index, follow, max-snippet:-1, max-image-preview:large, max-video-preview:-1\" \/>\n<link rel=\"canonical\" href=\"https:\/\/generalovernight.ch\/it\/carriera\/aree-di-lavoro\/\" \/>\n<meta property=\"og:locale\" content=\"it_IT\" \/>\n<meta property=\"og:type\" content=\"article\" \/>\n<meta property=\"og:title\" content=\"Aree di lavoro - GO! Express &amp; Logistics\" \/>\n<meta property=\"og:description\" content=\"All&#8217;ordine del giorno: la diversit\u00e0. GO! offre un&#8217;ampia gamma di servizi logistici personalizzabili. Ci\u00f2 significa che il grado di standardizzazione dei nostri processi logistici si basa sulla loro capacit\u00e0 di essere integrati nei processi dei clienti. In altre parole: Produciamo un&#8217;offerta diversificata adattando le nostre soluzioni logistiche alle esigenze dei clienti. Ma anche la diversit\u00e0 [&hellip;]\" \/>\n<meta property=\"og:url\" content=\"https:\/\/generalovernight.ch\/it\/carriera\/aree-di-lavoro\/\" \/>\n<meta property=\"og:site_name\" content=\"GO! Express &amp; Logistics\" \/>\n<meta property=\"article:modified_time\" content=\"2025-03-17T12:15:51+00:00\" \/>\n<meta property=\"og:image\" content=\"https:\/\/p682793.webspaceconfig.de\/wp-content\/uploads\/2023\/01\/2020_Initiativbewerbung-Kurier_V2_GO-Stadt_Sprinter-mit-Kuriere-4-1896x805-1-1024x435.webp\" \/>\n<meta name=\"twitter:card\" content=\"summary_large_image\" \/>\n<meta name=\"twitter:label1\" content=\"Tempo di lettura stimato\" \/>\n\t<meta name=\"twitter:data1\" content=\"1 minuto\" \/>\n<script type=\"application\/ld+json\" class=\"yoast-schema-graph\">{\"@context\":\"https:\/\/schema.org\",\"@graph\":[{\"@type\":\"WebPage\",\"@id\":\"https:\/\/generalovernight.ch\/it\/carriera\/aree-di-lavoro\/\",\"url\":\"https:\/\/generalovernight.ch\/it\/carriera\/aree-di-lavoro\/\",\"name\":\"Aree di lavoro - GO! Express &amp; Logistics\",\"isPartOf\":{\"@id\":\"https:\/\/generalovernight.ch\/it\/#website\"},\"primaryImageOfPage\":{\"@id\":\"https:\/\/generalovernight.ch\/it\/carriera\/aree-di-lavoro\/#primaryimage\"},\"image\":{\"@id\":\"https:\/\/generalovernight.ch\/it\/carriera\/aree-di-lavoro\/#primaryimage\"},\"thumbnailUrl\":\"https:\/\/p682793.webspaceconfig.de\/wp-content\/uploads\/2023\/01\/2020_Initiativbewerbung-Kurier_V2_GO-Stadt_Sprinter-mit-Kuriere-4-1896x805-1-1024x435.webp\",\"datePublished\":\"2024-12-16T12:02:03+00:00\",\"dateModified\":\"2025-03-17T12:15:51+00:00\",\"breadcrumb\":{\"@id\":\"https:\/\/generalovernight.ch\/it\/carriera\/aree-di-lavoro\/#breadcrumb\"},\"inLanguage\":\"it-IT\",\"potentialAction\":[{\"@type\":\"ReadAction\",\"target\":[\"https:\/\/generalovernight.ch\/it\/carriera\/aree-di-lavoro\/\"]}]},{\"@type\":\"ImageObject\",\"inLanguage\":\"it-IT\",\"@id\":\"https:\/\/generalovernight.ch\/it\/carriera\/aree-di-lavoro\/#primaryimage\",\"url\":\"https:\/\/p682793.webspaceconfig.de\/wp-content\/uploads\/2023\/01\/2020_Initiativbewerbung-Kurier_V2_GO-Stadt_Sprinter-mit-Kuriere-4-1896x805-1-1024x435.webp\",\"contentUrl\":\"https:\/\/p682793.webspaceconfig.de\/wp-content\/uploads\/2023\/01\/2020_Initiativbewerbung-Kurier_V2_GO-Stadt_Sprinter-mit-Kuriere-4-1896x805-1-1024x435.webp\"},{\"@type\":\"BreadcrumbList\",\"@id\":\"https:\/\/generalovernight.ch\/it\/carriera\/aree-di-lavoro\/#breadcrumb\",\"itemListElement\":[{\"@type\":\"ListItem\",\"position\":1,\"name\":\"Startseite\",\"item\":\"https:\/\/generalovernight.ch\/it\/\"},{\"@type\":\"ListItem\",\"position\":2,\"name\":\"Carriera\",\"item\":\"https:\/\/generalovernight.ch\/it\/karriere\/\"},{\"@type\":\"ListItem\",\"position\":3,\"name\":\"Aree di lavoro\"}]},{\"@type\":\"WebSite\",\"@id\":\"https:\/\/generalovernight.ch\/it\/#website\",\"url\":\"https:\/\/generalovernight.ch\/it\/\",\"name\":\"GO! Express &amp; Logistics\",\"description\":\"\",\"potentialAction\":[{\"@type\":\"SearchAction\",\"target\":{\"@type\":\"EntryPoint\",\"urlTemplate\":\"https:\/\/generalovernight.ch\/it\/?s={search_term_string}\"},\"query-input\":{\"@type\":\"PropertyValueSpecification\",\"valueRequired\":true,\"valueName\":\"search_term_string\"}}],\"inLanguage\":\"it-IT\"}]}<\/script>\n<!-- \/ Yoast SEO plugin. -->","yoast_head_json":{"title":"Aree di lavoro - GO! Express &amp; Logistics","robots":{"index":"index","follow":"follow","max-snippet":"max-snippet:-1","max-image-preview":"max-image-preview:large","max-video-preview":"max-video-preview:-1"},"canonical":"https:\/\/generalovernight.ch\/it\/carriera\/aree-di-lavoro\/","og_locale":"it_IT","og_type":"article","og_title":"Aree di lavoro - GO! Express &amp; Logistics","og_description":"All&#8217;ordine del giorno: la diversit\u00e0. GO! offre un&#8217;ampia gamma di servizi logistici personalizzabili. Ci\u00f2 significa che il grado di standardizzazione dei nostri processi logistici si basa sulla loro capacit\u00e0 di essere integrati nei processi dei clienti. In altre parole: Produciamo un&#8217;offerta diversificata adattando le nostre soluzioni logistiche alle esigenze dei clienti. Ma anche la diversit\u00e0 [&hellip;]","og_url":"https:\/\/generalovernight.ch\/it\/carriera\/aree-di-lavoro\/","og_site_name":"GO! Express &amp; Logistics","article_modified_time":"2025-03-17T12:15:51+00:00","og_image":[{"url":"https:\/\/p682793.webspaceconfig.de\/wp-content\/uploads\/2023\/01\/2020_Initiativbewerbung-Kurier_V2_GO-Stadt_Sprinter-mit-Kuriere-4-1896x805-1-1024x435.webp","type":"","width":"","height":""}],"twitter_card":"summary_large_image","twitter_misc":{"Tempo di lettura stimato":"1 minuto"},"schema":{"@context":"https:\/\/schema.org","@graph":[{"@type":"WebPage","@id":"https:\/\/generalovernight.ch\/it\/carriera\/aree-di-lavoro\/","url":"https:\/\/generalovernight.ch\/it\/carriera\/aree-di-lavoro\/","name":"Aree di lavoro - GO! Express &amp; Logistics","isPartOf":{"@id":"https:\/\/generalovernight.ch\/it\/#website"},"primaryImageOfPage":{"@id":"https:\/\/generalovernight.ch\/it\/carriera\/aree-di-lavoro\/#primaryimage"},"image":{"@id":"https:\/\/generalovernight.ch\/it\/carriera\/aree-di-lavoro\/#primaryimage"},"thumbnailUrl":"https:\/\/p682793.webspaceconfig.de\/wp-content\/uploads\/2023\/01\/2020_Initiativbewerbung-Kurier_V2_GO-Stadt_Sprinter-mit-Kuriere-4-1896x805-1-1024x435.webp","datePublished":"2024-12-16T12:02:03+00:00","dateModified":"2025-03-17T12:15:51+00:00","breadcrumb":{"@id":"https:\/\/generalovernight.ch\/it\/carriera\/aree-di-lavoro\/#breadcrumb"},"inLanguage":"it-IT","potentialAction":[{"@type":"ReadAction","target":["https:\/\/generalovernight.ch\/it\/carriera\/aree-di-lavoro\/"]}]},{"@type":"ImageObject","inLanguage":"it-IT","@id":"https:\/\/generalovernight.ch\/it\/carriera\/aree-di-lavoro\/#primaryimage","url":"https:\/\/p682793.webspaceconfig.de\/wp-content\/uploads\/2023\/01\/2020_Initiativbewerbung-Kurier_V2_GO-Stadt_Sprinter-mit-Kuriere-4-1896x805-1-1024x435.webp","contentUrl":"https:\/\/p682793.webspaceconfig.de\/wp-content\/uploads\/2023\/01\/2020_Initiativbewerbung-Kurier_V2_GO-Stadt_Sprinter-mit-Kuriere-4-1896x805-1-1024x435.webp"},{"@type":"BreadcrumbList","@id":"https:\/\/generalovernight.ch\/it\/carriera\/aree-di-lavoro\/#breadcrumb","itemListElement":[{"@type":"ListItem","position":1,"name":"Startseite","item":"https:\/\/generalovernight.ch\/it\/"},{"@type":"ListItem","position":2,"name":"Carriera","item":"https:\/\/generalovernight.ch\/it\/karriere\/"},{"@type":"ListItem","position":3,"name":"Aree di lavoro"}]},{"@type":"WebSite","@id":"https:\/\/generalovernight.ch\/it\/#website","url":"https:\/\/generalovernight.ch\/it\/","name":"GO! Express &amp; Logistics","description":"","potentialAction":[{"@type":"SearchAction","target":{"@type":"EntryPoint","urlTemplate":"https:\/\/generalovernight.ch\/it\/?s={search_term_string}"},"query-input":{"@type":"PropertyValueSpecification","valueRequired":true,"valueName":"search_term_string"}}],"inLanguage":"it-IT"}]}},"_links":{"self":[{"href":"https:\/\/generalovernight.ch\/it\/wp-json\/wp\/v2\/pages\/8860","targetHints":{"allow":["GET"]}}],"collection":[{"href":"https:\/\/generalovernight.ch\/it\/wp-json\/wp\/v2\/pages"}],"about":[{"href":"https:\/\/generalovernight.ch\/it\/wp-json\/wp\/v2\/types\/page"}],"author":[{"embeddable":true,"href":"https:\/\/generalovernight.ch\/it\/wp-json\/wp\/v2\/users\/8"}],"replies":[{"embeddable":true,"href":"https:\/\/generalovernight.ch\/it\/wp-json\/wp\/v2\/comments?post=8860"}],"version-history":[{"count":2,"href":"https:\/\/generalovernight.ch\/it\/wp-json\/wp\/v2\/pages\/8860\/revisions"}],"predecessor-version":[{"id":8868,"href":"https:\/\/generalovernight.ch\/it\/wp-json\/wp\/v2\/pages\/8860\/revisions\/8868"}],"up":[{"embeddable":true,"href":"https:\/\/generalovernight.ch\/it\/wp-json\/wp\/v2\/pages\/9077"}],"wp:attachment":[{"href":"https:\/\/generalovernight.ch\/it\/wp-json\/wp\/v2\/media?parent=8860"}],"curies":[{"name":"wp","href":"https:\/\/api.w.org\/{rel}","templated":true}]}}