{"id":8885,"date":"2024-12-16T07:48:21","date_gmt":"2024-12-16T07:48:21","guid":{"rendered":"https:\/\/p682793.webspaceconfig.de\/vai-merci-pericolose\/"},"modified":"2025-03-17T12:15:14","modified_gmt":"2025-03-17T12:15:14","slug":"vai-merci-pericolose","status":"publish","type":"page","link":"https:\/\/generalovernight.ch\/it\/prodotti\/go-soluzioni\/contenuti-speciali-di-spedizione\/vai-merci-pericolose\/","title":{"rendered":"VAI! Merci pericolose"},"content":{"rendered":"\t\t<div data-elementor-type=\"wp-page\" data-elementor-id=\"8885\" class=\"elementor elementor-8885 elementor-6283\" data-elementor-post-type=\"page\">\n\t\t\t\t<div class=\"elementor-element elementor-element-091a9bd e-flex e-con-boxed e-con e-parent\" data-id=\"091a9bd\" data-element_type=\"container\" data-e-type=\"container\" data-settings=\"{&quot;jet_parallax_layout_list&quot;:[]}\">\n\t\t\t\t\t<div class=\"e-con-inner\">\n\t\t\t\t<div class=\"elementor-element elementor-element-cc63904 elementor-widget elementor-widget-heading\" data-id=\"cc63904\" data-element_type=\"widget\" data-e-type=\"widget\" data-widget_type=\"heading.default\">\n\t\t\t\t<div class=\"elementor-widget-container\">\n\t\t\t\t\t<h1 class=\"elementor-heading-title elementor-size-default\">Trasporto di merci pericolose?  <br>VAI! Merci pericolose <\/h1>\t\t\t\t<\/div>\n\t\t\t\t<\/div>\n\t\t\t\t<div class=\"elementor-element elementor-element-09ac219 elementor-widget elementor-widget-spacer\" data-id=\"09ac219\" data-element_type=\"widget\" data-e-type=\"widget\" data-widget_type=\"spacer.default\">\n\t\t\t\t<div class=\"elementor-widget-container\">\n\t\t\t\t\t\t\t<div class=\"elementor-spacer\">\n\t\t\t<div class=\"elementor-spacer-inner\"><\/div>\n\t\t<\/div>\n\t\t\t\t\t\t<\/div>\n\t\t\t\t<\/div>\n\t\t\t\t<div class=\"elementor-element elementor-element-88abe89 elementor-widget elementor-widget-text-editor\" data-id=\"88abe89\" data-element_type=\"widget\" data-e-type=\"widget\" data-widget_type=\"text-editor.default\">\n\t\t\t\t<div class=\"elementor-widget-container\">\n\t\t\t\t\t\t\t\t\t<p>Con GO! hai al tuo fianco un partner per la spedizione di merci pericolose che non solo lavora con la massima attenzione e garantisce una sicurezza assoluta, ma conosce anche molto bene tutte le normative e i requisiti di legge.<\/p>\t\t\t\t\t\t\t\t<\/div>\n\t\t\t\t<\/div>\n\t\t\t\t\t<\/div>\n\t\t\t\t<\/div>\n\t\t<div class=\"elementor-element elementor-element-0feed34 e-grid e-con-boxed e-con e-parent\" data-id=\"0feed34\" data-element_type=\"container\" data-e-type=\"container\" data-settings=\"{&quot;jet_parallax_layout_list&quot;:[]}\">\n\t\t\t\t\t<div class=\"e-con-inner\">\n\t\t\t\t<div class=\"elementor-element elementor-element-64cdcf0 elementor-widget elementor-widget-image\" data-id=\"64cdcf0\" data-element_type=\"widget\" data-e-type=\"widget\" data-widget_type=\"image.default\">\n\t\t\t\t<div class=\"elementor-widget-container\">\n\t\t\t\t\t\t\t\t\t\t\t\t\t\t\t<img fetchpriority=\"high\" decoding=\"async\" width=\"400\" height=\"400\" src=\"https:\/\/generalovernight.ch\/wp-content\/uploads\/2025\/01\/GO-gefahrgut.jpg\" class=\"attachment-large size-large wp-image-8914\" alt=\"\" srcset=\"https:\/\/generalovernight.ch\/wp-content\/uploads\/2025\/01\/GO-gefahrgut.jpg 400w, https:\/\/generalovernight.ch\/wp-content\/uploads\/2025\/01\/GO-gefahrgut-300x300.jpg 300w, https:\/\/generalovernight.ch\/wp-content\/uploads\/2025\/01\/GO-gefahrgut-150x150.jpg 150w\" sizes=\"(max-width: 400px) 100vw, 400px\" \/>\t\t\t\t\t\t\t\t\t\t\t\t\t\t\t<\/div>\n\t\t\t\t<\/div>\n\t\t<div class=\"elementor-element elementor-element-eef9130 e-con-full e-flex e-con e-child\" data-id=\"eef9130\" data-element_type=\"container\" data-e-type=\"container\" data-settings=\"{&quot;jet_parallax_layout_list&quot;:[],&quot;background_background&quot;:&quot;classic&quot;}\">\n\t\t<div class=\"elementor-element elementor-element-a7dbf45 e-con-full e-flex e-con e-child\" data-id=\"a7dbf45\" data-element_type=\"container\" data-e-type=\"container\" data-settings=\"{&quot;background_background&quot;:&quot;classic&quot;,&quot;jet_parallax_layout_list&quot;:[]}\">\n\t\t\t\t<div class=\"elementor-element elementor-element-3f1990e elementor-widget elementor-widget-heading\" data-id=\"3f1990e\" data-element_type=\"widget\" data-e-type=\"widget\" data-widget_type=\"heading.default\">\n\t\t\t\t<div class=\"elementor-widget-container\">\n\t\t\t\t\t<h2 class=\"elementor-heading-title elementor-size-default\">La nostra gamma di servizi nel settore delle merci pericolose<\/h2>\t\t\t\t<\/div>\n\t\t\t\t<\/div>\n\t\t\t\t<div class=\"elementor-element elementor-element-c38381b elementor-widget elementor-widget-text-editor\" data-id=\"c38381b\" data-element_type=\"widget\" data-e-type=\"widget\" data-widget_type=\"text-editor.default\">\n\t\t\t\t<div class=\"elementor-widget-container\">\n\t\t\t\t\t\t\t\t\t<ul><li>Carica fino a 1000 punti<\/li><li>Il giorno stesso con un massimo di quattro consegne &#8211; su tutto il territorio nazionale<\/li><li>Consegna notturna completa presso il deposito di merci pericolose<\/li><li>Un servizio completo di ritiro e consegna in trasporto diretto<\/li><\/ul>\t\t\t\t\t\t\t\t<\/div>\n\t\t\t\t<\/div>\n\t\t<div class=\"elementor-element elementor-element-21df81e e-con-full e-flex e-con e-child\" data-id=\"21df81e\" data-element_type=\"container\" data-e-type=\"container\" data-settings=\"{&quot;jet_parallax_layout_list&quot;:[]}\">\n\t\t\t\t<div class=\"elementor-element elementor-element-bd4ef2e elementor-mobile-align-justify elementor-widget elementor-widget-button\" data-id=\"bd4ef2e\" data-element_type=\"widget\" data-e-type=\"widget\" data-widget_type=\"button.default\">\n\t\t\t\t<div class=\"elementor-widget-container\">\n\t\t\t\t\t\t\t\t\t<div class=\"elementor-button-wrapper\">\n\t\t\t\t\t<a class=\"elementor-button elementor-button-link elementor-size-sm\" href=\"tel:+41800599999\">\n\t\t\t\t\t\t<span class=\"elementor-button-content-wrapper\">\n\t\t\t\t\t\t<span class=\"elementor-button-icon\">\n\t\t\t\t<i aria-hidden=\"true\" class=\"icon icon-phone1\"><\/i>\t\t\t<\/span>\n\t\t\t\t\t\t\t\t\t<span class=\"elementor-button-text\">Chiamaci<\/span>\n\t\t\t\t\t<\/span>\n\t\t\t\t\t<\/a>\n\t\t\t\t<\/div>\n\t\t\t\t\t\t\t\t<\/div>\n\t\t\t\t<\/div>\n\t\t\t\t<div class=\"elementor-element elementor-element-c13396b elementor-mobile-align-justify elementor-widget elementor-widget-button\" data-id=\"c13396b\" data-element_type=\"widget\" data-e-type=\"widget\" data-widget_type=\"button.default\">\n\t\t\t\t<div class=\"elementor-widget-container\">\n\t\t\t\t\t\t\t\t\t<div class=\"elementor-button-wrapper\">\n\t\t\t\t\t<a class=\"elementor-button elementor-button-link elementor-size-sm\" href=\"https:\/\/p682793.webspaceconfig.de\/it\/?page_id=8783\">\n\t\t\t\t\t\t<span class=\"elementor-button-content-wrapper\">\n\t\t\t\t\t\t<span class=\"elementor-button-icon\">\n\t\t\t\t<i aria-hidden=\"true\" class=\"far fa-envelope\"><\/i>\t\t\t<\/span>\n\t\t\t\t\t\t\t\t\t<span class=\"elementor-button-text\">Richiesta di spedizione<\/span>\n\t\t\t\t\t<\/span>\n\t\t\t\t\t<\/a>\n\t\t\t\t<\/div>\n\t\t\t\t\t\t\t\t<\/div>\n\t\t\t\t<\/div>\n\t\t\t\t<\/div>\n\t\t\t\t<\/div>\n\t\t\t\t<\/div>\n\t\t\t\t\t<\/div>\n\t\t\t\t<\/div>\n\t\t<div class=\"elementor-element elementor-element-6c0ea7e e-grid e-con-boxed e-con e-parent\" data-id=\"6c0ea7e\" data-element_type=\"container\" data-e-type=\"container\" data-settings=\"{&quot;jet_parallax_layout_list&quot;:[]}\">\n\t\t\t\t\t<div class=\"e-con-inner\">\n\t\t<div class=\"elementor-element elementor-element-6049bd4 e-con-full e-flex e-con e-child\" data-id=\"6049bd4\" data-element_type=\"container\" data-e-type=\"container\" data-settings=\"{&quot;jet_parallax_layout_list&quot;:[],&quot;background_background&quot;:&quot;classic&quot;}\">\n\t\t<div class=\"elementor-element elementor-element-7c0d22e e-con-full e-flex e-con e-child\" data-id=\"7c0d22e\" data-element_type=\"container\" data-e-type=\"container\" data-settings=\"{&quot;background_background&quot;:&quot;classic&quot;,&quot;jet_parallax_layout_list&quot;:[]}\">\n\t\t\t\t<div class=\"elementor-element elementor-element-6f5c34e elementor-widget elementor-widget-heading\" data-id=\"6f5c34e\" data-element_type=\"widget\" data-e-type=\"widget\" data-widget_type=\"heading.default\">\n\t\t\t\t<div class=\"elementor-widget-container\">\n\t\t\t\t\t<h2 class=\"elementor-heading-title elementor-size-default\">Vantaggi<\/h2>\t\t\t\t<\/div>\n\t\t\t\t<\/div>\n\t\t\t\t<div class=\"elementor-element elementor-element-bcd3af5 elementor-widget elementor-widget-text-editor\" data-id=\"bcd3af5\" data-element_type=\"widget\" data-e-type=\"widget\" data-widget_type=\"text-editor.default\">\n\t\t\t\t<div class=\"elementor-widget-container\">\n\t\t\t\t\t\t\t\t\t<ul><li>personale qualificato in conformit\u00e0 alle norme ADR e IATA DGR<\/li><li>Equipaggiamento completo dei veicoli e delle aree di movimentazione in conformit\u00e0 alle normative sulle merci pericolose fino a 1000 punti<\/li><li>Elaborazione degli ordini supportata dall&#8217;IT con confronto automatico dei dati sulle sostanze, verifica dei divieti di carico misto e creazione di documenti di trasporto specifici per il percorso<\/li><li>Descrizioni dei processi e piani di emergenza dedicati<\/li><li>La conformit\u00e0 a tutte le specifiche \u00e8 costantemente monitorata da un funzionario esterno addetto alle merci pericolose che, come noi, \u00e8 disponibile 24 ore su 24, 365 giorni all&#8217;anno.<\/li><\/ul>\t\t\t\t\t\t\t\t<\/div>\n\t\t\t\t<\/div>\n\t\t\t\t<\/div>\n\t\t\t\t<\/div>\n\t\t\t\t<div class=\"elementor-element elementor-element-ff98c65 elementor-widget elementor-widget-image\" data-id=\"ff98c65\" data-element_type=\"widget\" data-e-type=\"widget\" data-widget_type=\"image.default\">\n\t\t\t\t<div class=\"elementor-widget-container\">\n\t\t\t\t\t\t\t\t\t\t\t\t\t\t\t<img decoding=\"async\" width=\"800\" height=\"368\" src=\"https:\/\/generalovernight.ch\/wp-content\/uploads\/2024\/01\/Circleg_Bild5-1024x471.jpg\" class=\"attachment-large size-large wp-image-5563\" alt=\"\" srcset=\"https:\/\/generalovernight.ch\/wp-content\/uploads\/2024\/01\/Circleg_Bild5-1024x471.jpg 1024w, https:\/\/generalovernight.ch\/wp-content\/uploads\/2024\/01\/Circleg_Bild5-300x138.jpg 300w, https:\/\/generalovernight.ch\/wp-content\/uploads\/2024\/01\/Circleg_Bild5-768x353.jpg 768w, https:\/\/generalovernight.ch\/wp-content\/uploads\/2024\/01\/Circleg_Bild5.jpg 1262w\" sizes=\"(max-width: 800px) 100vw, 800px\" \/>\t\t\t\t\t\t\t\t\t\t\t\t\t\t\t<\/div>\n\t\t\t\t<\/div>\n\t\t\t\t\t<\/div>\n\t\t\t\t<\/div>\n\t\t<div class=\"elementor-element elementor-element-3ad3d53 e-con-full e-flex e-con e-parent\" data-id=\"3ad3d53\" data-element_type=\"container\" data-e-type=\"container\" data-settings=\"{&quot;jet_parallax_layout_list&quot;:[]}\">\n\t\t\t\t<div class=\"elementor-element elementor-element-437288c elementor-widget elementor-widget-template\" data-id=\"437288c\" data-element_type=\"widget\" data-e-type=\"widget\" data-widget_type=\"template.default\">\n\t\t\t\t<div class=\"elementor-widget-container\">\n\t\t\t\t\t\t\t<div class=\"elementor-template\">\n\t\t\t\t\t<div data-elementor-type=\"section\" data-elementor-id=\"9166\" class=\"elementor elementor-9166 elementor-6949 elementor-6949\" data-elementor-post-type=\"elementor_library\">\n\t\t\t<div class=\"elementor-element elementor-element-3de13da e-grid e-con-boxed e-con e-parent\" data-id=\"3de13da\" data-element_type=\"container\" data-e-type=\"container\" data-settings=\"{&quot;jet_parallax_layout_list&quot;:[]}\">\n\t\t\t\t\t<div class=\"e-con-inner\">\n\t\t<div class=\"elementor-element elementor-element-9e3810c e-con-full e-flex e-con e-child\" data-id=\"9e3810c\" data-element_type=\"container\" data-e-type=\"container\" data-settings=\"{&quot;background_background&quot;:&quot;classic&quot;,&quot;jet_parallax_layout_list&quot;:[]}\">\n\t\t\t\t<div class=\"elementor-element elementor-element-8057b84 elementor-widget elementor-widget-heading\" data-id=\"8057b84\" data-element_type=\"widget\" data-e-type=\"widget\" data-widget_type=\"heading.default\">\n\t\t\t\t<div class=\"elementor-widget-container\">\n\t\t\t\t\t<h2 class=\"elementor-heading-title elementor-size-default\">Sei gi\u00e0 cliente di GO! <\/h2>\t\t\t\t<\/div>\n\t\t\t\t<\/div>\n\t\t\t\t<div class=\"elementor-element elementor-element-b1fa535 elementor-widget elementor-widget-text-editor\" data-id=\"b1fa535\" data-element_type=\"widget\" data-e-type=\"widget\" data-widget_type=\"text-editor.default\">\n\t\t\t\t<div class=\"elementor-widget-container\">\n\t\t\t\t\t\t\t\t\t<p>Invia il pacco ora:<\/p>\t\t\t\t\t\t\t\t<\/div>\n\t\t\t\t<\/div>\n\t\t\t\t<div class=\"elementor-element elementor-element-b3a7710 elementor-align-left elementor-widget elementor-widget-button\" data-id=\"b3a7710\" data-element_type=\"widget\" data-e-type=\"widget\" data-widget_type=\"button.default\">\n\t\t\t\t<div class=\"elementor-widget-container\">\n\t\t\t\t\t\t\t\t\t<div class=\"elementor-button-wrapper\">\n\t\t\t\t\t<a class=\"elementor-button elementor-button-link elementor-size-sm\" href=\"https:\/\/manage.1st-scan.net\/login\">\n\t\t\t\t\t\t<span class=\"elementor-button-content-wrapper\">\n\t\t\t\t\t\t<span class=\"elementor-button-icon\">\n\t\t\t\t<i aria-hidden=\"true\" class=\"icon icon-arrow-right\"><\/i>\t\t\t<\/span>\n\t\t\t\t\t\t\t\t\t<span class=\"elementor-button-text\">All'accesso<\/span>\n\t\t\t\t\t<\/span>\n\t\t\t\t\t<\/a>\n\t\t\t\t<\/div>\n\t\t\t\t\t\t\t\t<\/div>\n\t\t\t\t<\/div>\n\t\t\t\t<\/div>\n\t\t<div class=\"elementor-element elementor-element-858d6d0 e-con-full e-flex e-con e-child\" data-id=\"858d6d0\" data-element_type=\"container\" data-e-type=\"container\" data-settings=\"{&quot;background_background&quot;:&quot;classic&quot;,&quot;jet_parallax_layout_list&quot;:[]}\">\n\t\t\t\t<div class=\"elementor-element elementor-element-dbb029d elementor-widget elementor-widget-heading\" data-id=\"dbb029d\" data-element_type=\"widget\" data-e-type=\"widget\" data-widget_type=\"heading.default\">\n\t\t\t\t<div class=\"elementor-widget-container\">\n\t\t\t\t\t<h2 class=\"elementor-heading-title elementor-size-default\">Hai bisogno di aiuto?<\/h2>\t\t\t\t<\/div>\n\t\t\t\t<\/div>\n\t\t\t\t<div class=\"elementor-element elementor-element-fd4db14 elementor-widget elementor-widget-text-editor\" data-id=\"fd4db14\" data-element_type=\"widget\" data-e-type=\"widget\" data-widget_type=\"text-editor.default\">\n\t\t\t\t<div class=\"elementor-widget-container\">\n\t\t\t\t\t\t\t\t\t<p>Per una consulenza personale contattaci:<\/p>\t\t\t\t\t\t\t\t<\/div>\n\t\t\t\t<\/div>\n\t\t\t\t<div class=\"elementor-element elementor-element-7bb9beb elementor-align-left elementor-widget elementor-widget-button\" data-id=\"7bb9beb\" data-element_type=\"widget\" data-e-type=\"widget\" data-widget_type=\"button.default\">\n\t\t\t\t<div class=\"elementor-widget-container\">\n\t\t\t\t\t\t\t\t\t<div class=\"elementor-button-wrapper\">\n\t\t\t\t\t<a class=\"elementor-button elementor-button-link elementor-size-sm\" href=\"tel:+41800859999\">\n\t\t\t\t\t\t<span class=\"elementor-button-content-wrapper\">\n\t\t\t\t\t\t<span class=\"elementor-button-icon\">\n\t\t\t\t<i aria-hidden=\"true\" class=\"icon icon-phone1\"><\/i>\t\t\t<\/span>\n\t\t\t\t\t\t\t\t\t<span class=\"elementor-button-text\">0800 \/ 85 99 99<\/span>\n\t\t\t\t\t<\/span>\n\t\t\t\t\t<\/a>\n\t\t\t\t<\/div>\n\t\t\t\t\t\t\t\t<\/div>\n\t\t\t\t<\/div>\n\t\t\t\t<\/div>\n\t\t\t\t\t<\/div>\n\t\t\t\t<\/div>\n\t\t\t\t<\/div>\n\t\t\t\t<\/div>\n\t\t\t\t\t\t<\/div>\n\t\t\t\t<\/div>\n\t\t\t\t<\/div>\n\t\t\t\t<\/div>\n\t\t","protected":false},"excerpt":{"rendered":"<p>Trasporto di merci pericolose? VAI! Merci pericolose Con GO! hai al tuo fianco un partner per la spedizione di merci pericolose che non solo lavora con la massima attenzione e garantisce una sicurezza assoluta, ma conosce anche molto bene tutte le normative e i requisiti di legge. La nostra gamma di servizi nel settore delle [&hellip;]<\/p>\n","protected":false},"author":8,"featured_media":0,"parent":8912,"menu_order":0,"comment_status":"closed","ping_status":"closed","template":"","meta":{"_monsterinsights_skip_tracking":false,"_monsterinsights_sitenote_active":false,"_monsterinsights_sitenote_note":"","_monsterinsights_sitenote_category":0,"footnotes":""},"class_list":["post-8885","page","type-page","status-publish","hentry"],"yoast_head":"<!-- This site is optimized with the Yoast SEO plugin v27.2 - https:\/\/yoast.com\/product\/yoast-seo-wordpress\/ -->\n<title>VAI! Merci pericolose - GO! Express &amp; Logistics<\/title>\n<meta name=\"robots\" content=\"index, follow, max-snippet:-1, max-image-preview:large, max-video-preview:-1\" \/>\n<link rel=\"canonical\" href=\"https:\/\/generalovernight.ch\/it\/prodotti\/go-soluzioni\/contenuti-speciali-di-spedizione\/vai-merci-pericolose\/\" \/>\n<meta property=\"og:locale\" content=\"it_IT\" \/>\n<meta property=\"og:type\" content=\"article\" \/>\n<meta property=\"og:title\" content=\"VAI! Merci pericolose - GO! Express &amp; Logistics\" \/>\n<meta property=\"og:description\" content=\"Trasporto di merci pericolose? VAI! Merci pericolose Con GO! hai al tuo fianco un partner per la spedizione di merci pericolose che non solo lavora con la massima attenzione e garantisce una sicurezza assoluta, ma conosce anche molto bene tutte le normative e i requisiti di legge. La nostra gamma di servizi nel settore delle [&hellip;]\" \/>\n<meta property=\"og:url\" content=\"https:\/\/generalovernight.ch\/it\/prodotti\/go-soluzioni\/contenuti-speciali-di-spedizione\/vai-merci-pericolose\/\" \/>\n<meta property=\"og:site_name\" content=\"GO! Express &amp; Logistics\" \/>\n<meta property=\"article:modified_time\" content=\"2025-03-17T12:15:14+00:00\" \/>\n<meta property=\"og:image\" content=\"https:\/\/p682793.webspaceconfig.de\/wp-content\/uploads\/2025\/01\/GO-gefahrgut.jpg\" \/>\n<meta name=\"twitter:card\" content=\"summary_large_image\" \/>\n<meta name=\"twitter:label1\" content=\"Tempo di lettura stimato\" \/>\n\t<meta name=\"twitter:data1\" content=\"1 minuto\" \/>\n<script type=\"application\/ld+json\" class=\"yoast-schema-graph\">{\"@context\":\"https:\/\/schema.org\",\"@graph\":[{\"@type\":\"WebPage\",\"@id\":\"https:\/\/generalovernight.ch\/it\/prodotti\/go-soluzioni\/contenuti-speciali-di-spedizione\/vai-merci-pericolose\/\",\"url\":\"https:\/\/generalovernight.ch\/it\/prodotti\/go-soluzioni\/contenuti-speciali-di-spedizione\/vai-merci-pericolose\/\",\"name\":\"VAI! Merci pericolose - GO! Express &amp; Logistics\",\"isPartOf\":{\"@id\":\"https:\/\/generalovernight.ch\/it\/#website\"},\"primaryImageOfPage\":{\"@id\":\"https:\/\/generalovernight.ch\/it\/prodotti\/go-soluzioni\/contenuti-speciali-di-spedizione\/vai-merci-pericolose\/#primaryimage\"},\"image\":{\"@id\":\"https:\/\/generalovernight.ch\/it\/prodotti\/go-soluzioni\/contenuti-speciali-di-spedizione\/vai-merci-pericolose\/#primaryimage\"},\"thumbnailUrl\":\"https:\/\/p682793.webspaceconfig.de\/wp-content\/uploads\/2025\/01\/GO-gefahrgut.jpg\",\"datePublished\":\"2024-12-16T07:48:21+00:00\",\"dateModified\":\"2025-03-17T12:15:14+00:00\",\"breadcrumb\":{\"@id\":\"https:\/\/generalovernight.ch\/it\/prodotti\/go-soluzioni\/contenuti-speciali-di-spedizione\/vai-merci-pericolose\/#breadcrumb\"},\"inLanguage\":\"it-IT\",\"potentialAction\":[{\"@type\":\"ReadAction\",\"target\":[\"https:\/\/generalovernight.ch\/it\/prodotti\/go-soluzioni\/contenuti-speciali-di-spedizione\/vai-merci-pericolose\/\"]}]},{\"@type\":\"ImageObject\",\"inLanguage\":\"it-IT\",\"@id\":\"https:\/\/generalovernight.ch\/it\/prodotti\/go-soluzioni\/contenuti-speciali-di-spedizione\/vai-merci-pericolose\/#primaryimage\",\"url\":\"https:\/\/p682793.webspaceconfig.de\/wp-content\/uploads\/2025\/01\/GO-gefahrgut.jpg\",\"contentUrl\":\"https:\/\/p682793.webspaceconfig.de\/wp-content\/uploads\/2025\/01\/GO-gefahrgut.jpg\"},{\"@type\":\"BreadcrumbList\",\"@id\":\"https:\/\/generalovernight.ch\/it\/prodotti\/go-soluzioni\/contenuti-speciali-di-spedizione\/vai-merci-pericolose\/#breadcrumb\",\"itemListElement\":[{\"@type\":\"ListItem\",\"position\":1,\"name\":\"Startseite\",\"item\":\"https:\/\/generalovernight.ch\/it\/\"},{\"@type\":\"ListItem\",\"position\":2,\"name\":\"Prodotti\",\"item\":\"https:\/\/generalovernight.ch\/it\/produkte\/\"},{\"@type\":\"ListItem\",\"position\":3,\"name\":\"GO! Soluzioni\",\"item\":\"https:\/\/generalovernight.ch\/it\/produkte\/go-solutions\/\"},{\"@type\":\"ListItem\",\"position\":4,\"name\":\"Contenuti speciali di spedizione\",\"item\":\"https:\/\/generalovernight.ch\/it\/produkte\/go-solutions\/besondere-versandinhalte\/\"},{\"@type\":\"ListItem\",\"position\":5,\"name\":\"VAI! Merci pericolose\"}]},{\"@type\":\"WebSite\",\"@id\":\"https:\/\/generalovernight.ch\/it\/#website\",\"url\":\"https:\/\/generalovernight.ch\/it\/\",\"name\":\"GO! Express &amp; Logistics\",\"description\":\"\",\"potentialAction\":[{\"@type\":\"SearchAction\",\"target\":{\"@type\":\"EntryPoint\",\"urlTemplate\":\"https:\/\/generalovernight.ch\/it\/?s={search_term_string}\"},\"query-input\":{\"@type\":\"PropertyValueSpecification\",\"valueRequired\":true,\"valueName\":\"search_term_string\"}}],\"inLanguage\":\"it-IT\"}]}<\/script>\n<!-- \/ Yoast SEO plugin. -->","yoast_head_json":{"title":"VAI! Merci pericolose - GO! Express &amp; Logistics","robots":{"index":"index","follow":"follow","max-snippet":"max-snippet:-1","max-image-preview":"max-image-preview:large","max-video-preview":"max-video-preview:-1"},"canonical":"https:\/\/generalovernight.ch\/it\/prodotti\/go-soluzioni\/contenuti-speciali-di-spedizione\/vai-merci-pericolose\/","og_locale":"it_IT","og_type":"article","og_title":"VAI! Merci pericolose - GO! Express &amp; Logistics","og_description":"Trasporto di merci pericolose? VAI! Merci pericolose Con GO! hai al tuo fianco un partner per la spedizione di merci pericolose che non solo lavora con la massima attenzione e garantisce una sicurezza assoluta, ma conosce anche molto bene tutte le normative e i requisiti di legge. La nostra gamma di servizi nel settore delle [&hellip;]","og_url":"https:\/\/generalovernight.ch\/it\/prodotti\/go-soluzioni\/contenuti-speciali-di-spedizione\/vai-merci-pericolose\/","og_site_name":"GO! Express &amp; Logistics","article_modified_time":"2025-03-17T12:15:14+00:00","og_image":[{"url":"https:\/\/p682793.webspaceconfig.de\/wp-content\/uploads\/2025\/01\/GO-gefahrgut.jpg","type":"","width":"","height":""}],"twitter_card":"summary_large_image","twitter_misc":{"Tempo di lettura stimato":"1 minuto"},"schema":{"@context":"https:\/\/schema.org","@graph":[{"@type":"WebPage","@id":"https:\/\/generalovernight.ch\/it\/prodotti\/go-soluzioni\/contenuti-speciali-di-spedizione\/vai-merci-pericolose\/","url":"https:\/\/generalovernight.ch\/it\/prodotti\/go-soluzioni\/contenuti-speciali-di-spedizione\/vai-merci-pericolose\/","name":"VAI! Merci pericolose - GO! Express &amp; Logistics","isPartOf":{"@id":"https:\/\/generalovernight.ch\/it\/#website"},"primaryImageOfPage":{"@id":"https:\/\/generalovernight.ch\/it\/prodotti\/go-soluzioni\/contenuti-speciali-di-spedizione\/vai-merci-pericolose\/#primaryimage"},"image":{"@id":"https:\/\/generalovernight.ch\/it\/prodotti\/go-soluzioni\/contenuti-speciali-di-spedizione\/vai-merci-pericolose\/#primaryimage"},"thumbnailUrl":"https:\/\/p682793.webspaceconfig.de\/wp-content\/uploads\/2025\/01\/GO-gefahrgut.jpg","datePublished":"2024-12-16T07:48:21+00:00","dateModified":"2025-03-17T12:15:14+00:00","breadcrumb":{"@id":"https:\/\/generalovernight.ch\/it\/prodotti\/go-soluzioni\/contenuti-speciali-di-spedizione\/vai-merci-pericolose\/#breadcrumb"},"inLanguage":"it-IT","potentialAction":[{"@type":"ReadAction","target":["https:\/\/generalovernight.ch\/it\/prodotti\/go-soluzioni\/contenuti-speciali-di-spedizione\/vai-merci-pericolose\/"]}]},{"@type":"ImageObject","inLanguage":"it-IT","@id":"https:\/\/generalovernight.ch\/it\/prodotti\/go-soluzioni\/contenuti-speciali-di-spedizione\/vai-merci-pericolose\/#primaryimage","url":"https:\/\/p682793.webspaceconfig.de\/wp-content\/uploads\/2025\/01\/GO-gefahrgut.jpg","contentUrl":"https:\/\/p682793.webspaceconfig.de\/wp-content\/uploads\/2025\/01\/GO-gefahrgut.jpg"},{"@type":"BreadcrumbList","@id":"https:\/\/generalovernight.ch\/it\/prodotti\/go-soluzioni\/contenuti-speciali-di-spedizione\/vai-merci-pericolose\/#breadcrumb","itemListElement":[{"@type":"ListItem","position":1,"name":"Startseite","item":"https:\/\/generalovernight.ch\/it\/"},{"@type":"ListItem","position":2,"name":"Prodotti","item":"https:\/\/generalovernight.ch\/it\/produkte\/"},{"@type":"ListItem","position":3,"name":"GO! Soluzioni","item":"https:\/\/generalovernight.ch\/it\/produkte\/go-solutions\/"},{"@type":"ListItem","position":4,"name":"Contenuti speciali di spedizione","item":"https:\/\/generalovernight.ch\/it\/produkte\/go-solutions\/besondere-versandinhalte\/"},{"@type":"ListItem","position":5,"name":"VAI! Merci pericolose"}]},{"@type":"WebSite","@id":"https:\/\/generalovernight.ch\/it\/#website","url":"https:\/\/generalovernight.ch\/it\/","name":"GO! Express &amp; Logistics","description":"","potentialAction":[{"@type":"SearchAction","target":{"@type":"EntryPoint","urlTemplate":"https:\/\/generalovernight.ch\/it\/?s={search_term_string}"},"query-input":{"@type":"PropertyValueSpecification","valueRequired":true,"valueName":"search_term_string"}}],"inLanguage":"it-IT"}]}},"_links":{"self":[{"href":"https:\/\/generalovernight.ch\/it\/wp-json\/wp\/v2\/pages\/8885","targetHints":{"allow":["GET"]}}],"collection":[{"href":"https:\/\/generalovernight.ch\/it\/wp-json\/wp\/v2\/pages"}],"about":[{"href":"https:\/\/generalovernight.ch\/it\/wp-json\/wp\/v2\/types\/page"}],"author":[{"embeddable":true,"href":"https:\/\/generalovernight.ch\/it\/wp-json\/wp\/v2\/users\/8"}],"replies":[{"embeddable":true,"href":"https:\/\/generalovernight.ch\/it\/wp-json\/wp\/v2\/comments?post=8885"}],"version-history":[{"count":2,"href":"https:\/\/generalovernight.ch\/it\/wp-json\/wp\/v2\/pages\/8885\/revisions"}],"predecessor-version":[{"id":8887,"href":"https:\/\/generalovernight.ch\/it\/wp-json\/wp\/v2\/pages\/8885\/revisions\/8887"}],"up":[{"embeddable":true,"href":"https:\/\/generalovernight.ch\/it\/wp-json\/wp\/v2\/pages\/8912"}],"wp:attachment":[{"href":"https:\/\/generalovernight.ch\/it\/wp-json\/wp\/v2\/media?parent=8885"}],"curies":[{"name":"wp","href":"https:\/\/api.w.org\/{rel}","templated":true}]}}