{"id":8888,"date":"2024-12-16T12:02:26","date_gmt":"2024-12-16T12:02:26","guid":{"rendered":"https:\/\/p682793.webspaceconfig.de\/go-soluzioni\/requisiti-speciali-per-la-spedizione\/"},"modified":"2025-03-17T12:15:11","modified_gmt":"2025-03-17T12:15:11","slug":"requisiti-speciali-per-la-spedizione","status":"publish","type":"page","link":"https:\/\/generalovernight.ch\/it\/prodotti\/go-soluzioni\/requisiti-speciali-per-la-spedizione\/","title":{"rendered":"Requisiti speciali per la spedizione"},"content":{"rendered":"\t\t<div data-elementor-type=\"wp-page\" data-elementor-id=\"8888\" class=\"elementor elementor-8888 elementor-6398\" data-elementor-post-type=\"page\">\n\t\t\t\t<div class=\"elementor-element elementor-element-7eeb32c e-flex e-con-boxed e-con e-parent\" data-id=\"7eeb32c\" data-element_type=\"container\" data-e-type=\"container\" data-settings=\"{&quot;jet_parallax_layout_list&quot;:[]}\">\n\t\t\t\t\t<div class=\"e-con-inner\">\n\t\t\t\t<div class=\"elementor-element elementor-element-d3a537f elementor-widget elementor-widget-heading\" data-id=\"d3a537f\" data-element_type=\"widget\" data-e-type=\"widget\" data-widget_type=\"heading.default\">\n\t\t\t\t<div class=\"elementor-widget-container\">\n\t\t\t\t\t<h1 class=\"elementor-heading-title elementor-size-default\">Soluzioni logistiche eccezionali per esigenze di spedizione speciali<\/h1>\t\t\t\t<\/div>\n\t\t\t\t<\/div>\n\t\t\t\t<div class=\"elementor-element elementor-element-9a528a6 elementor-widget elementor-widget-spacer\" data-id=\"9a528a6\" data-element_type=\"widget\" data-e-type=\"widget\" data-widget_type=\"spacer.default\">\n\t\t\t\t<div class=\"elementor-widget-container\">\n\t\t\t\t\t\t\t<div class=\"elementor-spacer\">\n\t\t\t<div class=\"elementor-spacer-inner\"><\/div>\n\t\t<\/div>\n\t\t\t\t\t\t<\/div>\n\t\t\t\t<\/div>\n\t\t\t\t<div class=\"elementor-element elementor-element-2812ccc elementor-widget elementor-widget-text-editor\" data-id=\"2812ccc\" data-element_type=\"widget\" data-e-type=\"widget\" data-widget_type=\"text-editor.default\">\n\t\t\t\t<div class=\"elementor-widget-container\">\n\t\t\t\t\t\t\t\t\t<p>Devi spedire merci fuori dal comune? Oppure vuoi che le spedizioni pallettizzate vengano consegnate di notte? Vuoi alleggerire la pressione sulle consegne della tua filiale ed esternalizzare tempestivamente le scorte in eccesso? Noi di GO! ti offriamo un&#8217;ampia gamma di prodotti per esigenze di spedizione speciali: dal servizio di trasporto alle soluzioni logistiche ibride, dal servizio di casella postale alla consegna registrata.   <\/p>\t\t\t\t\t\t\t\t<\/div>\n\t\t\t\t<\/div>\n\t\t\t\t\t<\/div>\n\t\t\t\t<\/div>\n\t\t<div class=\"elementor-element elementor-element-f30c6b7 e-grid e-con-boxed e-con e-parent\" data-id=\"f30c6b7\" data-element_type=\"container\" data-e-type=\"container\" data-settings=\"{&quot;jet_parallax_layout_list&quot;:[]}\">\n\t\t\t\t\t<div class=\"e-con-inner\">\n\t\t<div class=\"elementor-element elementor-element-9a5da8e e-con-full e-flex e-con e-child\" data-id=\"9a5da8e\" data-element_type=\"container\" data-e-type=\"container\" data-settings=\"{&quot;jet_parallax_layout_list&quot;:[],&quot;background_background&quot;:&quot;classic&quot;}\">\n\t\t<div class=\"elementor-element elementor-element-e8777ed e-con-full e-flex e-con e-child\" data-id=\"e8777ed\" data-element_type=\"container\" data-e-type=\"container\" data-settings=\"{&quot;background_background&quot;:&quot;classic&quot;,&quot;jet_parallax_layout_list&quot;:[]}\">\n\t\t\t\t<div class=\"elementor-element elementor-element-b423278 elementor-widget elementor-widget-heading\" data-id=\"b423278\" data-element_type=\"widget\" data-e-type=\"widget\" data-widget_type=\"heading.default\">\n\t\t\t\t<div class=\"elementor-widget-container\">\n\t\t\t\t\t<h2 class=\"elementor-heading-title elementor-size-default\">La soluzione giusta per ogni catena di fornitura<\/h2>\t\t\t\t<\/div>\n\t\t\t\t<\/div>\n\t\t\t\t<div class=\"elementor-element elementor-element-3c9c68c elementor-widget elementor-widget-text-editor\" data-id=\"3c9c68c\" data-element_type=\"widget\" data-e-type=\"widget\" data-widget_type=\"text-editor.default\">\n\t\t\t\t<div class=\"elementor-widget-container\">\n\t\t\t\t\t\t\t\t\t<p>Non tutto fila liscio nella tua catena di approvvigionamento? Allora dovresti dare un&#8217;occhiata pi\u00f9 da vicino alle nostre soluzioni per la supply chain GO! e assicurarti preziosi vantaggi competitivi. Perch\u00e9 processi pi\u00f9 efficienti pagano.   <\/p>\t\t\t\t\t\t\t\t<\/div>\n\t\t\t\t<\/div>\n\t\t<div class=\"elementor-element elementor-element-c974651 e-con-full e-flex e-con e-child\" data-id=\"c974651\" data-element_type=\"container\" data-e-type=\"container\" data-settings=\"{&quot;jet_parallax_layout_list&quot;:[]}\">\n\t\t\t\t<div class=\"elementor-element elementor-element-9ea25e3 elementor-widget elementor-widget-button\" data-id=\"9ea25e3\" data-element_type=\"widget\" data-e-type=\"widget\" data-widget_type=\"button.default\">\n\t\t\t\t<div class=\"elementor-widget-container\">\n\t\t\t\t\t\t\t\t\t<div class=\"elementor-button-wrapper\">\n\t\t\t\t\t<a class=\"elementor-button elementor-button-link elementor-size-sm\" href=\"tel:+41800599999\">\n\t\t\t\t\t\t<span class=\"elementor-button-content-wrapper\">\n\t\t\t\t\t\t<span class=\"elementor-button-icon\">\n\t\t\t\t<i aria-hidden=\"true\" class=\"icon icon-phone1\"><\/i>\t\t\t<\/span>\n\t\t\t\t\t\t\t\t\t<span class=\"elementor-button-text\">Chiamaci<\/span>\n\t\t\t\t\t<\/span>\n\t\t\t\t\t<\/a>\n\t\t\t\t<\/div>\n\t\t\t\t\t\t\t\t<\/div>\n\t\t\t\t<\/div>\n\t\t\t\t<div class=\"elementor-element elementor-element-6a60f47 elementor-widget elementor-widget-button\" data-id=\"6a60f47\" data-element_type=\"widget\" data-e-type=\"widget\" data-widget_type=\"button.default\">\n\t\t\t\t<div class=\"elementor-widget-container\">\n\t\t\t\t\t\t\t\t\t<div class=\"elementor-button-wrapper\">\n\t\t\t\t\t<a class=\"elementor-button elementor-button-link elementor-size-sm\" href=\"https:\/\/p682793.webspaceconfig.de\/versandanfrage\/\">\n\t\t\t\t\t\t<span class=\"elementor-button-content-wrapper\">\n\t\t\t\t\t\t<span class=\"elementor-button-icon\">\n\t\t\t\t<i aria-hidden=\"true\" class=\"far fa-envelope\"><\/i>\t\t\t<\/span>\n\t\t\t\t\t\t\t\t\t<span class=\"elementor-button-text\">Richiesta di spedizione<\/span>\n\t\t\t\t\t<\/span>\n\t\t\t\t\t<\/a>\n\t\t\t\t<\/div>\n\t\t\t\t\t\t\t\t<\/div>\n\t\t\t\t<\/div>\n\t\t\t\t<\/div>\n\t\t\t\t<\/div>\n\t\t\t\t<\/div>\n\t\t\t\t<div class=\"elementor-element elementor-element-1e8bf31 elementor-widget elementor-widget-image\" data-id=\"1e8bf31\" data-element_type=\"widget\" data-e-type=\"widget\" data-widget_type=\"image.default\">\n\t\t\t\t<div class=\"elementor-widget-container\">\n\t\t\t\t\t\t\t\t\t\t\t\t\t\t\t<img fetchpriority=\"high\" decoding=\"async\" width=\"800\" height=\"313\" src=\"https:\/\/generalovernight.ch\/wp-content\/uploads\/2024\/12\/Kampagne_Dresden_2.jpg\" class=\"attachment-large size-large wp-image-8889\" alt=\"\" srcset=\"https:\/\/generalovernight.ch\/wp-content\/uploads\/2024\/12\/Kampagne_Dresden_2.jpg 1023w, https:\/\/generalovernight.ch\/wp-content\/uploads\/2024\/12\/Kampagne_Dresden_2-300x117.jpg 300w, https:\/\/generalovernight.ch\/wp-content\/uploads\/2024\/12\/Kampagne_Dresden_2-768x300.jpg 768w\" sizes=\"(max-width: 800px) 100vw, 800px\" \/>\t\t\t\t\t\t\t\t\t\t\t\t\t\t\t<\/div>\n\t\t\t\t<\/div>\n\t\t\t\t\t<\/div>\n\t\t\t\t<\/div>\n\t\t<div class=\"elementor-element elementor-element-900e37b e-grid e-con-boxed e-con e-parent\" data-id=\"900e37b\" data-element_type=\"container\" data-e-type=\"container\" data-settings=\"{&quot;jet_parallax_layout_list&quot;:[]}\">\n\t\t\t\t\t<div class=\"e-con-inner\">\n\t\t<div class=\"elementor-element elementor-element-3e5cb6e e-con-full e-flex e-con e-child\" data-id=\"3e5cb6e\" data-element_type=\"container\" data-e-type=\"container\" data-settings=\"{&quot;background_background&quot;:&quot;classic&quot;,&quot;jet_parallax_layout_list&quot;:[]}\">\n\t\t\t\t<div class=\"elementor-element elementor-element-5a5727e elementor-widget elementor-widget-heading\" data-id=\"5a5727e\" data-element_type=\"widget\" data-e-type=\"widget\" data-widget_type=\"heading.default\">\n\t\t\t\t<div class=\"elementor-widget-container\">\n\t\t\t\t\t<h2 class=\"elementor-heading-title elementor-size-default\">GO! Servizio di trasporto   <br><br><\/h2>\t\t\t\t<\/div>\n\t\t\t\t<\/div>\n\t\t\t\t<div class=\"elementor-element elementor-element-0c6052d elementor-widget elementor-widget-text-editor\" data-id=\"0c6052d\" data-element_type=\"widget\" data-e-type=\"widget\" data-widget_type=\"text-editor.default\">\n\t\t\t\t<div class=\"elementor-widget-container\">\n\t\t\t\t\t\t\t\t\t<p>Su richiesta individuale, possiamo occuparci del servizio di trasporto di merci pallettizzate e pacchi di dimensioni eccessive, dove l&#8217;attenzione \u00e8 rivolta alla consegna pi\u00f9 rapida possibile, rispetto alle spedizioni tradizionali.<\/p>\t\t\t\t\t\t\t\t<\/div>\n\t\t\t\t<\/div>\n\t\t\t\t<div class=\"elementor-element elementor-element-498a5c3 elementor-tablet-align-justify elementor-widget elementor-widget-button\" data-id=\"498a5c3\" data-element_type=\"widget\" data-e-type=\"widget\" data-widget_type=\"button.default\">\n\t\t\t\t<div class=\"elementor-widget-container\">\n\t\t\t\t\t\t\t\t\t<div class=\"elementor-button-wrapper\">\n\t\t\t\t\t<a class=\"elementor-button elementor-button-link elementor-size-sm\" href=\"https:\/\/generalovernight.ch\/it\/prodotti\/go-soluzioni\/requisiti-speciali-per-la-spedizione\/go-servizio-di-trasporto\/\">\n\t\t\t\t\t\t<span class=\"elementor-button-content-wrapper\">\n\t\t\t\t\t\t\t\t\t<span class=\"elementor-button-text\">GO! Servizio di trasporto <\/span>\n\t\t\t\t\t<\/span>\n\t\t\t\t\t<\/a>\n\t\t\t\t<\/div>\n\t\t\t\t\t\t\t\t<\/div>\n\t\t\t\t<\/div>\n\t\t\t\t<\/div>\n\t\t<div class=\"elementor-element elementor-element-74ee966 e-con-full e-flex e-con e-child\" data-id=\"74ee966\" data-element_type=\"container\" data-e-type=\"container\" data-settings=\"{&quot;background_background&quot;:&quot;classic&quot;,&quot;jet_parallax_layout_list&quot;:[]}\">\n\t\t\t\t<div class=\"elementor-element elementor-element-5ce002c elementor-widget elementor-widget-heading\" data-id=\"5ce002c\" data-element_type=\"widget\" data-e-type=\"widget\" data-widget_type=\"heading.default\">\n\t\t\t\t<div class=\"elementor-widget-container\">\n\t\t\t\t\t<h2 class=\"elementor-heading-title elementor-size-default\">Raccolta della posta per le aziende?  <br>VAI! Servizio di cassetta postale <\/h2>\t\t\t\t<\/div>\n\t\t\t\t<\/div>\n\t\t\t\t<div class=\"elementor-element elementor-element-5e6fc0e elementor-widget elementor-widget-text-editor\" data-id=\"5e6fc0e\" data-element_type=\"widget\" data-e-type=\"widget\" data-widget_type=\"text-editor.default\">\n\t\t\t\t<div class=\"elementor-widget-container\">\n\t\t\t\t\t\t\t\t\t<p>GO! svuota regolarmente la tua cassetta postale all&#8217;orario concordato e consegna la posta immediatamente. Il nostro servizio di caselle postali ti risparmia lunghi viaggi e ti permette di concentrarti completamente sulla tua attivit\u00e0 principale. <\/p>\t\t\t\t\t\t\t\t<\/div>\n\t\t\t\t<\/div>\n\t\t\t\t<div class=\"elementor-element elementor-element-73ffb2e elementor-tablet-align-justify elementor-widget elementor-widget-button\" data-id=\"73ffb2e\" data-element_type=\"widget\" data-e-type=\"widget\" data-widget_type=\"button.default\">\n\t\t\t\t<div class=\"elementor-widget-container\">\n\t\t\t\t\t\t\t\t\t<div class=\"elementor-button-wrapper\">\n\t\t\t\t\t<a class=\"elementor-button elementor-button-link elementor-size-sm\" href=\"https:\/\/generalovernight.ch\/it\/prodotti\/go-soluzioni\/requisiti-speciali-per-la-spedizione\/vai-servizio-di-cassetta-postale\/\">\n\t\t\t\t\t\t<span class=\"elementor-button-content-wrapper\">\n\t\t\t\t\t\t\t\t\t<span class=\"elementor-button-text\">VAI! Servizio di cassetta postale <\/span>\n\t\t\t\t\t<\/span>\n\t\t\t\t\t<\/a>\n\t\t\t\t<\/div>\n\t\t\t\t\t\t\t\t<\/div>\n\t\t\t\t<\/div>\n\t\t\t\t<\/div>\n\t\t\t\t\t<\/div>\n\t\t\t\t<\/div>\n\t\t<div class=\"elementor-element elementor-element-207aaaf e-grid e-con-boxed e-con e-parent\" data-id=\"207aaaf\" data-element_type=\"container\" data-e-type=\"container\" data-settings=\"{&quot;jet_parallax_layout_list&quot;:[]}\">\n\t\t\t\t\t<div class=\"e-con-inner\">\n\t\t\t\t<div class=\"elementor-element elementor-element-53eb111 elementor-widget elementor-widget-image\" data-id=\"53eb111\" data-element_type=\"widget\" data-e-type=\"widget\" data-widget_type=\"image.default\">\n\t\t\t\t<div class=\"elementor-widget-container\">\n\t\t\t\t\t\t\t\t\t\t\t\t\t\t\t<img decoding=\"async\" width=\"800\" height=\"566\" src=\"https:\/\/generalovernight.ch\/wp-content\/uploads\/2024\/12\/GO_Crafter_Architektur_ZH-scaled-1-1024x724.jpg\" class=\"attachment-large size-large wp-image-8890\" alt=\"\" srcset=\"https:\/\/generalovernight.ch\/wp-content\/uploads\/2024\/12\/GO_Crafter_Architektur_ZH-scaled-1-1024x724.jpg 1024w, https:\/\/generalovernight.ch\/wp-content\/uploads\/2024\/12\/GO_Crafter_Architektur_ZH-scaled-1-300x212.jpg 300w, https:\/\/generalovernight.ch\/wp-content\/uploads\/2024\/12\/GO_Crafter_Architektur_ZH-scaled-1-768x543.jpg 768w, https:\/\/generalovernight.ch\/wp-content\/uploads\/2024\/12\/GO_Crafter_Architektur_ZH-scaled-1-1536x1086.jpg 1536w, https:\/\/generalovernight.ch\/wp-content\/uploads\/2024\/12\/GO_Crafter_Architektur_ZH-scaled-1-2048x1448.jpg 2048w\" sizes=\"(max-width: 800px) 100vw, 800px\" \/>\t\t\t\t\t\t\t\t\t\t\t\t\t\t\t<\/div>\n\t\t\t\t<\/div>\n\t\t<div class=\"elementor-element elementor-element-25a196a e-con-full e-flex e-con e-child\" data-id=\"25a196a\" data-element_type=\"container\" data-e-type=\"container\" data-settings=\"{&quot;jet_parallax_layout_list&quot;:[],&quot;background_background&quot;:&quot;classic&quot;}\">\n\t\t<div class=\"elementor-element elementor-element-35c7aa8 e-con-full e-flex e-con e-child\" data-id=\"35c7aa8\" data-element_type=\"container\" data-e-type=\"container\" data-settings=\"{&quot;background_background&quot;:&quot;classic&quot;,&quot;jet_parallax_layout_list&quot;:[]}\">\n\t\t\t\t<div class=\"elementor-element elementor-element-5280868 elementor-widget elementor-widget-heading\" data-id=\"5280868\" data-element_type=\"widget\" data-e-type=\"widget\" data-widget_type=\"heading.default\">\n\t\t\t\t<div class=\"elementor-widget-container\">\n\t\t\t\t\t<h2 class=\"elementor-heading-title elementor-size-default\">Servizi speciali<\/h2>\t\t\t\t<\/div>\n\t\t\t\t<\/div>\n\t\t\t\t<div class=\"elementor-element elementor-element-2fd0c69 elementor-widget elementor-widget-text-editor\" data-id=\"2fd0c69\" data-element_type=\"widget\" data-e-type=\"widget\" data-widget_type=\"text-editor.default\">\n\t\t\t\t<div class=\"elementor-widget-container\">\n\t\t\t\t\t\t\t\t\t<ul><li style=\"font-weight: 400;\" aria-level=\"1\"><span style=\"font-weight: 400;\">Trasporto aereo<\/span><\/li><li style=\"font-weight: 400;\" aria-level=\"1\"><span style=\"font-weight: 400;\">A bordo<\/span><\/li><li style=\"font-weight: 400;\" aria-level=\"1\"><span style=\"font-weight: 400;\">Esternalizzare il reparto internazionale (PU, dogana, consegna)<\/span><\/li><\/ul>\t\t\t\t\t\t\t\t<\/div>\n\t\t\t\t<\/div>\n\t\t\t\t<\/div>\n\t\t\t\t<\/div>\n\t\t\t\t\t<\/div>\n\t\t\t\t<\/div>\n\t\t\t\t<\/div>\n\t\t","protected":false},"excerpt":{"rendered":"<p>Soluzioni logistiche eccezionali per esigenze di spedizione speciali Devi spedire merci fuori dal comune? Oppure vuoi che le spedizioni pallettizzate vengano consegnate di notte? Vuoi alleggerire la pressione sulle consegne della tua filiale ed esternalizzare tempestivamente le scorte in eccesso? Noi di GO! ti offriamo un&#8217;ampia gamma di prodotti per esigenze di spedizione speciali: dal [&hellip;]<\/p>\n","protected":false},"author":8,"featured_media":0,"parent":8801,"menu_order":0,"comment_status":"closed","ping_status":"closed","template":"","meta":{"_monsterinsights_skip_tracking":false,"_monsterinsights_sitenote_active":false,"_monsterinsights_sitenote_note":"","_monsterinsights_sitenote_category":0,"footnotes":""},"class_list":["post-8888","page","type-page","status-publish","hentry"],"yoast_head":"<!-- This site is optimized with the Yoast SEO plugin v27.2 - https:\/\/yoast.com\/product\/yoast-seo-wordpress\/ -->\n<title>Requisiti speciali per la spedizione - GO! Express &amp; Logistics<\/title>\n<meta name=\"robots\" content=\"index, follow, max-snippet:-1, max-image-preview:large, max-video-preview:-1\" \/>\n<link rel=\"canonical\" href=\"https:\/\/generalovernight.ch\/it\/prodotti\/go-soluzioni\/requisiti-speciali-per-la-spedizione\/\" \/>\n<meta property=\"og:locale\" content=\"it_IT\" \/>\n<meta property=\"og:type\" content=\"article\" \/>\n<meta property=\"og:title\" content=\"Requisiti speciali per la spedizione - GO! Express &amp; Logistics\" \/>\n<meta property=\"og:description\" content=\"Soluzioni logistiche eccezionali per esigenze di spedizione speciali Devi spedire merci fuori dal comune? Oppure vuoi che le spedizioni pallettizzate vengano consegnate di notte? Vuoi alleggerire la pressione sulle consegne della tua filiale ed esternalizzare tempestivamente le scorte in eccesso? Noi di GO! ti offriamo un&#8217;ampia gamma di prodotti per esigenze di spedizione speciali: dal [&hellip;]\" \/>\n<meta property=\"og:url\" content=\"https:\/\/generalovernight.ch\/it\/prodotti\/go-soluzioni\/requisiti-speciali-per-la-spedizione\/\" \/>\n<meta property=\"og:site_name\" content=\"GO! Express &amp; Logistics\" \/>\n<meta property=\"article:modified_time\" content=\"2025-03-17T12:15:11+00:00\" \/>\n<meta property=\"og:image\" content=\"https:\/\/p682793.webspaceconfig.de\/wp-content\/uploads\/2024\/12\/Kampagne_Dresden_2.jpg\" \/>\n<meta name=\"twitter:card\" content=\"summary_large_image\" \/>\n<meta name=\"twitter:label1\" content=\"Tempo di lettura stimato\" \/>\n\t<meta name=\"twitter:data1\" content=\"1 minuto\" \/>\n<script type=\"application\/ld+json\" class=\"yoast-schema-graph\">{\"@context\":\"https:\/\/schema.org\",\"@graph\":[{\"@type\":\"WebPage\",\"@id\":\"https:\/\/generalovernight.ch\/it\/prodotti\/go-soluzioni\/requisiti-speciali-per-la-spedizione\/\",\"url\":\"https:\/\/generalovernight.ch\/it\/prodotti\/go-soluzioni\/requisiti-speciali-per-la-spedizione\/\",\"name\":\"Requisiti speciali per la spedizione - GO! Express &amp; Logistics\",\"isPartOf\":{\"@id\":\"https:\/\/generalovernight.ch\/it\/#website\"},\"primaryImageOfPage\":{\"@id\":\"https:\/\/generalovernight.ch\/it\/prodotti\/go-soluzioni\/requisiti-speciali-per-la-spedizione\/#primaryimage\"},\"image\":{\"@id\":\"https:\/\/generalovernight.ch\/it\/prodotti\/go-soluzioni\/requisiti-speciali-per-la-spedizione\/#primaryimage\"},\"thumbnailUrl\":\"https:\/\/p682793.webspaceconfig.de\/wp-content\/uploads\/2024\/12\/Kampagne_Dresden_2.jpg\",\"datePublished\":\"2024-12-16T12:02:26+00:00\",\"dateModified\":\"2025-03-17T12:15:11+00:00\",\"breadcrumb\":{\"@id\":\"https:\/\/generalovernight.ch\/it\/prodotti\/go-soluzioni\/requisiti-speciali-per-la-spedizione\/#breadcrumb\"},\"inLanguage\":\"it-IT\",\"potentialAction\":[{\"@type\":\"ReadAction\",\"target\":[\"https:\/\/generalovernight.ch\/it\/prodotti\/go-soluzioni\/requisiti-speciali-per-la-spedizione\/\"]}]},{\"@type\":\"ImageObject\",\"inLanguage\":\"it-IT\",\"@id\":\"https:\/\/generalovernight.ch\/it\/prodotti\/go-soluzioni\/requisiti-speciali-per-la-spedizione\/#primaryimage\",\"url\":\"https:\/\/p682793.webspaceconfig.de\/wp-content\/uploads\/2024\/12\/Kampagne_Dresden_2.jpg\",\"contentUrl\":\"https:\/\/p682793.webspaceconfig.de\/wp-content\/uploads\/2024\/12\/Kampagne_Dresden_2.jpg\"},{\"@type\":\"BreadcrumbList\",\"@id\":\"https:\/\/generalovernight.ch\/it\/prodotti\/go-soluzioni\/requisiti-speciali-per-la-spedizione\/#breadcrumb\",\"itemListElement\":[{\"@type\":\"ListItem\",\"position\":1,\"name\":\"Startseite\",\"item\":\"https:\/\/generalovernight.ch\/it\/\"},{\"@type\":\"ListItem\",\"position\":2,\"name\":\"Prodotti\",\"item\":\"https:\/\/generalovernight.ch\/it\/produkte\/\"},{\"@type\":\"ListItem\",\"position\":3,\"name\":\"GO! Soluzioni\",\"item\":\"https:\/\/generalovernight.ch\/it\/produkte\/go-solutions\/\"},{\"@type\":\"ListItem\",\"position\":4,\"name\":\"Requisiti speciali per la spedizione\"}]},{\"@type\":\"WebSite\",\"@id\":\"https:\/\/generalovernight.ch\/it\/#website\",\"url\":\"https:\/\/generalovernight.ch\/it\/\",\"name\":\"GO! Express &amp; Logistics\",\"description\":\"\",\"potentialAction\":[{\"@type\":\"SearchAction\",\"target\":{\"@type\":\"EntryPoint\",\"urlTemplate\":\"https:\/\/generalovernight.ch\/it\/?s={search_term_string}\"},\"query-input\":{\"@type\":\"PropertyValueSpecification\",\"valueRequired\":true,\"valueName\":\"search_term_string\"}}],\"inLanguage\":\"it-IT\"}]}<\/script>\n<!-- \/ Yoast SEO plugin. -->","yoast_head_json":{"title":"Requisiti speciali per la spedizione - GO! Express &amp; Logistics","robots":{"index":"index","follow":"follow","max-snippet":"max-snippet:-1","max-image-preview":"max-image-preview:large","max-video-preview":"max-video-preview:-1"},"canonical":"https:\/\/generalovernight.ch\/it\/prodotti\/go-soluzioni\/requisiti-speciali-per-la-spedizione\/","og_locale":"it_IT","og_type":"article","og_title":"Requisiti speciali per la spedizione - GO! Express &amp; Logistics","og_description":"Soluzioni logistiche eccezionali per esigenze di spedizione speciali Devi spedire merci fuori dal comune? Oppure vuoi che le spedizioni pallettizzate vengano consegnate di notte? Vuoi alleggerire la pressione sulle consegne della tua filiale ed esternalizzare tempestivamente le scorte in eccesso? Noi di GO! ti offriamo un&#8217;ampia gamma di prodotti per esigenze di spedizione speciali: dal [&hellip;]","og_url":"https:\/\/generalovernight.ch\/it\/prodotti\/go-soluzioni\/requisiti-speciali-per-la-spedizione\/","og_site_name":"GO! Express &amp; Logistics","article_modified_time":"2025-03-17T12:15:11+00:00","og_image":[{"url":"https:\/\/p682793.webspaceconfig.de\/wp-content\/uploads\/2024\/12\/Kampagne_Dresden_2.jpg","type":"","width":"","height":""}],"twitter_card":"summary_large_image","twitter_misc":{"Tempo di lettura stimato":"1 minuto"},"schema":{"@context":"https:\/\/schema.org","@graph":[{"@type":"WebPage","@id":"https:\/\/generalovernight.ch\/it\/prodotti\/go-soluzioni\/requisiti-speciali-per-la-spedizione\/","url":"https:\/\/generalovernight.ch\/it\/prodotti\/go-soluzioni\/requisiti-speciali-per-la-spedizione\/","name":"Requisiti speciali per la spedizione - GO! Express &amp; Logistics","isPartOf":{"@id":"https:\/\/generalovernight.ch\/it\/#website"},"primaryImageOfPage":{"@id":"https:\/\/generalovernight.ch\/it\/prodotti\/go-soluzioni\/requisiti-speciali-per-la-spedizione\/#primaryimage"},"image":{"@id":"https:\/\/generalovernight.ch\/it\/prodotti\/go-soluzioni\/requisiti-speciali-per-la-spedizione\/#primaryimage"},"thumbnailUrl":"https:\/\/p682793.webspaceconfig.de\/wp-content\/uploads\/2024\/12\/Kampagne_Dresden_2.jpg","datePublished":"2024-12-16T12:02:26+00:00","dateModified":"2025-03-17T12:15:11+00:00","breadcrumb":{"@id":"https:\/\/generalovernight.ch\/it\/prodotti\/go-soluzioni\/requisiti-speciali-per-la-spedizione\/#breadcrumb"},"inLanguage":"it-IT","potentialAction":[{"@type":"ReadAction","target":["https:\/\/generalovernight.ch\/it\/prodotti\/go-soluzioni\/requisiti-speciali-per-la-spedizione\/"]}]},{"@type":"ImageObject","inLanguage":"it-IT","@id":"https:\/\/generalovernight.ch\/it\/prodotti\/go-soluzioni\/requisiti-speciali-per-la-spedizione\/#primaryimage","url":"https:\/\/p682793.webspaceconfig.de\/wp-content\/uploads\/2024\/12\/Kampagne_Dresden_2.jpg","contentUrl":"https:\/\/p682793.webspaceconfig.de\/wp-content\/uploads\/2024\/12\/Kampagne_Dresden_2.jpg"},{"@type":"BreadcrumbList","@id":"https:\/\/generalovernight.ch\/it\/prodotti\/go-soluzioni\/requisiti-speciali-per-la-spedizione\/#breadcrumb","itemListElement":[{"@type":"ListItem","position":1,"name":"Startseite","item":"https:\/\/generalovernight.ch\/it\/"},{"@type":"ListItem","position":2,"name":"Prodotti","item":"https:\/\/generalovernight.ch\/it\/produkte\/"},{"@type":"ListItem","position":3,"name":"GO! Soluzioni","item":"https:\/\/generalovernight.ch\/it\/produkte\/go-solutions\/"},{"@type":"ListItem","position":4,"name":"Requisiti speciali per la spedizione"}]},{"@type":"WebSite","@id":"https:\/\/generalovernight.ch\/it\/#website","url":"https:\/\/generalovernight.ch\/it\/","name":"GO! Express &amp; Logistics","description":"","potentialAction":[{"@type":"SearchAction","target":{"@type":"EntryPoint","urlTemplate":"https:\/\/generalovernight.ch\/it\/?s={search_term_string}"},"query-input":{"@type":"PropertyValueSpecification","valueRequired":true,"valueName":"search_term_string"}}],"inLanguage":"it-IT"}]}},"_links":{"self":[{"href":"https:\/\/generalovernight.ch\/it\/wp-json\/wp\/v2\/pages\/8888","targetHints":{"allow":["GET"]}}],"collection":[{"href":"https:\/\/generalovernight.ch\/it\/wp-json\/wp\/v2\/pages"}],"about":[{"href":"https:\/\/generalovernight.ch\/it\/wp-json\/wp\/v2\/types\/page"}],"author":[{"embeddable":true,"href":"https:\/\/generalovernight.ch\/it\/wp-json\/wp\/v2\/users\/8"}],"replies":[{"embeddable":true,"href":"https:\/\/generalovernight.ch\/it\/wp-json\/wp\/v2\/comments?post=8888"}],"version-history":[{"count":2,"href":"https:\/\/generalovernight.ch\/it\/wp-json\/wp\/v2\/pages\/8888\/revisions"}],"predecessor-version":[{"id":8894,"href":"https:\/\/generalovernight.ch\/it\/wp-json\/wp\/v2\/pages\/8888\/revisions\/8894"}],"up":[{"embeddable":true,"href":"https:\/\/generalovernight.ch\/it\/wp-json\/wp\/v2\/pages\/8801"}],"wp:attachment":[{"href":"https:\/\/generalovernight.ch\/it\/wp-json\/wp\/v2\/media?parent=8888"}],"curies":[{"name":"wp","href":"https:\/\/api.w.org\/{rel}","templated":true}]}}