{"id":8897,"date":"2024-12-16T12:02:49","date_gmt":"2024-12-16T12:02:49","guid":{"rendered":"https:\/\/p682793.webspaceconfig.de\/go-soluzioni\/soluzioni-per-lindustria\/"},"modified":"2025-03-17T12:15:16","modified_gmt":"2025-03-17T12:15:16","slug":"soluzioni-per-lindustria","status":"publish","type":"page","link":"https:\/\/generalovernight.ch\/it\/prodotti\/go-soluzioni\/soluzioni-per-lindustria\/","title":{"rendered":"Soluzioni per l&#8217;industria"},"content":{"rendered":"\t\t<div data-elementor-type=\"wp-page\" data-elementor-id=\"8897\" class=\"elementor elementor-8897 elementor-6400\" data-elementor-post-type=\"page\">\n\t\t\t\t<div class=\"elementor-element elementor-element-3e6c2bb e-flex e-con-boxed e-con e-parent\" data-id=\"3e6c2bb\" data-element_type=\"container\" data-e-type=\"container\" data-settings=\"{&quot;jet_parallax_layout_list&quot;:[]}\">\n\t\t\t\t\t<div class=\"e-con-inner\">\n\t\t\t\t<div class=\"elementor-element elementor-element-db620b6 elementor-widget elementor-widget-heading\" data-id=\"db620b6\" data-element_type=\"widget\" data-e-type=\"widget\" data-widget_type=\"heading.default\">\n\t\t\t\t<div class=\"elementor-widget-container\">\n\t\t\t\t\t<h1 class=\"elementor-heading-title elementor-size-default\">Industria specializzata?<br>VAI! Soluzioni per l'industria <\/h1>\t\t\t\t<\/div>\n\t\t\t\t<\/div>\n\t\t\t\t<div class=\"elementor-element elementor-element-3159eba elementor-widget elementor-widget-spacer\" data-id=\"3159eba\" data-element_type=\"widget\" data-e-type=\"widget\" data-widget_type=\"spacer.default\">\n\t\t\t\t<div class=\"elementor-widget-container\">\n\t\t\t\t\t\t\t<div class=\"elementor-spacer\">\n\t\t\t<div class=\"elementor-spacer-inner\"><\/div>\n\t\t<\/div>\n\t\t\t\t\t\t<\/div>\n\t\t\t\t<\/div>\n\t\t\t\t<div class=\"elementor-element elementor-element-45aa715 elementor-widget elementor-widget-text-editor\" data-id=\"45aa715\" data-element_type=\"widget\" data-e-type=\"widget\" data-widget_type=\"text-editor.default\">\n\t\t\t\t<div class=\"elementor-widget-container\">\n\t\t\t\t\t\t\t\t\t<p>Che si tratti di ricambi o di logistica ad alta disponibilit\u00e0, di spedizione di campioni o di logistica di emergenza, ogni settore di mercato \u00e8 caratterizzato da esigenze specifiche. Ecco perch\u00e9 GO! offre soluzioni di spedizione personalizzate per numerosi settori. Tra questi, l&#8217;automotive, l&#8217;agricoltura e la sanit\u00e0. Troveremo la soluzione giusta per te, personalizzata in base alle tue esigenze, che ti dar\u00e0 un chiaro vantaggio sui tuoi concorrenti. Saremo lieti di consigliarti, contattaci.    <\/p>\t\t\t\t\t\t\t\t<\/div>\n\t\t\t\t<\/div>\n\t\t\t\t\t<\/div>\n\t\t\t\t<\/div>\n\t\t<div class=\"elementor-element elementor-element-3a380c7 e-grid e-con-boxed e-con e-parent\" data-id=\"3a380c7\" data-element_type=\"container\" data-e-type=\"container\" data-settings=\"{&quot;jet_parallax_layout_list&quot;:[]}\">\n\t\t\t\t\t<div class=\"e-con-inner\">\n\t\t<div class=\"elementor-element elementor-element-0639791 e-con-full e-flex e-con e-child\" data-id=\"0639791\" data-element_type=\"container\" data-e-type=\"container\" data-settings=\"{&quot;background_background&quot;:&quot;classic&quot;,&quot;jet_parallax_layout_list&quot;:[]}\">\n\t\t\t\t<div class=\"elementor-element elementor-element-8eca616 elementor-widget elementor-widget-heading\" data-id=\"8eca616\" data-element_type=\"widget\" data-e-type=\"widget\" data-widget_type=\"heading.default\">\n\t\t\t\t<div class=\"elementor-widget-container\">\n\t\t\t\t\t<h2 class=\"elementor-heading-title elementor-size-default\">Automotive<\/h2>\t\t\t\t<\/div>\n\t\t\t\t<\/div>\n\t\t\t\t<div class=\"elementor-element elementor-element-eb4af2c elementor-widget elementor-widget-text-editor\" data-id=\"eb4af2c\" data-element_type=\"widget\" data-e-type=\"widget\" data-widget_type=\"text-editor.default\">\n\t\t\t\t<div class=\"elementor-widget-container\">\n\t\t\t\t\t\t\t\t\t<p>Forniamo a te e ai tuoi partner i pezzi di ricambio di cui hai urgente bisogno.<br>Perch\u00e9 per noi la logistica dei ricambi non \u00e8 solo una parola, ma fa parte della nostra vita quotidiana. Ecco come creiamo una catena di fornitura senza soluzione di continuit\u00e0. <\/p>\t\t\t\t\t\t\t\t<\/div>\n\t\t\t\t<\/div>\n\t\t\t\t<div class=\"elementor-element elementor-element-9bab8df elementor-tablet-align-justify elementor-widget elementor-widget-button\" data-id=\"9bab8df\" data-element_type=\"widget\" data-e-type=\"widget\" data-widget_type=\"button.default\">\n\t\t\t\t<div class=\"elementor-widget-container\">\n\t\t\t\t\t\t\t\t\t<div class=\"elementor-button-wrapper\">\n\t\t\t\t\t<a class=\"elementor-button elementor-button-link elementor-size-sm\" href=\"https:\/\/generalovernight.ch\/it\/prodotti\/go-soluzioni\/soluzioni-per-lindustria\/vai-automobile\/\">\n\t\t\t\t\t\t<span class=\"elementor-button-content-wrapper\">\n\t\t\t\t\t\t\t\t\t<span class=\"elementor-button-text\">Logistica automobilistica<\/span>\n\t\t\t\t\t<\/span>\n\t\t\t\t\t<\/a>\n\t\t\t\t<\/div>\n\t\t\t\t\t\t\t\t<\/div>\n\t\t\t\t<\/div>\n\t\t\t\t<\/div>\n\t\t<div class=\"elementor-element elementor-element-9232efc e-con-full e-flex e-con e-child\" data-id=\"9232efc\" data-element_type=\"container\" data-e-type=\"container\" data-settings=\"{&quot;background_background&quot;:&quot;classic&quot;,&quot;jet_parallax_layout_list&quot;:[]}\">\n\t\t\t\t<div class=\"elementor-element elementor-element-a2820b5 elementor-widget elementor-widget-heading\" data-id=\"a2820b5\" data-element_type=\"widget\" data-e-type=\"widget\" data-widget_type=\"heading.default\">\n\t\t\t\t<div class=\"elementor-widget-container\">\n\t\t\t\t\t<h2 class=\"elementor-heading-title elementor-size-default\">Agricoltura e municipalit\u00e0<\/h2>\t\t\t\t<\/div>\n\t\t\t\t<\/div>\n\t\t\t\t<div class=\"elementor-element elementor-element-0a02807 elementor-widget elementor-widget-text-editor\" data-id=\"0a02807\" data-element_type=\"widget\" data-e-type=\"widget\" data-widget_type=\"text-editor.default\">\n\t\t\t\t<div class=\"elementor-widget-container\">\n\t\t\t\t\t\t\t\t\t<p>Durante la stagione, dalla primavera all&#8217;autunno, le macchine per la semina e il raccolto non conoscono orari di chiusura n\u00e9 giorni di riposo. Il tempo e la qualit\u00e0 del servizio fanno la differenza tra l&#8217;essere o non essere un successo fiorente o una desolata landa desolata. <\/p>\t\t\t\t\t\t\t\t<\/div>\n\t\t\t\t<\/div>\n\t\t\t\t<div class=\"elementor-element elementor-element-a047861 elementor-tablet-align-justify elementor-widget elementor-widget-button\" data-id=\"a047861\" data-element_type=\"widget\" data-e-type=\"widget\" data-widget_type=\"button.default\">\n\t\t\t\t<div class=\"elementor-widget-container\">\n\t\t\t\t\t\t\t\t\t<div class=\"elementor-button-wrapper\">\n\t\t\t\t\t<a class=\"elementor-button elementor-button-link elementor-size-sm\" href=\"https:\/\/generalovernight.ch\/it\/?page_id=9104\">\n\t\t\t\t\t\t<span class=\"elementor-button-content-wrapper\">\n\t\t\t\t\t\t\t\t\t<span class=\"elementor-button-text\">Logistica agricola<\/span>\n\t\t\t\t\t<\/span>\n\t\t\t\t\t<\/a>\n\t\t\t\t<\/div>\n\t\t\t\t\t\t\t\t<\/div>\n\t\t\t\t<\/div>\n\t\t\t\t<\/div>\n\t\t<div class=\"elementor-element elementor-element-453b1dd e-con-full e-flex e-con e-child\" data-id=\"453b1dd\" data-element_type=\"container\" data-e-type=\"container\" data-settings=\"{&quot;background_background&quot;:&quot;classic&quot;,&quot;jet_parallax_layout_list&quot;:[]}\">\n\t\t\t\t<div class=\"elementor-element elementor-element-61f2850 elementor-widget elementor-widget-heading\" data-id=\"61f2850\" data-element_type=\"widget\" data-e-type=\"widget\" data-widget_type=\"heading.default\">\n\t\t\t\t<div class=\"elementor-widget-container\">\n\t\t\t\t\t<h2 class=\"elementor-heading-title elementor-size-default\">Assistenza sanitaria<\/h2>\t\t\t\t<\/div>\n\t\t\t\t<\/div>\n\t\t\t\t<div class=\"elementor-element elementor-element-263f920 elementor-widget elementor-widget-text-editor\" data-id=\"263f920\" data-element_type=\"widget\" data-e-type=\"widget\" data-widget_type=\"text-editor.default\">\n\t\t\t\t<div class=\"elementor-widget-container\">\n\t\t\t\t\t\t\t\t\t<p>Ti offriamo la massima affidabilit\u00e0 nella consegna dei tuoi pacchi. Grazie ad anni di esperienza logistica nel settore sanitario. Conforme al PIL e alla norma DIN EN ISO 9001:2015.  <\/p>\t\t\t\t\t\t\t\t<\/div>\n\t\t\t\t<\/div>\n\t\t\t\t<div class=\"elementor-element elementor-element-093e4a9 elementor-tablet-align-justify elementor-widget elementor-widget-button\" data-id=\"093e4a9\" data-element_type=\"widget\" data-e-type=\"widget\" data-widget_type=\"button.default\">\n\t\t\t\t<div class=\"elementor-widget-container\">\n\t\t\t\t\t\t\t\t\t<div class=\"elementor-button-wrapper\">\n\t\t\t\t\t<a class=\"elementor-button elementor-button-link elementor-size-sm\" href=\"https:\/\/generalovernight.ch\/it\/prodotti\/go-soluzioni\/soluzioni-per-lindustria\/go-scienza-della-vita-e-tecnologia-medica\/\">\n\t\t\t\t\t\t<span class=\"elementor-button-content-wrapper\">\n\t\t\t\t\t\t\t\t\t<span class=\"elementor-button-text\">Assistenza sanitaria<\/span>\n\t\t\t\t\t<\/span>\n\t\t\t\t\t<\/a>\n\t\t\t\t<\/div>\n\t\t\t\t\t\t\t\t<\/div>\n\t\t\t\t<\/div>\n\t\t\t\t<\/div>\n\t\t\t\t\t<\/div>\n\t\t\t\t<\/div>\n\t\t<div class=\"elementor-element elementor-element-aee1649 e-con-full e-flex e-con e-parent\" data-id=\"aee1649\" data-element_type=\"container\" data-e-type=\"container\" data-settings=\"{&quot;jet_parallax_layout_list&quot;:[]}\">\n\t\t\t\t<div class=\"elementor-element elementor-element-b2d9025 elementor-widget elementor-widget-template\" data-id=\"b2d9025\" data-element_type=\"widget\" data-e-type=\"widget\" data-widget_type=\"template.default\">\n\t\t\t\t<div class=\"elementor-widget-container\">\n\t\t\t\t\t\t\t<div class=\"elementor-template\">\n\t\t\t\t\t<div data-elementor-type=\"section\" data-elementor-id=\"6747\" class=\"elementor elementor-6747\" data-elementor-post-type=\"elementor_library\">\n\t\t\t<div class=\"elementor-element elementor-element-f387d5f e-flex e-con-boxed e-con e-parent\" data-id=\"f387d5f\" data-element_type=\"container\" data-e-type=\"container\" data-settings=\"{&quot;background_background&quot;:&quot;classic&quot;,&quot;jet_parallax_layout_list&quot;:[]}\">\n\t\t\t\t\t<div class=\"e-con-inner\">\n\t\t<div class=\"elementor-element elementor-element-a8472b5 e-flex e-con-boxed e-con e-child\" data-id=\"a8472b5\" data-element_type=\"container\" data-e-type=\"container\" data-settings=\"{&quot;jet_parallax_layout_list&quot;:[],&quot;background_background&quot;:&quot;classic&quot;}\">\n\t\t\t\t\t<div class=\"e-con-inner\">\n\t\t<div class=\"elementor-element elementor-element-1d1b388 e-con-full blur e-flex e-con e-child\" data-id=\"1d1b388\" data-element_type=\"container\" data-e-type=\"container\" data-settings=\"{&quot;background_background&quot;:&quot;classic&quot;,&quot;jet_parallax_layout_list&quot;:[]}\">\n\t\t\t\t<div class=\"elementor-element elementor-element-c5a350e elementor-widget elementor-widget-heading\" data-id=\"c5a350e\" data-element_type=\"widget\" data-e-type=\"widget\" data-widget_type=\"heading.default\">\n\t\t\t\t<div class=\"elementor-widget-container\">\n\t\t\t\t\t<h2 class=\"elementor-heading-title elementor-size-default\">Versand ohne Kundenkonto<\/h2>\t\t\t\t<\/div>\n\t\t\t\t<\/div>\n\t\t\t\t<div class=\"elementor-element elementor-element-ca3fdc2 elementor-widget elementor-widget-text-editor\" data-id=\"ca3fdc2\" data-element_type=\"widget\" data-e-type=\"widget\" data-widget_type=\"text-editor.default\">\n\t\t\t\t<div class=\"elementor-widget-container\">\n\t\t\t\t\t\t\t\t\t<p>Sind Sie noch kein GO! Kunde, wollen aber unkompliziert eine Sendung beauftragen?\u00a0Dann stellen Sie hier mit nur wenigen Angaben eine unverbindliche Versandanfrage und wir melden uns bei Ihnen.<\/p>\t\t\t\t\t\t\t\t<\/div>\n\t\t\t\t<\/div>\n\t\t\t\t<div class=\"elementor-element elementor-element-8ee5bf0 elementor-widget elementor-widget-button\" data-id=\"8ee5bf0\" data-element_type=\"widget\" data-e-type=\"widget\" data-widget_type=\"button.default\">\n\t\t\t\t<div class=\"elementor-widget-container\">\n\t\t\t\t\t\t\t\t\t<div class=\"elementor-button-wrapper\">\n\t\t\t\t\t<a class=\"elementor-button elementor-button-link elementor-size-sm\" href=\"https:\/\/generalovernight.ch\/versandanfrage\/\">\n\t\t\t\t\t\t<span class=\"elementor-button-content-wrapper\">\n\t\t\t\t\t\t<span class=\"elementor-button-icon\">\n\t\t\t\t<i aria-hidden=\"true\" class=\" icon_mail_alt\"><\/i>\t\t\t<\/span>\n\t\t\t\t\t\t\t\t\t<span class=\"elementor-button-text\">Zur Versandanfrage <\/span>\n\t\t\t\t\t<\/span>\n\t\t\t\t\t<\/a>\n\t\t\t\t<\/div>\n\t\t\t\t\t\t\t\t<\/div>\n\t\t\t\t<\/div>\n\t\t\t\t<\/div>\n\t\t\t\t\t<\/div>\n\t\t\t\t<\/div>\n\t\t\t\t\t<\/div>\n\t\t\t\t<\/div>\n\t\t\t\t<\/div>\n\t\t\t\t<\/div>\n\t\t\t\t\t\t<\/div>\n\t\t\t\t<\/div>\n\t\t\t\t<\/div>\n\t\t\t\t<\/div>\n\t\t","protected":false},"excerpt":{"rendered":"<p>Industria specializzata?VAI! Soluzioni per l&#8217;industria Che si tratti di ricambi o di logistica ad alta disponibilit\u00e0, di spedizione di campioni o di logistica di emergenza, ogni settore di mercato \u00e8 caratterizzato da esigenze specifiche. Ecco perch\u00e9 GO! offre soluzioni di spedizione personalizzate per numerosi settori. Tra questi, l&#8217;automotive, l&#8217;agricoltura e la sanit\u00e0. Troveremo la soluzione [&hellip;]<\/p>\n","protected":false},"author":8,"featured_media":0,"parent":8801,"menu_order":0,"comment_status":"closed","ping_status":"closed","template":"","meta":{"_monsterinsights_skip_tracking":false,"_monsterinsights_sitenote_active":false,"_monsterinsights_sitenote_note":"","_monsterinsights_sitenote_category":0,"footnotes":""},"class_list":["post-8897","page","type-page","status-publish","hentry"],"yoast_head":"<!-- This site is optimized with the Yoast SEO plugin v27.2 - https:\/\/yoast.com\/product\/yoast-seo-wordpress\/ -->\n<title>Soluzioni per l&#039;industria - GO! Express &amp; Logistics<\/title>\n<meta name=\"robots\" content=\"index, follow, max-snippet:-1, max-image-preview:large, max-video-preview:-1\" \/>\n<link rel=\"canonical\" href=\"https:\/\/generalovernight.ch\/it\/prodotti\/go-soluzioni\/soluzioni-per-lindustria\/\" \/>\n<meta property=\"og:locale\" content=\"it_IT\" \/>\n<meta property=\"og:type\" content=\"article\" \/>\n<meta property=\"og:title\" content=\"Soluzioni per l&#039;industria - GO! Express &amp; Logistics\" \/>\n<meta property=\"og:description\" content=\"Industria specializzata?VAI! Soluzioni per l&#8217;industria Che si tratti di ricambi o di logistica ad alta disponibilit\u00e0, di spedizione di campioni o di logistica di emergenza, ogni settore di mercato \u00e8 caratterizzato da esigenze specifiche. Ecco perch\u00e9 GO! offre soluzioni di spedizione personalizzate per numerosi settori. Tra questi, l&#8217;automotive, l&#8217;agricoltura e la sanit\u00e0. Troveremo la soluzione [&hellip;]\" \/>\n<meta property=\"og:url\" content=\"https:\/\/generalovernight.ch\/it\/prodotti\/go-soluzioni\/soluzioni-per-lindustria\/\" \/>\n<meta property=\"og:site_name\" content=\"GO! Express &amp; Logistics\" \/>\n<meta property=\"article:modified_time\" content=\"2025-03-17T12:15:16+00:00\" \/>\n<meta name=\"twitter:card\" content=\"summary_large_image\" \/>\n<meta name=\"twitter:label1\" content=\"Tempo di lettura stimato\" \/>\n\t<meta name=\"twitter:data1\" content=\"1 minuto\" \/>\n<script type=\"application\/ld+json\" class=\"yoast-schema-graph\">{\"@context\":\"https:\/\/schema.org\",\"@graph\":[{\"@type\":\"WebPage\",\"@id\":\"https:\/\/generalovernight.ch\/it\/prodotti\/go-soluzioni\/soluzioni-per-lindustria\/\",\"url\":\"https:\/\/generalovernight.ch\/it\/prodotti\/go-soluzioni\/soluzioni-per-lindustria\/\",\"name\":\"Soluzioni per l'industria - GO! Express &amp; Logistics\",\"isPartOf\":{\"@id\":\"https:\/\/generalovernight.ch\/it\/#website\"},\"datePublished\":\"2024-12-16T12:02:49+00:00\",\"dateModified\":\"2025-03-17T12:15:16+00:00\",\"breadcrumb\":{\"@id\":\"https:\/\/generalovernight.ch\/it\/prodotti\/go-soluzioni\/soluzioni-per-lindustria\/#breadcrumb\"},\"inLanguage\":\"it-IT\",\"potentialAction\":[{\"@type\":\"ReadAction\",\"target\":[\"https:\/\/generalovernight.ch\/it\/prodotti\/go-soluzioni\/soluzioni-per-lindustria\/\"]}]},{\"@type\":\"BreadcrumbList\",\"@id\":\"https:\/\/generalovernight.ch\/it\/prodotti\/go-soluzioni\/soluzioni-per-lindustria\/#breadcrumb\",\"itemListElement\":[{\"@type\":\"ListItem\",\"position\":1,\"name\":\"Startseite\",\"item\":\"https:\/\/generalovernight.ch\/it\/\"},{\"@type\":\"ListItem\",\"position\":2,\"name\":\"Prodotti\",\"item\":\"https:\/\/generalovernight.ch\/it\/produkte\/\"},{\"@type\":\"ListItem\",\"position\":3,\"name\":\"GO! Soluzioni\",\"item\":\"https:\/\/generalovernight.ch\/it\/produkte\/go-solutions\/\"},{\"@type\":\"ListItem\",\"position\":4,\"name\":\"Soluzioni per l&#8217;industria\"}]},{\"@type\":\"WebSite\",\"@id\":\"https:\/\/generalovernight.ch\/it\/#website\",\"url\":\"https:\/\/generalovernight.ch\/it\/\",\"name\":\"GO! Express &amp; Logistics\",\"description\":\"\",\"potentialAction\":[{\"@type\":\"SearchAction\",\"target\":{\"@type\":\"EntryPoint\",\"urlTemplate\":\"https:\/\/generalovernight.ch\/it\/?s={search_term_string}\"},\"query-input\":{\"@type\":\"PropertyValueSpecification\",\"valueRequired\":true,\"valueName\":\"search_term_string\"}}],\"inLanguage\":\"it-IT\"}]}<\/script>\n<!-- \/ Yoast SEO plugin. -->","yoast_head_json":{"title":"Soluzioni per l'industria - GO! Express &amp; Logistics","robots":{"index":"index","follow":"follow","max-snippet":"max-snippet:-1","max-image-preview":"max-image-preview:large","max-video-preview":"max-video-preview:-1"},"canonical":"https:\/\/generalovernight.ch\/it\/prodotti\/go-soluzioni\/soluzioni-per-lindustria\/","og_locale":"it_IT","og_type":"article","og_title":"Soluzioni per l'industria - GO! Express &amp; Logistics","og_description":"Industria specializzata?VAI! Soluzioni per l&#8217;industria Che si tratti di ricambi o di logistica ad alta disponibilit\u00e0, di spedizione di campioni o di logistica di emergenza, ogni settore di mercato \u00e8 caratterizzato da esigenze specifiche. Ecco perch\u00e9 GO! offre soluzioni di spedizione personalizzate per numerosi settori. Tra questi, l&#8217;automotive, l&#8217;agricoltura e la sanit\u00e0. Troveremo la soluzione [&hellip;]","og_url":"https:\/\/generalovernight.ch\/it\/prodotti\/go-soluzioni\/soluzioni-per-lindustria\/","og_site_name":"GO! Express &amp; Logistics","article_modified_time":"2025-03-17T12:15:16+00:00","twitter_card":"summary_large_image","twitter_misc":{"Tempo di lettura stimato":"1 minuto"},"schema":{"@context":"https:\/\/schema.org","@graph":[{"@type":"WebPage","@id":"https:\/\/generalovernight.ch\/it\/prodotti\/go-soluzioni\/soluzioni-per-lindustria\/","url":"https:\/\/generalovernight.ch\/it\/prodotti\/go-soluzioni\/soluzioni-per-lindustria\/","name":"Soluzioni per l'industria - GO! Express &amp; Logistics","isPartOf":{"@id":"https:\/\/generalovernight.ch\/it\/#website"},"datePublished":"2024-12-16T12:02:49+00:00","dateModified":"2025-03-17T12:15:16+00:00","breadcrumb":{"@id":"https:\/\/generalovernight.ch\/it\/prodotti\/go-soluzioni\/soluzioni-per-lindustria\/#breadcrumb"},"inLanguage":"it-IT","potentialAction":[{"@type":"ReadAction","target":["https:\/\/generalovernight.ch\/it\/prodotti\/go-soluzioni\/soluzioni-per-lindustria\/"]}]},{"@type":"BreadcrumbList","@id":"https:\/\/generalovernight.ch\/it\/prodotti\/go-soluzioni\/soluzioni-per-lindustria\/#breadcrumb","itemListElement":[{"@type":"ListItem","position":1,"name":"Startseite","item":"https:\/\/generalovernight.ch\/it\/"},{"@type":"ListItem","position":2,"name":"Prodotti","item":"https:\/\/generalovernight.ch\/it\/produkte\/"},{"@type":"ListItem","position":3,"name":"GO! Soluzioni","item":"https:\/\/generalovernight.ch\/it\/produkte\/go-solutions\/"},{"@type":"ListItem","position":4,"name":"Soluzioni per l&#8217;industria"}]},{"@type":"WebSite","@id":"https:\/\/generalovernight.ch\/it\/#website","url":"https:\/\/generalovernight.ch\/it\/","name":"GO! Express &amp; Logistics","description":"","potentialAction":[{"@type":"SearchAction","target":{"@type":"EntryPoint","urlTemplate":"https:\/\/generalovernight.ch\/it\/?s={search_term_string}"},"query-input":{"@type":"PropertyValueSpecification","valueRequired":true,"valueName":"search_term_string"}}],"inLanguage":"it-IT"}]}},"_links":{"self":[{"href":"https:\/\/generalovernight.ch\/it\/wp-json\/wp\/v2\/pages\/8897","targetHints":{"allow":["GET"]}}],"collection":[{"href":"https:\/\/generalovernight.ch\/it\/wp-json\/wp\/v2\/pages"}],"about":[{"href":"https:\/\/generalovernight.ch\/it\/wp-json\/wp\/v2\/types\/page"}],"author":[{"embeddable":true,"href":"https:\/\/generalovernight.ch\/it\/wp-json\/wp\/v2\/users\/8"}],"replies":[{"embeddable":true,"href":"https:\/\/generalovernight.ch\/it\/wp-json\/wp\/v2\/comments?post=8897"}],"version-history":[{"count":2,"href":"https:\/\/generalovernight.ch\/it\/wp-json\/wp\/v2\/pages\/8897\/revisions"}],"predecessor-version":[{"id":8902,"href":"https:\/\/generalovernight.ch\/it\/wp-json\/wp\/v2\/pages\/8897\/revisions\/8902"}],"up":[{"embeddable":true,"href":"https:\/\/generalovernight.ch\/it\/wp-json\/wp\/v2\/pages\/8801"}],"wp:attachment":[{"href":"https:\/\/generalovernight.ch\/it\/wp-json\/wp\/v2\/media?parent=8897"}],"curies":[{"name":"wp","href":"https:\/\/api.w.org\/{rel}","templated":true}]}}