{"id":8979,"date":"2024-12-16T13:58:20","date_gmt":"2024-12-16T13:58:20","guid":{"rendered":"https:\/\/p682793.webspaceconfig.de\/go-soluzioni\/soluzioni-per-lindustria\/go-scienza-della-vita-e-tecnologia-medica\/"},"modified":"2025-03-17T12:15:28","modified_gmt":"2025-03-17T12:15:28","slug":"go-scienza-della-vita-e-tecnologia-medica","status":"publish","type":"page","link":"https:\/\/generalovernight.ch\/it\/prodotti\/go-soluzioni\/soluzioni-per-lindustria\/go-scienza-della-vita-e-tecnologia-medica\/","title":{"rendered":"GO! Scienza della vita e tecnologia medica"},"content":{"rendered":"\t\t<div data-elementor-type=\"wp-page\" data-elementor-id=\"8979\" class=\"elementor elementor-8979 elementor-6473\" data-elementor-post-type=\"page\">\n\t\t\t\t<div class=\"elementor-element elementor-element-f5f3bff e-flex e-con-boxed e-con e-parent\" data-id=\"f5f3bff\" data-element_type=\"container\" data-e-type=\"container\" data-settings=\"{&quot;jet_parallax_layout_list&quot;:[]}\">\n\t\t\t\t\t<div class=\"e-con-inner\">\n\t\t\t\t<div class=\"elementor-element elementor-element-a818398 elementor-widget elementor-widget-heading\" data-id=\"a818398\" data-element_type=\"widget\" data-e-type=\"widget\" data-widget_type=\"heading.default\">\n\t\t\t\t<div class=\"elementor-widget-container\">\n\t\t\t\t\t<h1 class=\"elementor-heading-title elementor-size-default\">Logistica per le scienze della vita!<br>GO! Scienza della vita e tecnologia medica <\/h1>\t\t\t\t<\/div>\n\t\t\t\t<\/div>\n\t\t\t\t<div class=\"elementor-element elementor-element-0dbbfaa elementor-widget elementor-widget-spacer\" data-id=\"0dbbfaa\" data-element_type=\"widget\" data-e-type=\"widget\" data-widget_type=\"spacer.default\">\n\t\t\t\t<div class=\"elementor-widget-container\">\n\t\t\t\t\t\t\t<div class=\"elementor-spacer\">\n\t\t\t<div class=\"elementor-spacer-inner\"><\/div>\n\t\t<\/div>\n\t\t\t\t\t\t<\/div>\n\t\t\t\t<\/div>\n\t\t\t\t<div class=\"elementor-element elementor-element-c78190c elementor-widget elementor-widget-text-editor\" data-id=\"c78190c\" data-element_type=\"widget\" data-e-type=\"widget\" data-widget_type=\"text-editor.default\">\n\t\t\t\t<div class=\"elementor-widget-container\">\n\t\t\t\t\t\t\t\t\t<p>La vita non va sempre secondo i piani. Quando ogni secondo \u00e8 importante, puoi contare su GO! pu\u00f2 essere affidabile, da ora a subito, giorno e notte. Trasportiamo consegne altamente sensibili in modo accurato e professionale, che si tratti di campioni diagnostici, prodotti biologici o medici. Che sia in avanti o indietro, dall&#8217;ospedale al laboratorio o dal laboratorio al destinatario, conosciamo ogni percorso e ogni momento.    <\/p>\t\t\t\t\t\t\t\t<\/div>\n\t\t\t\t<\/div>\n\t\t\t\t\t<\/div>\n\t\t\t\t<\/div>\n\t\t<div class=\"elementor-element elementor-element-d21197d e-grid e-con-boxed e-con e-parent\" data-id=\"d21197d\" data-element_type=\"container\" data-e-type=\"container\" data-settings=\"{&quot;jet_parallax_layout_list&quot;:[]}\">\n\t\t\t\t\t<div class=\"e-con-inner\">\n\t\t\t\t<div class=\"elementor-element elementor-element-ff1585a elementor-widget elementor-widget-image\" data-id=\"ff1585a\" data-element_type=\"widget\" data-e-type=\"widget\" data-widget_type=\"image.default\">\n\t\t\t\t<div class=\"elementor-widget-container\">\n\t\t\t\t\t\t\t\t\t\t\t\t\t\t\t<img fetchpriority=\"high\" decoding=\"async\" width=\"800\" height=\"534\" src=\"https:\/\/generalovernight.ch\/wp-content\/uploads\/2024\/12\/GO-Klinik_Empfang-Sendung-5_gruen_klein-1738x1159-2-1024x683.webp\" class=\"attachment-large size-large wp-image-8982\" alt=\"\" srcset=\"https:\/\/generalovernight.ch\/wp-content\/uploads\/2024\/12\/GO-Klinik_Empfang-Sendung-5_gruen_klein-1738x1159-2-1024x683.webp 1024w, https:\/\/generalovernight.ch\/wp-content\/uploads\/2024\/12\/GO-Klinik_Empfang-Sendung-5_gruen_klein-1738x1159-2-300x200.webp 300w, https:\/\/generalovernight.ch\/wp-content\/uploads\/2024\/12\/GO-Klinik_Empfang-Sendung-5_gruen_klein-1738x1159-2-768x512.webp 768w, https:\/\/generalovernight.ch\/wp-content\/uploads\/2024\/12\/GO-Klinik_Empfang-Sendung-5_gruen_klein-1738x1159-2-1536x1024.webp 1536w, https:\/\/generalovernight.ch\/wp-content\/uploads\/2024\/12\/GO-Klinik_Empfang-Sendung-5_gruen_klein-1738x1159-2.webp 1738w\" sizes=\"(max-width: 800px) 100vw, 800px\" \/>\t\t\t\t\t\t\t\t\t\t\t\t\t\t\t<\/div>\n\t\t\t\t<\/div>\n\t\t<div class=\"elementor-element elementor-element-5ba698e e-con-full e-flex e-con e-child\" data-id=\"5ba698e\" data-element_type=\"container\" data-e-type=\"container\" data-settings=\"{&quot;jet_parallax_layout_list&quot;:[],&quot;background_background&quot;:&quot;classic&quot;}\">\n\t\t<div class=\"elementor-element elementor-element-2a5db91 e-con-full e-flex e-con e-child\" data-id=\"2a5db91\" data-element_type=\"container\" data-e-type=\"container\" data-settings=\"{&quot;background_background&quot;:&quot;classic&quot;,&quot;jet_parallax_layout_list&quot;:[]}\">\n\t\t\t\t<div class=\"elementor-element elementor-element-884fc5f elementor-widget elementor-widget-heading\" data-id=\"884fc5f\" data-element_type=\"widget\" data-e-type=\"widget\" data-widget_type=\"heading.default\">\n\t\t\t\t<div class=\"elementor-widget-container\">\n\t\t\t\t\t<h2 class=\"elementor-heading-title elementor-size-default\">La nostra gamma di servizi nel settore sanitario<\/h2>\t\t\t\t<\/div>\n\t\t\t\t<\/div>\n\t\t\t\t<div class=\"elementor-element elementor-element-2bc4bce elementor-widget elementor-widget-text-editor\" data-id=\"2bc4bce\" data-element_type=\"widget\" data-e-type=\"widget\" data-widget_type=\"text-editor.default\">\n\t\t\t\t<div class=\"elementor-widget-container\">\n\t\t\t\t\t\t\t\t\t<ul><li>Consegna direttamente al punto di utilizzo: in laboratorio, in ospedale, in sala operatoria, ecc.<\/li><li>Un supporto efficace ai processi grazie a servizi personalizzati e adattati al tuo studio.<\/li><li>Molti anni di esperienza nella raccolta e nell&#8217;invio di campioni diagnostici<\/li><li>Siamo l&#8217;unica rete svizzera in grado di offrirti ritiri standardizzati in giornata dal laboratorio centrale e dall&#8217;ospedale. La consegna avviene la sera stessa o entro 24 ore o su appuntamento nel luogo di utilizzo desiderato. <\/li><li>Certificato di conformit\u00e0 GDP e gestione della qualit\u00e0 in conformit\u00e0 alla norma DIN EN ISO 9001:2015<\/li><li>Personale appositamente addestrato sia per il settore farmaceutico che per quello delle merci pericolose (fino a 1000 punti) in conformit\u00e0 all&#8217;ADR e alla IATA GDR<\/li><li>Scambio di elementi di dispositivi e linee di ricambio<\/li><\/ul>\t\t\t\t\t\t\t\t<\/div>\n\t\t\t\t<\/div>\n\t\t\t\t<\/div>\n\t\t\t\t<\/div>\n\t\t\t\t\t<\/div>\n\t\t\t\t<\/div>\n\t\t<div class=\"elementor-element elementor-element-c7cc10c e-grid e-con-boxed e-con e-parent\" data-id=\"c7cc10c\" data-element_type=\"container\" data-e-type=\"container\" data-settings=\"{&quot;jet_parallax_layout_list&quot;:[]}\">\n\t\t\t\t\t<div class=\"e-con-inner\">\n\t\t<div class=\"elementor-element elementor-element-13b08c9 e-con-full e-flex e-con e-child\" data-id=\"13b08c9\" data-element_type=\"container\" data-e-type=\"container\" data-settings=\"{&quot;jet_parallax_layout_list&quot;:[],&quot;background_background&quot;:&quot;classic&quot;}\">\n\t\t<div class=\"elementor-element elementor-element-7650874 e-con-full e-flex e-con e-child\" data-id=\"7650874\" data-element_type=\"container\" data-e-type=\"container\" data-settings=\"{&quot;background_background&quot;:&quot;classic&quot;,&quot;jet_parallax_layout_list&quot;:[]}\">\n\t\t\t\t<div class=\"elementor-element elementor-element-d1008f6 elementor-widget elementor-widget-heading\" data-id=\"d1008f6\" data-element_type=\"widget\" data-e-type=\"widget\" data-widget_type=\"heading.default\">\n\t\t\t\t<div class=\"elementor-widget-container\">\n\t\t\t\t\t<h2 class=\"elementor-heading-title elementor-size-default\">Vantaggi<\/h2>\t\t\t\t<\/div>\n\t\t\t\t<\/div>\n\t\t\t\t<div class=\"elementor-element elementor-element-0839215 elementor-widget elementor-widget-text-editor\" data-id=\"0839215\" data-element_type=\"widget\" data-e-type=\"widget\" data-widget_type=\"text-editor.default\">\n\t\t\t\t<div class=\"elementor-widget-container\">\n\t\t\t\t\t\t\t\t\t<ul><li>Riduzione delle spese di amministrazione e di funzionamento<\/li><li>Ritiri e consegne in giornata (sameday)<\/li><li>Gestione dei resi: tempi di consegna pi\u00f9 brevi per prodotti riutilizzabili, contenitori di trasporto e dispositivi medici.<\/li><li>I pi\u00f9 alti standard di qualit\u00e0 e sicurezza con i pi\u00f9 bassi tassi di danno<\/li><li>Concetti di tour regionali e personalizzati per spedizioni regolari e ricorrenti in loco<\/li><li>Consulenza in loco da parte di un referente personale<\/li><li>Massimi standard di qualit\u00e0 e sicurezza<\/li><li>Monitoraggio live basato sul web: segui il tuo programma in diretta sullo schermo<\/li><\/ul>\t\t\t\t\t\t\t\t<\/div>\n\t\t\t\t<\/div>\n\t\t<div class=\"elementor-element elementor-element-b4046fc e-con-full e-flex e-con e-child\" data-id=\"b4046fc\" data-element_type=\"container\" data-e-type=\"container\" data-settings=\"{&quot;jet_parallax_layout_list&quot;:[]}\">\n\t\t\t\t<div class=\"elementor-element elementor-element-2da2a68 elementor-mobile-align-justify elementor-widget elementor-widget-button\" data-id=\"2da2a68\" data-element_type=\"widget\" data-e-type=\"widget\" data-widget_type=\"button.default\">\n\t\t\t\t<div class=\"elementor-widget-container\">\n\t\t\t\t\t\t\t\t\t<div class=\"elementor-button-wrapper\">\n\t\t\t\t\t<a class=\"elementor-button elementor-button-link elementor-size-sm\" href=\"tel:+41800599999\">\n\t\t\t\t\t\t<span class=\"elementor-button-content-wrapper\">\n\t\t\t\t\t\t<span class=\"elementor-button-icon\">\n\t\t\t\t<i aria-hidden=\"true\" class=\"icon icon-phone1\"><\/i>\t\t\t<\/span>\n\t\t\t\t\t\t\t\t\t<span class=\"elementor-button-text\">Chiamaci<\/span>\n\t\t\t\t\t<\/span>\n\t\t\t\t\t<\/a>\n\t\t\t\t<\/div>\n\t\t\t\t\t\t\t\t<\/div>\n\t\t\t\t<\/div>\n\t\t\t\t<div class=\"elementor-element elementor-element-e1bdc8f elementor-mobile-align-justify elementor-widget elementor-widget-button\" data-id=\"e1bdc8f\" data-element_type=\"widget\" data-e-type=\"widget\" data-widget_type=\"button.default\">\n\t\t\t\t<div class=\"elementor-widget-container\">\n\t\t\t\t\t\t\t\t\t<div class=\"elementor-button-wrapper\">\n\t\t\t\t\t<a class=\"elementor-button elementor-button-link elementor-size-sm\" href=\"https:\/\/p682793.webspaceconfig.de\/it\/?page_id=8783\">\n\t\t\t\t\t\t<span class=\"elementor-button-content-wrapper\">\n\t\t\t\t\t\t<span class=\"elementor-button-icon\">\n\t\t\t\t<i aria-hidden=\"true\" class=\"far fa-envelope\"><\/i>\t\t\t<\/span>\n\t\t\t\t\t\t\t\t\t<span class=\"elementor-button-text\">Richiesta di spedizione<\/span>\n\t\t\t\t\t<\/span>\n\t\t\t\t\t<\/a>\n\t\t\t\t<\/div>\n\t\t\t\t\t\t\t\t<\/div>\n\t\t\t\t<\/div>\n\t\t\t\t<\/div>\n\t\t\t\t<\/div>\n\t\t\t\t<\/div>\n\t\t\t\t<div class=\"elementor-element elementor-element-f820804 elementor-widget elementor-widget-image\" data-id=\"f820804\" data-element_type=\"widget\" data-e-type=\"widget\" data-widget_type=\"image.default\">\n\t\t\t\t<div class=\"elementor-widget-container\">\n\t\t\t\t\t\t\t\t\t\t\t\t\t\t\t<img decoding=\"async\" width=\"600\" height=\"400\" src=\"https:\/\/generalovernight.ch\/wp-content\/uploads\/2024\/12\/GO-Klinik_Empfang-Sendung-19_klein.jpg\" class=\"attachment-large size-large wp-image-8980\" alt=\"\" srcset=\"https:\/\/generalovernight.ch\/wp-content\/uploads\/2024\/12\/GO-Klinik_Empfang-Sendung-19_klein.jpg 600w, https:\/\/generalovernight.ch\/wp-content\/uploads\/2024\/12\/GO-Klinik_Empfang-Sendung-19_klein-300x200.jpg 300w\" sizes=\"(max-width: 600px) 100vw, 600px\" \/>\t\t\t\t\t\t\t\t\t\t\t\t\t\t\t<\/div>\n\t\t\t\t<\/div>\n\t\t\t\t\t<\/div>\n\t\t\t\t<\/div>\n\t\t<div class=\"elementor-element elementor-element-d0689e2 e-flex e-con-boxed e-con e-parent\" data-id=\"d0689e2\" data-element_type=\"container\" data-e-type=\"container\" data-settings=\"{&quot;jet_parallax_layout_list&quot;:[]}\">\n\t\t\t\t\t<div class=\"e-con-inner\">\n\t\t\t\t<div class=\"elementor-element elementor-element-6f85bf8 elementor-widget elementor-widget-heading\" data-id=\"6f85bf8\" data-element_type=\"widget\" data-e-type=\"widget\" data-widget_type=\"heading.default\">\n\t\t\t\t<div class=\"elementor-widget-container\">\n\t\t\t\t\t<h2 class=\"elementor-heading-title elementor-size-default\">Cura e sollievo completi.<\/h2>\t\t\t\t<\/div>\n\t\t\t\t<\/div>\n\t\t\t\t<div class=\"elementor-element elementor-element-ccd1288 elementor-widget elementor-widget-text-editor\" data-id=\"ccd1288\" data-element_type=\"widget\" data-e-type=\"widget\" data-widget_type=\"text-editor.default\">\n\t\t\t\t<div class=\"elementor-widget-container\">\n\t\t\t\t\t\t\t\t\t<p>Il nostro compito \u00e8 quello di garantire che i medici e il personale sanitario possano concentrarsi pienamente sulle loro competenze. La logistica come alleanza stretta, personalizzata in base ai requisiti e alle esigenze di cliniche, studi medici e produttori. Lavoriamo insieme per sviluppare soluzioni pratiche ottimizzate per i rispettivi processi e per garantire che i prodotti e i farmaci necessari per la medicina siano disponibili in tempo e in loco.  <\/p><p><span style=\"color: var( --e-global-color-text ); font-family: var( --e-global-typography-text-font-family ), Sans-serif; font-size: var( --e-global-typography-text-font-size ); font-weight: var( --e-global-typography-text-font-weight ); text-align: var(--text-align); letter-spacing: 0px;\">Abbiamo un&#8217;esperienza decennale in questo campo, oltre a una gestione della qualit\u00e0 certificata secondo la norma DIN EN ISO 9001:2015 e alla conformit\u00e0 al PIL. Abbiamo un&#8217;esperienza che rende le nostre soluzioni tanto complesse quanto pratiche. Alcuni esempi: Logistica di emergenza per apparecchiature di diagnostica per immagini e gilet per defibrillatori, servizio di scaffalatura per nutrizione enterale e sondini o fornitura di strumenti chirurgici, coordinati con la data dell&#8217;intervento e consegnati direttamente in sala operatoria. Ai nostri clienti offriamo sempre il fattore decisivo: massima affidabilit\u00e0 e soccorso.   <\/span><\/p><p><span style=\"color: var( --e-global-color-text ); font-family: var( --e-global-typography-text-font-family ), Sans-serif; font-size: var( --e-global-typography-text-font-size ); font-weight: var( --e-global-typography-text-font-weight ); text-align: var(--text-align); letter-spacing: 0px;\">Pi\u00f9 di 1.400 dipendenti e oltre 1.700 autisti sono in servizio ogni giorno per trasportare gli oltre 10 milioni di spedizioni (2023) all&#8217;anno.<\/span><\/p>\t\t\t\t\t\t\t\t<\/div>\n\t\t\t\t<\/div>\n\t\t\t\t\t<\/div>\n\t\t\t\t<\/div>\n\t\t\t\t<\/div>\n\t\t","protected":false},"excerpt":{"rendered":"<p>Logistica per le scienze della vita!GO! Scienza della vita e tecnologia medica La vita non va sempre secondo i piani. Quando ogni secondo \u00e8 importante, puoi contare su GO! pu\u00f2 essere affidabile, da ora a subito, giorno e notte. Trasportiamo consegne altamente sensibili in modo accurato e professionale, che si tratti di campioni diagnostici, prodotti [&hellip;]<\/p>\n","protected":false},"author":8,"featured_media":0,"parent":8897,"menu_order":0,"comment_status":"closed","ping_status":"closed","template":"","meta":{"_monsterinsights_skip_tracking":false,"_monsterinsights_sitenote_active":false,"_monsterinsights_sitenote_note":"","_monsterinsights_sitenote_category":0,"footnotes":""},"class_list":["post-8979","page","type-page","status-publish","hentry"],"yoast_head":"<!-- This site is optimized with the Yoast SEO plugin v27.2 - https:\/\/yoast.com\/product\/yoast-seo-wordpress\/ -->\n<title>GO! Scienza della vita e tecnologia medica - GO! Express &amp; Logistics<\/title>\n<meta name=\"robots\" content=\"index, follow, max-snippet:-1, max-image-preview:large, max-video-preview:-1\" \/>\n<link rel=\"canonical\" href=\"https:\/\/generalovernight.ch\/it\/prodotti\/go-soluzioni\/soluzioni-per-lindustria\/go-scienza-della-vita-e-tecnologia-medica\/\" \/>\n<meta property=\"og:locale\" content=\"it_IT\" \/>\n<meta property=\"og:type\" content=\"article\" \/>\n<meta property=\"og:title\" content=\"GO! Scienza della vita e tecnologia medica - GO! Express &amp; Logistics\" \/>\n<meta property=\"og:description\" content=\"Logistica per le scienze della vita!GO! Scienza della vita e tecnologia medica La vita non va sempre secondo i piani. Quando ogni secondo \u00e8 importante, puoi contare su GO! pu\u00f2 essere affidabile, da ora a subito, giorno e notte. Trasportiamo consegne altamente sensibili in modo accurato e professionale, che si tratti di campioni diagnostici, prodotti [&hellip;]\" \/>\n<meta property=\"og:url\" content=\"https:\/\/generalovernight.ch\/it\/prodotti\/go-soluzioni\/soluzioni-per-lindustria\/go-scienza-della-vita-e-tecnologia-medica\/\" \/>\n<meta property=\"og:site_name\" content=\"GO! Express &amp; Logistics\" \/>\n<meta property=\"article:modified_time\" content=\"2025-03-17T12:15:28+00:00\" \/>\n<meta property=\"og:image\" content=\"https:\/\/p682793.webspaceconfig.de\/wp-content\/uploads\/2024\/12\/GO-Klinik_Empfang-Sendung-5_gruen_klein-1738x1159-2-1024x683.webp\" \/>\n<meta name=\"twitter:card\" content=\"summary_large_image\" \/>\n<meta name=\"twitter:label1\" content=\"Tempo di lettura stimato\" \/>\n\t<meta name=\"twitter:data1\" content=\"2 minuti\" \/>\n<script type=\"application\/ld+json\" class=\"yoast-schema-graph\">{\"@context\":\"https:\/\/schema.org\",\"@graph\":[{\"@type\":\"WebPage\",\"@id\":\"https:\/\/generalovernight.ch\/it\/prodotti\/go-soluzioni\/soluzioni-per-lindustria\/go-scienza-della-vita-e-tecnologia-medica\/\",\"url\":\"https:\/\/generalovernight.ch\/it\/prodotti\/go-soluzioni\/soluzioni-per-lindustria\/go-scienza-della-vita-e-tecnologia-medica\/\",\"name\":\"GO! Scienza della vita e tecnologia medica - GO! Express &amp; Logistics\",\"isPartOf\":{\"@id\":\"https:\/\/generalovernight.ch\/it\/#website\"},\"primaryImageOfPage\":{\"@id\":\"https:\/\/generalovernight.ch\/it\/prodotti\/go-soluzioni\/soluzioni-per-lindustria\/go-scienza-della-vita-e-tecnologia-medica\/#primaryimage\"},\"image\":{\"@id\":\"https:\/\/generalovernight.ch\/it\/prodotti\/go-soluzioni\/soluzioni-per-lindustria\/go-scienza-della-vita-e-tecnologia-medica\/#primaryimage\"},\"thumbnailUrl\":\"https:\/\/p682793.webspaceconfig.de\/wp-content\/uploads\/2024\/12\/GO-Klinik_Empfang-Sendung-5_gruen_klein-1738x1159-2-1024x683.webp\",\"datePublished\":\"2024-12-16T13:58:20+00:00\",\"dateModified\":\"2025-03-17T12:15:28+00:00\",\"breadcrumb\":{\"@id\":\"https:\/\/generalovernight.ch\/it\/prodotti\/go-soluzioni\/soluzioni-per-lindustria\/go-scienza-della-vita-e-tecnologia-medica\/#breadcrumb\"},\"inLanguage\":\"it-IT\",\"potentialAction\":[{\"@type\":\"ReadAction\",\"target\":[\"https:\/\/generalovernight.ch\/it\/prodotti\/go-soluzioni\/soluzioni-per-lindustria\/go-scienza-della-vita-e-tecnologia-medica\/\"]}]},{\"@type\":\"ImageObject\",\"inLanguage\":\"it-IT\",\"@id\":\"https:\/\/generalovernight.ch\/it\/prodotti\/go-soluzioni\/soluzioni-per-lindustria\/go-scienza-della-vita-e-tecnologia-medica\/#primaryimage\",\"url\":\"https:\/\/p682793.webspaceconfig.de\/wp-content\/uploads\/2024\/12\/GO-Klinik_Empfang-Sendung-5_gruen_klein-1738x1159-2-1024x683.webp\",\"contentUrl\":\"https:\/\/p682793.webspaceconfig.de\/wp-content\/uploads\/2024\/12\/GO-Klinik_Empfang-Sendung-5_gruen_klein-1738x1159-2-1024x683.webp\"},{\"@type\":\"BreadcrumbList\",\"@id\":\"https:\/\/generalovernight.ch\/it\/prodotti\/go-soluzioni\/soluzioni-per-lindustria\/go-scienza-della-vita-e-tecnologia-medica\/#breadcrumb\",\"itemListElement\":[{\"@type\":\"ListItem\",\"position\":1,\"name\":\"Startseite\",\"item\":\"https:\/\/generalovernight.ch\/it\/\"},{\"@type\":\"ListItem\",\"position\":2,\"name\":\"Prodotti\",\"item\":\"https:\/\/generalovernight.ch\/it\/produkte\/\"},{\"@type\":\"ListItem\",\"position\":3,\"name\":\"GO! Soluzioni\",\"item\":\"https:\/\/generalovernight.ch\/it\/produkte\/go-solutions\/\"},{\"@type\":\"ListItem\",\"position\":4,\"name\":\"Soluzioni per l&#8217;industria\",\"item\":\"https:\/\/generalovernight.ch\/it\/produkte\/go-solutions\/branchenloesungen\/\"},{\"@type\":\"ListItem\",\"position\":5,\"name\":\"GO! Scienza della vita e tecnologia medica\"}]},{\"@type\":\"WebSite\",\"@id\":\"https:\/\/generalovernight.ch\/it\/#website\",\"url\":\"https:\/\/generalovernight.ch\/it\/\",\"name\":\"GO! Express &amp; Logistics\",\"description\":\"\",\"potentialAction\":[{\"@type\":\"SearchAction\",\"target\":{\"@type\":\"EntryPoint\",\"urlTemplate\":\"https:\/\/generalovernight.ch\/it\/?s={search_term_string}\"},\"query-input\":{\"@type\":\"PropertyValueSpecification\",\"valueRequired\":true,\"valueName\":\"search_term_string\"}}],\"inLanguage\":\"it-IT\"}]}<\/script>\n<!-- \/ Yoast SEO plugin. -->","yoast_head_json":{"title":"GO! Scienza della vita e tecnologia medica - GO! Express &amp; Logistics","robots":{"index":"index","follow":"follow","max-snippet":"max-snippet:-1","max-image-preview":"max-image-preview:large","max-video-preview":"max-video-preview:-1"},"canonical":"https:\/\/generalovernight.ch\/it\/prodotti\/go-soluzioni\/soluzioni-per-lindustria\/go-scienza-della-vita-e-tecnologia-medica\/","og_locale":"it_IT","og_type":"article","og_title":"GO! Scienza della vita e tecnologia medica - GO! Express &amp; Logistics","og_description":"Logistica per le scienze della vita!GO! Scienza della vita e tecnologia medica La vita non va sempre secondo i piani. Quando ogni secondo \u00e8 importante, puoi contare su GO! pu\u00f2 essere affidabile, da ora a subito, giorno e notte. Trasportiamo consegne altamente sensibili in modo accurato e professionale, che si tratti di campioni diagnostici, prodotti [&hellip;]","og_url":"https:\/\/generalovernight.ch\/it\/prodotti\/go-soluzioni\/soluzioni-per-lindustria\/go-scienza-della-vita-e-tecnologia-medica\/","og_site_name":"GO! Express &amp; Logistics","article_modified_time":"2025-03-17T12:15:28+00:00","og_image":[{"url":"https:\/\/p682793.webspaceconfig.de\/wp-content\/uploads\/2024\/12\/GO-Klinik_Empfang-Sendung-5_gruen_klein-1738x1159-2-1024x683.webp","type":"","width":"","height":""}],"twitter_card":"summary_large_image","twitter_misc":{"Tempo di lettura stimato":"2 minuti"},"schema":{"@context":"https:\/\/schema.org","@graph":[{"@type":"WebPage","@id":"https:\/\/generalovernight.ch\/it\/prodotti\/go-soluzioni\/soluzioni-per-lindustria\/go-scienza-della-vita-e-tecnologia-medica\/","url":"https:\/\/generalovernight.ch\/it\/prodotti\/go-soluzioni\/soluzioni-per-lindustria\/go-scienza-della-vita-e-tecnologia-medica\/","name":"GO! Scienza della vita e tecnologia medica - GO! Express &amp; Logistics","isPartOf":{"@id":"https:\/\/generalovernight.ch\/it\/#website"},"primaryImageOfPage":{"@id":"https:\/\/generalovernight.ch\/it\/prodotti\/go-soluzioni\/soluzioni-per-lindustria\/go-scienza-della-vita-e-tecnologia-medica\/#primaryimage"},"image":{"@id":"https:\/\/generalovernight.ch\/it\/prodotti\/go-soluzioni\/soluzioni-per-lindustria\/go-scienza-della-vita-e-tecnologia-medica\/#primaryimage"},"thumbnailUrl":"https:\/\/p682793.webspaceconfig.de\/wp-content\/uploads\/2024\/12\/GO-Klinik_Empfang-Sendung-5_gruen_klein-1738x1159-2-1024x683.webp","datePublished":"2024-12-16T13:58:20+00:00","dateModified":"2025-03-17T12:15:28+00:00","breadcrumb":{"@id":"https:\/\/generalovernight.ch\/it\/prodotti\/go-soluzioni\/soluzioni-per-lindustria\/go-scienza-della-vita-e-tecnologia-medica\/#breadcrumb"},"inLanguage":"it-IT","potentialAction":[{"@type":"ReadAction","target":["https:\/\/generalovernight.ch\/it\/prodotti\/go-soluzioni\/soluzioni-per-lindustria\/go-scienza-della-vita-e-tecnologia-medica\/"]}]},{"@type":"ImageObject","inLanguage":"it-IT","@id":"https:\/\/generalovernight.ch\/it\/prodotti\/go-soluzioni\/soluzioni-per-lindustria\/go-scienza-della-vita-e-tecnologia-medica\/#primaryimage","url":"https:\/\/p682793.webspaceconfig.de\/wp-content\/uploads\/2024\/12\/GO-Klinik_Empfang-Sendung-5_gruen_klein-1738x1159-2-1024x683.webp","contentUrl":"https:\/\/p682793.webspaceconfig.de\/wp-content\/uploads\/2024\/12\/GO-Klinik_Empfang-Sendung-5_gruen_klein-1738x1159-2-1024x683.webp"},{"@type":"BreadcrumbList","@id":"https:\/\/generalovernight.ch\/it\/prodotti\/go-soluzioni\/soluzioni-per-lindustria\/go-scienza-della-vita-e-tecnologia-medica\/#breadcrumb","itemListElement":[{"@type":"ListItem","position":1,"name":"Startseite","item":"https:\/\/generalovernight.ch\/it\/"},{"@type":"ListItem","position":2,"name":"Prodotti","item":"https:\/\/generalovernight.ch\/it\/produkte\/"},{"@type":"ListItem","position":3,"name":"GO! Soluzioni","item":"https:\/\/generalovernight.ch\/it\/produkte\/go-solutions\/"},{"@type":"ListItem","position":4,"name":"Soluzioni per l&#8217;industria","item":"https:\/\/generalovernight.ch\/it\/produkte\/go-solutions\/branchenloesungen\/"},{"@type":"ListItem","position":5,"name":"GO! Scienza della vita e tecnologia medica"}]},{"@type":"WebSite","@id":"https:\/\/generalovernight.ch\/it\/#website","url":"https:\/\/generalovernight.ch\/it\/","name":"GO! Express &amp; Logistics","description":"","potentialAction":[{"@type":"SearchAction","target":{"@type":"EntryPoint","urlTemplate":"https:\/\/generalovernight.ch\/it\/?s={search_term_string}"},"query-input":{"@type":"PropertyValueSpecification","valueRequired":true,"valueName":"search_term_string"}}],"inLanguage":"it-IT"}]}},"_links":{"self":[{"href":"https:\/\/generalovernight.ch\/it\/wp-json\/wp\/v2\/pages\/8979","targetHints":{"allow":["GET"]}}],"collection":[{"href":"https:\/\/generalovernight.ch\/it\/wp-json\/wp\/v2\/pages"}],"about":[{"href":"https:\/\/generalovernight.ch\/it\/wp-json\/wp\/v2\/types\/page"}],"author":[{"embeddable":true,"href":"https:\/\/generalovernight.ch\/it\/wp-json\/wp\/v2\/users\/8"}],"replies":[{"embeddable":true,"href":"https:\/\/generalovernight.ch\/it\/wp-json\/wp\/v2\/comments?post=8979"}],"version-history":[{"count":3,"href":"https:\/\/generalovernight.ch\/it\/wp-json\/wp\/v2\/pages\/8979\/revisions"}],"predecessor-version":[{"id":8992,"href":"https:\/\/generalovernight.ch\/it\/wp-json\/wp\/v2\/pages\/8979\/revisions\/8992"}],"up":[{"embeddable":true,"href":"https:\/\/generalovernight.ch\/it\/wp-json\/wp\/v2\/pages\/8897"}],"wp:attachment":[{"href":"https:\/\/generalovernight.ch\/it\/wp-json\/wp\/v2\/media?parent=8979"}],"curies":[{"name":"wp","href":"https:\/\/api.w.org\/{rel}","templated":true}]}}