{"id":8990,"date":"2024-12-16T13:59:17","date_gmt":"2024-12-16T13:59:17","guid":{"rendered":"https:\/\/p682793.webspaceconfig.de\/vai-raccogliere\/"},"modified":"2025-03-17T12:15:28","modified_gmt":"2025-03-17T12:15:28","slug":"vai-raccogliere","status":"publish","type":"page","link":"https:\/\/generalovernight.ch\/it\/vai-raccogliere\/","title":{"rendered":"VAI! Raccogliere"},"content":{"rendered":"\t\t<div data-elementor-type=\"wp-page\" data-elementor-id=\"8990\" class=\"elementor elementor-8990 elementor-6477\" data-elementor-post-type=\"page\">\n\t\t\t\t<div class=\"elementor-element elementor-element-98b90dc e-flex e-con-boxed e-con e-parent\" data-id=\"98b90dc\" data-element_type=\"container\" data-e-type=\"container\" data-settings=\"{&quot;jet_parallax_layout_list&quot;:[]}\">\n\t\t\t\t\t<div class=\"e-con-inner\">\n\t\t\t\t<div class=\"elementor-element elementor-element-4d52254 elementor-widget elementor-widget-heading\" data-id=\"4d52254\" data-element_type=\"widget\" data-e-type=\"widget\" data-widget_type=\"heading.default\">\n\t\t\t\t<div class=\"elementor-widget-container\">\n\t\t\t\t\t<h1 class=\"elementor-heading-title elementor-size-default\">La raccolta pi\u00f9 veloce a livello nazionale\n? <br>VAI! Ritiro <\/h1>\t\t\t\t<\/div>\n\t\t\t\t<\/div>\n\t\t\t\t<div class=\"elementor-element elementor-element-b276e2c elementor-widget elementor-widget-spacer\" data-id=\"b276e2c\" data-element_type=\"widget\" data-e-type=\"widget\" data-widget_type=\"spacer.default\">\n\t\t\t\t<div class=\"elementor-widget-container\">\n\t\t\t\t\t\t\t<div class=\"elementor-spacer\">\n\t\t\t<div class=\"elementor-spacer-inner\"><\/div>\n\t\t<\/div>\n\t\t\t\t\t\t<\/div>\n\t\t\t\t<\/div>\n\t\t\t\t<div class=\"elementor-element elementor-element-6445f33 elementor-widget elementor-widget-text-editor\" data-id=\"6445f33\" data-element_type=\"widget\" data-e-type=\"widget\" data-widget_type=\"text-editor.default\">\n\t\t\t\t<div class=\"elementor-widget-container\">\n\t\t\t\t\t\t\t\t\t<p>Il ritiro classico funziona secondo il principio: registrato oggi, ritirato domani, trasbordato dopodomani e consegnato a te dopodomani. &#8220;Tutto_eccezionale&#8221; da GO!, l&#8217;unico sistema di &#8220;sameday pick-up&#8221; in Svizzera! <\/p>\t\t\t\t\t\t\t\t<\/div>\n\t\t\t\t<\/div>\n\t\t\t\t\t<\/div>\n\t\t\t\t<\/div>\n\t\t<div class=\"elementor-element elementor-element-d008d5a e-grid e-con-boxed e-con e-parent\" data-id=\"d008d5a\" data-element_type=\"container\" data-e-type=\"container\" data-settings=\"{&quot;jet_parallax_layout_list&quot;:[]}\">\n\t\t\t\t\t<div class=\"e-con-inner\">\n\t\t\t\t<div class=\"elementor-element elementor-element-a80aaa3 elementor-widget elementor-widget-image\" data-id=\"a80aaa3\" data-element_type=\"widget\" data-e-type=\"widget\" data-widget_type=\"image.default\">\n\t\t\t\t<div class=\"elementor-widget-container\">\n\t\t\t\t\t\t\t\t\t\t\t\t\t\t\t<img fetchpriority=\"high\" decoding=\"async\" width=\"480\" height=\"320\" src=\"https:\/\/generalovernight.ch\/wp-content\/uploads\/2023\/01\/2020_GO-Stadt_Sprinter-mit-Kuriere-4-480x320-1.jpeg\" class=\"attachment-large size-large wp-image-4390\" alt=\"\" srcset=\"https:\/\/generalovernight.ch\/wp-content\/uploads\/2023\/01\/2020_GO-Stadt_Sprinter-mit-Kuriere-4-480x320-1.jpeg 480w, https:\/\/generalovernight.ch\/wp-content\/uploads\/2023\/01\/2020_GO-Stadt_Sprinter-mit-Kuriere-4-480x320-1-300x200.jpeg 300w\" sizes=\"(max-width: 480px) 100vw, 480px\" \/>\t\t\t\t\t\t\t\t\t\t\t\t\t\t\t<\/div>\n\t\t\t\t<\/div>\n\t\t<div class=\"elementor-element elementor-element-f537791 e-con-full e-flex e-con e-child\" data-id=\"f537791\" data-element_type=\"container\" data-e-type=\"container\" data-settings=\"{&quot;jet_parallax_layout_list&quot;:[],&quot;background_background&quot;:&quot;classic&quot;}\">\n\t\t<div class=\"elementor-element elementor-element-0564bcb e-con-full e-flex e-con e-child\" data-id=\"0564bcb\" data-element_type=\"container\" data-e-type=\"container\" data-settings=\"{&quot;background_background&quot;:&quot;classic&quot;,&quot;jet_parallax_layout_list&quot;:[]}\">\n\t\t\t\t<div class=\"elementor-element elementor-element-7fb0711 elementor-widget elementor-widget-heading\" data-id=\"7fb0711\" data-element_type=\"widget\" data-e-type=\"widget\" data-widget_type=\"heading.default\">\n\t\t\t\t<div class=\"elementor-widget-container\">\n\t\t\t\t\t<h2 class=\"elementor-heading-title elementor-size-default\">La nostra gamma di servizi nazionali nell'area di raccolta e ritiro di\n<\/h2>\t\t\t\t<\/div>\n\t\t\t\t<\/div>\n\t\t\t\t<div class=\"elementor-element elementor-element-8e76c5e elementor-widget elementor-widget-text-editor\" data-id=\"8e76c5e\" data-element_type=\"widget\" data-e-type=\"widget\" data-widget_type=\"text-editor.default\">\n\t\t\t\t<div class=\"elementor-widget-container\">\n\t\t\t\t\t\t\t\t\t<p>Con molte soluzioni di trasporto convenzionali, si ordina un ritiro oggi, che viene poi effettuato domani, trasbordato dopodomani e trasportato di nuovo solo dopodomani. Ci\u00f2 significa che il cliente attende 4-5 giorni dall&#8217;ordine alla consegna. Per i prodotti urgenti o ad alta intensit\u00e0 di capitale, questa situazione \u00e8 economicamente svantaggiosa e rappresenta anche una questione di qualit\u00e0 del servizio e di soddisfazione del cliente.  <\/p><p>Se ordini un ritiro da GO! oggi, la merce richiesta verr\u00e0 ritirata oggi, a seconda della regione, e nella migliore delle ipotesi consegnata oggi o domani. Esattamente, hai fatto bene i conti: idealmente passa meno di un giorno intero dall&#8217;ordine alla consegna. Questo \u00e8 un servizio di qualit\u00e0 con un annuncio &#8211; ma c&#8217;\u00e8 di meglio! Da un lato, i ritiri possono essere accelerati e, dall&#8217;altro, possono essere effettuati anche in tarda serata o addirittura di notte. Questo significa che la merce pu\u00f2 essere disponibile al mattino presto. Incredibile, ma vero! A seconda delle esigenze dei clienti, GO! consegna la merce entro le 7.00, le 13.30, le 15.30 o le 18.00. E naturalmente sono inclusi i ritiri per le spedizioni all&#8217;estero, compreso lo sdoganamento espresso se lo desideri! Anche in questo caso, otteniamo i migliori risultati in Europa in termini di qualit\u00e0 e velocit\u00e0!        <\/p>\t\t\t\t\t\t\t\t<\/div>\n\t\t\t\t<\/div>\n\t\t<div class=\"elementor-element elementor-element-ac7b60b e-con-full e-flex e-con e-child\" data-id=\"ac7b60b\" data-element_type=\"container\" data-e-type=\"container\" data-settings=\"{&quot;jet_parallax_layout_list&quot;:[]}\">\n\t\t\t\t<div class=\"elementor-element elementor-element-366e5e2 elementor-mobile-align-justify elementor-widget elementor-widget-button\" data-id=\"366e5e2\" data-element_type=\"widget\" data-e-type=\"widget\" data-widget_type=\"button.default\">\n\t\t\t\t<div class=\"elementor-widget-container\">\n\t\t\t\t\t\t\t\t\t<div class=\"elementor-button-wrapper\">\n\t\t\t\t\t<a class=\"elementor-button elementor-button-link elementor-size-sm\" href=\"tel:+41800599999\">\n\t\t\t\t\t\t<span class=\"elementor-button-content-wrapper\">\n\t\t\t\t\t\t<span class=\"elementor-button-icon\">\n\t\t\t\t<i aria-hidden=\"true\" class=\"icon icon-phone1\"><\/i>\t\t\t<\/span>\n\t\t\t\t\t\t\t\t\t<span class=\"elementor-button-text\">Chiamaci<\/span>\n\t\t\t\t\t<\/span>\n\t\t\t\t\t<\/a>\n\t\t\t\t<\/div>\n\t\t\t\t\t\t\t\t<\/div>\n\t\t\t\t<\/div>\n\t\t\t\t<div class=\"elementor-element elementor-element-4c13dba elementor-mobile-align-justify elementor-widget elementor-widget-button\" data-id=\"4c13dba\" data-element_type=\"widget\" data-e-type=\"widget\" data-widget_type=\"button.default\">\n\t\t\t\t<div class=\"elementor-widget-container\">\n\t\t\t\t\t\t\t\t\t<div class=\"elementor-button-wrapper\">\n\t\t\t\t\t<a class=\"elementor-button elementor-button-link elementor-size-sm\" href=\"https:\/\/p682793.webspaceconfig.de\/it\/?page_id=8783\">\n\t\t\t\t\t\t<span class=\"elementor-button-content-wrapper\">\n\t\t\t\t\t\t<span class=\"elementor-button-icon\">\n\t\t\t\t<i aria-hidden=\"true\" class=\"far fa-envelope\"><\/i>\t\t\t<\/span>\n\t\t\t\t\t\t\t\t\t<span class=\"elementor-button-text\">Richiesta di spedizione<\/span>\n\t\t\t\t\t<\/span>\n\t\t\t\t\t<\/a>\n\t\t\t\t<\/div>\n\t\t\t\t\t\t\t\t<\/div>\n\t\t\t\t<\/div>\n\t\t\t\t<\/div>\n\t\t\t\t<\/div>\n\t\t\t\t<\/div>\n\t\t\t\t\t<\/div>\n\t\t\t\t<\/div>\n\t\t<div class=\"elementor-element elementor-element-3db7bdc e-grid e-con-boxed e-con e-parent\" data-id=\"3db7bdc\" data-element_type=\"container\" data-e-type=\"container\" data-settings=\"{&quot;jet_parallax_layout_list&quot;:[]}\">\n\t\t\t\t\t<div class=\"e-con-inner\">\n\t\t<div class=\"elementor-element elementor-element-0399228 e-con-full e-flex e-con e-child\" data-id=\"0399228\" data-element_type=\"container\" data-e-type=\"container\" data-settings=\"{&quot;jet_parallax_layout_list&quot;:[],&quot;background_background&quot;:&quot;classic&quot;}\">\n\t\t<div class=\"elementor-element elementor-element-658df4b e-con-full e-flex e-con e-child\" data-id=\"658df4b\" data-element_type=\"container\" data-e-type=\"container\" data-settings=\"{&quot;background_background&quot;:&quot;classic&quot;,&quot;jet_parallax_layout_list&quot;:[]}\">\n\t\t\t\t<div class=\"elementor-element elementor-element-5deb3e7 elementor-widget elementor-widget-heading\" data-id=\"5deb3e7\" data-element_type=\"widget\" data-e-type=\"widget\" data-widget_type=\"heading.default\">\n\t\t\t\t<div class=\"elementor-widget-container\">\n\t\t\t\t\t<h2 class=\"elementor-heading-title elementor-size-default\">Vantaggi<\/h2>\t\t\t\t<\/div>\n\t\t\t\t<\/div>\n\t\t\t\t<div class=\"elementor-element elementor-element-e56ea7b elementor-widget elementor-widget-text-editor\" data-id=\"e56ea7b\" data-element_type=\"widget\" data-e-type=\"widget\" data-widget_type=\"text-editor.default\">\n\t\t\t\t<div class=\"elementor-widget-container\">\n\t\t\t\t\t\t\t\t\t<ul><li>Tempi di risposta rapidi<\/li><li>Logistica ad alta velocit\u00e0<\/li><li>Tempo di servizio personalizzabile<\/li><li>Processo controllabile e tracciabilit\u00e0<\/li><li>Accelerazione degli ordini internazionali<\/li><\/ul>\t\t\t\t\t\t\t\t<\/div>\n\t\t\t\t<\/div>\n\t\t\t\t<\/div>\n\t\t\t\t<\/div>\n\t\t\t\t<div class=\"elementor-element elementor-element-d50696d elementor-widget elementor-widget-image\" data-id=\"d50696d\" data-element_type=\"widget\" data-e-type=\"widget\" data-widget_type=\"image.default\">\n\t\t\t\t<div class=\"elementor-widget-container\">\n\t\t\t\t\t\t\t\t\t\t\t\t\t\t\t<img decoding=\"async\" width=\"800\" height=\"534\" src=\"https:\/\/generalovernight.ch\/wp-content\/uploads\/2023\/01\/2020_GO-Stadt_Sprinter-mit-Kuriere-6_Wirtschaftsmeldung-1024x683.jpeg\" class=\"attachment-large size-large wp-image-4336\" alt=\"\" srcset=\"https:\/\/generalovernight.ch\/wp-content\/uploads\/2023\/01\/2020_GO-Stadt_Sprinter-mit-Kuriere-6_Wirtschaftsmeldung-1024x683.jpeg 1024w, https:\/\/generalovernight.ch\/wp-content\/uploads\/2023\/01\/2020_GO-Stadt_Sprinter-mit-Kuriere-6_Wirtschaftsmeldung-300x200.jpeg 300w, https:\/\/generalovernight.ch\/wp-content\/uploads\/2023\/01\/2020_GO-Stadt_Sprinter-mit-Kuriere-6_Wirtschaftsmeldung-768x512.jpeg 768w, https:\/\/generalovernight.ch\/wp-content\/uploads\/2023\/01\/2020_GO-Stadt_Sprinter-mit-Kuriere-6_Wirtschaftsmeldung-1536x1025.jpeg 1536w, https:\/\/generalovernight.ch\/wp-content\/uploads\/2023\/01\/2020_GO-Stadt_Sprinter-mit-Kuriere-6_Wirtschaftsmeldung-2048x1367.jpeg 2048w\" sizes=\"(max-width: 800px) 100vw, 800px\" \/>\t\t\t\t\t\t\t\t\t\t\t\t\t\t\t<\/div>\n\t\t\t\t<\/div>\n\t\t\t\t\t<\/div>\n\t\t\t\t<\/div>\n\t\t<div class=\"elementor-element elementor-element-98132b3 e-con-full e-flex e-con e-parent\" data-id=\"98132b3\" data-element_type=\"container\" data-e-type=\"container\" data-settings=\"{&quot;jet_parallax_layout_list&quot;:[]}\">\n\t\t\t\t<div class=\"elementor-element elementor-element-7d4c30b elementor-widget elementor-widget-template\" data-id=\"7d4c30b\" data-element_type=\"widget\" data-e-type=\"widget\" data-widget_type=\"template.default\">\n\t\t\t\t<div class=\"elementor-widget-container\">\n\t\t\t\t\t\t\t<div class=\"elementor-template\">\n\t\t\t\t\t<div data-elementor-type=\"section\" data-elementor-id=\"9166\" class=\"elementor elementor-9166 elementor-6949 elementor-6949\" data-elementor-post-type=\"elementor_library\">\n\t\t\t<div class=\"elementor-element elementor-element-3de13da e-grid e-con-boxed e-con e-parent\" data-id=\"3de13da\" data-element_type=\"container\" data-e-type=\"container\" data-settings=\"{&quot;jet_parallax_layout_list&quot;:[]}\">\n\t\t\t\t\t<div class=\"e-con-inner\">\n\t\t<div class=\"elementor-element elementor-element-9e3810c e-con-full e-flex e-con e-child\" data-id=\"9e3810c\" data-element_type=\"container\" data-e-type=\"container\" data-settings=\"{&quot;background_background&quot;:&quot;classic&quot;,&quot;jet_parallax_layout_list&quot;:[]}\">\n\t\t\t\t<div class=\"elementor-element elementor-element-8057b84 elementor-widget elementor-widget-heading\" data-id=\"8057b84\" data-element_type=\"widget\" data-e-type=\"widget\" data-widget_type=\"heading.default\">\n\t\t\t\t<div class=\"elementor-widget-container\">\n\t\t\t\t\t<h2 class=\"elementor-heading-title elementor-size-default\">Sei gi\u00e0 cliente di GO! <\/h2>\t\t\t\t<\/div>\n\t\t\t\t<\/div>\n\t\t\t\t<div class=\"elementor-element elementor-element-b1fa535 elementor-widget elementor-widget-text-editor\" data-id=\"b1fa535\" data-element_type=\"widget\" data-e-type=\"widget\" data-widget_type=\"text-editor.default\">\n\t\t\t\t<div class=\"elementor-widget-container\">\n\t\t\t\t\t\t\t\t\t<p>Invia il pacco ora:<\/p>\t\t\t\t\t\t\t\t<\/div>\n\t\t\t\t<\/div>\n\t\t\t\t<div class=\"elementor-element elementor-element-b3a7710 elementor-align-left elementor-widget elementor-widget-button\" data-id=\"b3a7710\" data-element_type=\"widget\" data-e-type=\"widget\" data-widget_type=\"button.default\">\n\t\t\t\t<div class=\"elementor-widget-container\">\n\t\t\t\t\t\t\t\t\t<div class=\"elementor-button-wrapper\">\n\t\t\t\t\t<a class=\"elementor-button elementor-button-link elementor-size-sm\" href=\"https:\/\/manage.1st-scan.net\/login\">\n\t\t\t\t\t\t<span class=\"elementor-button-content-wrapper\">\n\t\t\t\t\t\t<span class=\"elementor-button-icon\">\n\t\t\t\t<i aria-hidden=\"true\" class=\"icon icon-arrow-right\"><\/i>\t\t\t<\/span>\n\t\t\t\t\t\t\t\t\t<span class=\"elementor-button-text\">All'accesso<\/span>\n\t\t\t\t\t<\/span>\n\t\t\t\t\t<\/a>\n\t\t\t\t<\/div>\n\t\t\t\t\t\t\t\t<\/div>\n\t\t\t\t<\/div>\n\t\t\t\t<\/div>\n\t\t<div class=\"elementor-element elementor-element-858d6d0 e-con-full e-flex e-con e-child\" data-id=\"858d6d0\" data-element_type=\"container\" data-e-type=\"container\" data-settings=\"{&quot;background_background&quot;:&quot;classic&quot;,&quot;jet_parallax_layout_list&quot;:[]}\">\n\t\t\t\t<div class=\"elementor-element elementor-element-dbb029d elementor-widget elementor-widget-heading\" data-id=\"dbb029d\" data-element_type=\"widget\" data-e-type=\"widget\" data-widget_type=\"heading.default\">\n\t\t\t\t<div class=\"elementor-widget-container\">\n\t\t\t\t\t<h2 class=\"elementor-heading-title elementor-size-default\">Hai bisogno di aiuto?<\/h2>\t\t\t\t<\/div>\n\t\t\t\t<\/div>\n\t\t\t\t<div class=\"elementor-element elementor-element-fd4db14 elementor-widget elementor-widget-text-editor\" data-id=\"fd4db14\" data-element_type=\"widget\" data-e-type=\"widget\" data-widget_type=\"text-editor.default\">\n\t\t\t\t<div class=\"elementor-widget-container\">\n\t\t\t\t\t\t\t\t\t<p>Per una consulenza personale contattaci:<\/p>\t\t\t\t\t\t\t\t<\/div>\n\t\t\t\t<\/div>\n\t\t\t\t<div class=\"elementor-element elementor-element-7bb9beb elementor-align-left elementor-widget elementor-widget-button\" data-id=\"7bb9beb\" data-element_type=\"widget\" data-e-type=\"widget\" data-widget_type=\"button.default\">\n\t\t\t\t<div class=\"elementor-widget-container\">\n\t\t\t\t\t\t\t\t\t<div class=\"elementor-button-wrapper\">\n\t\t\t\t\t<a class=\"elementor-button elementor-button-link elementor-size-sm\" href=\"tel:+41800859999\">\n\t\t\t\t\t\t<span class=\"elementor-button-content-wrapper\">\n\t\t\t\t\t\t<span class=\"elementor-button-icon\">\n\t\t\t\t<i aria-hidden=\"true\" class=\"icon icon-phone1\"><\/i>\t\t\t<\/span>\n\t\t\t\t\t\t\t\t\t<span class=\"elementor-button-text\">0800 \/ 85 99 99<\/span>\n\t\t\t\t\t<\/span>\n\t\t\t\t\t<\/a>\n\t\t\t\t<\/div>\n\t\t\t\t\t\t\t\t<\/div>\n\t\t\t\t<\/div>\n\t\t\t\t<\/div>\n\t\t\t\t\t<\/div>\n\t\t\t\t<\/div>\n\t\t\t\t<\/div>\n\t\t\t\t<\/div>\n\t\t\t\t\t\t<\/div>\n\t\t\t\t<\/div>\n\t\t\t\t<\/div>\n\t\t\t\t<\/div>\n\t\t","protected":false},"excerpt":{"rendered":"<p>La raccolta pi\u00f9 veloce a livello nazionale ? VAI! Ritiro Il ritiro classico funziona secondo il principio: registrato oggi, ritirato domani, trasbordato dopodomani e consegnato a te dopodomani. &#8220;Tutto_eccezionale&#8221; da GO!, l&#8217;unico sistema di &#8220;sameday pick-up&#8221; in Svizzera! La nostra gamma di servizi nazionali nell&#8217;area di raccolta e ritiro di Con molte soluzioni di trasporto [&hellip;]<\/p>\n","protected":false},"author":8,"featured_media":0,"parent":0,"menu_order":0,"comment_status":"closed","ping_status":"closed","template":"","meta":{"_monsterinsights_skip_tracking":false,"_monsterinsights_sitenote_active":false,"_monsterinsights_sitenote_note":"","_monsterinsights_sitenote_category":0,"footnotes":""},"class_list":["post-8990","page","type-page","status-publish","hentry"],"yoast_head":"<!-- This site is optimized with the Yoast SEO plugin v27.2 - https:\/\/yoast.com\/product\/yoast-seo-wordpress\/ -->\n<title>VAI! Raccogliere - GO! Express &amp; Logistics<\/title>\n<meta name=\"robots\" content=\"index, follow, max-snippet:-1, max-image-preview:large, max-video-preview:-1\" \/>\n<link rel=\"canonical\" href=\"https:\/\/generalovernight.ch\/it\/vai-raccogliere\/\" \/>\n<meta property=\"og:locale\" content=\"it_IT\" \/>\n<meta property=\"og:type\" content=\"article\" \/>\n<meta property=\"og:title\" content=\"VAI! Raccogliere - GO! Express &amp; Logistics\" \/>\n<meta property=\"og:description\" content=\"La raccolta pi\u00f9 veloce a livello nazionale ? VAI! Ritiro Il ritiro classico funziona secondo il principio: registrato oggi, ritirato domani, trasbordato dopodomani e consegnato a te dopodomani. &#8220;Tutto_eccezionale&#8221; da GO!, l&#8217;unico sistema di &#8220;sameday pick-up&#8221; in Svizzera! La nostra gamma di servizi nazionali nell&#8217;area di raccolta e ritiro di Con molte soluzioni di trasporto [&hellip;]\" \/>\n<meta property=\"og:url\" content=\"https:\/\/generalovernight.ch\/it\/vai-raccogliere\/\" \/>\n<meta property=\"og:site_name\" content=\"GO! Express &amp; Logistics\" \/>\n<meta property=\"article:modified_time\" content=\"2025-03-17T12:15:28+00:00\" \/>\n<meta property=\"og:image\" content=\"https:\/\/p682793.webspaceconfig.de\/wp-content\/uploads\/2023\/01\/2020_GO-Stadt_Sprinter-mit-Kuriere-4-480x320-1.jpeg\" \/>\n<meta name=\"twitter:card\" content=\"summary_large_image\" \/>\n<meta name=\"twitter:label1\" content=\"Tempo di lettura stimato\" \/>\n\t<meta name=\"twitter:data1\" content=\"1 minuto\" \/>\n<script type=\"application\/ld+json\" class=\"yoast-schema-graph\">{\"@context\":\"https:\/\/schema.org\",\"@graph\":[{\"@type\":\"WebPage\",\"@id\":\"https:\/\/generalovernight.ch\/it\/vai-raccogliere\/\",\"url\":\"https:\/\/generalovernight.ch\/it\/vai-raccogliere\/\",\"name\":\"VAI! Raccogliere - GO! Express &amp; Logistics\",\"isPartOf\":{\"@id\":\"https:\/\/generalovernight.ch\/it\/#website\"},\"primaryImageOfPage\":{\"@id\":\"https:\/\/generalovernight.ch\/it\/vai-raccogliere\/#primaryimage\"},\"image\":{\"@id\":\"https:\/\/generalovernight.ch\/it\/vai-raccogliere\/#primaryimage\"},\"thumbnailUrl\":\"https:\/\/p682793.webspaceconfig.de\/wp-content\/uploads\/2023\/01\/2020_GO-Stadt_Sprinter-mit-Kuriere-4-480x320-1.jpeg\",\"datePublished\":\"2024-12-16T13:59:17+00:00\",\"dateModified\":\"2025-03-17T12:15:28+00:00\",\"breadcrumb\":{\"@id\":\"https:\/\/generalovernight.ch\/it\/vai-raccogliere\/#breadcrumb\"},\"inLanguage\":\"it-IT\",\"potentialAction\":[{\"@type\":\"ReadAction\",\"target\":[\"https:\/\/generalovernight.ch\/it\/vai-raccogliere\/\"]}]},{\"@type\":\"ImageObject\",\"inLanguage\":\"it-IT\",\"@id\":\"https:\/\/generalovernight.ch\/it\/vai-raccogliere\/#primaryimage\",\"url\":\"https:\/\/p682793.webspaceconfig.de\/wp-content\/uploads\/2023\/01\/2020_GO-Stadt_Sprinter-mit-Kuriere-4-480x320-1.jpeg\",\"contentUrl\":\"https:\/\/p682793.webspaceconfig.de\/wp-content\/uploads\/2023\/01\/2020_GO-Stadt_Sprinter-mit-Kuriere-4-480x320-1.jpeg\"},{\"@type\":\"BreadcrumbList\",\"@id\":\"https:\/\/generalovernight.ch\/it\/vai-raccogliere\/#breadcrumb\",\"itemListElement\":[{\"@type\":\"ListItem\",\"position\":1,\"name\":\"Startseite\",\"item\":\"https:\/\/generalovernight.ch\/it\/\"},{\"@type\":\"ListItem\",\"position\":2,\"name\":\"VAI! Raccogliere\"}]},{\"@type\":\"WebSite\",\"@id\":\"https:\/\/generalovernight.ch\/it\/#website\",\"url\":\"https:\/\/generalovernight.ch\/it\/\",\"name\":\"GO! Express &amp; Logistics\",\"description\":\"\",\"potentialAction\":[{\"@type\":\"SearchAction\",\"target\":{\"@type\":\"EntryPoint\",\"urlTemplate\":\"https:\/\/generalovernight.ch\/it\/?s={search_term_string}\"},\"query-input\":{\"@type\":\"PropertyValueSpecification\",\"valueRequired\":true,\"valueName\":\"search_term_string\"}}],\"inLanguage\":\"it-IT\"}]}<\/script>\n<!-- \/ Yoast SEO plugin. -->","yoast_head_json":{"title":"VAI! Raccogliere - GO! Express &amp; Logistics","robots":{"index":"index","follow":"follow","max-snippet":"max-snippet:-1","max-image-preview":"max-image-preview:large","max-video-preview":"max-video-preview:-1"},"canonical":"https:\/\/generalovernight.ch\/it\/vai-raccogliere\/","og_locale":"it_IT","og_type":"article","og_title":"VAI! Raccogliere - GO! Express &amp; Logistics","og_description":"La raccolta pi\u00f9 veloce a livello nazionale ? VAI! Ritiro Il ritiro classico funziona secondo il principio: registrato oggi, ritirato domani, trasbordato dopodomani e consegnato a te dopodomani. &#8220;Tutto_eccezionale&#8221; da GO!, l&#8217;unico sistema di &#8220;sameday pick-up&#8221; in Svizzera! La nostra gamma di servizi nazionali nell&#8217;area di raccolta e ritiro di Con molte soluzioni di trasporto [&hellip;]","og_url":"https:\/\/generalovernight.ch\/it\/vai-raccogliere\/","og_site_name":"GO! Express &amp; Logistics","article_modified_time":"2025-03-17T12:15:28+00:00","og_image":[{"url":"https:\/\/p682793.webspaceconfig.de\/wp-content\/uploads\/2023\/01\/2020_GO-Stadt_Sprinter-mit-Kuriere-4-480x320-1.jpeg","type":"","width":"","height":""}],"twitter_card":"summary_large_image","twitter_misc":{"Tempo di lettura stimato":"1 minuto"},"schema":{"@context":"https:\/\/schema.org","@graph":[{"@type":"WebPage","@id":"https:\/\/generalovernight.ch\/it\/vai-raccogliere\/","url":"https:\/\/generalovernight.ch\/it\/vai-raccogliere\/","name":"VAI! Raccogliere - GO! Express &amp; Logistics","isPartOf":{"@id":"https:\/\/generalovernight.ch\/it\/#website"},"primaryImageOfPage":{"@id":"https:\/\/generalovernight.ch\/it\/vai-raccogliere\/#primaryimage"},"image":{"@id":"https:\/\/generalovernight.ch\/it\/vai-raccogliere\/#primaryimage"},"thumbnailUrl":"https:\/\/p682793.webspaceconfig.de\/wp-content\/uploads\/2023\/01\/2020_GO-Stadt_Sprinter-mit-Kuriere-4-480x320-1.jpeg","datePublished":"2024-12-16T13:59:17+00:00","dateModified":"2025-03-17T12:15:28+00:00","breadcrumb":{"@id":"https:\/\/generalovernight.ch\/it\/vai-raccogliere\/#breadcrumb"},"inLanguage":"it-IT","potentialAction":[{"@type":"ReadAction","target":["https:\/\/generalovernight.ch\/it\/vai-raccogliere\/"]}]},{"@type":"ImageObject","inLanguage":"it-IT","@id":"https:\/\/generalovernight.ch\/it\/vai-raccogliere\/#primaryimage","url":"https:\/\/p682793.webspaceconfig.de\/wp-content\/uploads\/2023\/01\/2020_GO-Stadt_Sprinter-mit-Kuriere-4-480x320-1.jpeg","contentUrl":"https:\/\/p682793.webspaceconfig.de\/wp-content\/uploads\/2023\/01\/2020_GO-Stadt_Sprinter-mit-Kuriere-4-480x320-1.jpeg"},{"@type":"BreadcrumbList","@id":"https:\/\/generalovernight.ch\/it\/vai-raccogliere\/#breadcrumb","itemListElement":[{"@type":"ListItem","position":1,"name":"Startseite","item":"https:\/\/generalovernight.ch\/it\/"},{"@type":"ListItem","position":2,"name":"VAI! Raccogliere"}]},{"@type":"WebSite","@id":"https:\/\/generalovernight.ch\/it\/#website","url":"https:\/\/generalovernight.ch\/it\/","name":"GO! Express &amp; Logistics","description":"","potentialAction":[{"@type":"SearchAction","target":{"@type":"EntryPoint","urlTemplate":"https:\/\/generalovernight.ch\/it\/?s={search_term_string}"},"query-input":{"@type":"PropertyValueSpecification","valueRequired":true,"valueName":"search_term_string"}}],"inLanguage":"it-IT"}]}},"_links":{"self":[{"href":"https:\/\/generalovernight.ch\/it\/wp-json\/wp\/v2\/pages\/8990","targetHints":{"allow":["GET"]}}],"collection":[{"href":"https:\/\/generalovernight.ch\/it\/wp-json\/wp\/v2\/pages"}],"about":[{"href":"https:\/\/generalovernight.ch\/it\/wp-json\/wp\/v2\/types\/page"}],"author":[{"embeddable":true,"href":"https:\/\/generalovernight.ch\/it\/wp-json\/wp\/v2\/users\/8"}],"replies":[{"embeddable":true,"href":"https:\/\/generalovernight.ch\/it\/wp-json\/wp\/v2\/comments?post=8990"}],"version-history":[{"count":3,"href":"https:\/\/generalovernight.ch\/it\/wp-json\/wp\/v2\/pages\/8990\/revisions"}],"predecessor-version":[{"id":9002,"href":"https:\/\/generalovernight.ch\/it\/wp-json\/wp\/v2\/pages\/8990\/revisions\/9002"}],"wp:attachment":[{"href":"https:\/\/generalovernight.ch\/it\/wp-json\/wp\/v2\/media?parent=8990"}],"curies":[{"name":"wp","href":"https:\/\/api.w.org\/{rel}","templated":true}]}}