{"id":9031,"date":"2024-12-16T14:02:36","date_gmt":"2024-12-16T14:02:36","guid":{"rendered":"https:\/\/p682793.webspaceconfig.de\/go-ritorna\/"},"modified":"2025-03-17T12:15:33","modified_gmt":"2025-03-17T12:15:33","slug":"go-ritorna","status":"publish","type":"page","link":"https:\/\/generalovernight.ch\/it\/go-ritorna\/","title":{"rendered":"GO! Ritorna"},"content":{"rendered":"\t\t<div data-elementor-type=\"wp-page\" data-elementor-id=\"9031\" class=\"elementor elementor-9031 elementor-6480\" data-elementor-post-type=\"page\">\n\t\t\t\t<div class=\"elementor-element elementor-element-92f4740 e-flex e-con-boxed e-con e-parent\" data-id=\"92f4740\" data-element_type=\"container\" data-e-type=\"container\" data-settings=\"{&quot;jet_parallax_layout_list&quot;:[]}\">\n\t\t\t\t\t<div class=\"e-con-inner\">\n\t\t\t\t<div class=\"elementor-element elementor-element-51fa2b5 elementor-widget elementor-widget-heading\" data-id=\"51fa2b5\" data-element_type=\"widget\" data-e-type=\"widget\" data-widget_type=\"heading.default\">\n\t\t\t\t<div class=\"elementor-widget-container\">\n\t\t\t\t\t<h1 class=\"elementor-heading-title elementor-size-default\">La migliore qualit\u00e0 di restituzione?<br>VAI! Ritorna <\/h1>\t\t\t\t<\/div>\n\t\t\t\t<\/div>\n\t\t\t\t<div class=\"elementor-element elementor-element-3c36fbf elementor-widget elementor-widget-spacer\" data-id=\"3c36fbf\" data-element_type=\"widget\" data-e-type=\"widget\" data-widget_type=\"spacer.default\">\n\t\t\t\t<div class=\"elementor-widget-container\">\n\t\t\t\t\t\t\t<div class=\"elementor-spacer\">\n\t\t\t<div class=\"elementor-spacer-inner\"><\/div>\n\t\t<\/div>\n\t\t\t\t\t\t<\/div>\n\t\t\t\t<\/div>\n\t\t\t\t<div class=\"elementor-element elementor-element-e6cd1f1 elementor-widget elementor-widget-text-editor\" data-id=\"e6cd1f1\" data-element_type=\"widget\" data-e-type=\"widget\" data-widget_type=\"text-editor.default\">\n\t\t\t\t<div class=\"elementor-widget-container\">\n\t\t\t\t\t\t\t\t\t<p>I resi che sfuggono al controllo perch\u00e9 non possono essere monitorati appartengono al passato. Con il nostro servizio &#8220;Resi&#8221;, rendiamo trasparente ci\u00f2 che un cliente restituisce, quando, dove e in quale periodo di tempo. <\/p>\t\t\t\t\t\t\t\t<\/div>\n\t\t\t\t<\/div>\n\t\t\t\t\t<\/div>\n\t\t\t\t<\/div>\n\t\t<div class=\"elementor-element elementor-element-d968b8e e-grid e-con-boxed e-con e-parent\" data-id=\"d968b8e\" data-element_type=\"container\" data-e-type=\"container\" data-settings=\"{&quot;jet_parallax_layout_list&quot;:[]}\">\n\t\t\t\t\t<div class=\"e-con-inner\">\n\t\t\t\t<div class=\"elementor-element elementor-element-3f2f6f5 elementor-widget elementor-widget-image\" data-id=\"3f2f6f5\" data-element_type=\"widget\" data-e-type=\"widget\" data-widget_type=\"image.default\">\n\t\t\t\t<div class=\"elementor-widget-container\">\n\t\t\t\t\t\t\t\t\t\t\t\t\t\t\t<img fetchpriority=\"high\" decoding=\"async\" width=\"800\" height=\"534\" src=\"https:\/\/generalovernight.ch\/wp-content\/uploads\/2024\/12\/2020_GO-Stadt_Sprinter_Innenstadt_Bruecke_-1-CH_haas-scaled-1-1024x683.jpg\" class=\"attachment-large size-large wp-image-8828\" alt=\"\" srcset=\"https:\/\/generalovernight.ch\/wp-content\/uploads\/2024\/12\/2020_GO-Stadt_Sprinter_Innenstadt_Bruecke_-1-CH_haas-scaled-1-1024x683.jpg 1024w, https:\/\/generalovernight.ch\/wp-content\/uploads\/2024\/12\/2020_GO-Stadt_Sprinter_Innenstadt_Bruecke_-1-CH_haas-scaled-1-300x200.jpg 300w, https:\/\/generalovernight.ch\/wp-content\/uploads\/2024\/12\/2020_GO-Stadt_Sprinter_Innenstadt_Bruecke_-1-CH_haas-scaled-1-768x512.jpg 768w, https:\/\/generalovernight.ch\/wp-content\/uploads\/2024\/12\/2020_GO-Stadt_Sprinter_Innenstadt_Bruecke_-1-CH_haas-scaled-1-1536x1025.jpg 1536w, https:\/\/generalovernight.ch\/wp-content\/uploads\/2024\/12\/2020_GO-Stadt_Sprinter_Innenstadt_Bruecke_-1-CH_haas-scaled-1-2048x1366.jpg 2048w\" sizes=\"(max-width: 800px) 100vw, 800px\" \/>\t\t\t\t\t\t\t\t\t\t\t\t\t\t\t<\/div>\n\t\t\t\t<\/div>\n\t\t<div class=\"elementor-element elementor-element-793d813 e-con-full e-flex e-con e-child\" data-id=\"793d813\" data-element_type=\"container\" data-e-type=\"container\" data-settings=\"{&quot;jet_parallax_layout_list&quot;:[],&quot;background_background&quot;:&quot;classic&quot;}\">\n\t\t<div class=\"elementor-element elementor-element-9f9d67b e-con-full e-flex e-con e-child\" data-id=\"9f9d67b\" data-element_type=\"container\" data-e-type=\"container\" data-settings=\"{&quot;background_background&quot;:&quot;classic&quot;,&quot;jet_parallax_layout_list&quot;:[]}\">\n\t\t\t\t<div class=\"elementor-element elementor-element-9b2748f elementor-widget elementor-widget-heading\" data-id=\"9b2748f\" data-element_type=\"widget\" data-e-type=\"widget\" data-widget_type=\"heading.default\">\n\t\t\t\t<div class=\"elementor-widget-container\">\n\t\t\t\t\t<h2 class=\"elementor-heading-title elementor-size-default\">La nostra gamma di servizi nell'ambito dei rendimenti di\n<\/h2>\t\t\t\t<\/div>\n\t\t\t\t<\/div>\n\t\t\t\t<div class=\"elementor-element elementor-element-886bbf1 elementor-widget elementor-widget-text-editor\" data-id=\"886bbf1\" data-element_type=\"widget\" data-e-type=\"widget\" data-widget_type=\"text-editor.default\">\n\t\t\t\t<div class=\"elementor-widget-container\">\n\t\t\t\t\t\t\t\t\t<p>Consegna di una spedizione sbagliata? Un caso di garanzia che deve essere ritirato? Merce ordinata in eccesso che deve essere restituita? Merce che \u00e8 stata consegnata per un&#8217;ispezione o una campionatura e che ora deve essere restituita? GO! ti offre naturalmente un pacchetto completo &#8220;senza pensieri&#8221;. Dalla registrazione dei resi via Internet alla gestione degli imballaggi, tutto \u00e8 coperto. In questo modo i resi non rintracciabili e incontrollabili appartengono al passato. Il cliente registra un reso e stampa una bolla di consegna con un codice QR. Allo stesso tempo, i dati possono essere recuperati tramite API, e-mail, file di dati, ecc. Scansioniamo la spedizione presso varie interfacce durante il tragitto verso casa. In questo modo, il cliente sa cosa \u00e8 stato inviato quando, da chi e come. In questo modo \u00e8 possibile, tra l&#8217;altro, prenotare in anticipo le scorte per verificarne la disponibilit\u00e0.            <\/p>\t\t\t\t\t\t\t\t<\/div>\n\t\t\t\t<\/div>\n\t\t<div class=\"elementor-element elementor-element-9d08df1 e-con-full e-flex e-con e-child\" data-id=\"9d08df1\" data-element_type=\"container\" data-e-type=\"container\" data-settings=\"{&quot;jet_parallax_layout_list&quot;:[]}\">\n\t\t\t\t<div class=\"elementor-element elementor-element-7ed026d elementor-mobile-align-justify elementor-widget elementor-widget-button\" data-id=\"7ed026d\" data-element_type=\"widget\" data-e-type=\"widget\" data-widget_type=\"button.default\">\n\t\t\t\t<div class=\"elementor-widget-container\">\n\t\t\t\t\t\t\t\t\t<div class=\"elementor-button-wrapper\">\n\t\t\t\t\t<a class=\"elementor-button elementor-button-link elementor-size-sm\" href=\"tel:+41800599999\">\n\t\t\t\t\t\t<span class=\"elementor-button-content-wrapper\">\n\t\t\t\t\t\t<span class=\"elementor-button-icon\">\n\t\t\t\t<i aria-hidden=\"true\" class=\"icon icon-phone1\"><\/i>\t\t\t<\/span>\n\t\t\t\t\t\t\t\t\t<span class=\"elementor-button-text\">Chiamaci<\/span>\n\t\t\t\t\t<\/span>\n\t\t\t\t\t<\/a>\n\t\t\t\t<\/div>\n\t\t\t\t\t\t\t\t<\/div>\n\t\t\t\t<\/div>\n\t\t\t\t<div class=\"elementor-element elementor-element-0e05afd elementor-mobile-align-justify elementor-widget elementor-widget-button\" data-id=\"0e05afd\" data-element_type=\"widget\" data-e-type=\"widget\" data-widget_type=\"button.default\">\n\t\t\t\t<div class=\"elementor-widget-container\">\n\t\t\t\t\t\t\t\t\t<div class=\"elementor-button-wrapper\">\n\t\t\t\t\t<a class=\"elementor-button elementor-button-link elementor-size-sm\" href=\"https:\/\/p682793.webspaceconfig.de\/it\/?page_id=8783\">\n\t\t\t\t\t\t<span class=\"elementor-button-content-wrapper\">\n\t\t\t\t\t\t<span class=\"elementor-button-icon\">\n\t\t\t\t<i aria-hidden=\"true\" class=\"far fa-envelope\"><\/i>\t\t\t<\/span>\n\t\t\t\t\t\t\t\t\t<span class=\"elementor-button-text\">Richiesta di spedizione<\/span>\n\t\t\t\t\t<\/span>\n\t\t\t\t\t<\/a>\n\t\t\t\t<\/div>\n\t\t\t\t\t\t\t\t<\/div>\n\t\t\t\t<\/div>\n\t\t\t\t<\/div>\n\t\t\t\t<\/div>\n\t\t\t\t<\/div>\n\t\t\t\t\t<\/div>\n\t\t\t\t<\/div>\n\t\t<div class=\"elementor-element elementor-element-54ba567 e-grid e-con-boxed e-con e-parent\" data-id=\"54ba567\" data-element_type=\"container\" data-e-type=\"container\" data-settings=\"{&quot;jet_parallax_layout_list&quot;:[]}\">\n\t\t\t\t\t<div class=\"e-con-inner\">\n\t\t<div class=\"elementor-element elementor-element-414ee76 e-con-full e-flex e-con e-child\" data-id=\"414ee76\" data-element_type=\"container\" data-e-type=\"container\" data-settings=\"{&quot;jet_parallax_layout_list&quot;:[],&quot;background_background&quot;:&quot;classic&quot;}\">\n\t\t<div class=\"elementor-element elementor-element-964fdb0 e-con-full e-flex e-con e-child\" data-id=\"964fdb0\" data-element_type=\"container\" data-e-type=\"container\" data-settings=\"{&quot;background_background&quot;:&quot;classic&quot;,&quot;jet_parallax_layout_list&quot;:[]}\">\n\t\t\t\t<div class=\"elementor-element elementor-element-5365f50 elementor-widget elementor-widget-heading\" data-id=\"5365f50\" data-element_type=\"widget\" data-e-type=\"widget\" data-widget_type=\"heading.default\">\n\t\t\t\t<div class=\"elementor-widget-container\">\n\t\t\t\t\t<h2 class=\"elementor-heading-title elementor-size-default\">Vantaggi<\/h2>\t\t\t\t<\/div>\n\t\t\t\t<\/div>\n\t\t\t\t<div class=\"elementor-element elementor-element-0392538 elementor-widget elementor-widget-text-editor\" data-id=\"0392538\" data-element_type=\"widget\" data-e-type=\"widget\" data-widget_type=\"text-editor.default\">\n\t\t\t\t<div class=\"elementor-widget-container\">\n\t\t\t\t\t\t\t\t\t<ul><li>Tracciabilit\u00e0 dei resi e dei ritiri basati sui dati<\/li><li>Elaborazione e consolidamento centralizzato dei resi<\/li><li>I resi spediti all&#8217;estero vengono smistati, controllati, sdoganati e spediti in base all&#8217;ordine.<\/li><li>I tempi di transito controllati tornano da giornalieri a mensili<\/li><li>Perdite e differenze ridotte al minimo grazie alla trasparenza<\/li><\/ul>\t\t\t\t\t\t\t\t<\/div>\n\t\t\t\t<\/div>\n\t\t\t\t<\/div>\n\t\t\t\t<\/div>\n\t\t\t\t<div class=\"elementor-element elementor-element-215c06e elementor-widget elementor-widget-image\" data-id=\"215c06e\" data-element_type=\"widget\" data-e-type=\"widget\" data-widget_type=\"image.default\">\n\t\t\t\t<div class=\"elementor-widget-container\">\n\t\t\t\t\t\t\t\t\t\t\t\t\t\t\t<img decoding=\"async\" width=\"800\" height=\"322\" src=\"https:\/\/generalovernight.ch\/wp-content\/uploads\/2024\/12\/Startseite_unternehmen_2020_GO-Stadt_Sprinter_Innenstadt_Bruecke_-3-1024x412.jpg\" class=\"attachment-large size-large wp-image-8829\" alt=\"\" srcset=\"https:\/\/generalovernight.ch\/wp-content\/uploads\/2024\/12\/Startseite_unternehmen_2020_GO-Stadt_Sprinter_Innenstadt_Bruecke_-3-1024x412.jpg 1024w, https:\/\/generalovernight.ch\/wp-content\/uploads\/2024\/12\/Startseite_unternehmen_2020_GO-Stadt_Sprinter_Innenstadt_Bruecke_-3-300x121.jpg 300w, https:\/\/generalovernight.ch\/wp-content\/uploads\/2024\/12\/Startseite_unternehmen_2020_GO-Stadt_Sprinter_Innenstadt_Bruecke_-3-768x309.jpg 768w, https:\/\/generalovernight.ch\/wp-content\/uploads\/2024\/12\/Startseite_unternehmen_2020_GO-Stadt_Sprinter_Innenstadt_Bruecke_-3.jpg 1243w\" sizes=\"(max-width: 800px) 100vw, 800px\" \/>\t\t\t\t\t\t\t\t\t\t\t\t\t\t\t<\/div>\n\t\t\t\t<\/div>\n\t\t\t\t\t<\/div>\n\t\t\t\t<\/div>\n\t\t\t\t<\/div>\n\t\t","protected":false},"excerpt":{"rendered":"<p>La migliore qualit\u00e0 di restituzione?VAI! Ritorna I resi che sfuggono al controllo perch\u00e9 non possono essere monitorati appartengono al passato. Con il nostro servizio &#8220;Resi&#8221;, rendiamo trasparente ci\u00f2 che un cliente restituisce, quando, dove e in quale periodo di tempo. La nostra gamma di servizi nell&#8217;ambito dei rendimenti di Consegna di una spedizione sbagliata? Un [&hellip;]<\/p>\n","protected":false},"author":8,"featured_media":0,"parent":0,"menu_order":0,"comment_status":"closed","ping_status":"closed","template":"","meta":{"_monsterinsights_skip_tracking":false,"_monsterinsights_sitenote_active":false,"_monsterinsights_sitenote_note":"","_monsterinsights_sitenote_category":0,"footnotes":""},"class_list":["post-9031","page","type-page","status-publish","hentry"],"yoast_head":"<!-- This site is optimized with the Yoast SEO plugin v27.2 - https:\/\/yoast.com\/product\/yoast-seo-wordpress\/ -->\n<title>GO! Ritorna - GO! Express &amp; Logistics<\/title>\n<meta name=\"robots\" content=\"index, follow, max-snippet:-1, max-image-preview:large, max-video-preview:-1\" \/>\n<link rel=\"canonical\" href=\"https:\/\/generalovernight.ch\/it\/go-ritorna\/\" \/>\n<meta property=\"og:locale\" content=\"it_IT\" \/>\n<meta property=\"og:type\" content=\"article\" \/>\n<meta property=\"og:title\" content=\"GO! Ritorna - GO! Express &amp; Logistics\" \/>\n<meta property=\"og:description\" content=\"La migliore qualit\u00e0 di restituzione?VAI! Ritorna I resi che sfuggono al controllo perch\u00e9 non possono essere monitorati appartengono al passato. Con il nostro servizio &#8220;Resi&#8221;, rendiamo trasparente ci\u00f2 che un cliente restituisce, quando, dove e in quale periodo di tempo. La nostra gamma di servizi nell&#8217;ambito dei rendimenti di Consegna di una spedizione sbagliata? Un [&hellip;]\" \/>\n<meta property=\"og:url\" content=\"https:\/\/generalovernight.ch\/it\/go-ritorna\/\" \/>\n<meta property=\"og:site_name\" content=\"GO! Express &amp; Logistics\" \/>\n<meta property=\"article:modified_time\" content=\"2025-03-17T12:15:33+00:00\" \/>\n<meta property=\"og:image\" content=\"https:\/\/p682793.webspaceconfig.de\/wp-content\/uploads\/2024\/12\/2020_GO-Stadt_Sprinter_Innenstadt_Bruecke_-1-CH_haas-scaled-1-1024x683.jpg\" \/>\n<meta name=\"twitter:card\" content=\"summary_large_image\" \/>\n<meta name=\"twitter:label1\" content=\"Tempo di lettura stimato\" \/>\n\t<meta name=\"twitter:data1\" content=\"1 minuto\" \/>\n<script type=\"application\/ld+json\" class=\"yoast-schema-graph\">{\"@context\":\"https:\/\/schema.org\",\"@graph\":[{\"@type\":\"WebPage\",\"@id\":\"https:\/\/generalovernight.ch\/it\/go-ritorna\/\",\"url\":\"https:\/\/generalovernight.ch\/it\/go-ritorna\/\",\"name\":\"GO! Ritorna - GO! Express &amp; Logistics\",\"isPartOf\":{\"@id\":\"https:\/\/generalovernight.ch\/it\/#website\"},\"primaryImageOfPage\":{\"@id\":\"https:\/\/generalovernight.ch\/it\/go-ritorna\/#primaryimage\"},\"image\":{\"@id\":\"https:\/\/generalovernight.ch\/it\/go-ritorna\/#primaryimage\"},\"thumbnailUrl\":\"https:\/\/p682793.webspaceconfig.de\/wp-content\/uploads\/2024\/12\/2020_GO-Stadt_Sprinter_Innenstadt_Bruecke_-1-CH_haas-scaled-1-1024x683.jpg\",\"datePublished\":\"2024-12-16T14:02:36+00:00\",\"dateModified\":\"2025-03-17T12:15:33+00:00\",\"breadcrumb\":{\"@id\":\"https:\/\/generalovernight.ch\/it\/go-ritorna\/#breadcrumb\"},\"inLanguage\":\"it-IT\",\"potentialAction\":[{\"@type\":\"ReadAction\",\"target\":[\"https:\/\/generalovernight.ch\/it\/go-ritorna\/\"]}]},{\"@type\":\"ImageObject\",\"inLanguage\":\"it-IT\",\"@id\":\"https:\/\/generalovernight.ch\/it\/go-ritorna\/#primaryimage\",\"url\":\"https:\/\/p682793.webspaceconfig.de\/wp-content\/uploads\/2024\/12\/2020_GO-Stadt_Sprinter_Innenstadt_Bruecke_-1-CH_haas-scaled-1-1024x683.jpg\",\"contentUrl\":\"https:\/\/p682793.webspaceconfig.de\/wp-content\/uploads\/2024\/12\/2020_GO-Stadt_Sprinter_Innenstadt_Bruecke_-1-CH_haas-scaled-1-1024x683.jpg\"},{\"@type\":\"BreadcrumbList\",\"@id\":\"https:\/\/generalovernight.ch\/it\/go-ritorna\/#breadcrumb\",\"itemListElement\":[{\"@type\":\"ListItem\",\"position\":1,\"name\":\"Startseite\",\"item\":\"https:\/\/generalovernight.ch\/it\/\"},{\"@type\":\"ListItem\",\"position\":2,\"name\":\"GO! Ritorna\"}]},{\"@type\":\"WebSite\",\"@id\":\"https:\/\/generalovernight.ch\/it\/#website\",\"url\":\"https:\/\/generalovernight.ch\/it\/\",\"name\":\"GO! Express &amp; Logistics\",\"description\":\"\",\"potentialAction\":[{\"@type\":\"SearchAction\",\"target\":{\"@type\":\"EntryPoint\",\"urlTemplate\":\"https:\/\/generalovernight.ch\/it\/?s={search_term_string}\"},\"query-input\":{\"@type\":\"PropertyValueSpecification\",\"valueRequired\":true,\"valueName\":\"search_term_string\"}}],\"inLanguage\":\"it-IT\"}]}<\/script>\n<!-- \/ Yoast SEO plugin. -->","yoast_head_json":{"title":"GO! Ritorna - GO! Express &amp; Logistics","robots":{"index":"index","follow":"follow","max-snippet":"max-snippet:-1","max-image-preview":"max-image-preview:large","max-video-preview":"max-video-preview:-1"},"canonical":"https:\/\/generalovernight.ch\/it\/go-ritorna\/","og_locale":"it_IT","og_type":"article","og_title":"GO! Ritorna - GO! Express &amp; Logistics","og_description":"La migliore qualit\u00e0 di restituzione?VAI! Ritorna I resi che sfuggono al controllo perch\u00e9 non possono essere monitorati appartengono al passato. Con il nostro servizio &#8220;Resi&#8221;, rendiamo trasparente ci\u00f2 che un cliente restituisce, quando, dove e in quale periodo di tempo. La nostra gamma di servizi nell&#8217;ambito dei rendimenti di Consegna di una spedizione sbagliata? Un [&hellip;]","og_url":"https:\/\/generalovernight.ch\/it\/go-ritorna\/","og_site_name":"GO! Express &amp; Logistics","article_modified_time":"2025-03-17T12:15:33+00:00","og_image":[{"url":"https:\/\/p682793.webspaceconfig.de\/wp-content\/uploads\/2024\/12\/2020_GO-Stadt_Sprinter_Innenstadt_Bruecke_-1-CH_haas-scaled-1-1024x683.jpg","type":"","width":"","height":""}],"twitter_card":"summary_large_image","twitter_misc":{"Tempo di lettura stimato":"1 minuto"},"schema":{"@context":"https:\/\/schema.org","@graph":[{"@type":"WebPage","@id":"https:\/\/generalovernight.ch\/it\/go-ritorna\/","url":"https:\/\/generalovernight.ch\/it\/go-ritorna\/","name":"GO! Ritorna - GO! Express &amp; Logistics","isPartOf":{"@id":"https:\/\/generalovernight.ch\/it\/#website"},"primaryImageOfPage":{"@id":"https:\/\/generalovernight.ch\/it\/go-ritorna\/#primaryimage"},"image":{"@id":"https:\/\/generalovernight.ch\/it\/go-ritorna\/#primaryimage"},"thumbnailUrl":"https:\/\/p682793.webspaceconfig.de\/wp-content\/uploads\/2024\/12\/2020_GO-Stadt_Sprinter_Innenstadt_Bruecke_-1-CH_haas-scaled-1-1024x683.jpg","datePublished":"2024-12-16T14:02:36+00:00","dateModified":"2025-03-17T12:15:33+00:00","breadcrumb":{"@id":"https:\/\/generalovernight.ch\/it\/go-ritorna\/#breadcrumb"},"inLanguage":"it-IT","potentialAction":[{"@type":"ReadAction","target":["https:\/\/generalovernight.ch\/it\/go-ritorna\/"]}]},{"@type":"ImageObject","inLanguage":"it-IT","@id":"https:\/\/generalovernight.ch\/it\/go-ritorna\/#primaryimage","url":"https:\/\/p682793.webspaceconfig.de\/wp-content\/uploads\/2024\/12\/2020_GO-Stadt_Sprinter_Innenstadt_Bruecke_-1-CH_haas-scaled-1-1024x683.jpg","contentUrl":"https:\/\/p682793.webspaceconfig.de\/wp-content\/uploads\/2024\/12\/2020_GO-Stadt_Sprinter_Innenstadt_Bruecke_-1-CH_haas-scaled-1-1024x683.jpg"},{"@type":"BreadcrumbList","@id":"https:\/\/generalovernight.ch\/it\/go-ritorna\/#breadcrumb","itemListElement":[{"@type":"ListItem","position":1,"name":"Startseite","item":"https:\/\/generalovernight.ch\/it\/"},{"@type":"ListItem","position":2,"name":"GO! Ritorna"}]},{"@type":"WebSite","@id":"https:\/\/generalovernight.ch\/it\/#website","url":"https:\/\/generalovernight.ch\/it\/","name":"GO! Express &amp; Logistics","description":"","potentialAction":[{"@type":"SearchAction","target":{"@type":"EntryPoint","urlTemplate":"https:\/\/generalovernight.ch\/it\/?s={search_term_string}"},"query-input":{"@type":"PropertyValueSpecification","valueRequired":true,"valueName":"search_term_string"}}],"inLanguage":"it-IT"}]}},"_links":{"self":[{"href":"https:\/\/generalovernight.ch\/it\/wp-json\/wp\/v2\/pages\/9031","targetHints":{"allow":["GET"]}}],"collection":[{"href":"https:\/\/generalovernight.ch\/it\/wp-json\/wp\/v2\/pages"}],"about":[{"href":"https:\/\/generalovernight.ch\/it\/wp-json\/wp\/v2\/types\/page"}],"author":[{"embeddable":true,"href":"https:\/\/generalovernight.ch\/it\/wp-json\/wp\/v2\/users\/8"}],"replies":[{"embeddable":true,"href":"https:\/\/generalovernight.ch\/it\/wp-json\/wp\/v2\/comments?post=9031"}],"version-history":[{"count":2,"href":"https:\/\/generalovernight.ch\/it\/wp-json\/wp\/v2\/pages\/9031\/revisions"}],"predecessor-version":[{"id":9035,"href":"https:\/\/generalovernight.ch\/it\/wp-json\/wp\/v2\/pages\/9031\/revisions\/9035"}],"wp:attachment":[{"href":"https:\/\/generalovernight.ch\/it\/wp-json\/wp\/v2\/media?parent=9031"}],"curies":[{"name":"wp","href":"https:\/\/api.w.org\/{rel}","templated":true}]}}