{"id":9049,"date":"2024-12-16T15:58:14","date_gmt":"2024-12-16T15:58:14","guid":{"rendered":"https:\/\/p682793.webspaceconfig.de\/rete\/"},"modified":"2025-03-21T20:03:42","modified_gmt":"2025-03-21T20:03:42","slug":"rete","status":"publish","type":"page","link":"https:\/\/generalovernight.ch\/it\/rete\/","title":{"rendered":"Rete"},"content":{"rendered":"\t\t<div data-elementor-type=\"wp-page\" data-elementor-id=\"9049\" class=\"elementor elementor-9049 elementor-6633\" data-elementor-post-type=\"page\">\n\t\t\t\t<div class=\"elementor-element elementor-element-b63c29a e-flex e-con-boxed e-con e-parent\" data-id=\"b63c29a\" data-element_type=\"container\" data-e-type=\"container\" data-settings=\"{&quot;jet_parallax_layout_list&quot;:[]}\">\n\t\t\t\t\t<div class=\"e-con-inner\">\n\t\t\t\t<div class=\"elementor-element elementor-element-5e65679 elementor-widget elementor-widget-heading\" data-id=\"5e65679\" data-element_type=\"widget\" data-e-type=\"widget\" data-widget_type=\"heading.default\">\n\t\t\t\t<div class=\"elementor-widget-container\">\n\t\t\t\t\t<h1 class=\"elementor-heading-title elementor-size-default\">Corriere e\nservizio espresso ai massimi livelli?<br>GO! Express &amp; Logistics <\/h1>\t\t\t\t<\/div>\n\t\t\t\t<\/div>\n\t\t\t\t<div class=\"elementor-element elementor-element-686e010 elementor-widget elementor-widget-spacer\" data-id=\"686e010\" data-element_type=\"widget\" data-e-type=\"widget\" data-widget_type=\"spacer.default\">\n\t\t\t\t<div class=\"elementor-widget-container\">\n\t\t\t\t\t\t\t<div class=\"elementor-spacer\">\n\t\t\t<div class=\"elementor-spacer-inner\"><\/div>\n\t\t<\/div>\n\t\t\t\t\t\t<\/div>\n\t\t\t\t<\/div>\n\t\t\t\t<div class=\"elementor-element elementor-element-a9faa33 elementor-widget elementor-widget-text-editor\" data-id=\"a9faa33\" data-element_type=\"widget\" data-e-type=\"widget\" data-widget_type=\"text-editor.default\">\n\t\t\t\t<div class=\"elementor-widget-container\">\n\t\t\t\t\t\t\t\t\t<p>Quando si tratta di spedizioni sensibili al fattore tempo, \u00e8 necessaria un&#8217;affidabilit\u00e0 al 100%. Con GO! Express &amp; Logistics non scendi a compromessi quando si tratta di logistica in giornata, spedizione espressa e consegna espressa e puoi beneficiare di una consegna just-in-time altamente affidabile a livello regionale, nazionale e internazionale. Che tu abbia bisogno di spedire un pacco di grandi dimensioni o di consegnare una piccola spedizione importante in modo sicuro a destinazione.   <\/p>\t\t\t\t\t\t\t\t<\/div>\n\t\t\t\t<\/div>\n\t\t\t\t<div class=\"elementor-element elementor-element-4a3ae09 elementor-widget elementor-widget-heading\" data-id=\"4a3ae09\" data-element_type=\"widget\" data-e-type=\"widget\" data-widget_type=\"heading.default\">\n\t\t\t\t<div class=\"elementor-widget-container\">\n\t\t\t\t\t<h2 class=\"elementor-heading-title elementor-size-default\">Cosa ci rende eccezionali.\n<\/h2>\t\t\t\t<\/div>\n\t\t\t\t<\/div>\n\t\t\t\t<div class=\"elementor-element elementor-element-1daa9ce elementor-widget elementor-widget-text-editor\" data-id=\"1daa9ce\" data-element_type=\"widget\" data-e-type=\"widget\" data-widget_type=\"text-editor.default\">\n\t\t\t\t<div class=\"elementor-widget-container\">\n\t\t\t\t\t\t\t\t\t<p>Siamo leader di qualit\u00e0 nel mercato del CEP e convinciamo non solo per l&#8217;alto tasso di rendimento, unito a un basso tasso di perdite e danni, ma anche per l&#8217;ampia gamma di servizi e la particolare vicinanza al cliente. Per permetterci di mantenere questa promessa di qualit\u00e0, le nostre attivit\u00e0 imprenditoriali sono guidate dal motto: Tutto straordinario. La nostra esperienza pluriennale \u00e8 un fattore importante, ma ci\u00f2 che ci rende davvero eccezionali rispetto alla concorrenza \u00e8 la somma dei nostri numerosi punti di vendita unici in tutti i settori dell&#8217;azienda. Ad esempio, abbiamo installato la prima rete SameDay a livello nazionale e a orari fissi in Svizzera. 16 sedi sono collegate tra loro come hub e piattaforme di cross-docking attraverso collegamenti programmati in modo tale che la Svizzera possa essere rifornita fino a quattro volte in tutto il paese.    <\/p>\t\t\t\t\t\t\t\t<\/div>\n\t\t\t\t<\/div>\n\t\t\t\t\t<\/div>\n\t\t\t\t<\/div>\n\t\t<div class=\"elementor-element elementor-element-0f8cd43 e-grid e-con-boxed e-con e-parent\" data-id=\"0f8cd43\" data-element_type=\"container\" data-e-type=\"container\" data-settings=\"{&quot;jet_parallax_layout_list&quot;:[]}\">\n\t\t\t\t\t<div class=\"e-con-inner\">\n\t\t<div class=\"elementor-element elementor-element-c4c44c1 e-con-full e-flex e-con e-child\" data-id=\"c4c44c1\" data-element_type=\"container\" data-e-type=\"container\" data-settings=\"{&quot;background_background&quot;:&quot;classic&quot;,&quot;jet_parallax_layout_list&quot;:[]}\">\n\t\t\t\t<div class=\"elementor-element elementor-element-b6bc12f elementor-widget elementor-widget-heading\" data-id=\"b6bc12f\" data-element_type=\"widget\" data-e-type=\"widget\" data-widget_type=\"heading.default\">\n\t\t\t\t<div class=\"elementor-widget-container\">\n\t\t\t\t\t<h2 class=\"elementor-heading-title elementor-size-default\">Flessibilit\u00e0<\/h2>\t\t\t\t<\/div>\n\t\t\t\t<\/div>\n\t\t\t\t<div class=\"elementor-element elementor-element-f706a70 elementor-widget elementor-widget-text-editor\" data-id=\"f706a70\" data-element_type=\"widget\" data-e-type=\"widget\" data-widget_type=\"text-editor.default\">\n\t\t\t\t<div class=\"elementor-widget-container\">\n\t\t\t\t\t\t\t\t\t<p>Siamo altamente flessibili. Essendo noi stessi un&#8217;azienda di medie dimensioni, affrontiamo compiti e sfide con un alto livello di comprensione operativa. In qualit\u00e0 di specialisti, offriamo soluzioni adeguate per le esigenze di trasporto pi\u00f9 elevate.  <\/p>\t\t\t\t\t\t\t\t<\/div>\n\t\t\t\t<\/div>\n\t\t\t\t<\/div>\n\t\t<div class=\"elementor-element elementor-element-d1816ce e-con-full e-flex e-con e-child\" data-id=\"d1816ce\" data-element_type=\"container\" data-e-type=\"container\" data-settings=\"{&quot;background_background&quot;:&quot;classic&quot;,&quot;jet_parallax_layout_list&quot;:[]}\">\n\t\t\t\t<div class=\"elementor-element elementor-element-1da8173 elementor-widget elementor-widget-heading\" data-id=\"1da8173\" data-element_type=\"widget\" data-e-type=\"widget\" data-widget_type=\"heading.default\">\n\t\t\t\t<div class=\"elementor-widget-container\">\n\t\t\t\t\t<h2 class=\"elementor-heading-title elementor-size-default\">Elaborazione orientata al servizio e fidelizzazione dei clienti<\/h2>\t\t\t\t<\/div>\n\t\t\t\t<\/div>\n\t\t\t\t<div class=\"elementor-element elementor-element-20afcdd elementor-widget elementor-widget-text-editor\" data-id=\"20afcdd\" data-element_type=\"widget\" data-e-type=\"widget\" data-widget_type=\"text-editor.default\">\n\t\t\t\t<div class=\"elementor-widget-container\">\n\t\t\t\t\t\t\t\t\t<p>Siamo altamente flessibili. Essendo noi stessi un&#8217;azienda di medie dimensioni, affrontiamo compiti e sfide con un alto livello di comprensione operativa. In qualit\u00e0 di specialisti, offriamo soluzioni adeguate per le esigenze di trasporto pi\u00f9 elevate.  <\/p>\t\t\t\t\t\t\t\t<\/div>\n\t\t\t\t<\/div>\n\t\t\t\t<\/div>\n\t\t\t\t\t<\/div>\n\t\t\t\t<\/div>\n\t\t<div class=\"elementor-element elementor-element-1d3ee4c e-grid e-con-boxed e-con e-parent\" data-id=\"1d3ee4c\" data-element_type=\"container\" data-e-type=\"container\" data-settings=\"{&quot;jet_parallax_layout_list&quot;:[]}\">\n\t\t\t\t\t<div class=\"e-con-inner\">\n\t\t<div class=\"elementor-element elementor-element-024f322 e-con-full e-flex e-con e-child\" data-id=\"024f322\" data-element_type=\"container\" data-e-type=\"container\" data-settings=\"{&quot;background_background&quot;:&quot;classic&quot;,&quot;jet_parallax_layout_list&quot;:[]}\">\n\t\t\t\t<div class=\"elementor-element elementor-element-46bcc6b elementor-widget elementor-widget-heading\" data-id=\"46bcc6b\" data-element_type=\"widget\" data-e-type=\"widget\" data-widget_type=\"heading.default\">\n\t\t\t\t<div class=\"elementor-widget-container\">\n\t\t\t\t\t<h2 class=\"elementor-heading-title elementor-size-default\">Azione orientata alla soluzione e basata sui bisogni<\/h2>\t\t\t\t<\/div>\n\t\t\t\t<\/div>\n\t\t\t\t<div class=\"elementor-element elementor-element-f7e8cf6 elementor-widget elementor-widget-text-editor\" data-id=\"f7e8cf6\" data-element_type=\"widget\" data-e-type=\"widget\" data-widget_type=\"text-editor.default\">\n\t\t\t\t<div class=\"elementor-widget-container\">\n\t\t\t\t\t\t\t\t\t<p>Offriamo il massimo grado di individualit\u00e0 e sviluppiamo soluzioni logistiche personalizzate insieme ai nostri clienti. A tal fine, ascoltiamo prima di agire per comprendere appieno i nostri clienti e le loro esigenze. <\/p>\t\t\t\t\t\t\t\t<\/div>\n\t\t\t\t<\/div>\n\t\t\t\t<\/div>\n\t\t<div class=\"elementor-element elementor-element-94f55e4 e-con-full e-flex e-con e-child\" data-id=\"94f55e4\" data-element_type=\"container\" data-e-type=\"container\" data-settings=\"{&quot;background_background&quot;:&quot;classic&quot;,&quot;jet_parallax_layout_list&quot;:[]}\">\n\t\t\t\t<div class=\"elementor-element elementor-element-5d8c3c7 elementor-widget elementor-widget-heading\" data-id=\"5d8c3c7\" data-element_type=\"widget\" data-e-type=\"widget\" data-widget_type=\"heading.default\">\n\t\t\t\t<div class=\"elementor-widget-container\">\n\t\t\t\t\t<h2 class=\"elementor-heading-title elementor-size-default\">Gestione speciale per spedizioni speciali<\/h2>\t\t\t\t<\/div>\n\t\t\t\t<\/div>\n\t\t\t\t<div class=\"elementor-element elementor-element-0904358 elementor-widget elementor-widget-text-editor\" data-id=\"0904358\" data-element_type=\"widget\" data-e-type=\"widget\" data-widget_type=\"text-editor.default\">\n\t\t\t\t<div class=\"elementor-widget-container\">\n\t\t\t\t\t\t\t\t\t<p>Interveniamo laddove gli altri si ritirano, ovvero quando le spedizioni richiedono un alto livello di attenzione, ad esempio a causa di contenuti di spedizione particolari o di condizioni di ritiro e consegna complesse.<\/p>\t\t\t\t\t\t\t\t<\/div>\n\t\t\t\t<\/div>\n\t\t\t\t<\/div>\n\t\t\t\t\t<\/div>\n\t\t\t\t<\/div>\n\t\t<div class=\"elementor-element elementor-element-049968b e-grid e-con-boxed e-con e-parent\" data-id=\"049968b\" data-element_type=\"container\" data-e-type=\"container\" data-settings=\"{&quot;jet_parallax_layout_list&quot;:[]}\">\n\t\t\t\t\t<div class=\"e-con-inner\">\n\t\t<div class=\"elementor-element elementor-element-7c36045 e-con-full e-flex e-con e-child\" data-id=\"7c36045\" data-element_type=\"container\" data-e-type=\"container\" data-settings=\"{&quot;background_background&quot;:&quot;classic&quot;,&quot;jet_parallax_layout_list&quot;:[]}\">\n\t\t\t\t<div class=\"elementor-element elementor-element-b2e80f9 elementor-widget elementor-widget-heading\" data-id=\"b2e80f9\" data-element_type=\"widget\" data-e-type=\"widget\" data-widget_type=\"heading.default\">\n\t\t\t\t<div class=\"elementor-widget-container\">\n\t\t\t\t\t<h2 class=\"elementor-heading-title elementor-size-default\">Dipendenti:interni e subappaltatori:interni<\/h2>\t\t\t\t<\/div>\n\t\t\t\t<\/div>\n\t\t\t\t<div class=\"elementor-element elementor-element-7368b17 elementor-widget elementor-widget-text-editor\" data-id=\"7368b17\" data-element_type=\"widget\" data-e-type=\"widget\" data-widget_type=\"text-editor.default\">\n\t\t\t\t<div class=\"elementor-widget-container\">\n\t\t\t\t\t\t\t\t\t<p>I nostri dipendenti sono caratterizzati da un alto livello di identificazione con la nostra azienda e i nostri valori. Grazie a una formazione completa e a opportunit\u00e0 di aggiornamento, i nostri dipendenti, i subappaltatori e i loro autisti sono aggiornati con le ultime conoscenze e sono al passo con le crescenti esigenze del settore. <\/p>\t\t\t\t\t\t\t\t<\/div>\n\t\t\t\t<\/div>\n\t\t\t\t<\/div>\n\t\t<div class=\"elementor-element elementor-element-c3f6460 e-con-full e-flex e-con e-child\" data-id=\"c3f6460\" data-element_type=\"container\" data-e-type=\"container\" data-settings=\"{&quot;background_background&quot;:&quot;classic&quot;,&quot;jet_parallax_layout_list&quot;:[]}\">\n\t\t\t\t<div class=\"elementor-element elementor-element-b3c1220 elementor-widget elementor-widget-heading\" data-id=\"b3c1220\" data-element_type=\"widget\" data-e-type=\"widget\" data-widget_type=\"heading.default\">\n\t\t\t\t<div class=\"elementor-widget-container\">\n\t\t\t\t\t<h2 class=\"elementor-heading-title elementor-size-default\">Prestazioni di qualit\u00e0 particolarmente elevata\n<\/h2>\t\t\t\t<\/div>\n\t\t\t\t<\/div>\n\t\t\t\t<div class=\"elementor-element elementor-element-73c2e00 elementor-widget elementor-widget-text-editor\" data-id=\"73c2e00\" data-element_type=\"widget\" data-e-type=\"widget\" data-widget_type=\"text-editor.default\">\n\t\t\t\t<div class=\"elementor-widget-container\">\n\t\t\t\t\t\t\t\t\t<div class=\"col-12 col-md-6 mb-5\"><div class=\"teaser teaser--50\"><div class=\"teaser__wrapper\"><div class=\"teaser__container\"><div class=\"teaser__text\"><p>Ogni giorno facciamo tutto il possibile per mantenere la promessa di qualit\u00e0 di GO! Con successo: con un tasso di consegna superiore al 99,00% (2021) e un tasso di danneggiamento di appena lo 0,03% (2021), siamo molto avanti rispetto alla concorrenza.  <\/p><\/div><\/div><\/div><\/div><\/div>\t\t\t\t\t\t\t\t<\/div>\n\t\t\t\t<\/div>\n\t\t\t\t<\/div>\n\t\t\t\t\t<\/div>\n\t\t\t\t<\/div>\n\t\t<div class=\"elementor-element elementor-element-95788a7 e-grid e-con-boxed e-con e-parent\" data-id=\"95788a7\" data-element_type=\"container\" data-e-type=\"container\" data-settings=\"{&quot;jet_parallax_layout_list&quot;:[]}\">\n\t\t\t\t\t<div class=\"e-con-inner\">\n\t\t<div class=\"elementor-element elementor-element-97b245b e-con-full e-flex e-con e-child\" data-id=\"97b245b\" data-element_type=\"container\" data-e-type=\"container\" data-settings=\"{&quot;background_background&quot;:&quot;classic&quot;,&quot;jet_parallax_layout_list&quot;:[]}\">\n\t\t\t\t<div class=\"elementor-element elementor-element-6c3bb2d elementor-widget elementor-widget-heading\" data-id=\"6c3bb2d\" data-element_type=\"widget\" data-e-type=\"widget\" data-widget_type=\"heading.default\">\n\t\t\t\t<div class=\"elementor-widget-container\">\n\t\t\t\t\t<h2 class=\"elementor-heading-title elementor-size-default\">Numerose opzioni di data e ora\n<\/h2>\t\t\t\t<\/div>\n\t\t\t\t<\/div>\n\t\t\t\t<div class=\"elementor-element elementor-element-e0290c3 elementor-widget elementor-widget-text-editor\" data-id=\"e0290c3\" data-element_type=\"widget\" data-e-type=\"widget\" data-widget_type=\"text-editor.default\">\n\t\t\t\t<div class=\"elementor-widget-container\">\n\t\t\t\t\t\t\t\t\t<div class=\"col-12 col-md-6 mb-5\"><div class=\"teaser teaser--50\"><div class=\"teaser__wrapper\"><div class=\"teaser__container\"><div class=\"teaser__text\">Tempi di transito particolarmente brevi sono la nostra routine quotidiana. Ritiriamo le spedizioni fino a sera e possiamo consegnarle la mattina successiva. Oppure, naturalmente, esattamente quando il cliente e il destinatario lo desiderano, in linea con le rispettive esigenze e pianificabili in finestre temporali di 15 minuti.  <\/div><\/div><\/div><\/div><\/div><div class=\"col-12 col-md-6 mb-5\"><div class=\"teaser teaser--50\"><div class=\"teaser__wrapper\"><div class=\"teaser__container\"> <\/div><\/div><\/div><\/div>\t\t\t\t\t\t\t\t<\/div>\n\t\t\t\t<\/div>\n\t\t\t\t<\/div>\n\t\t<div class=\"elementor-element elementor-element-3049d57 e-con-full e-flex e-con e-child\" data-id=\"3049d57\" data-element_type=\"container\" data-e-type=\"container\" data-settings=\"{&quot;background_background&quot;:&quot;classic&quot;,&quot;jet_parallax_layout_list&quot;:[]}\">\n\t\t\t\t<div class=\"elementor-element elementor-element-da8d7c1 elementor-widget elementor-widget-heading\" data-id=\"da8d7c1\" data-element_type=\"widget\" data-e-type=\"widget\" data-widget_type=\"heading.default\">\n\t\t\t\t<div class=\"elementor-widget-container\">\n\t\t\t\t\t<h2 class=\"elementor-heading-title elementor-size-default\">Informazioni proattive sul processo di trasporto\n<\/h2>\t\t\t\t<\/div>\n\t\t\t\t<\/div>\n\t\t\t\t<div class=\"elementor-element elementor-element-61db9d1 elementor-widget elementor-widget-text-editor\" data-id=\"61db9d1\" data-element_type=\"widget\" data-e-type=\"widget\" data-widget_type=\"text-editor.default\">\n\t\t\t\t<div class=\"elementor-widget-container\">\n\t\t\t\t\t\t\t\t\t<div class=\"col-12 col-md-6 mb-5\"><div class=\"teaser teaser--50\"><div class=\"teaser__wrapper\"><div class=\"teaser__container\"><div class=\"teaser__text\"><div class=\"col-12 col-md-6 mb-5\"><div class=\"teaser teaser--50\"><div class=\"teaser__wrapper\"><div class=\"teaser__container\"><div class=\"teaser__text\"><section class=\"teaser-section\"><div class=\"container\"><div class=\"row\"><div class=\"row neos-contentcollection\"><div class=\"col-12 col-md-6 mb-5\"><div class=\"teaser teaser--50\"><div class=\"teaser__wrapper\"><div class=\"teaser__container\"><div class=\"teaser__text\">Se la spedizione \u00e8 in ritardo o il destinatario non \u00e8 in loco, non aspettiamo, ma informiamo immediatamente il cliente. Se ci sono deviazioni dall&#8217;ordine originale, troviamo soluzioni tempestive. <\/div><\/div><\/div><\/div><\/div><\/div><\/div><\/div><\/section><div class=\"container\"><a class=\"download-item download-item--has-preview\" href=\"https:\/\/www.general-overnight.com\/_Resources\/Persistent\/1\/1\/2\/a\/112ad8cb7f83fed9e57939d23b3992e3aafc9f17\/2022_GO%21%20Infoblatt_USPs.pdf\" target=\"_blank\" rel=\"noopener\"><span class=\"download-item__wrapper\"><picture><source srcset=\"https:\/\/www.general-overnight.com\/_Resources\/Persistent\/3\/3\/0\/2\/3302cc8a2f24397b11c935cdc5f13a995ac0674f\/2022_GO%21%20Infoblatt_USPs.png\" type=\"image\/webp\" sizes=\"100vw\"><\/source><source srcset=\"https:\/\/www.general-overnight.com\/_Resources\/Persistent\/3\/3\/0\/2\/3302cc8a2f24397b11c935cdc5f13a995ac0674f\/2022_GO%21%20Infoblatt_USPs.png\" type=\"image\/png\" sizes=\"100vw\"><\/source><\/picture><\/span><\/a><\/div><\/div><\/div><\/div><\/div><\/div><\/div><\/div><\/div><\/div><\/div>\t\t\t\t\t\t\t\t<\/div>\n\t\t\t\t<\/div>\n\t\t\t\t<\/div>\n\t\t\t\t\t<\/div>\n\t\t\t\t<\/div>\n\t\t\t\t<\/div>\n\t\t","protected":false},"excerpt":{"rendered":"<p>Corriere e servizio espresso ai massimi livelli?GO! Express &amp; Logistics Quando si tratta di spedizioni sensibili al fattore tempo, \u00e8 necessaria un&#8217;affidabilit\u00e0 al 100%. Con GO! Express &amp; Logistics non scendi a compromessi quando si tratta di logistica in giornata, spedizione espressa e consegna espressa e puoi beneficiare di una consegna just-in-time altamente affidabile a [&hellip;]<\/p>\n","protected":false},"author":8,"featured_media":0,"parent":0,"menu_order":0,"comment_status":"closed","ping_status":"closed","template":"","meta":{"_monsterinsights_skip_tracking":false,"_monsterinsights_sitenote_active":false,"_monsterinsights_sitenote_note":"","_monsterinsights_sitenote_category":0,"footnotes":""},"class_list":["post-9049","page","type-page","status-publish","hentry"],"yoast_head":"<!-- This site is optimized with the Yoast SEO plugin v27.2 - https:\/\/yoast.com\/product\/yoast-seo-wordpress\/ -->\n<title>Rete - GO! Express &amp; Logistics<\/title>\n<meta name=\"robots\" content=\"index, follow, max-snippet:-1, max-image-preview:large, max-video-preview:-1\" \/>\n<link rel=\"canonical\" href=\"https:\/\/generalovernight.ch\/it\/rete\/\" \/>\n<meta property=\"og:locale\" content=\"it_IT\" \/>\n<meta property=\"og:type\" content=\"article\" \/>\n<meta property=\"og:title\" content=\"Rete - GO! Express &amp; Logistics\" \/>\n<meta property=\"og:description\" content=\"Corriere e servizio espresso ai massimi livelli?GO! Express &amp; Logistics Quando si tratta di spedizioni sensibili al fattore tempo, \u00e8 necessaria un&#8217;affidabilit\u00e0 al 100%. Con GO! Express &amp; Logistics non scendi a compromessi quando si tratta di logistica in giornata, spedizione espressa e consegna espressa e puoi beneficiare di una consegna just-in-time altamente affidabile a [&hellip;]\" \/>\n<meta property=\"og:url\" content=\"https:\/\/generalovernight.ch\/it\/rete\/\" \/>\n<meta property=\"og:site_name\" content=\"GO! Express &amp; Logistics\" \/>\n<meta property=\"article:modified_time\" content=\"2025-03-21T20:03:42+00:00\" \/>\n<meta name=\"twitter:card\" content=\"summary_large_image\" \/>\n<meta name=\"twitter:label1\" content=\"Tempo di lettura stimato\" \/>\n\t<meta name=\"twitter:data1\" content=\"3 minuti\" \/>\n<script type=\"application\/ld+json\" class=\"yoast-schema-graph\">{\"@context\":\"https:\/\/schema.org\",\"@graph\":[{\"@type\":\"WebPage\",\"@id\":\"https:\/\/generalovernight.ch\/it\/rete\/\",\"url\":\"https:\/\/generalovernight.ch\/it\/rete\/\",\"name\":\"Rete - GO! Express &amp; Logistics\",\"isPartOf\":{\"@id\":\"https:\/\/generalovernight.ch\/it\/#website\"},\"datePublished\":\"2024-12-16T15:58:14+00:00\",\"dateModified\":\"2025-03-21T20:03:42+00:00\",\"breadcrumb\":{\"@id\":\"https:\/\/generalovernight.ch\/it\/rete\/#breadcrumb\"},\"inLanguage\":\"it-IT\",\"potentialAction\":[{\"@type\":\"ReadAction\",\"target\":[\"https:\/\/generalovernight.ch\/it\/rete\/\"]}]},{\"@type\":\"BreadcrumbList\",\"@id\":\"https:\/\/generalovernight.ch\/it\/rete\/#breadcrumb\",\"itemListElement\":[{\"@type\":\"ListItem\",\"position\":1,\"name\":\"Startseite\",\"item\":\"https:\/\/generalovernight.ch\/it\/\"},{\"@type\":\"ListItem\",\"position\":2,\"name\":\"Rete\"}]},{\"@type\":\"WebSite\",\"@id\":\"https:\/\/generalovernight.ch\/it\/#website\",\"url\":\"https:\/\/generalovernight.ch\/it\/\",\"name\":\"GO! Express &amp; Logistics\",\"description\":\"\",\"potentialAction\":[{\"@type\":\"SearchAction\",\"target\":{\"@type\":\"EntryPoint\",\"urlTemplate\":\"https:\/\/generalovernight.ch\/it\/?s={search_term_string}\"},\"query-input\":{\"@type\":\"PropertyValueSpecification\",\"valueRequired\":true,\"valueName\":\"search_term_string\"}}],\"inLanguage\":\"it-IT\"}]}<\/script>\n<!-- \/ Yoast SEO plugin. -->","yoast_head_json":{"title":"Rete - GO! Express &amp; Logistics","robots":{"index":"index","follow":"follow","max-snippet":"max-snippet:-1","max-image-preview":"max-image-preview:large","max-video-preview":"max-video-preview:-1"},"canonical":"https:\/\/generalovernight.ch\/it\/rete\/","og_locale":"it_IT","og_type":"article","og_title":"Rete - GO! Express &amp; Logistics","og_description":"Corriere e servizio espresso ai massimi livelli?GO! Express &amp; Logistics Quando si tratta di spedizioni sensibili al fattore tempo, \u00e8 necessaria un&#8217;affidabilit\u00e0 al 100%. Con GO! Express &amp; Logistics non scendi a compromessi quando si tratta di logistica in giornata, spedizione espressa e consegna espressa e puoi beneficiare di una consegna just-in-time altamente affidabile a [&hellip;]","og_url":"https:\/\/generalovernight.ch\/it\/rete\/","og_site_name":"GO! Express &amp; Logistics","article_modified_time":"2025-03-21T20:03:42+00:00","twitter_card":"summary_large_image","twitter_misc":{"Tempo di lettura stimato":"3 minuti"},"schema":{"@context":"https:\/\/schema.org","@graph":[{"@type":"WebPage","@id":"https:\/\/generalovernight.ch\/it\/rete\/","url":"https:\/\/generalovernight.ch\/it\/rete\/","name":"Rete - GO! Express &amp; Logistics","isPartOf":{"@id":"https:\/\/generalovernight.ch\/it\/#website"},"datePublished":"2024-12-16T15:58:14+00:00","dateModified":"2025-03-21T20:03:42+00:00","breadcrumb":{"@id":"https:\/\/generalovernight.ch\/it\/rete\/#breadcrumb"},"inLanguage":"it-IT","potentialAction":[{"@type":"ReadAction","target":["https:\/\/generalovernight.ch\/it\/rete\/"]}]},{"@type":"BreadcrumbList","@id":"https:\/\/generalovernight.ch\/it\/rete\/#breadcrumb","itemListElement":[{"@type":"ListItem","position":1,"name":"Startseite","item":"https:\/\/generalovernight.ch\/it\/"},{"@type":"ListItem","position":2,"name":"Rete"}]},{"@type":"WebSite","@id":"https:\/\/generalovernight.ch\/it\/#website","url":"https:\/\/generalovernight.ch\/it\/","name":"GO! Express &amp; Logistics","description":"","potentialAction":[{"@type":"SearchAction","target":{"@type":"EntryPoint","urlTemplate":"https:\/\/generalovernight.ch\/it\/?s={search_term_string}"},"query-input":{"@type":"PropertyValueSpecification","valueRequired":true,"valueName":"search_term_string"}}],"inLanguage":"it-IT"}]}},"_links":{"self":[{"href":"https:\/\/generalovernight.ch\/it\/wp-json\/wp\/v2\/pages\/9049","targetHints":{"allow":["GET"]}}],"collection":[{"href":"https:\/\/generalovernight.ch\/it\/wp-json\/wp\/v2\/pages"}],"about":[{"href":"https:\/\/generalovernight.ch\/it\/wp-json\/wp\/v2\/types\/page"}],"author":[{"embeddable":true,"href":"https:\/\/generalovernight.ch\/it\/wp-json\/wp\/v2\/users\/8"}],"replies":[{"embeddable":true,"href":"https:\/\/generalovernight.ch\/it\/wp-json\/wp\/v2\/comments?post=9049"}],"version-history":[{"count":2,"href":"https:\/\/generalovernight.ch\/it\/wp-json\/wp\/v2\/pages\/9049\/revisions"}],"predecessor-version":[{"id":9053,"href":"https:\/\/generalovernight.ch\/it\/wp-json\/wp\/v2\/pages\/9049\/revisions\/9053"}],"wp:attachment":[{"href":"https:\/\/generalovernight.ch\/it\/wp-json\/wp\/v2\/media?parent=9049"}],"curies":[{"name":"wp","href":"https:\/\/api.w.org\/{rel}","templated":true}]}}