{"id":9077,"date":"2024-12-16T15:59:07","date_gmt":"2024-12-16T15:59:07","guid":{"rendered":"https:\/\/p682793.webspaceconfig.de\/carriera\/"},"modified":"2025-03-21T20:02:56","modified_gmt":"2025-03-21T20:02:56","slug":"carriera","status":"publish","type":"page","link":"https:\/\/generalovernight.ch\/it\/carriera\/","title":{"rendered":"Carriera"},"content":{"rendered":"\t\t<div data-elementor-type=\"wp-page\" data-elementor-id=\"9077\" class=\"elementor elementor-9077 elementor-6638\" data-elementor-post-type=\"page\">\n\t\t\t\t<div class=\"elementor-element elementor-element-cae405b e-flex e-con-boxed e-con e-parent\" data-id=\"cae405b\" data-element_type=\"container\" data-e-type=\"container\" data-settings=\"{&quot;jet_parallax_layout_list&quot;:[]}\">\n\t\t\t\t\t<div class=\"e-con-inner\">\n\t\t<div class=\"elementor-element elementor-element-a5a67bc e-con-full e-flex e-con e-child\" data-id=\"a5a67bc\" data-element_type=\"container\" data-e-type=\"container\" data-settings=\"{&quot;jet_parallax_layout_list&quot;:[],&quot;background_background&quot;:&quot;classic&quot;}\">\n\t\t<div class=\"elementor-element elementor-element-8322c7d e-con-full e-flex e-con e-child\" data-id=\"8322c7d\" data-element_type=\"container\" data-e-type=\"container\" data-settings=\"{&quot;background_background&quot;:&quot;classic&quot;,&quot;jet_parallax_layout_list&quot;:[]}\">\n\t\t\t\t<div class=\"elementor-element elementor-element-77e63aa elementor-widget elementor-widget-heading\" data-id=\"77e63aa\" data-element_type=\"widget\" data-e-type=\"widget\" data-widget_type=\"heading.default\">\n\t\t\t\t<div class=\"elementor-widget-container\">\n\t\t\t\t\t<h1 class=\"elementor-heading-title elementor-size-default\">Le carriere di GO! <br>Tutto <br>tranne_<br>il solito<\/h1>\t\t\t\t<\/div>\n\t\t\t\t<\/div>\n\t\t\t\t<div class=\"elementor-element elementor-element-93e75ac elementor-widget elementor-widget-text-editor\" data-id=\"93e75ac\" data-element_type=\"widget\" data-e-type=\"widget\" data-widget_type=\"text-editor.default\">\n\t\t\t\t<div class=\"elementor-widget-container\">\n\t\t\t\t\t\t\t\t\t<p>Sono loro il cuore di GO! Express &amp; Logistics: i nostri dipendenti, i nostri subappaltatori e i loro autisti. Ogni volta che si spedisce un pacco o si ordina una soluzione logistica personalizzata, i nostri colleghi danno il massimo.  <\/p><p>Sia in background con la pianificazione, l&#8217;organizzazione, l&#8217;IT e la tecnologia, sia direttamente in loco presso la sede del cliente, nei viaggi di corriere in tutto il mondo. Siamo spinti dalla passione di offrire ai nostri clienti un servizio su cui possano contare in ogni momento. Come riusciamo a raggiungere questo obiettivo? Solo grazie a un team ben affiatato.   <\/p><p>Entra a far parte di GO e non vediamo l&#8217;ora di conoscerti! <\/p>\t\t\t\t\t\t\t\t<\/div>\n\t\t\t\t<\/div>\n\t\t\t\t<\/div>\n\t\t\t\t<\/div>\n\t\t\t\t<div class=\"elementor-element elementor-element-7daa233 elementor-widget__width-initial elementor-widget elementor-widget-image\" data-id=\"7daa233\" data-element_type=\"widget\" data-e-type=\"widget\" data-widget_type=\"image.default\">\n\t\t\t\t<div class=\"elementor-widget-container\">\n\t\t\t\t\t\t\t\t\t\t\t\t\t\t\t<img fetchpriority=\"high\" decoding=\"async\" width=\"800\" height=\"600\" src=\"https:\/\/generalovernight.ch\/wp-content\/uploads\/2025\/01\/GO-Buero_Besprechung-3_900x602-811x608-1.jpg\" class=\"attachment-large size-large wp-image-8595\" alt=\"\" srcset=\"https:\/\/generalovernight.ch\/wp-content\/uploads\/2025\/01\/GO-Buero_Besprechung-3_900x602-811x608-1.jpg 811w, https:\/\/generalovernight.ch\/wp-content\/uploads\/2025\/01\/GO-Buero_Besprechung-3_900x602-811x608-1-300x225.jpg 300w, https:\/\/generalovernight.ch\/wp-content\/uploads\/2025\/01\/GO-Buero_Besprechung-3_900x602-811x608-1-768x576.jpg 768w\" sizes=\"(max-width: 800px) 100vw, 800px\" \/>\t\t\t\t\t\t\t\t\t\t\t\t\t\t\t<\/div>\n\t\t\t\t<\/div>\n\t\t\t\t\t<\/div>\n\t\t\t\t<\/div>\n\t\t<div class=\"elementor-element elementor-element-08a887f e-grid e-con-boxed e-con e-parent\" data-id=\"08a887f\" data-element_type=\"container\" data-e-type=\"container\" data-settings=\"{&quot;jet_parallax_layout_list&quot;:[]}\">\n\t\t\t\t\t<div class=\"e-con-inner\">\n\t\t<div class=\"elementor-element elementor-element-5ef8d76 e-con-full e-flex e-con e-child\" data-id=\"5ef8d76\" data-element_type=\"container\" data-e-type=\"container\" data-settings=\"{&quot;background_background&quot;:&quot;classic&quot;,&quot;jet_parallax_layout_list&quot;:[]}\">\n\t\t\t\t<div class=\"elementor-element elementor-element-5481b40 elementor-widget elementor-widget-heading\" data-id=\"5481b40\" data-element_type=\"widget\" data-e-type=\"widget\" data-widget_type=\"heading.default\">\n\t\t\t\t<div class=\"elementor-widget-container\">\n\t\t\t\t\t<h2 class=\"elementor-heading-title elementor-size-default\">Alle nostre offerte di lavoro<\/h2>\t\t\t\t<\/div>\n\t\t\t\t<\/div>\n\t\t\t\t<div class=\"elementor-element elementor-element-47590a9 elementor-widget elementor-widget-text-editor\" data-id=\"47590a9\" data-element_type=\"widget\" data-e-type=\"widget\" data-widget_type=\"text-editor.default\">\n\t\t\t\t<div class=\"elementor-widget-container\">\n\t\t\t\t\t\t\t\t\t<p>Da spedizioniere a contabile a responsabile di deposito. Dai un&#8217;occhiata ai nostri annunci di lavoro attuali. <\/p>\t\t\t\t\t\t\t\t<\/div>\n\t\t\t\t<\/div>\n\t\t\t\t<div class=\"elementor-element elementor-element-fa57edd elementor-tablet-align-justify elementor-widget elementor-widget-button\" data-id=\"fa57edd\" data-element_type=\"widget\" data-e-type=\"widget\" data-widget_type=\"button.default\">\n\t\t\t\t<div class=\"elementor-widget-container\">\n\t\t\t\t\t\t\t\t\t<div class=\"elementor-button-wrapper\">\n\t\t\t\t\t<a class=\"elementor-button elementor-button-link elementor-size-sm\" href=\"https:\/\/generalovernight.ch\/it\/carriera\/offerte-di-lavoro\/\">\n\t\t\t\t\t\t<span class=\"elementor-button-content-wrapper\">\n\t\t\t\t\t\t\t\t\t<span class=\"elementor-button-text\">Offerte di lavoro attuali<\/span>\n\t\t\t\t\t<\/span>\n\t\t\t\t\t<\/a>\n\t\t\t\t<\/div>\n\t\t\t\t\t\t\t\t<\/div>\n\t\t\t\t<\/div>\n\t\t\t\t<\/div>\n\t\t<div class=\"elementor-element elementor-element-bd9ace0 e-con-full e-flex e-con e-child\" data-id=\"bd9ace0\" data-element_type=\"container\" data-e-type=\"container\" data-settings=\"{&quot;background_background&quot;:&quot;classic&quot;,&quot;jet_parallax_layout_list&quot;:[]}\">\n\t\t\t\t<div class=\"elementor-element elementor-element-704cb26 elementor-widget elementor-widget-heading\" data-id=\"704cb26\" data-element_type=\"widget\" data-e-type=\"widget\" data-widget_type=\"heading.default\">\n\t\t\t\t<div class=\"elementor-widget-container\">\n\t\t\t\t\t<h2 class=\"elementor-heading-title elementor-size-default\">Non c'\u00e8 lavoro disponibile?\nInviaci una candidatura non richiesta.<\/h2>\t\t\t\t<\/div>\n\t\t\t\t<\/div>\n\t\t\t\t<div class=\"elementor-element elementor-element-43b7af1 elementor-widget elementor-widget-text-editor\" data-id=\"43b7af1\" data-element_type=\"widget\" data-e-type=\"widget\" data-widget_type=\"text-editor.default\">\n\t\t\t\t<div class=\"elementor-widget-container\">\n\t\t\t\t\t\t\t\t\t<p>Sia come dipendente che come autista\/corriere.<\/p>\t\t\t\t\t\t\t\t<\/div>\n\t\t\t\t<\/div>\n\t\t\t\t<div class=\"elementor-element elementor-element-a007112 elementor-tablet-align-justify elementor-widget elementor-widget-button\" data-id=\"a007112\" data-element_type=\"widget\" data-e-type=\"widget\" data-widget_type=\"button.default\">\n\t\t\t\t<div class=\"elementor-widget-container\">\n\t\t\t\t\t\t\t\t\t<div class=\"elementor-button-wrapper\">\n\t\t\t\t\t<a class=\"elementor-button elementor-button-link elementor-size-sm\" href=\"https:\/\/generalovernight.ch\/it\/carriera\/candidatura-non-richiesta-a-go\/\">\n\t\t\t\t\t\t<span class=\"elementor-button-content-wrapper\">\n\t\t\t\t\t\t\t\t\t<span class=\"elementor-button-text\">Candidati ora<\/span>\n\t\t\t\t\t<\/span>\n\t\t\t\t\t<\/a>\n\t\t\t\t<\/div>\n\t\t\t\t\t\t\t\t<\/div>\n\t\t\t\t<\/div>\n\t\t\t\t<\/div>\n\t\t<div class=\"elementor-element elementor-element-619d7f0 e-con-full e-flex e-con e-child\" data-id=\"619d7f0\" data-element_type=\"container\" data-e-type=\"container\" data-settings=\"{&quot;background_background&quot;:&quot;classic&quot;,&quot;jet_parallax_layout_list&quot;:[]}\">\n\t\t\t\t<div class=\"elementor-element elementor-element-29fb39d elementor-widget elementor-widget-heading\" data-id=\"29fb39d\" data-element_type=\"widget\" data-e-type=\"widget\" data-widget_type=\"heading.default\">\n\t\t\t\t<div class=\"elementor-widget-container\">\n\t\t\t\t\t<h2 class=\"elementor-heading-title elementor-size-default\">GO! come datore di lavoro<\/h2>\t\t\t\t<\/div>\n\t\t\t\t<\/div>\n\t\t\t\t<div class=\"elementor-element elementor-element-edd4794 elementor-widget elementor-widget-text-editor\" data-id=\"edd4794\" data-element_type=\"widget\" data-e-type=\"widget\" data-widget_type=\"text-editor.default\">\n\t\t\t\t<div class=\"elementor-widget-container\">\n\t\t\t\t\t\t\t\t\t<p>Non poniamo requisiti elevati solo ai nostri servizi logistici, ma soprattutto a noi stessi. Dopo tutto, le prestazioni eccellenti dei nostri dipendenti, dei subappaltatori e dei loro autisti sono ci\u00f2 che rende la nostra azienda ci\u00f2 che \u00e8. <\/p>\t\t\t\t\t\t\t\t<\/div>\n\t\t\t\t<\/div>\n\t\t\t\t<div class=\"elementor-element elementor-element-a3222cc elementor-tablet-align-justify elementor-widget elementor-widget-button\" data-id=\"a3222cc\" data-element_type=\"widget\" data-e-type=\"widget\" data-widget_type=\"button.default\">\n\t\t\t\t<div class=\"elementor-widget-container\">\n\t\t\t\t\t\t\t\t\t<div class=\"elementor-button-wrapper\">\n\t\t\t\t\t<a class=\"elementor-button elementor-button-link elementor-size-sm\" href=\"https:\/\/generalovernight.ch\/karriere\/go-als-arbeitgeber\/\">\n\t\t\t\t\t\t<span class=\"elementor-button-content-wrapper\">\n\t\t\t\t\t\t\t\t\t<span class=\"elementor-button-text\">Informazioni su GO! come datore di lavoro<\/span>\n\t\t\t\t\t<\/span>\n\t\t\t\t\t<\/a>\n\t\t\t\t<\/div>\n\t\t\t\t\t\t\t\t<\/div>\n\t\t\t\t<\/div>\n\t\t\t\t<\/div>\n\t\t<div class=\"elementor-element elementor-element-d75c173 e-con-full e-flex e-con e-child\" data-id=\"d75c173\" data-element_type=\"container\" data-e-type=\"container\" data-settings=\"{&quot;background_background&quot;:&quot;classic&quot;,&quot;jet_parallax_layout_list&quot;:[]}\">\n\t\t\t\t<div class=\"elementor-element elementor-element-c1e3556 elementor-widget elementor-widget-heading\" data-id=\"c1e3556\" data-element_type=\"widget\" data-e-type=\"widget\" data-widget_type=\"heading.default\">\n\t\t\t\t<div class=\"elementor-widget-container\">\n\t\t\t\t\t<h2 class=\"elementor-heading-title elementor-size-default\">Aree di lavoro  <\/h2>\t\t\t\t<\/div>\n\t\t\t\t<\/div>\n\t\t\t\t<div class=\"elementor-element elementor-element-912c1f0 elementor-widget elementor-widget-text-editor\" data-id=\"912c1f0\" data-element_type=\"widget\" data-e-type=\"widget\" data-widget_type=\"text-editor.default\">\n\t\t\t\t<div class=\"elementor-widget-container\">\n\t\t\t\t\t\t\t\t\t<p>Ogni giorno, pi\u00f9 di 1.400 dipendenti e oltre 1.700 autisti e corrieri lavorano a stretto contatto con GO! Ognuno contribuisce con la propria esperienza personale e le proprie idee. Che si tratti del servizio clienti, della gestione della qualit\u00e0, dell&#8217;IT o di una delle tante altre aree di lavoro.  <\/p>\t\t\t\t\t\t\t\t<\/div>\n\t\t\t\t<\/div>\n\t\t\t\t<div class=\"elementor-element elementor-element-1d17aa9 elementor-tablet-align-justify elementor-widget elementor-widget-button\" data-id=\"1d17aa9\" data-element_type=\"widget\" data-e-type=\"widget\" data-widget_type=\"button.default\">\n\t\t\t\t<div class=\"elementor-widget-container\">\n\t\t\t\t\t\t\t\t\t<div class=\"elementor-button-wrapper\">\n\t\t\t\t\t<a class=\"elementor-button elementor-button-link elementor-size-sm\" href=\"https:\/\/generalovernight.ch\/it\/carriera\/aree-di-lavoro\/\">\n\t\t\t\t\t\t<span class=\"elementor-button-content-wrapper\">\n\t\t\t\t\t\t\t\t\t<span class=\"elementor-button-text\">Clicca qui per conoscere le nostre aree di lavoro<\/span>\n\t\t\t\t\t<\/span>\n\t\t\t\t\t<\/a>\n\t\t\t\t<\/div>\n\t\t\t\t\t\t\t\t<\/div>\n\t\t\t\t<\/div>\n\t\t\t\t<\/div>\n\t\t\t\t\t<\/div>\n\t\t\t\t<\/div>\n\t\t<div class=\"elementor-element elementor-element-520b586 e-grid elementor-hidden-desktop elementor-hidden-tablet elementor-hidden-mobile e-con-boxed e-con e-parent\" data-id=\"520b586\" data-element_type=\"container\" data-e-type=\"container\" data-settings=\"{&quot;jet_parallax_layout_list&quot;:[]}\">\n\t\t\t\t\t<div class=\"e-con-inner\">\n\t\t<div class=\"elementor-element elementor-element-b2e3cbe e-con-full e-flex e-con e-child\" data-id=\"b2e3cbe\" data-element_type=\"container\" data-e-type=\"container\" data-settings=\"{&quot;jet_parallax_layout_list&quot;:[]}\">\n\t\t<div class=\"elementor-element elementor-element-049e15b e-con-full e-flex e-con e-child\" data-id=\"049e15b\" data-element_type=\"container\" data-e-type=\"container\" data-settings=\"{&quot;jet_parallax_layout_list&quot;:[]}\">\n\t\t\t\t<div class=\"elementor-element elementor-element-bf97ef0 elementor-widget__width-initial elementor-widget elementor-widget-image\" data-id=\"bf97ef0\" data-element_type=\"widget\" data-e-type=\"widget\" data-widget_type=\"image.default\">\n\t\t\t\t<div class=\"elementor-widget-container\">\n\t\t\t\t\t\t\t\t\t\t\t\t\t\t\t<img decoding=\"async\" width=\"243\" height=\"321\" src=\"https:\/\/generalovernight.ch\/wp-content\/uploads\/2023\/01\/kanunu2022.png\" class=\"attachment-large size-large wp-image-4069\" alt=\"\" srcset=\"https:\/\/generalovernight.ch\/wp-content\/uploads\/2023\/01\/kanunu2022.png 243w, https:\/\/generalovernight.ch\/wp-content\/uploads\/2023\/01\/kanunu2022-227x300.png 227w\" sizes=\"(max-width: 243px) 100vw, 243px\" \/>\t\t\t\t\t\t\t\t\t\t\t\t\t\t\t<\/div>\n\t\t\t\t<\/div>\n\t\t\t\t<div class=\"elementor-element elementor-element-74ee5b1 elementor-widget__width-initial elementor-widget elementor-widget-image\" data-id=\"74ee5b1\" data-element_type=\"widget\" data-e-type=\"widget\" data-widget_type=\"image.default\">\n\t\t\t\t<div class=\"elementor-widget-container\">\n\t\t\t\t\t\t\t\t\t\t\t\t\t\t\t<img decoding=\"async\" width=\"601\" height=\"792\" src=\"https:\/\/generalovernight.ch\/wp-content\/uploads\/2023\/05\/top_company_2023.png\" class=\"attachment-large size-large wp-image-4699\" alt=\"\" srcset=\"https:\/\/generalovernight.ch\/wp-content\/uploads\/2023\/05\/top_company_2023.png 601w, https:\/\/generalovernight.ch\/wp-content\/uploads\/2023\/05\/top_company_2023-228x300.png 228w\" sizes=\"(max-width: 601px) 100vw, 601px\" \/>\t\t\t\t\t\t\t\t\t\t\t\t\t\t\t<\/div>\n\t\t\t\t<\/div>\n\t\t\t\t<\/div>\n\t\t\t\t<div class=\"elementor-element elementor-element-c02fc4a elementor-widget elementor-widget-image\" data-id=\"c02fc4a\" data-element_type=\"widget\" data-e-type=\"widget\" data-widget_type=\"image.default\">\n\t\t\t\t<div class=\"elementor-widget-container\">\n\t\t\t\t\t\t\t\t\t\t\t\t\t\t\t<img loading=\"lazy\" decoding=\"async\" width=\"333\" height=\"106\" src=\"https:\/\/generalovernight.ch\/wp-content\/uploads\/2024\/12\/GO-auszeichnung-kununu-siegel.jpg\" class=\"attachment-large size-large wp-image-9078\" alt=\"\" srcset=\"https:\/\/generalovernight.ch\/wp-content\/uploads\/2024\/12\/GO-auszeichnung-kununu-siegel.jpg 333w, https:\/\/generalovernight.ch\/wp-content\/uploads\/2024\/12\/GO-auszeichnung-kununu-siegel-300x95.jpg 300w\" sizes=\"(max-width: 333px) 100vw, 333px\" \/>\t\t\t\t\t\t\t\t\t\t\t\t\t\t\t<\/div>\n\t\t\t\t<\/div>\n\t\t<div class=\"elementor-element elementor-element-92d7462 e-con-full e-flex e-con e-child\" data-id=\"92d7462\" data-element_type=\"container\" data-e-type=\"container\" data-settings=\"{&quot;jet_parallax_layout_list&quot;:[]}\">\n\t\t\t\t<\/div>\n\t\t\t\t<\/div>\n\t\t<div class=\"elementor-element elementor-element-9566fc0 e-con-full e-flex e-con e-child\" data-id=\"9566fc0\" data-element_type=\"container\" data-e-type=\"container\" data-settings=\"{&quot;jet_parallax_layout_list&quot;:[],&quot;background_background&quot;:&quot;classic&quot;}\">\n\t\t<div class=\"elementor-element elementor-element-db2b9b1 e-con-full e-flex e-con e-child\" data-id=\"db2b9b1\" data-element_type=\"container\" data-e-type=\"container\" data-settings=\"{&quot;background_background&quot;:&quot;classic&quot;,&quot;jet_parallax_layout_list&quot;:[]}\">\n\t\t\t\t<div class=\"elementor-element elementor-element-d207533 elementor-widget elementor-widget-heading\" data-id=\"d207533\" data-element_type=\"widget\" data-e-type=\"widget\" data-widget_type=\"heading.default\">\n\t\t\t\t<div class=\"elementor-widget-container\">\n\t\t\t\t\t<h2 class=\"elementor-heading-title elementor-size-default\">La nostra gamma di servizi di trasporto<\/h2>\t\t\t\t<\/div>\n\t\t\t\t<\/div>\n\t\t\t\t<div class=\"elementor-element elementor-element-af9d9d4 elementor-widget elementor-widget-text-editor\" data-id=\"af9d9d4\" data-element_type=\"widget\" data-e-type=\"widget\" data-widget_type=\"text-editor.default\">\n\t\t\t\t<div class=\"elementor-widget-container\">\n\t\t\t\t\t\t\t\t\t<p>Sia in background con la pianificazione, l&#8217;organizzazione, l&#8217;IT e la tecnologia, sia direttamente in loco presso la sede del cliente, nei viaggi di corriere in tutto il mondo. Siamo spinti dalla passione di offrire ai nostri clienti un servizio su cui possano contare in ogni momento. Come riusciamo a raggiungere questo obiettivo? Solo grazie a un team ben affiatato.   <\/p><p><span style=\"color: var( --e-global-color-text ); font-family: var( --e-global-typography-text-font-family ), Sans-serif; font-size: var( --e-global-typography-text-font-size ); font-weight: var( --e-global-typography-text-font-weight ); letter-spacing: 0px;\">Entra a far parte di GO! e dai un&#8217;occhiata alle nostre attuali offerte di lavoro. Non vediamo l&#8217;ora di conoscerti! <\/span><\/p>\t\t\t\t\t\t\t\t<\/div>\n\t\t\t\t<\/div>\n\t\t\t\t<div class=\"elementor-element elementor-element-313d0f1 elementor-widget elementor-widget-text-editor\" data-id=\"313d0f1\" data-element_type=\"widget\" data-e-type=\"widget\" data-widget_type=\"text-editor.default\">\n\t\t\t\t<div class=\"elementor-widget-container\">\n\t\t\t\t\t\t\t\t\t<p>La nostra azienda fa parte dell&#8217;esclusivo gruppo del 5,3% di aziende su kununu che si fregiano del marchio &#8220;TOP COMPANY&#8221;. Abbiamo anche ottenuto il marchio di qualit\u00e0 &#8220;OPEN COMPANY&#8221;. Come poco meno dell&#8217;1% di tutte le aziende su kununu, ci presentiamo a chi cerca lavoro con le nostre qualit\u00e0 di datore di lavoro.  <\/p>\t\t\t\t\t\t\t\t<\/div>\n\t\t\t\t<\/div>\n\t\t\t\t<\/div>\n\t\t\t\t<\/div>\n\t\t\t\t\t<\/div>\n\t\t\t\t<\/div>\n\t\t\t\t<\/div>\n\t\t","protected":false},"excerpt":{"rendered":"<p>Le carriere di GO! Tutto tranne_il solito Sono loro il cuore di GO! Express &amp; Logistics: i nostri dipendenti, i nostri subappaltatori e i loro autisti. Ogni volta che si spedisce un pacco o si ordina una soluzione logistica personalizzata, i nostri colleghi danno il massimo. Sia in background con la pianificazione, l&#8217;organizzazione, l&#8217;IT e [&hellip;]<\/p>\n","protected":false},"author":8,"featured_media":0,"parent":0,"menu_order":0,"comment_status":"closed","ping_status":"closed","template":"","meta":{"_monsterinsights_skip_tracking":false,"_monsterinsights_sitenote_active":false,"_monsterinsights_sitenote_note":"","_monsterinsights_sitenote_category":0,"footnotes":""},"class_list":["post-9077","page","type-page","status-publish","hentry"],"yoast_head":"<!-- This site is optimized with the Yoast SEO plugin v27.2 - https:\/\/yoast.com\/product\/yoast-seo-wordpress\/ -->\n<title>Carriera - GO! Express &amp; Logistics<\/title>\n<meta name=\"robots\" content=\"index, follow, max-snippet:-1, max-image-preview:large, max-video-preview:-1\" \/>\n<link rel=\"canonical\" href=\"https:\/\/generalovernight.ch\/it\/carriera\/\" \/>\n<meta property=\"og:locale\" content=\"it_IT\" \/>\n<meta property=\"og:type\" content=\"article\" \/>\n<meta property=\"og:title\" content=\"Carriera - GO! Express &amp; Logistics\" \/>\n<meta property=\"og:description\" content=\"Le carriere di GO! Tutto tranne_il solito Sono loro il cuore di GO! Express &amp; Logistics: i nostri dipendenti, i nostri subappaltatori e i loro autisti. Ogni volta che si spedisce un pacco o si ordina una soluzione logistica personalizzata, i nostri colleghi danno il massimo. Sia in background con la pianificazione, l&#8217;organizzazione, l&#8217;IT e [&hellip;]\" \/>\n<meta property=\"og:url\" content=\"https:\/\/generalovernight.ch\/it\/carriera\/\" \/>\n<meta property=\"og:site_name\" content=\"GO! Express &amp; Logistics\" \/>\n<meta property=\"article:modified_time\" content=\"2025-03-21T20:02:56+00:00\" \/>\n<meta property=\"og:image\" content=\"https:\/\/p682793.webspaceconfig.de\/wp-content\/uploads\/2025\/01\/GO-Buero_Besprechung-3_900x602-811x608-1.jpg\" \/>\n<meta name=\"twitter:card\" content=\"summary_large_image\" \/>\n<meta name=\"twitter:label1\" content=\"Tempo di lettura stimato\" \/>\n\t<meta name=\"twitter:data1\" content=\"2 minuti\" \/>\n<script type=\"application\/ld+json\" class=\"yoast-schema-graph\">{\"@context\":\"https:\/\/schema.org\",\"@graph\":[{\"@type\":\"WebPage\",\"@id\":\"https:\/\/generalovernight.ch\/it\/carriera\/\",\"url\":\"https:\/\/generalovernight.ch\/it\/carriera\/\",\"name\":\"Carriera - GO! Express &amp; Logistics\",\"isPartOf\":{\"@id\":\"https:\/\/generalovernight.ch\/it\/#website\"},\"primaryImageOfPage\":{\"@id\":\"https:\/\/generalovernight.ch\/it\/carriera\/#primaryimage\"},\"image\":{\"@id\":\"https:\/\/generalovernight.ch\/it\/carriera\/#primaryimage\"},\"thumbnailUrl\":\"https:\/\/p682793.webspaceconfig.de\/wp-content\/uploads\/2025\/01\/GO-Buero_Besprechung-3_900x602-811x608-1.jpg\",\"datePublished\":\"2024-12-16T15:59:07+00:00\",\"dateModified\":\"2025-03-21T20:02:56+00:00\",\"breadcrumb\":{\"@id\":\"https:\/\/generalovernight.ch\/it\/carriera\/#breadcrumb\"},\"inLanguage\":\"it-IT\",\"potentialAction\":[{\"@type\":\"ReadAction\",\"target\":[\"https:\/\/generalovernight.ch\/it\/carriera\/\"]}]},{\"@type\":\"ImageObject\",\"inLanguage\":\"it-IT\",\"@id\":\"https:\/\/generalovernight.ch\/it\/carriera\/#primaryimage\",\"url\":\"https:\/\/p682793.webspaceconfig.de\/wp-content\/uploads\/2025\/01\/GO-Buero_Besprechung-3_900x602-811x608-1.jpg\",\"contentUrl\":\"https:\/\/p682793.webspaceconfig.de\/wp-content\/uploads\/2025\/01\/GO-Buero_Besprechung-3_900x602-811x608-1.jpg\"},{\"@type\":\"BreadcrumbList\",\"@id\":\"https:\/\/generalovernight.ch\/it\/carriera\/#breadcrumb\",\"itemListElement\":[{\"@type\":\"ListItem\",\"position\":1,\"name\":\"Startseite\",\"item\":\"https:\/\/generalovernight.ch\/it\/\"},{\"@type\":\"ListItem\",\"position\":2,\"name\":\"Carriera\"}]},{\"@type\":\"WebSite\",\"@id\":\"https:\/\/generalovernight.ch\/it\/#website\",\"url\":\"https:\/\/generalovernight.ch\/it\/\",\"name\":\"GO! Express &amp; Logistics\",\"description\":\"\",\"potentialAction\":[{\"@type\":\"SearchAction\",\"target\":{\"@type\":\"EntryPoint\",\"urlTemplate\":\"https:\/\/generalovernight.ch\/it\/?s={search_term_string}\"},\"query-input\":{\"@type\":\"PropertyValueSpecification\",\"valueRequired\":true,\"valueName\":\"search_term_string\"}}],\"inLanguage\":\"it-IT\"}]}<\/script>\n<!-- \/ Yoast SEO plugin. -->","yoast_head_json":{"title":"Carriera - GO! Express &amp; Logistics","robots":{"index":"index","follow":"follow","max-snippet":"max-snippet:-1","max-image-preview":"max-image-preview:large","max-video-preview":"max-video-preview:-1"},"canonical":"https:\/\/generalovernight.ch\/it\/carriera\/","og_locale":"it_IT","og_type":"article","og_title":"Carriera - GO! Express &amp; Logistics","og_description":"Le carriere di GO! Tutto tranne_il solito Sono loro il cuore di GO! Express &amp; Logistics: i nostri dipendenti, i nostri subappaltatori e i loro autisti. Ogni volta che si spedisce un pacco o si ordina una soluzione logistica personalizzata, i nostri colleghi danno il massimo. Sia in background con la pianificazione, l&#8217;organizzazione, l&#8217;IT e [&hellip;]","og_url":"https:\/\/generalovernight.ch\/it\/carriera\/","og_site_name":"GO! Express &amp; Logistics","article_modified_time":"2025-03-21T20:02:56+00:00","og_image":[{"url":"https:\/\/p682793.webspaceconfig.de\/wp-content\/uploads\/2025\/01\/GO-Buero_Besprechung-3_900x602-811x608-1.jpg","type":"","width":"","height":""}],"twitter_card":"summary_large_image","twitter_misc":{"Tempo di lettura stimato":"2 minuti"},"schema":{"@context":"https:\/\/schema.org","@graph":[{"@type":"WebPage","@id":"https:\/\/generalovernight.ch\/it\/carriera\/","url":"https:\/\/generalovernight.ch\/it\/carriera\/","name":"Carriera - GO! Express &amp; Logistics","isPartOf":{"@id":"https:\/\/generalovernight.ch\/it\/#website"},"primaryImageOfPage":{"@id":"https:\/\/generalovernight.ch\/it\/carriera\/#primaryimage"},"image":{"@id":"https:\/\/generalovernight.ch\/it\/carriera\/#primaryimage"},"thumbnailUrl":"https:\/\/p682793.webspaceconfig.de\/wp-content\/uploads\/2025\/01\/GO-Buero_Besprechung-3_900x602-811x608-1.jpg","datePublished":"2024-12-16T15:59:07+00:00","dateModified":"2025-03-21T20:02:56+00:00","breadcrumb":{"@id":"https:\/\/generalovernight.ch\/it\/carriera\/#breadcrumb"},"inLanguage":"it-IT","potentialAction":[{"@type":"ReadAction","target":["https:\/\/generalovernight.ch\/it\/carriera\/"]}]},{"@type":"ImageObject","inLanguage":"it-IT","@id":"https:\/\/generalovernight.ch\/it\/carriera\/#primaryimage","url":"https:\/\/p682793.webspaceconfig.de\/wp-content\/uploads\/2025\/01\/GO-Buero_Besprechung-3_900x602-811x608-1.jpg","contentUrl":"https:\/\/p682793.webspaceconfig.de\/wp-content\/uploads\/2025\/01\/GO-Buero_Besprechung-3_900x602-811x608-1.jpg"},{"@type":"BreadcrumbList","@id":"https:\/\/generalovernight.ch\/it\/carriera\/#breadcrumb","itemListElement":[{"@type":"ListItem","position":1,"name":"Startseite","item":"https:\/\/generalovernight.ch\/it\/"},{"@type":"ListItem","position":2,"name":"Carriera"}]},{"@type":"WebSite","@id":"https:\/\/generalovernight.ch\/it\/#website","url":"https:\/\/generalovernight.ch\/it\/","name":"GO! Express &amp; Logistics","description":"","potentialAction":[{"@type":"SearchAction","target":{"@type":"EntryPoint","urlTemplate":"https:\/\/generalovernight.ch\/it\/?s={search_term_string}"},"query-input":{"@type":"PropertyValueSpecification","valueRequired":true,"valueName":"search_term_string"}}],"inLanguage":"it-IT"}]}},"_links":{"self":[{"href":"https:\/\/generalovernight.ch\/it\/wp-json\/wp\/v2\/pages\/9077","targetHints":{"allow":["GET"]}}],"collection":[{"href":"https:\/\/generalovernight.ch\/it\/wp-json\/wp\/v2\/pages"}],"about":[{"href":"https:\/\/generalovernight.ch\/it\/wp-json\/wp\/v2\/types\/page"}],"author":[{"embeddable":true,"href":"https:\/\/generalovernight.ch\/it\/wp-json\/wp\/v2\/users\/8"}],"replies":[{"embeddable":true,"href":"https:\/\/generalovernight.ch\/it\/wp-json\/wp\/v2\/comments?post=9077"}],"version-history":[{"count":2,"href":"https:\/\/generalovernight.ch\/it\/wp-json\/wp\/v2\/pages\/9077\/revisions"}],"predecessor-version":[{"id":9080,"href":"https:\/\/generalovernight.ch\/it\/wp-json\/wp\/v2\/pages\/9077\/revisions\/9080"}],"wp:attachment":[{"href":"https:\/\/generalovernight.ch\/it\/wp-json\/wp\/v2\/media?parent=9077"}],"curies":[{"name":"wp","href":"https:\/\/api.w.org\/{rel}","templated":true}]}}